{"id":3841278,"date":"2019-09-04T12:11:28","date_gmt":"2025-03-10T05:58:11","guid":{"rendered":"https:\/\/shop.diolosa.com\/product\/spray-chlodzacy-do-gardla\/"},"modified":"2025-05-20T13:20:12","modified_gmt":"2025-05-20T12:20:12","slug":"spray-chlodzacy-do-gardla","status":"publish","type":"product","link":"https:\/\/shop.diolosa.com\/pl\/product\/spray-chlodzacy-do-gardla\/","title":{"rendered":"Spray ch\u0142odz\u0105cy do gard\u0142a"},"content":{"rendered":"<p>CH\u0141ODZ\u0104CY SPRAY DO GARD\u0141A jest stosowany w leczeniu b\u00f3lu gard\u0142a, a zw\u0142aszcza ropnej anginy. Preparat ten rozprasza ciep\u0142o wiatru, oczyszcza p\u0142uca, oczyszcza gard\u0142o, usuwa toksyny ognia i \u0142agodzi b\u00f3l. THROAT COOLING DEW SPRAY powinien by\u0107 stosowany natychmiast wraz z THROAT COOLING DEW TABLETS i innymi preparatami WBL w du\u017cych dawkach, aby zapobiec przenikaniu toksyn ognia w g\u0142\u0105b cia\u0142a. Spray ten mo\u017ce by\u0107 stosowany kilka razy dziennie, a jego natychmiastowe dzia\u0142anie przeciwb\u00f3lowe i przeciwzapalne jest niezwyk\u0142e.<\/p>\n","protected":false},"excerpt":{"rendered":"<p>CH\u0141ODZ\u0104CY SPRAY DO GARD\u0141A jest stosowany w leczeniu b\u00f3lu gard\u0142a,  [&#8230;]<\/p>\n","protected":false},"featured_media":3841279,"template":"","meta":{"_acf_changed":false},"product_brand":[],"product_cat":[11771],"product_tag":[12374],"class_list":{"0":"post-3841278","1":"product","2":"type-product","3":"status-publish","4":"has-post-thumbnail","6":"product_cat-wen-bing-lun-pl","7":"product_tag-spray-na-bol-gardla","9":"first","10":"instock","11":"taxable","12":"shipping-taxable","13":"purchasable","14":"product-type-simple"},"acf":{"yn_product_audio":"https:\/\/shop.diolosa.com\/wp-content\/uploads\/2025\/02\/Throat-Cooling-Dew-Spray.m4a","yn_product_video":"https:\/\/shop.diolosa.com\/wp-content\/uploads\/2024\/03\/Throat-Cooling-Dew-TabletsSpray.mp4","yn_product_akupunktur":"<p>Ostre leczenie b\u00f3lu gard\u0142a<br \/>\np\u0142uca 11 &#8211; shao shang (jing) &#8211; xie fa &#8211; krwawienie<br \/>\nokr\u0119\u017cnica 1 &#8211; shang yang (jing) &#8211; xie fa &#8211; krwawienie<\/p>\n<p>Rozproszenie ciep\u0142a wiatru<br \/>\np\u0142uca 7 &#8211; lie que (luo, ren mai) &#8211; xie fa<br \/>\np\u0119cherz moczowy 12 &#8211; feng men (du mai) &#8211; xie fa<br \/>\np\u0119cherz moczowy 13 &#8211; fei shu &#8211; xie fa<br \/>\ndu mai 14 &#8211; da zhui (jezioro qi) &#8211; xie fa<br \/>\nsan chiao 5 &#8211; wai guan (yang wei mai, luo) &#8211; xie fa<br \/>\njelito grube 11 &#8211; qu chi (he &#8211; gui) &#8211; xie fa<\/p>\n<p>Ciep\u0142o p\u0142uc i krwi oczyszczaj\u0105<br \/>\np\u0142uca 10 &#8211; yu jin (ying) &#8211; xie fa<\/p>\n","yn_product_verabreichungsart":"Spray","yn_product_dosierung":"<p>Stosowa\u0107 kilka razy dziennie<\/p>\n","yn_product_combinations":"<p>CH\u0141ODZ\u0104CE TABLETKI DO GARD\u0141A (b\u00f3l gard\u0142a), ZIELONY EKRAN OCHRONNY WBL (grypa), CZERWONY EKRAN OCHRONNY WBL (zesp\u00f3\u0142 Qi i Ying Fen)<\/p>\n","yn_product_avoidable":"<p>Ostre przyprawy, alkohol, bia\u0142ko zwierz\u0119ce, kurczak, kapu\u015bniak, ser, papryka, czosnek, cebula, por, kolendra<\/p>\n","yn_product_tcm_mindmapping":"<p>Toksyny ciep\u0142a wiatru > Toksyny ciep\u0142a wilgoci Yang Ming > Toksyny ciep\u0142a wilgoci w obszarze krtani<\/p>\n","yn_product_tongue_body":"<p>P\u0142uco i pozycja OE: czerwonawe brodawki<\/p>\n","yn_product_tongue_coating":"<p>\u017b\u00f3\u0142tawy, cienki<\/p>\n","yn_product_pulse_diagnostics":"<p>P\u0142uca i pozycja OE: fu mai &#8211; powierzchowne, xian mai &#8211; napi\u0119te, shi mai &#8211; pe\u0142ne, shuo mai &#8211; szybkie, se mai &#8211; szorstkie<\/p>\n","yn_product_indications":"<p>Choroby Wen Bing Lun, choroby zaka\u017ane, gor\u0105czka, b\u00f3l gard\u0142a, angina ropna, zapalenie migda\u0142k\u00f3w<\/p>\n","yn_product_contra_indications":"<p>Wiatr, zimno i mokry PE, ten preparat nie jest odpowiedni na b\u00f3l gard\u0142a spowodowany wiatrem, zimnem lub b\u00f3lem gard\u0142a spowodowanym niedoborem Yin i pustym ciep\u0142em!<\/p>\n","yn_product_pregnancy":"<p>Dozwolone<\/p>\n","yn_product_herbs":"<p>bingpian &#8211; borneolum (dryobalanops aromitaca), isatidis radix &#8211; ban lan gen, isatidis tinctoriae herba &#8211; da qing ye<\/p>\n","yn_product_magisterrecipes":"<p>Pu Ji Xiao Du Yin, Yin Qiao San, Liu Shen Wan, Jie Geng Tang, Qing Yan Ning Fei Tang<\/p>\n"},"yoast_head":"<!-- This site is optimized with the Yoast SEO plugin v24.9 - https:\/\/yoast.com\/wordpress\/plugins\/seo\/ -->\n<title>Spray ch\u0142odz\u0105cy do gard\u0142a - Claude Diolosa<\/title>\n<meta name=\"robots\" content=\"index, follow, max-snippet:-1, max-image-preview:large, max-video-preview:-1\" \/>\n<link rel=\"canonical\" href=\"https:\/\/shop.diolosa.com\/pl\/product\/spray-chlodzacy-do-gardla\/\" \/>\n<meta property=\"og:locale\" content=\"pl_PL\" \/>\n<meta property=\"og:type\" content=\"article\" \/>\n<meta property=\"og:title\" content=\"Spray ch\u0142odz\u0105cy do gard\u0142a - Claude Diolosa\" \/>\n<meta property=\"og:description\" content=\"CH\u0141ODZ\u0104CY SPRAY DO GARD\u0141A jest stosowany w leczeniu b\u00f3lu gard\u0142a, [...]\" \/>\n<meta property=\"og:url\" content=\"https:\/\/shop.diolosa.com\/pl\/product\/spray-chlodzacy-do-gardla\/\" \/>\n<meta property=\"og:site_name\" content=\"Claude Diolosa\" \/>\n<meta property=\"article:publisher\" content=\"https:\/\/facebook.com\/claudediolosa\" \/>\n<meta property=\"article:modified_time\" content=\"2025-05-20T12:20:12+00:00\" \/>\n<meta property=\"og:image\" content=\"https:\/\/shop.diolosa.com\/wp-content\/uploads\/2019\/07\/DL_1017_Apotheke_IBK_Produkte.jpg\" \/>\n\t<meta property=\"og:image:width\" content=\"800\" \/>\n\t<meta property=\"og:image:height\" content=\"533\" \/>\n\t<meta property=\"og:image:type\" content=\"image\/jpeg\" \/>\n<meta name=\"twitter:card\" content=\"summary_large_image\" \/>\n<script type=\"application\/ld+json\" class=\"yoast-schema-graph\">{\"@context\":\"https:\/\/schema.org\",\"@graph\":[{\"@type\":\"WebPage\",\"@id\":\"https:\/\/shop.diolosa.com\/pl\/product\/spray-chlodzacy-do-gardla\/\",\"url\":\"https:\/\/shop.diolosa.com\/pl\/product\/spray-chlodzacy-do-gardla\/\",\"name\":\"Spray ch\u0142odz\u0105cy do gard\u0142a - Claude Diolosa\",\"isPartOf\":{\"@id\":\"https:\/\/shop.diolosa.com\/pl\/#website\"},\"primaryImageOfPage\":{\"@id\":\"https:\/\/shop.diolosa.com\/pl\/product\/spray-chlodzacy-do-gardla\/#primaryimage\"},\"image\":{\"@id\":\"https:\/\/shop.diolosa.com\/pl\/product\/spray-chlodzacy-do-gardla\/#primaryimage\"},\"thumbnailUrl\":\"https:\/\/shop.diolosa.com\/wp-content\/uploads\/2019\/07\/DL_1017_Apotheke_IBK_Produkte.jpg\",\"datePublished\":\"2025-03-10T05:58:11+00:00\",\"dateModified\":\"2025-05-20T12:20:12+00:00\",\"breadcrumb\":{\"@id\":\"https:\/\/shop.diolosa.com\/pl\/product\/spray-chlodzacy-do-gardla\/#breadcrumb\"},\"inLanguage\":\"pl-PL\",\"potentialAction\":[{\"@type\":\"ReadAction\",\"target\":[\"https:\/\/shop.diolosa.com\/pl\/product\/spray-chlodzacy-do-gardla\/\"]}]},{\"@type\":\"ImageObject\",\"inLanguage\":\"pl-PL\",\"@id\":\"https:\/\/shop.diolosa.com\/pl\/product\/spray-chlodzacy-do-gardla\/#primaryimage\",\"url\":\"https:\/\/shop.diolosa.com\/wp-content\/uploads\/2019\/07\/DL_1017_Apotheke_IBK_Produkte.jpg\",\"contentUrl\":\"https:\/\/shop.diolosa.com\/wp-content\/uploads\/2019\/07\/DL_1017_Apotheke_IBK_Produkte.jpg\",\"width\":800,\"height\":533},{\"@type\":\"BreadcrumbList\",\"@id\":\"https:\/\/shop.diolosa.com\/pl\/product\/spray-chlodzacy-do-gardla\/#breadcrumb\",\"itemListElement\":[{\"@type\":\"ListItem\",\"position\":1,\"name\":\"Startseite\",\"item\":\"https:\/\/shop.diolosa.com\/pl\/?page_id=3835710\"},{\"@type\":\"ListItem\",\"position\":2,\"name\":\"Sklep\",\"item\":\"https:\/\/shop.diolosa.com\/pl\/?page_id=3835710\"},{\"@type\":\"ListItem\",\"position\":3,\"name\":\"Spray ch\u0142odz\u0105cy do gard\u0142a\"}]},{\"@type\":\"WebSite\",\"@id\":\"https:\/\/shop.diolosa.com\/pl\/#website\",\"url\":\"https:\/\/shop.diolosa.com\/pl\/\",\"name\":\"Claude Diolosa\",\"description\":\"\",\"publisher\":{\"@id\":\"https:\/\/shop.diolosa.com\/pl\/#organization\"},\"potentialAction\":[{\"@type\":\"SearchAction\",\"target\":{\"@type\":\"EntryPoint\",\"urlTemplate\":\"https:\/\/shop.diolosa.com\/pl\/?s={search_term_string}\"},\"query-input\":{\"@type\":\"PropertyValueSpecification\",\"valueRequired\":true,\"valueName\":\"search_term_string\"}}],\"inLanguage\":\"pl-PL\"},{\"@type\":\"Organization\",\"@id\":\"https:\/\/shop.diolosa.com\/pl\/#organization\",\"name\":\"Claude Diolosa\",\"url\":\"https:\/\/shop.diolosa.com\/pl\/\",\"logo\":{\"@type\":\"ImageObject\",\"inLanguage\":\"pl-PL\",\"@id\":\"https:\/\/shop.diolosa.com\/pl\/#\/schema\/logo\/image\/\",\"url\":\"https:\/\/shop.diolosa.com\/wp-content\/uploads\/2019\/08\/diolosa-drop-logo-new.png\",\"contentUrl\":\"https:\/\/shop.diolosa.com\/wp-content\/uploads\/2019\/08\/diolosa-drop-logo-new.png\",\"width\":134,\"height\":176,\"caption\":\"Claude Diolosa\"},\"image\":{\"@id\":\"https:\/\/shop.diolosa.com\/pl\/#\/schema\/logo\/image\/\"},\"sameAs\":[\"https:\/\/facebook.com\/claudediolosa\",\"https:\/\/www.instagram.com\/diolosaclaude108\/\"]}]}<\/script>\n<!-- \/ Yoast SEO plugin. -->","yoast_head_json":{"title":"Spray ch\u0142odz\u0105cy do gard\u0142a - Claude Diolosa","robots":{"index":"index","follow":"follow","max-snippet":"max-snippet:-1","max-image-preview":"max-image-preview:large","max-video-preview":"max-video-preview:-1"},"canonical":"https:\/\/shop.diolosa.com\/pl\/product\/spray-chlodzacy-do-gardla\/","og_locale":"pl_PL","og_type":"article","og_title":"Spray ch\u0142odz\u0105cy do gard\u0142a - Claude Diolosa","og_description":"CH\u0141ODZ\u0104CY SPRAY DO GARD\u0141A jest stosowany w leczeniu b\u00f3lu gard\u0142a, [...]","og_url":"https:\/\/shop.diolosa.com\/pl\/product\/spray-chlodzacy-do-gardla\/","og_site_name":"Claude Diolosa","article_publisher":"https:\/\/facebook.com\/claudediolosa","article_modified_time":"2025-05-20T12:20:12+00:00","og_image":[{"width":800,"height":533,"url":"https:\/\/shop.diolosa.com\/wp-content\/uploads\/2019\/07\/DL_1017_Apotheke_IBK_Produkte.jpg","type":"image\/jpeg"}],"twitter_card":"summary_large_image","schema":{"@context":"https:\/\/schema.org","@graph":[{"@type":"WebPage","@id":"https:\/\/shop.diolosa.com\/pl\/product\/spray-chlodzacy-do-gardla\/","url":"https:\/\/shop.diolosa.com\/pl\/product\/spray-chlodzacy-do-gardla\/","name":"Spray ch\u0142odz\u0105cy do gard\u0142a - Claude Diolosa","isPartOf":{"@id":"https:\/\/shop.diolosa.com\/pl\/#website"},"primaryImageOfPage":{"@id":"https:\/\/shop.diolosa.com\/pl\/product\/spray-chlodzacy-do-gardla\/#primaryimage"},"image":{"@id":"https:\/\/shop.diolosa.com\/pl\/product\/spray-chlodzacy-do-gardla\/#primaryimage"},"thumbnailUrl":"https:\/\/shop.diolosa.com\/wp-content\/uploads\/2019\/07\/DL_1017_Apotheke_IBK_Produkte.jpg","datePublished":"2025-03-10T05:58:11+00:00","dateModified":"2025-05-20T12:20:12+00:00","breadcrumb":{"@id":"https:\/\/shop.diolosa.com\/pl\/product\/spray-chlodzacy-do-gardla\/#breadcrumb"},"inLanguage":"pl-PL","potentialAction":[{"@type":"ReadAction","target":["https:\/\/shop.diolosa.com\/pl\/product\/spray-chlodzacy-do-gardla\/"]}]},{"@type":"ImageObject","inLanguage":"pl-PL","@id":"https:\/\/shop.diolosa.com\/pl\/product\/spray-chlodzacy-do-gardla\/#primaryimage","url":"https:\/\/shop.diolosa.com\/wp-content\/uploads\/2019\/07\/DL_1017_Apotheke_IBK_Produkte.jpg","contentUrl":"https:\/\/shop.diolosa.com\/wp-content\/uploads\/2019\/07\/DL_1017_Apotheke_IBK_Produkte.jpg","width":800,"height":533},{"@type":"BreadcrumbList","@id":"https:\/\/shop.diolosa.com\/pl\/product\/spray-chlodzacy-do-gardla\/#breadcrumb","itemListElement":[{"@type":"ListItem","position":1,"name":"Startseite","item":"https:\/\/shop.diolosa.com\/pl\/?page_id=3835710"},{"@type":"ListItem","position":2,"name":"Sklep","item":"https:\/\/shop.diolosa.com\/pl\/?page_id=3835710"},{"@type":"ListItem","position":3,"name":"Spray ch\u0142odz\u0105cy do gard\u0142a"}]},{"@type":"WebSite","@id":"https:\/\/shop.diolosa.com\/pl\/#website","url":"https:\/\/shop.diolosa.com\/pl\/","name":"Claude Diolosa","description":"","publisher":{"@id":"https:\/\/shop.diolosa.com\/pl\/#organization"},"potentialAction":[{"@type":"SearchAction","target":{"@type":"EntryPoint","urlTemplate":"https:\/\/shop.diolosa.com\/pl\/?s={search_term_string}"},"query-input":{"@type":"PropertyValueSpecification","valueRequired":true,"valueName":"search_term_string"}}],"inLanguage":"pl-PL"},{"@type":"Organization","@id":"https:\/\/shop.diolosa.com\/pl\/#organization","name":"Claude Diolosa","url":"https:\/\/shop.diolosa.com\/pl\/","logo":{"@type":"ImageObject","inLanguage":"pl-PL","@id":"https:\/\/shop.diolosa.com\/pl\/#\/schema\/logo\/image\/","url":"https:\/\/shop.diolosa.com\/wp-content\/uploads\/2019\/08\/diolosa-drop-logo-new.png","contentUrl":"https:\/\/shop.diolosa.com\/wp-content\/uploads\/2019\/08\/diolosa-drop-logo-new.png","width":134,"height":176,"caption":"Claude Diolosa"},"image":{"@id":"https:\/\/shop.diolosa.com\/pl\/#\/schema\/logo\/image\/"},"sameAs":["https:\/\/facebook.com\/claudediolosa","https:\/\/www.instagram.com\/diolosaclaude108\/"]}]}},"_links":{"self":[{"href":"https:\/\/shop.diolosa.com\/pl\/wp-json\/wp\/v2\/product\/3841278","targetHints":{"allow":["GET"]}}],"collection":[{"href":"https:\/\/shop.diolosa.com\/pl\/wp-json\/wp\/v2\/product"}],"about":[{"href":"https:\/\/shop.diolosa.com\/pl\/wp-json\/wp\/v2\/types\/product"}],"wp:featuredmedia":[{"embeddable":true,"href":"https:\/\/shop.diolosa.com\/pl\/wp-json\/wp\/v2\/media\/3841279"}],"wp:attachment":[{"href":"https:\/\/shop.diolosa.com\/pl\/wp-json\/wp\/v2\/media?parent=3841278"}],"wp:term":[{"taxonomy":"product_brand","embeddable":true,"href":"https:\/\/shop.diolosa.com\/pl\/wp-json\/wp\/v2\/product_brand?post=3841278"},{"taxonomy":"product_cat","embeddable":true,"href":"https:\/\/shop.diolosa.com\/pl\/wp-json\/wp\/v2\/product_cat?post=3841278"},{"taxonomy":"product_tag","embeddable":true,"href":"https:\/\/shop.diolosa.com\/pl\/wp-json\/wp\/v2\/product_tag?post=3841278"}],"curies":[{"name":"wp","href":"https:\/\/api.w.org\/{rel}","templated":true}]}}