{"id":3841280,"date":"2019-09-04T12:11:28","date_gmt":"2025-03-10T05:58:12","guid":{"rendered":"https:\/\/shop.diolosa.com\/product\/wbl-inhalacja-45g\/"},"modified":"2025-05-06T15:18:40","modified_gmt":"2025-05-06T14:18:40","slug":"wbl-inhalacja-45g","status":"publish","type":"product","link":"https:\/\/shop.diolosa.com\/pl\/product\/wbl-inhalacja-45g\/","title":{"rendered":"WBL Inhalacja &#8211; 45g"},"content":{"rendered":"<p>Zio\u0142a te s\u0105 stosowane w postaci inhalacji w leczeniu dolegliwo\u015bci p\u0142ucnych z napadami kaszlu. Preparat ten przede wszystkim odci\u0105\u017ca p\u0142uca, ma dzia\u0142anie wykrztu\u015bne i \u0142agodzi napady kaszlu. WBL GREEN PROTECTION STEAM nale\u017cy wdycha\u0107 co najmniej 3 razy dziennie i \u0142\u0105czy\u0107 z granulkami WBL GREEN PROTECTION SCREEN. Ta mieszanka do inhalacji mo\u017ce by\u0107 \u0142\u0105czona ze wszystkimi innymi preparatami Wen Bing Lun (WBL).<\/p>\n","protected":false},"excerpt":{"rendered":"<p>Zio\u0142a te s\u0105 stosowane w postaci inhalacji w leczeniu dolegliwo\u015bci  [&#8230;]<\/p>\n","protected":false},"featured_media":3841282,"template":"","meta":{"_acf_changed":false},"product_brand":[],"product_cat":[11771],"product_tag":[12375],"class_list":{"0":"post-3841280","1":"product","2":"type-product","3":"status-publish","4":"has-post-thumbnail","6":"product_cat-wen-bing-lun-pl","7":"product_tag-grypa-wei-fen-wdychanie","9":"first","10":"instock","11":"taxable","12":"shipping-taxable","13":"purchasable","14":"product-type-simple"},"acf":{"yn_product_audio":"https:\/\/shop.diolosa.com\/wp-content\/uploads\/2018\/12\/DL_0827.mp3","yn_product_video":"","yn_product_akupunktur":"<p>Ostre leczenie &#8211; infekcja grypopodobna  <\/p>\n<p>Rozproszenie ciep\u0142a wiatru &#8211; ig\u0142owanie i gua sha<br \/>\ndu mai 12 &#8211; shen zhu &#8211; xie fa<br \/>\nba\u0144ka 13 &#8211; fei shu &#8211; xie fa<br \/>\nworeczek \u017c\u00f3\u0142ciowy 20 &#8211; feng chi (san chiao, yang wei mai) &#8211; xie fa  <\/p>\n<p>Obni\u017cenie gor\u0105czki<br \/>\n\u017co\u0142\u0105dek 44 &#8211; nei ting (ying) &#8211; xie fa<br \/>\njelito grube 11 &#8211; qu chi &#8211; gui tui (he &#8211; gui) &#8211; xie fa<br \/>\ndu mai 14 &#8211; da zhui (jezioro qi) &#8211; xie fa<br \/>\njelito cienkie 3 &#8211; hou xi (shu, du mai) &#8211; xie fa  <\/p>\n<p>Qi dolnej cz\u0119\u015bci p\u0142uc<br \/>\nwypady 7 &#8211; lie que (luo, ren mai) &#8211; xie fa  <\/p>\n<p>odprowadzanie flegmy z p\u0142uc i obni\u017cenie qi p\u0142uc<br \/>\np\u0142uca 9 &#8211; tai yuan &#8211; gui xin (shu, yuan, ba hui xue, gui) &#8211; xie fa<br \/>\nkr\u0105\u017cenie 6 &#8211; nei guan (luo, yin wei mai) &#8211; xie fa<\/p>\n<p>Oczyszczenie p\u0142uc i gard\u0142a<br \/>\np\u0142uco 10 &#8211; yu jin (ying) &#8211; xie fa<br \/>\np\u0142uco 11 &#8211; shao shang &#8211; gui xin (jing, gui &#8211; xie fa<\/p>\n<p>Otwarte uszy i nos<br \/>\nsan chiao 5 &#8211; wai guan (yang wei mai, luo) &#8211; xie fa<br \/>\njelito grube 20 &#8211; ying xiang &#8211; xie fa<br \/>\nyin tang &#8211; M-HN-3 &#8211; xie fa<br \/>\np\u0119cherz 2 &#8211; cuan zhu &#8211; xie fa<\/p>\n<p>Dalekie punkty twarzy<br \/>\njelito grube 4 &#8211; he gu (yuan) &#8211; xie fa<br \/>\njelito grube 11 &#8211; qu chi (he &#8211; gui) &#8211; xie fa<\/p>\n","yn_product_verabreichungsart":"Surowe narkotyki 45g","yn_product_dosierung":"<p>1 \u0142y\u017ck\u0119 sto\u0142ow\u0105 zala\u0107 gor\u0105c\u0105 wod\u0105 i wdycha\u0107, powtarza\u0107 kilka razy dziennie.<\/p>\n","yn_product_combinations":"<p>WBL ZIELONY EKRAN OCHRONNY (grypa), WBL CZERWONY EKRAN OCHRONNY (zesp\u00f3\u0142 Qi \/Ying Fen), WBL FIOLETOWY EKRAN OCHRONNY (zesp\u00f3\u0142 Xue Fen), CH\u0141ODZ\u0104CY OGIE\u0143 (zapalenie zatok), CH\u0141ODZ\u0104CY DESZCZ Z GARD\u0141A (b\u00f3l gard\u0142a)<\/p>\n","yn_product_avoidable":"<p>Soki owocowe, sok pomara\u0144czowy, owoce tropikalne, owoce cytrusowe, produkty mleczne, ser, bia\u0142ko zwierz\u0119ce, surowe warzywa.<\/p>\n","yn_product_tcm_mindmapping":"<p>Ciep\u0142o wiatru > Przekrwienie Qi p\u0142uc > Buntownicza Qi p\u0142uc > Napady kaszlu > Niedob\u00f3r Yin p\u0142uc > Uporczywe ciep\u0142o flegmy<\/p>\n","yn_product_tongue_body":"<p>Czerwonawe, czerwonawe brodawki na czubku j\u0119zyka<\/p>\n","yn_product_tongue_coating":"<p>Cienki i \u017c\u00f3\u0142tawy<\/p>\n","yn_product_pulse_diagnostics":"<p>P\u0142uco i g\u00f3rna cieplejsza pozycja: fu mai &#8211; powierzchowna, xian mai &#8211; napi\u0119ta, shi mai &#8211; pe\u0142na, shuo mai &#8211; szybka.<\/p>\n","yn_product_indications":"<p>Napady suchego kaszlu, chrypka, sucho\u015b\u0107 b\u0142on \u015bluzowych<\/p>\n","yn_product_contra_indications":"<p>Zimny \u015bluz w p\u0142ucach<\/p>\n","yn_product_pregnancy":"<p>Dozwolone<\/p>\n","yn_product_herbs":"<p>mori folium &#8211; sang ye, menthae haplocalycis herba &#8211; bo he, borneolum (dryobalanops aromitaca) &#8211; bing pian, lonicerae japonicae flos &#8211; jin yin hua, Houttuyniae herba &#8211; yu xing cao<\/p>\n","yn_product_magisterrecipes":"<p>Sang Ju Yin, Yin Qiao San<\/p>\n"},"yoast_head":"<!-- This site is optimized with the Yoast SEO plugin v24.9 - https:\/\/yoast.com\/wordpress\/plugins\/seo\/ -->\n<title>WBL Inhalacja - 45g - Claude Diolosa<\/title>\n<meta name=\"robots\" content=\"index, follow, max-snippet:-1, max-image-preview:large, max-video-preview:-1\" \/>\n<link rel=\"canonical\" href=\"https:\/\/shop.diolosa.com\/pl\/product\/wbl-inhalacja-45g\/\" \/>\n<meta property=\"og:locale\" content=\"pl_PL\" \/>\n<meta property=\"og:type\" content=\"article\" \/>\n<meta property=\"og:title\" content=\"WBL Inhalacja - 45g - Claude Diolosa\" \/>\n<meta property=\"og:description\" content=\"Zio\u0142a te s\u0105 stosowane w postaci inhalacji w leczeniu dolegliwo\u015bci [...]\" \/>\n<meta property=\"og:url\" content=\"https:\/\/shop.diolosa.com\/pl\/product\/wbl-inhalacja-45g\/\" \/>\n<meta property=\"og:site_name\" content=\"Claude Diolosa\" \/>\n<meta property=\"article:publisher\" content=\"https:\/\/facebook.com\/claudediolosa\" \/>\n<meta property=\"article:modified_time\" content=\"2025-05-06T14:18:40+00:00\" \/>\n<meta property=\"og:image\" content=\"https:\/\/shop.diolosa.com\/wp-content\/uploads\/2019\/09\/DL_827_Apotheke_IBK_Produkte.jpg\" \/>\n\t<meta property=\"og:image:width\" content=\"800\" \/>\n\t<meta property=\"og:image:height\" content=\"533\" \/>\n\t<meta property=\"og:image:type\" content=\"image\/jpeg\" \/>\n<meta name=\"twitter:card\" content=\"summary_large_image\" \/>\n<script type=\"application\/ld+json\" class=\"yoast-schema-graph\">{\"@context\":\"https:\/\/schema.org\",\"@graph\":[{\"@type\":\"WebPage\",\"@id\":\"https:\/\/shop.diolosa.com\/pl\/product\/wbl-inhalacja-45g\/\",\"url\":\"https:\/\/shop.diolosa.com\/pl\/product\/wbl-inhalacja-45g\/\",\"name\":\"WBL Inhalacja - 45g - Claude Diolosa\",\"isPartOf\":{\"@id\":\"https:\/\/shop.diolosa.com\/pl\/#website\"},\"primaryImageOfPage\":{\"@id\":\"https:\/\/shop.diolosa.com\/pl\/product\/wbl-inhalacja-45g\/#primaryimage\"},\"image\":{\"@id\":\"https:\/\/shop.diolosa.com\/pl\/product\/wbl-inhalacja-45g\/#primaryimage\"},\"thumbnailUrl\":\"https:\/\/shop.diolosa.com\/wp-content\/uploads\/2019\/09\/DL_827_Apotheke_IBK_Produkte.jpg\",\"datePublished\":\"2025-03-10T05:58:12+00:00\",\"dateModified\":\"2025-05-06T14:18:40+00:00\",\"breadcrumb\":{\"@id\":\"https:\/\/shop.diolosa.com\/pl\/product\/wbl-inhalacja-45g\/#breadcrumb\"},\"inLanguage\":\"pl-PL\",\"potentialAction\":[{\"@type\":\"ReadAction\",\"target\":[\"https:\/\/shop.diolosa.com\/pl\/product\/wbl-inhalacja-45g\/\"]}]},{\"@type\":\"ImageObject\",\"inLanguage\":\"pl-PL\",\"@id\":\"https:\/\/shop.diolosa.com\/pl\/product\/wbl-inhalacja-45g\/#primaryimage\",\"url\":\"https:\/\/shop.diolosa.com\/wp-content\/uploads\/2019\/09\/DL_827_Apotheke_IBK_Produkte.jpg\",\"contentUrl\":\"https:\/\/shop.diolosa.com\/wp-content\/uploads\/2019\/09\/DL_827_Apotheke_IBK_Produkte.jpg\",\"width\":800,\"height\":533},{\"@type\":\"BreadcrumbList\",\"@id\":\"https:\/\/shop.diolosa.com\/pl\/product\/wbl-inhalacja-45g\/#breadcrumb\",\"itemListElement\":[{\"@type\":\"ListItem\",\"position\":1,\"name\":\"Startseite\",\"item\":\"https:\/\/shop.diolosa.com\/pl\/?page_id=3835710\"},{\"@type\":\"ListItem\",\"position\":2,\"name\":\"Sklep\",\"item\":\"https:\/\/shop.diolosa.com\/pl\/?page_id=3835710\"},{\"@type\":\"ListItem\",\"position\":3,\"name\":\"WBL Inhalacja &#8211; 45g\"}]},{\"@type\":\"WebSite\",\"@id\":\"https:\/\/shop.diolosa.com\/pl\/#website\",\"url\":\"https:\/\/shop.diolosa.com\/pl\/\",\"name\":\"Claude Diolosa\",\"description\":\"\",\"publisher\":{\"@id\":\"https:\/\/shop.diolosa.com\/pl\/#organization\"},\"potentialAction\":[{\"@type\":\"SearchAction\",\"target\":{\"@type\":\"EntryPoint\",\"urlTemplate\":\"https:\/\/shop.diolosa.com\/pl\/?s={search_term_string}\"},\"query-input\":{\"@type\":\"PropertyValueSpecification\",\"valueRequired\":true,\"valueName\":\"search_term_string\"}}],\"inLanguage\":\"pl-PL\"},{\"@type\":\"Organization\",\"@id\":\"https:\/\/shop.diolosa.com\/pl\/#organization\",\"name\":\"Claude Diolosa\",\"url\":\"https:\/\/shop.diolosa.com\/pl\/\",\"logo\":{\"@type\":\"ImageObject\",\"inLanguage\":\"pl-PL\",\"@id\":\"https:\/\/shop.diolosa.com\/pl\/#\/schema\/logo\/image\/\",\"url\":\"https:\/\/shop.diolosa.com\/wp-content\/uploads\/2019\/08\/diolosa-drop-logo-new.png\",\"contentUrl\":\"https:\/\/shop.diolosa.com\/wp-content\/uploads\/2019\/08\/diolosa-drop-logo-new.png\",\"width\":134,\"height\":176,\"caption\":\"Claude Diolosa\"},\"image\":{\"@id\":\"https:\/\/shop.diolosa.com\/pl\/#\/schema\/logo\/image\/\"},\"sameAs\":[\"https:\/\/facebook.com\/claudediolosa\",\"https:\/\/www.instagram.com\/diolosaclaude108\/\"]}]}<\/script>\n<!-- \/ Yoast SEO plugin. -->","yoast_head_json":{"title":"WBL Inhalacja - 45g - Claude Diolosa","robots":{"index":"index","follow":"follow","max-snippet":"max-snippet:-1","max-image-preview":"max-image-preview:large","max-video-preview":"max-video-preview:-1"},"canonical":"https:\/\/shop.diolosa.com\/pl\/product\/wbl-inhalacja-45g\/","og_locale":"pl_PL","og_type":"article","og_title":"WBL Inhalacja - 45g - Claude Diolosa","og_description":"Zio\u0142a te s\u0105 stosowane w postaci inhalacji w leczeniu dolegliwo\u015bci [...]","og_url":"https:\/\/shop.diolosa.com\/pl\/product\/wbl-inhalacja-45g\/","og_site_name":"Claude Diolosa","article_publisher":"https:\/\/facebook.com\/claudediolosa","article_modified_time":"2025-05-06T14:18:40+00:00","og_image":[{"width":800,"height":533,"url":"https:\/\/shop.diolosa.com\/wp-content\/uploads\/2019\/09\/DL_827_Apotheke_IBK_Produkte.jpg","type":"image\/jpeg"}],"twitter_card":"summary_large_image","schema":{"@context":"https:\/\/schema.org","@graph":[{"@type":"WebPage","@id":"https:\/\/shop.diolosa.com\/pl\/product\/wbl-inhalacja-45g\/","url":"https:\/\/shop.diolosa.com\/pl\/product\/wbl-inhalacja-45g\/","name":"WBL Inhalacja - 45g - Claude Diolosa","isPartOf":{"@id":"https:\/\/shop.diolosa.com\/pl\/#website"},"primaryImageOfPage":{"@id":"https:\/\/shop.diolosa.com\/pl\/product\/wbl-inhalacja-45g\/#primaryimage"},"image":{"@id":"https:\/\/shop.diolosa.com\/pl\/product\/wbl-inhalacja-45g\/#primaryimage"},"thumbnailUrl":"https:\/\/shop.diolosa.com\/wp-content\/uploads\/2019\/09\/DL_827_Apotheke_IBK_Produkte.jpg","datePublished":"2025-03-10T05:58:12+00:00","dateModified":"2025-05-06T14:18:40+00:00","breadcrumb":{"@id":"https:\/\/shop.diolosa.com\/pl\/product\/wbl-inhalacja-45g\/#breadcrumb"},"inLanguage":"pl-PL","potentialAction":[{"@type":"ReadAction","target":["https:\/\/shop.diolosa.com\/pl\/product\/wbl-inhalacja-45g\/"]}]},{"@type":"ImageObject","inLanguage":"pl-PL","@id":"https:\/\/shop.diolosa.com\/pl\/product\/wbl-inhalacja-45g\/#primaryimage","url":"https:\/\/shop.diolosa.com\/wp-content\/uploads\/2019\/09\/DL_827_Apotheke_IBK_Produkte.jpg","contentUrl":"https:\/\/shop.diolosa.com\/wp-content\/uploads\/2019\/09\/DL_827_Apotheke_IBK_Produkte.jpg","width":800,"height":533},{"@type":"BreadcrumbList","@id":"https:\/\/shop.diolosa.com\/pl\/product\/wbl-inhalacja-45g\/#breadcrumb","itemListElement":[{"@type":"ListItem","position":1,"name":"Startseite","item":"https:\/\/shop.diolosa.com\/pl\/?page_id=3835710"},{"@type":"ListItem","position":2,"name":"Sklep","item":"https:\/\/shop.diolosa.com\/pl\/?page_id=3835710"},{"@type":"ListItem","position":3,"name":"WBL Inhalacja &#8211; 45g"}]},{"@type":"WebSite","@id":"https:\/\/shop.diolosa.com\/pl\/#website","url":"https:\/\/shop.diolosa.com\/pl\/","name":"Claude Diolosa","description":"","publisher":{"@id":"https:\/\/shop.diolosa.com\/pl\/#organization"},"potentialAction":[{"@type":"SearchAction","target":{"@type":"EntryPoint","urlTemplate":"https:\/\/shop.diolosa.com\/pl\/?s={search_term_string}"},"query-input":{"@type":"PropertyValueSpecification","valueRequired":true,"valueName":"search_term_string"}}],"inLanguage":"pl-PL"},{"@type":"Organization","@id":"https:\/\/shop.diolosa.com\/pl\/#organization","name":"Claude Diolosa","url":"https:\/\/shop.diolosa.com\/pl\/","logo":{"@type":"ImageObject","inLanguage":"pl-PL","@id":"https:\/\/shop.diolosa.com\/pl\/#\/schema\/logo\/image\/","url":"https:\/\/shop.diolosa.com\/wp-content\/uploads\/2019\/08\/diolosa-drop-logo-new.png","contentUrl":"https:\/\/shop.diolosa.com\/wp-content\/uploads\/2019\/08\/diolosa-drop-logo-new.png","width":134,"height":176,"caption":"Claude Diolosa"},"image":{"@id":"https:\/\/shop.diolosa.com\/pl\/#\/schema\/logo\/image\/"},"sameAs":["https:\/\/facebook.com\/claudediolosa","https:\/\/www.instagram.com\/diolosaclaude108\/"]}]}},"_links":{"self":[{"href":"https:\/\/shop.diolosa.com\/pl\/wp-json\/wp\/v2\/product\/3841280","targetHints":{"allow":["GET"]}}],"collection":[{"href":"https:\/\/shop.diolosa.com\/pl\/wp-json\/wp\/v2\/product"}],"about":[{"href":"https:\/\/shop.diolosa.com\/pl\/wp-json\/wp\/v2\/types\/product"}],"wp:featuredmedia":[{"embeddable":true,"href":"https:\/\/shop.diolosa.com\/pl\/wp-json\/wp\/v2\/media\/3841282"}],"wp:attachment":[{"href":"https:\/\/shop.diolosa.com\/pl\/wp-json\/wp\/v2\/media?parent=3841280"}],"wp:term":[{"taxonomy":"product_brand","embeddable":true,"href":"https:\/\/shop.diolosa.com\/pl\/wp-json\/wp\/v2\/product_brand?post=3841280"},{"taxonomy":"product_cat","embeddable":true,"href":"https:\/\/shop.diolosa.com\/pl\/wp-json\/wp\/v2\/product_cat?post=3841280"},{"taxonomy":"product_tag","embeddable":true,"href":"https:\/\/shop.diolosa.com\/pl\/wp-json\/wp\/v2\/product_tag?post=3841280"}],"curies":[{"name":"wp","href":"https:\/\/api.w.org\/{rel}","templated":true}]}}