{"id":3841284,"date":"2019-09-04T12:11:28","date_gmt":"2025-03-10T05:58:13","guid":{"rendered":"https:\/\/shop.diolosa.com\/product\/czarna-korona\/"},"modified":"2025-05-31T12:56:55","modified_gmt":"2025-05-31T11:56:55","slug":"czarna-korona","status":"publish","type":"product","link":"https:\/\/shop.diolosa.com\/pl\/product\/czarna-korona\/","title":{"rendered":"Czarna korona"},"content":{"rendered":"<p>BLACK CROWN to specjalnie opracowana kuracja zwalczaj\u0105ca r\u00f3\u017cne rodzaje wypadania w\u0142os\u00f3w, w tym te, kt\u00f3re wyst\u0119puj\u0105 jako p\u00f3\u017ana konsekwencja chemioterapii, a tak\u017ce \u0142ysienie plackowate. Ten wyj\u0105tkowy produkt odgrywa kluczow\u0105 rol\u0119 w od\u017cywianiu esencji nerek, znanej jako JING, kt\u00f3ra jest niezb\u0119dna do utrzymania dobrego og\u00f3lnego stanu zdrowia i prawid\u0142owego funkcjonowania wa\u017cnych narz\u0105d\u00f3w. Ponadto BLACK CROWN wspomaga r\u00f3wnie\u017c kr\u0105\u017cenie krwi w w\u0105trobie i sercu, co pomaga poprawi\u0107 witalno\u015b\u0107 fizyczn\u0105 i psychiczn\u0105, jednocze\u015bnie od\u017cywiaj\u0105c mieszki w\u0142osowe niezb\u0119dnymi sk\u0142adnikami od\u017cywczymi. Ponadto zabieg ten otwiera naczynia Luo, umo\u017cliwiaj\u0105c lepsz\u0105 cyrkulacj\u0119 energii w ciele i zapobiegaj\u0105c wewn\u0119trznym wiatrom, kt\u00f3re mog\u0105 powodowa\u0107 brak r\u00f3wnowagi na sk\u00f3rze g\u0142owy. Efekt ten nie tylko poprawia og\u00f3ln\u0105 kondycj\u0119 w\u0142os\u00f3w, ale tak\u017ce przynosi trwa\u0142e dobre samopoczucie ca\u0142emu organizmowi. Dzi\u0119ki swoim wyj\u0105tkowym w\u0142a\u015bciwo\u015bciom rewitalizuj\u0105cym i r\u00f3wnowa\u017c\u0105cym, BLACK CROWN okazuje si\u0119 by\u0107 cennym sprzymierze\u0144cem dla tych, kt\u00f3rzy chc\u0105 przywr\u00f3ci\u0107 blask swoim w\u0142osom, jednocze\u015bnie wzmacniaj\u0105c ich og\u00f3lne samopoczucie i promuj\u0105c holistyczne podej\u015bcie do zdrowia w\u0142os\u00f3w.<\/p>\n","protected":false},"excerpt":{"rendered":"<p>BLACK CROWN to specjalnie opracowana kuracja zwalczaj\u0105ca r\u00f3\u017cne rodzaje wypadania  [&#8230;]<\/p>\n","protected":false},"featured_media":3835943,"template":"","meta":{"_acf_changed":false},"product_brand":[],"product_cat":[11813],"product_tag":[12378],"class_list":{"0":"post-3841284","1":"product","2":"type-product","3":"status-publish","4":"has-post-thumbnail","6":"product_cat-dermatologia","7":"product_tag-wypadanie-wlosow-granulki","9":"first","10":"instock","11":"taxable","12":"shipping-taxable","13":"purchasable","14":"product-type-simple"},"acf":{"yn_product_audio":"https:\/\/shop.diolosa.com\/wp-content\/uploads\/2018\/12\/DL_0289.mp3","yn_product_video":"https:\/\/shop.diolosa.com\/wp-content\/uploads\/2024\/03\/Black-Crown-.mp4","yn_product_akupunktur":"<p>Miejscowe ig\u0142owanie, akupunktura kwiatem \u015bliwy<\/p>\n<p>Od\u017cywiaj\u0105 krew w\u0105troby i nerki Jing<br \/>\nw\u0105troba 8 &#8211; qu quan (he) &#8211; bu fa<br \/>\nnerka 10 &#8211; yin gu (on) &#8211; bu fa<br \/>\nbubble 23 &#8211; shen shu &#8211; bu fa<br \/>\nnerka 3 &#8211; tai xi (shu,yuan) &#8211; bu fa<br \/>\nworeczek \u017c\u00f3\u0142ciowy 39 &#8211; xuan zhong &#8211; jue gu (mark) &#8211; bu fa<br \/>\nbubble 43 &#8211; gao huang shu (qi, xue, jinye, yin, yang) &#8211; bu fa<br \/>\n\u017co\u0142\u0105dek 36 &#8211; sou san li (shu, xia he xue &#8211; \u017co\u0142\u0105dek, si hai xue, si zhong xue) &#8211; bu fa<br \/>\n\u015bledziona 6 &#8211; san yin jiao (le,ni,mb) &#8211; bu fa<br \/>\n\u015bledziona 3 &#8211; tai bai (shu, yuan) &#8211; bu fa<br \/>\n\u017co\u0142\u0105dek 40 &#8211; feng long (luo) &#8211; xie fa<\/p>\n","yn_product_verabreichungsart":"Pelety 140szt.","yn_product_dosierung":"<p>Przyjmowa\u0107 3 x 4 do 10 tabletek dziennie, zawsze przed posi\u0142kami, razem z herbat\u0105 San Bao, czas trwania terapii 9 do 12 miesi\u0119cy.<\/p>\n","yn_product_combinations":"<p>DAKINI&#8217;S HAIR WATER (woda do w\u0142os\u00f3w), IRON DROPS (anemia), YIN ROOT i SAN BAO TEA (niedob\u00f3r Qi i Jing w nerkach), YANG ROOT i RINCHEN TEA (niedob\u00f3r Yang i Jing w nerkach), DEEP SLEEP FORTE i GOOD DREAMS TEA (bezsenno\u015b\u0107), HAPPY DAYS (stres), BURNOUT RELIEF (zesp\u00f3\u0142 wypalenia zawodowego).<\/p>\n","yn_product_avoidable":"<p>Zimne napoje i \u017cywno\u015b\u0107, sa\u0142ata, pomidory, og\u00f3rek, kawa, czarna herbata, jogurt, owoce tropikalne<\/p>\n","yn_product_tcm_mindmapping":"<p>Niedob\u00f3r Qi \u015bledziony > Wilgo\u0107 jelita grubego > Niedob\u00f3r Jing nerek > Niedob\u00f3r krwi w\u0105troby i serca > Wilgo\u0107 sk\u00f3ry g\u0142owy<\/p>\n","yn_product_tongue_body":"<p>W\u0105ska, cienka, sucha, pop\u0119kana, blada lub lekko czerwonawa.<\/p>\n","yn_product_tongue_coating":"<p>Cienki, bia\u0142y, lekko \u017c\u00f3\u0142tawy<\/p>\n","yn_product_pulse_diagnostics":"<p>Pozycja w\u0105troby: chen mai &#8211; g\u0142\u0119boka, xi mai &#8211; cienka, xian mai &#8211; napi\u0119ta, xu mai &#8211; pusta, shuo mai &#8211; szybka.<\/p>\n","yn_product_indications":"<p>Wypadanie w\u0142os\u00f3w, cienkie, t\u0142uste i \u0142amliwe w\u0142osy, rozdwojone ko\u0144c\u00f3wki, koliste wypadanie w\u0142os\u00f3w, niedob\u00f3r krwi, \u0142ysienie plackowate, niedoci\u015bnienie, niedokrwisto\u015b\u0107<\/p>\n","yn_product_contra_indications":"<p>Ciep\u0142o wilgotno\u015bci w\u0105troby i p\u0119cherzyka \u017c\u00f3\u0142ciowego<\/p>\n","yn_product_pregnancy":"<p>Dozwolone<\/p>\n","yn_product_herbs":"<p>ligustri fructus &#8211; niu zhen zi, mori albae fructus &#8211; sang shen, glycyrrhizae uralensis radix praep &#8211; zhi gan cao, ziziphy semen &#8211; suan zao ren, polygoni multiflori radix &#8211; he shou wu, rhemanniae radix praep &#8211; shu di huang, cuscutae semen &#8211; tu si zi, astragali radix &#8211; huang qi,<\/p>\n","yn_product_magisterrecipes":"<p>Zuo Gui Yin, Ba Zhen Tang, Qiang Huo Sheng Shi Tang<\/p>\n"},"yoast_head":"<!-- This site is optimized with the Yoast SEO plugin v24.9 - https:\/\/yoast.com\/wordpress\/plugins\/seo\/ -->\n<title>Czarna korona - Claude Diolosa<\/title>\n<meta name=\"robots\" content=\"index, follow, max-snippet:-1, max-image-preview:large, max-video-preview:-1\" \/>\n<link rel=\"canonical\" href=\"https:\/\/shop.diolosa.com\/pl\/product\/czarna-korona\/\" \/>\n<meta property=\"og:locale\" content=\"pl_PL\" \/>\n<meta property=\"og:type\" content=\"article\" \/>\n<meta property=\"og:title\" content=\"Czarna korona - Claude Diolosa\" \/>\n<meta property=\"og:description\" content=\"BLACK CROWN to specjalnie opracowana kuracja zwalczaj\u0105ca r\u00f3\u017cne rodzaje wypadania [...]\" \/>\n<meta property=\"og:url\" content=\"https:\/\/shop.diolosa.com\/pl\/product\/czarna-korona\/\" \/>\n<meta property=\"og:site_name\" content=\"Claude Diolosa\" \/>\n<meta property=\"article:publisher\" content=\"https:\/\/facebook.com\/claudediolosa\" \/>\n<meta property=\"article:modified_time\" content=\"2025-05-31T11:56:55+00:00\" \/>\n<meta property=\"og:image\" content=\"https:\/\/shop.diolosa.com\/wp-content\/uploads\/2019\/09\/Presslinge-140.jpg\" \/>\n\t<meta property=\"og:image:width\" content=\"800\" \/>\n\t<meta property=\"og:image:height\" content=\"533\" \/>\n\t<meta property=\"og:image:type\" content=\"image\/jpeg\" \/>\n<meta name=\"twitter:card\" content=\"summary_large_image\" \/>\n<meta name=\"twitter:label1\" content=\"Szacowany czas czytania\" \/>\n\t<meta name=\"twitter:data1\" content=\"1 minuta\" \/>\n<script type=\"application\/ld+json\" class=\"yoast-schema-graph\">{\"@context\":\"https:\/\/schema.org\",\"@graph\":[{\"@type\":\"WebPage\",\"@id\":\"https:\/\/shop.diolosa.com\/pl\/product\/czarna-korona\/\",\"url\":\"https:\/\/shop.diolosa.com\/pl\/product\/czarna-korona\/\",\"name\":\"Czarna korona - Claude Diolosa\",\"isPartOf\":{\"@id\":\"https:\/\/shop.diolosa.com\/pl\/#website\"},\"primaryImageOfPage\":{\"@id\":\"https:\/\/shop.diolosa.com\/pl\/product\/czarna-korona\/#primaryimage\"},\"image\":{\"@id\":\"https:\/\/shop.diolosa.com\/pl\/product\/czarna-korona\/#primaryimage\"},\"thumbnailUrl\":\"https:\/\/shop.diolosa.com\/wp-content\/uploads\/2019\/09\/Presslinge-140.jpg\",\"datePublished\":\"2025-03-10T05:58:13+00:00\",\"dateModified\":\"2025-05-31T11:56:55+00:00\",\"breadcrumb\":{\"@id\":\"https:\/\/shop.diolosa.com\/pl\/product\/czarna-korona\/#breadcrumb\"},\"inLanguage\":\"pl-PL\",\"potentialAction\":[{\"@type\":\"ReadAction\",\"target\":[\"https:\/\/shop.diolosa.com\/pl\/product\/czarna-korona\/\"]}]},{\"@type\":\"ImageObject\",\"inLanguage\":\"pl-PL\",\"@id\":\"https:\/\/shop.diolosa.com\/pl\/product\/czarna-korona\/#primaryimage\",\"url\":\"https:\/\/shop.diolosa.com\/wp-content\/uploads\/2019\/09\/Presslinge-140.jpg\",\"contentUrl\":\"https:\/\/shop.diolosa.com\/wp-content\/uploads\/2019\/09\/Presslinge-140.jpg\",\"width\":800,\"height\":533},{\"@type\":\"BreadcrumbList\",\"@id\":\"https:\/\/shop.diolosa.com\/pl\/product\/czarna-korona\/#breadcrumb\",\"itemListElement\":[{\"@type\":\"ListItem\",\"position\":1,\"name\":\"Startseite\",\"item\":\"https:\/\/shop.diolosa.com\/pl\/?page_id=3835710\"},{\"@type\":\"ListItem\",\"position\":2,\"name\":\"Sklep\",\"item\":\"https:\/\/shop.diolosa.com\/pl\/?page_id=3835710\"},{\"@type\":\"ListItem\",\"position\":3,\"name\":\"Czarna korona\"}]},{\"@type\":\"WebSite\",\"@id\":\"https:\/\/shop.diolosa.com\/pl\/#website\",\"url\":\"https:\/\/shop.diolosa.com\/pl\/\",\"name\":\"Claude Diolosa\",\"description\":\"\",\"publisher\":{\"@id\":\"https:\/\/shop.diolosa.com\/pl\/#organization\"},\"potentialAction\":[{\"@type\":\"SearchAction\",\"target\":{\"@type\":\"EntryPoint\",\"urlTemplate\":\"https:\/\/shop.diolosa.com\/pl\/?s={search_term_string}\"},\"query-input\":{\"@type\":\"PropertyValueSpecification\",\"valueRequired\":true,\"valueName\":\"search_term_string\"}}],\"inLanguage\":\"pl-PL\"},{\"@type\":\"Organization\",\"@id\":\"https:\/\/shop.diolosa.com\/pl\/#organization\",\"name\":\"Claude Diolosa\",\"url\":\"https:\/\/shop.diolosa.com\/pl\/\",\"logo\":{\"@type\":\"ImageObject\",\"inLanguage\":\"pl-PL\",\"@id\":\"https:\/\/shop.diolosa.com\/pl\/#\/schema\/logo\/image\/\",\"url\":\"https:\/\/shop.diolosa.com\/wp-content\/uploads\/2019\/08\/diolosa-drop-logo-new.png\",\"contentUrl\":\"https:\/\/shop.diolosa.com\/wp-content\/uploads\/2019\/08\/diolosa-drop-logo-new.png\",\"width\":134,\"height\":176,\"caption\":\"Claude Diolosa\"},\"image\":{\"@id\":\"https:\/\/shop.diolosa.com\/pl\/#\/schema\/logo\/image\/\"},\"sameAs\":[\"https:\/\/facebook.com\/claudediolosa\",\"https:\/\/www.instagram.com\/diolosaclaude108\/\"]}]}<\/script>\n<!-- \/ Yoast SEO plugin. -->","yoast_head_json":{"title":"Czarna korona - Claude Diolosa","robots":{"index":"index","follow":"follow","max-snippet":"max-snippet:-1","max-image-preview":"max-image-preview:large","max-video-preview":"max-video-preview:-1"},"canonical":"https:\/\/shop.diolosa.com\/pl\/product\/czarna-korona\/","og_locale":"pl_PL","og_type":"article","og_title":"Czarna korona - Claude Diolosa","og_description":"BLACK CROWN to specjalnie opracowana kuracja zwalczaj\u0105ca r\u00f3\u017cne rodzaje wypadania [...]","og_url":"https:\/\/shop.diolosa.com\/pl\/product\/czarna-korona\/","og_site_name":"Claude Diolosa","article_publisher":"https:\/\/facebook.com\/claudediolosa","article_modified_time":"2025-05-31T11:56:55+00:00","og_image":[{"width":800,"height":533,"url":"https:\/\/shop.diolosa.com\/wp-content\/uploads\/2019\/09\/Presslinge-140.jpg","type":"image\/jpeg"}],"twitter_card":"summary_large_image","twitter_misc":{"Szacowany czas czytania":"1 minuta"},"schema":{"@context":"https:\/\/schema.org","@graph":[{"@type":"WebPage","@id":"https:\/\/shop.diolosa.com\/pl\/product\/czarna-korona\/","url":"https:\/\/shop.diolosa.com\/pl\/product\/czarna-korona\/","name":"Czarna korona - Claude Diolosa","isPartOf":{"@id":"https:\/\/shop.diolosa.com\/pl\/#website"},"primaryImageOfPage":{"@id":"https:\/\/shop.diolosa.com\/pl\/product\/czarna-korona\/#primaryimage"},"image":{"@id":"https:\/\/shop.diolosa.com\/pl\/product\/czarna-korona\/#primaryimage"},"thumbnailUrl":"https:\/\/shop.diolosa.com\/wp-content\/uploads\/2019\/09\/Presslinge-140.jpg","datePublished":"2025-03-10T05:58:13+00:00","dateModified":"2025-05-31T11:56:55+00:00","breadcrumb":{"@id":"https:\/\/shop.diolosa.com\/pl\/product\/czarna-korona\/#breadcrumb"},"inLanguage":"pl-PL","potentialAction":[{"@type":"ReadAction","target":["https:\/\/shop.diolosa.com\/pl\/product\/czarna-korona\/"]}]},{"@type":"ImageObject","inLanguage":"pl-PL","@id":"https:\/\/shop.diolosa.com\/pl\/product\/czarna-korona\/#primaryimage","url":"https:\/\/shop.diolosa.com\/wp-content\/uploads\/2019\/09\/Presslinge-140.jpg","contentUrl":"https:\/\/shop.diolosa.com\/wp-content\/uploads\/2019\/09\/Presslinge-140.jpg","width":800,"height":533},{"@type":"BreadcrumbList","@id":"https:\/\/shop.diolosa.com\/pl\/product\/czarna-korona\/#breadcrumb","itemListElement":[{"@type":"ListItem","position":1,"name":"Startseite","item":"https:\/\/shop.diolosa.com\/pl\/?page_id=3835710"},{"@type":"ListItem","position":2,"name":"Sklep","item":"https:\/\/shop.diolosa.com\/pl\/?page_id=3835710"},{"@type":"ListItem","position":3,"name":"Czarna korona"}]},{"@type":"WebSite","@id":"https:\/\/shop.diolosa.com\/pl\/#website","url":"https:\/\/shop.diolosa.com\/pl\/","name":"Claude Diolosa","description":"","publisher":{"@id":"https:\/\/shop.diolosa.com\/pl\/#organization"},"potentialAction":[{"@type":"SearchAction","target":{"@type":"EntryPoint","urlTemplate":"https:\/\/shop.diolosa.com\/pl\/?s={search_term_string}"},"query-input":{"@type":"PropertyValueSpecification","valueRequired":true,"valueName":"search_term_string"}}],"inLanguage":"pl-PL"},{"@type":"Organization","@id":"https:\/\/shop.diolosa.com\/pl\/#organization","name":"Claude Diolosa","url":"https:\/\/shop.diolosa.com\/pl\/","logo":{"@type":"ImageObject","inLanguage":"pl-PL","@id":"https:\/\/shop.diolosa.com\/pl\/#\/schema\/logo\/image\/","url":"https:\/\/shop.diolosa.com\/wp-content\/uploads\/2019\/08\/diolosa-drop-logo-new.png","contentUrl":"https:\/\/shop.diolosa.com\/wp-content\/uploads\/2019\/08\/diolosa-drop-logo-new.png","width":134,"height":176,"caption":"Claude Diolosa"},"image":{"@id":"https:\/\/shop.diolosa.com\/pl\/#\/schema\/logo\/image\/"},"sameAs":["https:\/\/facebook.com\/claudediolosa","https:\/\/www.instagram.com\/diolosaclaude108\/"]}]}},"_links":{"self":[{"href":"https:\/\/shop.diolosa.com\/pl\/wp-json\/wp\/v2\/product\/3841284","targetHints":{"allow":["GET"]}}],"collection":[{"href":"https:\/\/shop.diolosa.com\/pl\/wp-json\/wp\/v2\/product"}],"about":[{"href":"https:\/\/shop.diolosa.com\/pl\/wp-json\/wp\/v2\/types\/product"}],"wp:featuredmedia":[{"embeddable":true,"href":"https:\/\/shop.diolosa.com\/pl\/wp-json\/wp\/v2\/media\/3835943"}],"wp:attachment":[{"href":"https:\/\/shop.diolosa.com\/pl\/wp-json\/wp\/v2\/media?parent=3841284"}],"wp:term":[{"taxonomy":"product_brand","embeddable":true,"href":"https:\/\/shop.diolosa.com\/pl\/wp-json\/wp\/v2\/product_brand?post=3841284"},{"taxonomy":"product_cat","embeddable":true,"href":"https:\/\/shop.diolosa.com\/pl\/wp-json\/wp\/v2\/product_cat?post=3841284"},{"taxonomy":"product_tag","embeddable":true,"href":"https:\/\/shop.diolosa.com\/pl\/wp-json\/wp\/v2\/product_tag?post=3841284"}],"curies":[{"name":"wp","href":"https:\/\/api.w.org\/{rel}","templated":true}]}}