{"id":3841290,"date":"2019-09-04T12:11:12","date_gmt":"2025-03-10T05:58:18","guid":{"rendered":"https:\/\/shop.diolosa.com\/product\/czerwony-ekran-ochronny-wbl\/"},"modified":"2025-05-06T14:53:55","modified_gmt":"2025-05-06T13:53:55","slug":"czerwony-ekran-ochronny-wbl","status":"publish","type":"product","link":"https:\/\/shop.diolosa.com\/pl\/product\/czerwony-ekran-ochronny-wbl\/","title":{"rendered":"Czerwony ekran ochronny WBL"},"content":{"rendered":"<p>WBL RED PROTECTION SCREEN jest stosowany w leczeniu g\u0142\u0119boko penetruj\u0105cych wp\u0142yw\u00f3w patogennych w QI FEN, YING FEN i XUE FEN. Preparat ten usuwa ciep\u0142o (zmniejsza gor\u0105czk\u0119), usuwa ciep\u0142o krwi (niepok\u00f3j), eliminuje toksyny (antybiotyk), zmniejsza wiatr (przeciwskurczowy) i uspokaja.<\/p>\n","protected":false},"excerpt":{"rendered":"<p>WBL RED PROTECTION SCREEN jest stosowany w leczeniu g\u0142\u0119boko penetruj\u0105cych  [&#8230;]<\/p>\n","protected":false},"featured_media":3835943,"template":"","meta":{"_acf_changed":false},"product_brand":[],"product_cat":[11771],"product_tag":[12382],"class_list":{"0":"post-3841290","1":"product","2":"type-product","3":"status-publish","4":"has-post-thumbnail","6":"product_cat-wen-bing-lun-pl","7":"product_tag-grypa-qi-i-ying-fen","9":"first","10":"instock","11":"taxable","12":"shipping-taxable","13":"purchasable","14":"product-type-simple"},"acf":{"yn_product_audio":"https:\/\/shop.diolosa.com\/wp-content\/uploads\/2018\/12\/DL_0802.mp3","yn_product_video":"https:\/\/shop.diolosa.com\/wp-content\/uploads\/2019\/09\/WBL-Red-Protection-Screen.mp4","yn_product_akupunktur":"<p>Ostre &#8211; obni\u017cenie gor\u0105czki<br \/>\n du mai 14 &#8211; da zhui (jezioro qi) &#8211; xie fa<br \/>\ndu mai 20 &#8211; bai hui &#8211; bai lao (jezioro szpiku kostnego, p\u0119cherza moczowego) &#8211; xie fa<br \/>\nworeczek \u017c\u00f3\u0142ciowy 20 &#8211; feng chi (san chiao, yang wei mai) &#8211; xie fa<br \/>\njelito cienkie 3 &#8211; hou xi (shu, du mai) &#8211; xie fa<br \/>\np\u0142uca 10 &#8211; yu jin (ying) &#8211; xie fa<br \/>\n\u017co\u0142\u0105dek 44 &#8211; nei ting (ying) &#8211; xie fa  <\/p>\n<p>Stymuluje tranzyt jelitowy<br \/>\nsan chiao 6 &#8211; zhi gou (jing) &#8211; xie fa<br \/>\n\u017co\u0142\u0105dek 25 &#8211; tian shu (mo>jelito grube) &#8211; xie fa<br \/>\n\u017co\u0142\u0105dek 37 &#8211; shang ju xu (xia he xue) &#8211; xie fa<br \/>\njelito grube 11 &#8211; qu chi (he &#8211; gui) &#8211; xie fa<\/p>\n<p>Wyczy\u015b\u0107 ciep\u0142o krwi<br \/>\n\u015bledziona 10 &#8211; xue hai (jezioro krwi) &#8211; xie fa<br \/>\nw\u0105troba 2 &#8211; xing jian (ying) &#8211; xie fa  <\/p>\n<p>Shen uspok\u00f3j si\u0119<br \/>\nkr\u0105\u017cenie 8 &#8211; lao gong &#8211; gui cu (ying, gui) &#8211; xie fa<br \/>\nserce 8 &#8211; shao fu (ying) &#8211; xie fa<br \/>\nyou mai 23 &#8211; shang xing &#8211; ming tang &#8211; xie fa<br \/>\nyin tang &#8211; M-HN-3 &#8211; xie fa<br \/>\nkr\u0105\u017cenie 5 &#8211; jian shi &#8211; gui lu (jing, gui) &#8211; xie fa<\/p>\n","yn_product_verabreichungsart":"Pelety 140szt.","yn_product_dosierung":"<p>W ostrych i niebezpiecznych stanach natychmiast przyj\u0105\u0107 10 granulek, a nast\u0119pnie &#8211; w zale\u017cno\u015bci od wieku &#8211; 3 x 6 do 10 granulek co godzin\u0119.<br \/>\nDla dzieci w wieku od 1 do 3 lat = od 1 do 3 granulek, od 3 do 6 lat = od 3 do 6 granulek, od 6 do 12 lat = od 6 do 9 granulek.<\/p>\n","yn_product_combinations":"<p>WBL GREEN PROTECTION SCREEN (zesp\u00f3\u0142 Wei Fen), WBL PURPLE PROTECTION SCREEN (Xue Fen), COOLING DEW SUPP. (gor\u0105czka) <\/p>\n","yn_product_avoidable":"<p>Pikantne i ostre przyprawy, mi\u0119so, jajka, ser, kie\u0142basa, szynka, zupa drobiowa<\/p>\n","yn_product_tcm_mindmapping":"<p>WBL > przenikn\u0105\u0142 do Qi Fen i Ying Fen<\/p>\n","yn_product_tongue_body":"<p>Ciemnoczerwony i pop\u0119kany korpus j\u0119zyka<\/p>\n","yn_product_tongue_coating":"<p>\u017b\u00f3\u0142tawy, suchy<\/p>\n","yn_product_pulse_diagnostics":"<p>hong mai &#8211; falisty, shi mai &#8211; pe\u0142ny, shuo mai &#8211; szybki, xian mai &#8211; napi\u0119ty, xi mai &#8211; cienki (Ying Fen) > se mai &#8211; szorstki<\/p>\n","yn_product_indications":"<p>Niebezpieczne choroby zaka\u017ane, atakuj\u0105ce Qi Fen, Ying Fen i Xue Fen, wysoka gor\u0105czka, pragnienie, k\u0142uj\u0105cy b\u00f3l g\u0142owy z nudno\u015bciami, niepok\u00f3j, bezsenno\u015b\u0107, zaburzenia mowy, drgawki, rumie\u0144 i plamica, krwotok z nosa, zapalenie opon m\u00f3zgowych, SARS.<\/p>\n","yn_product_contra_indications":"<p>Wiatr zimny PE, niedob\u00f3r Yang, wilgo\u0107 i flegma zimna<\/p>\n","yn_product_pregnancy":"<p>Dozwolone<\/p>\n","yn_product_herbs":"<p>gypsum fibrosum &#8211; shi gao, rhemanniae radix &#8211; sheng di huang, moutan cortex &#8211; mu dan pi, glycyrrhizae uralensis radix cum liquido fricta &#8211; zhi gan cao, scutellariae baicalensis radix &#8211; huang qin, gardeniae jasminoidis fructus &#8211; zhi zi, paeoniae rubrae radix &#8211; chi shao yao<\/p>\n","yn_product_magisterrecipes":"<p>Qing Wen Bai Du Yin, Huang Lian Jie Du Dan, Bai Hu Tang, Qing Ying Tang<\/p>\n"},"yoast_head":"<!-- This site is optimized with the Yoast SEO plugin v24.9 - https:\/\/yoast.com\/wordpress\/plugins\/seo\/ -->\n<title>Czerwony ekran ochronny WBL - Claude Diolosa<\/title>\n<meta name=\"robots\" content=\"index, follow, max-snippet:-1, max-image-preview:large, max-video-preview:-1\" \/>\n<link rel=\"canonical\" href=\"https:\/\/shop.diolosa.com\/pl\/product\/czerwony-ekran-ochronny-wbl\/\" \/>\n<meta property=\"og:locale\" content=\"pl_PL\" \/>\n<meta property=\"og:type\" content=\"article\" \/>\n<meta property=\"og:title\" content=\"Czerwony ekran ochronny WBL - Claude Diolosa\" \/>\n<meta property=\"og:description\" content=\"WBL RED PROTECTION SCREEN jest stosowany w leczeniu g\u0142\u0119boko penetruj\u0105cych [...]\" \/>\n<meta property=\"og:url\" content=\"https:\/\/shop.diolosa.com\/pl\/product\/czerwony-ekran-ochronny-wbl\/\" \/>\n<meta property=\"og:site_name\" content=\"Claude Diolosa\" \/>\n<meta property=\"article:publisher\" content=\"https:\/\/facebook.com\/claudediolosa\" \/>\n<meta property=\"article:modified_time\" content=\"2025-05-06T13:53:55+00:00\" \/>\n<meta property=\"og:image\" content=\"https:\/\/shop.diolosa.com\/wp-content\/uploads\/2019\/09\/Presslinge-140.jpg\" \/>\n\t<meta property=\"og:image:width\" content=\"800\" \/>\n\t<meta property=\"og:image:height\" content=\"533\" \/>\n\t<meta property=\"og:image:type\" content=\"image\/jpeg\" \/>\n<meta name=\"twitter:card\" content=\"summary_large_image\" \/>\n<script type=\"application\/ld+json\" class=\"yoast-schema-graph\">{\"@context\":\"https:\/\/schema.org\",\"@graph\":[{\"@type\":\"WebPage\",\"@id\":\"https:\/\/shop.diolosa.com\/pl\/product\/czerwony-ekran-ochronny-wbl\/\",\"url\":\"https:\/\/shop.diolosa.com\/pl\/product\/czerwony-ekran-ochronny-wbl\/\",\"name\":\"Czerwony ekran ochronny WBL - Claude Diolosa\",\"isPartOf\":{\"@id\":\"https:\/\/shop.diolosa.com\/pl\/#website\"},\"primaryImageOfPage\":{\"@id\":\"https:\/\/shop.diolosa.com\/pl\/product\/czerwony-ekran-ochronny-wbl\/#primaryimage\"},\"image\":{\"@id\":\"https:\/\/shop.diolosa.com\/pl\/product\/czerwony-ekran-ochronny-wbl\/#primaryimage\"},\"thumbnailUrl\":\"https:\/\/shop.diolosa.com\/wp-content\/uploads\/2019\/09\/Presslinge-140.jpg\",\"datePublished\":\"2025-03-10T05:58:18+00:00\",\"dateModified\":\"2025-05-06T13:53:55+00:00\",\"breadcrumb\":{\"@id\":\"https:\/\/shop.diolosa.com\/pl\/product\/czerwony-ekran-ochronny-wbl\/#breadcrumb\"},\"inLanguage\":\"pl-PL\",\"potentialAction\":[{\"@type\":\"ReadAction\",\"target\":[\"https:\/\/shop.diolosa.com\/pl\/product\/czerwony-ekran-ochronny-wbl\/\"]}]},{\"@type\":\"ImageObject\",\"inLanguage\":\"pl-PL\",\"@id\":\"https:\/\/shop.diolosa.com\/pl\/product\/czerwony-ekran-ochronny-wbl\/#primaryimage\",\"url\":\"https:\/\/shop.diolosa.com\/wp-content\/uploads\/2019\/09\/Presslinge-140.jpg\",\"contentUrl\":\"https:\/\/shop.diolosa.com\/wp-content\/uploads\/2019\/09\/Presslinge-140.jpg\",\"width\":800,\"height\":533},{\"@type\":\"BreadcrumbList\",\"@id\":\"https:\/\/shop.diolosa.com\/pl\/product\/czerwony-ekran-ochronny-wbl\/#breadcrumb\",\"itemListElement\":[{\"@type\":\"ListItem\",\"position\":1,\"name\":\"Startseite\",\"item\":\"https:\/\/shop.diolosa.com\/pl\/?page_id=3835710\"},{\"@type\":\"ListItem\",\"position\":2,\"name\":\"Sklep\",\"item\":\"https:\/\/shop.diolosa.com\/pl\/?page_id=3835710\"},{\"@type\":\"ListItem\",\"position\":3,\"name\":\"Czerwony ekran ochronny WBL\"}]},{\"@type\":\"WebSite\",\"@id\":\"https:\/\/shop.diolosa.com\/pl\/#website\",\"url\":\"https:\/\/shop.diolosa.com\/pl\/\",\"name\":\"Claude Diolosa\",\"description\":\"\",\"publisher\":{\"@id\":\"https:\/\/shop.diolosa.com\/pl\/#organization\"},\"potentialAction\":[{\"@type\":\"SearchAction\",\"target\":{\"@type\":\"EntryPoint\",\"urlTemplate\":\"https:\/\/shop.diolosa.com\/pl\/?s={search_term_string}\"},\"query-input\":{\"@type\":\"PropertyValueSpecification\",\"valueRequired\":true,\"valueName\":\"search_term_string\"}}],\"inLanguage\":\"pl-PL\"},{\"@type\":\"Organization\",\"@id\":\"https:\/\/shop.diolosa.com\/pl\/#organization\",\"name\":\"Claude Diolosa\",\"url\":\"https:\/\/shop.diolosa.com\/pl\/\",\"logo\":{\"@type\":\"ImageObject\",\"inLanguage\":\"pl-PL\",\"@id\":\"https:\/\/shop.diolosa.com\/pl\/#\/schema\/logo\/image\/\",\"url\":\"https:\/\/shop.diolosa.com\/wp-content\/uploads\/2019\/08\/diolosa-drop-logo-new.png\",\"contentUrl\":\"https:\/\/shop.diolosa.com\/wp-content\/uploads\/2019\/08\/diolosa-drop-logo-new.png\",\"width\":134,\"height\":176,\"caption\":\"Claude Diolosa\"},\"image\":{\"@id\":\"https:\/\/shop.diolosa.com\/pl\/#\/schema\/logo\/image\/\"},\"sameAs\":[\"https:\/\/facebook.com\/claudediolosa\",\"https:\/\/www.instagram.com\/diolosaclaude108\/\"]}]}<\/script>\n<!-- \/ Yoast SEO plugin. -->","yoast_head_json":{"title":"Czerwony ekran ochronny WBL - Claude Diolosa","robots":{"index":"index","follow":"follow","max-snippet":"max-snippet:-1","max-image-preview":"max-image-preview:large","max-video-preview":"max-video-preview:-1"},"canonical":"https:\/\/shop.diolosa.com\/pl\/product\/czerwony-ekran-ochronny-wbl\/","og_locale":"pl_PL","og_type":"article","og_title":"Czerwony ekran ochronny WBL - Claude Diolosa","og_description":"WBL RED PROTECTION SCREEN jest stosowany w leczeniu g\u0142\u0119boko penetruj\u0105cych [...]","og_url":"https:\/\/shop.diolosa.com\/pl\/product\/czerwony-ekran-ochronny-wbl\/","og_site_name":"Claude Diolosa","article_publisher":"https:\/\/facebook.com\/claudediolosa","article_modified_time":"2025-05-06T13:53:55+00:00","og_image":[{"width":800,"height":533,"url":"https:\/\/shop.diolosa.com\/wp-content\/uploads\/2019\/09\/Presslinge-140.jpg","type":"image\/jpeg"}],"twitter_card":"summary_large_image","schema":{"@context":"https:\/\/schema.org","@graph":[{"@type":"WebPage","@id":"https:\/\/shop.diolosa.com\/pl\/product\/czerwony-ekran-ochronny-wbl\/","url":"https:\/\/shop.diolosa.com\/pl\/product\/czerwony-ekran-ochronny-wbl\/","name":"Czerwony ekran ochronny WBL - Claude Diolosa","isPartOf":{"@id":"https:\/\/shop.diolosa.com\/pl\/#website"},"primaryImageOfPage":{"@id":"https:\/\/shop.diolosa.com\/pl\/product\/czerwony-ekran-ochronny-wbl\/#primaryimage"},"image":{"@id":"https:\/\/shop.diolosa.com\/pl\/product\/czerwony-ekran-ochronny-wbl\/#primaryimage"},"thumbnailUrl":"https:\/\/shop.diolosa.com\/wp-content\/uploads\/2019\/09\/Presslinge-140.jpg","datePublished":"2025-03-10T05:58:18+00:00","dateModified":"2025-05-06T13:53:55+00:00","breadcrumb":{"@id":"https:\/\/shop.diolosa.com\/pl\/product\/czerwony-ekran-ochronny-wbl\/#breadcrumb"},"inLanguage":"pl-PL","potentialAction":[{"@type":"ReadAction","target":["https:\/\/shop.diolosa.com\/pl\/product\/czerwony-ekran-ochronny-wbl\/"]}]},{"@type":"ImageObject","inLanguage":"pl-PL","@id":"https:\/\/shop.diolosa.com\/pl\/product\/czerwony-ekran-ochronny-wbl\/#primaryimage","url":"https:\/\/shop.diolosa.com\/wp-content\/uploads\/2019\/09\/Presslinge-140.jpg","contentUrl":"https:\/\/shop.diolosa.com\/wp-content\/uploads\/2019\/09\/Presslinge-140.jpg","width":800,"height":533},{"@type":"BreadcrumbList","@id":"https:\/\/shop.diolosa.com\/pl\/product\/czerwony-ekran-ochronny-wbl\/#breadcrumb","itemListElement":[{"@type":"ListItem","position":1,"name":"Startseite","item":"https:\/\/shop.diolosa.com\/pl\/?page_id=3835710"},{"@type":"ListItem","position":2,"name":"Sklep","item":"https:\/\/shop.diolosa.com\/pl\/?page_id=3835710"},{"@type":"ListItem","position":3,"name":"Czerwony ekran ochronny WBL"}]},{"@type":"WebSite","@id":"https:\/\/shop.diolosa.com\/pl\/#website","url":"https:\/\/shop.diolosa.com\/pl\/","name":"Claude Diolosa","description":"","publisher":{"@id":"https:\/\/shop.diolosa.com\/pl\/#organization"},"potentialAction":[{"@type":"SearchAction","target":{"@type":"EntryPoint","urlTemplate":"https:\/\/shop.diolosa.com\/pl\/?s={search_term_string}"},"query-input":{"@type":"PropertyValueSpecification","valueRequired":true,"valueName":"search_term_string"}}],"inLanguage":"pl-PL"},{"@type":"Organization","@id":"https:\/\/shop.diolosa.com\/pl\/#organization","name":"Claude Diolosa","url":"https:\/\/shop.diolosa.com\/pl\/","logo":{"@type":"ImageObject","inLanguage":"pl-PL","@id":"https:\/\/shop.diolosa.com\/pl\/#\/schema\/logo\/image\/","url":"https:\/\/shop.diolosa.com\/wp-content\/uploads\/2019\/08\/diolosa-drop-logo-new.png","contentUrl":"https:\/\/shop.diolosa.com\/wp-content\/uploads\/2019\/08\/diolosa-drop-logo-new.png","width":134,"height":176,"caption":"Claude Diolosa"},"image":{"@id":"https:\/\/shop.diolosa.com\/pl\/#\/schema\/logo\/image\/"},"sameAs":["https:\/\/facebook.com\/claudediolosa","https:\/\/www.instagram.com\/diolosaclaude108\/"]}]}},"_links":{"self":[{"href":"https:\/\/shop.diolosa.com\/pl\/wp-json\/wp\/v2\/product\/3841290","targetHints":{"allow":["GET"]}}],"collection":[{"href":"https:\/\/shop.diolosa.com\/pl\/wp-json\/wp\/v2\/product"}],"about":[{"href":"https:\/\/shop.diolosa.com\/pl\/wp-json\/wp\/v2\/types\/product"}],"wp:featuredmedia":[{"embeddable":true,"href":"https:\/\/shop.diolosa.com\/pl\/wp-json\/wp\/v2\/media\/3835943"}],"wp:attachment":[{"href":"https:\/\/shop.diolosa.com\/pl\/wp-json\/wp\/v2\/media?parent=3841290"}],"wp:term":[{"taxonomy":"product_brand","embeddable":true,"href":"https:\/\/shop.diolosa.com\/pl\/wp-json\/wp\/v2\/product_brand?post=3841290"},{"taxonomy":"product_cat","embeddable":true,"href":"https:\/\/shop.diolosa.com\/pl\/wp-json\/wp\/v2\/product_cat?post=3841290"},{"taxonomy":"product_tag","embeddable":true,"href":"https:\/\/shop.diolosa.com\/pl\/wp-json\/wp\/v2\/product_tag?post=3841290"}],"curies":[{"name":"wp","href":"https:\/\/api.w.org\/{rel}","templated":true}]}}