{"id":3841291,"date":"2019-09-04T12:11:12","date_gmt":"2025-03-10T05:58:18","guid":{"rendered":"https:\/\/shop.diolosa.com\/product\/ognisty-kogut\/"},"modified":"2025-05-06T15:18:22","modified_gmt":"2025-05-06T14:18:22","slug":"ognisty-kogut","status":"publish","type":"product","link":"https:\/\/shop.diolosa.com\/pl\/product\/ognisty-kogut\/","title":{"rendered":"Ognisty kogut"},"content":{"rendered":"<p>FIRE ROOSTER jest stosowany w leczeniu ostrego zapalenia nerek i ostrego k\u0142\u0119buszkowego zapalenia nerek. Preparat ten usuwa inwazyjne wp\u0142ywy patogenne w Shao Yin, usuwa toksyny z nerek, usuwa ciep\u0142o krwi, dzia\u0142a przeciwkrwotocznie, stymuluje diurez\u0119, ma dzia\u0142anie zmniejszaj\u0105ce przekrwienie, \u0142agodzi sw\u0119dzenie i uspokaja w\u0105trob\u0119 Yang (nadci\u015bnienie).<\/p>\n","protected":false},"excerpt":{"rendered":"<p>FIRE ROOSTER jest stosowany w leczeniu ostrego zapalenia nerek i  [&#8230;]<\/p>\n","protected":false},"featured_media":3835943,"template":"","meta":{"_acf_changed":false},"product_brand":[],"product_cat":[11773,11771],"product_tag":[12383],"class_list":{"0":"post-3841291","1":"product","2":"type-product","3":"status-publish","4":"has-post-thumbnail","6":"product_cat-urologia","7":"product_cat-wen-bing-lun-pl","8":"product_tag-ostre-klebuszkowe-zapalenie-nerek","10":"first","11":"instock","12":"taxable","13":"shipping-taxable","14":"purchasable","15":"product-type-simple"},"acf":{"yn_product_audio":"https:\/\/shop.diolosa.com\/wp-content\/uploads\/2019\/09\/DL_1105.mp3","yn_product_video":"https:\/\/shop.diolosa.com\/wp-content\/uploads\/2025\/03\/Red-Rooster.mp4","yn_product_akupunktur":"<p>Leczenie ostre<br \/>\nbubble 23 &#8211; shen shu &#8211; xie fa<br \/>\nworeczek \u017c\u00f3\u0142ciowy 25 &#8211; jing men (mo &#8211; nerka) &#8211; xie fa<br \/>\nnerka 7 &#8211; fu liu (jing) &#8211; xie fa<br \/>\nbubble 40 &#8211; wei zhong (he, xia he xue &#8211; ba\u0144ka, xi krwi, jing bie ni\/bl) &#8211; xie fa<br \/>\nbubble 39 &#8211; wei yang (xia he xue &#8211; san chiao) &#8211; xie fa<br \/>\nworeczek \u017c\u00f3\u0142ciowy 41 &#8211; to lin qi (dai mai, shu) &#8211; xie fa<br \/>\nw\u0105troba 2 &#8211; xing jian (ying) &#8211; xie fa<br \/>\nren mai 3 &#8211; zhong ji (mo>p\u0119cherz, w\u0105troba, nerki, \u015bledziona) &#8211; xie fa<br \/>\nren mai 2 &#8211; qu gu (w\u0105troba, ren mai) &#8211; xie fa<br \/>\n\u015bledziona 10 &#8211; xue hai (jezioro krwi) &#8211; xie fa<br \/>\n\u015bledziona 6 &#8211; san yin jiao (le,ni,mb) &#8211; xie fa<\/p>\n<p>Nadci\u015bnienie<br \/>\nsi shen cong &#8211; M-HN-1 (m\u00f3zg, cns) &#8211; xie fa<br \/>\ndu mai 20 &#8211; bai hui &#8211; bai lao (jezioro szpiku kostnego, p\u0119cherz moczowy) &#8211; xie fa<br \/>\nworeczek \u017c\u00f3\u0142ciowy 20 &#8211; feng chi (san chiao, yang wei mai) &#8211; xie fa<br \/>\nsan chiao 5 &#8211; wai guan (yang wei mai, luo) &#8211; xie fa<\/p>\n<p>Obrz\u0119k i sk\u0105pomocz<br \/>\n\u015bledziona 9 &#8211; yin ling quan (he) &#8211; xie fa<br \/>\n\u015bledziona 6 &#8211; san yin jiao (le,ni,mb) &#8211; xie fa<br \/>\np\u0119cherz moczowy 22 &#8211; san jiao shu (mo &#8211; san chiao) &#8211; xie fa<br \/>\np\u0119cherz moczowy 39 &#8211; wei yang (xia he xue &#8211; san chiao) &#8211; xie fa<br \/>\np\u0119cherz moczowy 40 &#8211; wei zhong (he, xia he xue &#8211; p\u0119cherz, xi krwi, jing bie ni\/bl) &#8211; xie fa<br \/>\nsan chiao 3 &#8211; zhong zhu (shu) &#8211; xie fa<\/p>\n<p>Sw\u0119dzenie sk\u00f3ry<br \/>\nsan chiao 5 &#8211; wai guan (yang wei mai, luo) &#8211; xie fa<br \/>\nsan chiao 3 &#8211; zhong zhu (shu) &#8211; xie fa<br \/>\njelito grube 4 &#8211; he gu (yuan) &#8211; xie fa<\/p>\n<p>Zaparcia<br \/>\n\u017co\u0142\u0105dek 25 &#8211; tian shu (mo &#8211; jelito grube) &#8211; xie fa<br \/>\n\u017co\u0142\u0105dek 37 &#8211; shang ju xu (xia he xue &#8211; jelito grube, jezioro krwi, chong mai) &#8211; xie fa<br \/>\nsan chiao 6 &#8211; zhi gou (jing) &#8211; xie fa<\/p>\n","yn_product_verabreichungsart":"Pelety 140szt.","yn_product_dosierung":"<p>3 x 6 do 10 tabletek dziennie, mo\u017cna \u0142\u0105czy\u0107 z antybiotykami<\/p>\n","yn_product_combinations":"<p>PI\u0118\u0106 ZI\u00d3\u0141 (toksyny mokrego ciep\u0142a), ODDZIELANIE WODY (ni\u017csze wilgotne ciep\u0142o), PI\u0118\u0106 SMOK\u00d3W (bia\u0142ko w moczu), GOR\u0104CA STRZA\u0141A (zapalenie p\u0119cherza moczowego), OCZYSZCZANIE CIEP\u0141A (niedob\u00f3r Yin i puste ciep\u0142o), NIEBIESKIE STRZA\u0141Y (toksyny mokrego ciep\u0142a w Jue Yin)<\/p>\n","yn_product_avoidable":"<p>Ostre przyprawy, alkohol, ocet, kawa, herbata joga, imbir, pieprz, czosnek, cebula, por, owoce morza, jagni\u0119cina, dr\u00f3b, ga\u0142ka muszkato\u0142owa<\/p>\n","yn_product_tcm_mindmapping":"<p>WBL &#8211; Choroba zaka\u017ana  >  Toksyny po\u017carowe  >  Nerki Wilgo\u0107 Ciep\u0142o Toksyny  >  Ciep\u0142o krwi  >  Przekrwienie krwi  >  Krwawienie  >  mo\u017ce prowadzi\u0107 do niedoboru nerek Yin i pustego ciep\u0142a<\/p>\n","yn_product_tongue_body":"<p>Czerwony, czubek j\u0119zyka bardzo czerwony, brodawki na nasadzie j\u0119zyka wystaj\u0105ce i ciemnoczerwone<\/p>\n","yn_product_tongue_coating":"<p>Korze\u0144 j\u0119zyka: \u017c\u00f3\u0142tawy<\/p>\n","yn_product_pulse_diagnostics":"<p>Pozycja nerek: hua mai &#8211; szybuj\u0105ca, shuo mai &#8211; szybka, shi mai &#8211; pe\u0142na, a tak\u017ce se mai &#8211; szorstka.<\/p>\n","yn_product_indications":"<p>Ostre k\u0142\u0119buszkowe zapalenie nerek, bia\u0142komocz, b\u00f3l miednicy, b\u00f3l lub uczucie pieczenia podczas oddawania moczu, cz\u0119ste parcie na mocz, m\u0119tny mocz, krew lub ropa w moczu, makrohematuria, b\u00f3l w okolicy nerek lub brzucha, obrz\u0119k cia\u0142a, cz\u0119sto twarzy (powiek), n\u00f3g (podudzi) i st\u00f3p, wymioty, gor\u0105czka, wysokie ci\u015bnienie krwi, zesp\u00f3\u0142 nerczycowy, hiperlipoproteinemia.<\/p>\n","yn_product_contra_indications":"<p>Niedob\u00f3r Yang i Qi nerek z p\u0119cherzami Wilgotne zimno<\/p>\n","yn_product_pregnancy":"<p>Dozwolone<\/p>\n","yn_product_magisterrecipes":"<p>Zhi Bai Di Huang Tang, Ma Huang Lian Qiao Chi Xiao Dou Tang, Wu Wei Xiao Du Yin, Ling Gui Fu Ping Tang, Yue Bi Jia Zhu Tang, Wu Ling San<\/p>\n"},"yoast_head":"<!-- This site is optimized with the Yoast SEO plugin v24.9 - https:\/\/yoast.com\/wordpress\/plugins\/seo\/ -->\n<title>Ognisty kogut - Claude Diolosa<\/title>\n<meta name=\"robots\" content=\"index, follow, max-snippet:-1, max-image-preview:large, max-video-preview:-1\" \/>\n<link rel=\"canonical\" href=\"https:\/\/shop.diolosa.com\/pl\/product\/ognisty-kogut\/\" \/>\n<meta property=\"og:locale\" content=\"pl_PL\" \/>\n<meta property=\"og:type\" content=\"article\" \/>\n<meta property=\"og:title\" content=\"Ognisty kogut - Claude Diolosa\" \/>\n<meta property=\"og:description\" content=\"FIRE ROOSTER jest stosowany w leczeniu ostrego zapalenia nerek i [...]\" \/>\n<meta property=\"og:url\" content=\"https:\/\/shop.diolosa.com\/pl\/product\/ognisty-kogut\/\" \/>\n<meta property=\"og:site_name\" content=\"Claude Diolosa\" \/>\n<meta property=\"article:publisher\" content=\"https:\/\/facebook.com\/claudediolosa\" \/>\n<meta property=\"article:modified_time\" content=\"2025-05-06T14:18:22+00:00\" \/>\n<meta property=\"og:image\" content=\"https:\/\/shop.diolosa.com\/wp-content\/uploads\/2019\/09\/Presslinge-140.jpg\" \/>\n\t<meta property=\"og:image:width\" content=\"800\" \/>\n\t<meta property=\"og:image:height\" content=\"533\" \/>\n\t<meta property=\"og:image:type\" content=\"image\/jpeg\" \/>\n<meta name=\"twitter:card\" content=\"summary_large_image\" \/>\n<script type=\"application\/ld+json\" class=\"yoast-schema-graph\">{\"@context\":\"https:\/\/schema.org\",\"@graph\":[{\"@type\":\"WebPage\",\"@id\":\"https:\/\/shop.diolosa.com\/pl\/product\/ognisty-kogut\/\",\"url\":\"https:\/\/shop.diolosa.com\/pl\/product\/ognisty-kogut\/\",\"name\":\"Ognisty kogut - Claude Diolosa\",\"isPartOf\":{\"@id\":\"https:\/\/shop.diolosa.com\/pl\/#website\"},\"primaryImageOfPage\":{\"@id\":\"https:\/\/shop.diolosa.com\/pl\/product\/ognisty-kogut\/#primaryimage\"},\"image\":{\"@id\":\"https:\/\/shop.diolosa.com\/pl\/product\/ognisty-kogut\/#primaryimage\"},\"thumbnailUrl\":\"https:\/\/shop.diolosa.com\/wp-content\/uploads\/2019\/09\/Presslinge-140.jpg\",\"datePublished\":\"2025-03-10T05:58:18+00:00\",\"dateModified\":\"2025-05-06T14:18:22+00:00\",\"breadcrumb\":{\"@id\":\"https:\/\/shop.diolosa.com\/pl\/product\/ognisty-kogut\/#breadcrumb\"},\"inLanguage\":\"pl-PL\",\"potentialAction\":[{\"@type\":\"ReadAction\",\"target\":[\"https:\/\/shop.diolosa.com\/pl\/product\/ognisty-kogut\/\"]}]},{\"@type\":\"ImageObject\",\"inLanguage\":\"pl-PL\",\"@id\":\"https:\/\/shop.diolosa.com\/pl\/product\/ognisty-kogut\/#primaryimage\",\"url\":\"https:\/\/shop.diolosa.com\/wp-content\/uploads\/2019\/09\/Presslinge-140.jpg\",\"contentUrl\":\"https:\/\/shop.diolosa.com\/wp-content\/uploads\/2019\/09\/Presslinge-140.jpg\",\"width\":800,\"height\":533},{\"@type\":\"BreadcrumbList\",\"@id\":\"https:\/\/shop.diolosa.com\/pl\/product\/ognisty-kogut\/#breadcrumb\",\"itemListElement\":[{\"@type\":\"ListItem\",\"position\":1,\"name\":\"Startseite\",\"item\":\"https:\/\/shop.diolosa.com\/pl\/?page_id=3835710\"},{\"@type\":\"ListItem\",\"position\":2,\"name\":\"Sklep\",\"item\":\"https:\/\/shop.diolosa.com\/pl\/?page_id=3835710\"},{\"@type\":\"ListItem\",\"position\":3,\"name\":\"Ognisty kogut\"}]},{\"@type\":\"WebSite\",\"@id\":\"https:\/\/shop.diolosa.com\/pl\/#website\",\"url\":\"https:\/\/shop.diolosa.com\/pl\/\",\"name\":\"Claude Diolosa\",\"description\":\"\",\"publisher\":{\"@id\":\"https:\/\/shop.diolosa.com\/pl\/#organization\"},\"potentialAction\":[{\"@type\":\"SearchAction\",\"target\":{\"@type\":\"EntryPoint\",\"urlTemplate\":\"https:\/\/shop.diolosa.com\/pl\/?s={search_term_string}\"},\"query-input\":{\"@type\":\"PropertyValueSpecification\",\"valueRequired\":true,\"valueName\":\"search_term_string\"}}],\"inLanguage\":\"pl-PL\"},{\"@type\":\"Organization\",\"@id\":\"https:\/\/shop.diolosa.com\/pl\/#organization\",\"name\":\"Claude Diolosa\",\"url\":\"https:\/\/shop.diolosa.com\/pl\/\",\"logo\":{\"@type\":\"ImageObject\",\"inLanguage\":\"pl-PL\",\"@id\":\"https:\/\/shop.diolosa.com\/pl\/#\/schema\/logo\/image\/\",\"url\":\"https:\/\/shop.diolosa.com\/wp-content\/uploads\/2019\/08\/diolosa-drop-logo-new.png\",\"contentUrl\":\"https:\/\/shop.diolosa.com\/wp-content\/uploads\/2019\/08\/diolosa-drop-logo-new.png\",\"width\":134,\"height\":176,\"caption\":\"Claude Diolosa\"},\"image\":{\"@id\":\"https:\/\/shop.diolosa.com\/pl\/#\/schema\/logo\/image\/\"},\"sameAs\":[\"https:\/\/facebook.com\/claudediolosa\",\"https:\/\/www.instagram.com\/diolosaclaude108\/\"]}]}<\/script>\n<!-- \/ Yoast SEO plugin. -->","yoast_head_json":{"title":"Ognisty kogut - Claude Diolosa","robots":{"index":"index","follow":"follow","max-snippet":"max-snippet:-1","max-image-preview":"max-image-preview:large","max-video-preview":"max-video-preview:-1"},"canonical":"https:\/\/shop.diolosa.com\/pl\/product\/ognisty-kogut\/","og_locale":"pl_PL","og_type":"article","og_title":"Ognisty kogut - Claude Diolosa","og_description":"FIRE ROOSTER jest stosowany w leczeniu ostrego zapalenia nerek i [...]","og_url":"https:\/\/shop.diolosa.com\/pl\/product\/ognisty-kogut\/","og_site_name":"Claude Diolosa","article_publisher":"https:\/\/facebook.com\/claudediolosa","article_modified_time":"2025-05-06T14:18:22+00:00","og_image":[{"width":800,"height":533,"url":"https:\/\/shop.diolosa.com\/wp-content\/uploads\/2019\/09\/Presslinge-140.jpg","type":"image\/jpeg"}],"twitter_card":"summary_large_image","schema":{"@context":"https:\/\/schema.org","@graph":[{"@type":"WebPage","@id":"https:\/\/shop.diolosa.com\/pl\/product\/ognisty-kogut\/","url":"https:\/\/shop.diolosa.com\/pl\/product\/ognisty-kogut\/","name":"Ognisty kogut - Claude Diolosa","isPartOf":{"@id":"https:\/\/shop.diolosa.com\/pl\/#website"},"primaryImageOfPage":{"@id":"https:\/\/shop.diolosa.com\/pl\/product\/ognisty-kogut\/#primaryimage"},"image":{"@id":"https:\/\/shop.diolosa.com\/pl\/product\/ognisty-kogut\/#primaryimage"},"thumbnailUrl":"https:\/\/shop.diolosa.com\/wp-content\/uploads\/2019\/09\/Presslinge-140.jpg","datePublished":"2025-03-10T05:58:18+00:00","dateModified":"2025-05-06T14:18:22+00:00","breadcrumb":{"@id":"https:\/\/shop.diolosa.com\/pl\/product\/ognisty-kogut\/#breadcrumb"},"inLanguage":"pl-PL","potentialAction":[{"@type":"ReadAction","target":["https:\/\/shop.diolosa.com\/pl\/product\/ognisty-kogut\/"]}]},{"@type":"ImageObject","inLanguage":"pl-PL","@id":"https:\/\/shop.diolosa.com\/pl\/product\/ognisty-kogut\/#primaryimage","url":"https:\/\/shop.diolosa.com\/wp-content\/uploads\/2019\/09\/Presslinge-140.jpg","contentUrl":"https:\/\/shop.diolosa.com\/wp-content\/uploads\/2019\/09\/Presslinge-140.jpg","width":800,"height":533},{"@type":"BreadcrumbList","@id":"https:\/\/shop.diolosa.com\/pl\/product\/ognisty-kogut\/#breadcrumb","itemListElement":[{"@type":"ListItem","position":1,"name":"Startseite","item":"https:\/\/shop.diolosa.com\/pl\/?page_id=3835710"},{"@type":"ListItem","position":2,"name":"Sklep","item":"https:\/\/shop.diolosa.com\/pl\/?page_id=3835710"},{"@type":"ListItem","position":3,"name":"Ognisty kogut"}]},{"@type":"WebSite","@id":"https:\/\/shop.diolosa.com\/pl\/#website","url":"https:\/\/shop.diolosa.com\/pl\/","name":"Claude Diolosa","description":"","publisher":{"@id":"https:\/\/shop.diolosa.com\/pl\/#organization"},"potentialAction":[{"@type":"SearchAction","target":{"@type":"EntryPoint","urlTemplate":"https:\/\/shop.diolosa.com\/pl\/?s={search_term_string}"},"query-input":{"@type":"PropertyValueSpecification","valueRequired":true,"valueName":"search_term_string"}}],"inLanguage":"pl-PL"},{"@type":"Organization","@id":"https:\/\/shop.diolosa.com\/pl\/#organization","name":"Claude Diolosa","url":"https:\/\/shop.diolosa.com\/pl\/","logo":{"@type":"ImageObject","inLanguage":"pl-PL","@id":"https:\/\/shop.diolosa.com\/pl\/#\/schema\/logo\/image\/","url":"https:\/\/shop.diolosa.com\/wp-content\/uploads\/2019\/08\/diolosa-drop-logo-new.png","contentUrl":"https:\/\/shop.diolosa.com\/wp-content\/uploads\/2019\/08\/diolosa-drop-logo-new.png","width":134,"height":176,"caption":"Claude Diolosa"},"image":{"@id":"https:\/\/shop.diolosa.com\/pl\/#\/schema\/logo\/image\/"},"sameAs":["https:\/\/facebook.com\/claudediolosa","https:\/\/www.instagram.com\/diolosaclaude108\/"]}]}},"_links":{"self":[{"href":"https:\/\/shop.diolosa.com\/pl\/wp-json\/wp\/v2\/product\/3841291","targetHints":{"allow":["GET"]}}],"collection":[{"href":"https:\/\/shop.diolosa.com\/pl\/wp-json\/wp\/v2\/product"}],"about":[{"href":"https:\/\/shop.diolosa.com\/pl\/wp-json\/wp\/v2\/types\/product"}],"wp:featuredmedia":[{"embeddable":true,"href":"https:\/\/shop.diolosa.com\/pl\/wp-json\/wp\/v2\/media\/3835943"}],"wp:attachment":[{"href":"https:\/\/shop.diolosa.com\/pl\/wp-json\/wp\/v2\/media?parent=3841291"}],"wp:term":[{"taxonomy":"product_brand","embeddable":true,"href":"https:\/\/shop.diolosa.com\/pl\/wp-json\/wp\/v2\/product_brand?post=3841291"},{"taxonomy":"product_cat","embeddable":true,"href":"https:\/\/shop.diolosa.com\/pl\/wp-json\/wp\/v2\/product_cat?post=3841291"},{"taxonomy":"product_tag","embeddable":true,"href":"https:\/\/shop.diolosa.com\/pl\/wp-json\/wp\/v2\/product_tag?post=3841291"}],"curies":[{"name":"wp","href":"https:\/\/api.w.org\/{rel}","templated":true}]}}