{"id":3841293,"date":"2019-09-04T12:11:12","date_gmt":"2025-03-10T05:58:19","guid":{"rendered":"https:\/\/shop.diolosa.com\/product\/czarny-ekran-ochronny-wbl\/"},"modified":"2025-05-06T14:54:02","modified_gmt":"2025-05-06T13:54:02","slug":"czarny-ekran-ochronny-wbl","status":"publish","type":"product","link":"https:\/\/shop.diolosa.com\/pl\/product\/czarny-ekran-ochronny-wbl\/","title":{"rendered":"Czarny ekran ochronny WBL"},"content":{"rendered":"<p>WBL BLACK PROTECTION SCREEN jest stosowany w przypadku p\u00f3\u017anych skutk\u00f3w chor\u00f3b zaka\u017anych z wyczerpaniem Yin, Pustym Ciep\u0142em, Krwawym Gor\u0105cem i Wewn\u0119trznym Wiatrem. Preparat ten nie ma na celu rozproszenia patogennych wp\u0142yw\u00f3w, ale leczy p\u00f3\u017ane skutki powa\u017cnych chor\u00f3b zaka\u017anych, grypy lub zapalenia p\u0142uc.<\/p>\n","protected":false},"excerpt":{"rendered":"<p>WBL BLACK PROTECTION SCREEN jest stosowany w przypadku p\u00f3\u017anych skutk\u00f3w  [&#8230;]<\/p>\n","protected":false},"featured_media":3835943,"template":"","meta":{"_acf_changed":false},"product_brand":[],"product_cat":[11771],"product_tag":[12385],"class_list":{"0":"post-3841293","1":"product","2":"type-product","3":"status-publish","4":"has-post-thumbnail","6":"product_cat-wen-bing-lun-pl","7":"product_tag-grypa-puste-cieplo","9":"first","10":"instock","11":"taxable","12":"shipping-taxable","13":"purchasable","14":"product-type-simple"},"acf":{"yn_product_audio":"https:\/\/shop.diolosa.com\/wp-content\/uploads\/2018\/12\/DL_0778.mp3","yn_product_video":"https:\/\/shop.diolosa.com\/wp-content\/uploads\/2019\/09\/WBL-Black-Protection-Screen-.mp4","yn_product_akupunktur":"<p>Qi i yuan tonizuj\u0105 qi<br \/>\nren mai 4 &#8211; guan yuan (mo >) jelito cienkie, w\u0105troba, nerki, \u015bledziona) &#8211; bu fa<br \/>\nren mai 6 &#8211; qi hai &#8211; bu fa<br \/>\n\u015bledziona 3 &#8211; tai bai (yuan) &#8211; bu fa<br \/>\np\u0142uca 9 &#8211; tai yuan &#8211; gui xin (shu, yuan, ba hui xue, gui) &#8211; bu fa<br \/>\n\u017co\u0142\u0105dek 36 &#8211; zu san li (shu, xia he xue &#8211; \u017co\u0142\u0105dek, si hai xue, si zhong xue) &#8211; bu fa<\/p>\n<p>Yin od\u017cywia<br \/>\np\u0142uca 5 &#8211; chi ze (he) &#8211; bu fa<br \/>\n\u015bledziona 6 &#8211; san yin jiao (le,ni,mb) &#8211; bu fa<br \/>\nnerka 6 &#8211; zhao hai (yin qiao mai) &#8211; bu fa<br \/>\nnerka 7 &#8211; fu liu (jing) &#8211; bu fa<br \/>\nnerka 3 &#8211; tai xi (shu,yuan) &#8211; bu fa<br \/>\np\u0119cherz 43 &#8211; gao huang shu &#8211; bu fa  <\/p>\n<p>Nocny pot<br \/>\nserce 7 &#8211; shen men (shu, yuan) &#8211; bu fa<br \/>\nserce 6 &#8211; yin xi (xi) &#8211; bu fa<\/p>\n","yn_product_verabreichungsart":"Pelety 140szt.","yn_product_dosierung":"<p>3 x 6 do 10 granulek dziennie, zawsze przed posi\u0142kami, razem z herbat\u0105 San Bao, przez 90 do 120 dni.<\/p>\n","yn_product_combinations":"<p>KORZE\u0143 YIN i SAN BAO TEE (niedob\u00f3r Yin w nerkach), OCZYSZCZANIE CIEP\u0141A (niedob\u00f3r Yin i puste ciep\u0142o)<\/p>\n","yn_product_avoidable":"<p>Ostre przyprawy, herbata imbirowa, alkohol, ga\u0142ka muszkato\u0142owa, go\u017adziki, koper w\u0142oski, any\u017c, owoce morza, jagni\u0119cina, mi\u0119so drobiowe, zio\u0142a napotne i przeczyszczaj\u0105ce.<\/p>\n","yn_product_tcm_mindmapping":"<p>P\u00f3\u017ane skutki chor\u00f3b WBL > Zubo\u017cenie Yin > Puste ciep\u0142o > Niedob\u00f3r Qi<\/p>\n","yn_product_tongue_body":"<p>W\u0105skie, cienkie, p\u0119kni\u0119te w \u015brodku, ciemnoczerwone<\/p>\n","yn_product_tongue_coating":"<p>Rzadkie, \u017c\u00f3\u0142tawe, suche<\/p>\n","yn_product_pulse_diagnostics":"<p>Pozycja Cun i og\u00f3lnie: fu mai &#8211; powierzchowny, xi mai &#8211; cienki, xian mai &#8211; napi\u0119ty, shuo mai &#8211; szybki, xu mai &#8211; pusty.<\/p>\n","yn_product_indications":"<p>Podgor\u0105czkowa temperatura cia\u0142a, wyczerpanie, nocne poty, ko\u0142atanie serca, l\u0119k, depresja, koszmary senne<\/p>\n","yn_product_contra_indications":"<p>Niedob\u00f3r Yang, wewn\u0119trzne zimno, wilgo\u0107 i nagromadzenie flegmy w Yang Ming<\/p>\n","yn_product_pregnancy":"<p>Dozwolone<\/p>\n","yn_product_herbs":"<p>stellariae radix &#8211; yin chai hu, anemarrhenae rhizoma &#8211; zhi mu, lycii radicis cortex &#8211; di gu pi, glycyrrhizae uralensis radix &#8211; gan cao, opiophogonis radix &#8211; mai men dong, moutan cortex &#8211; mu dan pi, polygonati odorati rhizoma &#8211; yu zhu<\/p>\n","yn_product_magisterrecipes":"<p>Qing Hao Bie Jia Tang, Qing Gu San, San Jia Jian Fu Mai Tang, Liu Wei Di Huang Tang<\/p>\n"},"yoast_head":"<!-- This site is optimized with the Yoast SEO plugin v24.9 - https:\/\/yoast.com\/wordpress\/plugins\/seo\/ -->\n<title>Czarny ekran ochronny WBL - Claude Diolosa<\/title>\n<meta name=\"robots\" content=\"index, follow, max-snippet:-1, max-image-preview:large, max-video-preview:-1\" \/>\n<link rel=\"canonical\" href=\"https:\/\/shop.diolosa.com\/pl\/product\/czarny-ekran-ochronny-wbl\/\" \/>\n<meta property=\"og:locale\" content=\"pl_PL\" \/>\n<meta property=\"og:type\" content=\"article\" \/>\n<meta property=\"og:title\" content=\"Czarny ekran ochronny WBL - Claude Diolosa\" \/>\n<meta property=\"og:description\" content=\"WBL BLACK PROTECTION SCREEN jest stosowany w przypadku p\u00f3\u017anych skutk\u00f3w [...]\" \/>\n<meta property=\"og:url\" content=\"https:\/\/shop.diolosa.com\/pl\/product\/czarny-ekran-ochronny-wbl\/\" \/>\n<meta property=\"og:site_name\" content=\"Claude Diolosa\" \/>\n<meta property=\"article:publisher\" content=\"https:\/\/facebook.com\/claudediolosa\" \/>\n<meta property=\"article:modified_time\" content=\"2025-05-06T13:54:02+00:00\" \/>\n<meta property=\"og:image\" content=\"https:\/\/shop.diolosa.com\/wp-content\/uploads\/2019\/09\/Presslinge-140.jpg\" \/>\n\t<meta property=\"og:image:width\" content=\"800\" \/>\n\t<meta property=\"og:image:height\" content=\"533\" \/>\n\t<meta property=\"og:image:type\" content=\"image\/jpeg\" \/>\n<meta name=\"twitter:card\" content=\"summary_large_image\" \/>\n<script type=\"application\/ld+json\" class=\"yoast-schema-graph\">{\"@context\":\"https:\/\/schema.org\",\"@graph\":[{\"@type\":\"WebPage\",\"@id\":\"https:\/\/shop.diolosa.com\/pl\/product\/czarny-ekran-ochronny-wbl\/\",\"url\":\"https:\/\/shop.diolosa.com\/pl\/product\/czarny-ekran-ochronny-wbl\/\",\"name\":\"Czarny ekran ochronny WBL - Claude Diolosa\",\"isPartOf\":{\"@id\":\"https:\/\/shop.diolosa.com\/pl\/#website\"},\"primaryImageOfPage\":{\"@id\":\"https:\/\/shop.diolosa.com\/pl\/product\/czarny-ekran-ochronny-wbl\/#primaryimage\"},\"image\":{\"@id\":\"https:\/\/shop.diolosa.com\/pl\/product\/czarny-ekran-ochronny-wbl\/#primaryimage\"},\"thumbnailUrl\":\"https:\/\/shop.diolosa.com\/wp-content\/uploads\/2019\/09\/Presslinge-140.jpg\",\"datePublished\":\"2025-03-10T05:58:19+00:00\",\"dateModified\":\"2025-05-06T13:54:02+00:00\",\"breadcrumb\":{\"@id\":\"https:\/\/shop.diolosa.com\/pl\/product\/czarny-ekran-ochronny-wbl\/#breadcrumb\"},\"inLanguage\":\"pl-PL\",\"potentialAction\":[{\"@type\":\"ReadAction\",\"target\":[\"https:\/\/shop.diolosa.com\/pl\/product\/czarny-ekran-ochronny-wbl\/\"]}]},{\"@type\":\"ImageObject\",\"inLanguage\":\"pl-PL\",\"@id\":\"https:\/\/shop.diolosa.com\/pl\/product\/czarny-ekran-ochronny-wbl\/#primaryimage\",\"url\":\"https:\/\/shop.diolosa.com\/wp-content\/uploads\/2019\/09\/Presslinge-140.jpg\",\"contentUrl\":\"https:\/\/shop.diolosa.com\/wp-content\/uploads\/2019\/09\/Presslinge-140.jpg\",\"width\":800,\"height\":533},{\"@type\":\"BreadcrumbList\",\"@id\":\"https:\/\/shop.diolosa.com\/pl\/product\/czarny-ekran-ochronny-wbl\/#breadcrumb\",\"itemListElement\":[{\"@type\":\"ListItem\",\"position\":1,\"name\":\"Startseite\",\"item\":\"https:\/\/shop.diolosa.com\/pl\/?page_id=3835710\"},{\"@type\":\"ListItem\",\"position\":2,\"name\":\"Sklep\",\"item\":\"https:\/\/shop.diolosa.com\/pl\/?page_id=3835710\"},{\"@type\":\"ListItem\",\"position\":3,\"name\":\"Czarny ekran ochronny WBL\"}]},{\"@type\":\"WebSite\",\"@id\":\"https:\/\/shop.diolosa.com\/pl\/#website\",\"url\":\"https:\/\/shop.diolosa.com\/pl\/\",\"name\":\"Claude Diolosa\",\"description\":\"\",\"publisher\":{\"@id\":\"https:\/\/shop.diolosa.com\/pl\/#organization\"},\"potentialAction\":[{\"@type\":\"SearchAction\",\"target\":{\"@type\":\"EntryPoint\",\"urlTemplate\":\"https:\/\/shop.diolosa.com\/pl\/?s={search_term_string}\"},\"query-input\":{\"@type\":\"PropertyValueSpecification\",\"valueRequired\":true,\"valueName\":\"search_term_string\"}}],\"inLanguage\":\"pl-PL\"},{\"@type\":\"Organization\",\"@id\":\"https:\/\/shop.diolosa.com\/pl\/#organization\",\"name\":\"Claude Diolosa\",\"url\":\"https:\/\/shop.diolosa.com\/pl\/\",\"logo\":{\"@type\":\"ImageObject\",\"inLanguage\":\"pl-PL\",\"@id\":\"https:\/\/shop.diolosa.com\/pl\/#\/schema\/logo\/image\/\",\"url\":\"https:\/\/shop.diolosa.com\/wp-content\/uploads\/2019\/08\/diolosa-drop-logo-new.png\",\"contentUrl\":\"https:\/\/shop.diolosa.com\/wp-content\/uploads\/2019\/08\/diolosa-drop-logo-new.png\",\"width\":134,\"height\":176,\"caption\":\"Claude Diolosa\"},\"image\":{\"@id\":\"https:\/\/shop.diolosa.com\/pl\/#\/schema\/logo\/image\/\"},\"sameAs\":[\"https:\/\/facebook.com\/claudediolosa\",\"https:\/\/www.instagram.com\/diolosaclaude108\/\"]}]}<\/script>\n<!-- \/ Yoast SEO plugin. -->","yoast_head_json":{"title":"Czarny ekran ochronny WBL - Claude Diolosa","robots":{"index":"index","follow":"follow","max-snippet":"max-snippet:-1","max-image-preview":"max-image-preview:large","max-video-preview":"max-video-preview:-1"},"canonical":"https:\/\/shop.diolosa.com\/pl\/product\/czarny-ekran-ochronny-wbl\/","og_locale":"pl_PL","og_type":"article","og_title":"Czarny ekran ochronny WBL - Claude Diolosa","og_description":"WBL BLACK PROTECTION SCREEN jest stosowany w przypadku p\u00f3\u017anych skutk\u00f3w [...]","og_url":"https:\/\/shop.diolosa.com\/pl\/product\/czarny-ekran-ochronny-wbl\/","og_site_name":"Claude Diolosa","article_publisher":"https:\/\/facebook.com\/claudediolosa","article_modified_time":"2025-05-06T13:54:02+00:00","og_image":[{"width":800,"height":533,"url":"https:\/\/shop.diolosa.com\/wp-content\/uploads\/2019\/09\/Presslinge-140.jpg","type":"image\/jpeg"}],"twitter_card":"summary_large_image","schema":{"@context":"https:\/\/schema.org","@graph":[{"@type":"WebPage","@id":"https:\/\/shop.diolosa.com\/pl\/product\/czarny-ekran-ochronny-wbl\/","url":"https:\/\/shop.diolosa.com\/pl\/product\/czarny-ekran-ochronny-wbl\/","name":"Czarny ekran ochronny WBL - Claude Diolosa","isPartOf":{"@id":"https:\/\/shop.diolosa.com\/pl\/#website"},"primaryImageOfPage":{"@id":"https:\/\/shop.diolosa.com\/pl\/product\/czarny-ekran-ochronny-wbl\/#primaryimage"},"image":{"@id":"https:\/\/shop.diolosa.com\/pl\/product\/czarny-ekran-ochronny-wbl\/#primaryimage"},"thumbnailUrl":"https:\/\/shop.diolosa.com\/wp-content\/uploads\/2019\/09\/Presslinge-140.jpg","datePublished":"2025-03-10T05:58:19+00:00","dateModified":"2025-05-06T13:54:02+00:00","breadcrumb":{"@id":"https:\/\/shop.diolosa.com\/pl\/product\/czarny-ekran-ochronny-wbl\/#breadcrumb"},"inLanguage":"pl-PL","potentialAction":[{"@type":"ReadAction","target":["https:\/\/shop.diolosa.com\/pl\/product\/czarny-ekran-ochronny-wbl\/"]}]},{"@type":"ImageObject","inLanguage":"pl-PL","@id":"https:\/\/shop.diolosa.com\/pl\/product\/czarny-ekran-ochronny-wbl\/#primaryimage","url":"https:\/\/shop.diolosa.com\/wp-content\/uploads\/2019\/09\/Presslinge-140.jpg","contentUrl":"https:\/\/shop.diolosa.com\/wp-content\/uploads\/2019\/09\/Presslinge-140.jpg","width":800,"height":533},{"@type":"BreadcrumbList","@id":"https:\/\/shop.diolosa.com\/pl\/product\/czarny-ekran-ochronny-wbl\/#breadcrumb","itemListElement":[{"@type":"ListItem","position":1,"name":"Startseite","item":"https:\/\/shop.diolosa.com\/pl\/?page_id=3835710"},{"@type":"ListItem","position":2,"name":"Sklep","item":"https:\/\/shop.diolosa.com\/pl\/?page_id=3835710"},{"@type":"ListItem","position":3,"name":"Czarny ekran ochronny WBL"}]},{"@type":"WebSite","@id":"https:\/\/shop.diolosa.com\/pl\/#website","url":"https:\/\/shop.diolosa.com\/pl\/","name":"Claude Diolosa","description":"","publisher":{"@id":"https:\/\/shop.diolosa.com\/pl\/#organization"},"potentialAction":[{"@type":"SearchAction","target":{"@type":"EntryPoint","urlTemplate":"https:\/\/shop.diolosa.com\/pl\/?s={search_term_string}"},"query-input":{"@type":"PropertyValueSpecification","valueRequired":true,"valueName":"search_term_string"}}],"inLanguage":"pl-PL"},{"@type":"Organization","@id":"https:\/\/shop.diolosa.com\/pl\/#organization","name":"Claude Diolosa","url":"https:\/\/shop.diolosa.com\/pl\/","logo":{"@type":"ImageObject","inLanguage":"pl-PL","@id":"https:\/\/shop.diolosa.com\/pl\/#\/schema\/logo\/image\/","url":"https:\/\/shop.diolosa.com\/wp-content\/uploads\/2019\/08\/diolosa-drop-logo-new.png","contentUrl":"https:\/\/shop.diolosa.com\/wp-content\/uploads\/2019\/08\/diolosa-drop-logo-new.png","width":134,"height":176,"caption":"Claude Diolosa"},"image":{"@id":"https:\/\/shop.diolosa.com\/pl\/#\/schema\/logo\/image\/"},"sameAs":["https:\/\/facebook.com\/claudediolosa","https:\/\/www.instagram.com\/diolosaclaude108\/"]}]}},"_links":{"self":[{"href":"https:\/\/shop.diolosa.com\/pl\/wp-json\/wp\/v2\/product\/3841293","targetHints":{"allow":["GET"]}}],"collection":[{"href":"https:\/\/shop.diolosa.com\/pl\/wp-json\/wp\/v2\/product"}],"about":[{"href":"https:\/\/shop.diolosa.com\/pl\/wp-json\/wp\/v2\/types\/product"}],"wp:featuredmedia":[{"embeddable":true,"href":"https:\/\/shop.diolosa.com\/pl\/wp-json\/wp\/v2\/media\/3835943"}],"wp:attachment":[{"href":"https:\/\/shop.diolosa.com\/pl\/wp-json\/wp\/v2\/media?parent=3841293"}],"wp:term":[{"taxonomy":"product_brand","embeddable":true,"href":"https:\/\/shop.diolosa.com\/pl\/wp-json\/wp\/v2\/product_brand?post=3841293"},{"taxonomy":"product_cat","embeddable":true,"href":"https:\/\/shop.diolosa.com\/pl\/wp-json\/wp\/v2\/product_cat?post=3841293"},{"taxonomy":"product_tag","embeddable":true,"href":"https:\/\/shop.diolosa.com\/pl\/wp-json\/wp\/v2\/product_tag?post=3841293"}],"curies":[{"name":"wp","href":"https:\/\/api.w.org\/{rel}","templated":true}]}}