{"id":3841296,"date":"2019-09-04T12:11:12","date_gmt":"2025-03-10T05:58:19","guid":{"rendered":"https:\/\/shop.diolosa.com\/product\/swiatlo-sloneczne\/"},"modified":"2025-05-06T14:54:01","modified_gmt":"2025-05-06T13:54:01","slug":"swiatlo-sloneczne","status":"publish","type":"product","link":"https:\/\/shop.diolosa.com\/pl\/product\/swiatlo-sloneczne\/","title":{"rendered":"\u015awiat\u0142o s\u0142oneczne"},"content":{"rendered":"<p>SUNLIGHT jest stosowany w leczeniu jaskry lub jaskry z otwartym k\u0105tem przes\u0105czania. Preparat ten od\u017cywia esencj\u0119 i krew, otwiera kana\u0142y i naczynia w szczeg\u00f3lno\u015bci w okolicy oczu, wspomaga kr\u0105\u017cenie krwi i Jin Ye, obni\u017ca ci\u015bnienie w oku bez uszkadzania ci\u015bnienia krwi, wzmacnia Qi \u015bledziony i dzia\u0142a wydalaj\u0105co na flegm\u0119.<br \/>\nPreparat ten ma podw\u00f3jne dzia\u0142anie: Bu Fa i Xie Fa, Bu Fa zwi\u0105zane z esencj\u0105 i krwi\u0105, Xie Fa zwi\u0105zane z blokad\u0105 Qi, krwi, p\u0142yn\u00f3w ustrojowych i flegmy-gor\u0105ca w okolicy oczu.<\/p>\n","protected":false},"excerpt":{"rendered":"<p>SUNLIGHT jest stosowany w leczeniu jaskry lub jaskry z otwartym  [&#8230;]<\/p>\n","protected":false},"featured_media":3835943,"template":"","meta":{"_acf_changed":false},"product_brand":[],"product_cat":[11770],"product_tag":[12388],"class_list":{"0":"post-3841296","1":"product","2":"type-product","3":"status-publish","4":"has-post-thumbnail","6":"product_cat-okulistyka","7":"product_tag-jaskra-jaskra-z-otwartym-katem-przesaczania","9":"first","10":"instock","11":"taxable","12":"shipping-taxable","13":"purchasable","14":"product-type-simple"},"acf":{"yn_product_verabreichungsart":"Pelety 140szt.","yn_product_dosierung":"<p>3 x 4 do 10 tabletek dziennie, zawsze przed posi\u0142kami<\/p>\n","yn_product_combinations":"<p>BRIGHT LIGHT do od\u017cywiania oczu, BEAUTIFUL EYES do usuwania wiatru i ciep\u0142a wiatru, YIN ROOT, SAN BAO TEA do od\u017cywiania esencji i krwi, CALM HEAVEN na boczny b\u00f3l g\u0142owy (woreczek \u017c\u00f3\u0142ciowy), KEEPING BALANCE na wiruj\u0105ce zawroty g\u0142owy, CLEASING THE HEAT (niedob\u00f3r yin nerek i puste ciep\u0142o).<\/p>\n","yn_product_avoidable":"<p>Sma\u017cone i t\u0142uste potrawy, zw\u0142aszcza produkty mleczne, cukier, owoce tropikalne, soki owocowe, margaryna, smalec, wieprzowina.<\/p>\n","yn_product_tcm_mindmapping":"<p>Zast\u00f3j Qi w p\u0119cherzyku \u017c\u00f3\u0142ciowym > Ciep\u0142o \u015bluzu w p\u0119cherzyku \u017c\u00f3\u0142ciowym i \u017co\u0142\u0105dku > atak na oczy > Niedob\u00f3r krwi w w\u0105trobie > Niedob\u00f3r Yin w nerkach > Puste ciep\u0142o > Wiatr<\/p>\n"},"yoast_head":"<!-- This site is optimized with the Yoast SEO plugin v24.9 - https:\/\/yoast.com\/wordpress\/plugins\/seo\/ -->\n<title>\u015awiat\u0142o s\u0142oneczne - Claude Diolosa<\/title>\n<meta name=\"robots\" content=\"index, follow, max-snippet:-1, max-image-preview:large, max-video-preview:-1\" \/>\n<link rel=\"canonical\" href=\"https:\/\/shop.diolosa.com\/pl\/product\/swiatlo-sloneczne\/\" \/>\n<meta property=\"og:locale\" content=\"pl_PL\" \/>\n<meta property=\"og:type\" content=\"article\" \/>\n<meta property=\"og:title\" content=\"\u015awiat\u0142o s\u0142oneczne - Claude Diolosa\" \/>\n<meta property=\"og:description\" content=\"SUNLIGHT jest stosowany w leczeniu jaskry lub jaskry z otwartym [...]\" \/>\n<meta property=\"og:url\" content=\"https:\/\/shop.diolosa.com\/pl\/product\/swiatlo-sloneczne\/\" \/>\n<meta property=\"og:site_name\" content=\"Claude Diolosa\" \/>\n<meta property=\"article:publisher\" content=\"https:\/\/facebook.com\/claudediolosa\" \/>\n<meta property=\"article:modified_time\" content=\"2025-05-06T13:54:01+00:00\" \/>\n<meta property=\"og:image\" content=\"https:\/\/shop.diolosa.com\/wp-content\/uploads\/2019\/09\/Presslinge-140.jpg\" \/>\n\t<meta property=\"og:image:width\" content=\"800\" \/>\n\t<meta property=\"og:image:height\" content=\"533\" \/>\n\t<meta property=\"og:image:type\" content=\"image\/jpeg\" \/>\n<meta name=\"twitter:card\" content=\"summary_large_image\" \/>\n<script type=\"application\/ld+json\" class=\"yoast-schema-graph\">{\"@context\":\"https:\/\/schema.org\",\"@graph\":[{\"@type\":\"WebPage\",\"@id\":\"https:\/\/shop.diolosa.com\/pl\/product\/swiatlo-sloneczne\/\",\"url\":\"https:\/\/shop.diolosa.com\/pl\/product\/swiatlo-sloneczne\/\",\"name\":\"\u015awiat\u0142o s\u0142oneczne - Claude Diolosa\",\"isPartOf\":{\"@id\":\"https:\/\/shop.diolosa.com\/pl\/#website\"},\"primaryImageOfPage\":{\"@id\":\"https:\/\/shop.diolosa.com\/pl\/product\/swiatlo-sloneczne\/#primaryimage\"},\"image\":{\"@id\":\"https:\/\/shop.diolosa.com\/pl\/product\/swiatlo-sloneczne\/#primaryimage\"},\"thumbnailUrl\":\"https:\/\/shop.diolosa.com\/wp-content\/uploads\/2019\/09\/Presslinge-140.jpg\",\"datePublished\":\"2025-03-10T05:58:19+00:00\",\"dateModified\":\"2025-05-06T13:54:01+00:00\",\"breadcrumb\":{\"@id\":\"https:\/\/shop.diolosa.com\/pl\/product\/swiatlo-sloneczne\/#breadcrumb\"},\"inLanguage\":\"pl-PL\",\"potentialAction\":[{\"@type\":\"ReadAction\",\"target\":[\"https:\/\/shop.diolosa.com\/pl\/product\/swiatlo-sloneczne\/\"]}]},{\"@type\":\"ImageObject\",\"inLanguage\":\"pl-PL\",\"@id\":\"https:\/\/shop.diolosa.com\/pl\/product\/swiatlo-sloneczne\/#primaryimage\",\"url\":\"https:\/\/shop.diolosa.com\/wp-content\/uploads\/2019\/09\/Presslinge-140.jpg\",\"contentUrl\":\"https:\/\/shop.diolosa.com\/wp-content\/uploads\/2019\/09\/Presslinge-140.jpg\",\"width\":800,\"height\":533},{\"@type\":\"BreadcrumbList\",\"@id\":\"https:\/\/shop.diolosa.com\/pl\/product\/swiatlo-sloneczne\/#breadcrumb\",\"itemListElement\":[{\"@type\":\"ListItem\",\"position\":1,\"name\":\"Startseite\",\"item\":\"https:\/\/shop.diolosa.com\/pl\/?page_id=3835710\"},{\"@type\":\"ListItem\",\"position\":2,\"name\":\"Sklep\",\"item\":\"https:\/\/shop.diolosa.com\/pl\/?page_id=3835710\"},{\"@type\":\"ListItem\",\"position\":3,\"name\":\"\u015awiat\u0142o s\u0142oneczne\"}]},{\"@type\":\"WebSite\",\"@id\":\"https:\/\/shop.diolosa.com\/pl\/#website\",\"url\":\"https:\/\/shop.diolosa.com\/pl\/\",\"name\":\"Claude Diolosa\",\"description\":\"\",\"publisher\":{\"@id\":\"https:\/\/shop.diolosa.com\/pl\/#organization\"},\"potentialAction\":[{\"@type\":\"SearchAction\",\"target\":{\"@type\":\"EntryPoint\",\"urlTemplate\":\"https:\/\/shop.diolosa.com\/pl\/?s={search_term_string}\"},\"query-input\":{\"@type\":\"PropertyValueSpecification\",\"valueRequired\":true,\"valueName\":\"search_term_string\"}}],\"inLanguage\":\"pl-PL\"},{\"@type\":\"Organization\",\"@id\":\"https:\/\/shop.diolosa.com\/pl\/#organization\",\"name\":\"Claude Diolosa\",\"url\":\"https:\/\/shop.diolosa.com\/pl\/\",\"logo\":{\"@type\":\"ImageObject\",\"inLanguage\":\"pl-PL\",\"@id\":\"https:\/\/shop.diolosa.com\/pl\/#\/schema\/logo\/image\/\",\"url\":\"https:\/\/shop.diolosa.com\/wp-content\/uploads\/2019\/08\/diolosa-drop-logo-new.png\",\"contentUrl\":\"https:\/\/shop.diolosa.com\/wp-content\/uploads\/2019\/08\/diolosa-drop-logo-new.png\",\"width\":134,\"height\":176,\"caption\":\"Claude Diolosa\"},\"image\":{\"@id\":\"https:\/\/shop.diolosa.com\/pl\/#\/schema\/logo\/image\/\"},\"sameAs\":[\"https:\/\/facebook.com\/claudediolosa\",\"https:\/\/www.instagram.com\/diolosaclaude108\/\"]}]}<\/script>\n<!-- \/ Yoast SEO plugin. -->","yoast_head_json":{"title":"\u015awiat\u0142o s\u0142oneczne - Claude Diolosa","robots":{"index":"index","follow":"follow","max-snippet":"max-snippet:-1","max-image-preview":"max-image-preview:large","max-video-preview":"max-video-preview:-1"},"canonical":"https:\/\/shop.diolosa.com\/pl\/product\/swiatlo-sloneczne\/","og_locale":"pl_PL","og_type":"article","og_title":"\u015awiat\u0142o s\u0142oneczne - Claude Diolosa","og_description":"SUNLIGHT jest stosowany w leczeniu jaskry lub jaskry z otwartym [...]","og_url":"https:\/\/shop.diolosa.com\/pl\/product\/swiatlo-sloneczne\/","og_site_name":"Claude Diolosa","article_publisher":"https:\/\/facebook.com\/claudediolosa","article_modified_time":"2025-05-06T13:54:01+00:00","og_image":[{"width":800,"height":533,"url":"https:\/\/shop.diolosa.com\/wp-content\/uploads\/2019\/09\/Presslinge-140.jpg","type":"image\/jpeg"}],"twitter_card":"summary_large_image","schema":{"@context":"https:\/\/schema.org","@graph":[{"@type":"WebPage","@id":"https:\/\/shop.diolosa.com\/pl\/product\/swiatlo-sloneczne\/","url":"https:\/\/shop.diolosa.com\/pl\/product\/swiatlo-sloneczne\/","name":"\u015awiat\u0142o s\u0142oneczne - Claude Diolosa","isPartOf":{"@id":"https:\/\/shop.diolosa.com\/pl\/#website"},"primaryImageOfPage":{"@id":"https:\/\/shop.diolosa.com\/pl\/product\/swiatlo-sloneczne\/#primaryimage"},"image":{"@id":"https:\/\/shop.diolosa.com\/pl\/product\/swiatlo-sloneczne\/#primaryimage"},"thumbnailUrl":"https:\/\/shop.diolosa.com\/wp-content\/uploads\/2019\/09\/Presslinge-140.jpg","datePublished":"2025-03-10T05:58:19+00:00","dateModified":"2025-05-06T13:54:01+00:00","breadcrumb":{"@id":"https:\/\/shop.diolosa.com\/pl\/product\/swiatlo-sloneczne\/#breadcrumb"},"inLanguage":"pl-PL","potentialAction":[{"@type":"ReadAction","target":["https:\/\/shop.diolosa.com\/pl\/product\/swiatlo-sloneczne\/"]}]},{"@type":"ImageObject","inLanguage":"pl-PL","@id":"https:\/\/shop.diolosa.com\/pl\/product\/swiatlo-sloneczne\/#primaryimage","url":"https:\/\/shop.diolosa.com\/wp-content\/uploads\/2019\/09\/Presslinge-140.jpg","contentUrl":"https:\/\/shop.diolosa.com\/wp-content\/uploads\/2019\/09\/Presslinge-140.jpg","width":800,"height":533},{"@type":"BreadcrumbList","@id":"https:\/\/shop.diolosa.com\/pl\/product\/swiatlo-sloneczne\/#breadcrumb","itemListElement":[{"@type":"ListItem","position":1,"name":"Startseite","item":"https:\/\/shop.diolosa.com\/pl\/?page_id=3835710"},{"@type":"ListItem","position":2,"name":"Sklep","item":"https:\/\/shop.diolosa.com\/pl\/?page_id=3835710"},{"@type":"ListItem","position":3,"name":"\u015awiat\u0142o s\u0142oneczne"}]},{"@type":"WebSite","@id":"https:\/\/shop.diolosa.com\/pl\/#website","url":"https:\/\/shop.diolosa.com\/pl\/","name":"Claude Diolosa","description":"","publisher":{"@id":"https:\/\/shop.diolosa.com\/pl\/#organization"},"potentialAction":[{"@type":"SearchAction","target":{"@type":"EntryPoint","urlTemplate":"https:\/\/shop.diolosa.com\/pl\/?s={search_term_string}"},"query-input":{"@type":"PropertyValueSpecification","valueRequired":true,"valueName":"search_term_string"}}],"inLanguage":"pl-PL"},{"@type":"Organization","@id":"https:\/\/shop.diolosa.com\/pl\/#organization","name":"Claude Diolosa","url":"https:\/\/shop.diolosa.com\/pl\/","logo":{"@type":"ImageObject","inLanguage":"pl-PL","@id":"https:\/\/shop.diolosa.com\/pl\/#\/schema\/logo\/image\/","url":"https:\/\/shop.diolosa.com\/wp-content\/uploads\/2019\/08\/diolosa-drop-logo-new.png","contentUrl":"https:\/\/shop.diolosa.com\/wp-content\/uploads\/2019\/08\/diolosa-drop-logo-new.png","width":134,"height":176,"caption":"Claude Diolosa"},"image":{"@id":"https:\/\/shop.diolosa.com\/pl\/#\/schema\/logo\/image\/"},"sameAs":["https:\/\/facebook.com\/claudediolosa","https:\/\/www.instagram.com\/diolosaclaude108\/"]}]}},"_links":{"self":[{"href":"https:\/\/shop.diolosa.com\/pl\/wp-json\/wp\/v2\/product\/3841296","targetHints":{"allow":["GET"]}}],"collection":[{"href":"https:\/\/shop.diolosa.com\/pl\/wp-json\/wp\/v2\/product"}],"about":[{"href":"https:\/\/shop.diolosa.com\/pl\/wp-json\/wp\/v2\/types\/product"}],"wp:featuredmedia":[{"embeddable":true,"href":"https:\/\/shop.diolosa.com\/pl\/wp-json\/wp\/v2\/media\/3835943"}],"wp:attachment":[{"href":"https:\/\/shop.diolosa.com\/pl\/wp-json\/wp\/v2\/media?parent=3841296"}],"wp:term":[{"taxonomy":"product_brand","embeddable":true,"href":"https:\/\/shop.diolosa.com\/pl\/wp-json\/wp\/v2\/product_brand?post=3841296"},{"taxonomy":"product_cat","embeddable":true,"href":"https:\/\/shop.diolosa.com\/pl\/wp-json\/wp\/v2\/product_cat?post=3841296"},{"taxonomy":"product_tag","embeddable":true,"href":"https:\/\/shop.diolosa.com\/pl\/wp-json\/wp\/v2\/product_tag?post=3841296"}],"curies":[{"name":"wp","href":"https:\/\/api.w.org\/{rel}","templated":true}]}}