{"id":3841299,"date":"2019-09-04T12:11:12","date_gmt":"2025-03-10T05:58:22","guid":{"rendered":"https:\/\/shop.diolosa.com\/product\/otwarta-przestrzen\/"},"modified":"2025-05-06T14:54:11","modified_gmt":"2025-05-06T13:54:11","slug":"otwarta-przestrzen","status":"publish","type":"product","link":"https:\/\/shop.diolosa.com\/pl\/product\/otwarta-przestrzen\/","title":{"rendered":"Otwarta przestrze\u0144"},"content":{"rendered":"<p>OPEN SPACE jest stosowany w leczeniu zapalenia \u017co\u0142\u0105dka i powinien by\u0107 przyjmowany w po\u0142\u0105czeniu ze zmian\u0105 diety. Preparat ten harmonizuje ze sob\u0105 drewno i ziemi\u0119, a w szczeg\u00f3lno\u015bci wspiera po\u0142\u0105czenie mi\u0119dzy p\u0119cherzykiem \u017c\u00f3\u0142ciowym a \u017co\u0142\u0105dkiem. OPEN SPACE rozpuszcza Qi i zast\u00f3j krwi, usuwa ciep\u0142o i ciep\u0142o krwi, obni\u017ca buntownicz\u0105 Qi \u017co\u0142\u0105dka, kontroluje kwas \u017co\u0142\u0105dkowy bez szkody dla Qi i Yang \u017co\u0142\u0105dka oraz przeciwdzia\u0142a zbrylaniu si\u0119 i stagnacji pokarmu. (zawiera niewielkie ilo\u015bci glutenu!!!!)<\/p>\n","protected":false},"excerpt":{"rendered":"<p>OPEN SPACE jest stosowany w leczeniu zapalenia \u017co\u0142\u0105dka i powinien  [&#8230;]<\/p>\n","protected":false},"featured_media":3835943,"template":"","meta":{"_acf_changed":false},"product_brand":[],"product_cat":[11867],"product_tag":[12389],"class_list":{"0":"post-3841299","1":"product","2":"type-product","3":"status-publish","4":"has-post-thumbnail","6":"product_cat-gastroenterologia","7":"product_tag-zapalenie-blony-sluzowej-zoladka","9":"first","10":"instock","11":"taxable","12":"shipping-taxable","13":"purchasable","14":"product-type-simple"},"acf":{"yn_product_audio":"https:\/\/shop.diolosa.com\/wp-content\/uploads\/2018\/12\/DL_0303.mp3","yn_product_video":"https:\/\/shop.diolosa.com\/wp-content\/uploads\/2024\/03\/Open-Space.mp4","yn_product_akupunktur":"<p>Harmonizacja p\u0119cherzyka \u017c\u00f3\u0142ciowego i \u017co\u0142\u0105dka<br \/>\np\u0119cherzyk \u017c\u00f3\u0142ciowy 34 &#8211; yang ling quan (he, xia he xue, gui) &#8211; xie fa<br \/>\np\u0119cherzyk \u017c\u00f3\u0142ciowy 40 &#8211; qiu xu (yuan) &#8211; xie fa<br \/>\np\u0119cherzyk \u017c\u00f3\u0142ciowy 41 &#8211; zu lin qi (dai mai, shu) &#8211; xie fa<br \/>\nw\u0105troba 13 &#8211; zhang men (mo spleen, ba hui xue, w\u0105troba i p\u0119cherzyk \u017c\u00f3\u0142ciowy) &#8211; xie fa  <\/p>\n<p>Rozpuszczanie stagnacji Qi \u017co\u0142\u0105dka i ni\u017cszej zbuntowanej Qi<br \/>\n\u017co\u0142\u0105dek 36 &#8211; to san li (shu, xia he xue &#8211; \u017co\u0142\u0105dek, si hai xue, si zhong xue) &#8211; xie fa<br \/>\nkr\u0105\u017cenie 6 &#8211; nei guan (luo, yin wei mai) &#8211; xie fa<br \/>\n\u015bledziona 4 &#8211; gong sun (luo, chong mai) &#8211; xie fa<\/p>\n<p>Oczyszczanie \u017co\u0142\u0105dka z wilgoci, flegmy, gor\u0105ca i toksyn<br \/>\n\u017co\u0142\u0105dek 43 &#8211; xian gu (shu) &#8211; xie fa<br \/>\n\u017co\u0142\u0105dek 44 &#8211; nei ting (ying) &#8211; xie fa<br \/>\nren mai 12 &#8211; zhong wan (mo>\u017co\u0142\u0105dek, ba hui xue, jelito cienkie, san chiao, \u017co\u0142\u0105dek) &#8211; xie fa<br \/>\n\u017co\u0142\u0105dek 25 &#8211; tian shu (mo>jelito grube) &#8211; xie fa \u017co\u0142\u0105dek 37 &#8211; shang ju xu (xia he xue) &#8211; xie fa san chiao, \u017co\u0142\u0105dekjelito grube) &#8211; xie fa<br \/>\n\u017co\u0142\u0105dek 37 &#8211; shang ju xu (xia he xue) &#8211; xie fa<br \/>\n\u017co\u0142\u0105dek 40 &#8211; feng long (luo) &#8211; xie fa<br \/>\nsan chiao 3 &#8211; zhong zhu (shu) &#8211; xie fa<br \/>\nsan chiao 2 &#8211; ye men (ying) &#8211; xie fa  <\/p>\n<p>Shen soothe<br \/>\nstomach 6 &#8211; jia che &#8211; gui chuan (gui) &#8211; xie fa<br \/>\nsi shen cong &#8211; M-HN-1 (m\u00f3zg, cns) &#8211; xie fa<br \/>\nyin tang &#8211; M-HN-3 &#8211; xie fa<\/p>\n","yn_product_verabreichungsart":"Pelety 140szt.","yn_product_dosierung":"<p>3 x 4 do 10 granulek, zawsze przed posi\u0142kami lub jednorazowo (4 do 10 granulek) rano w godzinach \u017co\u0142\u0105dkowych<\/p>\n<p>(zawiera niewielkie ilo\u015bci glutenu!!!!)<\/p>\n","yn_product_combinations":"<p>CONFIDENCE (choroba wrzodowa), FIVE SHELLS (nadkwasota), BURNOUT RELIEF (wypalenie), PEACEFUL NIGHTS (bezsenno\u015b\u0107), CALM RELIEF (nadci\u015bnienie), PEACEFUL GENERAL (cholesterol), NO WORRY (stres), HAPPY DAYS (\u0142agodna depresja), DEEP SLEEP FORTE (bezsenno\u015b\u0107), INTELLIGENT LODGE (obsesyjne my\u015blenie)<\/p>\n","yn_product_avoidable":"<p>Stres, alkohol, kawa, palenie tytoniu, aromatyczne, ostre i gor\u0105ce przyprawy, pieprz, tabasco, ocet, czosnek, cebula, por, jagni\u0119cina, mi\u0119so drobiowe<\/p>\n","yn_product_tcm_mindmapping":"<p>Przekrwienie Qi w\u0105troby lub p\u0119cherzyka \u017c\u00f3\u0142ciowego > Przekrwienie Qi \u017co\u0142\u0105dka > Ciep\u0142o flegmy w \u017co\u0142\u0105dku > Przekrwienie krwi w \u017co\u0142\u0105dku > Buntownicza Qi \u017co\u0142\u0105dka<\/p>\n","yn_product_tongue_body":"<p>Opuchni\u0119te brzegi lub obrz\u0119k po jednej stronie, zaczerwieniony, czerwony czubek j\u0119zyka<\/p>\n","yn_product_tongue_coating":"<p>\u017b\u00f3\u0142tawy do br\u0105zowego w \u015brodku lub smugi, \u017c\u00f3\u0142tawy, lepki, t\u0142usty<\/p>\n","yn_product_pulse_diagnostics":"<p>Pozycja \u017co\u0142\u0105dka i p\u0119cherzyka \u017c\u00f3\u0142ciowego: xian mai &#8211; napi\u0119ta, hua mai &#8211; szybuj\u0105ca, shi mai &#8211; pe\u0142na, se mai &#8211; szorstka, shuo mai &#8211; szybka.<\/p>\n","yn_product_indications":"<p>Stres, b\u00f3l brzucha, nadkwa\u015bno\u015b\u0107, odbijanie, nudno\u015bci, niepok\u00f3j, bezsenno\u015b\u0107<\/p>\n","yn_product_contra_indications":"<p>\u017bo\u0142\u0105dek Zimno, wilgo\u0107 i \u015bluz Zimno<\/p>\n","yn_product_pregnancy":"<p>Dozwolone<\/p>\n","yn_product_herbs":"<p>bupleurum radix &#8211; chai hu, caulis bambusae in taeniam &#8211; zhu ru, scutellariae baicalensis radix &#8211; huang qin, sclerotium poriae cocos &#8211; fu ling, pinelliae ternatae rhizoma &#8211; ban xia, citrus aurantii immaturi &#8211; zhi shi, os sepiae &#8211; hai piao xiao, glycyrrhizae uralensis radix &#8211; gan cao<\/p>\n","yn_product_magisterrecipes":"<p>Xiao Chai Hu Tang, Chai Hu Su Gan San, Si Ni San<\/p>\n"},"yoast_head":"<!-- This site is optimized with the Yoast SEO plugin v24.9 - https:\/\/yoast.com\/wordpress\/plugins\/seo\/ -->\n<title>Otwarta przestrze\u0144 - Claude Diolosa<\/title>\n<meta name=\"robots\" content=\"index, follow, max-snippet:-1, max-image-preview:large, max-video-preview:-1\" \/>\n<link rel=\"canonical\" href=\"https:\/\/shop.diolosa.com\/pl\/product\/otwarta-przestrzen\/\" \/>\n<meta property=\"og:locale\" content=\"pl_PL\" \/>\n<meta property=\"og:type\" content=\"article\" \/>\n<meta property=\"og:title\" content=\"Otwarta przestrze\u0144 - Claude Diolosa\" \/>\n<meta property=\"og:description\" content=\"OPEN SPACE jest stosowany w leczeniu zapalenia \u017co\u0142\u0105dka i powinien [...]\" \/>\n<meta property=\"og:url\" content=\"https:\/\/shop.diolosa.com\/pl\/product\/otwarta-przestrzen\/\" \/>\n<meta property=\"og:site_name\" content=\"Claude Diolosa\" \/>\n<meta property=\"article:publisher\" content=\"https:\/\/facebook.com\/claudediolosa\" \/>\n<meta property=\"article:modified_time\" content=\"2025-05-06T13:54:11+00:00\" \/>\n<meta property=\"og:image\" content=\"https:\/\/shop.diolosa.com\/wp-content\/uploads\/2019\/09\/Presslinge-140.jpg\" \/>\n\t<meta property=\"og:image:width\" content=\"800\" \/>\n\t<meta property=\"og:image:height\" content=\"533\" \/>\n\t<meta property=\"og:image:type\" content=\"image\/jpeg\" \/>\n<meta name=\"twitter:card\" content=\"summary_large_image\" \/>\n<script type=\"application\/ld+json\" class=\"yoast-schema-graph\">{\"@context\":\"https:\/\/schema.org\",\"@graph\":[{\"@type\":\"WebPage\",\"@id\":\"https:\/\/shop.diolosa.com\/pl\/product\/otwarta-przestrzen\/\",\"url\":\"https:\/\/shop.diolosa.com\/pl\/product\/otwarta-przestrzen\/\",\"name\":\"Otwarta przestrze\u0144 - Claude Diolosa\",\"isPartOf\":{\"@id\":\"https:\/\/shop.diolosa.com\/pl\/#website\"},\"primaryImageOfPage\":{\"@id\":\"https:\/\/shop.diolosa.com\/pl\/product\/otwarta-przestrzen\/#primaryimage\"},\"image\":{\"@id\":\"https:\/\/shop.diolosa.com\/pl\/product\/otwarta-przestrzen\/#primaryimage\"},\"thumbnailUrl\":\"https:\/\/shop.diolosa.com\/wp-content\/uploads\/2019\/09\/Presslinge-140.jpg\",\"datePublished\":\"2025-03-10T05:58:22+00:00\",\"dateModified\":\"2025-05-06T13:54:11+00:00\",\"breadcrumb\":{\"@id\":\"https:\/\/shop.diolosa.com\/pl\/product\/otwarta-przestrzen\/#breadcrumb\"},\"inLanguage\":\"pl-PL\",\"potentialAction\":[{\"@type\":\"ReadAction\",\"target\":[\"https:\/\/shop.diolosa.com\/pl\/product\/otwarta-przestrzen\/\"]}]},{\"@type\":\"ImageObject\",\"inLanguage\":\"pl-PL\",\"@id\":\"https:\/\/shop.diolosa.com\/pl\/product\/otwarta-przestrzen\/#primaryimage\",\"url\":\"https:\/\/shop.diolosa.com\/wp-content\/uploads\/2019\/09\/Presslinge-140.jpg\",\"contentUrl\":\"https:\/\/shop.diolosa.com\/wp-content\/uploads\/2019\/09\/Presslinge-140.jpg\",\"width\":800,\"height\":533},{\"@type\":\"BreadcrumbList\",\"@id\":\"https:\/\/shop.diolosa.com\/pl\/product\/otwarta-przestrzen\/#breadcrumb\",\"itemListElement\":[{\"@type\":\"ListItem\",\"position\":1,\"name\":\"Startseite\",\"item\":\"https:\/\/shop.diolosa.com\/pl\/?page_id=3835710\"},{\"@type\":\"ListItem\",\"position\":2,\"name\":\"Sklep\",\"item\":\"https:\/\/shop.diolosa.com\/pl\/?page_id=3835710\"},{\"@type\":\"ListItem\",\"position\":3,\"name\":\"Otwarta przestrze\u0144\"}]},{\"@type\":\"WebSite\",\"@id\":\"https:\/\/shop.diolosa.com\/pl\/#website\",\"url\":\"https:\/\/shop.diolosa.com\/pl\/\",\"name\":\"Claude Diolosa\",\"description\":\"\",\"publisher\":{\"@id\":\"https:\/\/shop.diolosa.com\/pl\/#organization\"},\"potentialAction\":[{\"@type\":\"SearchAction\",\"target\":{\"@type\":\"EntryPoint\",\"urlTemplate\":\"https:\/\/shop.diolosa.com\/pl\/?s={search_term_string}\"},\"query-input\":{\"@type\":\"PropertyValueSpecification\",\"valueRequired\":true,\"valueName\":\"search_term_string\"}}],\"inLanguage\":\"pl-PL\"},{\"@type\":\"Organization\",\"@id\":\"https:\/\/shop.diolosa.com\/pl\/#organization\",\"name\":\"Claude Diolosa\",\"url\":\"https:\/\/shop.diolosa.com\/pl\/\",\"logo\":{\"@type\":\"ImageObject\",\"inLanguage\":\"pl-PL\",\"@id\":\"https:\/\/shop.diolosa.com\/pl\/#\/schema\/logo\/image\/\",\"url\":\"https:\/\/shop.diolosa.com\/wp-content\/uploads\/2019\/08\/diolosa-drop-logo-new.png\",\"contentUrl\":\"https:\/\/shop.diolosa.com\/wp-content\/uploads\/2019\/08\/diolosa-drop-logo-new.png\",\"width\":134,\"height\":176,\"caption\":\"Claude Diolosa\"},\"image\":{\"@id\":\"https:\/\/shop.diolosa.com\/pl\/#\/schema\/logo\/image\/\"},\"sameAs\":[\"https:\/\/facebook.com\/claudediolosa\",\"https:\/\/www.instagram.com\/diolosaclaude108\/\"]}]}<\/script>\n<!-- \/ Yoast SEO plugin. -->","yoast_head_json":{"title":"Otwarta przestrze\u0144 - Claude Diolosa","robots":{"index":"index","follow":"follow","max-snippet":"max-snippet:-1","max-image-preview":"max-image-preview:large","max-video-preview":"max-video-preview:-1"},"canonical":"https:\/\/shop.diolosa.com\/pl\/product\/otwarta-przestrzen\/","og_locale":"pl_PL","og_type":"article","og_title":"Otwarta przestrze\u0144 - Claude Diolosa","og_description":"OPEN SPACE jest stosowany w leczeniu zapalenia \u017co\u0142\u0105dka i powinien [...]","og_url":"https:\/\/shop.diolosa.com\/pl\/product\/otwarta-przestrzen\/","og_site_name":"Claude Diolosa","article_publisher":"https:\/\/facebook.com\/claudediolosa","article_modified_time":"2025-05-06T13:54:11+00:00","og_image":[{"width":800,"height":533,"url":"https:\/\/shop.diolosa.com\/wp-content\/uploads\/2019\/09\/Presslinge-140.jpg","type":"image\/jpeg"}],"twitter_card":"summary_large_image","schema":{"@context":"https:\/\/schema.org","@graph":[{"@type":"WebPage","@id":"https:\/\/shop.diolosa.com\/pl\/product\/otwarta-przestrzen\/","url":"https:\/\/shop.diolosa.com\/pl\/product\/otwarta-przestrzen\/","name":"Otwarta przestrze\u0144 - Claude Diolosa","isPartOf":{"@id":"https:\/\/shop.diolosa.com\/pl\/#website"},"primaryImageOfPage":{"@id":"https:\/\/shop.diolosa.com\/pl\/product\/otwarta-przestrzen\/#primaryimage"},"image":{"@id":"https:\/\/shop.diolosa.com\/pl\/product\/otwarta-przestrzen\/#primaryimage"},"thumbnailUrl":"https:\/\/shop.diolosa.com\/wp-content\/uploads\/2019\/09\/Presslinge-140.jpg","datePublished":"2025-03-10T05:58:22+00:00","dateModified":"2025-05-06T13:54:11+00:00","breadcrumb":{"@id":"https:\/\/shop.diolosa.com\/pl\/product\/otwarta-przestrzen\/#breadcrumb"},"inLanguage":"pl-PL","potentialAction":[{"@type":"ReadAction","target":["https:\/\/shop.diolosa.com\/pl\/product\/otwarta-przestrzen\/"]}]},{"@type":"ImageObject","inLanguage":"pl-PL","@id":"https:\/\/shop.diolosa.com\/pl\/product\/otwarta-przestrzen\/#primaryimage","url":"https:\/\/shop.diolosa.com\/wp-content\/uploads\/2019\/09\/Presslinge-140.jpg","contentUrl":"https:\/\/shop.diolosa.com\/wp-content\/uploads\/2019\/09\/Presslinge-140.jpg","width":800,"height":533},{"@type":"BreadcrumbList","@id":"https:\/\/shop.diolosa.com\/pl\/product\/otwarta-przestrzen\/#breadcrumb","itemListElement":[{"@type":"ListItem","position":1,"name":"Startseite","item":"https:\/\/shop.diolosa.com\/pl\/?page_id=3835710"},{"@type":"ListItem","position":2,"name":"Sklep","item":"https:\/\/shop.diolosa.com\/pl\/?page_id=3835710"},{"@type":"ListItem","position":3,"name":"Otwarta przestrze\u0144"}]},{"@type":"WebSite","@id":"https:\/\/shop.diolosa.com\/pl\/#website","url":"https:\/\/shop.diolosa.com\/pl\/","name":"Claude Diolosa","description":"","publisher":{"@id":"https:\/\/shop.diolosa.com\/pl\/#organization"},"potentialAction":[{"@type":"SearchAction","target":{"@type":"EntryPoint","urlTemplate":"https:\/\/shop.diolosa.com\/pl\/?s={search_term_string}"},"query-input":{"@type":"PropertyValueSpecification","valueRequired":true,"valueName":"search_term_string"}}],"inLanguage":"pl-PL"},{"@type":"Organization","@id":"https:\/\/shop.diolosa.com\/pl\/#organization","name":"Claude Diolosa","url":"https:\/\/shop.diolosa.com\/pl\/","logo":{"@type":"ImageObject","inLanguage":"pl-PL","@id":"https:\/\/shop.diolosa.com\/pl\/#\/schema\/logo\/image\/","url":"https:\/\/shop.diolosa.com\/wp-content\/uploads\/2019\/08\/diolosa-drop-logo-new.png","contentUrl":"https:\/\/shop.diolosa.com\/wp-content\/uploads\/2019\/08\/diolosa-drop-logo-new.png","width":134,"height":176,"caption":"Claude Diolosa"},"image":{"@id":"https:\/\/shop.diolosa.com\/pl\/#\/schema\/logo\/image\/"},"sameAs":["https:\/\/facebook.com\/claudediolosa","https:\/\/www.instagram.com\/diolosaclaude108\/"]}]}},"_links":{"self":[{"href":"https:\/\/shop.diolosa.com\/pl\/wp-json\/wp\/v2\/product\/3841299","targetHints":{"allow":["GET"]}}],"collection":[{"href":"https:\/\/shop.diolosa.com\/pl\/wp-json\/wp\/v2\/product"}],"about":[{"href":"https:\/\/shop.diolosa.com\/pl\/wp-json\/wp\/v2\/types\/product"}],"wp:featuredmedia":[{"embeddable":true,"href":"https:\/\/shop.diolosa.com\/pl\/wp-json\/wp\/v2\/media\/3835943"}],"wp:attachment":[{"href":"https:\/\/shop.diolosa.com\/pl\/wp-json\/wp\/v2\/media?parent=3841299"}],"wp:term":[{"taxonomy":"product_brand","embeddable":true,"href":"https:\/\/shop.diolosa.com\/pl\/wp-json\/wp\/v2\/product_brand?post=3841299"},{"taxonomy":"product_cat","embeddable":true,"href":"https:\/\/shop.diolosa.com\/pl\/wp-json\/wp\/v2\/product_cat?post=3841299"},{"taxonomy":"product_tag","embeddable":true,"href":"https:\/\/shop.diolosa.com\/pl\/wp-json\/wp\/v2\/product_tag?post=3841299"}],"curies":[{"name":"wp","href":"https:\/\/api.w.org\/{rel}","templated":true}]}}