{"id":3841302,"date":"2019-09-04T12:11:12","date_gmt":"2025-03-10T05:58:23","guid":{"rendered":"https:\/\/shop.diolosa.com\/product\/zel-promienny-usmiech\/"},"modified":"2025-05-06T14:54:02","modified_gmt":"2025-05-06T13:54:02","slug":"zel-promienny-usmiech","status":"publish","type":"product","link":"https:\/\/shop.diolosa.com\/pl\/product\/zel-promienny-usmiech\/","title":{"rendered":"\u017bel Promienny U\u015bmiech"},"content":{"rendered":"<p>RADIANT SMILE GEL jest stosowany w leczeniu zapalenia dzi\u0105se\u0142, paradontozy i ropni dzi\u0105se\u0142. \u017bel ten usuwa ciep\u0142o i toksyny, usuwa krwiaki, zatrzymuje krwawienie, wspomaga gojenie si\u0119 ran i \u0142agodzi b\u00f3l. RADIANT SMILE GEL nale\u017cy stosowa\u0107 kilka razy dziennie w przypadku ostrych stan\u00f3w zapalnych i wmasowywa\u0107 do momentu wch\u0142oni\u0119cia sk\u0142adnika przez dzi\u0105s\u0142a.  <\/p>\n<p>&nbsp;<\/p>\n","protected":false},"excerpt":{"rendered":"<p>&nbsp;<\/p>\n<p>&nbsp;<\/p>\n","protected":false},"featured_media":3841303,"template":"","meta":{"_acf_changed":false},"product_brand":[],"product_cat":[11972],"product_tag":[11974,11973],"class_list":{"0":"post-3841302","1":"product","2":"type-product","3":"status-publish","4":"has-post-thumbnail","6":"product_cat-stomatologia","7":"product_tag-ropien-dziasla","8":"product_tag-zapalenie-dziasel","10":"first","11":"instock","12":"taxable","13":"shipping-taxable","14":"purchasable","15":"product-type-simple"},"acf":{"yn_product_audio":"https:\/\/shop.diolosa.com\/wp-content\/uploads\/2018\/12\/DL_0966.mp3","yn_product_video":"https:\/\/shop.diolosa.com\/wp-content\/uploads\/2025\/03\/Radiant-Smile-Gel-.mp4","yn_product_akupunktur":"<p>Leczenie miejscowe<br \/>\n\u017co\u0142\u0105dek 6 &#8211; jia che &#8211; gui chuan (gui) &#8211; xie fa<br \/>\n\u017co\u0142\u0105dek 4 &#8211; di cang &#8211; xie fa<br \/>\n\u017co\u0142\u0105dek 8 &#8211; tou wei (woreczek \u017c\u00f3\u0142ciowy, yang wei mai) &#8211; xie fa  <\/p>\n<p>Zdalne punkty<br \/>\n\u017co\u0142\u0105dek 44 &#8211; nei ting (ying) &#8211; xie fa<br \/>\njelito grube 2 &#8211; er jian (ying) &#8211; xie fa<br \/>\njelito grube 11 &#8211; qu chi &#8211; gui tui (he &#8211; gui) &#8211; xie fa<br \/>\njelito cienkie 2 &#8211; qian gu (ying) &#8211; xie fa<br \/>\njelito grube 4 &#8211; he gu (yuan) &#8211; xie fa w\u0105troba 2 &#8211; xing jian (xi) &#8211; xie fa 7 \u015bledziona he gu (yuan) &#8211; xie fa<br \/>\n\u017co\u0142\u0105dek 34 &#8211; liang qiu (xi) &#8211; xie fa<br \/>\nw\u0105troba 2 &#8211; xing jian (ying) &#8211; xie fa<br \/>\n\u015bledziona 10 &#8211; xue hai (jezioro krwi) &#8211; xie fa<br \/>\nworeczek \u017c\u00f3\u0142ciowy 34 &#8211; yang ling quan (he, xia he xue, gui) &#8211; xie fa  <\/p>\n<p>Shen clarify<br \/>\nsi shen cong &#8211; M-HN-1 (m\u00f3zg, cns) &#8211; xie fa<br \/>\ndu mai 20 &#8211; bai hui &#8211; bai lao (jezioro szpiku kostnego, p\u0119cherz) &#8211; xie fa<br \/>\ndu mai 24 &#8211; shen ting (p\u0119cherz, \u017co\u0142\u0105dek, gui) &#8211; xie fa  <\/p>\n<p>Stymuluje pasa\u017c jelitowy<br \/>\n\u017co\u0142\u0105dek 37 &#8211; shang ju xu (xia he xue &#8211; jelito grube, jezioro krwi, chong mai) &#8211; xie fa<br \/>\n\u017co\u0142\u0105dek 39 &#8211; xia ju xu (xia he xue &#8211; jelito cienkie, jezioro krwi, chong mai) &#8211; xie fa<br \/>\n\u017co\u0142\u0105dek 25 &#8211; tian shu (mo &#8211; jelito grube) &#8211; xie fa<br \/>\njelito grube 4 &#8211; he gu (yuan) &#8211; xie fa<br \/>\n\u015bledziona 15 &#8211; da heng (yin wei mai) &#8211; xie fa  <\/p>\n<p>Oczy\u015bci\u0107 ciep\u0142o krwi<br \/>\nw\u0105troba 2 &#8211; xing jian (ying) &#8211; xie fa<br \/>\n\u017co\u0142\u0105dek 44 &#8211; nei ting (ying) &#8211; xie fa<br \/>\n\u015bledziona 10 &#8211; xue hai (jezioro krwi) &#8211; xie fa  <\/p>\n<p>Nerki Yin tonizuj\u0105<br \/>\nnerka 3 &#8211; tai xi (shu,yuan) &#8211; bu fa<br \/>\nnerka 7 &#8211; fu liu (jing) &#8211; bu fa<br \/>\nnerka 6 &#8211; zhao hai (yin qiao mai) &#8211; bu fa<\/p>\n","yn_product_verabreichungsart":"\u017bel","yn_product_dosierung":"<p>Stosowa\u0107 kilka razy dziennie<\/p>\n","yn_product_combinations":"<p>OTWARTA PRZESTRZE\u0143 (zapalenie b\u0142ony \u015bluzowej \u017co\u0142\u0105dka), OCZYSZCZANIE CIEP\u0141A w przypadku niedoboru Yin nerek z pustym ciep\u0142em<\/p>\n","yn_product_avoidable":"<p>S\u0142odycze, ostre przyprawy, alkohol, chili, szczypiorek, dymka, por, czosnek, cebula, szalotka, go\u017adziki, ga\u0142ka muszkato\u0142owa, imbir, krewetki, homar, jagni\u0119cina, kurczak, wieprzowina, szynka, kie\u0142basa, podroby, pasztety, w\u0119dzenie, ocet, tabasco, musztarda, czekolada, sma\u017cone potrawy, jagody ja\u0142owca, go\u017adziki.<\/p>\n","yn_product_tcm_mindmapping":"<p>Ciep\u0142o wilgoci Yang Ming > Ciep\u0142o wilgoci dzi\u0105se\u0142 Toksyny > Ciep\u0142o krwi Krwawienie > Ropie\u0144<\/p>\n","yn_product_tongue_body":"<p>Szerokie, czerwone, czasami pop\u0119kane w \u015brodku, nie\u015bwie\u017cy oddech<\/p>\n","yn_product_tongue_coating":"<p>\u017b\u00f3\u0142tawy i g\u0119sty, szczeg\u00f3lnie na \u015brodku i u nasady j\u0119zyka.<\/p>\n","yn_product_pulse_diagnostics":"<p>Puls \u017co\u0142\u0105dka: xian mai &#8211; napi\u0119ty, hua mai &#8211; szybuj\u0105cy, shi mai &#8211; pe\u0142ny, shuo mai &#8211; szybki<br \/>\nPuls nerek Yin: chen mai &#8211; g\u0142\u0119boki, xi mai &#8211; cienki, xu mai &#8211; pusty, shuo mai &#8211; szybki<\/p>\n","yn_product_indications":"<p>Zapalenie dzi\u0105se\u0142 (zapalenie dzi\u0105se\u0142), ropie\u0144 dzi\u0105se\u0142, krwawienie dzi\u0105se\u0142, zapalenie przyz\u0119bia.<\/p>\n","yn_product_contra_indications":"<p>Yang Ming Wilgo\u0107 Ch\u0142\u00f3d<\/p>\n","yn_product_pregnancy":"<p>Dozwolone<\/p>\n","yn_product_herbs":"<p>cimicifuga rhizoma &#8211; sheng ma, menthae haplocalycis herba &#8211; bo he, borneolum (dryobalanops aromitaca) &#8211; bing pian, lonicerae japonicae flos &#8211; jin yin hua<\/p>\n","yn_product_magisterrecipes":"<p>Huang Lian Wen Dan Tang, Qing Wei San<\/p>\n"},"yoast_head":"<!-- This site is optimized with the Yoast SEO plugin v24.9 - https:\/\/yoast.com\/wordpress\/plugins\/seo\/ -->\n<title>\u017bel Promienny U\u015bmiech - Claude Diolosa<\/title>\n<meta name=\"robots\" content=\"index, follow, max-snippet:-1, max-image-preview:large, max-video-preview:-1\" \/>\n<link rel=\"canonical\" href=\"https:\/\/shop.diolosa.com\/pl\/product\/zel-promienny-usmiech\/\" \/>\n<meta property=\"og:locale\" content=\"pl_PL\" \/>\n<meta property=\"og:type\" content=\"article\" \/>\n<meta property=\"og:title\" content=\"\u017bel Promienny U\u015bmiech - Claude Diolosa\" \/>\n<meta property=\"og:description\" content=\"&nbsp; &nbsp;\" \/>\n<meta property=\"og:url\" content=\"https:\/\/shop.diolosa.com\/pl\/product\/zel-promienny-usmiech\/\" \/>\n<meta property=\"og:site_name\" content=\"Claude Diolosa\" \/>\n<meta property=\"article:publisher\" content=\"https:\/\/facebook.com\/claudediolosa\" \/>\n<meta property=\"article:modified_time\" content=\"2025-05-06T13:54:02+00:00\" \/>\n<meta property=\"og:image\" content=\"https:\/\/shop.diolosa.com\/wp-content\/uploads\/2019\/07\/DL_966_Apotheke_IBK_Produkte.jpg\" \/>\n\t<meta property=\"og:image:width\" content=\"800\" \/>\n\t<meta property=\"og:image:height\" content=\"533\" \/>\n\t<meta property=\"og:image:type\" content=\"image\/jpeg\" \/>\n<meta name=\"twitter:card\" content=\"summary_large_image\" \/>\n<script type=\"application\/ld+json\" class=\"yoast-schema-graph\">{\"@context\":\"https:\/\/schema.org\",\"@graph\":[{\"@type\":\"WebPage\",\"@id\":\"https:\/\/shop.diolosa.com\/pl\/product\/zel-promienny-usmiech\/\",\"url\":\"https:\/\/shop.diolosa.com\/pl\/product\/zel-promienny-usmiech\/\",\"name\":\"\u017bel Promienny U\u015bmiech - Claude Diolosa\",\"isPartOf\":{\"@id\":\"https:\/\/shop.diolosa.com\/pl\/#website\"},\"primaryImageOfPage\":{\"@id\":\"https:\/\/shop.diolosa.com\/pl\/product\/zel-promienny-usmiech\/#primaryimage\"},\"image\":{\"@id\":\"https:\/\/shop.diolosa.com\/pl\/product\/zel-promienny-usmiech\/#primaryimage\"},\"thumbnailUrl\":\"https:\/\/shop.diolosa.com\/wp-content\/uploads\/2019\/07\/DL_966_Apotheke_IBK_Produkte.jpg\",\"datePublished\":\"2025-03-10T05:58:23+00:00\",\"dateModified\":\"2025-05-06T13:54:02+00:00\",\"breadcrumb\":{\"@id\":\"https:\/\/shop.diolosa.com\/pl\/product\/zel-promienny-usmiech\/#breadcrumb\"},\"inLanguage\":\"pl-PL\",\"potentialAction\":[{\"@type\":\"ReadAction\",\"target\":[\"https:\/\/shop.diolosa.com\/pl\/product\/zel-promienny-usmiech\/\"]}]},{\"@type\":\"ImageObject\",\"inLanguage\":\"pl-PL\",\"@id\":\"https:\/\/shop.diolosa.com\/pl\/product\/zel-promienny-usmiech\/#primaryimage\",\"url\":\"https:\/\/shop.diolosa.com\/wp-content\/uploads\/2019\/07\/DL_966_Apotheke_IBK_Produkte.jpg\",\"contentUrl\":\"https:\/\/shop.diolosa.com\/wp-content\/uploads\/2019\/07\/DL_966_Apotheke_IBK_Produkte.jpg\",\"width\":800,\"height\":533},{\"@type\":\"BreadcrumbList\",\"@id\":\"https:\/\/shop.diolosa.com\/pl\/product\/zel-promienny-usmiech\/#breadcrumb\",\"itemListElement\":[{\"@type\":\"ListItem\",\"position\":1,\"name\":\"Startseite\",\"item\":\"https:\/\/shop.diolosa.com\/pl\/?page_id=3835710\"},{\"@type\":\"ListItem\",\"position\":2,\"name\":\"Sklep\",\"item\":\"https:\/\/shop.diolosa.com\/pl\/?page_id=3835710\"},{\"@type\":\"ListItem\",\"position\":3,\"name\":\"\u017bel Promienny U\u015bmiech\"}]},{\"@type\":\"WebSite\",\"@id\":\"https:\/\/shop.diolosa.com\/pl\/#website\",\"url\":\"https:\/\/shop.diolosa.com\/pl\/\",\"name\":\"Claude Diolosa\",\"description\":\"\",\"publisher\":{\"@id\":\"https:\/\/shop.diolosa.com\/pl\/#organization\"},\"potentialAction\":[{\"@type\":\"SearchAction\",\"target\":{\"@type\":\"EntryPoint\",\"urlTemplate\":\"https:\/\/shop.diolosa.com\/pl\/?s={search_term_string}\"},\"query-input\":{\"@type\":\"PropertyValueSpecification\",\"valueRequired\":true,\"valueName\":\"search_term_string\"}}],\"inLanguage\":\"pl-PL\"},{\"@type\":\"Organization\",\"@id\":\"https:\/\/shop.diolosa.com\/pl\/#organization\",\"name\":\"Claude Diolosa\",\"url\":\"https:\/\/shop.diolosa.com\/pl\/\",\"logo\":{\"@type\":\"ImageObject\",\"inLanguage\":\"pl-PL\",\"@id\":\"https:\/\/shop.diolosa.com\/pl\/#\/schema\/logo\/image\/\",\"url\":\"https:\/\/shop.diolosa.com\/wp-content\/uploads\/2019\/08\/diolosa-drop-logo-new.png\",\"contentUrl\":\"https:\/\/shop.diolosa.com\/wp-content\/uploads\/2019\/08\/diolosa-drop-logo-new.png\",\"width\":134,\"height\":176,\"caption\":\"Claude Diolosa\"},\"image\":{\"@id\":\"https:\/\/shop.diolosa.com\/pl\/#\/schema\/logo\/image\/\"},\"sameAs\":[\"https:\/\/facebook.com\/claudediolosa\",\"https:\/\/www.instagram.com\/diolosaclaude108\/\"]}]}<\/script>\n<!-- \/ Yoast SEO plugin. -->","yoast_head_json":{"title":"\u017bel Promienny U\u015bmiech - Claude Diolosa","robots":{"index":"index","follow":"follow","max-snippet":"max-snippet:-1","max-image-preview":"max-image-preview:large","max-video-preview":"max-video-preview:-1"},"canonical":"https:\/\/shop.diolosa.com\/pl\/product\/zel-promienny-usmiech\/","og_locale":"pl_PL","og_type":"article","og_title":"\u017bel Promienny U\u015bmiech - Claude Diolosa","og_description":"&nbsp; &nbsp;","og_url":"https:\/\/shop.diolosa.com\/pl\/product\/zel-promienny-usmiech\/","og_site_name":"Claude Diolosa","article_publisher":"https:\/\/facebook.com\/claudediolosa","article_modified_time":"2025-05-06T13:54:02+00:00","og_image":[{"width":800,"height":533,"url":"https:\/\/shop.diolosa.com\/wp-content\/uploads\/2019\/07\/DL_966_Apotheke_IBK_Produkte.jpg","type":"image\/jpeg"}],"twitter_card":"summary_large_image","schema":{"@context":"https:\/\/schema.org","@graph":[{"@type":"WebPage","@id":"https:\/\/shop.diolosa.com\/pl\/product\/zel-promienny-usmiech\/","url":"https:\/\/shop.diolosa.com\/pl\/product\/zel-promienny-usmiech\/","name":"\u017bel Promienny U\u015bmiech - Claude Diolosa","isPartOf":{"@id":"https:\/\/shop.diolosa.com\/pl\/#website"},"primaryImageOfPage":{"@id":"https:\/\/shop.diolosa.com\/pl\/product\/zel-promienny-usmiech\/#primaryimage"},"image":{"@id":"https:\/\/shop.diolosa.com\/pl\/product\/zel-promienny-usmiech\/#primaryimage"},"thumbnailUrl":"https:\/\/shop.diolosa.com\/wp-content\/uploads\/2019\/07\/DL_966_Apotheke_IBK_Produkte.jpg","datePublished":"2025-03-10T05:58:23+00:00","dateModified":"2025-05-06T13:54:02+00:00","breadcrumb":{"@id":"https:\/\/shop.diolosa.com\/pl\/product\/zel-promienny-usmiech\/#breadcrumb"},"inLanguage":"pl-PL","potentialAction":[{"@type":"ReadAction","target":["https:\/\/shop.diolosa.com\/pl\/product\/zel-promienny-usmiech\/"]}]},{"@type":"ImageObject","inLanguage":"pl-PL","@id":"https:\/\/shop.diolosa.com\/pl\/product\/zel-promienny-usmiech\/#primaryimage","url":"https:\/\/shop.diolosa.com\/wp-content\/uploads\/2019\/07\/DL_966_Apotheke_IBK_Produkte.jpg","contentUrl":"https:\/\/shop.diolosa.com\/wp-content\/uploads\/2019\/07\/DL_966_Apotheke_IBK_Produkte.jpg","width":800,"height":533},{"@type":"BreadcrumbList","@id":"https:\/\/shop.diolosa.com\/pl\/product\/zel-promienny-usmiech\/#breadcrumb","itemListElement":[{"@type":"ListItem","position":1,"name":"Startseite","item":"https:\/\/shop.diolosa.com\/pl\/?page_id=3835710"},{"@type":"ListItem","position":2,"name":"Sklep","item":"https:\/\/shop.diolosa.com\/pl\/?page_id=3835710"},{"@type":"ListItem","position":3,"name":"\u017bel Promienny U\u015bmiech"}]},{"@type":"WebSite","@id":"https:\/\/shop.diolosa.com\/pl\/#website","url":"https:\/\/shop.diolosa.com\/pl\/","name":"Claude Diolosa","description":"","publisher":{"@id":"https:\/\/shop.diolosa.com\/pl\/#organization"},"potentialAction":[{"@type":"SearchAction","target":{"@type":"EntryPoint","urlTemplate":"https:\/\/shop.diolosa.com\/pl\/?s={search_term_string}"},"query-input":{"@type":"PropertyValueSpecification","valueRequired":true,"valueName":"search_term_string"}}],"inLanguage":"pl-PL"},{"@type":"Organization","@id":"https:\/\/shop.diolosa.com\/pl\/#organization","name":"Claude Diolosa","url":"https:\/\/shop.diolosa.com\/pl\/","logo":{"@type":"ImageObject","inLanguage":"pl-PL","@id":"https:\/\/shop.diolosa.com\/pl\/#\/schema\/logo\/image\/","url":"https:\/\/shop.diolosa.com\/wp-content\/uploads\/2019\/08\/diolosa-drop-logo-new.png","contentUrl":"https:\/\/shop.diolosa.com\/wp-content\/uploads\/2019\/08\/diolosa-drop-logo-new.png","width":134,"height":176,"caption":"Claude Diolosa"},"image":{"@id":"https:\/\/shop.diolosa.com\/pl\/#\/schema\/logo\/image\/"},"sameAs":["https:\/\/facebook.com\/claudediolosa","https:\/\/www.instagram.com\/diolosaclaude108\/"]}]}},"_links":{"self":[{"href":"https:\/\/shop.diolosa.com\/pl\/wp-json\/wp\/v2\/product\/3841302","targetHints":{"allow":["GET"]}}],"collection":[{"href":"https:\/\/shop.diolosa.com\/pl\/wp-json\/wp\/v2\/product"}],"about":[{"href":"https:\/\/shop.diolosa.com\/pl\/wp-json\/wp\/v2\/types\/product"}],"wp:featuredmedia":[{"embeddable":true,"href":"https:\/\/shop.diolosa.com\/pl\/wp-json\/wp\/v2\/media\/3841303"}],"wp:attachment":[{"href":"https:\/\/shop.diolosa.com\/pl\/wp-json\/wp\/v2\/media?parent=3841302"}],"wp:term":[{"taxonomy":"product_brand","embeddable":true,"href":"https:\/\/shop.diolosa.com\/pl\/wp-json\/wp\/v2\/product_brand?post=3841302"},{"taxonomy":"product_cat","embeddable":true,"href":"https:\/\/shop.diolosa.com\/pl\/wp-json\/wp\/v2\/product_cat?post=3841302"},{"taxonomy":"product_tag","embeddable":true,"href":"https:\/\/shop.diolosa.com\/pl\/wp-json\/wp\/v2\/product_tag?post=3841302"}],"curies":[{"name":"wp","href":"https:\/\/api.w.org\/{rel}","templated":true}]}}