{"id":3841307,"date":"2019-09-04T12:11:12","date_gmt":"2025-03-10T05:58:24","guid":{"rendered":"https:\/\/shop.diolosa.com\/product\/uwaznosc\/"},"modified":"2025-05-06T14:54:04","modified_gmt":"2025-05-06T13:54:04","slug":"uwaznosc","status":"publish","type":"product","link":"https:\/\/shop.diolosa.com\/pl\/product\/uwaznosc\/","title":{"rendered":"Uwa\u017cno\u015b\u0107"},"content":{"rendered":"<p>MINDFULNESS jest wa\u017cnym preparatem dla student\u00f3w i jest stosowany w leczeniu stresu egzaminacyjnego, zapomnienia i \u0142agodnych form zespo\u0142u wypalenia. Preparat ten rozlu\u017ania qi, harmonizuje po\u0142\u0105czenie mi\u0119dzy drewnem (p\u0119cherzykiem \u017c\u00f3\u0142ciowym) a ziemi\u0105 (\u017co\u0142\u0105dkiem), usuwa ciep\u0142o i ciep\u0142o krwi, uspokaja wewn\u0119trzny wiatr, od\u017cywia serce i harmonizuje YI i SHEN. Aby promowa\u0107 sen, MINDFULNESS nale\u017cy przyjmowa\u0107 razem z PEACEFUL NIGHTS (Bezsenno\u015b\u0107). Pacjent powinien przede wszystkim unika\u0107 kawy, czarnej i zielonej herbaty oraz nie przyjmowa\u0107 \u017cadnych tabletek z kofein\u0105 ani \u015brodk\u00f3w nasennych.<\/p>\n","protected":false},"excerpt":{"rendered":"<p>MINDFULNESS jest wa\u017cnym preparatem dla student\u00f3w i jest stosowany w  [&#8230;]<\/p>\n","protected":false},"featured_media":3835943,"template":"","meta":{"_acf_changed":false},"product_brand":[],"product_cat":[11916],"product_tag":[12394],"class_list":{"0":"post-3841307","1":"product","2":"type-product","3":"status-publish","4":"has-post-thumbnail","6":"product_cat-psychiatria","7":"product_tag-pamiec","9":"first","10":"instock","11":"taxable","12":"shipping-taxable","13":"purchasable","14":"product-type-simple"},"acf":{"yn_product_audio":"https:\/\/shop.diolosa.com\/wp-content\/uploads\/2018\/12\/DL_0275.mp3","yn_product_video":"https:\/\/shop.diolosa.com\/wp-content\/uploads\/2024\/03\/Mindfullness.mp4","yn_product_akupunktur":"<p>Zharmonizuj woreczek \u017c\u00f3\u0142ciowy i \u017co\u0142\u0105dek<br \/>\nworeczek \u017c\u00f3\u0142ciowy 34 &#8211; yang ling quan (he, xia he xue, gui) &#8211; xie fa<br \/>\nworeczek \u017c\u00f3\u0142ciowy 40 &#8211; qiu xu (yuan) &#8211; xie fa<br \/>\nworeczek \u017c\u00f3\u0142ciowy 37 &#8211; guang ming (luo) &#8211; xie fa<br \/>\nworeczek \u017c\u00f3\u0142ciowy 41 &#8211; to lin qi (dai mai, shu) &#8211; xie fa<br \/>\n\u017co\u0142\u0105dek 36 &#8211; to san li (shu, xia he xue &#8211; \u017co\u0142\u0105dek, si hai xue, si zhong xue) &#8211; xie fa<br \/>\nren mai 12 &#8211; zhong wan (mo>)\u017co\u0142\u0105dek, ba hui xue, jelito cienkie, san chiao, \u017co\u0142\u0105dek) &#8211; xie fa<br \/>\nw\u0105troba 13 &#8211; zhang men (mo \u015bledziona, ba hui xue, w\u0105troba i woreczek \u017c\u00f3\u0142ciowy) &#8211; xie fa  <\/p>\n<p>Od\u017cywia serce i uspokaja SHEN<br \/>\nserce 7 &#8211; shen men (shu, yuan) &#8211; bu fa<br \/>\nserce 3 &#8211; shao hai (he) &#8211; bu fa<br \/>\nsi shen cong &#8211; M-HN-1 (m\u00f3zg, cns) &#8211; bu fa<br \/>\ndu mai 20 &#8211; bai hui &#8211; bai lao (jezioro szpiku kostnego, p\u0119cherz) &#8211; xie fa<br \/>\ndu mai 24 &#8211; shen ting (p\u0119cherz, \u017co\u0142\u0105dek, gui) i woreczek \u017c\u00f3\u0142ciowy 13 &#8211; benchen (yang qiao mai) &#8211; bu fa<br \/>\ndu mai 17 &#8211; nao hu (p\u0119cherz) i woreczek \u017c\u00f3\u0142ciowy 19 &#8211; nao kong &#8211; bu fa<br \/>\np\u0119cherz 17 &#8211; ge shu (krew) &#8211; bu fa  <\/p>\n<p>Uzupe\u0142nienie esencji nerek<br \/>\np\u0119cherz moczowy 20 &#8211; pi shu i p\u0119cherz moczowy 17 &#8211; ge shu (krew) &#8211; bu fa<br \/>\np\u0119cherz moczowy 23 &#8211; shen shu i nerki 3 &#8211; tai xi (shu, yuan) &#8211; bu fa<br \/>\nworeczek \u017c\u00f3\u0142ciowy 39 &#8211; xuan zhong &#8211; jue gu (szpik) &#8211; bu fa<\/p>\n","yn_product_verabreichungsart":"Pelety 140szt.","yn_product_dosierung":"<p>3 x 4 do 10 tabletek dziennie, zawsze przed posi\u0142kami<\/p>\n","yn_product_combinations":"<p>BURNOUT RELIEF (zesp\u00f3\u0142 wypalenia zawodowego), YIN ROOT i SAN BAO TEE (niedob\u00f3r yin w nerkach), PEACEFUL NIGHTS (bezsenno\u015b\u0107), HAPPY DAYS (depresja).<\/p>\n","yn_product_avoidable":"<p>Kawa, czarna i zielona herbata, tabletki z kofein\u0105, czerwone wino, bia\u0142e wino, herbata z przyprawami, gor\u0105ce i ostre przyprawy<\/p>\n","yn_product_tcm_mindmapping":"<p>Obsesyjne my\u015blenie lub stres egzaminacyjny > YI Plus > przekrwienie Qi \u017co\u0142\u0105dka > ogie\u0144 w \u017co\u0142\u0105dku > niedob\u00f3r krwi w sercu > ciep\u0142o krwi > wiatr w sercu > zaburzenia pami\u0119ci kr\u00f3tkotrwa\u0142ej<\/p>\n","yn_product_tongue_body":"<p>Kraw\u0119dzie s\u0105 spuchni\u0119te lub opuchni\u0119te z jednej strony, czerwone, czubek j\u0119zyka bardzo czerwony.<\/p>\n","yn_product_tongue_coating":"<p>Cienki, \u017c\u00f3\u0142tawy, suchy<\/p>\n","yn_product_pulse_diagnostics":"<p>Pozycja \u017co\u0142\u0105dka: xian mai &#8211; napi\u0119ty, shi mai &#8211; pe\u0142ny, shuo mai &#8211; szybki<br \/>\nPozycja serca: fu mai &#8211; powierzchowny, xi mai &#8211; cienki, xian mai &#8211; napi\u0119ty, xu mai &#8211; pusty, shuo mai &#8211; szybki<\/p>\n","yn_product_indications":"<p>Stres egzaminacyjny, zm\u0119czenie psychiczne, zapominanie, brak koncentracji, zaburzenia snu, wewn\u0119trzny niepok\u00f3j, zesp\u00f3\u0142 niespokojnych n\u00f3g<\/p>\n","yn_product_contra_indications":"<p>Yang Ming wilgo\u0107 i flegma na zimno<\/p>\n","yn_product_pregnancy":"<p>Dozwolone<\/p>\n","yn_product_herbs":"<p>albizziae cortex &#8211; he huan pi, ziziphy spinosae semen &#8211; suan zao ren, anemarrhenae rhizoma &#8211; zhi mu, opiophogonis radix &#8211; mai men dong, paeoniae rubrae radix &#8211; chi shao yao, polygoni multiflori caulis &#8211; ye jiao teng, angelicae sinensis par caudensis radix &#8211; dang gui wei<\/p>\n","yn_product_magisterrecipes":"<p>Si Ni San, Chai Hu Su Gan San, Xiao Chai Hu Tang<\/p>\n"},"yoast_head":"<!-- This site is optimized with the Yoast SEO plugin v24.9 - https:\/\/yoast.com\/wordpress\/plugins\/seo\/ -->\n<title>Uwa\u017cno\u015b\u0107 - Claude Diolosa<\/title>\n<meta name=\"robots\" content=\"index, follow, max-snippet:-1, max-image-preview:large, max-video-preview:-1\" \/>\n<link rel=\"canonical\" href=\"https:\/\/shop.diolosa.com\/pl\/product\/uwaznosc\/\" \/>\n<meta property=\"og:locale\" content=\"pl_PL\" \/>\n<meta property=\"og:type\" content=\"article\" \/>\n<meta property=\"og:title\" content=\"Uwa\u017cno\u015b\u0107 - Claude Diolosa\" \/>\n<meta property=\"og:description\" content=\"MINDFULNESS jest wa\u017cnym preparatem dla student\u00f3w i jest stosowany w [...]\" \/>\n<meta property=\"og:url\" content=\"https:\/\/shop.diolosa.com\/pl\/product\/uwaznosc\/\" \/>\n<meta property=\"og:site_name\" content=\"Claude Diolosa\" \/>\n<meta property=\"article:publisher\" content=\"https:\/\/facebook.com\/claudediolosa\" \/>\n<meta property=\"article:modified_time\" content=\"2025-05-06T13:54:04+00:00\" \/>\n<meta property=\"og:image\" content=\"https:\/\/shop.diolosa.com\/wp-content\/uploads\/2019\/09\/Presslinge-140.jpg\" \/>\n\t<meta property=\"og:image:width\" content=\"800\" \/>\n\t<meta property=\"og:image:height\" content=\"533\" \/>\n\t<meta property=\"og:image:type\" content=\"image\/jpeg\" \/>\n<meta name=\"twitter:card\" content=\"summary_large_image\" \/>\n<script type=\"application\/ld+json\" class=\"yoast-schema-graph\">{\"@context\":\"https:\/\/schema.org\",\"@graph\":[{\"@type\":\"WebPage\",\"@id\":\"https:\/\/shop.diolosa.com\/pl\/product\/uwaznosc\/\",\"url\":\"https:\/\/shop.diolosa.com\/pl\/product\/uwaznosc\/\",\"name\":\"Uwa\u017cno\u015b\u0107 - Claude Diolosa\",\"isPartOf\":{\"@id\":\"https:\/\/shop.diolosa.com\/pl\/#website\"},\"primaryImageOfPage\":{\"@id\":\"https:\/\/shop.diolosa.com\/pl\/product\/uwaznosc\/#primaryimage\"},\"image\":{\"@id\":\"https:\/\/shop.diolosa.com\/pl\/product\/uwaznosc\/#primaryimage\"},\"thumbnailUrl\":\"https:\/\/shop.diolosa.com\/wp-content\/uploads\/2019\/09\/Presslinge-140.jpg\",\"datePublished\":\"2025-03-10T05:58:24+00:00\",\"dateModified\":\"2025-05-06T13:54:04+00:00\",\"breadcrumb\":{\"@id\":\"https:\/\/shop.diolosa.com\/pl\/product\/uwaznosc\/#breadcrumb\"},\"inLanguage\":\"pl-PL\",\"potentialAction\":[{\"@type\":\"ReadAction\",\"target\":[\"https:\/\/shop.diolosa.com\/pl\/product\/uwaznosc\/\"]}]},{\"@type\":\"ImageObject\",\"inLanguage\":\"pl-PL\",\"@id\":\"https:\/\/shop.diolosa.com\/pl\/product\/uwaznosc\/#primaryimage\",\"url\":\"https:\/\/shop.diolosa.com\/wp-content\/uploads\/2019\/09\/Presslinge-140.jpg\",\"contentUrl\":\"https:\/\/shop.diolosa.com\/wp-content\/uploads\/2019\/09\/Presslinge-140.jpg\",\"width\":800,\"height\":533},{\"@type\":\"BreadcrumbList\",\"@id\":\"https:\/\/shop.diolosa.com\/pl\/product\/uwaznosc\/#breadcrumb\",\"itemListElement\":[{\"@type\":\"ListItem\",\"position\":1,\"name\":\"Startseite\",\"item\":\"https:\/\/shop.diolosa.com\/pl\/?page_id=3835710\"},{\"@type\":\"ListItem\",\"position\":2,\"name\":\"Sklep\",\"item\":\"https:\/\/shop.diolosa.com\/pl\/?page_id=3835710\"},{\"@type\":\"ListItem\",\"position\":3,\"name\":\"Uwa\u017cno\u015b\u0107\"}]},{\"@type\":\"WebSite\",\"@id\":\"https:\/\/shop.diolosa.com\/pl\/#website\",\"url\":\"https:\/\/shop.diolosa.com\/pl\/\",\"name\":\"Claude Diolosa\",\"description\":\"\",\"publisher\":{\"@id\":\"https:\/\/shop.diolosa.com\/pl\/#organization\"},\"potentialAction\":[{\"@type\":\"SearchAction\",\"target\":{\"@type\":\"EntryPoint\",\"urlTemplate\":\"https:\/\/shop.diolosa.com\/pl\/?s={search_term_string}\"},\"query-input\":{\"@type\":\"PropertyValueSpecification\",\"valueRequired\":true,\"valueName\":\"search_term_string\"}}],\"inLanguage\":\"pl-PL\"},{\"@type\":\"Organization\",\"@id\":\"https:\/\/shop.diolosa.com\/pl\/#organization\",\"name\":\"Claude Diolosa\",\"url\":\"https:\/\/shop.diolosa.com\/pl\/\",\"logo\":{\"@type\":\"ImageObject\",\"inLanguage\":\"pl-PL\",\"@id\":\"https:\/\/shop.diolosa.com\/pl\/#\/schema\/logo\/image\/\",\"url\":\"https:\/\/shop.diolosa.com\/wp-content\/uploads\/2019\/08\/diolosa-drop-logo-new.png\",\"contentUrl\":\"https:\/\/shop.diolosa.com\/wp-content\/uploads\/2019\/08\/diolosa-drop-logo-new.png\",\"width\":134,\"height\":176,\"caption\":\"Claude Diolosa\"},\"image\":{\"@id\":\"https:\/\/shop.diolosa.com\/pl\/#\/schema\/logo\/image\/\"},\"sameAs\":[\"https:\/\/facebook.com\/claudediolosa\",\"https:\/\/www.instagram.com\/diolosaclaude108\/\"]}]}<\/script>\n<!-- \/ Yoast SEO plugin. -->","yoast_head_json":{"title":"Uwa\u017cno\u015b\u0107 - Claude Diolosa","robots":{"index":"index","follow":"follow","max-snippet":"max-snippet:-1","max-image-preview":"max-image-preview:large","max-video-preview":"max-video-preview:-1"},"canonical":"https:\/\/shop.diolosa.com\/pl\/product\/uwaznosc\/","og_locale":"pl_PL","og_type":"article","og_title":"Uwa\u017cno\u015b\u0107 - Claude Diolosa","og_description":"MINDFULNESS jest wa\u017cnym preparatem dla student\u00f3w i jest stosowany w [...]","og_url":"https:\/\/shop.diolosa.com\/pl\/product\/uwaznosc\/","og_site_name":"Claude Diolosa","article_publisher":"https:\/\/facebook.com\/claudediolosa","article_modified_time":"2025-05-06T13:54:04+00:00","og_image":[{"width":800,"height":533,"url":"https:\/\/shop.diolosa.com\/wp-content\/uploads\/2019\/09\/Presslinge-140.jpg","type":"image\/jpeg"}],"twitter_card":"summary_large_image","schema":{"@context":"https:\/\/schema.org","@graph":[{"@type":"WebPage","@id":"https:\/\/shop.diolosa.com\/pl\/product\/uwaznosc\/","url":"https:\/\/shop.diolosa.com\/pl\/product\/uwaznosc\/","name":"Uwa\u017cno\u015b\u0107 - Claude Diolosa","isPartOf":{"@id":"https:\/\/shop.diolosa.com\/pl\/#website"},"primaryImageOfPage":{"@id":"https:\/\/shop.diolosa.com\/pl\/product\/uwaznosc\/#primaryimage"},"image":{"@id":"https:\/\/shop.diolosa.com\/pl\/product\/uwaznosc\/#primaryimage"},"thumbnailUrl":"https:\/\/shop.diolosa.com\/wp-content\/uploads\/2019\/09\/Presslinge-140.jpg","datePublished":"2025-03-10T05:58:24+00:00","dateModified":"2025-05-06T13:54:04+00:00","breadcrumb":{"@id":"https:\/\/shop.diolosa.com\/pl\/product\/uwaznosc\/#breadcrumb"},"inLanguage":"pl-PL","potentialAction":[{"@type":"ReadAction","target":["https:\/\/shop.diolosa.com\/pl\/product\/uwaznosc\/"]}]},{"@type":"ImageObject","inLanguage":"pl-PL","@id":"https:\/\/shop.diolosa.com\/pl\/product\/uwaznosc\/#primaryimage","url":"https:\/\/shop.diolosa.com\/wp-content\/uploads\/2019\/09\/Presslinge-140.jpg","contentUrl":"https:\/\/shop.diolosa.com\/wp-content\/uploads\/2019\/09\/Presslinge-140.jpg","width":800,"height":533},{"@type":"BreadcrumbList","@id":"https:\/\/shop.diolosa.com\/pl\/product\/uwaznosc\/#breadcrumb","itemListElement":[{"@type":"ListItem","position":1,"name":"Startseite","item":"https:\/\/shop.diolosa.com\/pl\/?page_id=3835710"},{"@type":"ListItem","position":2,"name":"Sklep","item":"https:\/\/shop.diolosa.com\/pl\/?page_id=3835710"},{"@type":"ListItem","position":3,"name":"Uwa\u017cno\u015b\u0107"}]},{"@type":"WebSite","@id":"https:\/\/shop.diolosa.com\/pl\/#website","url":"https:\/\/shop.diolosa.com\/pl\/","name":"Claude Diolosa","description":"","publisher":{"@id":"https:\/\/shop.diolosa.com\/pl\/#organization"},"potentialAction":[{"@type":"SearchAction","target":{"@type":"EntryPoint","urlTemplate":"https:\/\/shop.diolosa.com\/pl\/?s={search_term_string}"},"query-input":{"@type":"PropertyValueSpecification","valueRequired":true,"valueName":"search_term_string"}}],"inLanguage":"pl-PL"},{"@type":"Organization","@id":"https:\/\/shop.diolosa.com\/pl\/#organization","name":"Claude Diolosa","url":"https:\/\/shop.diolosa.com\/pl\/","logo":{"@type":"ImageObject","inLanguage":"pl-PL","@id":"https:\/\/shop.diolosa.com\/pl\/#\/schema\/logo\/image\/","url":"https:\/\/shop.diolosa.com\/wp-content\/uploads\/2019\/08\/diolosa-drop-logo-new.png","contentUrl":"https:\/\/shop.diolosa.com\/wp-content\/uploads\/2019\/08\/diolosa-drop-logo-new.png","width":134,"height":176,"caption":"Claude Diolosa"},"image":{"@id":"https:\/\/shop.diolosa.com\/pl\/#\/schema\/logo\/image\/"},"sameAs":["https:\/\/facebook.com\/claudediolosa","https:\/\/www.instagram.com\/diolosaclaude108\/"]}]}},"_links":{"self":[{"href":"https:\/\/shop.diolosa.com\/pl\/wp-json\/wp\/v2\/product\/3841307","targetHints":{"allow":["GET"]}}],"collection":[{"href":"https:\/\/shop.diolosa.com\/pl\/wp-json\/wp\/v2\/product"}],"about":[{"href":"https:\/\/shop.diolosa.com\/pl\/wp-json\/wp\/v2\/types\/product"}],"wp:featuredmedia":[{"embeddable":true,"href":"https:\/\/shop.diolosa.com\/pl\/wp-json\/wp\/v2\/media\/3835943"}],"wp:attachment":[{"href":"https:\/\/shop.diolosa.com\/pl\/wp-json\/wp\/v2\/media?parent=3841307"}],"wp:term":[{"taxonomy":"product_brand","embeddable":true,"href":"https:\/\/shop.diolosa.com\/pl\/wp-json\/wp\/v2\/product_brand?post=3841307"},{"taxonomy":"product_cat","embeddable":true,"href":"https:\/\/shop.diolosa.com\/pl\/wp-json\/wp\/v2\/product_cat?post=3841307"},{"taxonomy":"product_tag","embeddable":true,"href":"https:\/\/shop.diolosa.com\/pl\/wp-json\/wp\/v2\/product_tag?post=3841307"}],"curies":[{"name":"wp","href":"https:\/\/api.w.org\/{rel}","templated":true}]}}