{"id":3841314,"date":"2019-09-04T12:11:12","date_gmt":"2025-03-10T05:58:27","guid":{"rendered":"https:\/\/shop.diolosa.com\/product\/happy-move\/"},"modified":"2025-05-06T14:54:20","modified_gmt":"2025-05-06T13:54:20","slug":"happy-move","status":"publish","type":"product","link":"https:\/\/shop.diolosa.com\/pl\/product\/happy-move\/","title":{"rendered":"Happy Move"},"content":{"rendered":"<p>HAPPY MOVE jest stosowany w leczeniu fibromialgii. Istniej\u0105 r\u00f3\u017cne przyczyny fibromialgii. Formu\u0142a ta zosta\u0142a opracowana przede wszystkim z my\u015bl\u0105 o p\u00f3\u017anych skutkach choroby Shi Wen, mokrej postaci fibromialgii. HAPPY MOVE wzmacnia \u015bledzion\u0119, przekszta\u0142ca i odprowadza wilgo\u0107, otwiera naczynia Luo, dociera do wszystkich ko\u0144czyn, a nawet usuwa wiatr-mokro PE, otwiera kana\u0142y serca, zapobiega zastojowi krwi i \u0142agodzi b\u00f3l.<\/p>\n","protected":false},"excerpt":{"rendered":"<p>HAPPY MOVE jest stosowany w leczeniu fibromialgii. Istniej\u0105 r\u00f3\u017cne przyczyny  [&#8230;]<\/p>\n","protected":false},"featured_media":3835943,"template":"","meta":{"_acf_changed":false},"product_brand":[],"product_cat":[11954],"product_tag":[12397],"class_list":{"0":"post-3841314","1":"product","2":"type-product","3":"status-publish","4":"has-post-thumbnail","6":"product_cat-reumatologia","7":"product_tag-fibromialgia","9":"first","10":"instock","11":"taxable","12":"shipping-taxable","13":"purchasable","14":"product-type-simple"},"acf":{"yn_product_akupunktur":"<p>odprowadzanie wilgoci<br \/>\n\u015bledziona 5 &#8211; shang qiu (jing) &#8211; xie fa<br \/>\n\u017co\u0142\u0105dek 40 &#8211; feng long (luo) &#8211; xie fa<br \/>\nworeczek \u017c\u00f3\u0142ciowy 34 &#8211; yang ling quan (he, xia he xue, gui) &#8211; xie fa<br \/>\nworeczek \u017c\u00f3\u0142ciowy 37 &#8211; guang ming (luo) &#8211; xie fa<\/p>\n<p>Przesu\u0144 krew<br \/>\n\u015bledziona 8 &#8211; di ji (xi) &#8211; xie fa<br \/>\nw\u0105troba 6 &#8211; zhong du (xi) &#8211; xie fa  <\/p>\n<p>Tonizowanie \u015bledziony<br \/>\np\u0119cherz 20 &#8211; pi shu &#8211; bu fa z moks\u0105<br \/>\n\u015bledziona 3 &#8211; tai bai (yuan) &#8211; bu fa<br \/>\n\u015bledziona 2 &#8211; da du (ying) &#8211; bu fa  <\/p>\n<p>Otwarte kana\u0142y serca<br \/>\nsi shen cong &#8211; M-HN-1 (m\u00f3zg, cns) &#8211; xie fa<br \/>\n\u017co\u0142\u0105dek 6 &#8211; jia che &#8211; gui chuan (gui) &#8211; xie fa<br \/>\ndu mai 24 &#8211; shen ting (p\u0119cherz, \u017co\u0142\u0105dek, gui) &#8211; xie fa<\/p>\n","yn_product_verabreichungsart":"Pelety 140szt.","yn_product_dosierung":"<p>3 x 6 do 10 tabletek dziennie, przez 12 do 30 dni<\/p>\n","yn_product_combinations":"<p>QUICK BELLY MOVEMENT, DIGESTION TEA (zast\u00f3j pokarmu), GREAT GATEWAY w celu wyeliminowania wilgoci Yang Ming, CLEANSING NIGHTS TABLETS i TEA jako 12-dniowa kuracja eliminuj\u0105ca wilgo\u0107 i zimny \u015bluz.<\/p>\n","yn_product_avoidable":"<p>zimna \u017cywno\u015b\u0107 i napoje, cukier, owoce tropikalne, owoce cytrusowe, produkty mleczne, jogurt, ser, kefir, s\u0142odzik, mro\u017conki, kuchenka mikrofalowa, pszenica<\/p>\n","yn_product_tcm_mindmapping":"<p>Niedob\u00f3r Qi \u015bledziony > mokra flegma Yang Ming > mokra flegma Shao Yang > zast\u00f3j Qi i krwi > atakuje Luo Mai<\/p>\n","yn_product_tongue_body":"<p>Szeroki, wilgotny, blady, przekrwiony, fioletowy, niebieskawy<\/p>\n","yn_product_tongue_coating":"<p>Bia\u0142y i wilgotny<\/p>\n","yn_product_pulse_diagnostics":"<p>Pozycja \u017co\u0142\u0105dka i woreczka \u017c\u00f3\u0142ciowego: da mai &#8211; szeroka, xian mai &#8211; napi\u0119ta, se mai &#8211; szorstka, shi mai &#8211; pe\u0142na lub huan mai &#8211; spokojna<br \/>\nPozycja \u015bledziony: chen mai &#8211; g\u0142\u0119boka, duan mai &#8211; kr\u00f3tka, xi mai &#8211; cienka, chi mai &#8211; powolna<\/p>\n","yn_product_indications":"<p>Fibromialgia, zm\u0119czenie, zaburzenia snu, dolegliwo\u015bci \u017co\u0142\u0105dkowo-jelitowe, przewlek\u0142y b\u00f3l w r\u00f3\u017cnych cz\u0119\u015bciach cia\u0142a, uporczywe zm\u0119czenie (og\u00f3lne os\u0142abienie, trudno\u015bci z koncentracj\u0105), a nawet wyczerpanie (zesp\u00f3\u0142 zm\u0119czenia).<\/p>\n","yn_product_contra_indications":"<p>Niedob\u00f3r Yin z pustym ciep\u0142em i ciep\u0142em krwi<\/p>\n","yn_product_pregnancy":"<p>Dozwolone<\/p>\n","yn_product_herbs":"<p>coicis semen &#8211; yi yi ren, poria cocos &#8211; fu ling, alismati rhizoma &#8211; ze xie, spatholobi seu milletiae caulis &#8211; ji xue teng, angelicae sinensis par caudensis radix &#8211; dang gui wei, cyathulae radix &#8211; chuan niu xi, zizyphi jujubae fructus &#8211; da zao, clematidis radix &#8211; wei ling xiang<\/p>\n","yn_product_magisterrecipes":"<p>Lei Shi Xuan Tou Mo Yuan Fa, Da Yuan Yin, Si Miao San<\/p>\n","yn_product_video":"https:\/\/shop.diolosa.com\/wp-content\/uploads\/2025\/07\/Happy-Move.mp4","yn_product_audio":"https:\/\/shop.diolosa.com\/wp-content\/uploads\/2025\/07\/Hapy-Move.m4a"},"yoast_head":"<!-- This site is optimized with the Yoast SEO plugin v24.9 - https:\/\/yoast.com\/wordpress\/plugins\/seo\/ -->\n<title>Happy Move - Claude Diolosa<\/title>\n<meta name=\"robots\" content=\"index, follow, max-snippet:-1, max-image-preview:large, max-video-preview:-1\" \/>\n<link rel=\"canonical\" href=\"https:\/\/shop.diolosa.com\/pl\/product\/happy-move\/\" \/>\n<meta property=\"og:locale\" content=\"pl_PL\" \/>\n<meta property=\"og:type\" content=\"article\" \/>\n<meta property=\"og:title\" content=\"Happy Move - Claude Diolosa\" \/>\n<meta property=\"og:description\" content=\"HAPPY MOVE jest stosowany w leczeniu fibromialgii. Istniej\u0105 r\u00f3\u017cne przyczyny [...]\" \/>\n<meta property=\"og:url\" content=\"https:\/\/shop.diolosa.com\/pl\/product\/happy-move\/\" \/>\n<meta property=\"og:site_name\" content=\"Claude Diolosa\" \/>\n<meta property=\"article:publisher\" content=\"https:\/\/facebook.com\/claudediolosa\" \/>\n<meta property=\"article:modified_time\" content=\"2025-05-06T13:54:20+00:00\" \/>\n<meta property=\"og:image\" content=\"https:\/\/shop.diolosa.com\/wp-content\/uploads\/2019\/09\/Presslinge-140.jpg\" \/>\n\t<meta property=\"og:image:width\" content=\"800\" \/>\n\t<meta property=\"og:image:height\" content=\"533\" \/>\n\t<meta property=\"og:image:type\" content=\"image\/jpeg\" \/>\n<meta name=\"twitter:card\" content=\"summary_large_image\" \/>\n<script type=\"application\/ld+json\" class=\"yoast-schema-graph\">{\"@context\":\"https:\/\/schema.org\",\"@graph\":[{\"@type\":\"WebPage\",\"@id\":\"https:\/\/shop.diolosa.com\/pl\/product\/happy-move\/\",\"url\":\"https:\/\/shop.diolosa.com\/pl\/product\/happy-move\/\",\"name\":\"Happy Move - Claude Diolosa\",\"isPartOf\":{\"@id\":\"https:\/\/shop.diolosa.com\/pl\/#website\"},\"primaryImageOfPage\":{\"@id\":\"https:\/\/shop.diolosa.com\/pl\/product\/happy-move\/#primaryimage\"},\"image\":{\"@id\":\"https:\/\/shop.diolosa.com\/pl\/product\/happy-move\/#primaryimage\"},\"thumbnailUrl\":\"https:\/\/shop.diolosa.com\/wp-content\/uploads\/2019\/09\/Presslinge-140.jpg\",\"datePublished\":\"2025-03-10T05:58:27+00:00\",\"dateModified\":\"2025-05-06T13:54:20+00:00\",\"breadcrumb\":{\"@id\":\"https:\/\/shop.diolosa.com\/pl\/product\/happy-move\/#breadcrumb\"},\"inLanguage\":\"pl-PL\",\"potentialAction\":[{\"@type\":\"ReadAction\",\"target\":[\"https:\/\/shop.diolosa.com\/pl\/product\/happy-move\/\"]}]},{\"@type\":\"ImageObject\",\"inLanguage\":\"pl-PL\",\"@id\":\"https:\/\/shop.diolosa.com\/pl\/product\/happy-move\/#primaryimage\",\"url\":\"https:\/\/shop.diolosa.com\/wp-content\/uploads\/2019\/09\/Presslinge-140.jpg\",\"contentUrl\":\"https:\/\/shop.diolosa.com\/wp-content\/uploads\/2019\/09\/Presslinge-140.jpg\",\"width\":800,\"height\":533},{\"@type\":\"BreadcrumbList\",\"@id\":\"https:\/\/shop.diolosa.com\/pl\/product\/happy-move\/#breadcrumb\",\"itemListElement\":[{\"@type\":\"ListItem\",\"position\":1,\"name\":\"Startseite\",\"item\":\"https:\/\/shop.diolosa.com\/pl\/?page_id=3835710\"},{\"@type\":\"ListItem\",\"position\":2,\"name\":\"Sklep\",\"item\":\"https:\/\/shop.diolosa.com\/pl\/?page_id=3835710\"},{\"@type\":\"ListItem\",\"position\":3,\"name\":\"Happy Move\"}]},{\"@type\":\"WebSite\",\"@id\":\"https:\/\/shop.diolosa.com\/pl\/#website\",\"url\":\"https:\/\/shop.diolosa.com\/pl\/\",\"name\":\"Claude Diolosa\",\"description\":\"\",\"publisher\":{\"@id\":\"https:\/\/shop.diolosa.com\/pl\/#organization\"},\"potentialAction\":[{\"@type\":\"SearchAction\",\"target\":{\"@type\":\"EntryPoint\",\"urlTemplate\":\"https:\/\/shop.diolosa.com\/pl\/?s={search_term_string}\"},\"query-input\":{\"@type\":\"PropertyValueSpecification\",\"valueRequired\":true,\"valueName\":\"search_term_string\"}}],\"inLanguage\":\"pl-PL\"},{\"@type\":\"Organization\",\"@id\":\"https:\/\/shop.diolosa.com\/pl\/#organization\",\"name\":\"Claude Diolosa\",\"url\":\"https:\/\/shop.diolosa.com\/pl\/\",\"logo\":{\"@type\":\"ImageObject\",\"inLanguage\":\"pl-PL\",\"@id\":\"https:\/\/shop.diolosa.com\/pl\/#\/schema\/logo\/image\/\",\"url\":\"https:\/\/shop.diolosa.com\/wp-content\/uploads\/2019\/08\/diolosa-drop-logo-new.png\",\"contentUrl\":\"https:\/\/shop.diolosa.com\/wp-content\/uploads\/2019\/08\/diolosa-drop-logo-new.png\",\"width\":134,\"height\":176,\"caption\":\"Claude Diolosa\"},\"image\":{\"@id\":\"https:\/\/shop.diolosa.com\/pl\/#\/schema\/logo\/image\/\"},\"sameAs\":[\"https:\/\/facebook.com\/claudediolosa\",\"https:\/\/www.instagram.com\/diolosaclaude108\/\"]}]}<\/script>\n<!-- \/ Yoast SEO plugin. -->","yoast_head_json":{"title":"Happy Move - Claude Diolosa","robots":{"index":"index","follow":"follow","max-snippet":"max-snippet:-1","max-image-preview":"max-image-preview:large","max-video-preview":"max-video-preview:-1"},"canonical":"https:\/\/shop.diolosa.com\/pl\/product\/happy-move\/","og_locale":"pl_PL","og_type":"article","og_title":"Happy Move - Claude Diolosa","og_description":"HAPPY MOVE jest stosowany w leczeniu fibromialgii. Istniej\u0105 r\u00f3\u017cne przyczyny [...]","og_url":"https:\/\/shop.diolosa.com\/pl\/product\/happy-move\/","og_site_name":"Claude Diolosa","article_publisher":"https:\/\/facebook.com\/claudediolosa","article_modified_time":"2025-05-06T13:54:20+00:00","og_image":[{"width":800,"height":533,"url":"https:\/\/shop.diolosa.com\/wp-content\/uploads\/2019\/09\/Presslinge-140.jpg","type":"image\/jpeg"}],"twitter_card":"summary_large_image","schema":{"@context":"https:\/\/schema.org","@graph":[{"@type":"WebPage","@id":"https:\/\/shop.diolosa.com\/pl\/product\/happy-move\/","url":"https:\/\/shop.diolosa.com\/pl\/product\/happy-move\/","name":"Happy Move - Claude Diolosa","isPartOf":{"@id":"https:\/\/shop.diolosa.com\/pl\/#website"},"primaryImageOfPage":{"@id":"https:\/\/shop.diolosa.com\/pl\/product\/happy-move\/#primaryimage"},"image":{"@id":"https:\/\/shop.diolosa.com\/pl\/product\/happy-move\/#primaryimage"},"thumbnailUrl":"https:\/\/shop.diolosa.com\/wp-content\/uploads\/2019\/09\/Presslinge-140.jpg","datePublished":"2025-03-10T05:58:27+00:00","dateModified":"2025-05-06T13:54:20+00:00","breadcrumb":{"@id":"https:\/\/shop.diolosa.com\/pl\/product\/happy-move\/#breadcrumb"},"inLanguage":"pl-PL","potentialAction":[{"@type":"ReadAction","target":["https:\/\/shop.diolosa.com\/pl\/product\/happy-move\/"]}]},{"@type":"ImageObject","inLanguage":"pl-PL","@id":"https:\/\/shop.diolosa.com\/pl\/product\/happy-move\/#primaryimage","url":"https:\/\/shop.diolosa.com\/wp-content\/uploads\/2019\/09\/Presslinge-140.jpg","contentUrl":"https:\/\/shop.diolosa.com\/wp-content\/uploads\/2019\/09\/Presslinge-140.jpg","width":800,"height":533},{"@type":"BreadcrumbList","@id":"https:\/\/shop.diolosa.com\/pl\/product\/happy-move\/#breadcrumb","itemListElement":[{"@type":"ListItem","position":1,"name":"Startseite","item":"https:\/\/shop.diolosa.com\/pl\/?page_id=3835710"},{"@type":"ListItem","position":2,"name":"Sklep","item":"https:\/\/shop.diolosa.com\/pl\/?page_id=3835710"},{"@type":"ListItem","position":3,"name":"Happy Move"}]},{"@type":"WebSite","@id":"https:\/\/shop.diolosa.com\/pl\/#website","url":"https:\/\/shop.diolosa.com\/pl\/","name":"Claude Diolosa","description":"","publisher":{"@id":"https:\/\/shop.diolosa.com\/pl\/#organization"},"potentialAction":[{"@type":"SearchAction","target":{"@type":"EntryPoint","urlTemplate":"https:\/\/shop.diolosa.com\/pl\/?s={search_term_string}"},"query-input":{"@type":"PropertyValueSpecification","valueRequired":true,"valueName":"search_term_string"}}],"inLanguage":"pl-PL"},{"@type":"Organization","@id":"https:\/\/shop.diolosa.com\/pl\/#organization","name":"Claude Diolosa","url":"https:\/\/shop.diolosa.com\/pl\/","logo":{"@type":"ImageObject","inLanguage":"pl-PL","@id":"https:\/\/shop.diolosa.com\/pl\/#\/schema\/logo\/image\/","url":"https:\/\/shop.diolosa.com\/wp-content\/uploads\/2019\/08\/diolosa-drop-logo-new.png","contentUrl":"https:\/\/shop.diolosa.com\/wp-content\/uploads\/2019\/08\/diolosa-drop-logo-new.png","width":134,"height":176,"caption":"Claude Diolosa"},"image":{"@id":"https:\/\/shop.diolosa.com\/pl\/#\/schema\/logo\/image\/"},"sameAs":["https:\/\/facebook.com\/claudediolosa","https:\/\/www.instagram.com\/diolosaclaude108\/"]}]}},"_links":{"self":[{"href":"https:\/\/shop.diolosa.com\/pl\/wp-json\/wp\/v2\/product\/3841314","targetHints":{"allow":["GET"]}}],"collection":[{"href":"https:\/\/shop.diolosa.com\/pl\/wp-json\/wp\/v2\/product"}],"about":[{"href":"https:\/\/shop.diolosa.com\/pl\/wp-json\/wp\/v2\/types\/product"}],"wp:featuredmedia":[{"embeddable":true,"href":"https:\/\/shop.diolosa.com\/pl\/wp-json\/wp\/v2\/media\/3835943"}],"wp:attachment":[{"href":"https:\/\/shop.diolosa.com\/pl\/wp-json\/wp\/v2\/media?parent=3841314"}],"wp:term":[{"taxonomy":"product_brand","embeddable":true,"href":"https:\/\/shop.diolosa.com\/pl\/wp-json\/wp\/v2\/product_brand?post=3841314"},{"taxonomy":"product_cat","embeddable":true,"href":"https:\/\/shop.diolosa.com\/pl\/wp-json\/wp\/v2\/product_cat?post=3841314"},{"taxonomy":"product_tag","embeddable":true,"href":"https:\/\/shop.diolosa.com\/pl\/wp-json\/wp\/v2\/product_tag?post=3841314"}],"curies":[{"name":"wp","href":"https:\/\/api.w.org\/{rel}","templated":true}]}}