{"id":3841318,"date":"2019-09-04T12:11:12","date_gmt":"2025-03-10T05:58:28","guid":{"rendered":"https:\/\/shop.diolosa.com\/product\/knotty-path\/"},"modified":"2025-05-06T14:54:21","modified_gmt":"2025-05-06T13:54:21","slug":"knotty-path","status":"publish","type":"product","link":"https:\/\/shop.diolosa.com\/pl\/product\/knotty-path\/","title":{"rendered":"Knotty Path"},"content":{"rendered":"<p>KNOTTY PATH jest stosowany w leczeniu gruczolakow\u0142\u00f3kniak\u00f3w. Preparat ten usuwa zastoje Qi w\u0105troby i p\u0119cherzyka \u017c\u00f3\u0142ciowego, oczyszcza umys\u0142, uspokaja, harmonizuje Drewno i Ziemi\u0119, obni\u017ca Yang Ming Qi, \u0142agodzi nagromadzenia i stwardnienia, usuwa zastoje krwi, usuwa ciep\u0142o i toksyny oraz \u0142agodzi b\u00f3l w klatce piersiowej.<br \/>\nPreparat ten nale\u017cy przyjmowa\u0107 przez kilka miesi\u0119cy, szczeg\u00f3lnie w okresie po menstruacji a\u017c do owulacji. Cykl ten nale\u017cy powt\u00f3rzy\u0107 kilka razy.<\/p>\n","protected":false},"excerpt":{"rendered":"<p>KNOTTY PATH jest stosowany w leczeniu gruczolakow\u0142\u00f3kniak\u00f3w. Preparat ten usuwa  [&#8230;]<\/p>\n","protected":false},"featured_media":3835943,"template":"","meta":{"_acf_changed":false},"product_brand":[],"product_cat":[11799],"product_tag":[12402],"class_list":{"0":"post-3841318","1":"product","2":"type-product","3":"status-publish","4":"has-post-thumbnail","6":"product_cat-ginekologia","7":"product_tag-gruczolakowlokniak","9":"first","10":"instock","11":"taxable","12":"shipping-taxable","13":"purchasable","14":"product-type-simple"},"acf":{"yn_product_audio":"https:\/\/shop.diolosa.com\/wp-content\/uploads\/2018\/12\/DL_0999.mp3","yn_product_video":"https:\/\/shop.diolosa.com\/wp-content\/uploads\/2024\/10\/Knoty-Path-.mp4","yn_product_akupunktur":"<p>Rozpu\u015bci\u0107 p\u0119cherzyk \u017c\u00f3\u0142ciowy lub zatory qi w\u0105troby<br \/>\np\u0119cherzyk \u017c\u00f3\u0142ciowy 34 &#8211; yang ling quan (he, xia he xue, gui) &#8211; xie fa<br \/>\np\u0119cherzyk \u017c\u00f3\u0142ciowy 41 &#8211; zu lin qi (dai mai, shu) &#8211; xie fa<br \/>\np\u0119cherzyk \u017c\u00f3\u0142ciowy 40 &#8211; qiu xu (yuan) &#8211; xie fa<br \/>\nw\u0105troba 3 &#8211; tai chong (shu, yuan) &#8211; xie fa<br \/>\njelito grube 4 &#8211; he gu (yuan) &#8211; xie fa<br \/>\nworeczek \u017c\u00f3\u0142ciowy 24 &#8211; ri yue (mo) &#8211; xie fa<br \/>\nworeczek \u017c\u00f3\u0142ciowy 23 &#8211; zhe jin (p\u0119cherz) &#8211; xie fa<br \/>\nw\u0105troba 14 &#8211; qi men (mo, yin wei mai) &#8211; xie fa<br \/>\nsan chiao 6 &#8211; zhi gou (jing)- xie fa<\/p>\n<p>Rozpuszcza Qi \u017co\u0142\u0105dka i przekrwienie krwi, odprowadza flegm\u0119 i obni\u017ca Qi \u017co\u0142\u0105dka.<br \/>\n\u017co\u0142\u0105dek 34 &#8211; liang qiu (xi) &#8211; xie fa<br \/>\n\u017co\u0142\u0105dek 18 &#8211; ru gen &#8211; xie fa<br \/>\n\u017co\u0142\u0105dek 15 &#8211; wu yi &#8211; xie fa<br \/>\n\u017co\u0142\u0105dek 16 &#8211; ying chuan &#8211; xie fa<br \/>\n\u017co\u0142\u0105dek 39 &#8211; xia ju xu (xia he xue &#8211; jelito cienkie, jezioro krwi, chong mai) &#8211; xie fa<br \/>\n\u017co\u0142\u0105dek 25 &#8211; tian shu (mo, jelito grube, ME) &#8211; xie fa<br \/>\n\u017co\u0142\u0105dek 40 &#8211; feng long (luo) &#8211; xie fa<br \/>\ncykl 6 &#8211; nei guan (luo, yin wei mai) &#8211; xie fa<br \/>\nbubble 51 &#8211; huang men &#8211; xie fa  <\/p>\n<p>Tonizuje \u015bledzion\u0119<br \/>\n\u015bledziona 3 &#8211; tai bai (shu, yuan) &#8211; bu fa<br \/>\np\u0119cherz 20 &#8211; pi shu &#8211; bu fa  <\/p>\n<p>Shen uspok\u00f3j si\u0119<br \/>\nsi shen cong &#8211; M-HN-1 (m\u00f3zg, cns) &#8211; xie fa<br \/>\ndu mai 20 &#8211; bai hui &#8211; bai lao (jezioro szpiku kostnego, p\u0119cherz) &#8211; xie fa<br \/>\n\u017co\u0142\u0105dek 6 &#8211; jia che &#8211; gui chuan (gui) &#8211; xie fa<\/p>\n","yn_product_verabreichungsart":"Pelety 140szt.","yn_product_dosierung":"<p>3 x 6 do 10 tabletek dziennie, zawsze przed posi\u0142kami<\/p>\n","yn_product_combinations":"<p>TREE OF LIFE (mastitis), LADY&#8217;S RELIEF (mastopatia), EASY FLOW HOT and COLD (bolesne miesi\u0105czkowanie), HAPPY DAYS (depresja), RELAXING DAYS TEA (stres), NO WORRY (stres), BRIGHT FUTURE (depresja), FIVE SHELLS (stwardnienia), CELESTIAL PIVOT (stwardnienia i guzki).<\/p>\n","yn_product_avoidable":"<p>Produkty mleczne, ser, \u015bmietana, jogurt, mas\u0142o, owoce tropikalne, wszystkie desery, cukier, czekolada, mi\u00f3d, fruktoza, aspartam, zimne potrawy, og\u00f3rek, pomidor, bak\u0142a\u017can, kapusta peki\u0144ska, surowe warzywa, kawa, czarna herbata, zielona herbata, sok pomara\u0144czowy, sok gruszkowy, sok jab\u0142kowy.<\/p>\n","yn_product_tcm_mindmapping":"<p>Zast\u00f3j Qi w\u0105troby lub p\u0119cherzyka \u017c\u00f3\u0142ciowego > Zast\u00f3j Qi \u017co\u0142\u0105dka > Buntownicza Qi \u017co\u0142\u0105dka > Mokra flegma nagromadzona w klatce piersiowej > Stwardnienie i przekrwienie > Zast\u00f3j krwi > Ru Bi (grudki)<\/p>\n","yn_product_tongue_body":"<p>Kraw\u0119dzie j\u0119zyka s\u0105 spuchni\u0119te (w\u0105troba) lub j\u0119zyk jest spuchni\u0119ty i gruby po jednej stronie (p\u0119cherzyk \u017c\u00f3\u0142ciowy), kolor j\u0119zyka czerwony i plamisty.<\/p>\n","yn_product_tongue_coating":"<p>Bia\u0142y i lekko \u017c\u00f3\u0142tawy<\/p>\n","yn_product_pulse_diagnostics":"<p>Pozycja p\u0119cherzyka \u017c\u00f3\u0142ciowego i \u017co\u0142\u0105dka: xian mai &#8211; napi\u0119ta, hua mai &#8211; \u015blizgaj\u0105ca si\u0119, se mai &#8211; szorstka, shi mai &#8211; pe\u0142na, shuo mai &#8211; szybka.<\/p>\n","yn_product_indications":"<p>Gruczolakiow\u0142\u00f3kniaki, mastopatia, zapalenie sutka<\/p>\n","yn_product_contra_indications":"<p>Niedob\u00f3r yin, puste ciep\u0142o, ciep\u0142o flegmy w \u017co\u0142\u0105dku i p\u0119cherzyku \u017c\u00f3\u0142ciowym<\/p>\n","yn_product_pregnancy":"<p>Przeciwwskazane<\/p>\n","yn_product_herbs":"<p>rosae rugosae flores &#8211; mei gui hua, spatholobi seu milletiae caulis &#8211; ji xue teng, poria alba sclerotium &#8211; bai fu ling, fritillariae thunbergyii bulbus &#8211; zhe bei mu, trichosanthis semen &#8211; gua lou zi, glycyrrhizae uralensis radix &#8211; gan cao, carthami flos &#8211; hong hua, persicae semen &#8211; tao ren<\/p>\n","yn_product_magisterrecipes":"<p>Xiao Yao San, Chai Hu Su Gan San, Gua Lou Xiao Yao San, Ju He Wan<\/p>\n"},"yoast_head":"<!-- This site is optimized with the Yoast SEO plugin v24.9 - https:\/\/yoast.com\/wordpress\/plugins\/seo\/ -->\n<title>Knotty Path - Claude Diolosa<\/title>\n<meta name=\"robots\" content=\"index, follow, max-snippet:-1, max-image-preview:large, max-video-preview:-1\" \/>\n<link rel=\"canonical\" href=\"https:\/\/shop.diolosa.com\/pl\/product\/knotty-path\/\" \/>\n<meta property=\"og:locale\" content=\"pl_PL\" \/>\n<meta property=\"og:type\" content=\"article\" \/>\n<meta property=\"og:title\" content=\"Knotty Path - Claude Diolosa\" \/>\n<meta property=\"og:description\" content=\"KNOTTY PATH jest stosowany w leczeniu gruczolakow\u0142\u00f3kniak\u00f3w. Preparat ten usuwa [...]\" \/>\n<meta property=\"og:url\" content=\"https:\/\/shop.diolosa.com\/pl\/product\/knotty-path\/\" \/>\n<meta property=\"og:site_name\" content=\"Claude Diolosa\" \/>\n<meta property=\"article:publisher\" content=\"https:\/\/facebook.com\/claudediolosa\" \/>\n<meta property=\"article:modified_time\" content=\"2025-05-06T13:54:21+00:00\" \/>\n<meta property=\"og:image\" content=\"https:\/\/shop.diolosa.com\/wp-content\/uploads\/2019\/09\/Presslinge-140.jpg\" \/>\n\t<meta property=\"og:image:width\" content=\"800\" \/>\n\t<meta property=\"og:image:height\" content=\"533\" \/>\n\t<meta property=\"og:image:type\" content=\"image\/jpeg\" \/>\n<meta name=\"twitter:card\" content=\"summary_large_image\" \/>\n<script type=\"application\/ld+json\" class=\"yoast-schema-graph\">{\"@context\":\"https:\/\/schema.org\",\"@graph\":[{\"@type\":\"WebPage\",\"@id\":\"https:\/\/shop.diolosa.com\/pl\/product\/knotty-path\/\",\"url\":\"https:\/\/shop.diolosa.com\/pl\/product\/knotty-path\/\",\"name\":\"Knotty Path - Claude Diolosa\",\"isPartOf\":{\"@id\":\"https:\/\/shop.diolosa.com\/pl\/#website\"},\"primaryImageOfPage\":{\"@id\":\"https:\/\/shop.diolosa.com\/pl\/product\/knotty-path\/#primaryimage\"},\"image\":{\"@id\":\"https:\/\/shop.diolosa.com\/pl\/product\/knotty-path\/#primaryimage\"},\"thumbnailUrl\":\"https:\/\/shop.diolosa.com\/wp-content\/uploads\/2019\/09\/Presslinge-140.jpg\",\"datePublished\":\"2025-03-10T05:58:28+00:00\",\"dateModified\":\"2025-05-06T13:54:21+00:00\",\"breadcrumb\":{\"@id\":\"https:\/\/shop.diolosa.com\/pl\/product\/knotty-path\/#breadcrumb\"},\"inLanguage\":\"pl-PL\",\"potentialAction\":[{\"@type\":\"ReadAction\",\"target\":[\"https:\/\/shop.diolosa.com\/pl\/product\/knotty-path\/\"]}]},{\"@type\":\"ImageObject\",\"inLanguage\":\"pl-PL\",\"@id\":\"https:\/\/shop.diolosa.com\/pl\/product\/knotty-path\/#primaryimage\",\"url\":\"https:\/\/shop.diolosa.com\/wp-content\/uploads\/2019\/09\/Presslinge-140.jpg\",\"contentUrl\":\"https:\/\/shop.diolosa.com\/wp-content\/uploads\/2019\/09\/Presslinge-140.jpg\",\"width\":800,\"height\":533},{\"@type\":\"BreadcrumbList\",\"@id\":\"https:\/\/shop.diolosa.com\/pl\/product\/knotty-path\/#breadcrumb\",\"itemListElement\":[{\"@type\":\"ListItem\",\"position\":1,\"name\":\"Startseite\",\"item\":\"https:\/\/shop.diolosa.com\/pl\/?page_id=3835710\"},{\"@type\":\"ListItem\",\"position\":2,\"name\":\"Sklep\",\"item\":\"https:\/\/shop.diolosa.com\/pl\/?page_id=3835710\"},{\"@type\":\"ListItem\",\"position\":3,\"name\":\"Knotty Path\"}]},{\"@type\":\"WebSite\",\"@id\":\"https:\/\/shop.diolosa.com\/pl\/#website\",\"url\":\"https:\/\/shop.diolosa.com\/pl\/\",\"name\":\"Claude Diolosa\",\"description\":\"\",\"publisher\":{\"@id\":\"https:\/\/shop.diolosa.com\/pl\/#organization\"},\"potentialAction\":[{\"@type\":\"SearchAction\",\"target\":{\"@type\":\"EntryPoint\",\"urlTemplate\":\"https:\/\/shop.diolosa.com\/pl\/?s={search_term_string}\"},\"query-input\":{\"@type\":\"PropertyValueSpecification\",\"valueRequired\":true,\"valueName\":\"search_term_string\"}}],\"inLanguage\":\"pl-PL\"},{\"@type\":\"Organization\",\"@id\":\"https:\/\/shop.diolosa.com\/pl\/#organization\",\"name\":\"Claude Diolosa\",\"url\":\"https:\/\/shop.diolosa.com\/pl\/\",\"logo\":{\"@type\":\"ImageObject\",\"inLanguage\":\"pl-PL\",\"@id\":\"https:\/\/shop.diolosa.com\/pl\/#\/schema\/logo\/image\/\",\"url\":\"https:\/\/shop.diolosa.com\/wp-content\/uploads\/2019\/08\/diolosa-drop-logo-new.png\",\"contentUrl\":\"https:\/\/shop.diolosa.com\/wp-content\/uploads\/2019\/08\/diolosa-drop-logo-new.png\",\"width\":134,\"height\":176,\"caption\":\"Claude Diolosa\"},\"image\":{\"@id\":\"https:\/\/shop.diolosa.com\/pl\/#\/schema\/logo\/image\/\"},\"sameAs\":[\"https:\/\/facebook.com\/claudediolosa\",\"https:\/\/www.instagram.com\/diolosaclaude108\/\"]}]}<\/script>\n<!-- \/ Yoast SEO plugin. -->","yoast_head_json":{"title":"Knotty Path - Claude Diolosa","robots":{"index":"index","follow":"follow","max-snippet":"max-snippet:-1","max-image-preview":"max-image-preview:large","max-video-preview":"max-video-preview:-1"},"canonical":"https:\/\/shop.diolosa.com\/pl\/product\/knotty-path\/","og_locale":"pl_PL","og_type":"article","og_title":"Knotty Path - Claude Diolosa","og_description":"KNOTTY PATH jest stosowany w leczeniu gruczolakow\u0142\u00f3kniak\u00f3w. Preparat ten usuwa [...]","og_url":"https:\/\/shop.diolosa.com\/pl\/product\/knotty-path\/","og_site_name":"Claude Diolosa","article_publisher":"https:\/\/facebook.com\/claudediolosa","article_modified_time":"2025-05-06T13:54:21+00:00","og_image":[{"width":800,"height":533,"url":"https:\/\/shop.diolosa.com\/wp-content\/uploads\/2019\/09\/Presslinge-140.jpg","type":"image\/jpeg"}],"twitter_card":"summary_large_image","schema":{"@context":"https:\/\/schema.org","@graph":[{"@type":"WebPage","@id":"https:\/\/shop.diolosa.com\/pl\/product\/knotty-path\/","url":"https:\/\/shop.diolosa.com\/pl\/product\/knotty-path\/","name":"Knotty Path - Claude Diolosa","isPartOf":{"@id":"https:\/\/shop.diolosa.com\/pl\/#website"},"primaryImageOfPage":{"@id":"https:\/\/shop.diolosa.com\/pl\/product\/knotty-path\/#primaryimage"},"image":{"@id":"https:\/\/shop.diolosa.com\/pl\/product\/knotty-path\/#primaryimage"},"thumbnailUrl":"https:\/\/shop.diolosa.com\/wp-content\/uploads\/2019\/09\/Presslinge-140.jpg","datePublished":"2025-03-10T05:58:28+00:00","dateModified":"2025-05-06T13:54:21+00:00","breadcrumb":{"@id":"https:\/\/shop.diolosa.com\/pl\/product\/knotty-path\/#breadcrumb"},"inLanguage":"pl-PL","potentialAction":[{"@type":"ReadAction","target":["https:\/\/shop.diolosa.com\/pl\/product\/knotty-path\/"]}]},{"@type":"ImageObject","inLanguage":"pl-PL","@id":"https:\/\/shop.diolosa.com\/pl\/product\/knotty-path\/#primaryimage","url":"https:\/\/shop.diolosa.com\/wp-content\/uploads\/2019\/09\/Presslinge-140.jpg","contentUrl":"https:\/\/shop.diolosa.com\/wp-content\/uploads\/2019\/09\/Presslinge-140.jpg","width":800,"height":533},{"@type":"BreadcrumbList","@id":"https:\/\/shop.diolosa.com\/pl\/product\/knotty-path\/#breadcrumb","itemListElement":[{"@type":"ListItem","position":1,"name":"Startseite","item":"https:\/\/shop.diolosa.com\/pl\/?page_id=3835710"},{"@type":"ListItem","position":2,"name":"Sklep","item":"https:\/\/shop.diolosa.com\/pl\/?page_id=3835710"},{"@type":"ListItem","position":3,"name":"Knotty Path"}]},{"@type":"WebSite","@id":"https:\/\/shop.diolosa.com\/pl\/#website","url":"https:\/\/shop.diolosa.com\/pl\/","name":"Claude Diolosa","description":"","publisher":{"@id":"https:\/\/shop.diolosa.com\/pl\/#organization"},"potentialAction":[{"@type":"SearchAction","target":{"@type":"EntryPoint","urlTemplate":"https:\/\/shop.diolosa.com\/pl\/?s={search_term_string}"},"query-input":{"@type":"PropertyValueSpecification","valueRequired":true,"valueName":"search_term_string"}}],"inLanguage":"pl-PL"},{"@type":"Organization","@id":"https:\/\/shop.diolosa.com\/pl\/#organization","name":"Claude Diolosa","url":"https:\/\/shop.diolosa.com\/pl\/","logo":{"@type":"ImageObject","inLanguage":"pl-PL","@id":"https:\/\/shop.diolosa.com\/pl\/#\/schema\/logo\/image\/","url":"https:\/\/shop.diolosa.com\/wp-content\/uploads\/2019\/08\/diolosa-drop-logo-new.png","contentUrl":"https:\/\/shop.diolosa.com\/wp-content\/uploads\/2019\/08\/diolosa-drop-logo-new.png","width":134,"height":176,"caption":"Claude Diolosa"},"image":{"@id":"https:\/\/shop.diolosa.com\/pl\/#\/schema\/logo\/image\/"},"sameAs":["https:\/\/facebook.com\/claudediolosa","https:\/\/www.instagram.com\/diolosaclaude108\/"]}]}},"_links":{"self":[{"href":"https:\/\/shop.diolosa.com\/pl\/wp-json\/wp\/v2\/product\/3841318","targetHints":{"allow":["GET"]}}],"collection":[{"href":"https:\/\/shop.diolosa.com\/pl\/wp-json\/wp\/v2\/product"}],"about":[{"href":"https:\/\/shop.diolosa.com\/pl\/wp-json\/wp\/v2\/types\/product"}],"wp:featuredmedia":[{"embeddable":true,"href":"https:\/\/shop.diolosa.com\/pl\/wp-json\/wp\/v2\/media\/3835943"}],"wp:attachment":[{"href":"https:\/\/shop.diolosa.com\/pl\/wp-json\/wp\/v2\/media?parent=3841318"}],"wp:term":[{"taxonomy":"product_brand","embeddable":true,"href":"https:\/\/shop.diolosa.com\/pl\/wp-json\/wp\/v2\/product_brand?post=3841318"},{"taxonomy":"product_cat","embeddable":true,"href":"https:\/\/shop.diolosa.com\/pl\/wp-json\/wp\/v2\/product_cat?post=3841318"},{"taxonomy":"product_tag","embeddable":true,"href":"https:\/\/shop.diolosa.com\/pl\/wp-json\/wp\/v2\/product_tag?post=3841318"}],"curies":[{"name":"wp","href":"https:\/\/api.w.org\/{rel}","templated":true}]}}