{"id":3841322,"date":"2019-09-04T12:11:12","date_gmt":"2025-03-10T05:58:29","guid":{"rendered":"https:\/\/shop.diolosa.com\/product\/ares\/"},"modified":"2025-05-31T07:24:43","modified_gmt":"2025-05-31T06:24:43","slug":"ares","status":"publish","type":"product","link":"https:\/\/shop.diolosa.com\/pl\/product\/ares\/","title":{"rendered":"Ares"},"content":{"rendered":"<p>ARES jest stosowany do skutecznego leczenia ostr\u00f3g pi\u0119towych, bolesnego stanu cz\u0119sto spowodowanego przeci\u0105\u017ceniem i nieprawid\u0142owym obci\u0105\u017ceniem stopy. Ten specjalny preparat ma kilka sposob\u00f3w dzia\u0142ania: Stabilizuje i wspiera funkcjonowanie \u015bledziony, co jest bardzo wa\u017cne dla og\u00f3lnego zdrowia organizmu. Ponadto ARES pomaga odprowadza\u0107 nadmiar wilgoci i ciep\u0142a z tak zwanego dolnego ogrzewacza &#8211; koncepcji tradycyjnej medycyny chi\u0144skiej, kt\u00f3ra odnosi si\u0119 do okre\u015blonych obszar\u00f3w cia\u0142a.  <\/p>\n<p>Zdolno\u015b\u0107 ARES do poruszania krwi i Qi odgrywa kluczow\u0105 rol\u0119 w \u0142agodzeniu b\u00f3lu i promowaniu lepszego kr\u0105\u017cenia w dotkni\u0119tym obszarze. Dzi\u0119ki tym kompleksowym mechanizmom dzia\u0142ania, ARES nie tylko przyczynia si\u0119 do z\u0142agodzenia b\u00f3lu, ale tak\u017ce wspomaga gojenie si\u0119 tkanek i poprawia og\u00f3lne samopoczucie pacjenta.<\/p>\n","protected":false},"excerpt":{"rendered":"<p>ARES jest stosowany do skutecznego leczenia ostr\u00f3g pi\u0119towych, bolesnego stanu  [&#8230;]<\/p>\n","protected":false},"featured_media":3835943,"template":"","meta":{"_acf_changed":false},"product_brand":[],"product_cat":[11784],"product_tag":[12405],"class_list":{"0":"post-3841322","1":"product","2":"type-product","3":"status-publish","4":"has-post-thumbnail","6":"product_cat-medycyna-sportowa","7":"product_tag-ostroga-pietowa","9":"first","10":"instock","11":"taxable","12":"shipping-taxable","13":"purchasable","14":"product-type-simple"},"acf":{"yn_product_audio":"https:\/\/shop.diolosa.com\/wp-content\/uploads\/2018\/12\/DL_0998.mp3","yn_product_akupunktur":"<p>Lokalne ig\u0142owanie i punkty ashi<br \/>\np\u0119cherz 60 &#8211; kun lun (jing) &#8211; xie fa<br \/>\nnerka 3 &#8211; tai xi (shu, yuan) &#8211; bu fa (opozycja do bl 60)  <\/p>\n<p>Przesu\u0144 krew<br \/>\np\u0119cherz 40 &#8211; wei zhong (he, xia he xue &#8211; p\u0119cherz, xi krwi, jing bie ni\/bl) &#8211; xie fa<br \/>\n\u015bledziona 10 &#8211; xue hai (jezioro krwi) &#8211; xie fa  <\/p>\n<p>Rozpu\u015bci\u0107 przekrwienie qi p\u0119cherzyka \u017c\u00f3\u0142ciowego<br \/>\nworeczek \u017c\u00f3\u0142ciowy 34 &#8211; yang ling quan (he, xia he xue, gui) &#8211; xie fa<br \/>\nworeczek \u017c\u00f3\u0142ciowy 39 &#8211; xuan zhong &#8211; jue gu (mark) &#8211; xie fa<br \/>\nworeczek \u017c\u00f3\u0142ciowy 40 &#8211; qiu xu (yuan) &#8211; xie fa<br \/>\nworeczek \u017c\u00f3\u0142ciowy 36 &#8211; wai qiu (xi) &#8211; xie fa<\/p>\n<p>P\u0119cherze Ciep\u0142o i wilgo\u0107 odprowadzaj\u0105 ciep\u0142o<br \/>\np\u0119cherz 63 &#8211; jin men (xi, yang wei mai) &#8211; xie fa<br \/>\np\u0119cherz 66 &#8211; to ting gu (ying) &#8211; xie fa<br \/>\np\u0119cherz 64 &#8211; jing gu (yuan) &#8211; xie fa<br \/>\np\u0119cherz 65 &#8211; shu gu (shu) &#8211; xie fa  <\/p>\n<p>Uzupe\u0142nienie yin w nerkach<br \/>\nnerka 3 &#8211; tai xi (shu, yuan) &#8211; bu fa<br \/>\nnerka 7 &#8211; fu liu (jing) &#8211; bu fa<\/p>\n","yn_product_verabreichungsart":"Pelety 140szt.","yn_product_dosierung":"<p>3 x 6 do 10 tabletek dziennie, zawsze przed posi\u0142kami, przez co najmniej 30 do 120 dni.<\/p>\n","yn_product_combinations":"<p>TABLETKI OCZYSZCZAJ\u0104CE I HERBATA przez 12 dni, aby wyeliminowa\u0107 mokre ciep\u0142o z Jue Yin, ACHILLEUS, aby z\u0142agodzi\u0107 b\u00f3l, TABLETKI FREE FLOW, stosowa\u0107 zewn\u0119trznie FREE FLOW GEL, OIL i SPRAY kilka razy dziennie.<\/p>\n","yn_product_avoidable":"<p>Alkohol, bekon, kie\u0142basa, szynka, wieprzowina, s\u00f3l, owoce morza, ci\u0119\u017ckostrawne potrawy, t\u0142uste sery.<\/p>\n","yn_product_tcm_mindmapping":"<p>Niedob\u00f3r Qi \u015bledziony > Niedob\u00f3r Yin nerek > Ciep\u0142o wilgoci w dolnym ogrzewaczu > Twarda flegma Ciep\u0142o i zast\u00f3j krwi blokuj\u0105 Luo Mai<\/p>\n","yn_product_tongue_body":"<p>Szeroki, czerwony i pop\u0119kany<\/p>\n","yn_product_tongue_coating":"<p>\u017b\u00f3\u0142tawy kolor w dolnej cieplejszej cz\u0119\u015bci<\/p>\n","yn_product_pulse_diagnostics":"<p>duan mai &#8211; kr\u00f3tki, xu mai &#8211; pusty, xi mai &#8211; cienki, se mai &#8211; szorstki<br \/>\nDolna pozycja cieplejsza: da mai &#8211; szeroka i lekka hua mai &#8211; przesuwna<\/p>\n","yn_product_indications":"<p>Ostroga pi\u0119towa, b\u00f3l w okolicy pi\u0119ty, tkliwo\u015b\u0107 w miejscu przyczepu \u015bci\u0119gna<\/p>\n","yn_product_contra_indications":"<p>Niedob\u00f3r Yang, przezi\u0119bienie wewn\u0119trzne, mokre przezi\u0119bienie, biegunka i wielomocz<\/p>\n","yn_product_pregnancy":"<p>Przeciwwskazane<\/p>\n","yn_product_herbs":"<p>coicis semen &#8211; yi yi ren, poria cocos &#8211; fu ling, alismati rhizoma &#8211; ze xie, chaenomelis fructus &#8211; mu gua, achyranthis bidentae radix &#8211; huai niu xi, moutan cortex &#8211; mu dan pi, ligustri fructus &#8211; nu zhen zi, ecliptae herba &#8211; han lian cao, loranthi ramulus &#8211; sang ji sheng, salviae radix &#8211; dan shen, glycyrrhizae uralensis radix &#8211; gan cao<\/p>\n","yn_product_magisterrecipes":"<p>Zhi Bai Di Huang Tang, Si Miao San<\/p>\n","yn_product_video":"https:\/\/shop.diolosa.com\/wp-content\/uploads\/2026\/03\/Ares.mp4"},"yoast_head":"<!-- This site is optimized with the Yoast SEO plugin v24.9 - https:\/\/yoast.com\/wordpress\/plugins\/seo\/ -->\n<title>Ares - Claude Diolosa<\/title>\n<meta name=\"robots\" content=\"index, follow, max-snippet:-1, max-image-preview:large, max-video-preview:-1\" \/>\n<link rel=\"canonical\" href=\"https:\/\/shop.diolosa.com\/pl\/product\/ares\/\" \/>\n<meta property=\"og:locale\" content=\"pl_PL\" \/>\n<meta property=\"og:type\" content=\"article\" \/>\n<meta property=\"og:title\" content=\"Ares - Claude Diolosa\" \/>\n<meta property=\"og:description\" content=\"ARES jest stosowany do skutecznego leczenia ostr\u00f3g pi\u0119towych, bolesnego stanu [...]\" \/>\n<meta property=\"og:url\" content=\"https:\/\/shop.diolosa.com\/pl\/product\/ares\/\" \/>\n<meta property=\"og:site_name\" content=\"Claude Diolosa\" \/>\n<meta property=\"article:publisher\" content=\"https:\/\/facebook.com\/claudediolosa\" \/>\n<meta property=\"article:modified_time\" content=\"2025-05-31T06:24:43+00:00\" \/>\n<meta property=\"og:image\" content=\"https:\/\/shop.diolosa.com\/wp-content\/uploads\/2019\/09\/Presslinge-140.jpg\" \/>\n\t<meta property=\"og:image:width\" content=\"800\" \/>\n\t<meta property=\"og:image:height\" content=\"533\" \/>\n\t<meta property=\"og:image:type\" content=\"image\/jpeg\" \/>\n<meta name=\"twitter:card\" content=\"summary_large_image\" \/>\n<meta name=\"twitter:label1\" content=\"Szacowany czas czytania\" \/>\n\t<meta name=\"twitter:data1\" content=\"1 minuta\" \/>\n<script type=\"application\/ld+json\" class=\"yoast-schema-graph\">{\"@context\":\"https:\/\/schema.org\",\"@graph\":[{\"@type\":\"WebPage\",\"@id\":\"https:\/\/shop.diolosa.com\/pl\/product\/ares\/\",\"url\":\"https:\/\/shop.diolosa.com\/pl\/product\/ares\/\",\"name\":\"Ares - Claude Diolosa\",\"isPartOf\":{\"@id\":\"https:\/\/shop.diolosa.com\/pl\/#website\"},\"primaryImageOfPage\":{\"@id\":\"https:\/\/shop.diolosa.com\/pl\/product\/ares\/#primaryimage\"},\"image\":{\"@id\":\"https:\/\/shop.diolosa.com\/pl\/product\/ares\/#primaryimage\"},\"thumbnailUrl\":\"https:\/\/shop.diolosa.com\/wp-content\/uploads\/2019\/09\/Presslinge-140.jpg\",\"datePublished\":\"2025-03-10T05:58:29+00:00\",\"dateModified\":\"2025-05-31T06:24:43+00:00\",\"breadcrumb\":{\"@id\":\"https:\/\/shop.diolosa.com\/pl\/product\/ares\/#breadcrumb\"},\"inLanguage\":\"pl-PL\",\"potentialAction\":[{\"@type\":\"ReadAction\",\"target\":[\"https:\/\/shop.diolosa.com\/pl\/product\/ares\/\"]}]},{\"@type\":\"ImageObject\",\"inLanguage\":\"pl-PL\",\"@id\":\"https:\/\/shop.diolosa.com\/pl\/product\/ares\/#primaryimage\",\"url\":\"https:\/\/shop.diolosa.com\/wp-content\/uploads\/2019\/09\/Presslinge-140.jpg\",\"contentUrl\":\"https:\/\/shop.diolosa.com\/wp-content\/uploads\/2019\/09\/Presslinge-140.jpg\",\"width\":800,\"height\":533},{\"@type\":\"BreadcrumbList\",\"@id\":\"https:\/\/shop.diolosa.com\/pl\/product\/ares\/#breadcrumb\",\"itemListElement\":[{\"@type\":\"ListItem\",\"position\":1,\"name\":\"Startseite\",\"item\":\"https:\/\/shop.diolosa.com\/pl\/?page_id=3835710\"},{\"@type\":\"ListItem\",\"position\":2,\"name\":\"Sklep\",\"item\":\"https:\/\/shop.diolosa.com\/pl\/?page_id=3835710\"},{\"@type\":\"ListItem\",\"position\":3,\"name\":\"Ares\"}]},{\"@type\":\"WebSite\",\"@id\":\"https:\/\/shop.diolosa.com\/pl\/#website\",\"url\":\"https:\/\/shop.diolosa.com\/pl\/\",\"name\":\"Claude Diolosa\",\"description\":\"\",\"publisher\":{\"@id\":\"https:\/\/shop.diolosa.com\/pl\/#organization\"},\"potentialAction\":[{\"@type\":\"SearchAction\",\"target\":{\"@type\":\"EntryPoint\",\"urlTemplate\":\"https:\/\/shop.diolosa.com\/pl\/?s={search_term_string}\"},\"query-input\":{\"@type\":\"PropertyValueSpecification\",\"valueRequired\":true,\"valueName\":\"search_term_string\"}}],\"inLanguage\":\"pl-PL\"},{\"@type\":\"Organization\",\"@id\":\"https:\/\/shop.diolosa.com\/pl\/#organization\",\"name\":\"Claude Diolosa\",\"url\":\"https:\/\/shop.diolosa.com\/pl\/\",\"logo\":{\"@type\":\"ImageObject\",\"inLanguage\":\"pl-PL\",\"@id\":\"https:\/\/shop.diolosa.com\/pl\/#\/schema\/logo\/image\/\",\"url\":\"https:\/\/shop.diolosa.com\/wp-content\/uploads\/2019\/08\/diolosa-drop-logo-new.png\",\"contentUrl\":\"https:\/\/shop.diolosa.com\/wp-content\/uploads\/2019\/08\/diolosa-drop-logo-new.png\",\"width\":134,\"height\":176,\"caption\":\"Claude Diolosa\"},\"image\":{\"@id\":\"https:\/\/shop.diolosa.com\/pl\/#\/schema\/logo\/image\/\"},\"sameAs\":[\"https:\/\/facebook.com\/claudediolosa\",\"https:\/\/www.instagram.com\/diolosaclaude108\/\"]}]}<\/script>\n<!-- \/ Yoast SEO plugin. -->","yoast_head_json":{"title":"Ares - Claude Diolosa","robots":{"index":"index","follow":"follow","max-snippet":"max-snippet:-1","max-image-preview":"max-image-preview:large","max-video-preview":"max-video-preview:-1"},"canonical":"https:\/\/shop.diolosa.com\/pl\/product\/ares\/","og_locale":"pl_PL","og_type":"article","og_title":"Ares - Claude Diolosa","og_description":"ARES jest stosowany do skutecznego leczenia ostr\u00f3g pi\u0119towych, bolesnego stanu [...]","og_url":"https:\/\/shop.diolosa.com\/pl\/product\/ares\/","og_site_name":"Claude Diolosa","article_publisher":"https:\/\/facebook.com\/claudediolosa","article_modified_time":"2025-05-31T06:24:43+00:00","og_image":[{"width":800,"height":533,"url":"https:\/\/shop.diolosa.com\/wp-content\/uploads\/2019\/09\/Presslinge-140.jpg","type":"image\/jpeg"}],"twitter_card":"summary_large_image","twitter_misc":{"Szacowany czas czytania":"1 minuta"},"schema":{"@context":"https:\/\/schema.org","@graph":[{"@type":"WebPage","@id":"https:\/\/shop.diolosa.com\/pl\/product\/ares\/","url":"https:\/\/shop.diolosa.com\/pl\/product\/ares\/","name":"Ares - Claude Diolosa","isPartOf":{"@id":"https:\/\/shop.diolosa.com\/pl\/#website"},"primaryImageOfPage":{"@id":"https:\/\/shop.diolosa.com\/pl\/product\/ares\/#primaryimage"},"image":{"@id":"https:\/\/shop.diolosa.com\/pl\/product\/ares\/#primaryimage"},"thumbnailUrl":"https:\/\/shop.diolosa.com\/wp-content\/uploads\/2019\/09\/Presslinge-140.jpg","datePublished":"2025-03-10T05:58:29+00:00","dateModified":"2025-05-31T06:24:43+00:00","breadcrumb":{"@id":"https:\/\/shop.diolosa.com\/pl\/product\/ares\/#breadcrumb"},"inLanguage":"pl-PL","potentialAction":[{"@type":"ReadAction","target":["https:\/\/shop.diolosa.com\/pl\/product\/ares\/"]}]},{"@type":"ImageObject","inLanguage":"pl-PL","@id":"https:\/\/shop.diolosa.com\/pl\/product\/ares\/#primaryimage","url":"https:\/\/shop.diolosa.com\/wp-content\/uploads\/2019\/09\/Presslinge-140.jpg","contentUrl":"https:\/\/shop.diolosa.com\/wp-content\/uploads\/2019\/09\/Presslinge-140.jpg","width":800,"height":533},{"@type":"BreadcrumbList","@id":"https:\/\/shop.diolosa.com\/pl\/product\/ares\/#breadcrumb","itemListElement":[{"@type":"ListItem","position":1,"name":"Startseite","item":"https:\/\/shop.diolosa.com\/pl\/?page_id=3835710"},{"@type":"ListItem","position":2,"name":"Sklep","item":"https:\/\/shop.diolosa.com\/pl\/?page_id=3835710"},{"@type":"ListItem","position":3,"name":"Ares"}]},{"@type":"WebSite","@id":"https:\/\/shop.diolosa.com\/pl\/#website","url":"https:\/\/shop.diolosa.com\/pl\/","name":"Claude Diolosa","description":"","publisher":{"@id":"https:\/\/shop.diolosa.com\/pl\/#organization"},"potentialAction":[{"@type":"SearchAction","target":{"@type":"EntryPoint","urlTemplate":"https:\/\/shop.diolosa.com\/pl\/?s={search_term_string}"},"query-input":{"@type":"PropertyValueSpecification","valueRequired":true,"valueName":"search_term_string"}}],"inLanguage":"pl-PL"},{"@type":"Organization","@id":"https:\/\/shop.diolosa.com\/pl\/#organization","name":"Claude Diolosa","url":"https:\/\/shop.diolosa.com\/pl\/","logo":{"@type":"ImageObject","inLanguage":"pl-PL","@id":"https:\/\/shop.diolosa.com\/pl\/#\/schema\/logo\/image\/","url":"https:\/\/shop.diolosa.com\/wp-content\/uploads\/2019\/08\/diolosa-drop-logo-new.png","contentUrl":"https:\/\/shop.diolosa.com\/wp-content\/uploads\/2019\/08\/diolosa-drop-logo-new.png","width":134,"height":176,"caption":"Claude Diolosa"},"image":{"@id":"https:\/\/shop.diolosa.com\/pl\/#\/schema\/logo\/image\/"},"sameAs":["https:\/\/facebook.com\/claudediolosa","https:\/\/www.instagram.com\/diolosaclaude108\/"]}]}},"_links":{"self":[{"href":"https:\/\/shop.diolosa.com\/pl\/wp-json\/wp\/v2\/product\/3841322","targetHints":{"allow":["GET"]}}],"collection":[{"href":"https:\/\/shop.diolosa.com\/pl\/wp-json\/wp\/v2\/product"}],"about":[{"href":"https:\/\/shop.diolosa.com\/pl\/wp-json\/wp\/v2\/types\/product"}],"wp:featuredmedia":[{"embeddable":true,"href":"https:\/\/shop.diolosa.com\/pl\/wp-json\/wp\/v2\/media\/3835943"}],"wp:attachment":[{"href":"https:\/\/shop.diolosa.com\/pl\/wp-json\/wp\/v2\/media?parent=3841322"}],"wp:term":[{"taxonomy":"product_brand","embeddable":true,"href":"https:\/\/shop.diolosa.com\/pl\/wp-json\/wp\/v2\/product_brand?post=3841322"},{"taxonomy":"product_cat","embeddable":true,"href":"https:\/\/shop.diolosa.com\/pl\/wp-json\/wp\/v2\/product_cat?post=3841322"},{"taxonomy":"product_tag","embeddable":true,"href":"https:\/\/shop.diolosa.com\/pl\/wp-json\/wp\/v2\/product_tag?post=3841322"}],"curies":[{"name":"wp","href":"https:\/\/api.w.org\/{rel}","templated":true}]}}