{"id":3841327,"date":"2019-09-04T12:10:54","date_gmt":"2025-03-10T05:58:32","guid":{"rendered":"https:\/\/shop.diolosa.com\/product\/herbata-san-bao-nowa-300g\/"},"modified":"2025-05-06T14:56:00","modified_gmt":"2025-05-06T13:56:00","slug":"herbata-san-bao-nowa-300g","status":"publish","type":"product","link":"https:\/\/shop.diolosa.com\/pl\/product\/herbata-san-bao-nowa-300g\/","title":{"rendered":"Herbata San Bao (nowa 300g)"},"content":{"rendered":"<p>SAN BAO TEA nale\u017cy do preparat\u00f3w ANTI-AGING linii Diolosa i jest preparatem przed\u0142u\u017caj\u0105cym \u017cycie. Ta zio\u0142owa mieszanka uzupe\u0142nia Jing, Qi, Krew i Soki bez powodowania wilgoci, flegmy lub stagnacji i stymuluje poporodowe \u017ar\u00f3d\u0142o JING. Zaleca si\u0119 picie tej herbaty zio\u0142owej (nie zawiera zielonej ani czarnej herbaty) w godzinach popo\u0142udniowych. SAN BAO TEA ma dzia\u0142anie u\u0142atwiaj\u0105ce zasypianie, uspokajaj\u0105ce i r\u00f3wnowa\u017c\u0105ce HUN i PO i mo\u017ce by\u0107 r\u00f3wnie\u017c podawana dzieciom i kobietom w ci\u0105\u017cy. Dzia\u0142anie SAN BAO TEA mo\u017cna jeszcze bardziej wzmocni\u0107, kr\u00f3tko j\u0105 parz\u0105c.    <\/p>\n<p>&nbsp;<\/p>\n<p>&nbsp;<\/p>\n","protected":false},"excerpt":{"rendered":"<p>&nbsp;<\/p>\n<p>&nbsp;<\/p>\n<p>&nbsp;<\/p>\n","protected":false},"featured_media":3841328,"template":"","meta":{"_acf_changed":false},"product_brand":[],"product_cat":[12034],"product_tag":[12408],"class_list":{"0":"post-3841327","1":"product","2":"type-product","3":"status-publish","4":"has-post-thumbnail","6":"product_cat-przedluzenie-zycia","7":"product_tag-stan-wyczerpania-herbata-san-bao","9":"first","10":"instock","11":"taxable","12":"shipping-taxable","13":"purchasable","14":"product-type-simple"},"acf":{"yn_product_audio":"https:\/\/shop.diolosa.com\/wp-content\/uploads\/2018\/12\/DL_0816.mp3","yn_product_video":"https:\/\/shop.diolosa.com\/wp-content\/uploads\/2024\/03\/San-Bao-Rinchen-.mp4","yn_product_akupunktur":"<p>Niedob\u00f3r Qi \u015bledziony<br \/>\np\u0119cherz 20 &#8211; pi shu &#8211; bu fa<br \/>\n\u015bledziona 3 &#8211; tai bai (yuan) &#8211; bu fa<br \/>\n\u017co\u0142\u0105dek 36 &#8211; to san li (shu, xia he xue &#8211; \u017co\u0142\u0105dek, si hai xue, si zhong xue) &#8211; bu fa<\/p>\n<p>Tonizuje yang i qi nerek<br \/>\np\u0119cherz moczowy 23 &#8211; shen shu &#8211; bu fa z moks\u0105<br \/>\np\u0119cherz moczowy 52 &#8211; zhi shi (gui = zhi) &#8211; bu fa<br \/>\nworeczek \u017c\u00f3\u0142ciowy 25 &#8211; jing men (mo) &#8211; bu fa<br \/>\ndu mai 4 &#8211; ming men &#8211; bu fa z moks\u0105<\/p>\n<p>Uzupe\u0142nienie yin nerki<br \/>\nnerka 3 &#8211; tai xi (shu,yuan) &#8211; bu fa<br \/>\nnerka 7 &#8211; fu liu (jing) &#8211; bu fa<br \/>\nnerka 6 &#8211; zhao hai (yin qiao mai) &#8211; bu fa<br \/>\n\u015bledziona 4 &#8211; gong sun (luo, chong mai) &#8211; bu fa<br \/>\np\u0142uco 7 &#8211; lie que (luo, ren mai, gao wu, ma da yang) &#8211; bu fa<br \/>\nkr\u0105\u017cenie 6 &#8211; nei guan (luo, yin wei mai) &#8211; bu fa  <\/p>\n<p>Wype\u0142nij nerk\u0119 Jing<br \/>\nnerka 3 &#8211; tai xi (shu, yuan) &#8211; bu fa<br \/>\np\u0119cherz 43 &#8211; gao huang shu (qi, xue, jinye, yin, yang) &#8211; bu fa<\/p>\n<p>Od\u017cywia krew<br \/>\nba\u0144ka 17 &#8211; ge shu (krew) &#8211; bu fa<\/p>\n<p>Podnoszenie Qi<br \/>\nren mai 4 &#8211; guan yuan (mo > jelito cienkie, w\u0105troba, nerki, \u015bledziona) &#8211; bu fa z moks\u0105<br \/>\nren mai 6 &#8211; qi hai (yuan qi) &#8211; bu fa z moks\u0105<\/p>\n<p>PO zapi\u0105\u0107<br \/>\nbubble 42 &#8211; po hu (po) &#8211; bu fa<\/p>\n","yn_product_verabreichungsart":"Chi\u0144ska herbata zio\u0142owa 300g","yn_product_dosierung":"<p>1 do 2 \u0142y\u017cek sto\u0142owych na 1\/2 litra wrz\u0105cej wody, pozostawi\u0107 do zaparzenia na 10 minut, 3 fili\u017canki dziennie mi\u0119dzy posi\u0142kami, przyjmowa\u0107 do 120 dni razem z granulatem Yin Root.<\/p>\n","yn_product_combinations":"<p>KORZE\u0143 YIN (niedob\u00f3r yin w nerkach), KORZE\u0143 YANG (niedob\u00f3r yang i jing w nerkach), HERBATA RINCHEN (niedob\u00f3r yang i jing w nerkach), IRONDROPS (niedob\u00f3r krwi)<\/p>\n","yn_product_avoidable":"<p>Indyjskie, aromatyczne i ostre przyprawy, alkohol, kawa, czarna herbata, zielona herbata, w\u0119dzenie, jagni\u0119cina, owoce morza<\/p>\n","yn_product_tcm_mindmapping":"<p>Niedob\u00f3r Qi \u015bledziony > zaburzenia wch\u0142aniania > zast\u00f3j pokarmu > wilgo\u0107 > niedob\u00f3r Yin i Qi nerek > niedob\u00f3r Jing<\/p>\n","yn_product_tongue_body":"<p>Cienki, w\u0105ski, p\u0119kni\u0119ty w Shao Yin, kr\u00f3tki, suchy<\/p>\n","yn_product_tongue_coating":"<p>Rzadkie, \u017c\u00f3\u0142tawe i suche<\/p>\n","yn_product_pulse_diagnostics":"<p>Pozycja nerek Yin: fu mai &#8211; powierzchowna, chen mai &#8211; g\u0142\u0119boka, xi mai &#8211; cienka, duan mai &#8211; kr\u00f3tka, xu mai &#8211; pusta, shuo mai &#8211; szybka.<\/p>\n","yn_product_indications":"<p>Wyczerpanie, wycie\u0144czenie, zesp\u00f3\u0142 wypalenia zawodowego, p\u00f3\u017ane skutki chemioterapii i radioterapii, niep\u0142odno\u015b\u0107, przewlek\u0142y b\u00f3l plec\u00f3w, bezsenno\u015b\u0107, nocne poty, menopauza<\/p>\n","yn_product_contra_indications":"<p>Niedob\u00f3r Yang i Qi nerek, wilgo\u0107 i przezi\u0119bienie flegmy<\/p>\n","yn_product_pregnancy":"<p>Dozwolone<\/p>\n","yn_product_herbs":"<p>polygoni multiflori radix &#8211; he shou wu, lycii fructus &#8211; gou qi zi, schizandrae fructus &#8211; wu wei zi, angelicae sinensis radix &#8211; dang gui, dioscorea rhizoma &#8211; shan yao, astragali radix &#8211; huang qi<\/p>\n","yn_product_magisterrecipes":"<p>Zuo Gui Yin, Liu Wei Di Huang Tang<\/p>\n"},"yoast_head":"<!-- This site is optimized with the Yoast SEO plugin v24.9 - https:\/\/yoast.com\/wordpress\/plugins\/seo\/ -->\n<title>Herbata San Bao (nowa 300g) - Claude Diolosa<\/title>\n<meta name=\"robots\" content=\"index, follow, max-snippet:-1, max-image-preview:large, max-video-preview:-1\" \/>\n<link rel=\"canonical\" href=\"https:\/\/shop.diolosa.com\/pl\/product\/herbata-san-bao-nowa-300g\/\" \/>\n<meta property=\"og:locale\" content=\"pl_PL\" \/>\n<meta property=\"og:type\" content=\"article\" \/>\n<meta property=\"og:title\" content=\"Herbata San Bao (nowa 300g) - Claude Diolosa\" \/>\n<meta property=\"og:description\" content=\"&nbsp; &nbsp; &nbsp;\" \/>\n<meta property=\"og:url\" content=\"https:\/\/shop.diolosa.com\/pl\/product\/herbata-san-bao-nowa-300g\/\" \/>\n<meta property=\"og:site_name\" content=\"Claude Diolosa\" \/>\n<meta property=\"article:publisher\" content=\"https:\/\/facebook.com\/claudediolosa\" \/>\n<meta property=\"article:modified_time\" content=\"2025-05-06T13:56:00+00:00\" \/>\n<meta property=\"og:image\" content=\"https:\/\/shop.diolosa.com\/wp-content\/uploads\/2019\/07\/DL_816_Apotheke_IBK_Produkte.jpg\" \/>\n\t<meta property=\"og:image:width\" content=\"800\" \/>\n\t<meta property=\"og:image:height\" content=\"533\" \/>\n\t<meta property=\"og:image:type\" content=\"image\/jpeg\" \/>\n<meta name=\"twitter:card\" content=\"summary_large_image\" \/>\n<meta name=\"twitter:label1\" content=\"Szacowany czas czytania\" \/>\n\t<meta name=\"twitter:data1\" content=\"1 minuta\" \/>\n<script type=\"application\/ld+json\" class=\"yoast-schema-graph\">{\"@context\":\"https:\/\/schema.org\",\"@graph\":[{\"@type\":\"WebPage\",\"@id\":\"https:\/\/shop.diolosa.com\/pl\/product\/herbata-san-bao-nowa-300g\/\",\"url\":\"https:\/\/shop.diolosa.com\/pl\/product\/herbata-san-bao-nowa-300g\/\",\"name\":\"Herbata San Bao (nowa 300g) - Claude Diolosa\",\"isPartOf\":{\"@id\":\"https:\/\/shop.diolosa.com\/pl\/#website\"},\"primaryImageOfPage\":{\"@id\":\"https:\/\/shop.diolosa.com\/pl\/product\/herbata-san-bao-nowa-300g\/#primaryimage\"},\"image\":{\"@id\":\"https:\/\/shop.diolosa.com\/pl\/product\/herbata-san-bao-nowa-300g\/#primaryimage\"},\"thumbnailUrl\":\"https:\/\/shop.diolosa.com\/wp-content\/uploads\/2019\/07\/DL_816_Apotheke_IBK_Produkte.jpg\",\"datePublished\":\"2025-03-10T05:58:32+00:00\",\"dateModified\":\"2025-05-06T13:56:00+00:00\",\"breadcrumb\":{\"@id\":\"https:\/\/shop.diolosa.com\/pl\/product\/herbata-san-bao-nowa-300g\/#breadcrumb\"},\"inLanguage\":\"pl-PL\",\"potentialAction\":[{\"@type\":\"ReadAction\",\"target\":[\"https:\/\/shop.diolosa.com\/pl\/product\/herbata-san-bao-nowa-300g\/\"]}]},{\"@type\":\"ImageObject\",\"inLanguage\":\"pl-PL\",\"@id\":\"https:\/\/shop.diolosa.com\/pl\/product\/herbata-san-bao-nowa-300g\/#primaryimage\",\"url\":\"https:\/\/shop.diolosa.com\/wp-content\/uploads\/2019\/07\/DL_816_Apotheke_IBK_Produkte.jpg\",\"contentUrl\":\"https:\/\/shop.diolosa.com\/wp-content\/uploads\/2019\/07\/DL_816_Apotheke_IBK_Produkte.jpg\",\"width\":800,\"height\":533},{\"@type\":\"BreadcrumbList\",\"@id\":\"https:\/\/shop.diolosa.com\/pl\/product\/herbata-san-bao-nowa-300g\/#breadcrumb\",\"itemListElement\":[{\"@type\":\"ListItem\",\"position\":1,\"name\":\"Startseite\",\"item\":\"https:\/\/shop.diolosa.com\/pl\/?page_id=3835710\"},{\"@type\":\"ListItem\",\"position\":2,\"name\":\"Sklep\",\"item\":\"https:\/\/shop.diolosa.com\/pl\/?page_id=3835710\"},{\"@type\":\"ListItem\",\"position\":3,\"name\":\"Herbata San Bao (nowa 300g)\"}]},{\"@type\":\"WebSite\",\"@id\":\"https:\/\/shop.diolosa.com\/pl\/#website\",\"url\":\"https:\/\/shop.diolosa.com\/pl\/\",\"name\":\"Claude Diolosa\",\"description\":\"\",\"publisher\":{\"@id\":\"https:\/\/shop.diolosa.com\/pl\/#organization\"},\"potentialAction\":[{\"@type\":\"SearchAction\",\"target\":{\"@type\":\"EntryPoint\",\"urlTemplate\":\"https:\/\/shop.diolosa.com\/pl\/?s={search_term_string}\"},\"query-input\":{\"@type\":\"PropertyValueSpecification\",\"valueRequired\":true,\"valueName\":\"search_term_string\"}}],\"inLanguage\":\"pl-PL\"},{\"@type\":\"Organization\",\"@id\":\"https:\/\/shop.diolosa.com\/pl\/#organization\",\"name\":\"Claude Diolosa\",\"url\":\"https:\/\/shop.diolosa.com\/pl\/\",\"logo\":{\"@type\":\"ImageObject\",\"inLanguage\":\"pl-PL\",\"@id\":\"https:\/\/shop.diolosa.com\/pl\/#\/schema\/logo\/image\/\",\"url\":\"https:\/\/shop.diolosa.com\/wp-content\/uploads\/2019\/08\/diolosa-drop-logo-new.png\",\"contentUrl\":\"https:\/\/shop.diolosa.com\/wp-content\/uploads\/2019\/08\/diolosa-drop-logo-new.png\",\"width\":134,\"height\":176,\"caption\":\"Claude Diolosa\"},\"image\":{\"@id\":\"https:\/\/shop.diolosa.com\/pl\/#\/schema\/logo\/image\/\"},\"sameAs\":[\"https:\/\/facebook.com\/claudediolosa\",\"https:\/\/www.instagram.com\/diolosaclaude108\/\"]}]}<\/script>\n<!-- \/ Yoast SEO plugin. -->","yoast_head_json":{"title":"Herbata San Bao (nowa 300g) - Claude Diolosa","robots":{"index":"index","follow":"follow","max-snippet":"max-snippet:-1","max-image-preview":"max-image-preview:large","max-video-preview":"max-video-preview:-1"},"canonical":"https:\/\/shop.diolosa.com\/pl\/product\/herbata-san-bao-nowa-300g\/","og_locale":"pl_PL","og_type":"article","og_title":"Herbata San Bao (nowa 300g) - Claude Diolosa","og_description":"&nbsp; &nbsp; &nbsp;","og_url":"https:\/\/shop.diolosa.com\/pl\/product\/herbata-san-bao-nowa-300g\/","og_site_name":"Claude Diolosa","article_publisher":"https:\/\/facebook.com\/claudediolosa","article_modified_time":"2025-05-06T13:56:00+00:00","og_image":[{"width":800,"height":533,"url":"https:\/\/shop.diolosa.com\/wp-content\/uploads\/2019\/07\/DL_816_Apotheke_IBK_Produkte.jpg","type":"image\/jpeg"}],"twitter_card":"summary_large_image","twitter_misc":{"Szacowany czas czytania":"1 minuta"},"schema":{"@context":"https:\/\/schema.org","@graph":[{"@type":"WebPage","@id":"https:\/\/shop.diolosa.com\/pl\/product\/herbata-san-bao-nowa-300g\/","url":"https:\/\/shop.diolosa.com\/pl\/product\/herbata-san-bao-nowa-300g\/","name":"Herbata San Bao (nowa 300g) - Claude Diolosa","isPartOf":{"@id":"https:\/\/shop.diolosa.com\/pl\/#website"},"primaryImageOfPage":{"@id":"https:\/\/shop.diolosa.com\/pl\/product\/herbata-san-bao-nowa-300g\/#primaryimage"},"image":{"@id":"https:\/\/shop.diolosa.com\/pl\/product\/herbata-san-bao-nowa-300g\/#primaryimage"},"thumbnailUrl":"https:\/\/shop.diolosa.com\/wp-content\/uploads\/2019\/07\/DL_816_Apotheke_IBK_Produkte.jpg","datePublished":"2025-03-10T05:58:32+00:00","dateModified":"2025-05-06T13:56:00+00:00","breadcrumb":{"@id":"https:\/\/shop.diolosa.com\/pl\/product\/herbata-san-bao-nowa-300g\/#breadcrumb"},"inLanguage":"pl-PL","potentialAction":[{"@type":"ReadAction","target":["https:\/\/shop.diolosa.com\/pl\/product\/herbata-san-bao-nowa-300g\/"]}]},{"@type":"ImageObject","inLanguage":"pl-PL","@id":"https:\/\/shop.diolosa.com\/pl\/product\/herbata-san-bao-nowa-300g\/#primaryimage","url":"https:\/\/shop.diolosa.com\/wp-content\/uploads\/2019\/07\/DL_816_Apotheke_IBK_Produkte.jpg","contentUrl":"https:\/\/shop.diolosa.com\/wp-content\/uploads\/2019\/07\/DL_816_Apotheke_IBK_Produkte.jpg","width":800,"height":533},{"@type":"BreadcrumbList","@id":"https:\/\/shop.diolosa.com\/pl\/product\/herbata-san-bao-nowa-300g\/#breadcrumb","itemListElement":[{"@type":"ListItem","position":1,"name":"Startseite","item":"https:\/\/shop.diolosa.com\/pl\/?page_id=3835710"},{"@type":"ListItem","position":2,"name":"Sklep","item":"https:\/\/shop.diolosa.com\/pl\/?page_id=3835710"},{"@type":"ListItem","position":3,"name":"Herbata San Bao (nowa 300g)"}]},{"@type":"WebSite","@id":"https:\/\/shop.diolosa.com\/pl\/#website","url":"https:\/\/shop.diolosa.com\/pl\/","name":"Claude Diolosa","description":"","publisher":{"@id":"https:\/\/shop.diolosa.com\/pl\/#organization"},"potentialAction":[{"@type":"SearchAction","target":{"@type":"EntryPoint","urlTemplate":"https:\/\/shop.diolosa.com\/pl\/?s={search_term_string}"},"query-input":{"@type":"PropertyValueSpecification","valueRequired":true,"valueName":"search_term_string"}}],"inLanguage":"pl-PL"},{"@type":"Organization","@id":"https:\/\/shop.diolosa.com\/pl\/#organization","name":"Claude Diolosa","url":"https:\/\/shop.diolosa.com\/pl\/","logo":{"@type":"ImageObject","inLanguage":"pl-PL","@id":"https:\/\/shop.diolosa.com\/pl\/#\/schema\/logo\/image\/","url":"https:\/\/shop.diolosa.com\/wp-content\/uploads\/2019\/08\/diolosa-drop-logo-new.png","contentUrl":"https:\/\/shop.diolosa.com\/wp-content\/uploads\/2019\/08\/diolosa-drop-logo-new.png","width":134,"height":176,"caption":"Claude Diolosa"},"image":{"@id":"https:\/\/shop.diolosa.com\/pl\/#\/schema\/logo\/image\/"},"sameAs":["https:\/\/facebook.com\/claudediolosa","https:\/\/www.instagram.com\/diolosaclaude108\/"]}]}},"_links":{"self":[{"href":"https:\/\/shop.diolosa.com\/pl\/wp-json\/wp\/v2\/product\/3841327","targetHints":{"allow":["GET"]}}],"collection":[{"href":"https:\/\/shop.diolosa.com\/pl\/wp-json\/wp\/v2\/product"}],"about":[{"href":"https:\/\/shop.diolosa.com\/pl\/wp-json\/wp\/v2\/types\/product"}],"wp:featuredmedia":[{"embeddable":true,"href":"https:\/\/shop.diolosa.com\/pl\/wp-json\/wp\/v2\/media\/3841328"}],"wp:attachment":[{"href":"https:\/\/shop.diolosa.com\/pl\/wp-json\/wp\/v2\/media?parent=3841327"}],"wp:term":[{"taxonomy":"product_brand","embeddable":true,"href":"https:\/\/shop.diolosa.com\/pl\/wp-json\/wp\/v2\/product_brand?post=3841327"},{"taxonomy":"product_cat","embeddable":true,"href":"https:\/\/shop.diolosa.com\/pl\/wp-json\/wp\/v2\/product_cat?post=3841327"},{"taxonomy":"product_tag","embeddable":true,"href":"https:\/\/shop.diolosa.com\/pl\/wp-json\/wp\/v2\/product_tag?post=3841327"}],"curies":[{"name":"wp","href":"https:\/\/api.w.org\/{rel}","templated":true}]}}