{"id":3841329,"date":"2019-09-04T12:11:12","date_gmt":"2025-03-10T05:58:33","guid":{"rendered":"https:\/\/shop.diolosa.com\/product\/piec-smokow\/"},"modified":"2025-05-06T14:54:19","modified_gmt":"2025-05-06T13:54:19","slug":"piec-smokow","status":"publish","type":"product","link":"https:\/\/shop.diolosa.com\/pl\/product\/piec-smokow\/","title":{"rendered":"Pi\u0119\u0107 smok\u00f3w"},"content":{"rendered":"<p>FIVE DRAGONS tonizuje Qi \u015arodkowego Ogrzewacza, przekszta\u0142ca wilgo\u0107, stymuluje wch\u0142anianie, otwiera i dociera do wszystkich naczy\u0144 i ko\u0144czyn Luo i jest stosowany w przypadku powa\u017cnych chor\u00f3b z Feng Tan, zastojem krwi, stwardnieniem, nagromadzeniem, toksynami, Zhong Liu i b\u00f3lem.<\/p>\n","protected":false},"excerpt":{"rendered":"<p>FIVE DRAGONS tonizuje Qi \u015arodkowego Ogrzewacza, przekszta\u0142ca wilgo\u0107, stymuluje wch\u0142anianie,  [&#8230;]<\/p>\n","protected":false},"featured_media":3835943,"template":"","meta":{"_acf_changed":false},"product_brand":[],"product_cat":[11765],"product_tag":[12409],"class_list":{"0":"post-3841329","1":"product","2":"type-product","3":"status-publish","4":"has-post-thumbnail","6":"product_cat-procedura-uspokajajaca-xie-fa","7":"product_tag-feng-tan-sluz-wiatru","9":"first","10":"instock","11":"taxable","12":"shipping-taxable","13":"purchasable","14":"product-type-simple"},"acf":{"yn_product_audio":"https:\/\/shop.diolosa.com\/wp-content\/uploads\/2018\/12\/DL_0703.mp3","yn_product_video":"https:\/\/shop.diolosa.com\/wp-content\/uploads\/2025\/03\/Five-DRagons.mp4","yn_product_akupunktur":"<p>Zhong Feng &#8211; niebezpiecze\u0144stwo<br \/>\ndu mai 26 &#8211; ren zhong (\u017co\u0142\u0105dek, jelito grube) &#8211; xie fa<br \/>\nshi xuan &#8211; M-UE-1 (krwawienie) &#8211; xie fa<br \/>\ncirculation 9 &#8211; zhong chong (jing) &#8211; krwawienie  <\/p>\n<p>Yang i uspokojenie wiatru<br \/>\nsi shen cong &#8211; M-HN 1 &#8211; xie fa lub<br \/>\nba gua si shen cong &#8211; M-HN 1 (8 igie\u0142) &#8211; xie fa<br \/>\nsan chiao 20 &#8211; jiao sun &#8211; xie fa<br \/>\nworeczek \u017c\u00f3\u0142ciowy 8 &#8211; shuai gu (p\u0119cherz) &#8211; xie fa<br \/>\ndu mai 20 &#8211; bai hui &#8211; bai lao (jezioro szpiku kostnego, p\u0119cherz moczowy) &#8211; xie fa<br \/>\nyin tang &#8211; M-HN-3 &#8211; xie fa<br \/>\ntai yang &#8211; M-HN-9 &#8211; xie fa<br \/>\nzhoujian &#8211; M-UE-46 (yong, yang ming) &#8211; xie fa z mox\u0105<br \/>\nworeczek \u017c\u00f3\u0142ciowy 20 &#8211; feng chi (san chiao, yang wei mai) &#8211; xie fa  <\/p>\n<p>Otwarty m\u00f3zg i Luo Mai oraz dolny Yang<br \/>\njelito grube 15 &#8211; jian yu (yang qiao mai) &#8211; xie fa<br \/>\nkr\u0105\u017cenie 5 &#8211; jian shi (jing) &#8211; xie fa<br \/>\nkr\u0105\u017cenie 6 &#8211; nei guan (luo, yin wei mai) &#8211; xie fa  <\/p>\n<p>Rozpuszczenie zastoju w Yang Ming &#8211; promowanie tranzytu jelitowego<br \/>\nren mai 12 &#8211; zhong wan (mo>)\u017co\u0142\u0105dek, ba hui xue, jelito cienkie, san chiao, \u017co\u0142\u0105dek) &#8211; xie fa<br \/>\njelito grube 11 &#8211; qu chi (he &#8211; gui) &#8211; xie fa<br \/>\n\u017co\u0142\u0105dek 40 &#8211; feng long (luo) &#8211; xie fa<br \/>\n\u017co\u0142\u0105dek 45 &#8211; li dui (jing) &#8211; xie fa<br \/>\n\u017co\u0142\u0105dek 37 &#8211; shang ju xu (xia he xue &#8211; jelito grube, jezioro krwi, chong mai) &#8211; xie fa<br \/>\np\u0119cherz 39 &#8211; wei yang (xia he xue &#8211; san chiao) &#8211; xie fa<br \/>\nsan chiao 6 &#8211; zhi gou (jing) &#8211; xie fa  <\/p>\n<p>Shao Yang i Luo Mai<br \/>\nworeczek \u017c\u00f3\u0142ciowy 34 &#8211; yang ling quan (he, xia he xue, gui) &#8211; xie fa<br \/>\nworeczek \u017c\u00f3\u0142ciowy 40 &#8211; qiu xu (yuan) &#8211; xie fa<br \/>\nworeczek \u017c\u00f3\u0142ciowy 41 &#8211; zu lin qi (dai mai, shu) &#8211; xie fa<br \/>\nsan chiao 10 &#8211; tian jing (he) &#8211; xie fa<br \/>\nsan chiao 3 &#8211; zhong zhu (shu) &#8211; xie fa<\/p>\n","yn_product_verabreichungsart":"Pelety 140szt.","yn_product_dosierung":"<p>3 x 6 do 10 tabletek dziennie, zawsze przed posi\u0142kami, mo\u017cna r\u00f3wnie\u017c dodawa\u0107 bezpo\u015brednio do wywaru.<\/p>\n","yn_product_combinations":"<p>THUNDERSTORM (epilepsja &#8211; Feng Tan), CALMING THE WIND (choroba Parkinsona &#8211; Dong Feng), RECOVERING STRENGTH (udar &#8211; Zhong Feng), BREAKING THROUGH (zakrzepica), FREE FLOW TABLETS (urazy, kontuzje), PEACEFUL GENERAL (cholesterol &#8211; Tan), QUICK BELLY MOVEMENT (zast\u00f3j pokarmu), FIVE QUEENS (Zhong Liu i zast\u00f3j krwi).<\/p>\n","yn_product_avoidable":"<p>Aspartam, cukier, Coca Cola, Fanta, Sprite, s\u0142odzone napoje, czekolada, t\u0142uste i sma\u017cone potrawy, smalec, kie\u0142basa, szynka, wieprzowina, owoce morza, ostre przyprawy, pieprz, ocet, czosnek, cebula, por, kuchenka mikrofalowa i mro\u017conki.<\/p>\n","yn_product_tcm_mindmapping":"<p>Feng Tan (flegma wiatru) i toksyny (Du) blokuj\u0105 naczynia Luo > przekrwienie > wiatr > stwardnienie, nagromadzenie, Zhong Liu<\/p>\n","yn_product_tongue_body":"<p>Grube, nier\u00f3wne, uko\u015bne, sztywne, plamiste do ciemnoczerwonych kraw\u0119dzie j\u0119zyka<\/p>\n","yn_product_tongue_coating":"<p>G\u0119sty, \u017c\u00f3\u0142tawy, t\u0142usty z korzeniem<\/p>\n","yn_product_pulse_diagnostics":"<p>Pozycja g\u00f3rnej grza\u0142ki: fu mai &#8211; powierzchowna, wei mai &#8211; \u017cylasta, se mai &#8211; szorstka, shi mai &#8211; pe\u0142na<\/p>\n","yn_product_indications":"<p>Dolegliwo\u015bci o\u015brodkowego uk\u0142adu nerwowego, skurcze, drgawki, uporczywy b\u00f3l, powa\u017cne choroby Luo, skrofu\u0142y, stwardnienia, nagromadzenia, czyraki, ropnie, a tak\u017ce choroby zagra\u017caj\u0105ce \u017cyciu.<\/p>\n","yn_product_contra_indications":"<p>Niedob\u00f3r Yin, puste ciep\u0142o i niedob\u00f3r krwi<\/p>\n","yn_product_pregnancy":"<p>Przeciwwskazane<\/p>\n","yn_product_herbs":"<p>clematidis radix &#8211; wei ling xiang, coicis semen &#8211; yi yi ren, poria cocos &#8211; fu ling, citri reticulatae pericarpium &#8211; chen pi, zingiberis rhizoma recensis &#8211; sheng jiang, zizyphi jujubae fructus &#8211; da zao<\/p>\n","yn_product_magisterrecipes":"<p>Zhi Jing San, Wu Hu Zhui Feng San<\/p>\n"},"yoast_head":"<!-- This site is optimized with the Yoast SEO plugin v24.9 - https:\/\/yoast.com\/wordpress\/plugins\/seo\/ -->\n<title>Pi\u0119\u0107 smok\u00f3w - Claude Diolosa<\/title>\n<meta name=\"robots\" content=\"index, follow, max-snippet:-1, max-image-preview:large, max-video-preview:-1\" \/>\n<link rel=\"canonical\" href=\"https:\/\/shop.diolosa.com\/pl\/product\/piec-smokow\/\" \/>\n<meta property=\"og:locale\" content=\"pl_PL\" \/>\n<meta property=\"og:type\" content=\"article\" \/>\n<meta property=\"og:title\" content=\"Pi\u0119\u0107 smok\u00f3w - Claude Diolosa\" \/>\n<meta property=\"og:description\" content=\"FIVE DRAGONS tonizuje Qi \u015arodkowego Ogrzewacza, przekszta\u0142ca wilgo\u0107, stymuluje wch\u0142anianie, [...]\" \/>\n<meta property=\"og:url\" content=\"https:\/\/shop.diolosa.com\/pl\/product\/piec-smokow\/\" \/>\n<meta property=\"og:site_name\" content=\"Claude Diolosa\" \/>\n<meta property=\"article:publisher\" content=\"https:\/\/facebook.com\/claudediolosa\" \/>\n<meta property=\"article:modified_time\" content=\"2025-05-06T13:54:19+00:00\" \/>\n<meta property=\"og:image\" content=\"https:\/\/shop.diolosa.com\/wp-content\/uploads\/2019\/09\/Presslinge-140.jpg\" \/>\n\t<meta property=\"og:image:width\" content=\"800\" \/>\n\t<meta property=\"og:image:height\" content=\"533\" \/>\n\t<meta property=\"og:image:type\" content=\"image\/jpeg\" \/>\n<meta name=\"twitter:card\" content=\"summary_large_image\" \/>\n<script type=\"application\/ld+json\" class=\"yoast-schema-graph\">{\"@context\":\"https:\/\/schema.org\",\"@graph\":[{\"@type\":\"WebPage\",\"@id\":\"https:\/\/shop.diolosa.com\/pl\/product\/piec-smokow\/\",\"url\":\"https:\/\/shop.diolosa.com\/pl\/product\/piec-smokow\/\",\"name\":\"Pi\u0119\u0107 smok\u00f3w - Claude Diolosa\",\"isPartOf\":{\"@id\":\"https:\/\/shop.diolosa.com\/pl\/#website\"},\"primaryImageOfPage\":{\"@id\":\"https:\/\/shop.diolosa.com\/pl\/product\/piec-smokow\/#primaryimage\"},\"image\":{\"@id\":\"https:\/\/shop.diolosa.com\/pl\/product\/piec-smokow\/#primaryimage\"},\"thumbnailUrl\":\"https:\/\/shop.diolosa.com\/wp-content\/uploads\/2019\/09\/Presslinge-140.jpg\",\"datePublished\":\"2025-03-10T05:58:33+00:00\",\"dateModified\":\"2025-05-06T13:54:19+00:00\",\"breadcrumb\":{\"@id\":\"https:\/\/shop.diolosa.com\/pl\/product\/piec-smokow\/#breadcrumb\"},\"inLanguage\":\"pl-PL\",\"potentialAction\":[{\"@type\":\"ReadAction\",\"target\":[\"https:\/\/shop.diolosa.com\/pl\/product\/piec-smokow\/\"]}]},{\"@type\":\"ImageObject\",\"inLanguage\":\"pl-PL\",\"@id\":\"https:\/\/shop.diolosa.com\/pl\/product\/piec-smokow\/#primaryimage\",\"url\":\"https:\/\/shop.diolosa.com\/wp-content\/uploads\/2019\/09\/Presslinge-140.jpg\",\"contentUrl\":\"https:\/\/shop.diolosa.com\/wp-content\/uploads\/2019\/09\/Presslinge-140.jpg\",\"width\":800,\"height\":533},{\"@type\":\"BreadcrumbList\",\"@id\":\"https:\/\/shop.diolosa.com\/pl\/product\/piec-smokow\/#breadcrumb\",\"itemListElement\":[{\"@type\":\"ListItem\",\"position\":1,\"name\":\"Startseite\",\"item\":\"https:\/\/shop.diolosa.com\/pl\/?page_id=3835710\"},{\"@type\":\"ListItem\",\"position\":2,\"name\":\"Sklep\",\"item\":\"https:\/\/shop.diolosa.com\/pl\/?page_id=3835710\"},{\"@type\":\"ListItem\",\"position\":3,\"name\":\"Pi\u0119\u0107 smok\u00f3w\"}]},{\"@type\":\"WebSite\",\"@id\":\"https:\/\/shop.diolosa.com\/pl\/#website\",\"url\":\"https:\/\/shop.diolosa.com\/pl\/\",\"name\":\"Claude Diolosa\",\"description\":\"\",\"publisher\":{\"@id\":\"https:\/\/shop.diolosa.com\/pl\/#organization\"},\"potentialAction\":[{\"@type\":\"SearchAction\",\"target\":{\"@type\":\"EntryPoint\",\"urlTemplate\":\"https:\/\/shop.diolosa.com\/pl\/?s={search_term_string}\"},\"query-input\":{\"@type\":\"PropertyValueSpecification\",\"valueRequired\":true,\"valueName\":\"search_term_string\"}}],\"inLanguage\":\"pl-PL\"},{\"@type\":\"Organization\",\"@id\":\"https:\/\/shop.diolosa.com\/pl\/#organization\",\"name\":\"Claude Diolosa\",\"url\":\"https:\/\/shop.diolosa.com\/pl\/\",\"logo\":{\"@type\":\"ImageObject\",\"inLanguage\":\"pl-PL\",\"@id\":\"https:\/\/shop.diolosa.com\/pl\/#\/schema\/logo\/image\/\",\"url\":\"https:\/\/shop.diolosa.com\/wp-content\/uploads\/2019\/08\/diolosa-drop-logo-new.png\",\"contentUrl\":\"https:\/\/shop.diolosa.com\/wp-content\/uploads\/2019\/08\/diolosa-drop-logo-new.png\",\"width\":134,\"height\":176,\"caption\":\"Claude Diolosa\"},\"image\":{\"@id\":\"https:\/\/shop.diolosa.com\/pl\/#\/schema\/logo\/image\/\"},\"sameAs\":[\"https:\/\/facebook.com\/claudediolosa\",\"https:\/\/www.instagram.com\/diolosaclaude108\/\"]}]}<\/script>\n<!-- \/ Yoast SEO plugin. -->","yoast_head_json":{"title":"Pi\u0119\u0107 smok\u00f3w - Claude Diolosa","robots":{"index":"index","follow":"follow","max-snippet":"max-snippet:-1","max-image-preview":"max-image-preview:large","max-video-preview":"max-video-preview:-1"},"canonical":"https:\/\/shop.diolosa.com\/pl\/product\/piec-smokow\/","og_locale":"pl_PL","og_type":"article","og_title":"Pi\u0119\u0107 smok\u00f3w - Claude Diolosa","og_description":"FIVE DRAGONS tonizuje Qi \u015arodkowego Ogrzewacza, przekszta\u0142ca wilgo\u0107, stymuluje wch\u0142anianie, [...]","og_url":"https:\/\/shop.diolosa.com\/pl\/product\/piec-smokow\/","og_site_name":"Claude Diolosa","article_publisher":"https:\/\/facebook.com\/claudediolosa","article_modified_time":"2025-05-06T13:54:19+00:00","og_image":[{"width":800,"height":533,"url":"https:\/\/shop.diolosa.com\/wp-content\/uploads\/2019\/09\/Presslinge-140.jpg","type":"image\/jpeg"}],"twitter_card":"summary_large_image","schema":{"@context":"https:\/\/schema.org","@graph":[{"@type":"WebPage","@id":"https:\/\/shop.diolosa.com\/pl\/product\/piec-smokow\/","url":"https:\/\/shop.diolosa.com\/pl\/product\/piec-smokow\/","name":"Pi\u0119\u0107 smok\u00f3w - Claude Diolosa","isPartOf":{"@id":"https:\/\/shop.diolosa.com\/pl\/#website"},"primaryImageOfPage":{"@id":"https:\/\/shop.diolosa.com\/pl\/product\/piec-smokow\/#primaryimage"},"image":{"@id":"https:\/\/shop.diolosa.com\/pl\/product\/piec-smokow\/#primaryimage"},"thumbnailUrl":"https:\/\/shop.diolosa.com\/wp-content\/uploads\/2019\/09\/Presslinge-140.jpg","datePublished":"2025-03-10T05:58:33+00:00","dateModified":"2025-05-06T13:54:19+00:00","breadcrumb":{"@id":"https:\/\/shop.diolosa.com\/pl\/product\/piec-smokow\/#breadcrumb"},"inLanguage":"pl-PL","potentialAction":[{"@type":"ReadAction","target":["https:\/\/shop.diolosa.com\/pl\/product\/piec-smokow\/"]}]},{"@type":"ImageObject","inLanguage":"pl-PL","@id":"https:\/\/shop.diolosa.com\/pl\/product\/piec-smokow\/#primaryimage","url":"https:\/\/shop.diolosa.com\/wp-content\/uploads\/2019\/09\/Presslinge-140.jpg","contentUrl":"https:\/\/shop.diolosa.com\/wp-content\/uploads\/2019\/09\/Presslinge-140.jpg","width":800,"height":533},{"@type":"BreadcrumbList","@id":"https:\/\/shop.diolosa.com\/pl\/product\/piec-smokow\/#breadcrumb","itemListElement":[{"@type":"ListItem","position":1,"name":"Startseite","item":"https:\/\/shop.diolosa.com\/pl\/?page_id=3835710"},{"@type":"ListItem","position":2,"name":"Sklep","item":"https:\/\/shop.diolosa.com\/pl\/?page_id=3835710"},{"@type":"ListItem","position":3,"name":"Pi\u0119\u0107 smok\u00f3w"}]},{"@type":"WebSite","@id":"https:\/\/shop.diolosa.com\/pl\/#website","url":"https:\/\/shop.diolosa.com\/pl\/","name":"Claude Diolosa","description":"","publisher":{"@id":"https:\/\/shop.diolosa.com\/pl\/#organization"},"potentialAction":[{"@type":"SearchAction","target":{"@type":"EntryPoint","urlTemplate":"https:\/\/shop.diolosa.com\/pl\/?s={search_term_string}"},"query-input":{"@type":"PropertyValueSpecification","valueRequired":true,"valueName":"search_term_string"}}],"inLanguage":"pl-PL"},{"@type":"Organization","@id":"https:\/\/shop.diolosa.com\/pl\/#organization","name":"Claude Diolosa","url":"https:\/\/shop.diolosa.com\/pl\/","logo":{"@type":"ImageObject","inLanguage":"pl-PL","@id":"https:\/\/shop.diolosa.com\/pl\/#\/schema\/logo\/image\/","url":"https:\/\/shop.diolosa.com\/wp-content\/uploads\/2019\/08\/diolosa-drop-logo-new.png","contentUrl":"https:\/\/shop.diolosa.com\/wp-content\/uploads\/2019\/08\/diolosa-drop-logo-new.png","width":134,"height":176,"caption":"Claude Diolosa"},"image":{"@id":"https:\/\/shop.diolosa.com\/pl\/#\/schema\/logo\/image\/"},"sameAs":["https:\/\/facebook.com\/claudediolosa","https:\/\/www.instagram.com\/diolosaclaude108\/"]}]}},"_links":{"self":[{"href":"https:\/\/shop.diolosa.com\/pl\/wp-json\/wp\/v2\/product\/3841329","targetHints":{"allow":["GET"]}}],"collection":[{"href":"https:\/\/shop.diolosa.com\/pl\/wp-json\/wp\/v2\/product"}],"about":[{"href":"https:\/\/shop.diolosa.com\/pl\/wp-json\/wp\/v2\/types\/product"}],"wp:featuredmedia":[{"embeddable":true,"href":"https:\/\/shop.diolosa.com\/pl\/wp-json\/wp\/v2\/media\/3835943"}],"wp:attachment":[{"href":"https:\/\/shop.diolosa.com\/pl\/wp-json\/wp\/v2\/media?parent=3841329"}],"wp:term":[{"taxonomy":"product_brand","embeddable":true,"href":"https:\/\/shop.diolosa.com\/pl\/wp-json\/wp\/v2\/product_brand?post=3841329"},{"taxonomy":"product_cat","embeddable":true,"href":"https:\/\/shop.diolosa.com\/pl\/wp-json\/wp\/v2\/product_cat?post=3841329"},{"taxonomy":"product_tag","embeddable":true,"href":"https:\/\/shop.diolosa.com\/pl\/wp-json\/wp\/v2\/product_tag?post=3841329"}],"curies":[{"name":"wp","href":"https:\/\/api.w.org\/{rel}","templated":true}]}}