{"id":3841332,"date":"2019-09-04T12:10:54","date_gmt":"2025-03-10T05:58:33","guid":{"rendered":"https:\/\/shop.diolosa.com\/product\/herbata-rinchen\/"},"modified":"2025-05-06T15:18:21","modified_gmt":"2025-05-06T14:18:21","slug":"herbata-rinchen","status":"publish","type":"product","link":"https:\/\/shop.diolosa.com\/pl\/product\/herbata-rinchen\/","title":{"rendered":"Herbata Rinchen"},"content":{"rendered":"<p>RINCHEN TEA nale\u017cy do mieszanek zio\u0142owych ANTI-AGING i powinna by\u0107 przyjmowana regularnie od 40 roku \u017cycia (szczeg\u00f3lnie przez m\u0119\u017cczyzn). Ta herbata zio\u0142owa rozgrzewa YANG, od\u017cywia JING i KREW, wzmacnia Qi nerek (naczynie pasowe = Dai Mai), stymuluje poporodowe \u017ar\u00f3d\u0142o Yin (\u015bledzion\u0119 i \u017co\u0142\u0105dek), nie powoduj\u0105c stagnacji, wilgoci ani gor\u0105ca. Zaleca si\u0119 picie tej herbaty rano. Ta mieszanka zio\u0142owa wzmacnia przede wszystkim ZHI (si\u0142\u0119 woli) i SHEN (ducha). Dzia\u0142anie herbaty RINCHEN TEA mo\u017cna jeszcze bardziej wzmocni\u0107 poprzez jej kr\u00f3tkie zaparzenie.    <\/p>\n<p>&nbsp;<\/p>\n<p>&nbsp;<\/p>\n","protected":false},"excerpt":{"rendered":"<p>&nbsp;<\/p>\n<p>&nbsp;<\/p>\n<p>&nbsp;<\/p>\n","protected":false},"featured_media":3841333,"template":"","meta":{"_acf_changed":false},"product_brand":[],"product_cat":[12034],"product_tag":[12412],"class_list":{"0":"post-3841332","1":"product","2":"type-product","3":"status-publish","4":"has-post-thumbnail","6":"product_cat-przedluzenie-zycia","7":"product_tag-stan-wyczerpania-herbata-rinchen","9":"first","10":"instock","11":"taxable","12":"shipping-taxable","13":"purchasable","14":"product-type-simple"},"acf":{"yn_product_audio":"https:\/\/shop.diolosa.com\/wp-content\/uploads\/2018\/12\/DL_0817.mp3","yn_product_video":"https:\/\/shop.diolosa.com\/wp-content\/uploads\/2024\/03\/San-Bao-Rinchen-.mp4","yn_product_akupunktur":"<p>Niedob\u00f3r Qi \u015bledziony<br \/>\np\u0119cherz 20 &#8211; pi shu &#8211; bu fa<br \/>\n\u015bledziona 3 &#8211; tai bai (yuan) &#8211; bu fa<br \/>\n\u017co\u0142\u0105dek 36 &#8211; to san li (shu, xia he xue &#8211; \u017co\u0142\u0105dek, si hai xue, si zhong xue) &#8211; bu fa<\/p>\n<p>Tonizuje yang i qi nerek<br \/>\np\u0119cherz moczowy 23 &#8211; shen shu &#8211; bu fa z moks\u0105<br \/>\np\u0119cherz moczowy 52 &#8211; zhi shi (gui = zhi) &#8211; bu fa<br \/>\nworeczek \u017c\u00f3\u0142ciowy 25 &#8211; jing men (mo) &#8211; bu fa<br \/>\ndu mai 4 &#8211; ming men &#8211; bu fa z moks\u0105<\/p>\n<p>Wype\u0142nij nerk\u0119 Jing<br \/>\nnerka 3 &#8211; tai xi (shu, yuan) &#8211; bu fa<br \/>\np\u0119cherz 43 &#8211; gao huang shu (qi, xue, jinye, yin, yang) &#8211; bu fa<\/p>\n<p>Od\u017cywia krew<br \/>\nba\u0144ka 17 &#8211; ge shu (krew) &#8211; bu fa<\/p>\n<p>Podnoszenie Qi<br \/>\nren mai 4 &#8211; guan yuan (mo > jelito cienkie, w\u0105troba, nerki, \u015bledziona) &#8211; bu fa z moks\u0105<br \/>\nren mai 6 &#8211; qi hai (yuan qi) &#8211; bu fa z moks\u0105<\/p>\n<p>PO zapi\u0105\u0107<br \/>\nbubble 42 &#8211; po hu (po) &#8211; bu fa<\/p>\n","yn_product_verabreichungsart":"Chi\u0144ska herbata zio\u0142owa 200g","yn_product_dosierung":"<p>1 do 2 \u0142y\u017cek sto\u0142owych na 1\/2 litra wrz\u0105cej wody, pozostawi\u0107 do zaparzenia na 10 minut, 3 fili\u017canki dziennie mi\u0119dzy posi\u0142kami, przyjmowa\u0107 do 120 dni razem z granulatem Yang Root.<\/p>\n","yn_product_combinations":"<p>KORZE\u0143 YANG (niedob\u00f3r Yang i Jing nerek), KORZE\u0143 YIN (niedob\u00f3r Jing nerek), HERBATA SAN BAO (niedob\u00f3r Jing nerek), SEKRETNA MOC (apatia, impotencja), ROZGRZEWAJ\u0104CY KORZE\u0143 (niedob\u00f3r Yang Qi i Jing)<\/p>\n","yn_product_avoidable":"<p>Surowe warzywa, pomidor, og\u00f3rek, bak\u0142a\u017can, jogurt, produkty sojowe, owoce tropikalne, soki owocowe, kawa, zielona herbata, czarna herbata, cykoria, zielona sa\u0142ata, suplementy witaminy C.<\/p>\n","yn_product_tcm_mindmapping":"<p>Niedob\u00f3r Yang i Qi nerek > Niedob\u00f3r Qi i Yang \u015bledziony > Niedob\u00f3r Jing<\/p>\n","yn_product_tongue_body":"<p>Niski, s\u0142aby, blady, suchy<\/p>\n","yn_product_tongue_coating":"<p>Cienki, bia\u0142y i wilgotny<\/p>\n","yn_product_pulse_diagnostics":"<p>Pozycja Yang nerek: chen mai &#8211; g\u0142\u0119boka, xi mai &#8211; cienka, duan mai &#8211; kr\u00f3tka, xu mai &#8211; pusta, chi mai &#8211; powolna, ruo mai &#8211; s\u0142aba.<\/p>\n","yn_product_indications":"<p>Hipotermia, zimne ko\u0144czyny, przewlek\u0142y b\u00f3l plec\u00f3w, niedoci\u015bnienie, niep\u0142odno\u015b\u0107, apatia, nietrzymanie moczu, zaburzenia wch\u0142aniania, niewielkie uczucie g\u0142odu.<\/p>\n","yn_product_contra_indications":"<p>Niedob\u00f3r Yin nerek z pustym ciep\u0142em i ciep\u0142em krwi<\/p>\n","yn_product_pregnancy":"<p>Dozwolone<\/p>\n","yn_product_herbs":"<p>epimedii herba &#8211; yin yang huo, lycii fructus &#8211; gou qi zi, cuscutae semen &#8211; tu si zi, corni fructus &#8211; shan zhu yu, polygoni multiflori radix &#8211; he shou wu, rhemanniae radix praep &#8211; shu di huang, angelicae sinensis radix &#8211; dang gui<\/p>\n","yn_product_magisterrecipes":"<p>Jin Gui Shen Qi Wan, Zuo Gui Yin<\/p>\n"},"yoast_head":"<!-- This site is optimized with the Yoast SEO plugin v24.9 - https:\/\/yoast.com\/wordpress\/plugins\/seo\/ -->\n<title>Herbata Rinchen - Claude Diolosa<\/title>\n<meta name=\"robots\" content=\"index, follow, max-snippet:-1, max-image-preview:large, max-video-preview:-1\" \/>\n<link rel=\"canonical\" href=\"https:\/\/shop.diolosa.com\/pl\/product\/herbata-rinchen\/\" \/>\n<meta property=\"og:locale\" content=\"pl_PL\" \/>\n<meta property=\"og:type\" content=\"article\" \/>\n<meta property=\"og:title\" content=\"Herbata Rinchen - Claude Diolosa\" \/>\n<meta property=\"og:description\" content=\"&nbsp; &nbsp; &nbsp;\" \/>\n<meta property=\"og:url\" content=\"https:\/\/shop.diolosa.com\/pl\/product\/herbata-rinchen\/\" \/>\n<meta property=\"og:site_name\" content=\"Claude Diolosa\" \/>\n<meta property=\"article:publisher\" content=\"https:\/\/facebook.com\/claudediolosa\" \/>\n<meta property=\"article:modified_time\" content=\"2025-05-06T14:18:21+00:00\" \/>\n<meta property=\"og:image\" content=\"https:\/\/shop.diolosa.com\/wp-content\/uploads\/2019\/07\/DL_817_Apotheke_IBK_Produkte.jpg\" \/>\n\t<meta property=\"og:image:width\" content=\"800\" \/>\n\t<meta property=\"og:image:height\" content=\"533\" \/>\n\t<meta property=\"og:image:type\" content=\"image\/jpeg\" \/>\n<meta name=\"twitter:card\" content=\"summary_large_image\" \/>\n<script type=\"application\/ld+json\" class=\"yoast-schema-graph\">{\"@context\":\"https:\/\/schema.org\",\"@graph\":[{\"@type\":\"WebPage\",\"@id\":\"https:\/\/shop.diolosa.com\/pl\/product\/herbata-rinchen\/\",\"url\":\"https:\/\/shop.diolosa.com\/pl\/product\/herbata-rinchen\/\",\"name\":\"Herbata Rinchen - Claude Diolosa\",\"isPartOf\":{\"@id\":\"https:\/\/shop.diolosa.com\/pl\/#website\"},\"primaryImageOfPage\":{\"@id\":\"https:\/\/shop.diolosa.com\/pl\/product\/herbata-rinchen\/#primaryimage\"},\"image\":{\"@id\":\"https:\/\/shop.diolosa.com\/pl\/product\/herbata-rinchen\/#primaryimage\"},\"thumbnailUrl\":\"https:\/\/shop.diolosa.com\/wp-content\/uploads\/2019\/07\/DL_817_Apotheke_IBK_Produkte.jpg\",\"datePublished\":\"2025-03-10T05:58:33+00:00\",\"dateModified\":\"2025-05-06T14:18:21+00:00\",\"breadcrumb\":{\"@id\":\"https:\/\/shop.diolosa.com\/pl\/product\/herbata-rinchen\/#breadcrumb\"},\"inLanguage\":\"pl-PL\",\"potentialAction\":[{\"@type\":\"ReadAction\",\"target\":[\"https:\/\/shop.diolosa.com\/pl\/product\/herbata-rinchen\/\"]}]},{\"@type\":\"ImageObject\",\"inLanguage\":\"pl-PL\",\"@id\":\"https:\/\/shop.diolosa.com\/pl\/product\/herbata-rinchen\/#primaryimage\",\"url\":\"https:\/\/shop.diolosa.com\/wp-content\/uploads\/2019\/07\/DL_817_Apotheke_IBK_Produkte.jpg\",\"contentUrl\":\"https:\/\/shop.diolosa.com\/wp-content\/uploads\/2019\/07\/DL_817_Apotheke_IBK_Produkte.jpg\",\"width\":800,\"height\":533},{\"@type\":\"BreadcrumbList\",\"@id\":\"https:\/\/shop.diolosa.com\/pl\/product\/herbata-rinchen\/#breadcrumb\",\"itemListElement\":[{\"@type\":\"ListItem\",\"position\":1,\"name\":\"Startseite\",\"item\":\"https:\/\/shop.diolosa.com\/pl\/?page_id=3835710\"},{\"@type\":\"ListItem\",\"position\":2,\"name\":\"Sklep\",\"item\":\"https:\/\/shop.diolosa.com\/pl\/?page_id=3835710\"},{\"@type\":\"ListItem\",\"position\":3,\"name\":\"Herbata Rinchen\"}]},{\"@type\":\"WebSite\",\"@id\":\"https:\/\/shop.diolosa.com\/pl\/#website\",\"url\":\"https:\/\/shop.diolosa.com\/pl\/\",\"name\":\"Claude Diolosa\",\"description\":\"\",\"publisher\":{\"@id\":\"https:\/\/shop.diolosa.com\/pl\/#organization\"},\"potentialAction\":[{\"@type\":\"SearchAction\",\"target\":{\"@type\":\"EntryPoint\",\"urlTemplate\":\"https:\/\/shop.diolosa.com\/pl\/?s={search_term_string}\"},\"query-input\":{\"@type\":\"PropertyValueSpecification\",\"valueRequired\":true,\"valueName\":\"search_term_string\"}}],\"inLanguage\":\"pl-PL\"},{\"@type\":\"Organization\",\"@id\":\"https:\/\/shop.diolosa.com\/pl\/#organization\",\"name\":\"Claude Diolosa\",\"url\":\"https:\/\/shop.diolosa.com\/pl\/\",\"logo\":{\"@type\":\"ImageObject\",\"inLanguage\":\"pl-PL\",\"@id\":\"https:\/\/shop.diolosa.com\/pl\/#\/schema\/logo\/image\/\",\"url\":\"https:\/\/shop.diolosa.com\/wp-content\/uploads\/2019\/08\/diolosa-drop-logo-new.png\",\"contentUrl\":\"https:\/\/shop.diolosa.com\/wp-content\/uploads\/2019\/08\/diolosa-drop-logo-new.png\",\"width\":134,\"height\":176,\"caption\":\"Claude Diolosa\"},\"image\":{\"@id\":\"https:\/\/shop.diolosa.com\/pl\/#\/schema\/logo\/image\/\"},\"sameAs\":[\"https:\/\/facebook.com\/claudediolosa\",\"https:\/\/www.instagram.com\/diolosaclaude108\/\"]}]}<\/script>\n<!-- \/ Yoast SEO plugin. -->","yoast_head_json":{"title":"Herbata Rinchen - Claude Diolosa","robots":{"index":"index","follow":"follow","max-snippet":"max-snippet:-1","max-image-preview":"max-image-preview:large","max-video-preview":"max-video-preview:-1"},"canonical":"https:\/\/shop.diolosa.com\/pl\/product\/herbata-rinchen\/","og_locale":"pl_PL","og_type":"article","og_title":"Herbata Rinchen - Claude Diolosa","og_description":"&nbsp; &nbsp; &nbsp;","og_url":"https:\/\/shop.diolosa.com\/pl\/product\/herbata-rinchen\/","og_site_name":"Claude Diolosa","article_publisher":"https:\/\/facebook.com\/claudediolosa","article_modified_time":"2025-05-06T14:18:21+00:00","og_image":[{"width":800,"height":533,"url":"https:\/\/shop.diolosa.com\/wp-content\/uploads\/2019\/07\/DL_817_Apotheke_IBK_Produkte.jpg","type":"image\/jpeg"}],"twitter_card":"summary_large_image","schema":{"@context":"https:\/\/schema.org","@graph":[{"@type":"WebPage","@id":"https:\/\/shop.diolosa.com\/pl\/product\/herbata-rinchen\/","url":"https:\/\/shop.diolosa.com\/pl\/product\/herbata-rinchen\/","name":"Herbata Rinchen - Claude Diolosa","isPartOf":{"@id":"https:\/\/shop.diolosa.com\/pl\/#website"},"primaryImageOfPage":{"@id":"https:\/\/shop.diolosa.com\/pl\/product\/herbata-rinchen\/#primaryimage"},"image":{"@id":"https:\/\/shop.diolosa.com\/pl\/product\/herbata-rinchen\/#primaryimage"},"thumbnailUrl":"https:\/\/shop.diolosa.com\/wp-content\/uploads\/2019\/07\/DL_817_Apotheke_IBK_Produkte.jpg","datePublished":"2025-03-10T05:58:33+00:00","dateModified":"2025-05-06T14:18:21+00:00","breadcrumb":{"@id":"https:\/\/shop.diolosa.com\/pl\/product\/herbata-rinchen\/#breadcrumb"},"inLanguage":"pl-PL","potentialAction":[{"@type":"ReadAction","target":["https:\/\/shop.diolosa.com\/pl\/product\/herbata-rinchen\/"]}]},{"@type":"ImageObject","inLanguage":"pl-PL","@id":"https:\/\/shop.diolosa.com\/pl\/product\/herbata-rinchen\/#primaryimage","url":"https:\/\/shop.diolosa.com\/wp-content\/uploads\/2019\/07\/DL_817_Apotheke_IBK_Produkte.jpg","contentUrl":"https:\/\/shop.diolosa.com\/wp-content\/uploads\/2019\/07\/DL_817_Apotheke_IBK_Produkte.jpg","width":800,"height":533},{"@type":"BreadcrumbList","@id":"https:\/\/shop.diolosa.com\/pl\/product\/herbata-rinchen\/#breadcrumb","itemListElement":[{"@type":"ListItem","position":1,"name":"Startseite","item":"https:\/\/shop.diolosa.com\/pl\/?page_id=3835710"},{"@type":"ListItem","position":2,"name":"Sklep","item":"https:\/\/shop.diolosa.com\/pl\/?page_id=3835710"},{"@type":"ListItem","position":3,"name":"Herbata Rinchen"}]},{"@type":"WebSite","@id":"https:\/\/shop.diolosa.com\/pl\/#website","url":"https:\/\/shop.diolosa.com\/pl\/","name":"Claude Diolosa","description":"","publisher":{"@id":"https:\/\/shop.diolosa.com\/pl\/#organization"},"potentialAction":[{"@type":"SearchAction","target":{"@type":"EntryPoint","urlTemplate":"https:\/\/shop.diolosa.com\/pl\/?s={search_term_string}"},"query-input":{"@type":"PropertyValueSpecification","valueRequired":true,"valueName":"search_term_string"}}],"inLanguage":"pl-PL"},{"@type":"Organization","@id":"https:\/\/shop.diolosa.com\/pl\/#organization","name":"Claude Diolosa","url":"https:\/\/shop.diolosa.com\/pl\/","logo":{"@type":"ImageObject","inLanguage":"pl-PL","@id":"https:\/\/shop.diolosa.com\/pl\/#\/schema\/logo\/image\/","url":"https:\/\/shop.diolosa.com\/wp-content\/uploads\/2019\/08\/diolosa-drop-logo-new.png","contentUrl":"https:\/\/shop.diolosa.com\/wp-content\/uploads\/2019\/08\/diolosa-drop-logo-new.png","width":134,"height":176,"caption":"Claude Diolosa"},"image":{"@id":"https:\/\/shop.diolosa.com\/pl\/#\/schema\/logo\/image\/"},"sameAs":["https:\/\/facebook.com\/claudediolosa","https:\/\/www.instagram.com\/diolosaclaude108\/"]}]}},"_links":{"self":[{"href":"https:\/\/shop.diolosa.com\/pl\/wp-json\/wp\/v2\/product\/3841332","targetHints":{"allow":["GET"]}}],"collection":[{"href":"https:\/\/shop.diolosa.com\/pl\/wp-json\/wp\/v2\/product"}],"about":[{"href":"https:\/\/shop.diolosa.com\/pl\/wp-json\/wp\/v2\/types\/product"}],"wp:featuredmedia":[{"embeddable":true,"href":"https:\/\/shop.diolosa.com\/pl\/wp-json\/wp\/v2\/media\/3841333"}],"wp:attachment":[{"href":"https:\/\/shop.diolosa.com\/pl\/wp-json\/wp\/v2\/media?parent=3841332"}],"wp:term":[{"taxonomy":"product_brand","embeddable":true,"href":"https:\/\/shop.diolosa.com\/pl\/wp-json\/wp\/v2\/product_brand?post=3841332"},{"taxonomy":"product_cat","embeddable":true,"href":"https:\/\/shop.diolosa.com\/pl\/wp-json\/wp\/v2\/product_cat?post=3841332"},{"taxonomy":"product_tag","embeddable":true,"href":"https:\/\/shop.diolosa.com\/pl\/wp-json\/wp\/v2\/product_tag?post=3841332"}],"curies":[{"name":"wp","href":"https:\/\/api.w.org\/{rel}","templated":true}]}}