{"id":3841337,"date":"2019-09-04T12:14:40","date_gmt":"2025-03-10T05:58:34","guid":{"rendered":"https:\/\/shop.diolosa.com\/product\/shl-cold-draft-remedy\/"},"modified":"2025-05-06T14:51:09","modified_gmt":"2025-05-06T13:51:09","slug":"shl-cold-draft-remedy","status":"publish","type":"product","link":"https:\/\/shop.diolosa.com\/pl\/product\/shl-cold-draft-remedy\/","title":{"rendered":"SHL Cold Draft Remedy"},"content":{"rendered":"<p>SHL COLD DRAFT REMEDY jest stosowany w leczeniu przezi\u0119bie\u0144 (zesp\u00f3\u0142 Tai Yang). Preparat ten ma dzia\u0142anie napotne i usuwa przenikliwy wiatr, zimno i wilgo\u0107 PE, otwiera, obni\u017ca Qi p\u0142uc, uwalnia narz\u0105dy zmys\u0142\u00f3w i \u0142agodzi Tai Yang. SHL COLD DRAFT REMEDY mo\u017ce by\u0107 r\u00f3wnie\u017c stosowany w po\u0142\u0105czeniu z COLD EASY MOVEMENT (Feng Shi Han Bi) w leczeniu dolegliwo\u015bci reumatycznych. Mo\u017ce by\u0107 r\u00f3wnie\u017c stosowany po treningu, aby zapobiec przezi\u0119bieniom, je\u015bli jest zbyt wietrznie, mokro lub zimno!<\/p>\n","protected":false},"excerpt":{"rendered":"<p>SHL COLD DRAFT REMEDY jest stosowany w leczeniu przezi\u0119bie\u0144 (zesp\u00f3\u0142  [&#8230;]<\/p>\n","protected":false},"featured_media":3835943,"template":"","meta":{"_acf_changed":false},"product_brand":[],"product_cat":[11869,11991],"product_tag":[12416],"class_list":{"0":"post-3841337","1":"product","2":"type-product","3":"status-publish","4":"has-post-thumbnail","6":"product_cat-ent-pl","7":"product_cat-shang-han-lun-pl","8":"product_tag-zespol-tai-yang-przeziebienie","10":"first","11":"instock","12":"taxable","13":"shipping-taxable","14":"purchasable","15":"product-type-simple"},"acf":{"yn_product_audio":"https:\/\/shop.diolosa.com\/wp-content\/uploads\/2018\/12\/DL_0272.mp3","yn_product_video":"https:\/\/shop.diolosa.com\/wp-content\/uploads\/2024\/03\/SHL-Cold-Draft-Remedy.mp4","yn_product_akupunktur":"<p>Rozproszenie ch\u0142odu wiatru<br \/>\nlon\u017ca 7 &#8211; lie que (luo, ren mai) &#8211; xie fa<br \/>\np\u0119cherz 11 &#8211; tian zhu (ko\u015bci, krew, jelito cienkie) &#8211; xie fa z mox\u0105, gua sha, ba\u0144ki<br \/>\nba\u0144ka 12 &#8211; feng men (du mai) &#8211; xie fa z mox\u0105, gua sha, ba\u0144ki<br \/>\nba\u0144ka 13 &#8211; fei shu &#8211; xie fa z mox\u0105, gua sha, ba\u0144kami<br \/>\nyou mai 14 &#8211; da zhui (jezioro qi) &#8211; xie fa z mox\u0105, gua sha, ba\u0144kami<br \/>\nren mai 17 &#8211; tan zhong (mo > circulation, ba hui xue) &#8211; xie fa<br \/>\ndan yang &#8211; EX-HN2\/P.E-C.F.2 &#8211; xie fa<br \/>\ntai yang &#8211; M-HN-9 &#8211; xie fa<br \/>\nyin tang &#8211; M-HN-3 &#8211; xie fa  <\/p>\n<p>Nie\u017cyt nosa<br \/>\nokr\u0119\u017cnica 20 &#8211; ying xiang &#8211; xie fa<br \/>\nyin tang &#8211; M-HN-3 &#8211; xie fa<br \/>\nbi tong -M-HN-14 &#8211; xie fa<br \/>\nworeczek \u017c\u00f3\u0142ciowy 20 &#8211; feng chi (san chiao, yang wei mai) &#8211; xie fa<br \/>\ndu mai 24 &#8211; shen ting (p\u0119cherz, \u017co\u0142\u0105dek, gui) &#8211; xie fa  <\/p>\n<p>B\u00f3l szyi<br \/>\np\u0142uca 7 &#8211; lie que (luo, ren mai) &#8211; xie fa<br \/>\njelito cienkie 3 &#8211; hou xi (shu, du mai) &#8211; xie fa<br \/>\np\u0119cherz moczowy 10 &#8211; tian zhu &#8211; xie fa<br \/>\nworeczek \u017c\u00f3\u0142ciowy 20 &#8211; feng chi (san chiao, yang wei mai) &#8211; xie fa<br \/>\ndu mai 16 &#8211; feng fu (jezioro szpiku kostnego, yang wei mai) &#8211; xie fa<\/p>\n","yn_product_verabreichungsart":"Pelety 140szt.","yn_product_dosierung":"<p>Natychmiast przyj\u0105\u0107 6 do 10 tabletek razem z herbat\u0105 imbirow\u0105, a nast\u0119pnie kontynuowa\u0107 przyjmowanie 3 x 6 do 10 tabletek dziennie. Odstawi\u0107 preparat natychmiast po ust\u0105pieniu objaw\u00f3w. <\/p>\n","yn_product_combinations":"<p>SHL DRY EARTH (gor\u0105czka Yang Ming z zaparciami), SHL SNOW TIGER (gor\u0105czka Yang Ming i zapalenie p\u0142uc), COLD EASY MOVEMENT (reumatyzm)<\/p>\n","yn_product_avoidable":"<p>Jogurt, cytryna, mi\u0119ta pieprzowa, herbata z kwiatu lipy, produkty mleczne, owoce tropikalne, sok pomara\u0144czowy, suplementy witaminy C, herbata owocowa, surowe warzywa, zimna \u017cywno\u015b\u0107 i napoje, produkty sojowe, kawa, zielona i czarna herbata, piwo.<\/p>\n","yn_product_tcm_mindmapping":"<p>Wiatr Zimny i mokry PE zw\u0119\u017ca p\u0142uca > Przekrwienie Qi i Jin Ye > Buntownicza Qi p\u0142uc (kaszel)<\/p>\n","yn_product_tongue_body":"<p>Normalny &#8211; OB<\/p>\n","yn_product_tongue_coating":"<p>Bia\u0142y, cienki i wilgotny w OE i w p\u0142ucach<\/p>\n","yn_product_pulse_diagnostics":"<p>Pozycja p\u0142uc: fu mai &#8211; powierzchowna, jin mai &#8211; napi\u0119ta, shi mai &#8211; pe\u0142na, shuo mai &#8211; szybka<\/p>\n","yn_product_indications":"<p>Przezi\u0119bienie, dreszcze, b\u00f3l szyi, zatkany nos, czysta wydzielina z nosa, kaszel, lekki b\u00f3l gard\u0142a, gor\u0105czka<\/p>\n","yn_product_contra_indications":"<p>Wind Heat PE, Shi Wen<\/p>\n","yn_product_pregnancy":"<p>Dozwolone<\/p>\n","yn_product_herbs":"<p>ledebouriellae divaricatae radix &#8211; fang feng, platycodi grandiflori radix &#8211; jie geng, armeniacae amarum semen &#8211; ku xing ren, notopterygium radix et rhizomae &#8211; qiang huo, ligusticii rhizoma &#8211; chuan xiong, zizyphi jujubae fructus &#8211; da zao, zingiberis recensis officinalis rhizoma &#8211; sheng jiang<\/p>\n","yn_product_magisterrecipes":"<p>Jing Fang Bai Du San, Ma Huang Tang, Gui Zhi Tang<\/p>\n"},"yoast_head":"<!-- This site is optimized with the Yoast SEO plugin v24.9 - https:\/\/yoast.com\/wordpress\/plugins\/seo\/ -->\n<title>SHL Cold Draft Remedy - Claude Diolosa<\/title>\n<meta name=\"robots\" content=\"index, follow, max-snippet:-1, max-image-preview:large, max-video-preview:-1\" \/>\n<link rel=\"canonical\" href=\"https:\/\/shop.diolosa.com\/pl\/product\/shl-cold-draft-remedy\/\" \/>\n<meta property=\"og:locale\" content=\"pl_PL\" \/>\n<meta property=\"og:type\" content=\"article\" \/>\n<meta property=\"og:title\" content=\"SHL Cold Draft Remedy - Claude Diolosa\" \/>\n<meta property=\"og:description\" content=\"SHL COLD DRAFT REMEDY jest stosowany w leczeniu przezi\u0119bie\u0144 (zesp\u00f3\u0142 [...]\" \/>\n<meta property=\"og:url\" content=\"https:\/\/shop.diolosa.com\/pl\/product\/shl-cold-draft-remedy\/\" \/>\n<meta property=\"og:site_name\" content=\"Claude Diolosa\" \/>\n<meta property=\"article:publisher\" content=\"https:\/\/facebook.com\/claudediolosa\" \/>\n<meta property=\"article:modified_time\" content=\"2025-05-06T13:51:09+00:00\" \/>\n<meta property=\"og:image\" content=\"https:\/\/shop.diolosa.com\/wp-content\/uploads\/2019\/09\/Presslinge-140.jpg\" \/>\n\t<meta property=\"og:image:width\" content=\"800\" \/>\n\t<meta property=\"og:image:height\" content=\"533\" \/>\n\t<meta property=\"og:image:type\" content=\"image\/jpeg\" \/>\n<meta name=\"twitter:card\" content=\"summary_large_image\" \/>\n<script type=\"application\/ld+json\" class=\"yoast-schema-graph\">{\"@context\":\"https:\/\/schema.org\",\"@graph\":[{\"@type\":\"WebPage\",\"@id\":\"https:\/\/shop.diolosa.com\/pl\/product\/shl-cold-draft-remedy\/\",\"url\":\"https:\/\/shop.diolosa.com\/pl\/product\/shl-cold-draft-remedy\/\",\"name\":\"SHL Cold Draft Remedy - Claude Diolosa\",\"isPartOf\":{\"@id\":\"https:\/\/shop.diolosa.com\/pl\/#website\"},\"primaryImageOfPage\":{\"@id\":\"https:\/\/shop.diolosa.com\/pl\/product\/shl-cold-draft-remedy\/#primaryimage\"},\"image\":{\"@id\":\"https:\/\/shop.diolosa.com\/pl\/product\/shl-cold-draft-remedy\/#primaryimage\"},\"thumbnailUrl\":\"https:\/\/shop.diolosa.com\/wp-content\/uploads\/2019\/09\/Presslinge-140.jpg\",\"datePublished\":\"2025-03-10T05:58:34+00:00\",\"dateModified\":\"2025-05-06T13:51:09+00:00\",\"breadcrumb\":{\"@id\":\"https:\/\/shop.diolosa.com\/pl\/product\/shl-cold-draft-remedy\/#breadcrumb\"},\"inLanguage\":\"pl-PL\",\"potentialAction\":[{\"@type\":\"ReadAction\",\"target\":[\"https:\/\/shop.diolosa.com\/pl\/product\/shl-cold-draft-remedy\/\"]}]},{\"@type\":\"ImageObject\",\"inLanguage\":\"pl-PL\",\"@id\":\"https:\/\/shop.diolosa.com\/pl\/product\/shl-cold-draft-remedy\/#primaryimage\",\"url\":\"https:\/\/shop.diolosa.com\/wp-content\/uploads\/2019\/09\/Presslinge-140.jpg\",\"contentUrl\":\"https:\/\/shop.diolosa.com\/wp-content\/uploads\/2019\/09\/Presslinge-140.jpg\",\"width\":800,\"height\":533},{\"@type\":\"BreadcrumbList\",\"@id\":\"https:\/\/shop.diolosa.com\/pl\/product\/shl-cold-draft-remedy\/#breadcrumb\",\"itemListElement\":[{\"@type\":\"ListItem\",\"position\":1,\"name\":\"Startseite\",\"item\":\"https:\/\/shop.diolosa.com\/pl\/?page_id=3835710\"},{\"@type\":\"ListItem\",\"position\":2,\"name\":\"Sklep\",\"item\":\"https:\/\/shop.diolosa.com\/pl\/?page_id=3835710\"},{\"@type\":\"ListItem\",\"position\":3,\"name\":\"SHL Cold Draft Remedy\"}]},{\"@type\":\"WebSite\",\"@id\":\"https:\/\/shop.diolosa.com\/pl\/#website\",\"url\":\"https:\/\/shop.diolosa.com\/pl\/\",\"name\":\"Claude Diolosa\",\"description\":\"\",\"publisher\":{\"@id\":\"https:\/\/shop.diolosa.com\/pl\/#organization\"},\"potentialAction\":[{\"@type\":\"SearchAction\",\"target\":{\"@type\":\"EntryPoint\",\"urlTemplate\":\"https:\/\/shop.diolosa.com\/pl\/?s={search_term_string}\"},\"query-input\":{\"@type\":\"PropertyValueSpecification\",\"valueRequired\":true,\"valueName\":\"search_term_string\"}}],\"inLanguage\":\"pl-PL\"},{\"@type\":\"Organization\",\"@id\":\"https:\/\/shop.diolosa.com\/pl\/#organization\",\"name\":\"Claude Diolosa\",\"url\":\"https:\/\/shop.diolosa.com\/pl\/\",\"logo\":{\"@type\":\"ImageObject\",\"inLanguage\":\"pl-PL\",\"@id\":\"https:\/\/shop.diolosa.com\/pl\/#\/schema\/logo\/image\/\",\"url\":\"https:\/\/shop.diolosa.com\/wp-content\/uploads\/2019\/08\/diolosa-drop-logo-new.png\",\"contentUrl\":\"https:\/\/shop.diolosa.com\/wp-content\/uploads\/2019\/08\/diolosa-drop-logo-new.png\",\"width\":134,\"height\":176,\"caption\":\"Claude Diolosa\"},\"image\":{\"@id\":\"https:\/\/shop.diolosa.com\/pl\/#\/schema\/logo\/image\/\"},\"sameAs\":[\"https:\/\/facebook.com\/claudediolosa\",\"https:\/\/www.instagram.com\/diolosaclaude108\/\"]}]}<\/script>\n<!-- \/ Yoast SEO plugin. -->","yoast_head_json":{"title":"SHL Cold Draft Remedy - Claude Diolosa","robots":{"index":"index","follow":"follow","max-snippet":"max-snippet:-1","max-image-preview":"max-image-preview:large","max-video-preview":"max-video-preview:-1"},"canonical":"https:\/\/shop.diolosa.com\/pl\/product\/shl-cold-draft-remedy\/","og_locale":"pl_PL","og_type":"article","og_title":"SHL Cold Draft Remedy - Claude Diolosa","og_description":"SHL COLD DRAFT REMEDY jest stosowany w leczeniu przezi\u0119bie\u0144 (zesp\u00f3\u0142 [...]","og_url":"https:\/\/shop.diolosa.com\/pl\/product\/shl-cold-draft-remedy\/","og_site_name":"Claude Diolosa","article_publisher":"https:\/\/facebook.com\/claudediolosa","article_modified_time":"2025-05-06T13:51:09+00:00","og_image":[{"width":800,"height":533,"url":"https:\/\/shop.diolosa.com\/wp-content\/uploads\/2019\/09\/Presslinge-140.jpg","type":"image\/jpeg"}],"twitter_card":"summary_large_image","schema":{"@context":"https:\/\/schema.org","@graph":[{"@type":"WebPage","@id":"https:\/\/shop.diolosa.com\/pl\/product\/shl-cold-draft-remedy\/","url":"https:\/\/shop.diolosa.com\/pl\/product\/shl-cold-draft-remedy\/","name":"SHL Cold Draft Remedy - Claude Diolosa","isPartOf":{"@id":"https:\/\/shop.diolosa.com\/pl\/#website"},"primaryImageOfPage":{"@id":"https:\/\/shop.diolosa.com\/pl\/product\/shl-cold-draft-remedy\/#primaryimage"},"image":{"@id":"https:\/\/shop.diolosa.com\/pl\/product\/shl-cold-draft-remedy\/#primaryimage"},"thumbnailUrl":"https:\/\/shop.diolosa.com\/wp-content\/uploads\/2019\/09\/Presslinge-140.jpg","datePublished":"2025-03-10T05:58:34+00:00","dateModified":"2025-05-06T13:51:09+00:00","breadcrumb":{"@id":"https:\/\/shop.diolosa.com\/pl\/product\/shl-cold-draft-remedy\/#breadcrumb"},"inLanguage":"pl-PL","potentialAction":[{"@type":"ReadAction","target":["https:\/\/shop.diolosa.com\/pl\/product\/shl-cold-draft-remedy\/"]}]},{"@type":"ImageObject","inLanguage":"pl-PL","@id":"https:\/\/shop.diolosa.com\/pl\/product\/shl-cold-draft-remedy\/#primaryimage","url":"https:\/\/shop.diolosa.com\/wp-content\/uploads\/2019\/09\/Presslinge-140.jpg","contentUrl":"https:\/\/shop.diolosa.com\/wp-content\/uploads\/2019\/09\/Presslinge-140.jpg","width":800,"height":533},{"@type":"BreadcrumbList","@id":"https:\/\/shop.diolosa.com\/pl\/product\/shl-cold-draft-remedy\/#breadcrumb","itemListElement":[{"@type":"ListItem","position":1,"name":"Startseite","item":"https:\/\/shop.diolosa.com\/pl\/?page_id=3835710"},{"@type":"ListItem","position":2,"name":"Sklep","item":"https:\/\/shop.diolosa.com\/pl\/?page_id=3835710"},{"@type":"ListItem","position":3,"name":"SHL Cold Draft Remedy"}]},{"@type":"WebSite","@id":"https:\/\/shop.diolosa.com\/pl\/#website","url":"https:\/\/shop.diolosa.com\/pl\/","name":"Claude Diolosa","description":"","publisher":{"@id":"https:\/\/shop.diolosa.com\/pl\/#organization"},"potentialAction":[{"@type":"SearchAction","target":{"@type":"EntryPoint","urlTemplate":"https:\/\/shop.diolosa.com\/pl\/?s={search_term_string}"},"query-input":{"@type":"PropertyValueSpecification","valueRequired":true,"valueName":"search_term_string"}}],"inLanguage":"pl-PL"},{"@type":"Organization","@id":"https:\/\/shop.diolosa.com\/pl\/#organization","name":"Claude Diolosa","url":"https:\/\/shop.diolosa.com\/pl\/","logo":{"@type":"ImageObject","inLanguage":"pl-PL","@id":"https:\/\/shop.diolosa.com\/pl\/#\/schema\/logo\/image\/","url":"https:\/\/shop.diolosa.com\/wp-content\/uploads\/2019\/08\/diolosa-drop-logo-new.png","contentUrl":"https:\/\/shop.diolosa.com\/wp-content\/uploads\/2019\/08\/diolosa-drop-logo-new.png","width":134,"height":176,"caption":"Claude Diolosa"},"image":{"@id":"https:\/\/shop.diolosa.com\/pl\/#\/schema\/logo\/image\/"},"sameAs":["https:\/\/facebook.com\/claudediolosa","https:\/\/www.instagram.com\/diolosaclaude108\/"]}]}},"_links":{"self":[{"href":"https:\/\/shop.diolosa.com\/pl\/wp-json\/wp\/v2\/product\/3841337","targetHints":{"allow":["GET"]}}],"collection":[{"href":"https:\/\/shop.diolosa.com\/pl\/wp-json\/wp\/v2\/product"}],"about":[{"href":"https:\/\/shop.diolosa.com\/pl\/wp-json\/wp\/v2\/types\/product"}],"wp:featuredmedia":[{"embeddable":true,"href":"https:\/\/shop.diolosa.com\/pl\/wp-json\/wp\/v2\/media\/3835943"}],"wp:attachment":[{"href":"https:\/\/shop.diolosa.com\/pl\/wp-json\/wp\/v2\/media?parent=3841337"}],"wp:term":[{"taxonomy":"product_brand","embeddable":true,"href":"https:\/\/shop.diolosa.com\/pl\/wp-json\/wp\/v2\/product_brand?post=3841337"},{"taxonomy":"product_cat","embeddable":true,"href":"https:\/\/shop.diolosa.com\/pl\/wp-json\/wp\/v2\/product_cat?post=3841337"},{"taxonomy":"product_tag","embeddable":true,"href":"https:\/\/shop.diolosa.com\/pl\/wp-json\/wp\/v2\/product_tag?post=3841337"}],"curies":[{"name":"wp","href":"https:\/\/api.w.org\/{rel}","templated":true}]}}