{"id":3841341,"date":"2019-09-04T12:10:54","date_gmt":"2025-03-10T05:58:37","guid":{"rendered":"https:\/\/shop.diolosa.com\/product\/tabletki-oczyszczajace-na-noc\/"},"modified":"2025-05-06T14:56:11","modified_gmt":"2025-05-06T13:56:11","slug":"tabletki-oczyszczajace-na-noc","status":"publish","type":"product","link":"https:\/\/shop.diolosa.com\/pl\/product\/tabletki-oczyszczajace-na-noc\/","title":{"rendered":"Tabletki oczyszczaj\u0105ce na noc"},"content":{"rendered":"<p>CLEANSING NIGHTS TABLETS jest odpowiedni jako jesienna kuracja i jest zalecany przez 12 dni jako formu\u0142a eliminuj\u0105ca wilgo\u0107 i flegm\u0119. CLEANSING NIGHTS TABLETS tonizuje Qi centrum, przekszta\u0142ca wilgo\u0107 i flegm\u0119, stymuluje wch\u0142anianie i eliminuje toksyny poprzez uk\u0142ad wydalniczy. Preparat ten chroni przed chorobami uk\u0142adu oddechowego i jelit w okresie jesienno-zimowym i jest zalecany dla przezi\u0119bionych wegetarian i wegan. W po\u0142\u0105czeniu z CLEANSING DAYS (kuracja wiosenna) preparat ten jest bardzo wa\u017cny dla utrzymania 5 filar\u00f3w organizmu (Qi, Yang, Yin, Krew i Jin Ye) i zapobiegania stagnacji Tan\/Krwi. Preparat ten nale\u017cy \u0142\u0105czy\u0107 z herbat\u0105 CLEANSING NIGHTS TEA.    <\/p>\n<p>Je\u015bli po\u017c\u0105dana jest kuracja zbo\u017cowa, nale\u017cy ugotowa\u0107 pra\u017cony ry\u017c pe\u0142noziarnisty z dodatkiem imbiru i nasion sezamu. Jednak ten preparat w po\u0142\u0105czeniu z herbat\u0105 CLEANSING NIGHTS TEA i ograniczeniem diety jest ju\u017c bardzo skuteczny. Nale\u017cy unika\u0107 mokrych i \u015bluzotw\u00f3rczych potraw.<br \/>\nChocia\u017c ten przepis ma aromatyczny i nieco rozgrzewaj\u0105cy efekt, pogoda powinna by\u0107 przyjemna i niezbyt zimna dla tej kuracji.<\/p>\n","protected":false},"excerpt":{"rendered":"<p>CLEANSING NIGHTS TABLETS jest odpowiedni jako jesienna kuracja i jest  [&#8230;]<\/p>\n","protected":false},"featured_media":3835943,"template":"","meta":{"_acf_changed":false},"product_brand":[],"product_cat":[12241],"product_tag":[12418],"class_list":{"0":"post-3841341","1":"product","2":"type-product","3":"status-publish","4":"has-post-thumbnail","6":"product_cat-profilaktyka","7":"product_tag-jesienna-kuracja-detoksykacyjna-granulki","9":"first","10":"instock","11":"taxable","12":"shipping-taxable","13":"purchasable","14":"product-type-simple"},"acf":{"yn_product_audio":"https:\/\/shop.diolosa.com\/wp-content\/uploads\/2018\/12\/DL_0727.mp3","yn_product_video":"https:\/\/shop.diolosa.com\/wp-content\/uploads\/2019\/09\/Cleansing-Nights.mp4","yn_product_akupunktur":"<p>Tonizuje qi i yang nerek<br \/>\np\u0119cherz moczowy 23 &#8211; shen shu &#8211; &#8211; bu fa z mox\u0105<br \/>\ndu mai 4 &#8211; ming men &#8211; bu fa z mox\u0105<br \/>\nnerki 3 &#8211; tai xi (shu,yuan) &#8211; bu fa  <\/p>\n<p>Tonizowanie \u015bledziony Qi<br \/>\n\u015bledziona 3 &#8211; tai bai (yuan) &#8211; bu fa<br \/>\n\u015bledziona 2 &#8211; da du (ying) &#8211; bu fa<br \/>\nba\u0144ka 20 &#8211; pi shu &#8211; bu fa z moks\u0105<\/p>\n<p>Od\u017cywia krew<br \/>\nba\u0144ka 17 &#8211; ge shu (krew) &#8211; bu fa  <\/p>\n<p>drena\u017c wilgo\u0107 flegma zimno<br \/>\n\u017co\u0142\u0105dek 40 &#8211; feng long (luo) &#8211; xie fa<br \/>\n\u017co\u0142\u0105dek 25 &#8211; tian shu (mo &#8211; jelito grube) &#8211; xie fa<br \/>\nren mai 12 &#8211; zhong wan (mo>)\u017co\u0142\u0105dek, ba hui xue, jelito cienkie, san chiao, \u017co\u0142\u0105dek) &#8211; xie fa<br \/>\nkr\u0105\u017cenie 6 &#8211; nei guan (luo, yin wei mai) &#8211; xie fa<br \/>\n\u017co\u0142\u0105dek 37 &#8211; shang ju xu (xia he xue &#8211; jelito grube, jezioro krwi, chong mai) &#8211; xie fa  <\/p>\n<p>Stymulacja diurezy<br \/>\nren mai 3 &#8211; zhong ji (mo>p\u0119cherz, w\u0105troba, nerki, \u015bledziona) &#8211; xie fa<br \/>\np\u0119cherz 22 &#8211; san jiao shu (mo &#8211; san chiao) &#8211; xie fa<br \/>\np\u0119cherz 40 &#8211; wei zhong (he, xia he xue &#8211; p\u0119cherz, xi krwi, Jing bie ni\/bl) &#8211; xie fa  <\/p>\n<p>Shen clarify<br \/>\nsi shen cong &#8211; M-HN-1 (m\u00f3zg, cns) &#8211; xie fa<br \/>\n\u017co\u0142\u0105dek 6 &#8211; jia che &#8211; gui chuan (gui) &#8211; xie fa<br \/>\nkr\u0105\u017cenie 5 &#8211; jian shi &#8211; gui lu (jing, gui) &#8211; xie fa<\/p>\n","yn_product_verabreichungsart":"Pelety 140szt.","yn_product_dosierung":"<p>3 x 4 do 6 tabletek dziennie, zawsze przed posi\u0142kami, razem z jesienn\u0105 herbat\u0105, przez 12 dni.<\/p>\n","yn_product_combinations":"<p>CLEANSING NIGHTS TEA i QUICK BELLY MOVEMENT (zast\u00f3j pokarmu)<\/p>\n","yn_product_avoidable":"<p>Podczas kuracji niedozwolone s\u0105 zimne napoje i \u017cywno\u015b\u0107, cukier, produkty mleczne, owoce tropikalne, surowe warzywa, soki owocowe, og\u00f3rki, pomidory i bak\u0142a\u017cany.<\/p>\n","yn_product_tcm_mindmapping":"<p>Niedob\u00f3r Qi \u015bledziony > Yang Ming i wilgotno\u015b\u0107 jelita cienkiego > zast\u00f3j Qi i krwi > ciep\u0142o wilgoci > toksyny w jelicie > wilgo\u0107 i flegma blokuj\u0105 naczynia Luo<\/p>\n","yn_product_tongue_body":"<p>Okr\u0105g\u0142y, mi\u0119kki, ze \u015bladami z\u0119b\u00f3w, wilgotny i blady<\/p>\n","yn_product_tongue_coating":"<p>Bia\u0142y i wilgotny<\/p>\n","yn_product_pulse_diagnostics":"<p>da mai &#8211; szeroki, chi mai &#8211; powolny, shi mai &#8211; pe\u0142ny, huan mai &#8211; spokojny, a tak\u017ce se mai &#8211; szorstki<\/p>\n","yn_product_indications":"<p>Nagromadzenie wilgoci i \u015bluzu pod koniec lata. Ta formu\u0142a ma dzia\u0142anie osuszaj\u0105ce, wykrztu\u015bne, zapobiegawcze i ochronne na jesie\u0144 i zim\u0119. <\/p>\n","yn_product_contra_indications":"<p>Niedob\u00f3r Yin, puste ciep\u0142o i suche zaparcia<\/p>\n","yn_product_pregnancy":"<p>Przeciwwskazane<\/p>\n","yn_product_herbs":"<p>coicis semen &#8211; yi yi ren, poria cocos &#8211; fu ling, citri reticulatae pericarpium &#8211; chen pi, dolichoris lablabl semen &#8211; bai bian dou, alismati rhizoma &#8211; ze xie, magnoliae cortex &#8211; hou po, saussurea radix &#8211; mu xiang, amomi fructus &#8211; sha ren<\/p>\n","yn_product_magisterrecipes":"<p>He Chen Tang, Xiang Sha Liu Jun Zi Tang, Bao He Wan<\/p>\n"},"yoast_head":"<!-- This site is optimized with the Yoast SEO plugin v24.9 - https:\/\/yoast.com\/wordpress\/plugins\/seo\/ -->\n<title>Tabletki oczyszczaj\u0105ce na noc - Claude Diolosa<\/title>\n<meta name=\"robots\" content=\"index, follow, max-snippet:-1, max-image-preview:large, max-video-preview:-1\" \/>\n<link rel=\"canonical\" href=\"https:\/\/shop.diolosa.com\/pl\/product\/tabletki-oczyszczajace-na-noc\/\" \/>\n<meta property=\"og:locale\" content=\"pl_PL\" \/>\n<meta property=\"og:type\" content=\"article\" \/>\n<meta property=\"og:title\" content=\"Tabletki oczyszczaj\u0105ce na noc - Claude Diolosa\" \/>\n<meta property=\"og:description\" content=\"CLEANSING NIGHTS TABLETS jest odpowiedni jako jesienna kuracja i jest [...]\" \/>\n<meta property=\"og:url\" content=\"https:\/\/shop.diolosa.com\/pl\/product\/tabletki-oczyszczajace-na-noc\/\" \/>\n<meta property=\"og:site_name\" content=\"Claude Diolosa\" \/>\n<meta property=\"article:publisher\" content=\"https:\/\/facebook.com\/claudediolosa\" \/>\n<meta property=\"article:modified_time\" content=\"2025-05-06T13:56:11+00:00\" \/>\n<meta property=\"og:image\" content=\"https:\/\/shop.diolosa.com\/wp-content\/uploads\/2019\/09\/Presslinge-140.jpg\" \/>\n\t<meta property=\"og:image:width\" content=\"800\" \/>\n\t<meta property=\"og:image:height\" content=\"533\" \/>\n\t<meta property=\"og:image:type\" content=\"image\/jpeg\" \/>\n<meta name=\"twitter:card\" content=\"summary_large_image\" \/>\n<meta name=\"twitter:label1\" content=\"Szacowany czas czytania\" \/>\n\t<meta name=\"twitter:data1\" content=\"1 minuta\" \/>\n<script type=\"application\/ld+json\" class=\"yoast-schema-graph\">{\"@context\":\"https:\/\/schema.org\",\"@graph\":[{\"@type\":\"WebPage\",\"@id\":\"https:\/\/shop.diolosa.com\/pl\/product\/tabletki-oczyszczajace-na-noc\/\",\"url\":\"https:\/\/shop.diolosa.com\/pl\/product\/tabletki-oczyszczajace-na-noc\/\",\"name\":\"Tabletki oczyszczaj\u0105ce na noc - Claude Diolosa\",\"isPartOf\":{\"@id\":\"https:\/\/shop.diolosa.com\/pl\/#website\"},\"primaryImageOfPage\":{\"@id\":\"https:\/\/shop.diolosa.com\/pl\/product\/tabletki-oczyszczajace-na-noc\/#primaryimage\"},\"image\":{\"@id\":\"https:\/\/shop.diolosa.com\/pl\/product\/tabletki-oczyszczajace-na-noc\/#primaryimage\"},\"thumbnailUrl\":\"https:\/\/shop.diolosa.com\/wp-content\/uploads\/2019\/09\/Presslinge-140.jpg\",\"datePublished\":\"2025-03-10T05:58:37+00:00\",\"dateModified\":\"2025-05-06T13:56:11+00:00\",\"breadcrumb\":{\"@id\":\"https:\/\/shop.diolosa.com\/pl\/product\/tabletki-oczyszczajace-na-noc\/#breadcrumb\"},\"inLanguage\":\"pl-PL\",\"potentialAction\":[{\"@type\":\"ReadAction\",\"target\":[\"https:\/\/shop.diolosa.com\/pl\/product\/tabletki-oczyszczajace-na-noc\/\"]}]},{\"@type\":\"ImageObject\",\"inLanguage\":\"pl-PL\",\"@id\":\"https:\/\/shop.diolosa.com\/pl\/product\/tabletki-oczyszczajace-na-noc\/#primaryimage\",\"url\":\"https:\/\/shop.diolosa.com\/wp-content\/uploads\/2019\/09\/Presslinge-140.jpg\",\"contentUrl\":\"https:\/\/shop.diolosa.com\/wp-content\/uploads\/2019\/09\/Presslinge-140.jpg\",\"width\":800,\"height\":533},{\"@type\":\"BreadcrumbList\",\"@id\":\"https:\/\/shop.diolosa.com\/pl\/product\/tabletki-oczyszczajace-na-noc\/#breadcrumb\",\"itemListElement\":[{\"@type\":\"ListItem\",\"position\":1,\"name\":\"Startseite\",\"item\":\"https:\/\/shop.diolosa.com\/pl\/?page_id=3835710\"},{\"@type\":\"ListItem\",\"position\":2,\"name\":\"Sklep\",\"item\":\"https:\/\/shop.diolosa.com\/pl\/?page_id=3835710\"},{\"@type\":\"ListItem\",\"position\":3,\"name\":\"Tabletki oczyszczaj\u0105ce na noc\"}]},{\"@type\":\"WebSite\",\"@id\":\"https:\/\/shop.diolosa.com\/pl\/#website\",\"url\":\"https:\/\/shop.diolosa.com\/pl\/\",\"name\":\"Claude Diolosa\",\"description\":\"\",\"publisher\":{\"@id\":\"https:\/\/shop.diolosa.com\/pl\/#organization\"},\"potentialAction\":[{\"@type\":\"SearchAction\",\"target\":{\"@type\":\"EntryPoint\",\"urlTemplate\":\"https:\/\/shop.diolosa.com\/pl\/?s={search_term_string}\"},\"query-input\":{\"@type\":\"PropertyValueSpecification\",\"valueRequired\":true,\"valueName\":\"search_term_string\"}}],\"inLanguage\":\"pl-PL\"},{\"@type\":\"Organization\",\"@id\":\"https:\/\/shop.diolosa.com\/pl\/#organization\",\"name\":\"Claude Diolosa\",\"url\":\"https:\/\/shop.diolosa.com\/pl\/\",\"logo\":{\"@type\":\"ImageObject\",\"inLanguage\":\"pl-PL\",\"@id\":\"https:\/\/shop.diolosa.com\/pl\/#\/schema\/logo\/image\/\",\"url\":\"https:\/\/shop.diolosa.com\/wp-content\/uploads\/2019\/08\/diolosa-drop-logo-new.png\",\"contentUrl\":\"https:\/\/shop.diolosa.com\/wp-content\/uploads\/2019\/08\/diolosa-drop-logo-new.png\",\"width\":134,\"height\":176,\"caption\":\"Claude Diolosa\"},\"image\":{\"@id\":\"https:\/\/shop.diolosa.com\/pl\/#\/schema\/logo\/image\/\"},\"sameAs\":[\"https:\/\/facebook.com\/claudediolosa\",\"https:\/\/www.instagram.com\/diolosaclaude108\/\"]}]}<\/script>\n<!-- \/ Yoast SEO plugin. -->","yoast_head_json":{"title":"Tabletki oczyszczaj\u0105ce na noc - Claude Diolosa","robots":{"index":"index","follow":"follow","max-snippet":"max-snippet:-1","max-image-preview":"max-image-preview:large","max-video-preview":"max-video-preview:-1"},"canonical":"https:\/\/shop.diolosa.com\/pl\/product\/tabletki-oczyszczajace-na-noc\/","og_locale":"pl_PL","og_type":"article","og_title":"Tabletki oczyszczaj\u0105ce na noc - Claude Diolosa","og_description":"CLEANSING NIGHTS TABLETS jest odpowiedni jako jesienna kuracja i jest [...]","og_url":"https:\/\/shop.diolosa.com\/pl\/product\/tabletki-oczyszczajace-na-noc\/","og_site_name":"Claude Diolosa","article_publisher":"https:\/\/facebook.com\/claudediolosa","article_modified_time":"2025-05-06T13:56:11+00:00","og_image":[{"width":800,"height":533,"url":"https:\/\/shop.diolosa.com\/wp-content\/uploads\/2019\/09\/Presslinge-140.jpg","type":"image\/jpeg"}],"twitter_card":"summary_large_image","twitter_misc":{"Szacowany czas czytania":"1 minuta"},"schema":{"@context":"https:\/\/schema.org","@graph":[{"@type":"WebPage","@id":"https:\/\/shop.diolosa.com\/pl\/product\/tabletki-oczyszczajace-na-noc\/","url":"https:\/\/shop.diolosa.com\/pl\/product\/tabletki-oczyszczajace-na-noc\/","name":"Tabletki oczyszczaj\u0105ce na noc - Claude Diolosa","isPartOf":{"@id":"https:\/\/shop.diolosa.com\/pl\/#website"},"primaryImageOfPage":{"@id":"https:\/\/shop.diolosa.com\/pl\/product\/tabletki-oczyszczajace-na-noc\/#primaryimage"},"image":{"@id":"https:\/\/shop.diolosa.com\/pl\/product\/tabletki-oczyszczajace-na-noc\/#primaryimage"},"thumbnailUrl":"https:\/\/shop.diolosa.com\/wp-content\/uploads\/2019\/09\/Presslinge-140.jpg","datePublished":"2025-03-10T05:58:37+00:00","dateModified":"2025-05-06T13:56:11+00:00","breadcrumb":{"@id":"https:\/\/shop.diolosa.com\/pl\/product\/tabletki-oczyszczajace-na-noc\/#breadcrumb"},"inLanguage":"pl-PL","potentialAction":[{"@type":"ReadAction","target":["https:\/\/shop.diolosa.com\/pl\/product\/tabletki-oczyszczajace-na-noc\/"]}]},{"@type":"ImageObject","inLanguage":"pl-PL","@id":"https:\/\/shop.diolosa.com\/pl\/product\/tabletki-oczyszczajace-na-noc\/#primaryimage","url":"https:\/\/shop.diolosa.com\/wp-content\/uploads\/2019\/09\/Presslinge-140.jpg","contentUrl":"https:\/\/shop.diolosa.com\/wp-content\/uploads\/2019\/09\/Presslinge-140.jpg","width":800,"height":533},{"@type":"BreadcrumbList","@id":"https:\/\/shop.diolosa.com\/pl\/product\/tabletki-oczyszczajace-na-noc\/#breadcrumb","itemListElement":[{"@type":"ListItem","position":1,"name":"Startseite","item":"https:\/\/shop.diolosa.com\/pl\/?page_id=3835710"},{"@type":"ListItem","position":2,"name":"Sklep","item":"https:\/\/shop.diolosa.com\/pl\/?page_id=3835710"},{"@type":"ListItem","position":3,"name":"Tabletki oczyszczaj\u0105ce na noc"}]},{"@type":"WebSite","@id":"https:\/\/shop.diolosa.com\/pl\/#website","url":"https:\/\/shop.diolosa.com\/pl\/","name":"Claude Diolosa","description":"","publisher":{"@id":"https:\/\/shop.diolosa.com\/pl\/#organization"},"potentialAction":[{"@type":"SearchAction","target":{"@type":"EntryPoint","urlTemplate":"https:\/\/shop.diolosa.com\/pl\/?s={search_term_string}"},"query-input":{"@type":"PropertyValueSpecification","valueRequired":true,"valueName":"search_term_string"}}],"inLanguage":"pl-PL"},{"@type":"Organization","@id":"https:\/\/shop.diolosa.com\/pl\/#organization","name":"Claude Diolosa","url":"https:\/\/shop.diolosa.com\/pl\/","logo":{"@type":"ImageObject","inLanguage":"pl-PL","@id":"https:\/\/shop.diolosa.com\/pl\/#\/schema\/logo\/image\/","url":"https:\/\/shop.diolosa.com\/wp-content\/uploads\/2019\/08\/diolosa-drop-logo-new.png","contentUrl":"https:\/\/shop.diolosa.com\/wp-content\/uploads\/2019\/08\/diolosa-drop-logo-new.png","width":134,"height":176,"caption":"Claude Diolosa"},"image":{"@id":"https:\/\/shop.diolosa.com\/pl\/#\/schema\/logo\/image\/"},"sameAs":["https:\/\/facebook.com\/claudediolosa","https:\/\/www.instagram.com\/diolosaclaude108\/"]}]}},"_links":{"self":[{"href":"https:\/\/shop.diolosa.com\/pl\/wp-json\/wp\/v2\/product\/3841341","targetHints":{"allow":["GET"]}}],"collection":[{"href":"https:\/\/shop.diolosa.com\/pl\/wp-json\/wp\/v2\/product"}],"about":[{"href":"https:\/\/shop.diolosa.com\/pl\/wp-json\/wp\/v2\/types\/product"}],"wp:featuredmedia":[{"embeddable":true,"href":"https:\/\/shop.diolosa.com\/pl\/wp-json\/wp\/v2\/media\/3835943"}],"wp:attachment":[{"href":"https:\/\/shop.diolosa.com\/pl\/wp-json\/wp\/v2\/media?parent=3841341"}],"wp:term":[{"taxonomy":"product_brand","embeddable":true,"href":"https:\/\/shop.diolosa.com\/pl\/wp-json\/wp\/v2\/product_brand?post=3841341"},{"taxonomy":"product_cat","embeddable":true,"href":"https:\/\/shop.diolosa.com\/pl\/wp-json\/wp\/v2\/product_cat?post=3841341"},{"taxonomy":"product_tag","embeddable":true,"href":"https:\/\/shop.diolosa.com\/pl\/wp-json\/wp\/v2\/product_tag?post=3841341"}],"curies":[{"name":"wp","href":"https:\/\/api.w.org\/{rel}","templated":true}]}}