{"id":3841354,"date":"2019-09-04T12:10:54","date_gmt":"2025-03-10T05:58:41","guid":{"rendered":"https:\/\/shop.diolosa.com\/product\/easy-flow-cold\/"},"modified":"2025-05-06T14:53:43","modified_gmt":"2025-05-06T13:53:43","slug":"easy-flow-cold","status":"publish","type":"product","link":"https:\/\/shop.diolosa.com\/pl\/product\/easy-flow-cold\/","title":{"rendered":"Easy Flow Cold"},"content":{"rendered":"<p>EASY FLOW COLD jest stosowany w leczeniu bolesnego miesi\u0105czkowania z objawami przezi\u0119bienia. Preparat ten rozgrzewa Yang Nerek, rozprasza Zimno W\u0105troby i Zimno w Dai Mai (Naczyniu Pasowym), rozgrzewa i porusza Krew, usuwa Zast\u00f3j Krwi i \u0142agodzi b\u00f3l. Jest to bardzo wa\u017cny preparat dla przezi\u0119bionych wegetarian i wegan ze sk\u0105pym, grudkowatym, ciemnym lub czarnym krwawieniem i silnym b\u00f3lem. Poniewa\u017c stopy s\u0105 cz\u0119\u015bci\u0105 nerek i brzucha, zaleca si\u0119 ciep\u0142e k\u0105piele st\u00f3p.   <\/p>\n<p>&nbsp;<\/p>\n<p>&nbsp;<\/p>\n","protected":false},"excerpt":{"rendered":"<p>&nbsp;<\/p>\n<p>&nbsp;<\/p>\n<p>&nbsp;<\/p>\n","protected":false},"featured_media":3835943,"template":"","meta":{"_acf_changed":false},"product_brand":[],"product_cat":[11799],"product_tag":[12427],"class_list":{"0":"post-3841354","1":"product","2":"type-product","3":"status-publish","4":"has-post-thumbnail","6":"product_cat-ginekologia","7":"product_tag-bolesne-miesiaczkowanie-zimno","9":"first","10":"instock","11":"taxable","12":"shipping-taxable","13":"purchasable","14":"product-type-simple"},"acf":{"yn_product_audio":"https:\/\/shop.diolosa.com\/wp-content\/uploads\/2018\/12\/DL_0313.mp3","yn_product_video":"https:\/\/shop.diolosa.com\/wp-content\/uploads\/2024\/04\/Easy-Flow-Cold-.mp4","yn_product_akupunktur":"<p>Rozgrzewanie nerek Yang<br \/>\np\u0119cherz 23 &#8211; shen shu &#8211; bu fa z moks\u0105<br \/>\ndu mai 4 &#8211; ming men &#8211; bu fa z moks\u0105<\/p>\n<p>rozproszenie zimna w\u0105troby<br \/>\n\u017co\u0142\u0105dek 29 &#8211; gui lai &#8211; xie fa z mox\u0105<br \/>\n\u017co\u0142\u0105dek 30 &#8211; qi qong &#8211; xie fa z mox\u0105<br \/>\nren mai 3 &#8211; zhong ji (mo>p\u0119cherz, w\u0105troba, nerki, \u015bledziona) &#8211; xie fa z mox\u0105<br \/>\nren mai 2 &#8211; qu gu (w\u0105troba, ren mai) &#8211; xie fa z mox\u0105<br \/>\nren mai 5 &#8211; shi men (mo > san chiao) &#8211; bu fa z mox\u0105 (na wypadanie)<br \/>\np\u0119cherz 31 do 34 &#8211; ba liao &#8211; xie fa z mox\u0105<br \/>\nzi gong &#8211; M-CA-18 (macica) &#8211; bu fa z mox\u0105<br \/>\nti tuo &#8211; N-CA-4 (wypadanie macicy) &#8211; bu fa z mox\u0105<\/p>\n<p>Rozpu\u015bci\u0107 zast\u00f3j krwi<br \/>\n\u015bledziona 10 &#8211; xue hai (jezioro krwi) &#8211; xie fa<br \/>\n\u015bledziona 8 &#8211; di ji (xi) &#8211; xie fa<br \/>\nw\u0105troba 6 &#8211; zhong du (xi) &#8211; xie fa  <\/p>\n<p>Rozgrzej i otw\u00f3rz naczynia obr\u0119czy<br \/>\nworeczek \u017c\u00f3\u0142ciowy 26 &#8211; woreczek \u017c\u00f3\u0142ciowy &#8211; dai mai &#8211; xie fa<br \/>\nworeczek \u017c\u00f3\u0142ciowy 41 &#8211; to lin qi (dai mai, shu) &#8211; xie fa  <\/p>\n<p>Stymulowanie tranzytu jelitowego i promowanie przep\u0142ywu menstruacyjnego<br \/>\n\u017co\u0142\u0105dek 25 &#8211; tian shu (mo &#8211; jelito grube) &#8211; xie fa z moks\u0105<\/p>\n<p>Shen koi<br \/>\n\u017co\u0142\u0105dek 40 &#8211; feng long (luo) &#8211; xie fa<\/p>\n","yn_product_verabreichungsart":"Pelety 140szt.","yn_product_dosierung":"<p>3 x 6 do 10 tabletek dziennie, zawsze przed posi\u0142kami, przez 3 dni przed miesi\u0105czk\u0105.<\/p>\n","yn_product_combinations":"<p>KORZE\u0143 YANG, OGRZEWANIE KORZENIA, RINCHEN TEE (niedob\u00f3r yang nerek), HAPPY DAYS (frustracja, lekka depresja), COLD DAMP BELT (up\u0142awy &#8211; zimno), MOON EYES (torbiele jajnik\u00f3w), SECRET POWER (apatia)<\/p>\n","yn_product_avoidable":"<p>Jogurt, mleko, sok pomara\u0144czowy, sok cytrynowy, kawa, czarna i zielona herbata, og\u00f3rek, bak\u0142a\u017can, pomidor, sa\u0142ata, owoce cytrusowe, owoce tropikalne, herbata mi\u0119towa, herbata rumiankowa, herbata nagietkowa, kawa zbo\u017cowa, sok z aloesu, zimne napoje i og\u00f3lnie \u017cywno\u015b\u0107.<\/p>\n","yn_product_tcm_mindmapping":"<p>Niedob\u00f3r Qi i Yang w nerkach > Nagromadzenie zimna w dolnym ogrzewaczu > Zimno w w\u0105trobie > Zast\u00f3j krwi i Qi > Nagromadzenie, stwardnienie > B\u00f3l<\/p>\n","yn_product_tongue_body":"<p>Kr\u00f3tkie, okr\u0105g\u0142e, mi\u0119kkie, wilgotne, fioletowe<\/p>\n","yn_product_tongue_coating":"<p>Bia\u0142a i wilgotna, szczeg\u00f3lnie w cieplejszych partiach cia\u0142a<\/p>\n","yn_product_pulse_diagnostics":"<p>Pozycja Dolnego Ogrzewacza i Nerek Yin: chen mai &#8211; g\u0142\u0119boka, xi mai &#8211; cienka, duan mai &#8211; kr\u00f3tka, xian mai &#8211; napi\u0119ta, jin mai &#8211; napi\u0119ta, se mai &#8211; szorstka.<\/p>\n","yn_product_indications":"<p>Bolesne miesi\u0105czkowanie z popraw\u0105 pod wp\u0142ywem ciep\u0142a, grudkowate i ciemne krwawienie, niedoci\u015bnienie, hipotermia, zatrzymywanie wody przed miesi\u0105czk\u0105, sk\u0142onno\u015b\u0107 do zapar\u0107, depresja.<\/p>\n","yn_product_contra_indications":"<p>Ciep\u0142o krwi, niedob\u00f3r Yin i puste ciep\u0142o<\/p>\n","yn_product_pregnancy":"<p>Przeciwwskazane<\/p>\n","yn_product_herbs":"<p>cyperi rhizoma &#8211; xiang fu, citri reticulatae viride pericarpium &#8211; qing pi, angelicae sinensis radix &#8211; dang gui, ligusticii rhizoma &#8211; chuan xiong, persicae semen &#8211; tao ren, carthami flos &#8211; hong hua<\/p>\n","yn_product_magisterrecipes":"<p>Wen Jing Tang, Tian Tai Wu Yao San, Nuan Gan Jian<\/p>\n"},"yoast_head":"<!-- This site is optimized with the Yoast SEO plugin v24.9 - https:\/\/yoast.com\/wordpress\/plugins\/seo\/ -->\n<title>Easy Flow Cold - Claude Diolosa<\/title>\n<meta name=\"robots\" content=\"index, follow, max-snippet:-1, max-image-preview:large, max-video-preview:-1\" \/>\n<link rel=\"canonical\" href=\"https:\/\/shop.diolosa.com\/pl\/product\/easy-flow-cold\/\" \/>\n<meta property=\"og:locale\" content=\"pl_PL\" \/>\n<meta property=\"og:type\" content=\"article\" \/>\n<meta property=\"og:title\" content=\"Easy Flow Cold - Claude Diolosa\" \/>\n<meta property=\"og:description\" content=\"&nbsp; &nbsp; &nbsp;\" \/>\n<meta property=\"og:url\" content=\"https:\/\/shop.diolosa.com\/pl\/product\/easy-flow-cold\/\" \/>\n<meta property=\"og:site_name\" content=\"Claude Diolosa\" \/>\n<meta property=\"article:publisher\" content=\"https:\/\/facebook.com\/claudediolosa\" \/>\n<meta property=\"article:modified_time\" content=\"2025-05-06T13:53:43+00:00\" \/>\n<meta property=\"og:image\" content=\"https:\/\/shop.diolosa.com\/wp-content\/uploads\/2019\/09\/Presslinge-140.jpg\" \/>\n\t<meta property=\"og:image:width\" content=\"800\" \/>\n\t<meta property=\"og:image:height\" content=\"533\" \/>\n\t<meta property=\"og:image:type\" content=\"image\/jpeg\" \/>\n<meta name=\"twitter:card\" content=\"summary_large_image\" \/>\n<script type=\"application\/ld+json\" class=\"yoast-schema-graph\">{\"@context\":\"https:\/\/schema.org\",\"@graph\":[{\"@type\":\"WebPage\",\"@id\":\"https:\/\/shop.diolosa.com\/pl\/product\/easy-flow-cold\/\",\"url\":\"https:\/\/shop.diolosa.com\/pl\/product\/easy-flow-cold\/\",\"name\":\"Easy Flow Cold - Claude Diolosa\",\"isPartOf\":{\"@id\":\"https:\/\/shop.diolosa.com\/pl\/#website\"},\"primaryImageOfPage\":{\"@id\":\"https:\/\/shop.diolosa.com\/pl\/product\/easy-flow-cold\/#primaryimage\"},\"image\":{\"@id\":\"https:\/\/shop.diolosa.com\/pl\/product\/easy-flow-cold\/#primaryimage\"},\"thumbnailUrl\":\"https:\/\/shop.diolosa.com\/wp-content\/uploads\/2019\/09\/Presslinge-140.jpg\",\"datePublished\":\"2025-03-10T05:58:41+00:00\",\"dateModified\":\"2025-05-06T13:53:43+00:00\",\"breadcrumb\":{\"@id\":\"https:\/\/shop.diolosa.com\/pl\/product\/easy-flow-cold\/#breadcrumb\"},\"inLanguage\":\"pl-PL\",\"potentialAction\":[{\"@type\":\"ReadAction\",\"target\":[\"https:\/\/shop.diolosa.com\/pl\/product\/easy-flow-cold\/\"]}]},{\"@type\":\"ImageObject\",\"inLanguage\":\"pl-PL\",\"@id\":\"https:\/\/shop.diolosa.com\/pl\/product\/easy-flow-cold\/#primaryimage\",\"url\":\"https:\/\/shop.diolosa.com\/wp-content\/uploads\/2019\/09\/Presslinge-140.jpg\",\"contentUrl\":\"https:\/\/shop.diolosa.com\/wp-content\/uploads\/2019\/09\/Presslinge-140.jpg\",\"width\":800,\"height\":533},{\"@type\":\"BreadcrumbList\",\"@id\":\"https:\/\/shop.diolosa.com\/pl\/product\/easy-flow-cold\/#breadcrumb\",\"itemListElement\":[{\"@type\":\"ListItem\",\"position\":1,\"name\":\"Startseite\",\"item\":\"https:\/\/shop.diolosa.com\/pl\/?page_id=3835710\"},{\"@type\":\"ListItem\",\"position\":2,\"name\":\"Sklep\",\"item\":\"https:\/\/shop.diolosa.com\/pl\/?page_id=3835710\"},{\"@type\":\"ListItem\",\"position\":3,\"name\":\"Easy Flow Cold\"}]},{\"@type\":\"WebSite\",\"@id\":\"https:\/\/shop.diolosa.com\/pl\/#website\",\"url\":\"https:\/\/shop.diolosa.com\/pl\/\",\"name\":\"Claude Diolosa\",\"description\":\"\",\"publisher\":{\"@id\":\"https:\/\/shop.diolosa.com\/pl\/#organization\"},\"potentialAction\":[{\"@type\":\"SearchAction\",\"target\":{\"@type\":\"EntryPoint\",\"urlTemplate\":\"https:\/\/shop.diolosa.com\/pl\/?s={search_term_string}\"},\"query-input\":{\"@type\":\"PropertyValueSpecification\",\"valueRequired\":true,\"valueName\":\"search_term_string\"}}],\"inLanguage\":\"pl-PL\"},{\"@type\":\"Organization\",\"@id\":\"https:\/\/shop.diolosa.com\/pl\/#organization\",\"name\":\"Claude Diolosa\",\"url\":\"https:\/\/shop.diolosa.com\/pl\/\",\"logo\":{\"@type\":\"ImageObject\",\"inLanguage\":\"pl-PL\",\"@id\":\"https:\/\/shop.diolosa.com\/pl\/#\/schema\/logo\/image\/\",\"url\":\"https:\/\/shop.diolosa.com\/wp-content\/uploads\/2019\/08\/diolosa-drop-logo-new.png\",\"contentUrl\":\"https:\/\/shop.diolosa.com\/wp-content\/uploads\/2019\/08\/diolosa-drop-logo-new.png\",\"width\":134,\"height\":176,\"caption\":\"Claude Diolosa\"},\"image\":{\"@id\":\"https:\/\/shop.diolosa.com\/pl\/#\/schema\/logo\/image\/\"},\"sameAs\":[\"https:\/\/facebook.com\/claudediolosa\",\"https:\/\/www.instagram.com\/diolosaclaude108\/\"]}]}<\/script>\n<!-- \/ Yoast SEO plugin. -->","yoast_head_json":{"title":"Easy Flow Cold - Claude Diolosa","robots":{"index":"index","follow":"follow","max-snippet":"max-snippet:-1","max-image-preview":"max-image-preview:large","max-video-preview":"max-video-preview:-1"},"canonical":"https:\/\/shop.diolosa.com\/pl\/product\/easy-flow-cold\/","og_locale":"pl_PL","og_type":"article","og_title":"Easy Flow Cold - Claude Diolosa","og_description":"&nbsp; &nbsp; &nbsp;","og_url":"https:\/\/shop.diolosa.com\/pl\/product\/easy-flow-cold\/","og_site_name":"Claude Diolosa","article_publisher":"https:\/\/facebook.com\/claudediolosa","article_modified_time":"2025-05-06T13:53:43+00:00","og_image":[{"width":800,"height":533,"url":"https:\/\/shop.diolosa.com\/wp-content\/uploads\/2019\/09\/Presslinge-140.jpg","type":"image\/jpeg"}],"twitter_card":"summary_large_image","schema":{"@context":"https:\/\/schema.org","@graph":[{"@type":"WebPage","@id":"https:\/\/shop.diolosa.com\/pl\/product\/easy-flow-cold\/","url":"https:\/\/shop.diolosa.com\/pl\/product\/easy-flow-cold\/","name":"Easy Flow Cold - Claude Diolosa","isPartOf":{"@id":"https:\/\/shop.diolosa.com\/pl\/#website"},"primaryImageOfPage":{"@id":"https:\/\/shop.diolosa.com\/pl\/product\/easy-flow-cold\/#primaryimage"},"image":{"@id":"https:\/\/shop.diolosa.com\/pl\/product\/easy-flow-cold\/#primaryimage"},"thumbnailUrl":"https:\/\/shop.diolosa.com\/wp-content\/uploads\/2019\/09\/Presslinge-140.jpg","datePublished":"2025-03-10T05:58:41+00:00","dateModified":"2025-05-06T13:53:43+00:00","breadcrumb":{"@id":"https:\/\/shop.diolosa.com\/pl\/product\/easy-flow-cold\/#breadcrumb"},"inLanguage":"pl-PL","potentialAction":[{"@type":"ReadAction","target":["https:\/\/shop.diolosa.com\/pl\/product\/easy-flow-cold\/"]}]},{"@type":"ImageObject","inLanguage":"pl-PL","@id":"https:\/\/shop.diolosa.com\/pl\/product\/easy-flow-cold\/#primaryimage","url":"https:\/\/shop.diolosa.com\/wp-content\/uploads\/2019\/09\/Presslinge-140.jpg","contentUrl":"https:\/\/shop.diolosa.com\/wp-content\/uploads\/2019\/09\/Presslinge-140.jpg","width":800,"height":533},{"@type":"BreadcrumbList","@id":"https:\/\/shop.diolosa.com\/pl\/product\/easy-flow-cold\/#breadcrumb","itemListElement":[{"@type":"ListItem","position":1,"name":"Startseite","item":"https:\/\/shop.diolosa.com\/pl\/?page_id=3835710"},{"@type":"ListItem","position":2,"name":"Sklep","item":"https:\/\/shop.diolosa.com\/pl\/?page_id=3835710"},{"@type":"ListItem","position":3,"name":"Easy Flow Cold"}]},{"@type":"WebSite","@id":"https:\/\/shop.diolosa.com\/pl\/#website","url":"https:\/\/shop.diolosa.com\/pl\/","name":"Claude Diolosa","description":"","publisher":{"@id":"https:\/\/shop.diolosa.com\/pl\/#organization"},"potentialAction":[{"@type":"SearchAction","target":{"@type":"EntryPoint","urlTemplate":"https:\/\/shop.diolosa.com\/pl\/?s={search_term_string}"},"query-input":{"@type":"PropertyValueSpecification","valueRequired":true,"valueName":"search_term_string"}}],"inLanguage":"pl-PL"},{"@type":"Organization","@id":"https:\/\/shop.diolosa.com\/pl\/#organization","name":"Claude Diolosa","url":"https:\/\/shop.diolosa.com\/pl\/","logo":{"@type":"ImageObject","inLanguage":"pl-PL","@id":"https:\/\/shop.diolosa.com\/pl\/#\/schema\/logo\/image\/","url":"https:\/\/shop.diolosa.com\/wp-content\/uploads\/2019\/08\/diolosa-drop-logo-new.png","contentUrl":"https:\/\/shop.diolosa.com\/wp-content\/uploads\/2019\/08\/diolosa-drop-logo-new.png","width":134,"height":176,"caption":"Claude Diolosa"},"image":{"@id":"https:\/\/shop.diolosa.com\/pl\/#\/schema\/logo\/image\/"},"sameAs":["https:\/\/facebook.com\/claudediolosa","https:\/\/www.instagram.com\/diolosaclaude108\/"]}]}},"_links":{"self":[{"href":"https:\/\/shop.diolosa.com\/pl\/wp-json\/wp\/v2\/product\/3841354","targetHints":{"allow":["GET"]}}],"collection":[{"href":"https:\/\/shop.diolosa.com\/pl\/wp-json\/wp\/v2\/product"}],"about":[{"href":"https:\/\/shop.diolosa.com\/pl\/wp-json\/wp\/v2\/types\/product"}],"wp:featuredmedia":[{"embeddable":true,"href":"https:\/\/shop.diolosa.com\/pl\/wp-json\/wp\/v2\/media\/3835943"}],"wp:attachment":[{"href":"https:\/\/shop.diolosa.com\/pl\/wp-json\/wp\/v2\/media?parent=3841354"}],"wp:term":[{"taxonomy":"product_brand","embeddable":true,"href":"https:\/\/shop.diolosa.com\/pl\/wp-json\/wp\/v2\/product_brand?post=3841354"},{"taxonomy":"product_cat","embeddable":true,"href":"https:\/\/shop.diolosa.com\/pl\/wp-json\/wp\/v2\/product_cat?post=3841354"},{"taxonomy":"product_tag","embeddable":true,"href":"https:\/\/shop.diolosa.com\/pl\/wp-json\/wp\/v2\/product_tag?post=3841354"}],"curies":[{"name":"wp","href":"https:\/\/api.w.org\/{rel}","templated":true}]}}