{"id":3841358,"date":"2019-09-04T12:10:54","date_gmt":"2025-03-10T05:58:43","guid":{"rendered":"https:\/\/shop.diolosa.com\/product\/easy-flow-hot\/"},"modified":"2025-05-06T14:53:44","modified_gmt":"2025-05-06T13:53:44","slug":"easy-flow-hot","status":"publish","type":"product","link":"https:\/\/shop.diolosa.com\/pl\/product\/easy-flow-hot\/","title":{"rendered":"Easy Flow Hot"},"content":{"rendered":"<p>EASY FLOW HOT jest stosowany w leczeniu zastoju Qi, gor\u0105ca i wilgotnego gor\u0105ca w bolesnym miesi\u0105czkowaniu. Preparat ten usuwa zast\u00f3j Qi Shao Yang (p\u0119cherzyka \u017c\u00f3\u0142ciowego) i Dai Mai (naczynia krwiono\u015bnego), usuwa ciep\u0142o, wilgotne ciep\u0142o i ciep\u0142o krwi, zapobiega zastojowi krwi, \u0142agodzi b\u00f3l oraz dzia\u0142a oczyszczaj\u0105co i uspokajaj\u0105co na umys\u0142. <\/p>\n<p>&nbsp;<\/p>\n","protected":false},"excerpt":{"rendered":"<p>&nbsp;<\/p>\n<p>&nbsp;<\/p>\n","protected":false},"featured_media":3835943,"template":"","meta":{"_acf_changed":false},"product_brand":[],"product_cat":[11799],"product_tag":[12160],"class_list":{"0":"post-3841358","1":"product","2":"type-product","3":"status-publish","4":"has-post-thumbnail","6":"product_cat-ginekologia","7":"product_tag-bolesne-miesiaczkowanie-upal","9":"first","10":"instock","11":"taxable","12":"shipping-taxable","13":"purchasable","14":"product-type-simple"},"acf":{"yn_product_audio":"https:\/\/shop.diolosa.com\/wp-content\/uploads\/2018\/12\/DL_0349.mp3","yn_product_video":"https:\/\/shop.diolosa.com\/wp-content\/uploads\/2024\/04\/Easy-Flow-Hot-.mp4","yn_product_akupunktur":"<p>Rozpu\u015bci\u0107 przekrwienie qi p\u0119cherzyka \u017c\u00f3\u0142ciowego<br \/>\np\u0119cherzyk \u017c\u00f3\u0142ciowy 41 &#8211; to lin qi (dai mai, shu) &#8211; xie fa<br \/>\np\u0119cherzyk \u017c\u00f3\u0142ciowy 34 &#8211; yang ling quan (he, xia he xue, gui) &#8211; xie fa<br \/>\np\u0119cherzyk \u017c\u00f3\u0142ciowy 40 &#8211; qiu xu (yuan) &#8211; xie fa  <\/p>\n<p>San Chiao Wy\u0142adowanie wilgoci Ciep\u0142o<br \/>\nsan chiao 3 &#8211; zhong zhu (shu) &#8211; xie fa<br \/>\np\u0119cherz 39 &#8211; wei yang (xia he xue &#8211; san chiao) &#8211; xie fa<\/p>\n<p>Rozpu\u015bci\u0107 przekrwienie qi w\u0105troby<br \/>\nw\u0105troba 3 &#8211; tai chong (shu, yuan) &#8211; xie fa<br \/>\nw\u0105troba 2 &#8211; xing jian (ying) &#8211; xie fa<\/p>\n<p>Wyczy\u015b\u0107 ciep\u0142o krwi<br \/>\n\u015bledziona 10 &#8211; xue hai (jezioro krwi) &#8211; xie fa<br \/>\nw\u0105troba 2 &#8211; xing jian (ying) &#8211; xie fa  <\/p>\n<p>Rozpu\u015bci\u0107 zast\u00f3j krwi i b\u00f3l<br \/>\n\u015bledziona 8 &#8211; di ji (xi) &#8211; xie fa<br \/>\nw\u0105troba 6 &#8211; zhong du (xi) &#8211; xie fa<br \/>\n\u015bledziona 10 &#8211; xue hai (jezioro krwi) &#8211; xie fa<\/p>\n<p>Chong Mai Qi i zast\u00f3j krwi rozpuszczaj\u0105 si\u0119<br \/>\n\u015bledziona 4 &#8211; gong sun (luo, chong mai) &#8211; xie fa<br \/>\n\u015bledziona 6 &#8211; san yin jiao (le,ni,mb) &#8211; xie fa<br \/>\n\u015bledziona 10 &#8211; xue hai (jezioro krwi) &#8211; xie fa<br \/>\nw\u0105troba 3 &#8211; tai chong (shu, yuan) &#8211; xie fa<br \/>\n\u015bledziona 8 &#8211; di ji (xi) &#8211; xie fa<br \/>\nma 30 &#8211; qi qong &#8211; xie fa<br \/>\n\u017co\u0142\u0105dek 29 &#8211; gui lai &#8211; xie fa  <\/p>\n<p>Stymuluje tranzyt jelitowy w celu promowania miesi\u0105czki<br \/>\n\u017co\u0142\u0105dek 25 &#8211; tian shu (mo &#8211; jelito grube) &#8211; xie fa<br \/>\nsan chiao 6 &#8211; zhi gou (jing) &#8211; xie fa<\/p>\n","yn_product_verabreichungsart":"Pelety 140szt.","yn_product_dosierung":"<p>3 x 6 do 10 tabletek dziennie, zawsze przed posi\u0142kami, przez 3 dni przed miesi\u0105czk\u0105.<\/p>\n","yn_product_combinations":"<p>HOT DAMP BELT (\u017c\u00f3\u0142tawa wydzielina), PEACEFUL VALLEY (grzybica),<br \/>\nCLEANSING DAYS TABLETS and TEE (wilgotne ciep\u0142o w\u0105troby), PHOENIX MOUTH (zesp\u00f3\u0142 PAP), HOT STREAM (ostre zapalenie p\u0119cherza moczowego), LADY&#8217;S RELIEF (mastopatia), SIX FLOWERS (zast\u00f3j Qi i krwi), NO WORRY (stres)<\/p>\n","yn_product_avoidable":"<p>Czosnek, cebula, por, papryka, ryby, owoce morza, ocet, tabasco, przyprawy indyjskie, jagni\u0119cina, czerwone wino, sznaps, og\u00f3lnie alkohol.<\/p>\n","yn_product_tcm_mindmapping":"<p>Zast\u00f3j Qi p\u0119cherzyka \u017c\u00f3\u0142ciowego > Zast\u00f3j Qi San Jiao i ciep\u0142o wilgoci > Ciep\u0142o wilgoci Dai Mai > Zast\u00f3j Qi i krwi > B\u00f3l<\/p>\n","yn_product_tongue_body":"<p>Obrz\u0119k po jednej stronie lub obrz\u0119k i zaczerwienienie brzeg\u00f3w po obu stronach.<\/p>\n","yn_product_tongue_coating":"<p>\u017b\u00f3\u0142tawy, t\u0142usty i lepki<\/p>\n","yn_product_pulse_diagnostics":"<p>P\u0119cherzyk \u017c\u00f3\u0142ciowy i dolna pozycja cieplejsza: xian mai &#8211; napi\u0119ta, shuo mai &#8211; szybka, shi mai &#8211; pe\u0142na, se mai &#8211; szorstka, hua mai &#8211; \u015blizgaj\u0105ca si\u0119.<\/p>\n","yn_product_indications":"<p>Dysmenorrhoea z wzorcami ciep\u0142a i agresji, PMS, mastopatia, niepok\u00f3j, bezsenno\u015b\u0107, zaparcia<\/p>\n","yn_product_contra_indications":"<p>Niedob\u00f3r Qi\/Yang nerek i \u015bledziony > wilgotno\u015b\u0107 Dai Mai\/flegma i zast\u00f3j Qi\/krwi, preparaty rozrzedzaj\u0105ce krew<\/p>\n","yn_product_pregnancy":"<p>Przeciwwskazane<\/p>\n","yn_product_herbs":"<p>bupleurum radix &#8211; chai hu, scutellariae baicalensis radix &#8211; huang qin, pinelliae ternatae rhizoma &#8211; ban xia, caulis bambusae in taeniam &#8211; zhu ru, gardeniae jasminoidis fructus &#8211; zhi zi, curcuma longa &#8211; yu jin, citri reticulatae viride pericarpium &#8211; qing pi, salviae radix &#8211; dan shen<\/p>\n","yn_product_magisterrecipes":"<p>Dan Zhi Xiao Yao San, Qing Re Tiao Xue Tang, Chai Hu Su Gan San, Ge Xia Zhu Yu Tang, Jia Wei Wu Yao Tang<\/p>\n"},"yoast_head":"<!-- This site is optimized with the Yoast SEO plugin v24.9 - https:\/\/yoast.com\/wordpress\/plugins\/seo\/ -->\n<title>Easy Flow Hot - Claude Diolosa<\/title>\n<meta name=\"robots\" content=\"index, follow, max-snippet:-1, max-image-preview:large, max-video-preview:-1\" \/>\n<link rel=\"canonical\" href=\"https:\/\/shop.diolosa.com\/pl\/product\/easy-flow-hot\/\" \/>\n<meta property=\"og:locale\" content=\"pl_PL\" \/>\n<meta property=\"og:type\" content=\"article\" \/>\n<meta property=\"og:title\" content=\"Easy Flow Hot - Claude Diolosa\" \/>\n<meta property=\"og:description\" content=\"&nbsp; &nbsp;\" \/>\n<meta property=\"og:url\" content=\"https:\/\/shop.diolosa.com\/pl\/product\/easy-flow-hot\/\" \/>\n<meta property=\"og:site_name\" content=\"Claude Diolosa\" \/>\n<meta property=\"article:publisher\" content=\"https:\/\/facebook.com\/claudediolosa\" \/>\n<meta property=\"article:modified_time\" content=\"2025-05-06T13:53:44+00:00\" \/>\n<meta property=\"og:image\" content=\"https:\/\/shop.diolosa.com\/wp-content\/uploads\/2019\/09\/Presslinge-140.jpg\" \/>\n\t<meta property=\"og:image:width\" content=\"800\" \/>\n\t<meta property=\"og:image:height\" content=\"533\" \/>\n\t<meta property=\"og:image:type\" content=\"image\/jpeg\" \/>\n<meta name=\"twitter:card\" content=\"summary_large_image\" \/>\n<script type=\"application\/ld+json\" class=\"yoast-schema-graph\">{\"@context\":\"https:\/\/schema.org\",\"@graph\":[{\"@type\":\"WebPage\",\"@id\":\"https:\/\/shop.diolosa.com\/pl\/product\/easy-flow-hot\/\",\"url\":\"https:\/\/shop.diolosa.com\/pl\/product\/easy-flow-hot\/\",\"name\":\"Easy Flow Hot - Claude Diolosa\",\"isPartOf\":{\"@id\":\"https:\/\/shop.diolosa.com\/pl\/#website\"},\"primaryImageOfPage\":{\"@id\":\"https:\/\/shop.diolosa.com\/pl\/product\/easy-flow-hot\/#primaryimage\"},\"image\":{\"@id\":\"https:\/\/shop.diolosa.com\/pl\/product\/easy-flow-hot\/#primaryimage\"},\"thumbnailUrl\":\"https:\/\/shop.diolosa.com\/wp-content\/uploads\/2019\/09\/Presslinge-140.jpg\",\"datePublished\":\"2025-03-10T05:58:43+00:00\",\"dateModified\":\"2025-05-06T13:53:44+00:00\",\"breadcrumb\":{\"@id\":\"https:\/\/shop.diolosa.com\/pl\/product\/easy-flow-hot\/#breadcrumb\"},\"inLanguage\":\"pl-PL\",\"potentialAction\":[{\"@type\":\"ReadAction\",\"target\":[\"https:\/\/shop.diolosa.com\/pl\/product\/easy-flow-hot\/\"]}]},{\"@type\":\"ImageObject\",\"inLanguage\":\"pl-PL\",\"@id\":\"https:\/\/shop.diolosa.com\/pl\/product\/easy-flow-hot\/#primaryimage\",\"url\":\"https:\/\/shop.diolosa.com\/wp-content\/uploads\/2019\/09\/Presslinge-140.jpg\",\"contentUrl\":\"https:\/\/shop.diolosa.com\/wp-content\/uploads\/2019\/09\/Presslinge-140.jpg\",\"width\":800,\"height\":533},{\"@type\":\"BreadcrumbList\",\"@id\":\"https:\/\/shop.diolosa.com\/pl\/product\/easy-flow-hot\/#breadcrumb\",\"itemListElement\":[{\"@type\":\"ListItem\",\"position\":1,\"name\":\"Startseite\",\"item\":\"https:\/\/shop.diolosa.com\/pl\/?page_id=3835710\"},{\"@type\":\"ListItem\",\"position\":2,\"name\":\"Sklep\",\"item\":\"https:\/\/shop.diolosa.com\/pl\/?page_id=3835710\"},{\"@type\":\"ListItem\",\"position\":3,\"name\":\"Easy Flow Hot\"}]},{\"@type\":\"WebSite\",\"@id\":\"https:\/\/shop.diolosa.com\/pl\/#website\",\"url\":\"https:\/\/shop.diolosa.com\/pl\/\",\"name\":\"Claude Diolosa\",\"description\":\"\",\"publisher\":{\"@id\":\"https:\/\/shop.diolosa.com\/pl\/#organization\"},\"potentialAction\":[{\"@type\":\"SearchAction\",\"target\":{\"@type\":\"EntryPoint\",\"urlTemplate\":\"https:\/\/shop.diolosa.com\/pl\/?s={search_term_string}\"},\"query-input\":{\"@type\":\"PropertyValueSpecification\",\"valueRequired\":true,\"valueName\":\"search_term_string\"}}],\"inLanguage\":\"pl-PL\"},{\"@type\":\"Organization\",\"@id\":\"https:\/\/shop.diolosa.com\/pl\/#organization\",\"name\":\"Claude Diolosa\",\"url\":\"https:\/\/shop.diolosa.com\/pl\/\",\"logo\":{\"@type\":\"ImageObject\",\"inLanguage\":\"pl-PL\",\"@id\":\"https:\/\/shop.diolosa.com\/pl\/#\/schema\/logo\/image\/\",\"url\":\"https:\/\/shop.diolosa.com\/wp-content\/uploads\/2019\/08\/diolosa-drop-logo-new.png\",\"contentUrl\":\"https:\/\/shop.diolosa.com\/wp-content\/uploads\/2019\/08\/diolosa-drop-logo-new.png\",\"width\":134,\"height\":176,\"caption\":\"Claude Diolosa\"},\"image\":{\"@id\":\"https:\/\/shop.diolosa.com\/pl\/#\/schema\/logo\/image\/\"},\"sameAs\":[\"https:\/\/facebook.com\/claudediolosa\",\"https:\/\/www.instagram.com\/diolosaclaude108\/\"]}]}<\/script>\n<!-- \/ Yoast SEO plugin. -->","yoast_head_json":{"title":"Easy Flow Hot - Claude Diolosa","robots":{"index":"index","follow":"follow","max-snippet":"max-snippet:-1","max-image-preview":"max-image-preview:large","max-video-preview":"max-video-preview:-1"},"canonical":"https:\/\/shop.diolosa.com\/pl\/product\/easy-flow-hot\/","og_locale":"pl_PL","og_type":"article","og_title":"Easy Flow Hot - Claude Diolosa","og_description":"&nbsp; &nbsp;","og_url":"https:\/\/shop.diolosa.com\/pl\/product\/easy-flow-hot\/","og_site_name":"Claude Diolosa","article_publisher":"https:\/\/facebook.com\/claudediolosa","article_modified_time":"2025-05-06T13:53:44+00:00","og_image":[{"width":800,"height":533,"url":"https:\/\/shop.diolosa.com\/wp-content\/uploads\/2019\/09\/Presslinge-140.jpg","type":"image\/jpeg"}],"twitter_card":"summary_large_image","schema":{"@context":"https:\/\/schema.org","@graph":[{"@type":"WebPage","@id":"https:\/\/shop.diolosa.com\/pl\/product\/easy-flow-hot\/","url":"https:\/\/shop.diolosa.com\/pl\/product\/easy-flow-hot\/","name":"Easy Flow Hot - Claude Diolosa","isPartOf":{"@id":"https:\/\/shop.diolosa.com\/pl\/#website"},"primaryImageOfPage":{"@id":"https:\/\/shop.diolosa.com\/pl\/product\/easy-flow-hot\/#primaryimage"},"image":{"@id":"https:\/\/shop.diolosa.com\/pl\/product\/easy-flow-hot\/#primaryimage"},"thumbnailUrl":"https:\/\/shop.diolosa.com\/wp-content\/uploads\/2019\/09\/Presslinge-140.jpg","datePublished":"2025-03-10T05:58:43+00:00","dateModified":"2025-05-06T13:53:44+00:00","breadcrumb":{"@id":"https:\/\/shop.diolosa.com\/pl\/product\/easy-flow-hot\/#breadcrumb"},"inLanguage":"pl-PL","potentialAction":[{"@type":"ReadAction","target":["https:\/\/shop.diolosa.com\/pl\/product\/easy-flow-hot\/"]}]},{"@type":"ImageObject","inLanguage":"pl-PL","@id":"https:\/\/shop.diolosa.com\/pl\/product\/easy-flow-hot\/#primaryimage","url":"https:\/\/shop.diolosa.com\/wp-content\/uploads\/2019\/09\/Presslinge-140.jpg","contentUrl":"https:\/\/shop.diolosa.com\/wp-content\/uploads\/2019\/09\/Presslinge-140.jpg","width":800,"height":533},{"@type":"BreadcrumbList","@id":"https:\/\/shop.diolosa.com\/pl\/product\/easy-flow-hot\/#breadcrumb","itemListElement":[{"@type":"ListItem","position":1,"name":"Startseite","item":"https:\/\/shop.diolosa.com\/pl\/?page_id=3835710"},{"@type":"ListItem","position":2,"name":"Sklep","item":"https:\/\/shop.diolosa.com\/pl\/?page_id=3835710"},{"@type":"ListItem","position":3,"name":"Easy Flow Hot"}]},{"@type":"WebSite","@id":"https:\/\/shop.diolosa.com\/pl\/#website","url":"https:\/\/shop.diolosa.com\/pl\/","name":"Claude Diolosa","description":"","publisher":{"@id":"https:\/\/shop.diolosa.com\/pl\/#organization"},"potentialAction":[{"@type":"SearchAction","target":{"@type":"EntryPoint","urlTemplate":"https:\/\/shop.diolosa.com\/pl\/?s={search_term_string}"},"query-input":{"@type":"PropertyValueSpecification","valueRequired":true,"valueName":"search_term_string"}}],"inLanguage":"pl-PL"},{"@type":"Organization","@id":"https:\/\/shop.diolosa.com\/pl\/#organization","name":"Claude Diolosa","url":"https:\/\/shop.diolosa.com\/pl\/","logo":{"@type":"ImageObject","inLanguage":"pl-PL","@id":"https:\/\/shop.diolosa.com\/pl\/#\/schema\/logo\/image\/","url":"https:\/\/shop.diolosa.com\/wp-content\/uploads\/2019\/08\/diolosa-drop-logo-new.png","contentUrl":"https:\/\/shop.diolosa.com\/wp-content\/uploads\/2019\/08\/diolosa-drop-logo-new.png","width":134,"height":176,"caption":"Claude Diolosa"},"image":{"@id":"https:\/\/shop.diolosa.com\/pl\/#\/schema\/logo\/image\/"},"sameAs":["https:\/\/facebook.com\/claudediolosa","https:\/\/www.instagram.com\/diolosaclaude108\/"]}]}},"_links":{"self":[{"href":"https:\/\/shop.diolosa.com\/pl\/wp-json\/wp\/v2\/product\/3841358","targetHints":{"allow":["GET"]}}],"collection":[{"href":"https:\/\/shop.diolosa.com\/pl\/wp-json\/wp\/v2\/product"}],"about":[{"href":"https:\/\/shop.diolosa.com\/pl\/wp-json\/wp\/v2\/types\/product"}],"wp:featuredmedia":[{"embeddable":true,"href":"https:\/\/shop.diolosa.com\/pl\/wp-json\/wp\/v2\/media\/3835943"}],"wp:attachment":[{"href":"https:\/\/shop.diolosa.com\/pl\/wp-json\/wp\/v2\/media?parent=3841358"}],"wp:term":[{"taxonomy":"product_brand","embeddable":true,"href":"https:\/\/shop.diolosa.com\/pl\/wp-json\/wp\/v2\/product_brand?post=3841358"},{"taxonomy":"product_cat","embeddable":true,"href":"https:\/\/shop.diolosa.com\/pl\/wp-json\/wp\/v2\/product_cat?post=3841358"},{"taxonomy":"product_tag","embeddable":true,"href":"https:\/\/shop.diolosa.com\/pl\/wp-json\/wp\/v2\/product_tag?post=3841358"}],"curies":[{"name":"wp","href":"https:\/\/api.w.org\/{rel}","templated":true}]}}