{"id":3841361,"date":"2019-09-04T12:10:54","date_gmt":"2025-03-10T05:58:43","guid":{"rendered":"https:\/\/shop.diolosa.com\/product\/ksiezycowe-oczy\/"},"modified":"2025-05-06T14:53:45","modified_gmt":"2025-05-06T13:53:45","slug":"ksiezycowe-oczy","status":"publish","type":"product","link":"https:\/\/shop.diolosa.com\/pl\/product\/ksiezycowe-oczy\/","title":{"rendered":"Ksi\u0119\u017cycowe oczy"},"content":{"rendered":"<p>MOON EYES jest stosowany w leczeniu torbieli jajnik\u00f3w spowodowanych zimnem, zastojem Qi, krwi i wilgoci\/flegmy w dolnym ogrzewaczu. Preparat ten rozgrzewa Yang nerek, rozprasza zimno w\u0105troby, usuwa zast\u00f3j krwi i Qi, wspomaga kr\u0105\u017cenie Qi w dolnym ogrzewaczu i \u0142agodzi b\u00f3l. Aby terapia by\u0142a skuteczna, MOON EYES nale\u017cy przyjmowa\u0107 przez kilka cykli od owulacji do menstruacji.<\/p>\n","protected":false},"excerpt":{"rendered":"<p>MOON EYES jest stosowany w leczeniu torbieli jajnik\u00f3w spowodowanych zimnem,  [&#8230;]<\/p>\n","protected":false},"featured_media":3835943,"template":"","meta":{"_acf_changed":false},"product_brand":[],"product_cat":[11799],"product_tag":[12432],"class_list":{"0":"post-3841361","1":"product","2":"type-product","3":"status-publish","4":"has-post-thumbnail","6":"product_cat-ginekologia","7":"product_tag-torbiele-jajnikow","9":"first","10":"instock","11":"taxable","12":"shipping-taxable","13":"purchasable","14":"product-type-simple"},"acf":{"yn_product_audio":"https:\/\/shop.diolosa.com\/wp-content\/uploads\/2018\/12\/DL_0317.mp3","yn_product_video":"https:\/\/shop.diolosa.com\/wp-content\/uploads\/2024\/10\/Moon-Eyes.mp4","yn_product_akupunktur":"<p>Rozgrzewanie nerek Yang<br \/>\np\u0119cherz 23 &#8211; shen shu &#8211; bu fa z moks\u0105<br \/>\ndu mai 4 &#8211; ming men &#8211; bu fa z moks\u0105<\/p>\n<p>Usuwa zimno z w\u0105troby i rozpuszcza torbiele<br \/>\n\u017co\u0142\u0105dek 29 &#8211; gui lai &#8211; xie fa z moks\u0105<br \/>\nma 30 &#8211; qi qong &#8211; xie fa z mox\u0105<br \/>\nren mai 3 &#8211; zhong ji (mo>p\u0119cherz, w\u0105troba, nerki, \u015bledziona) &#8211; xie fa z moks\u0105<br \/>\nren mai 2 &#8211; qu gu (w\u0105troba, ren mai) &#8211; xie fa z moks\u0105<br \/>\nren mai 5 &#8211; shi men (mo > san chiao) &#8211; bu fa z moks\u0105 (w przypadku osiadania)<br \/>\np\u0119cherz 31 do 34 &#8211; ba liao &#8211; xie fa z moks\u0105<br \/>\nzi gong &#8211; M-CA-18 (macica) &#8211; bu fa z moks\u0105<br \/>\nti tuo &#8211; N-CA-4 (wypadanie macicy) &#8211; bu fa z moks\u0105<\/p>\n<p>Rozpu\u015bci\u0107 zast\u00f3j krwi<br \/>\n\u015bledziona 10 &#8211; xue hai (jezioro krwi) &#8211; xie fa<br \/>\n\u015bledziona 8 &#8211; di ji (xi) &#8211; xie fa<br \/>\nw\u0105troba 6 &#8211; zhong du (xi) &#8211; xie fa  <\/p>\n<p>Rozgrzej i otw\u00f3rz naczynia obr\u0119czy<br \/>\nworeczek \u017c\u00f3\u0142ciowy 26 &#8211; woreczek \u017c\u00f3\u0142ciowy &#8211; dai mai &#8211; xie fa<br \/>\nworeczek \u017c\u00f3\u0142ciowy 41 &#8211; to lin qi (dai mai, shu) &#8211; xie fa  <\/p>\n<p>Harmonizacja w\u0105troby i \u015bledziony<br \/>\nliver 13 &#8211; zhang men (mo spleen, ba hui xue, liver and gall bladder) &#8211; xie fa  <\/p>\n<p>Stymuluje pasa\u017c jelitowy i wspomaga przep\u0142yw menstruacyjny<br \/>\n\u017co\u0142\u0105dek 25 &#8211; tian shu (mo &#8211; jelito grube) &#8211; xie fa z mox\u0105<br \/>\n\u017co\u0142\u0105dek 37 &#8211; shang ju xu (xia he xue &#8211; jelito grube, jezioro krwi, chong mai) &#8211; xie fa  <\/p>\n<p>Shen koi<br \/>\n\u017co\u0142\u0105dek 40 &#8211; feng long (luo) &#8211; xie fa<\/p>\n","yn_product_verabreichungsart":"Pelety 140szt.","yn_product_dosierung":"<p>3 x 6 do 10 granulek dziennie mi\u0119dzy owulacj\u0105 a miesi\u0105czk\u0105, zawsze przed jedzeniem.<\/p>\n","yn_product_combinations":"<p>EASY FLOW COLD (bolesne miesi\u0105czkowanie &#8211; zimno), COLD DAMP BELT (up\u0142awy &#8211; zimno), YANG ROOT, RINCHEN TEE, WARMING THE ROOT (niedob\u00f3r yang w nerkach), LIFE ENERGY (niedob\u00f3r qi w \u015bledzionie), SEA OF QI (niedoci\u015bnienie), QUICK BELLY MOVEMENT (zast\u00f3j pokarmu).<\/p>\n","yn_product_avoidable":"<p>Zimne napoje i \u017cywno\u015b\u0107, surowe warzywa, bak\u0142a\u017can, szpinak, jogurt, ser, mleko, cukier, pomidor, og\u00f3rek, owoce tropikalne, banan, kawa, czarna i zielona herbata, sa\u0142ata li\u015bciasta.<\/p>\n","yn_product_tcm_mindmapping":"<p>Pustka Qi\/Yang nerek > Zimno w\u0105troby > Zimno Dai Mai > Wilgo\u0107, zast\u00f3j Qi i krwi w dolnym ogrzewaczu<\/p>\n","yn_product_tongue_body":"<p>Okr\u0105g\u0142e, kr\u00f3tkie, wilgotne, ze \u015bladami z\u0119b\u00f3w, blade lub lekko fioletowe<\/p>\n","yn_product_tongue_coating":"<p>Korze\u0144 j\u0119zyka: bia\u0142y i wilgotny<\/p>\n","yn_product_pulse_diagnostics":"<p>Pozycja nerki Yang: ruo mai &#8211; s\u0142aba, chi mai &#8211; powolna, xu mai &#8211; pusta,<br \/>\nPozycja w\u0105troby: chen mai &#8211; g\u0142\u0119boka, se mai &#8211; szorstka, xi mai &#8211; cienka, duan mai &#8211; kr\u00f3tka, shi mai &#8211; pe\u0142na, jin mai &#8211; mocna, chi mai &#8211; powolna.<\/p>\n","yn_product_indications":"<p>Torbiele jajnik\u00f3w, bolesne miesi\u0105czkowanie, grudkowate i ciemne krwawienia, zimne ko\u0144czyny, niedoci\u015bnienie, hipotermia<\/p>\n","yn_product_contra_indications":"<p>Niedob\u00f3r Yin w nerkach > Puste ciep\u0142o > Ciep\u0142o Yang Ming i Shao Yang oraz wilgotne ciep\u0142o > Ciep\u0142o krwi i zast\u00f3j krwi<\/p>\n","yn_product_pregnancy":"<p>Przeciwwskazane<\/p>\n","yn_product_herbs":"<p>cinnamoni ramulus praep &#8211; chao huang gui zhi, linderae radix &#8211; wu yao, angelicae sinensis radix praep &#8211; cu jiu dang gui wei, albizziae cortex &#8211; he huan pi, citri reticulatae viride pericarpium &#8211; qing pi, amomi fructus &#8211; sha ren<\/p>\n","yn_product_magisterrecipes":"<p>Tian Tai Wu Yao San, Gui Zhi Fu Ling Wan, Shao Fu Zhu Yu Tang<\/p>\n"},"yoast_head":"<!-- This site is optimized with the Yoast SEO plugin v24.9 - https:\/\/yoast.com\/wordpress\/plugins\/seo\/ -->\n<title>Ksi\u0119\u017cycowe oczy - Claude Diolosa<\/title>\n<meta name=\"robots\" content=\"index, follow, max-snippet:-1, max-image-preview:large, max-video-preview:-1\" \/>\n<link rel=\"canonical\" href=\"https:\/\/shop.diolosa.com\/pl\/product\/ksiezycowe-oczy\/\" \/>\n<meta property=\"og:locale\" content=\"pl_PL\" \/>\n<meta property=\"og:type\" content=\"article\" \/>\n<meta property=\"og:title\" content=\"Ksi\u0119\u017cycowe oczy - Claude Diolosa\" \/>\n<meta property=\"og:description\" content=\"MOON EYES jest stosowany w leczeniu torbieli jajnik\u00f3w spowodowanych zimnem, [...]\" \/>\n<meta property=\"og:url\" content=\"https:\/\/shop.diolosa.com\/pl\/product\/ksiezycowe-oczy\/\" \/>\n<meta property=\"og:site_name\" content=\"Claude Diolosa\" \/>\n<meta property=\"article:publisher\" content=\"https:\/\/facebook.com\/claudediolosa\" \/>\n<meta property=\"article:modified_time\" content=\"2025-05-06T13:53:45+00:00\" \/>\n<meta property=\"og:image\" content=\"https:\/\/shop.diolosa.com\/wp-content\/uploads\/2019\/09\/Presslinge-140.jpg\" \/>\n\t<meta property=\"og:image:width\" content=\"800\" \/>\n\t<meta property=\"og:image:height\" content=\"533\" \/>\n\t<meta property=\"og:image:type\" content=\"image\/jpeg\" \/>\n<meta name=\"twitter:card\" content=\"summary_large_image\" \/>\n<script type=\"application\/ld+json\" class=\"yoast-schema-graph\">{\"@context\":\"https:\/\/schema.org\",\"@graph\":[{\"@type\":\"WebPage\",\"@id\":\"https:\/\/shop.diolosa.com\/pl\/product\/ksiezycowe-oczy\/\",\"url\":\"https:\/\/shop.diolosa.com\/pl\/product\/ksiezycowe-oczy\/\",\"name\":\"Ksi\u0119\u017cycowe oczy - Claude Diolosa\",\"isPartOf\":{\"@id\":\"https:\/\/shop.diolosa.com\/pl\/#website\"},\"primaryImageOfPage\":{\"@id\":\"https:\/\/shop.diolosa.com\/pl\/product\/ksiezycowe-oczy\/#primaryimage\"},\"image\":{\"@id\":\"https:\/\/shop.diolosa.com\/pl\/product\/ksiezycowe-oczy\/#primaryimage\"},\"thumbnailUrl\":\"https:\/\/shop.diolosa.com\/wp-content\/uploads\/2019\/09\/Presslinge-140.jpg\",\"datePublished\":\"2025-03-10T05:58:43+00:00\",\"dateModified\":\"2025-05-06T13:53:45+00:00\",\"breadcrumb\":{\"@id\":\"https:\/\/shop.diolosa.com\/pl\/product\/ksiezycowe-oczy\/#breadcrumb\"},\"inLanguage\":\"pl-PL\",\"potentialAction\":[{\"@type\":\"ReadAction\",\"target\":[\"https:\/\/shop.diolosa.com\/pl\/product\/ksiezycowe-oczy\/\"]}]},{\"@type\":\"ImageObject\",\"inLanguage\":\"pl-PL\",\"@id\":\"https:\/\/shop.diolosa.com\/pl\/product\/ksiezycowe-oczy\/#primaryimage\",\"url\":\"https:\/\/shop.diolosa.com\/wp-content\/uploads\/2019\/09\/Presslinge-140.jpg\",\"contentUrl\":\"https:\/\/shop.diolosa.com\/wp-content\/uploads\/2019\/09\/Presslinge-140.jpg\",\"width\":800,\"height\":533},{\"@type\":\"BreadcrumbList\",\"@id\":\"https:\/\/shop.diolosa.com\/pl\/product\/ksiezycowe-oczy\/#breadcrumb\",\"itemListElement\":[{\"@type\":\"ListItem\",\"position\":1,\"name\":\"Startseite\",\"item\":\"https:\/\/shop.diolosa.com\/pl\/?page_id=3835710\"},{\"@type\":\"ListItem\",\"position\":2,\"name\":\"Sklep\",\"item\":\"https:\/\/shop.diolosa.com\/pl\/?page_id=3835710\"},{\"@type\":\"ListItem\",\"position\":3,\"name\":\"Ksi\u0119\u017cycowe oczy\"}]},{\"@type\":\"WebSite\",\"@id\":\"https:\/\/shop.diolosa.com\/pl\/#website\",\"url\":\"https:\/\/shop.diolosa.com\/pl\/\",\"name\":\"Claude Diolosa\",\"description\":\"\",\"publisher\":{\"@id\":\"https:\/\/shop.diolosa.com\/pl\/#organization\"},\"potentialAction\":[{\"@type\":\"SearchAction\",\"target\":{\"@type\":\"EntryPoint\",\"urlTemplate\":\"https:\/\/shop.diolosa.com\/pl\/?s={search_term_string}\"},\"query-input\":{\"@type\":\"PropertyValueSpecification\",\"valueRequired\":true,\"valueName\":\"search_term_string\"}}],\"inLanguage\":\"pl-PL\"},{\"@type\":\"Organization\",\"@id\":\"https:\/\/shop.diolosa.com\/pl\/#organization\",\"name\":\"Claude Diolosa\",\"url\":\"https:\/\/shop.diolosa.com\/pl\/\",\"logo\":{\"@type\":\"ImageObject\",\"inLanguage\":\"pl-PL\",\"@id\":\"https:\/\/shop.diolosa.com\/pl\/#\/schema\/logo\/image\/\",\"url\":\"https:\/\/shop.diolosa.com\/wp-content\/uploads\/2019\/08\/diolosa-drop-logo-new.png\",\"contentUrl\":\"https:\/\/shop.diolosa.com\/wp-content\/uploads\/2019\/08\/diolosa-drop-logo-new.png\",\"width\":134,\"height\":176,\"caption\":\"Claude Diolosa\"},\"image\":{\"@id\":\"https:\/\/shop.diolosa.com\/pl\/#\/schema\/logo\/image\/\"},\"sameAs\":[\"https:\/\/facebook.com\/claudediolosa\",\"https:\/\/www.instagram.com\/diolosaclaude108\/\"]}]}<\/script>\n<!-- \/ Yoast SEO plugin. -->","yoast_head_json":{"title":"Ksi\u0119\u017cycowe oczy - Claude Diolosa","robots":{"index":"index","follow":"follow","max-snippet":"max-snippet:-1","max-image-preview":"max-image-preview:large","max-video-preview":"max-video-preview:-1"},"canonical":"https:\/\/shop.diolosa.com\/pl\/product\/ksiezycowe-oczy\/","og_locale":"pl_PL","og_type":"article","og_title":"Ksi\u0119\u017cycowe oczy - Claude Diolosa","og_description":"MOON EYES jest stosowany w leczeniu torbieli jajnik\u00f3w spowodowanych zimnem, [...]","og_url":"https:\/\/shop.diolosa.com\/pl\/product\/ksiezycowe-oczy\/","og_site_name":"Claude Diolosa","article_publisher":"https:\/\/facebook.com\/claudediolosa","article_modified_time":"2025-05-06T13:53:45+00:00","og_image":[{"width":800,"height":533,"url":"https:\/\/shop.diolosa.com\/wp-content\/uploads\/2019\/09\/Presslinge-140.jpg","type":"image\/jpeg"}],"twitter_card":"summary_large_image","schema":{"@context":"https:\/\/schema.org","@graph":[{"@type":"WebPage","@id":"https:\/\/shop.diolosa.com\/pl\/product\/ksiezycowe-oczy\/","url":"https:\/\/shop.diolosa.com\/pl\/product\/ksiezycowe-oczy\/","name":"Ksi\u0119\u017cycowe oczy - Claude Diolosa","isPartOf":{"@id":"https:\/\/shop.diolosa.com\/pl\/#website"},"primaryImageOfPage":{"@id":"https:\/\/shop.diolosa.com\/pl\/product\/ksiezycowe-oczy\/#primaryimage"},"image":{"@id":"https:\/\/shop.diolosa.com\/pl\/product\/ksiezycowe-oczy\/#primaryimage"},"thumbnailUrl":"https:\/\/shop.diolosa.com\/wp-content\/uploads\/2019\/09\/Presslinge-140.jpg","datePublished":"2025-03-10T05:58:43+00:00","dateModified":"2025-05-06T13:53:45+00:00","breadcrumb":{"@id":"https:\/\/shop.diolosa.com\/pl\/product\/ksiezycowe-oczy\/#breadcrumb"},"inLanguage":"pl-PL","potentialAction":[{"@type":"ReadAction","target":["https:\/\/shop.diolosa.com\/pl\/product\/ksiezycowe-oczy\/"]}]},{"@type":"ImageObject","inLanguage":"pl-PL","@id":"https:\/\/shop.diolosa.com\/pl\/product\/ksiezycowe-oczy\/#primaryimage","url":"https:\/\/shop.diolosa.com\/wp-content\/uploads\/2019\/09\/Presslinge-140.jpg","contentUrl":"https:\/\/shop.diolosa.com\/wp-content\/uploads\/2019\/09\/Presslinge-140.jpg","width":800,"height":533},{"@type":"BreadcrumbList","@id":"https:\/\/shop.diolosa.com\/pl\/product\/ksiezycowe-oczy\/#breadcrumb","itemListElement":[{"@type":"ListItem","position":1,"name":"Startseite","item":"https:\/\/shop.diolosa.com\/pl\/?page_id=3835710"},{"@type":"ListItem","position":2,"name":"Sklep","item":"https:\/\/shop.diolosa.com\/pl\/?page_id=3835710"},{"@type":"ListItem","position":3,"name":"Ksi\u0119\u017cycowe oczy"}]},{"@type":"WebSite","@id":"https:\/\/shop.diolosa.com\/pl\/#website","url":"https:\/\/shop.diolosa.com\/pl\/","name":"Claude Diolosa","description":"","publisher":{"@id":"https:\/\/shop.diolosa.com\/pl\/#organization"},"potentialAction":[{"@type":"SearchAction","target":{"@type":"EntryPoint","urlTemplate":"https:\/\/shop.diolosa.com\/pl\/?s={search_term_string}"},"query-input":{"@type":"PropertyValueSpecification","valueRequired":true,"valueName":"search_term_string"}}],"inLanguage":"pl-PL"},{"@type":"Organization","@id":"https:\/\/shop.diolosa.com\/pl\/#organization","name":"Claude Diolosa","url":"https:\/\/shop.diolosa.com\/pl\/","logo":{"@type":"ImageObject","inLanguage":"pl-PL","@id":"https:\/\/shop.diolosa.com\/pl\/#\/schema\/logo\/image\/","url":"https:\/\/shop.diolosa.com\/wp-content\/uploads\/2019\/08\/diolosa-drop-logo-new.png","contentUrl":"https:\/\/shop.diolosa.com\/wp-content\/uploads\/2019\/08\/diolosa-drop-logo-new.png","width":134,"height":176,"caption":"Claude Diolosa"},"image":{"@id":"https:\/\/shop.diolosa.com\/pl\/#\/schema\/logo\/image\/"},"sameAs":["https:\/\/facebook.com\/claudediolosa","https:\/\/www.instagram.com\/diolosaclaude108\/"]}]}},"_links":{"self":[{"href":"https:\/\/shop.diolosa.com\/pl\/wp-json\/wp\/v2\/product\/3841361","targetHints":{"allow":["GET"]}}],"collection":[{"href":"https:\/\/shop.diolosa.com\/pl\/wp-json\/wp\/v2\/product"}],"about":[{"href":"https:\/\/shop.diolosa.com\/pl\/wp-json\/wp\/v2\/types\/product"}],"wp:featuredmedia":[{"embeddable":true,"href":"https:\/\/shop.diolosa.com\/pl\/wp-json\/wp\/v2\/media\/3835943"}],"wp:attachment":[{"href":"https:\/\/shop.diolosa.com\/pl\/wp-json\/wp\/v2\/media?parent=3841361"}],"wp:term":[{"taxonomy":"product_brand","embeddable":true,"href":"https:\/\/shop.diolosa.com\/pl\/wp-json\/wp\/v2\/product_brand?post=3841361"},{"taxonomy":"product_cat","embeddable":true,"href":"https:\/\/shop.diolosa.com\/pl\/wp-json\/wp\/v2\/product_cat?post=3841361"},{"taxonomy":"product_tag","embeddable":true,"href":"https:\/\/shop.diolosa.com\/pl\/wp-json\/wp\/v2\/product_tag?post=3841361"}],"curies":[{"name":"wp","href":"https:\/\/api.w.org\/{rel}","templated":true}]}}