{"id":3841367,"date":"2019-09-04T12:10:38","date_gmt":"2025-03-10T05:58:47","guid":{"rendered":"https:\/\/shop.diolosa.com\/product\/sugar-blues-2\/"},"modified":"2025-05-06T15:18:12","modified_gmt":"2025-05-06T14:18:12","slug":"sugar-blues-2","status":"publish","type":"product","link":"https:\/\/shop.diolosa.com\/pl\/product\/sugar-blues-2\/","title":{"rendered":"Sugar Blues 2"},"content":{"rendered":"<p>SUGAR BLUES 2 jest stosowany w leczeniu cukrzycy typu 2. Preparat ten stymuluje wch\u0142anianie t\u0142uszczu, bia\u0142ka i w\u0119glowodan\u00f3w, usuwa wilgo\u0107\/gor\u0105co flegmy, zapobiega odk\u0142adaniu si\u0119 Tan, od\u017cywia p\u0142yny ustrojowe (Jin Ye), od\u017cywia Yin, oczyszcza z gor\u0105ca krwi i usuwa zast\u00f3j krwi. Ten z\u0142o\u017cony preparat usuwa wilgo\u0107\/gor\u0105co flegmy i eliminuje odk\u0142adanie si\u0119 Tan bez uszkadzania Yin i od\u017cywia Yin bez tworzenia wilgoci. Nale\u017cy zauwa\u017cy\u0107, \u017ce oba preparaty SUGAR BLUES dobrze \u0142\u0105cz\u0105 si\u0119 z insulin\u0105.   <\/p>\n<p>Nale\u017cy pami\u0119ta\u0107, \u017ce oba preparaty SUGAR BLUES obni\u017caj\u0105 poziom cukru we krwi! Aby unikn\u0105\u0107 reakcji hipoglikemicznej, pacjent powinien by\u0107 zawsze poinformowany o tym dzia\u0142aniu.  (zawiera niewielkie ilo\u015bci glutenu!!!!)<\/p>\n<p>&nbsp;<\/p>\n","protected":false},"excerpt":{"rendered":"<p>&nbsp;<\/p>\n<p>&nbsp;<\/p>\n","protected":false},"featured_media":3835943,"template":"","meta":{"_acf_changed":false},"product_brand":[],"product_cat":[12282],"product_tag":[12436],"class_list":{"0":"post-3841367","1":"product","2":"type-product","3":"status-publish","4":"has-post-thumbnail","6":"product_cat-endokrynologia","7":"product_tag-cukrzyca-typu-2","9":"first","10":"instock","11":"taxable","12":"shipping-taxable","13":"purchasable","14":"product-type-simple"},"acf":{"yn_product_audio":"https:\/\/shop.diolosa.com\/wp-content\/uploads\/2018\/12\/DL_0387.mp3","yn_product_video":"https:\/\/shop.diolosa.com\/wp-content\/uploads\/2024\/03\/Sugar-Blues-1-und-2-.mp4","yn_product_akupunktur":"<p>Tonizuje Qi \u015bledziony<br \/>\n\u015bledziona 3 &#8211; tai bai (shu, yuan) &#8211; bu fa<br \/>\np\u0119cherz 20 &#8211; pi shu &#8211; bu fa  <\/p>\n<p>Odprowadzanie wilgoci i ciep\u0142a \u015bluzu<br \/>\nren mai 12 &#8211; zhong wan (mo>\u017co\u0142\u0105dek, ba hui xue, jelito cienkie, san chiao, \u017co\u0142\u0105dek) &#8211; xie fa<br \/>\n\u017co\u0142\u0105dek 40 &#8211; feng long (luo) &#8211; xie fa<br \/>\nsan chiao 6 &#8211; zhi gou (jing) &#8211; xie fa<br \/>\ndwukropek 11 &#8211; qu chi &#8211; gui tui (he &#8211; gui) &#8211; xie fa<br \/>\ncykl 6 &#8211; nei guan (luo, yin wei mai) &#8211; xie fa<br \/>\n\u017co\u0142\u0105dek 25 &#8211; tian shu (mo, jelito grube, ME) &#8211; xie fa<br \/>\n\u017co\u0142\u0105dek 37 &#8211; shang ju xu (xia he xue &#8211; jelito grube, jezioro krwi, chong mai) &#8211; xie fa<br \/>\n\u017co\u0142\u0105dek 39 &#8211; xia ju xu (xia he xue &#8211; jelito cienkie, jezioro krwi, chong mai) &#8211; xie fa<br \/>\nbubble 39 &#8211; wei yang (xia he xue &#8211; san chiao) &#8211; xie fa<br \/>\nren mai 9 &#8211; shui fen (jelito cienkie) &#8211; xie fa<br \/>\n\u015bledziona 9 &#8211; yin ling quan (he) &#8211; xie fa<br \/>\nwei guan xia shu &#8211; M-BW-12 (trzustka, xiao ke) &#8211; xie fa  <\/p>\n<p>Wyczy\u015b\u0107 ciep\u0142o krwi<br \/>\n\u015bledziona 10 &#8211; xue hai (jezioro krwi) &#8211; xie fa<br \/>\np\u0119cherz 40 &#8211; wei zhong (he, xia he xue &#8211; p\u0119cherz, xi krwi, Jing bie ni\/bl) &#8211; xie fa<br \/>\np\u0119cherz 17 &#8211; ge shu (krew) &#8211; xie fa<\/p>\n","yn_product_verabreichungsart":"Pelety 140szt.","yn_product_dosierung":"<p>3 x 6 do 10 granulek dziennie, zawsze przed jedzeniem<\/p>\n<p>(zawiera niewielkie ilo\u015bci glutenu!!!!)<\/p>\n","yn_product_combinations":"<p>SUGAR BLUES 1 (cukrzyca typu 1), QUICK BELLY MOVEMENT (zast\u00f3j pokarmu), CLEANSING DAYS TABLETS and TEA (kuracja detoksykacyjna &#8211; tylko wiosn\u0105 &#8211; 12 dni), BRIGHT LIGHT (choroby oczu), CALM RELIEF (nadci\u015bnienie), PEACEFUL GENERAL (cholesterol), CALM HEAVEN (migrena), HEAVEN&#8217;S DOOR (uci\u0105\u017cliwe ciep\u0142o flegmy), HEAVENLY STREAMS (toksyny ciep\u0142a wilgoci w Jue Yin), BRAM STOCKER (krwawienie).<\/p>\n","yn_product_avoidable":"<p>Ostre i pikantne przyprawy, pieprz, chili, go\u017adziki, imbir, ga\u0142ka muszkato\u0142owa, czosnek, cebula, por, szczypiorek, tabasco, ocet, alkohol, jagni\u0119cina, wieprzowina, owoce morza, cukier, s\u0142odzik, rafinowane w\u0119glowodany.<\/p>\n","yn_product_tcm_mindmapping":"<p>Ciep\u0142o wilgoci Yang Ming > Niedob\u00f3r Yin\/Qi \u015bledziony > Puste ciep\u0142o > Ciep\u0142o krwi > Przekrwienie krwi > Niebezpiecze\u0144stwo krwawienia > Niedob\u00f3r Yin nerek<\/p>\n","yn_product_tongue_body":"<p>Szeroki, gruby, okr\u0105g\u0142y, wilgotny, czerwony do ciemnoczerwonego i pop\u0119kany<\/p>\n","yn_product_tongue_coating":"<p>Rzadkie, \u017c\u00f3\u0142tawe, t\u0142uste<\/p>\n","yn_product_pulse_diagnostics":"<p>hua mai &#8211; szybuj\u0105cy, da mai &#8211; szeroki, shi mai &#8211; pe\u0142ny, shuo mai &#8211; szybki<\/p>\n","yn_product_indications":"<p>Cukrzyca typu 2, oty\u0142o\u015b\u0107, nadci\u015bnienie t\u0119tnicze, zaburzenia widzenia<\/p>\n","yn_product_contra_indications":"<p>Niedob\u00f3r Yang z wilgoci\u0105 i zimn\u0105 flegm\u0105<\/p>\n","yn_product_pregnancy":"<p>Dozwolone<\/p>\n","yn_product_herbs":"<p>caulis bambusae in taeniam &#8211; zhu ru, scutellariae baicalensis radix &#8211; huang qin, citri reticulatae pericarpium &#8211; chen pi, sclerotium poriae cocos albae &#8211; bai fu ling, massa medicata fermentata &#8211; shen qu, crataegus fructus &#8211; shan zha, alismati rhizoma &#8211; ze xie<\/p>\n","yn_product_magisterrecipes":"<p>Wen Dan Tang, Huang Lian Wen Dan Tang, Bao He Wan, Mai Men Dong Tang, Tian Shen Dan<\/p>\n"},"yoast_head":"<!-- This site is optimized with the Yoast SEO plugin v24.9 - https:\/\/yoast.com\/wordpress\/plugins\/seo\/ -->\n<title>Sugar Blues 2 - Claude Diolosa<\/title>\n<meta name=\"robots\" content=\"index, follow, max-snippet:-1, max-image-preview:large, max-video-preview:-1\" \/>\n<link rel=\"canonical\" href=\"https:\/\/shop.diolosa.com\/pl\/product\/sugar-blues-2\/\" \/>\n<meta property=\"og:locale\" content=\"pl_PL\" \/>\n<meta property=\"og:type\" content=\"article\" \/>\n<meta property=\"og:title\" content=\"Sugar Blues 2 - Claude Diolosa\" \/>\n<meta property=\"og:description\" content=\"&nbsp; &nbsp;\" \/>\n<meta property=\"og:url\" content=\"https:\/\/shop.diolosa.com\/pl\/product\/sugar-blues-2\/\" \/>\n<meta property=\"og:site_name\" content=\"Claude Diolosa\" \/>\n<meta property=\"article:publisher\" content=\"https:\/\/facebook.com\/claudediolosa\" \/>\n<meta property=\"article:modified_time\" content=\"2025-05-06T14:18:12+00:00\" \/>\n<meta property=\"og:image\" content=\"https:\/\/shop.diolosa.com\/wp-content\/uploads\/2019\/09\/Presslinge-140.jpg\" \/>\n\t<meta property=\"og:image:width\" content=\"800\" \/>\n\t<meta property=\"og:image:height\" content=\"533\" \/>\n\t<meta property=\"og:image:type\" content=\"image\/jpeg\" \/>\n<meta name=\"twitter:card\" content=\"summary_large_image\" \/>\n<meta name=\"twitter:label1\" content=\"Szacowany czas czytania\" \/>\n\t<meta name=\"twitter:data1\" content=\"1 minuta\" \/>\n<script type=\"application\/ld+json\" class=\"yoast-schema-graph\">{\"@context\":\"https:\/\/schema.org\",\"@graph\":[{\"@type\":\"WebPage\",\"@id\":\"https:\/\/shop.diolosa.com\/pl\/product\/sugar-blues-2\/\",\"url\":\"https:\/\/shop.diolosa.com\/pl\/product\/sugar-blues-2\/\",\"name\":\"Sugar Blues 2 - Claude Diolosa\",\"isPartOf\":{\"@id\":\"https:\/\/shop.diolosa.com\/pl\/#website\"},\"primaryImageOfPage\":{\"@id\":\"https:\/\/shop.diolosa.com\/pl\/product\/sugar-blues-2\/#primaryimage\"},\"image\":{\"@id\":\"https:\/\/shop.diolosa.com\/pl\/product\/sugar-blues-2\/#primaryimage\"},\"thumbnailUrl\":\"https:\/\/shop.diolosa.com\/wp-content\/uploads\/2019\/09\/Presslinge-140.jpg\",\"datePublished\":\"2025-03-10T05:58:47+00:00\",\"dateModified\":\"2025-05-06T14:18:12+00:00\",\"breadcrumb\":{\"@id\":\"https:\/\/shop.diolosa.com\/pl\/product\/sugar-blues-2\/#breadcrumb\"},\"inLanguage\":\"pl-PL\",\"potentialAction\":[{\"@type\":\"ReadAction\",\"target\":[\"https:\/\/shop.diolosa.com\/pl\/product\/sugar-blues-2\/\"]}]},{\"@type\":\"ImageObject\",\"inLanguage\":\"pl-PL\",\"@id\":\"https:\/\/shop.diolosa.com\/pl\/product\/sugar-blues-2\/#primaryimage\",\"url\":\"https:\/\/shop.diolosa.com\/wp-content\/uploads\/2019\/09\/Presslinge-140.jpg\",\"contentUrl\":\"https:\/\/shop.diolosa.com\/wp-content\/uploads\/2019\/09\/Presslinge-140.jpg\",\"width\":800,\"height\":533},{\"@type\":\"BreadcrumbList\",\"@id\":\"https:\/\/shop.diolosa.com\/pl\/product\/sugar-blues-2\/#breadcrumb\",\"itemListElement\":[{\"@type\":\"ListItem\",\"position\":1,\"name\":\"Startseite\",\"item\":\"https:\/\/shop.diolosa.com\/pl\/?page_id=3835710\"},{\"@type\":\"ListItem\",\"position\":2,\"name\":\"Sklep\",\"item\":\"https:\/\/shop.diolosa.com\/pl\/?page_id=3835710\"},{\"@type\":\"ListItem\",\"position\":3,\"name\":\"Sugar Blues 2\"}]},{\"@type\":\"WebSite\",\"@id\":\"https:\/\/shop.diolosa.com\/pl\/#website\",\"url\":\"https:\/\/shop.diolosa.com\/pl\/\",\"name\":\"Claude Diolosa\",\"description\":\"\",\"publisher\":{\"@id\":\"https:\/\/shop.diolosa.com\/pl\/#organization\"},\"potentialAction\":[{\"@type\":\"SearchAction\",\"target\":{\"@type\":\"EntryPoint\",\"urlTemplate\":\"https:\/\/shop.diolosa.com\/pl\/?s={search_term_string}\"},\"query-input\":{\"@type\":\"PropertyValueSpecification\",\"valueRequired\":true,\"valueName\":\"search_term_string\"}}],\"inLanguage\":\"pl-PL\"},{\"@type\":\"Organization\",\"@id\":\"https:\/\/shop.diolosa.com\/pl\/#organization\",\"name\":\"Claude Diolosa\",\"url\":\"https:\/\/shop.diolosa.com\/pl\/\",\"logo\":{\"@type\":\"ImageObject\",\"inLanguage\":\"pl-PL\",\"@id\":\"https:\/\/shop.diolosa.com\/pl\/#\/schema\/logo\/image\/\",\"url\":\"https:\/\/shop.diolosa.com\/wp-content\/uploads\/2019\/08\/diolosa-drop-logo-new.png\",\"contentUrl\":\"https:\/\/shop.diolosa.com\/wp-content\/uploads\/2019\/08\/diolosa-drop-logo-new.png\",\"width\":134,\"height\":176,\"caption\":\"Claude Diolosa\"},\"image\":{\"@id\":\"https:\/\/shop.diolosa.com\/pl\/#\/schema\/logo\/image\/\"},\"sameAs\":[\"https:\/\/facebook.com\/claudediolosa\",\"https:\/\/www.instagram.com\/diolosaclaude108\/\"]}]}<\/script>\n<!-- \/ Yoast SEO plugin. -->","yoast_head_json":{"title":"Sugar Blues 2 - Claude Diolosa","robots":{"index":"index","follow":"follow","max-snippet":"max-snippet:-1","max-image-preview":"max-image-preview:large","max-video-preview":"max-video-preview:-1"},"canonical":"https:\/\/shop.diolosa.com\/pl\/product\/sugar-blues-2\/","og_locale":"pl_PL","og_type":"article","og_title":"Sugar Blues 2 - Claude Diolosa","og_description":"&nbsp; &nbsp;","og_url":"https:\/\/shop.diolosa.com\/pl\/product\/sugar-blues-2\/","og_site_name":"Claude Diolosa","article_publisher":"https:\/\/facebook.com\/claudediolosa","article_modified_time":"2025-05-06T14:18:12+00:00","og_image":[{"width":800,"height":533,"url":"https:\/\/shop.diolosa.com\/wp-content\/uploads\/2019\/09\/Presslinge-140.jpg","type":"image\/jpeg"}],"twitter_card":"summary_large_image","twitter_misc":{"Szacowany czas czytania":"1 minuta"},"schema":{"@context":"https:\/\/schema.org","@graph":[{"@type":"WebPage","@id":"https:\/\/shop.diolosa.com\/pl\/product\/sugar-blues-2\/","url":"https:\/\/shop.diolosa.com\/pl\/product\/sugar-blues-2\/","name":"Sugar Blues 2 - Claude Diolosa","isPartOf":{"@id":"https:\/\/shop.diolosa.com\/pl\/#website"},"primaryImageOfPage":{"@id":"https:\/\/shop.diolosa.com\/pl\/product\/sugar-blues-2\/#primaryimage"},"image":{"@id":"https:\/\/shop.diolosa.com\/pl\/product\/sugar-blues-2\/#primaryimage"},"thumbnailUrl":"https:\/\/shop.diolosa.com\/wp-content\/uploads\/2019\/09\/Presslinge-140.jpg","datePublished":"2025-03-10T05:58:47+00:00","dateModified":"2025-05-06T14:18:12+00:00","breadcrumb":{"@id":"https:\/\/shop.diolosa.com\/pl\/product\/sugar-blues-2\/#breadcrumb"},"inLanguage":"pl-PL","potentialAction":[{"@type":"ReadAction","target":["https:\/\/shop.diolosa.com\/pl\/product\/sugar-blues-2\/"]}]},{"@type":"ImageObject","inLanguage":"pl-PL","@id":"https:\/\/shop.diolosa.com\/pl\/product\/sugar-blues-2\/#primaryimage","url":"https:\/\/shop.diolosa.com\/wp-content\/uploads\/2019\/09\/Presslinge-140.jpg","contentUrl":"https:\/\/shop.diolosa.com\/wp-content\/uploads\/2019\/09\/Presslinge-140.jpg","width":800,"height":533},{"@type":"BreadcrumbList","@id":"https:\/\/shop.diolosa.com\/pl\/product\/sugar-blues-2\/#breadcrumb","itemListElement":[{"@type":"ListItem","position":1,"name":"Startseite","item":"https:\/\/shop.diolosa.com\/pl\/?page_id=3835710"},{"@type":"ListItem","position":2,"name":"Sklep","item":"https:\/\/shop.diolosa.com\/pl\/?page_id=3835710"},{"@type":"ListItem","position":3,"name":"Sugar Blues 2"}]},{"@type":"WebSite","@id":"https:\/\/shop.diolosa.com\/pl\/#website","url":"https:\/\/shop.diolosa.com\/pl\/","name":"Claude Diolosa","description":"","publisher":{"@id":"https:\/\/shop.diolosa.com\/pl\/#organization"},"potentialAction":[{"@type":"SearchAction","target":{"@type":"EntryPoint","urlTemplate":"https:\/\/shop.diolosa.com\/pl\/?s={search_term_string}"},"query-input":{"@type":"PropertyValueSpecification","valueRequired":true,"valueName":"search_term_string"}}],"inLanguage":"pl-PL"},{"@type":"Organization","@id":"https:\/\/shop.diolosa.com\/pl\/#organization","name":"Claude Diolosa","url":"https:\/\/shop.diolosa.com\/pl\/","logo":{"@type":"ImageObject","inLanguage":"pl-PL","@id":"https:\/\/shop.diolosa.com\/pl\/#\/schema\/logo\/image\/","url":"https:\/\/shop.diolosa.com\/wp-content\/uploads\/2019\/08\/diolosa-drop-logo-new.png","contentUrl":"https:\/\/shop.diolosa.com\/wp-content\/uploads\/2019\/08\/diolosa-drop-logo-new.png","width":134,"height":176,"caption":"Claude Diolosa"},"image":{"@id":"https:\/\/shop.diolosa.com\/pl\/#\/schema\/logo\/image\/"},"sameAs":["https:\/\/facebook.com\/claudediolosa","https:\/\/www.instagram.com\/diolosaclaude108\/"]}]}},"_links":{"self":[{"href":"https:\/\/shop.diolosa.com\/pl\/wp-json\/wp\/v2\/product\/3841367","targetHints":{"allow":["GET"]}}],"collection":[{"href":"https:\/\/shop.diolosa.com\/pl\/wp-json\/wp\/v2\/product"}],"about":[{"href":"https:\/\/shop.diolosa.com\/pl\/wp-json\/wp\/v2\/types\/product"}],"wp:featuredmedia":[{"embeddable":true,"href":"https:\/\/shop.diolosa.com\/pl\/wp-json\/wp\/v2\/media\/3835943"}],"wp:attachment":[{"href":"https:\/\/shop.diolosa.com\/pl\/wp-json\/wp\/v2\/media?parent=3841367"}],"wp:term":[{"taxonomy":"product_brand","embeddable":true,"href":"https:\/\/shop.diolosa.com\/pl\/wp-json\/wp\/v2\/product_brand?post=3841367"},{"taxonomy":"product_cat","embeddable":true,"href":"https:\/\/shop.diolosa.com\/pl\/wp-json\/wp\/v2\/product_cat?post=3841367"},{"taxonomy":"product_tag","embeddable":true,"href":"https:\/\/shop.diolosa.com\/pl\/wp-json\/wp\/v2\/product_tag?post=3841367"}],"curies":[{"name":"wp","href":"https:\/\/api.w.org\/{rel}","templated":true}]}}