{"id":3841371,"date":"2019-09-04T12:10:38","date_gmt":"2025-03-10T05:58:48","guid":{"rendered":"https:\/\/shop.diolosa.com\/product\/sugar-blues-1\/"},"modified":"2025-05-06T14:55:40","modified_gmt":"2025-05-06T13:55:40","slug":"sugar-blues-1","status":"publish","type":"product","link":"https:\/\/shop.diolosa.com\/pl\/product\/sugar-blues-1\/","title":{"rendered":"Sugar Blues 1"},"content":{"rendered":"<p>SUGAR BLUES 1 jest stosowany w leczeniu cukrzycy m\u0142odzie\u0144czej typu 1. Regularne przyjmowanie zapobiega skutkom ubocznym cukrzycy i oznacza, \u017ce nale\u017cy podawa\u0107 mniej insuliny. Preparat ten od\u017cywia Yin, usuwa Puste Ciep\u0142o i Ciep\u0142o Krwi, zapobiega zastojowi krwi i wt\u00f3rnemu Mokremu Ciep\u0142u ze z\u0142ogami Tan. Chroni przed polineuropati\u0105, impotencj\u0105, wysokim ci\u015bnieniem krwi, problemami z nerkami, chorobami naczy\u0144 krwiono\u015bnych i oczu. SUGAR BLUES 1 i 2 mo\u017cna r\u00f3wnie\u017c \u0142\u0105czy\u0107 z insulin\u0105. Pacjenci powinni zwraca\u0107 szczeg\u00f3ln\u0105 uwag\u0119 na swoj\u0105 diet\u0119, a przede wszystkim bardzo uwa\u017ca\u0107 na w\u0119glowodany i cukier. Preparaty SUGAR BLUES przyjmuje si\u0119 bez przerwy.      <\/p>\n<p>Nale\u017cy pami\u0119ta\u0107, \u017ce oba preparaty SUGAR BLUES obni\u017caj\u0105 poziom cukru we krwi! Aby unikn\u0105\u0107 reakcji hipoglikemicznej, pacjent powinien by\u0107 zawsze poinformowany o tym dzia\u0142aniu. <\/p>\n<p>&nbsp;<\/p>\n<p>&nbsp;<\/p>\n","protected":false},"excerpt":{"rendered":"<p>&nbsp;<\/p>\n<p>&nbsp;<\/p>\n<p>&nbsp;<\/p>\n","protected":false},"featured_media":3835943,"template":"","meta":{"_acf_changed":false},"product_brand":[],"product_cat":[12282],"product_tag":[12440],"class_list":{"0":"post-3841371","1":"product","2":"type-product","3":"status-publish","4":"has-post-thumbnail","6":"product_cat-endokrynologia","7":"product_tag-cukrzyca-typu-1","9":"first","10":"instock","11":"taxable","12":"shipping-taxable","13":"purchasable","14":"product-type-simple"},"acf":{"yn_product_audio":"https:\/\/shop.diolosa.com\/wp-content\/uploads\/2018\/12\/DL_0815.mp3","yn_product_video":"https:\/\/shop.diolosa.com\/wp-content\/uploads\/2024\/03\/Sugar-Blues-1-und-2-.mp4","yn_product_akupunktur":"<p>Od\u017cywiaj p\u0142uca yin<br \/>\np\u0142uca 5 &#8211; chi ze (he) &#8211; bu fa<br \/>\np\u0142uca 9 &#8211; tai yuan &#8211; gui xin (shu, yuan, ba hui xue, gui) &#8211; bu fa<br \/>\np\u0119cherz 13 &#8211; fei shu &#8211; bu fa  <\/p>\n<p>Oczyszczenie \u017co\u0142\u0105dka<br \/>\n\u017co\u0142\u0105dek 36 &#8211; to san li (shu, xia he xue &#8211; \u017co\u0142\u0105dek, si hai xue, si zhong xue) &#8211; xie fa<br \/>\n\u017co\u0142\u0105dek 44 &#8211; nei ting (ying) &#8211; xie fa<br \/>\n\u017co\u0142\u0105dek 40 &#8211; feng long (luo) &#8211; xie fa<br \/>\n\u017co\u0142\u0105dek 45 &#8211; li dui (jing) &#8211; xie fa  <\/p>\n<p>Nerka Yin tonizuje<br \/>\nnerka 3 &#8211; tai xi (shu,yuan) &#8211; bu fa<br \/>\nnerka 7 &#8211; fu liu (jing) &#8211; bu fa<br \/>\nnerka 6 &#8211; zhao hai (yin qiao mai) &#8211; bu fa<br \/>\nnerka 2 &#8211; rang gu (ying) &#8211; xie fa<br \/>\np\u0119cherz 23 &#8211; shen shu &#8211; bu fa<br \/>\nworeczek 25 &#8211; jing men (mo &#8211; nerka) &#8211; bu fa<\/p>\n<p>\u015aledziona Yin tonizuje<br \/>\n\u015bledziona 6 &#8211; san yin jiao (le,ni,mb) &#8211; bu fa<br \/>\n\u015bledziona 9 &#8211; yin ling quan (he) &#8211; bu fa<br \/>\nwei guan xia shu &#8211; M-BW-12 (trzustka, xiao ke) &#8211; xie fa  <\/p>\n<p>Tonizuje Qi \u015bledziony<br \/>\n\u015bledziona 3 &#8211; tai bai (yuan) &#8211; bu fa<br \/>\np\u0119cherz 20 &#8211; pi shu &#8211; bu fa  <\/p>\n<p>Wyczy\u015b\u0107 ciep\u0142o krwi<br \/>\n\u015bledziona 10 &#8211; xue hai (jezioro krwi) &#8211; xie fa<br \/>\np\u0119cherz 17 &#8211; ge shu (krew) &#8211; xie fa<\/p>\n","yn_product_verabreichungsart":"Pelety 140szt.","yn_product_dosierung":"<p>3 x 6 do 10 tabletek dziennie, zawsze przed posi\u0142kami<\/p>\n","yn_product_combinations":"<p>SUGAR BLUES 2 (cukrzyca typu 2), YIN ROOT, SAN BAO TEE (niedob\u00f3r Yin w nerkach), CLEARING THE HEAT (niedob\u00f3r Yin z pustym ciep\u0142em), NOURISHING THE ESSENCE (niedob\u00f3r Yin z niedoborem Jin Ye), VITALITY (niedob\u00f3r Qi i krwi), BRAM STOCKER (krwawienie)<\/p>\n","yn_product_avoidable":"<p>Ostre i pikantne przyprawy, pieprz, chili, go\u017adziki, cynamon, czosnek, cebula, por, szczypiorek, alkohol, jagni\u0119cina, wieprzowina, owoce morza, ryby, cukier, s\u0142odzik, w\u0119glowodany.<\/p>\n","yn_product_tcm_mindmapping":"<p>1- Cukrzyca m\u0142odzie\u0144cza typu 1 > Niedob\u00f3r Yin i Qi nerek (wielomocz) > Ogie\u0144 \u017co\u0142\u0105dka > Niedob\u00f3r Yin \u015bledziony\/trzustki > Puste ciep\u0142o (niedob\u00f3r insuliny) > Ciep\u0142o krwi > Przekrwienie krwi > Krwawienie<br \/>\n2- Niedob\u00f3r PO > Niedob\u00f3r Yin p\u0142uc > Wykorzenienie PO (choroba autoimmunologiczna) > Niedob\u00f3r Yin \u015bledziony\/trzustki > Puste ciep\u0142o > Ogie\u0144 \u017co\u0142\u0105dka > Niedob\u00f3r Yin nerek > Puste ciep\u0142o nerek > Niedob\u00f3r Qi nerek (wielomocz)  Niedob\u00f3r Yin \u015bledziony\/trzustki > Puste Ciep\u0142o > Ogie\u0144 \u017bo\u0142\u0105dka > Niedob\u00f3r Yin nerek > Puste Ciep\u0142o nerek > Niedob\u00f3r Qi nerek (wielomocz)<br \/>\n3- WBL > Wirus > Toksyny Wilgotnego Ciep\u0142a > Toksyny Ognia > Niedob\u00f3r Yin i Puste Ciep\u0142o > Ciep\u0142o Krwi > Przekrwienie > Krwawienie<\/p>\n","yn_product_tongue_body":"<p>Cienki, w\u0105ski, suchy, czerwony, p\u0119kni\u0119ty w Shao Yin lub w \u015brodku.<\/p>\n","yn_product_tongue_coating":"<p>Rzadkie, \u017c\u00f3\u0142tawe, suche<\/p>\n","yn_product_pulse_diagnostics":"<p>fu mai &#8211; powierzchowny, da mai &#8211; szeroki, duan mai &#8211; kr\u00f3tki, shuo mai &#8211; szybki, xu mai &#8211; pusty<\/p>\n","yn_product_indications":"<p>Niedob\u00f3r Lung Yin: Zwi\u0119kszone pragnienie zwi\u0105zane z nadmiernym spo\u017cyciem p\u0142yn\u00f3w poprzez picie, sucho\u015b\u0107 w ustach i gardle, niewielka ilo\u015b\u0107 \u015bliny, Ogie\u0144 \u017co\u0142\u0105dka: Zwi\u0119kszone spo\u017cycie pokarmu, utrata masy cia\u0142a, pragnienie, zaparcia, Niedob\u00f3r Kidney Yin: Zwi\u0119kszona potrzeba oddawania moczu, sucho\u015b\u0107 w gardle, b\u00f3l plec\u00f3w i kolan.<\/p>\n","yn_product_contra_indications":"<p>Niedob\u00f3r Qi\/Yang nerek i \u015bledziony > Yang Ming (\u017co\u0142\u0105dek i jelito grube) Wilgo\u0107 i zimno flegmy<\/p>\n","yn_product_pregnancy":"<p>Dozwolone<\/p>\n","yn_product_herbs":"<p>polygonati rhizoma &#8211; huang jing, ophiopogonis radix &#8211; mai men dong, gleniae radix &#8211; sha shen, dioscorea rhizoma &#8211; shan yao, trichosanthis radix &#8211; tian hua fen<\/p>\n","yn_product_magisterrecipes":"<p>Sha Shen Mai Men Dong Tang, Yu Nu Jian, Liu Wei Di Huang Tang, Zhi Bai Di Huang Wan, Sheng Mai San, Zheng Ye Tang<\/p>\n"},"yoast_head":"<!-- This site is optimized with the Yoast SEO plugin v24.9 - https:\/\/yoast.com\/wordpress\/plugins\/seo\/ -->\n<title>Sugar Blues 1 - Claude Diolosa<\/title>\n<meta name=\"robots\" content=\"index, follow, max-snippet:-1, max-image-preview:large, max-video-preview:-1\" \/>\n<link rel=\"canonical\" href=\"https:\/\/shop.diolosa.com\/pl\/product\/sugar-blues-1\/\" \/>\n<meta property=\"og:locale\" content=\"pl_PL\" \/>\n<meta property=\"og:type\" content=\"article\" \/>\n<meta property=\"og:title\" content=\"Sugar Blues 1 - Claude Diolosa\" \/>\n<meta property=\"og:description\" content=\"&nbsp; &nbsp; &nbsp;\" \/>\n<meta property=\"og:url\" content=\"https:\/\/shop.diolosa.com\/pl\/product\/sugar-blues-1\/\" \/>\n<meta property=\"og:site_name\" content=\"Claude Diolosa\" \/>\n<meta property=\"article:publisher\" content=\"https:\/\/facebook.com\/claudediolosa\" \/>\n<meta property=\"article:modified_time\" content=\"2025-05-06T13:55:40+00:00\" \/>\n<meta property=\"og:image\" content=\"https:\/\/shop.diolosa.com\/wp-content\/uploads\/2019\/09\/Presslinge-140.jpg\" \/>\n\t<meta property=\"og:image:width\" content=\"800\" \/>\n\t<meta property=\"og:image:height\" content=\"533\" \/>\n\t<meta property=\"og:image:type\" content=\"image\/jpeg\" \/>\n<meta name=\"twitter:card\" content=\"summary_large_image\" \/>\n<meta name=\"twitter:label1\" content=\"Szacowany czas czytania\" \/>\n\t<meta name=\"twitter:data1\" content=\"1 minuta\" \/>\n<script type=\"application\/ld+json\" class=\"yoast-schema-graph\">{\"@context\":\"https:\/\/schema.org\",\"@graph\":[{\"@type\":\"WebPage\",\"@id\":\"https:\/\/shop.diolosa.com\/pl\/product\/sugar-blues-1\/\",\"url\":\"https:\/\/shop.diolosa.com\/pl\/product\/sugar-blues-1\/\",\"name\":\"Sugar Blues 1 - Claude Diolosa\",\"isPartOf\":{\"@id\":\"https:\/\/shop.diolosa.com\/pl\/#website\"},\"primaryImageOfPage\":{\"@id\":\"https:\/\/shop.diolosa.com\/pl\/product\/sugar-blues-1\/#primaryimage\"},\"image\":{\"@id\":\"https:\/\/shop.diolosa.com\/pl\/product\/sugar-blues-1\/#primaryimage\"},\"thumbnailUrl\":\"https:\/\/shop.diolosa.com\/wp-content\/uploads\/2019\/09\/Presslinge-140.jpg\",\"datePublished\":\"2025-03-10T05:58:48+00:00\",\"dateModified\":\"2025-05-06T13:55:40+00:00\",\"breadcrumb\":{\"@id\":\"https:\/\/shop.diolosa.com\/pl\/product\/sugar-blues-1\/#breadcrumb\"},\"inLanguage\":\"pl-PL\",\"potentialAction\":[{\"@type\":\"ReadAction\",\"target\":[\"https:\/\/shop.diolosa.com\/pl\/product\/sugar-blues-1\/\"]}]},{\"@type\":\"ImageObject\",\"inLanguage\":\"pl-PL\",\"@id\":\"https:\/\/shop.diolosa.com\/pl\/product\/sugar-blues-1\/#primaryimage\",\"url\":\"https:\/\/shop.diolosa.com\/wp-content\/uploads\/2019\/09\/Presslinge-140.jpg\",\"contentUrl\":\"https:\/\/shop.diolosa.com\/wp-content\/uploads\/2019\/09\/Presslinge-140.jpg\",\"width\":800,\"height\":533},{\"@type\":\"BreadcrumbList\",\"@id\":\"https:\/\/shop.diolosa.com\/pl\/product\/sugar-blues-1\/#breadcrumb\",\"itemListElement\":[{\"@type\":\"ListItem\",\"position\":1,\"name\":\"Startseite\",\"item\":\"https:\/\/shop.diolosa.com\/pl\/?page_id=3835710\"},{\"@type\":\"ListItem\",\"position\":2,\"name\":\"Sklep\",\"item\":\"https:\/\/shop.diolosa.com\/pl\/?page_id=3835710\"},{\"@type\":\"ListItem\",\"position\":3,\"name\":\"Sugar Blues 1\"}]},{\"@type\":\"WebSite\",\"@id\":\"https:\/\/shop.diolosa.com\/pl\/#website\",\"url\":\"https:\/\/shop.diolosa.com\/pl\/\",\"name\":\"Claude Diolosa\",\"description\":\"\",\"publisher\":{\"@id\":\"https:\/\/shop.diolosa.com\/pl\/#organization\"},\"potentialAction\":[{\"@type\":\"SearchAction\",\"target\":{\"@type\":\"EntryPoint\",\"urlTemplate\":\"https:\/\/shop.diolosa.com\/pl\/?s={search_term_string}\"},\"query-input\":{\"@type\":\"PropertyValueSpecification\",\"valueRequired\":true,\"valueName\":\"search_term_string\"}}],\"inLanguage\":\"pl-PL\"},{\"@type\":\"Organization\",\"@id\":\"https:\/\/shop.diolosa.com\/pl\/#organization\",\"name\":\"Claude Diolosa\",\"url\":\"https:\/\/shop.diolosa.com\/pl\/\",\"logo\":{\"@type\":\"ImageObject\",\"inLanguage\":\"pl-PL\",\"@id\":\"https:\/\/shop.diolosa.com\/pl\/#\/schema\/logo\/image\/\",\"url\":\"https:\/\/shop.diolosa.com\/wp-content\/uploads\/2019\/08\/diolosa-drop-logo-new.png\",\"contentUrl\":\"https:\/\/shop.diolosa.com\/wp-content\/uploads\/2019\/08\/diolosa-drop-logo-new.png\",\"width\":134,\"height\":176,\"caption\":\"Claude Diolosa\"},\"image\":{\"@id\":\"https:\/\/shop.diolosa.com\/pl\/#\/schema\/logo\/image\/\"},\"sameAs\":[\"https:\/\/facebook.com\/claudediolosa\",\"https:\/\/www.instagram.com\/diolosaclaude108\/\"]}]}<\/script>\n<!-- \/ Yoast SEO plugin. -->","yoast_head_json":{"title":"Sugar Blues 1 - Claude Diolosa","robots":{"index":"index","follow":"follow","max-snippet":"max-snippet:-1","max-image-preview":"max-image-preview:large","max-video-preview":"max-video-preview:-1"},"canonical":"https:\/\/shop.diolosa.com\/pl\/product\/sugar-blues-1\/","og_locale":"pl_PL","og_type":"article","og_title":"Sugar Blues 1 - Claude Diolosa","og_description":"&nbsp; &nbsp; &nbsp;","og_url":"https:\/\/shop.diolosa.com\/pl\/product\/sugar-blues-1\/","og_site_name":"Claude Diolosa","article_publisher":"https:\/\/facebook.com\/claudediolosa","article_modified_time":"2025-05-06T13:55:40+00:00","og_image":[{"width":800,"height":533,"url":"https:\/\/shop.diolosa.com\/wp-content\/uploads\/2019\/09\/Presslinge-140.jpg","type":"image\/jpeg"}],"twitter_card":"summary_large_image","twitter_misc":{"Szacowany czas czytania":"1 minuta"},"schema":{"@context":"https:\/\/schema.org","@graph":[{"@type":"WebPage","@id":"https:\/\/shop.diolosa.com\/pl\/product\/sugar-blues-1\/","url":"https:\/\/shop.diolosa.com\/pl\/product\/sugar-blues-1\/","name":"Sugar Blues 1 - Claude Diolosa","isPartOf":{"@id":"https:\/\/shop.diolosa.com\/pl\/#website"},"primaryImageOfPage":{"@id":"https:\/\/shop.diolosa.com\/pl\/product\/sugar-blues-1\/#primaryimage"},"image":{"@id":"https:\/\/shop.diolosa.com\/pl\/product\/sugar-blues-1\/#primaryimage"},"thumbnailUrl":"https:\/\/shop.diolosa.com\/wp-content\/uploads\/2019\/09\/Presslinge-140.jpg","datePublished":"2025-03-10T05:58:48+00:00","dateModified":"2025-05-06T13:55:40+00:00","breadcrumb":{"@id":"https:\/\/shop.diolosa.com\/pl\/product\/sugar-blues-1\/#breadcrumb"},"inLanguage":"pl-PL","potentialAction":[{"@type":"ReadAction","target":["https:\/\/shop.diolosa.com\/pl\/product\/sugar-blues-1\/"]}]},{"@type":"ImageObject","inLanguage":"pl-PL","@id":"https:\/\/shop.diolosa.com\/pl\/product\/sugar-blues-1\/#primaryimage","url":"https:\/\/shop.diolosa.com\/wp-content\/uploads\/2019\/09\/Presslinge-140.jpg","contentUrl":"https:\/\/shop.diolosa.com\/wp-content\/uploads\/2019\/09\/Presslinge-140.jpg","width":800,"height":533},{"@type":"BreadcrumbList","@id":"https:\/\/shop.diolosa.com\/pl\/product\/sugar-blues-1\/#breadcrumb","itemListElement":[{"@type":"ListItem","position":1,"name":"Startseite","item":"https:\/\/shop.diolosa.com\/pl\/?page_id=3835710"},{"@type":"ListItem","position":2,"name":"Sklep","item":"https:\/\/shop.diolosa.com\/pl\/?page_id=3835710"},{"@type":"ListItem","position":3,"name":"Sugar Blues 1"}]},{"@type":"WebSite","@id":"https:\/\/shop.diolosa.com\/pl\/#website","url":"https:\/\/shop.diolosa.com\/pl\/","name":"Claude Diolosa","description":"","publisher":{"@id":"https:\/\/shop.diolosa.com\/pl\/#organization"},"potentialAction":[{"@type":"SearchAction","target":{"@type":"EntryPoint","urlTemplate":"https:\/\/shop.diolosa.com\/pl\/?s={search_term_string}"},"query-input":{"@type":"PropertyValueSpecification","valueRequired":true,"valueName":"search_term_string"}}],"inLanguage":"pl-PL"},{"@type":"Organization","@id":"https:\/\/shop.diolosa.com\/pl\/#organization","name":"Claude Diolosa","url":"https:\/\/shop.diolosa.com\/pl\/","logo":{"@type":"ImageObject","inLanguage":"pl-PL","@id":"https:\/\/shop.diolosa.com\/pl\/#\/schema\/logo\/image\/","url":"https:\/\/shop.diolosa.com\/wp-content\/uploads\/2019\/08\/diolosa-drop-logo-new.png","contentUrl":"https:\/\/shop.diolosa.com\/wp-content\/uploads\/2019\/08\/diolosa-drop-logo-new.png","width":134,"height":176,"caption":"Claude Diolosa"},"image":{"@id":"https:\/\/shop.diolosa.com\/pl\/#\/schema\/logo\/image\/"},"sameAs":["https:\/\/facebook.com\/claudediolosa","https:\/\/www.instagram.com\/diolosaclaude108\/"]}]}},"_links":{"self":[{"href":"https:\/\/shop.diolosa.com\/pl\/wp-json\/wp\/v2\/product\/3841371","targetHints":{"allow":["GET"]}}],"collection":[{"href":"https:\/\/shop.diolosa.com\/pl\/wp-json\/wp\/v2\/product"}],"about":[{"href":"https:\/\/shop.diolosa.com\/pl\/wp-json\/wp\/v2\/types\/product"}],"wp:featuredmedia":[{"embeddable":true,"href":"https:\/\/shop.diolosa.com\/pl\/wp-json\/wp\/v2\/media\/3835943"}],"wp:attachment":[{"href":"https:\/\/shop.diolosa.com\/pl\/wp-json\/wp\/v2\/media?parent=3841371"}],"wp:term":[{"taxonomy":"product_brand","embeddable":true,"href":"https:\/\/shop.diolosa.com\/pl\/wp-json\/wp\/v2\/product_brand?post=3841371"},{"taxonomy":"product_cat","embeddable":true,"href":"https:\/\/shop.diolosa.com\/pl\/wp-json\/wp\/v2\/product_cat?post=3841371"},{"taxonomy":"product_tag","embeddable":true,"href":"https:\/\/shop.diolosa.com\/pl\/wp-json\/wp\/v2\/product_tag?post=3841371"}],"curies":[{"name":"wp","href":"https:\/\/api.w.org\/{rel}","templated":true}]}}