{"id":3841373,"date":"2019-09-04T12:10:54","date_gmt":"2025-03-10T05:58:49","guid":{"rendered":"https:\/\/shop.diolosa.com\/product\/bezdroza\/"},"modified":"2025-05-06T14:53:54","modified_gmt":"2025-05-06T13:53:54","slug":"bezdroza","status":"publish","type":"product","link":"https:\/\/shop.diolosa.com\/pl\/product\/bezdroza\/","title":{"rendered":"Bezdro\u017ca"},"content":{"rendered":"<p>PATHLESS PATH jest stosowany w leczeniu ostrego zapalenia uchy\u0142k\u00f3w. Ten cenny preparat usuwa z\u0142ogi, stymuluje pasa\u017c jelitowy, od\u017cywia Yin jelita grubego bez tworzenia wewn\u0119trznej wilgoci lub flegmy, usuwa Puste Ciep\u0142o i toksyny, rozpuszcza zast\u00f3j krwi i Qi oraz zapobiega krwotokom jelitowym.<\/p>\n","protected":false},"excerpt":{"rendered":"<p>PATHLESS PATH jest stosowany w leczeniu ostrego zapalenia uchy\u0142k\u00f3w. Ten  [&#8230;]<\/p>\n","protected":false},"featured_media":3835943,"template":"","meta":{"_acf_changed":false},"product_brand":[],"product_cat":[11867],"product_tag":[12442],"class_list":{"0":"post-3841373","1":"product","2":"type-product","3":"status-publish","4":"has-post-thumbnail","6":"product_cat-gastroenterologia","7":"product_tag-zapalenie-uchylkow","9":"first","10":"instock","11":"taxable","12":"shipping-taxable","13":"purchasable","14":"product-type-simple"},"acf":{"yn_product_audio":"https:\/\/shop.diolosa.com\/wp-content\/uploads\/2019\/09\/DL_1106.mp3","yn_product_akupunktur":"<p>Ostre zaparcia<br \/>\nsan chiao 6 &#8211; zhi gou (jing) &#8211; xie fa<br \/>\njelito grube 4 &#8211; he gu (yuan) &#8211; xie fa<br \/>\njelito grube 11 &#8211; qu chi &#8211; gui tui (he &#8211; gui) &#8211; xie fa<br \/>\n\u017co\u0142\u0105dek 25 &#8211; tian shu (mo &#8211; jelito grube) &#8211; xie fa<br \/>\n\u017co\u0142\u0105dek 37 &#8211; shang ju xu (xia he xue &#8211; jelito grube, jezioro krwi, chong mai) &#8211; xie fa<\/p>\n<p>Krwawienie<br \/>\np\u0119cherz 40 &#8211; wei zhong (he, xia he xue &#8211; p\u0119cherz, xi krwi, jing bie ni\/bl) &#8211; xie fa<br \/>\np\u0119cherz 57 &#8211; cheng shan (ma da yang) &#8211; xie fa  <\/p>\n<p>Ciep\u0142o i toksyny w jelicie grubym<br \/>\nlan wei xue-MA-SC3-Appendix &#8211; xie fa<br \/>\n\u017co\u0142\u0105dek 37 &#8211; shang ju xu (xia he xue &#8211; jelito grube, jezioro krwi, chong mai) &#8211; xie fa<br \/>\n\u017co\u0142\u0105dek 39 &#8211; xia ju xu (xia he xue &#8211; jelito cienkie, jezioro krwi, chong mai) &#8211; xie fa  <\/p>\n<p>Jelito grube Wilgo\u0107 Ciep\u0142o<br \/>\n\u015bledziona 9 &#8211; yin ling quan (he) &#8211; xie fa<br \/>\n\u017co\u0142\u0105dek 44 &#8211; nei ting (ying) &#8211; xie fa<br \/>\n\u017co\u0142\u0105dek 40 &#8211; feng long (luo) &#8211; xie fa<br \/>\njelito grube 11 &#8211; qu chi &#8211; gui tui (he &#8211; gui) &#8211; xie fa<\/p>\n<p>Defekacja niestrawionym pokarmem<br \/>\nren mai 21 &#8211; xuan ji &#8211; xie fa<br \/>\nmagen 21 &#8211; liang men &#8211; xie fa  <\/p>\n<p>Gor\u0105czka<br \/>\n\u017co\u0142\u0105dek 44 &#8211; nei ting (ying) &#8211; xie fa<br \/>\njelito grube 11 &#8211; qu chi &#8211; gui tui (he &#8211; gui) &#8211; xie fa<br \/>\nsan chiao 6 &#8211; zhi gou (jing) &#8211; xie fa  <\/p>\n<p>Niedob\u00f3r Yin w nerkach<br \/>\nnerki 3 &#8211; tai xi (shu,yuan) &#8211; bu fa<br \/>\nnerki 7 &#8211; fu liu (jing) &#8211; bu fa<br \/>\n\u015bledziona 6 &#8211; san yin jiao (le,ni,mb) &#8211; bu fa<br \/>\nren mai 4 &#8211; guan yuan (mo>jelito cienkie, w\u0105troba, nerki, \u015bledziona) &#8211; bu fa<\/p>\n","yn_product_verabreichungsart":"Pelety 140szt.","yn_product_dosierung":"<p>4 x 6 do 10 tabletek dziennie, zawsze przed posi\u0142kami<\/p>\n","yn_product_combinations":"<p>SOFT RELEASE (przewlek\u0142e zaparcia), GOOD EARTH (flora jelitowa), OPEN SPACE (zapalenie \u017co\u0142\u0105dka), COOL RELIEF TEETH and TABLETS (hemoroidy), CLEARING THE HEAT (niedob\u00f3r Yin i puste ciep\u0142o), YIN ROOT, SAN BAO TEE (niedob\u00f3r Yin).<\/p>\n","yn_product_avoidable":"<p>Produkty mleczne, owoce cytrusowe, sma\u017cone i t\u0142uste potrawy, owoce morza, jagni\u0119cina, dr\u00f3b, czosnek, cebula, por, szczypiorek, koper, pieprz, imbir, go\u017adziki, ga\u0142ka muszkato\u0142owa, alkohol.<\/p>\n","yn_product_tcm_mindmapping":"<p>Niedob\u00f3r Qi \u015bledziony i niedob\u00f3r Yin nerek (podesz\u0142y wiek) > Ciep\u0142o i wilgotno\u015b\u0107 jelita grubego, z przewag\u0105 ciep\u0142a > Zast\u00f3j Qi i krwi w jelicie grubym > Toksyny > Ciep\u0142o krwi > Krwawienie > Niebezpiecze\u0144stwo Zhong Liu<\/p>\n","yn_product_tongue_body":"<p>Szerokie, grube, pop\u0119kane, czerwone i plamiste, wystaj\u0105ce brodawki u nasady j\u0119zyka.<\/p>\n","yn_product_tongue_coating":"<p>\u017b\u00f3\u0142tawy, lekko suchy i lepki u nasady j\u0119zyka<\/p>\n","yn_product_pulse_diagnostics":"<p>Pozycja jelita grubego: xian mai &#8211; napi\u0119te, shi mai &#8211; pe\u0142ne, shuo mai &#8211; szybkie, se mai &#8211; szorstkie, hua mai &#8211; przesuwaj\u0105ce si\u0119<br \/>\nPozycja nerek: chen mai &#8211; g\u0142\u0119bokie, xi mai &#8211; cienkie, shuo mai &#8211; szybkie, se mai &#8211; szorstkie, xian mai &#8211; napi\u0119te<\/p>\n","yn_product_indications":"<p>Zapalenie uchy\u0142k\u00f3w, b\u00f3l, zwykle w lewej dolnej cz\u0119\u015bci brzucha, gor\u0105czka, wzd\u0119cia i zmieniony lub nieregularny rytm wypr\u00f3\u017cnie\u0144, krew w stolcu.<\/p>\n","yn_product_contra_indications":"<p>Formu\u0142a ta nie powinna by\u0107 stosowana w przypadku zapalenia uchy\u0142k\u00f3w spowodowanego niedoborem Yang i zimnem wewn\u0119trznym.<\/p>\n","yn_product_pregnancy":"<p>Przeciwwskazane<\/p>\n","yn_product_herbs":"<p>polygoni multiflori &#8211; sheng he shou wu, moutan cortex &#8211; mu dan pi, sanguisorbae radix &#8211; di yu, meliae toosendan fructus &#8211; chuan lian zi, persicae semen &#8211; tao ren, glycyrrhizae uralensis radix &#8211; gan cao, angelicae sinensis radix &#8211; dang gui<\/p>\n","yn_product_magisterrecipes":"<p>Si Miao San, Wen Dan Tang, Bao He Wan, Shao Yao Tang, Bai Tou Weng Tang, Huang Lian Jie Du Dan, Yi Yi Fu Zi Bai Jiang Tang, Bu Zhong Yi Qi Tang<\/p>\n","yn_product_video":"https:\/\/shop.diolosa.com\/wp-content\/uploads\/2025\/06\/Pathless-Path-.mp4"},"yoast_head":"<!-- This site is optimized with the Yoast SEO plugin v24.9 - https:\/\/yoast.com\/wordpress\/plugins\/seo\/ -->\n<title>Bezdro\u017ca - Claude Diolosa<\/title>\n<meta name=\"robots\" content=\"index, follow, max-snippet:-1, max-image-preview:large, max-video-preview:-1\" \/>\n<link rel=\"canonical\" href=\"https:\/\/shop.diolosa.com\/pl\/product\/bezdroza\/\" \/>\n<meta property=\"og:locale\" content=\"pl_PL\" \/>\n<meta property=\"og:type\" content=\"article\" \/>\n<meta property=\"og:title\" content=\"Bezdro\u017ca - Claude Diolosa\" \/>\n<meta property=\"og:description\" content=\"PATHLESS PATH jest stosowany w leczeniu ostrego zapalenia uchy\u0142k\u00f3w. Ten [...]\" \/>\n<meta property=\"og:url\" content=\"https:\/\/shop.diolosa.com\/pl\/product\/bezdroza\/\" \/>\n<meta property=\"og:site_name\" content=\"Claude Diolosa\" \/>\n<meta property=\"article:publisher\" content=\"https:\/\/facebook.com\/claudediolosa\" \/>\n<meta property=\"article:modified_time\" content=\"2025-05-06T13:53:54+00:00\" \/>\n<meta property=\"og:image\" content=\"https:\/\/shop.diolosa.com\/wp-content\/uploads\/2019\/09\/Presslinge-140.jpg\" \/>\n\t<meta property=\"og:image:width\" content=\"800\" \/>\n\t<meta property=\"og:image:height\" content=\"533\" \/>\n\t<meta property=\"og:image:type\" content=\"image\/jpeg\" \/>\n<meta name=\"twitter:card\" content=\"summary_large_image\" \/>\n<script type=\"application\/ld+json\" class=\"yoast-schema-graph\">{\"@context\":\"https:\/\/schema.org\",\"@graph\":[{\"@type\":\"WebPage\",\"@id\":\"https:\/\/shop.diolosa.com\/pl\/product\/bezdroza\/\",\"url\":\"https:\/\/shop.diolosa.com\/pl\/product\/bezdroza\/\",\"name\":\"Bezdro\u017ca - Claude Diolosa\",\"isPartOf\":{\"@id\":\"https:\/\/shop.diolosa.com\/pl\/#website\"},\"primaryImageOfPage\":{\"@id\":\"https:\/\/shop.diolosa.com\/pl\/product\/bezdroza\/#primaryimage\"},\"image\":{\"@id\":\"https:\/\/shop.diolosa.com\/pl\/product\/bezdroza\/#primaryimage\"},\"thumbnailUrl\":\"https:\/\/shop.diolosa.com\/wp-content\/uploads\/2019\/09\/Presslinge-140.jpg\",\"datePublished\":\"2025-03-10T05:58:49+00:00\",\"dateModified\":\"2025-05-06T13:53:54+00:00\",\"breadcrumb\":{\"@id\":\"https:\/\/shop.diolosa.com\/pl\/product\/bezdroza\/#breadcrumb\"},\"inLanguage\":\"pl-PL\",\"potentialAction\":[{\"@type\":\"ReadAction\",\"target\":[\"https:\/\/shop.diolosa.com\/pl\/product\/bezdroza\/\"]}]},{\"@type\":\"ImageObject\",\"inLanguage\":\"pl-PL\",\"@id\":\"https:\/\/shop.diolosa.com\/pl\/product\/bezdroza\/#primaryimage\",\"url\":\"https:\/\/shop.diolosa.com\/wp-content\/uploads\/2019\/09\/Presslinge-140.jpg\",\"contentUrl\":\"https:\/\/shop.diolosa.com\/wp-content\/uploads\/2019\/09\/Presslinge-140.jpg\",\"width\":800,\"height\":533},{\"@type\":\"BreadcrumbList\",\"@id\":\"https:\/\/shop.diolosa.com\/pl\/product\/bezdroza\/#breadcrumb\",\"itemListElement\":[{\"@type\":\"ListItem\",\"position\":1,\"name\":\"Startseite\",\"item\":\"https:\/\/shop.diolosa.com\/pl\/?page_id=3835710\"},{\"@type\":\"ListItem\",\"position\":2,\"name\":\"Sklep\",\"item\":\"https:\/\/shop.diolosa.com\/pl\/?page_id=3835710\"},{\"@type\":\"ListItem\",\"position\":3,\"name\":\"Bezdro\u017ca\"}]},{\"@type\":\"WebSite\",\"@id\":\"https:\/\/shop.diolosa.com\/pl\/#website\",\"url\":\"https:\/\/shop.diolosa.com\/pl\/\",\"name\":\"Claude Diolosa\",\"description\":\"\",\"publisher\":{\"@id\":\"https:\/\/shop.diolosa.com\/pl\/#organization\"},\"potentialAction\":[{\"@type\":\"SearchAction\",\"target\":{\"@type\":\"EntryPoint\",\"urlTemplate\":\"https:\/\/shop.diolosa.com\/pl\/?s={search_term_string}\"},\"query-input\":{\"@type\":\"PropertyValueSpecification\",\"valueRequired\":true,\"valueName\":\"search_term_string\"}}],\"inLanguage\":\"pl-PL\"},{\"@type\":\"Organization\",\"@id\":\"https:\/\/shop.diolosa.com\/pl\/#organization\",\"name\":\"Claude Diolosa\",\"url\":\"https:\/\/shop.diolosa.com\/pl\/\",\"logo\":{\"@type\":\"ImageObject\",\"inLanguage\":\"pl-PL\",\"@id\":\"https:\/\/shop.diolosa.com\/pl\/#\/schema\/logo\/image\/\",\"url\":\"https:\/\/shop.diolosa.com\/wp-content\/uploads\/2019\/08\/diolosa-drop-logo-new.png\",\"contentUrl\":\"https:\/\/shop.diolosa.com\/wp-content\/uploads\/2019\/08\/diolosa-drop-logo-new.png\",\"width\":134,\"height\":176,\"caption\":\"Claude Diolosa\"},\"image\":{\"@id\":\"https:\/\/shop.diolosa.com\/pl\/#\/schema\/logo\/image\/\"},\"sameAs\":[\"https:\/\/facebook.com\/claudediolosa\",\"https:\/\/www.instagram.com\/diolosaclaude108\/\"]}]}<\/script>\n<!-- \/ Yoast SEO plugin. -->","yoast_head_json":{"title":"Bezdro\u017ca - Claude Diolosa","robots":{"index":"index","follow":"follow","max-snippet":"max-snippet:-1","max-image-preview":"max-image-preview:large","max-video-preview":"max-video-preview:-1"},"canonical":"https:\/\/shop.diolosa.com\/pl\/product\/bezdroza\/","og_locale":"pl_PL","og_type":"article","og_title":"Bezdro\u017ca - Claude Diolosa","og_description":"PATHLESS PATH jest stosowany w leczeniu ostrego zapalenia uchy\u0142k\u00f3w. Ten [...]","og_url":"https:\/\/shop.diolosa.com\/pl\/product\/bezdroza\/","og_site_name":"Claude Diolosa","article_publisher":"https:\/\/facebook.com\/claudediolosa","article_modified_time":"2025-05-06T13:53:54+00:00","og_image":[{"width":800,"height":533,"url":"https:\/\/shop.diolosa.com\/wp-content\/uploads\/2019\/09\/Presslinge-140.jpg","type":"image\/jpeg"}],"twitter_card":"summary_large_image","schema":{"@context":"https:\/\/schema.org","@graph":[{"@type":"WebPage","@id":"https:\/\/shop.diolosa.com\/pl\/product\/bezdroza\/","url":"https:\/\/shop.diolosa.com\/pl\/product\/bezdroza\/","name":"Bezdro\u017ca - Claude Diolosa","isPartOf":{"@id":"https:\/\/shop.diolosa.com\/pl\/#website"},"primaryImageOfPage":{"@id":"https:\/\/shop.diolosa.com\/pl\/product\/bezdroza\/#primaryimage"},"image":{"@id":"https:\/\/shop.diolosa.com\/pl\/product\/bezdroza\/#primaryimage"},"thumbnailUrl":"https:\/\/shop.diolosa.com\/wp-content\/uploads\/2019\/09\/Presslinge-140.jpg","datePublished":"2025-03-10T05:58:49+00:00","dateModified":"2025-05-06T13:53:54+00:00","breadcrumb":{"@id":"https:\/\/shop.diolosa.com\/pl\/product\/bezdroza\/#breadcrumb"},"inLanguage":"pl-PL","potentialAction":[{"@type":"ReadAction","target":["https:\/\/shop.diolosa.com\/pl\/product\/bezdroza\/"]}]},{"@type":"ImageObject","inLanguage":"pl-PL","@id":"https:\/\/shop.diolosa.com\/pl\/product\/bezdroza\/#primaryimage","url":"https:\/\/shop.diolosa.com\/wp-content\/uploads\/2019\/09\/Presslinge-140.jpg","contentUrl":"https:\/\/shop.diolosa.com\/wp-content\/uploads\/2019\/09\/Presslinge-140.jpg","width":800,"height":533},{"@type":"BreadcrumbList","@id":"https:\/\/shop.diolosa.com\/pl\/product\/bezdroza\/#breadcrumb","itemListElement":[{"@type":"ListItem","position":1,"name":"Startseite","item":"https:\/\/shop.diolosa.com\/pl\/?page_id=3835710"},{"@type":"ListItem","position":2,"name":"Sklep","item":"https:\/\/shop.diolosa.com\/pl\/?page_id=3835710"},{"@type":"ListItem","position":3,"name":"Bezdro\u017ca"}]},{"@type":"WebSite","@id":"https:\/\/shop.diolosa.com\/pl\/#website","url":"https:\/\/shop.diolosa.com\/pl\/","name":"Claude Diolosa","description":"","publisher":{"@id":"https:\/\/shop.diolosa.com\/pl\/#organization"},"potentialAction":[{"@type":"SearchAction","target":{"@type":"EntryPoint","urlTemplate":"https:\/\/shop.diolosa.com\/pl\/?s={search_term_string}"},"query-input":{"@type":"PropertyValueSpecification","valueRequired":true,"valueName":"search_term_string"}}],"inLanguage":"pl-PL"},{"@type":"Organization","@id":"https:\/\/shop.diolosa.com\/pl\/#organization","name":"Claude Diolosa","url":"https:\/\/shop.diolosa.com\/pl\/","logo":{"@type":"ImageObject","inLanguage":"pl-PL","@id":"https:\/\/shop.diolosa.com\/pl\/#\/schema\/logo\/image\/","url":"https:\/\/shop.diolosa.com\/wp-content\/uploads\/2019\/08\/diolosa-drop-logo-new.png","contentUrl":"https:\/\/shop.diolosa.com\/wp-content\/uploads\/2019\/08\/diolosa-drop-logo-new.png","width":134,"height":176,"caption":"Claude Diolosa"},"image":{"@id":"https:\/\/shop.diolosa.com\/pl\/#\/schema\/logo\/image\/"},"sameAs":["https:\/\/facebook.com\/claudediolosa","https:\/\/www.instagram.com\/diolosaclaude108\/"]}]}},"_links":{"self":[{"href":"https:\/\/shop.diolosa.com\/pl\/wp-json\/wp\/v2\/product\/3841373","targetHints":{"allow":["GET"]}}],"collection":[{"href":"https:\/\/shop.diolosa.com\/pl\/wp-json\/wp\/v2\/product"}],"about":[{"href":"https:\/\/shop.diolosa.com\/pl\/wp-json\/wp\/v2\/types\/product"}],"wp:featuredmedia":[{"embeddable":true,"href":"https:\/\/shop.diolosa.com\/pl\/wp-json\/wp\/v2\/media\/3835943"}],"wp:attachment":[{"href":"https:\/\/shop.diolosa.com\/pl\/wp-json\/wp\/v2\/media?parent=3841373"}],"wp:term":[{"taxonomy":"product_brand","embeddable":true,"href":"https:\/\/shop.diolosa.com\/pl\/wp-json\/wp\/v2\/product_brand?post=3841373"},{"taxonomy":"product_cat","embeddable":true,"href":"https:\/\/shop.diolosa.com\/pl\/wp-json\/wp\/v2\/product_cat?post=3841373"},{"taxonomy":"product_tag","embeddable":true,"href":"https:\/\/shop.diolosa.com\/pl\/wp-json\/wp\/v2\/product_tag?post=3841373"}],"curies":[{"name":"wp","href":"https:\/\/api.w.org\/{rel}","templated":true}]}}