{"id":3841379,"date":"2019-09-04T12:10:38","date_gmt":"2025-03-10T05:58:51","guid":{"rendered":"https:\/\/shop.diolosa.com\/product\/ksiezycowa-twarz\/"},"modified":"2025-05-06T14:55:41","modified_gmt":"2025-05-06T13:55:41","slug":"ksiezycowa-twarz","status":"publish","type":"product","link":"https:\/\/shop.diolosa.com\/pl\/product\/ksiezycowa-twarz\/","title":{"rendered":"Ksi\u0119\u017cycowa twarz"},"content":{"rendered":"<p>MOON FACE jest stosowany w leczeniu zespo\u0142u Cushinga. Preparat ten neutralizuje skutki uboczne ACTH lub kortykoid\u00f3w, od\u017cywia Yin, usuwa puste ciep\u0142o i ciep\u0142o krwi, rozpuszcza zast\u00f3j krwi, obni\u017ca Yang w\u0105troby (nadci\u015bnienie) i kontroluje poziom cukru we krwi.<\/p>\n","protected":false},"excerpt":{"rendered":"<p>MOON FACE jest stosowany w leczeniu zespo\u0142u Cushinga. Preparat ten  [&#8230;]<\/p>\n","protected":false},"featured_media":3835943,"template":"","meta":{"_acf_changed":false},"product_brand":[],"product_cat":[11910],"product_tag":[12446],"class_list":{"0":"post-3841379","1":"product","2":"type-product","3":"status-publish","4":"has-post-thumbnail","6":"product_cat-choroby-autoimmunologiczne","7":"product_tag-zespol-cushinga","9":"first","10":"instock","11":"taxable","12":"shipping-taxable","13":"purchasable","14":"product-type-simple"},"acf":{"yn_product_audio":"https:\/\/shop.diolosa.com\/wp-content\/uploads\/2019\/09\/DL_1107.mp3","yn_product_video":"https:\/\/shop.diolosa.com\/wp-content\/uploads\/2025\/03\/Moon-Face.mp4","yn_product_akupunktur":"<p>Wype\u0142nij yin<br \/>\nnerka 7 &#8211; fu liu (jing) &#8211; bu fa<br \/>\nnerka 3 &#8211; tai xi (shu,yuan) &#8211; bu fa<br \/>\nnerka 6 &#8211; zhao hai (yin qiao mai) &#8211; bu fa<br \/>\n\u015bledziona 6 &#8211; san yin jiao (le,ni,mb) &#8211; bu fa<br \/>\nw\u0105troba 8 &#8211; qu quan (he) &#8211; bu fa<br \/>\nnerka 10 &#8211; yin gu (he) &#8211; bu fa<br \/>\np\u0119cherz 47 &#8211; hun men (hun) &#8211; bu fa<br \/>\np\u0119cherz 42 &#8211; po hu (po) &#8211; bu fa  <\/p>\n<p>\u015aledziona Yin tonizuje<br \/>\n\u015bledziona 6 &#8211; san yin jiao (le,ni,mb) &#8211; bu fa<br \/>\n\u015bledziona 9 &#8211; yin ling quan (he) &#8211; bu fa<br \/>\n\u015bledziona 3 &#8211; tai bai (yuan) &#8211; bu fa  <\/p>\n<p>Tonizuje p\u0142uca yin<br \/>\np\u0142uca 5 &#8211; chi ze (he) &#8211; bu fa<br \/>\np\u0142uca 9 &#8211; tai yuan &#8211; gui xin (shu, yuan, ba hui xue, gui) &#8211; bu fa  <\/p>\n<p>Nadci\u015bnienie<br \/>\ndu mai 20 &#8211; bai hui &#8211; bai lao (jezioro szpiku kostnego, p\u0119cherz moczowy) &#8211; xie fa<br \/>\nsi shen cong &#8211; M-HN-1 (m\u00f3zg, cns) &#8211; xie fa<br \/>\nworeczek \u017c\u00f3\u0142ciowy 20 &#8211; feng chi (san chiao, yang wei mai) &#8211; xie fa<br \/>\njelito grube 4 &#8211; he gu (yuan) &#8211; xie fa<br \/>\ntaiyang &#8211; M-HN-9 &#8211; xie fa<br \/>\nsan chiao 5 &#8211; wai guan (yang wei mai, luo) &#8211; xie fa  <\/p>\n<p>Cukrzyca<br \/>\nokr\u0119\u017cnica 11 &#8211; qu chi &#8211; gui tui (he &#8211; gui) &#8211; xie fa<br \/>\n\u017co\u0142\u0105dek 40 &#8211; feng long (luo) &#8211; xie fa<br \/>\n\u015bledziona 3 &#8211; tai bai (yuan) &#8211; bu fa<br \/>\nwei guan xia shu &#8211; M-BW-12 (trzustka. xiao ke,xiao ke) &#8211; bu fa<br \/>\np\u0119cherz 43 &#8211; gao huang shu (qi,xue,jinye,yin,yang) &#8211; bu fa<br \/>\n\u017co\u0142\u0105dek 44 &#8211; nei ting (ying) &#8211; xie fa<\/p>\n","yn_product_verabreichungsart":"Pelety 140szt.","yn_product_dosierung":"<p>3 x 6 do 10 granulek dziennie<\/p>\n","yn_product_combinations":"<p>SUGAR BLUES 1 (cukrzyca typu 1) i 2 (cukrzyca typu 2), CLEARING THE HEAT (niedob\u00f3r yin, puste ciep\u0142o), BLACK TURTLE (skutki uboczne kortyzonu), WEIGHT BALANCE HEAT (oty\u0142o\u015b\u0107), BLACK STONES (kamienie nerkowe), FINDING BALANCE (depresja maniakalna), EASY FLOW HEAT (bolesne miesi\u0105czkowanie).<\/p>\n","yn_product_avoidable":"<p>Czosnek, por, cebula, koperek, szczypiorek, dymka, pieprz, ga\u0142ka muszkato\u0142owa, chili, tabasco, jagni\u0119cina, dr\u00f3b, owoce morza, sma\u017cone i t\u0142uste potrawy, alkohol, cukier, s\u0142odycze, mi\u00f3d, fruktoza, czekolada, ser.<\/p>\n","yn_product_tcm_mindmapping":"<p>ACTH lub kortykoidy lub niedob\u00f3r Yin nerek i puste ciep\u0142o > razem z niedoborem Qi \u015bledziony > mokre ciep\u0142o > zast\u00f3j Qi i krwi > od\u0142\u0105czenie Yang<\/p>\n","yn_product_tongue_body":"<p>Szerokie, grube, pop\u0119kane w Shao Yin, ciemnoczerwone, plamiste, dr\u017c\u0105ce, wystaj\u0105ce brodawki, mog\u0105 by\u0107 r\u00f3wnie\u017c krzywe i suche.<\/p>\n","yn_product_tongue_coating":"<p>\u017b\u00f3\u0142tawy, suchy, rzadki<\/p>\n","yn_product_pulse_diagnostics":"<p>G\u00f3rna pozycja cieplejsza: fu mai &#8211; powierzchowny, xian mai &#8211; napi\u0119ty, xi mai &#8211; cienki, xu mai &#8211; pusty, shuo mai &#8211; szybki, se mai &#8211; szorstki<\/p>\n","yn_product_indications":"<p>Zesp\u00f3\u0142 Cushinga, &#8222;twarz w pe\u0142ni ksi\u0119\u017cyca&#8221; (okr\u0105g\u0142a i zaczerwieniona), przyrost masy cia\u0142a z powodu oty\u0142o\u015bci tu\u0142owia, &#8222;byczy kark&#8221; spowodowany nagromadzeniem t\u0142uszczu mi\u0119dzy ramionami, stan metaboliczny podobny do cukrzycy z pragnieniem i cz\u0119stym oddawaniem moczu, podwy\u017cszone ci\u015bnienie krwi, zw\u0142aszcza nadci\u015bnienie t\u0119tnicze, hipogonadyzm i zmniejszona potencja u m\u0119\u017cczyzn, zaburzenia cyklu miesi\u0105czkowego u kobiet, zwi\u0119kszona tendencja do z\u0142ama\u0144 ko\u015bci z powodu utraty ko\u015bci (patrz osteoporoza), powstawanie rozst\u0119p\u00f3w tkanek w wyniku zaniku sk\u00f3ry, tzw. rozst\u0119py sk\u00f3rne, os\u0142abienie mi\u0119\u015bni, w tym os\u0142abienie mi\u0119\u015bnia sercowego i zanik mi\u0119\u015bni, tr\u0105dzik i hirsutyzm, zatrzymywanie wody w tkankach (obrz\u0119ki), tworzenie si\u0119 kamieni nerkowych, b\u00f3le plec\u00f3w, zwi\u0119kszona podatno\u015b\u0107 na infekcje i powolne gojenie si\u0119 ran, op\u00f3\u017anienie wzrostu i oty\u0142o\u015b\u0107 u dzieci, sporadyczne zmiany psychologiczne, takie jak napady l\u0119ku lub psychozy.<\/p>\n","yn_product_contra_indications":"<p>Niedob\u00f3r Yang Nerek > Wilgo\u0107 i Zimno Flegmy > Zast\u00f3j Qi i Krwi w Shao Yang, Tai Yang i Yang Ming<\/p>\n","yn_product_pregnancy":"<p>Dozwolone<\/p>\n","yn_product_herbs":"<p>trichosanthis radix &#8211; tian hua fen, scrophulariae ningpoensis radix &#8211; xuan shen, puerariae lobatae radix &#8211; ge gen, sclerotium poriae cocos rubrae &#8211; chi fu ling, cassiae torae semen &#8211; jue ming zi, crataegus fructus &#8211; shan zha, alismati rhizoma &#8211; ze xie<\/p>\n","yn_product_magisterrecipes":"<p>Huang Lian Wen Dan Tang, Zhi Bai Di Huang Wan, Tian Ma Gou Teng Yin, Er Ke Tang<\/p>\n"},"yoast_head":"<!-- This site is optimized with the Yoast SEO plugin v24.9 - https:\/\/yoast.com\/wordpress\/plugins\/seo\/ -->\n<title>Ksi\u0119\u017cycowa twarz - Claude Diolosa<\/title>\n<meta name=\"robots\" content=\"index, follow, max-snippet:-1, max-image-preview:large, max-video-preview:-1\" \/>\n<link rel=\"canonical\" href=\"https:\/\/shop.diolosa.com\/pl\/product\/ksiezycowa-twarz\/\" \/>\n<meta property=\"og:locale\" content=\"pl_PL\" \/>\n<meta property=\"og:type\" content=\"article\" \/>\n<meta property=\"og:title\" content=\"Ksi\u0119\u017cycowa twarz - Claude Diolosa\" \/>\n<meta property=\"og:description\" content=\"MOON FACE jest stosowany w leczeniu zespo\u0142u Cushinga. Preparat ten [...]\" \/>\n<meta property=\"og:url\" content=\"https:\/\/shop.diolosa.com\/pl\/product\/ksiezycowa-twarz\/\" \/>\n<meta property=\"og:site_name\" content=\"Claude Diolosa\" \/>\n<meta property=\"article:publisher\" content=\"https:\/\/facebook.com\/claudediolosa\" \/>\n<meta property=\"article:modified_time\" content=\"2025-05-06T13:55:41+00:00\" \/>\n<meta property=\"og:image\" content=\"https:\/\/shop.diolosa.com\/wp-content\/uploads\/2019\/09\/Presslinge-140.jpg\" \/>\n\t<meta property=\"og:image:width\" content=\"800\" \/>\n\t<meta property=\"og:image:height\" content=\"533\" \/>\n\t<meta property=\"og:image:type\" content=\"image\/jpeg\" \/>\n<meta name=\"twitter:card\" content=\"summary_large_image\" \/>\n<script type=\"application\/ld+json\" class=\"yoast-schema-graph\">{\"@context\":\"https:\/\/schema.org\",\"@graph\":[{\"@type\":\"WebPage\",\"@id\":\"https:\/\/shop.diolosa.com\/pl\/product\/ksiezycowa-twarz\/\",\"url\":\"https:\/\/shop.diolosa.com\/pl\/product\/ksiezycowa-twarz\/\",\"name\":\"Ksi\u0119\u017cycowa twarz - Claude Diolosa\",\"isPartOf\":{\"@id\":\"https:\/\/shop.diolosa.com\/pl\/#website\"},\"primaryImageOfPage\":{\"@id\":\"https:\/\/shop.diolosa.com\/pl\/product\/ksiezycowa-twarz\/#primaryimage\"},\"image\":{\"@id\":\"https:\/\/shop.diolosa.com\/pl\/product\/ksiezycowa-twarz\/#primaryimage\"},\"thumbnailUrl\":\"https:\/\/shop.diolosa.com\/wp-content\/uploads\/2019\/09\/Presslinge-140.jpg\",\"datePublished\":\"2025-03-10T05:58:51+00:00\",\"dateModified\":\"2025-05-06T13:55:41+00:00\",\"breadcrumb\":{\"@id\":\"https:\/\/shop.diolosa.com\/pl\/product\/ksiezycowa-twarz\/#breadcrumb\"},\"inLanguage\":\"pl-PL\",\"potentialAction\":[{\"@type\":\"ReadAction\",\"target\":[\"https:\/\/shop.diolosa.com\/pl\/product\/ksiezycowa-twarz\/\"]}]},{\"@type\":\"ImageObject\",\"inLanguage\":\"pl-PL\",\"@id\":\"https:\/\/shop.diolosa.com\/pl\/product\/ksiezycowa-twarz\/#primaryimage\",\"url\":\"https:\/\/shop.diolosa.com\/wp-content\/uploads\/2019\/09\/Presslinge-140.jpg\",\"contentUrl\":\"https:\/\/shop.diolosa.com\/wp-content\/uploads\/2019\/09\/Presslinge-140.jpg\",\"width\":800,\"height\":533},{\"@type\":\"BreadcrumbList\",\"@id\":\"https:\/\/shop.diolosa.com\/pl\/product\/ksiezycowa-twarz\/#breadcrumb\",\"itemListElement\":[{\"@type\":\"ListItem\",\"position\":1,\"name\":\"Startseite\",\"item\":\"https:\/\/shop.diolosa.com\/pl\/?page_id=3835710\"},{\"@type\":\"ListItem\",\"position\":2,\"name\":\"Sklep\",\"item\":\"https:\/\/shop.diolosa.com\/pl\/?page_id=3835710\"},{\"@type\":\"ListItem\",\"position\":3,\"name\":\"Ksi\u0119\u017cycowa twarz\"}]},{\"@type\":\"WebSite\",\"@id\":\"https:\/\/shop.diolosa.com\/pl\/#website\",\"url\":\"https:\/\/shop.diolosa.com\/pl\/\",\"name\":\"Claude Diolosa\",\"description\":\"\",\"publisher\":{\"@id\":\"https:\/\/shop.diolosa.com\/pl\/#organization\"},\"potentialAction\":[{\"@type\":\"SearchAction\",\"target\":{\"@type\":\"EntryPoint\",\"urlTemplate\":\"https:\/\/shop.diolosa.com\/pl\/?s={search_term_string}\"},\"query-input\":{\"@type\":\"PropertyValueSpecification\",\"valueRequired\":true,\"valueName\":\"search_term_string\"}}],\"inLanguage\":\"pl-PL\"},{\"@type\":\"Organization\",\"@id\":\"https:\/\/shop.diolosa.com\/pl\/#organization\",\"name\":\"Claude Diolosa\",\"url\":\"https:\/\/shop.diolosa.com\/pl\/\",\"logo\":{\"@type\":\"ImageObject\",\"inLanguage\":\"pl-PL\",\"@id\":\"https:\/\/shop.diolosa.com\/pl\/#\/schema\/logo\/image\/\",\"url\":\"https:\/\/shop.diolosa.com\/wp-content\/uploads\/2019\/08\/diolosa-drop-logo-new.png\",\"contentUrl\":\"https:\/\/shop.diolosa.com\/wp-content\/uploads\/2019\/08\/diolosa-drop-logo-new.png\",\"width\":134,\"height\":176,\"caption\":\"Claude Diolosa\"},\"image\":{\"@id\":\"https:\/\/shop.diolosa.com\/pl\/#\/schema\/logo\/image\/\"},\"sameAs\":[\"https:\/\/facebook.com\/claudediolosa\",\"https:\/\/www.instagram.com\/diolosaclaude108\/\"]}]}<\/script>\n<!-- \/ Yoast SEO plugin. -->","yoast_head_json":{"title":"Ksi\u0119\u017cycowa twarz - Claude Diolosa","robots":{"index":"index","follow":"follow","max-snippet":"max-snippet:-1","max-image-preview":"max-image-preview:large","max-video-preview":"max-video-preview:-1"},"canonical":"https:\/\/shop.diolosa.com\/pl\/product\/ksiezycowa-twarz\/","og_locale":"pl_PL","og_type":"article","og_title":"Ksi\u0119\u017cycowa twarz - Claude Diolosa","og_description":"MOON FACE jest stosowany w leczeniu zespo\u0142u Cushinga. Preparat ten [...]","og_url":"https:\/\/shop.diolosa.com\/pl\/product\/ksiezycowa-twarz\/","og_site_name":"Claude Diolosa","article_publisher":"https:\/\/facebook.com\/claudediolosa","article_modified_time":"2025-05-06T13:55:41+00:00","og_image":[{"width":800,"height":533,"url":"https:\/\/shop.diolosa.com\/wp-content\/uploads\/2019\/09\/Presslinge-140.jpg","type":"image\/jpeg"}],"twitter_card":"summary_large_image","schema":{"@context":"https:\/\/schema.org","@graph":[{"@type":"WebPage","@id":"https:\/\/shop.diolosa.com\/pl\/product\/ksiezycowa-twarz\/","url":"https:\/\/shop.diolosa.com\/pl\/product\/ksiezycowa-twarz\/","name":"Ksi\u0119\u017cycowa twarz - Claude Diolosa","isPartOf":{"@id":"https:\/\/shop.diolosa.com\/pl\/#website"},"primaryImageOfPage":{"@id":"https:\/\/shop.diolosa.com\/pl\/product\/ksiezycowa-twarz\/#primaryimage"},"image":{"@id":"https:\/\/shop.diolosa.com\/pl\/product\/ksiezycowa-twarz\/#primaryimage"},"thumbnailUrl":"https:\/\/shop.diolosa.com\/wp-content\/uploads\/2019\/09\/Presslinge-140.jpg","datePublished":"2025-03-10T05:58:51+00:00","dateModified":"2025-05-06T13:55:41+00:00","breadcrumb":{"@id":"https:\/\/shop.diolosa.com\/pl\/product\/ksiezycowa-twarz\/#breadcrumb"},"inLanguage":"pl-PL","potentialAction":[{"@type":"ReadAction","target":["https:\/\/shop.diolosa.com\/pl\/product\/ksiezycowa-twarz\/"]}]},{"@type":"ImageObject","inLanguage":"pl-PL","@id":"https:\/\/shop.diolosa.com\/pl\/product\/ksiezycowa-twarz\/#primaryimage","url":"https:\/\/shop.diolosa.com\/wp-content\/uploads\/2019\/09\/Presslinge-140.jpg","contentUrl":"https:\/\/shop.diolosa.com\/wp-content\/uploads\/2019\/09\/Presslinge-140.jpg","width":800,"height":533},{"@type":"BreadcrumbList","@id":"https:\/\/shop.diolosa.com\/pl\/product\/ksiezycowa-twarz\/#breadcrumb","itemListElement":[{"@type":"ListItem","position":1,"name":"Startseite","item":"https:\/\/shop.diolosa.com\/pl\/?page_id=3835710"},{"@type":"ListItem","position":2,"name":"Sklep","item":"https:\/\/shop.diolosa.com\/pl\/?page_id=3835710"},{"@type":"ListItem","position":3,"name":"Ksi\u0119\u017cycowa twarz"}]},{"@type":"WebSite","@id":"https:\/\/shop.diolosa.com\/pl\/#website","url":"https:\/\/shop.diolosa.com\/pl\/","name":"Claude Diolosa","description":"","publisher":{"@id":"https:\/\/shop.diolosa.com\/pl\/#organization"},"potentialAction":[{"@type":"SearchAction","target":{"@type":"EntryPoint","urlTemplate":"https:\/\/shop.diolosa.com\/pl\/?s={search_term_string}"},"query-input":{"@type":"PropertyValueSpecification","valueRequired":true,"valueName":"search_term_string"}}],"inLanguage":"pl-PL"},{"@type":"Organization","@id":"https:\/\/shop.diolosa.com\/pl\/#organization","name":"Claude Diolosa","url":"https:\/\/shop.diolosa.com\/pl\/","logo":{"@type":"ImageObject","inLanguage":"pl-PL","@id":"https:\/\/shop.diolosa.com\/pl\/#\/schema\/logo\/image\/","url":"https:\/\/shop.diolosa.com\/wp-content\/uploads\/2019\/08\/diolosa-drop-logo-new.png","contentUrl":"https:\/\/shop.diolosa.com\/wp-content\/uploads\/2019\/08\/diolosa-drop-logo-new.png","width":134,"height":176,"caption":"Claude Diolosa"},"image":{"@id":"https:\/\/shop.diolosa.com\/pl\/#\/schema\/logo\/image\/"},"sameAs":["https:\/\/facebook.com\/claudediolosa","https:\/\/www.instagram.com\/diolosaclaude108\/"]}]}},"_links":{"self":[{"href":"https:\/\/shop.diolosa.com\/pl\/wp-json\/wp\/v2\/product\/3841379","targetHints":{"allow":["GET"]}}],"collection":[{"href":"https:\/\/shop.diolosa.com\/pl\/wp-json\/wp\/v2\/product"}],"about":[{"href":"https:\/\/shop.diolosa.com\/pl\/wp-json\/wp\/v2\/types\/product"}],"wp:featuredmedia":[{"embeddable":true,"href":"https:\/\/shop.diolosa.com\/pl\/wp-json\/wp\/v2\/media\/3835943"}],"wp:attachment":[{"href":"https:\/\/shop.diolosa.com\/pl\/wp-json\/wp\/v2\/media?parent=3841379"}],"wp:term":[{"taxonomy":"product_brand","embeddable":true,"href":"https:\/\/shop.diolosa.com\/pl\/wp-json\/wp\/v2\/product_brand?post=3841379"},{"taxonomy":"product_cat","embeddable":true,"href":"https:\/\/shop.diolosa.com\/pl\/wp-json\/wp\/v2\/product_cat?post=3841379"},{"taxonomy":"product_tag","embeddable":true,"href":"https:\/\/shop.diolosa.com\/pl\/wp-json\/wp\/v2\/product_tag?post=3841379"}],"curies":[{"name":"wp","href":"https:\/\/api.w.org\/{rel}","templated":true}]}}