{"id":3841382,"date":"2019-09-04T12:10:38","date_gmt":"2025-03-10T05:58:52","guid":{"rendered":"https:\/\/shop.diolosa.com\/product\/spokojne-chwile\/"},"modified":"2025-05-06T14:55:42","modified_gmt":"2025-05-06T13:55:42","slug":"spokojne-chwile","status":"publish","type":"product","link":"https:\/\/shop.diolosa.com\/pl\/product\/spokojne-chwile\/","title":{"rendered":"Spokojne chwile"},"content":{"rendered":"<p>PEACEFUL MOMENTS jest stosowany w leczeniu wrzodziej\u0105cego zapalenia jelita grubego. Preparat ten tonizuje Qi \u015bledziony, przekszta\u0142ca ciep\u0142o wilgoci i usuwa toksyny poprzez pasa\u017c jelitowy i diurez\u0119. PEACEFUL MOMENTS ma r\u00f3wnie\u017c dzia\u0142anie przeciwkrwotoczne, zapobiega zatorom krwi i Qi w okr\u0119\u017cnicy oraz \u0142agodzi b\u00f3l.<\/p>\n","protected":false},"excerpt":{"rendered":"<p>PEACEFUL MOMENTS jest stosowany w leczeniu wrzodziej\u0105cego zapalenia jelita grubego.  [&#8230;]<\/p>\n","protected":false},"featured_media":3835943,"template":"","meta":{"_acf_changed":false},"product_brand":[],"product_cat":[11867],"product_tag":[12449],"class_list":{"0":"post-3841382","1":"product","2":"type-product","3":"status-publish","4":"has-post-thumbnail","6":"product_cat-gastroenterologia","7":"product_tag-wrzodziejace-zapalenie-jelita-grubego-wilgotne-cieplo","9":"first","10":"instock","11":"taxable","12":"shipping-taxable","13":"purchasable","14":"product-type-simple"},"acf":{"yn_product_audio":"https:\/\/shop.diolosa.com\/wp-content\/uploads\/2018\/12\/DL_0346.mp3","yn_product_akupunktur":"<p>Tonizuje \u015bledzion\u0119<br \/>\np\u0119cherz 20 &#8211; pi shu &#8211; bu fa<br \/>\n\u015bledziona 3 &#8211; tai bai (shu, yuan) &#8211; bu fa  <\/p>\n<p>Oczy\u015b\u0107 kana\u0142y serca<br \/>\n\u017co\u0142\u0105dek 40 &#8211; feng long (luo) &#8211; xie fa<br \/>\n\u017co\u0142\u0105dek 6 &#8211; jia che &#8211; gui chuan (gui) &#8211; xie fa<br \/>\n\u017co\u0142\u0105dek 39 &#8211; xia ju xu (xia he xue &#8211; jelito cienkie, jezioro krwi, chong mai) &#8211; xie fa<br \/>\nkr\u0105\u017cenie 6 &#8211; nei guan (luo, yin wei mai) &#8211; xie fa<br \/>\nsi shen cong &#8211; M-HN-1 (m\u00f3zg, cns) &#8211; xie fa  <\/p>\n<p>Yang Ming odprowadza ciep\u0142o wilgoci<br \/>\nbubble 25 &#8211; da chang shu &#8211; xie fa<br \/>\ndwukropek 11 &#8211; qu chi (he &#8211; gui) &#8211; xie fa<br \/>\ndwukropek 4 &#8211; he gu (yuan) &#8211; xie fa<br \/>\ndwukropek 2 &#8211; er jian (ying) &#8211; xie fa<br \/>\n\u017co\u0142\u0105dek 45 &#8211; li dui (jing) &#8211; xie fa<br \/>\n\u017co\u0142\u0105dek 25 &#8211; tian shu (mo>colon) &#8211; xie fa<br \/>\n\u017co\u0142\u0105dek 21 &#8211; liang men &#8211; xie fa<br \/>\nlan wei xue &#8211; M-LE-13 (yang ming) &#8211; xie fa<br \/>\n\u017co\u0142\u0105dek 37 &#8211; shang ju xu (xia he xue) &#8211; xie fa<br \/>\nbubble 25 &#8211; da chang shu &#8211; xie fa<br \/>\n\u015bledziona 6 &#8211; san yin jiao (le,ni,mb) &#8211; xie fa<br \/>\ncykl 6 &#8211; nei guan (luo, yin wei mai) &#8211; xie fa  <\/p>\n<p>Rozpu\u015bci\u0107 zast\u00f3j Qi w Yang Ming<br \/>\nw\u0105troba 13 &#8211; zhang men (mo, ba hui xue) &#8211; xie fa<br \/>\nren mai 12 &#8211; zhong wan (mo>\u017co\u0142\u0105dek, ba hui xue, jelito cienkie, san chiao, \u017co\u0142\u0105dek) &#8211; xie fa<br \/>\n\u017co\u0142\u0105dek 25 &#8211; tian shu (mo &#8211; jelito grube) &#8211; xie fa<br \/>\njelito grube 4 &#8211; he gu (yuan) &#8211; xie fa  <\/p>\n<p>Ciep\u0142o czystej krwi<br \/>\n\u015bledziona 10 &#8211; xue hai (jezioro krwi) &#8211; xie fa  <\/p>\n<p>Stymulacja diurezy<br \/>\np\u0119cherz 39 &#8211; wei yang (xia he xue &#8211; san chiao) &#8211; xie fa<br \/>\nren mai 9 &#8211; shui fen (jelito cienkie) &#8211; xie fa<br \/>\n\u017co\u0142\u0105dek 28 &#8211; shui dao (macica, prostata, p\u0119cherz) &#8211; xie fa  <\/p>\n<p>Uzupe\u0142nienie yin nerki<br \/>\nnerka 7 &#8211; fu liu (jing) &#8211; bu fa<br \/>\nnerka 3 &#8211; tai xi (shu, yuan) &#8211; bu fa<br \/>\np\u0119cherz 23 &#8211; shen shu &#8211; bu fa<\/p>\n","yn_product_verabreichungsart":"Pelety 140szt.","yn_product_dosierung":"<p>Przyjmowa\u0107 3 x 6 do 10 tabletek dziennie, zawsze przed posi\u0142kami.<\/p>\n","yn_product_combinations":"<p>OTWIERANIE BRAMY (mokre ciep\u0142o Yang Ming), PI\u0118\u0106 ZI\u00d3\u0141 (mokre ciep\u0142o i toksyny), SZCZ\u0118\u015aLIWE U\u015aPIENIE (mokre ciep\u0142o biegunki), ZAUFANIE (wrz\u00f3d \u017co\u0142\u0105dka), ODKRYWANIE PRAWDY (choroba Le\u015bniowskiego-Crohna), OTWARTA PRZESTRZE\u0143 (zapalenie b\u0142ony \u015bluzowej \u017co\u0142\u0105dka), BEZDRO\u017bNA DROGA (zapalenie uchy\u0142k\u00f3w jelita grubego), \u015aWI\u0104TYNIA SPOKOJU (wrz\u00f3d dwunastnicy), BRAMKA RATUNKOWA (krwawienie)<\/p>\n","yn_product_avoidable":"<p>Mi\u0119so, t\u0142uszcz, ostre przyprawy, czosnek, cebula, por, szczypiorek, papryka, alkohol, frytki, kie\u0142basa, szynka, wieprzowina, jagni\u0119cina, owoce morza, chili, ocet<\/p>\n","yn_product_tcm_mindmapping":"<p>Pierwotna wilgo\u0107 Toksyny cieplne w Yang Ming > Zast\u00f3j Qi > Ciep\u0142o krwi > Zast\u00f3j krwi > Krwawienie<\/p>\n","yn_product_tongue_body":"<p>Szeroki, wilgotny i czerwony<\/p>\n","yn_product_tongue_coating":"<p>Korze\u0144 j\u0119zyka: \u017c\u00f3\u0142tawy, t\u0142usty, lepki, brodawki s\u0105 czerwone i wystaj\u0105ce.<\/p>\n","yn_product_pulse_diagnostics":"<p>Pozycja \u017co\u0142\u0105dka i jelita grubego: xian mai &#8211; napi\u0119ta, hua mai &#8211; przesuwaj\u0105ca si\u0119, shi mai &#8211; pe\u0142na, shuo mai &#8211; szybka.<\/p>\n","yn_product_indications":"<p>G\u0142\u00f3wnym objawem wrzodziej\u0105cego zapalenia jelita grubego jest krwawa, \u015bluzowata biegunka, kt\u00f3ra wyst\u0119puje niezale\u017cnie od diety, a tak\u017ce w nocy i cz\u0119sto jest bardzo niepokoj\u0105ca. Biegunce towarzyszy parcie na mocz. W zale\u017cno\u015bci od stopnia zaawansowania choroby obserwuje si\u0119 gor\u0105czk\u0119 i podwy\u017cszone parametry stanu zapalnego. Czasami wrzodziej\u0105cemu zapaleniu jelita grubego towarzyszy kolkowy b\u00f3l brzucha. Wrzodziej\u0105cemu zapaleniu jelita grubego cz\u0119sto towarzyszy utrata masy cia\u0142a.    <\/p>\n","yn_product_contra_indications":"<p>Niedob\u00f3r Qi \u015bledziony, nerek i Yang z mokrym zimnem Yang Ming<\/p>\n","yn_product_pregnancy":"<p>Dozwolone<\/p>\n","yn_product_herbs":"<p>coicis semen &#8211; yi yi ren, sclerotium poriae cocos albae &#8211; bai fu ling, dolichoris lablabl semen &#8211; bai bian dou, puerariae lobatae radix &#8211; ge gen<\/p>\n","yn_product_magisterrecipes":"<p>Ge Gen Qing Lian Tang, Bai Tou Wen Tang, San Ren Tang, Tong Xie Yao Fang<\/p>\n","yn_product_video":"https:\/\/shop.diolosa.com\/wp-content\/uploads\/2024\/10\/Peaceful-Moments.mp4"},"yoast_head":"<!-- This site is optimized with the Yoast SEO plugin v24.9 - https:\/\/yoast.com\/wordpress\/plugins\/seo\/ -->\n<title>Spokojne chwile - Claude Diolosa<\/title>\n<meta name=\"robots\" content=\"index, follow, max-snippet:-1, max-image-preview:large, max-video-preview:-1\" \/>\n<link rel=\"canonical\" href=\"https:\/\/shop.diolosa.com\/pl\/product\/spokojne-chwile\/\" \/>\n<meta property=\"og:locale\" content=\"pl_PL\" \/>\n<meta property=\"og:type\" content=\"article\" \/>\n<meta property=\"og:title\" content=\"Spokojne chwile - Claude Diolosa\" \/>\n<meta property=\"og:description\" content=\"PEACEFUL MOMENTS jest stosowany w leczeniu wrzodziej\u0105cego zapalenia jelita grubego. [...]\" \/>\n<meta property=\"og:url\" content=\"https:\/\/shop.diolosa.com\/pl\/product\/spokojne-chwile\/\" \/>\n<meta property=\"og:site_name\" content=\"Claude Diolosa\" \/>\n<meta property=\"article:publisher\" content=\"https:\/\/facebook.com\/claudediolosa\" \/>\n<meta property=\"article:modified_time\" content=\"2025-05-06T13:55:42+00:00\" \/>\n<meta property=\"og:image\" content=\"https:\/\/shop.diolosa.com\/wp-content\/uploads\/2019\/09\/Presslinge-140.jpg\" \/>\n\t<meta property=\"og:image:width\" content=\"800\" \/>\n\t<meta property=\"og:image:height\" content=\"533\" \/>\n\t<meta property=\"og:image:type\" content=\"image\/jpeg\" \/>\n<meta name=\"twitter:card\" content=\"summary_large_image\" \/>\n<script type=\"application\/ld+json\" class=\"yoast-schema-graph\">{\"@context\":\"https:\/\/schema.org\",\"@graph\":[{\"@type\":\"WebPage\",\"@id\":\"https:\/\/shop.diolosa.com\/pl\/product\/spokojne-chwile\/\",\"url\":\"https:\/\/shop.diolosa.com\/pl\/product\/spokojne-chwile\/\",\"name\":\"Spokojne chwile - Claude Diolosa\",\"isPartOf\":{\"@id\":\"https:\/\/shop.diolosa.com\/pl\/#website\"},\"primaryImageOfPage\":{\"@id\":\"https:\/\/shop.diolosa.com\/pl\/product\/spokojne-chwile\/#primaryimage\"},\"image\":{\"@id\":\"https:\/\/shop.diolosa.com\/pl\/product\/spokojne-chwile\/#primaryimage\"},\"thumbnailUrl\":\"https:\/\/shop.diolosa.com\/wp-content\/uploads\/2019\/09\/Presslinge-140.jpg\",\"datePublished\":\"2025-03-10T05:58:52+00:00\",\"dateModified\":\"2025-05-06T13:55:42+00:00\",\"breadcrumb\":{\"@id\":\"https:\/\/shop.diolosa.com\/pl\/product\/spokojne-chwile\/#breadcrumb\"},\"inLanguage\":\"pl-PL\",\"potentialAction\":[{\"@type\":\"ReadAction\",\"target\":[\"https:\/\/shop.diolosa.com\/pl\/product\/spokojne-chwile\/\"]}]},{\"@type\":\"ImageObject\",\"inLanguage\":\"pl-PL\",\"@id\":\"https:\/\/shop.diolosa.com\/pl\/product\/spokojne-chwile\/#primaryimage\",\"url\":\"https:\/\/shop.diolosa.com\/wp-content\/uploads\/2019\/09\/Presslinge-140.jpg\",\"contentUrl\":\"https:\/\/shop.diolosa.com\/wp-content\/uploads\/2019\/09\/Presslinge-140.jpg\",\"width\":800,\"height\":533},{\"@type\":\"BreadcrumbList\",\"@id\":\"https:\/\/shop.diolosa.com\/pl\/product\/spokojne-chwile\/#breadcrumb\",\"itemListElement\":[{\"@type\":\"ListItem\",\"position\":1,\"name\":\"Startseite\",\"item\":\"https:\/\/shop.diolosa.com\/pl\/?page_id=3835710\"},{\"@type\":\"ListItem\",\"position\":2,\"name\":\"Sklep\",\"item\":\"https:\/\/shop.diolosa.com\/pl\/?page_id=3835710\"},{\"@type\":\"ListItem\",\"position\":3,\"name\":\"Spokojne chwile\"}]},{\"@type\":\"WebSite\",\"@id\":\"https:\/\/shop.diolosa.com\/pl\/#website\",\"url\":\"https:\/\/shop.diolosa.com\/pl\/\",\"name\":\"Claude Diolosa\",\"description\":\"\",\"publisher\":{\"@id\":\"https:\/\/shop.diolosa.com\/pl\/#organization\"},\"potentialAction\":[{\"@type\":\"SearchAction\",\"target\":{\"@type\":\"EntryPoint\",\"urlTemplate\":\"https:\/\/shop.diolosa.com\/pl\/?s={search_term_string}\"},\"query-input\":{\"@type\":\"PropertyValueSpecification\",\"valueRequired\":true,\"valueName\":\"search_term_string\"}}],\"inLanguage\":\"pl-PL\"},{\"@type\":\"Organization\",\"@id\":\"https:\/\/shop.diolosa.com\/pl\/#organization\",\"name\":\"Claude Diolosa\",\"url\":\"https:\/\/shop.diolosa.com\/pl\/\",\"logo\":{\"@type\":\"ImageObject\",\"inLanguage\":\"pl-PL\",\"@id\":\"https:\/\/shop.diolosa.com\/pl\/#\/schema\/logo\/image\/\",\"url\":\"https:\/\/shop.diolosa.com\/wp-content\/uploads\/2019\/08\/diolosa-drop-logo-new.png\",\"contentUrl\":\"https:\/\/shop.diolosa.com\/wp-content\/uploads\/2019\/08\/diolosa-drop-logo-new.png\",\"width\":134,\"height\":176,\"caption\":\"Claude Diolosa\"},\"image\":{\"@id\":\"https:\/\/shop.diolosa.com\/pl\/#\/schema\/logo\/image\/\"},\"sameAs\":[\"https:\/\/facebook.com\/claudediolosa\",\"https:\/\/www.instagram.com\/diolosaclaude108\/\"]}]}<\/script>\n<!-- \/ Yoast SEO plugin. -->","yoast_head_json":{"title":"Spokojne chwile - Claude Diolosa","robots":{"index":"index","follow":"follow","max-snippet":"max-snippet:-1","max-image-preview":"max-image-preview:large","max-video-preview":"max-video-preview:-1"},"canonical":"https:\/\/shop.diolosa.com\/pl\/product\/spokojne-chwile\/","og_locale":"pl_PL","og_type":"article","og_title":"Spokojne chwile - Claude Diolosa","og_description":"PEACEFUL MOMENTS jest stosowany w leczeniu wrzodziej\u0105cego zapalenia jelita grubego. [...]","og_url":"https:\/\/shop.diolosa.com\/pl\/product\/spokojne-chwile\/","og_site_name":"Claude Diolosa","article_publisher":"https:\/\/facebook.com\/claudediolosa","article_modified_time":"2025-05-06T13:55:42+00:00","og_image":[{"width":800,"height":533,"url":"https:\/\/shop.diolosa.com\/wp-content\/uploads\/2019\/09\/Presslinge-140.jpg","type":"image\/jpeg"}],"twitter_card":"summary_large_image","schema":{"@context":"https:\/\/schema.org","@graph":[{"@type":"WebPage","@id":"https:\/\/shop.diolosa.com\/pl\/product\/spokojne-chwile\/","url":"https:\/\/shop.diolosa.com\/pl\/product\/spokojne-chwile\/","name":"Spokojne chwile - Claude Diolosa","isPartOf":{"@id":"https:\/\/shop.diolosa.com\/pl\/#website"},"primaryImageOfPage":{"@id":"https:\/\/shop.diolosa.com\/pl\/product\/spokojne-chwile\/#primaryimage"},"image":{"@id":"https:\/\/shop.diolosa.com\/pl\/product\/spokojne-chwile\/#primaryimage"},"thumbnailUrl":"https:\/\/shop.diolosa.com\/wp-content\/uploads\/2019\/09\/Presslinge-140.jpg","datePublished":"2025-03-10T05:58:52+00:00","dateModified":"2025-05-06T13:55:42+00:00","breadcrumb":{"@id":"https:\/\/shop.diolosa.com\/pl\/product\/spokojne-chwile\/#breadcrumb"},"inLanguage":"pl-PL","potentialAction":[{"@type":"ReadAction","target":["https:\/\/shop.diolosa.com\/pl\/product\/spokojne-chwile\/"]}]},{"@type":"ImageObject","inLanguage":"pl-PL","@id":"https:\/\/shop.diolosa.com\/pl\/product\/spokojne-chwile\/#primaryimage","url":"https:\/\/shop.diolosa.com\/wp-content\/uploads\/2019\/09\/Presslinge-140.jpg","contentUrl":"https:\/\/shop.diolosa.com\/wp-content\/uploads\/2019\/09\/Presslinge-140.jpg","width":800,"height":533},{"@type":"BreadcrumbList","@id":"https:\/\/shop.diolosa.com\/pl\/product\/spokojne-chwile\/#breadcrumb","itemListElement":[{"@type":"ListItem","position":1,"name":"Startseite","item":"https:\/\/shop.diolosa.com\/pl\/?page_id=3835710"},{"@type":"ListItem","position":2,"name":"Sklep","item":"https:\/\/shop.diolosa.com\/pl\/?page_id=3835710"},{"@type":"ListItem","position":3,"name":"Spokojne chwile"}]},{"@type":"WebSite","@id":"https:\/\/shop.diolosa.com\/pl\/#website","url":"https:\/\/shop.diolosa.com\/pl\/","name":"Claude Diolosa","description":"","publisher":{"@id":"https:\/\/shop.diolosa.com\/pl\/#organization"},"potentialAction":[{"@type":"SearchAction","target":{"@type":"EntryPoint","urlTemplate":"https:\/\/shop.diolosa.com\/pl\/?s={search_term_string}"},"query-input":{"@type":"PropertyValueSpecification","valueRequired":true,"valueName":"search_term_string"}}],"inLanguage":"pl-PL"},{"@type":"Organization","@id":"https:\/\/shop.diolosa.com\/pl\/#organization","name":"Claude Diolosa","url":"https:\/\/shop.diolosa.com\/pl\/","logo":{"@type":"ImageObject","inLanguage":"pl-PL","@id":"https:\/\/shop.diolosa.com\/pl\/#\/schema\/logo\/image\/","url":"https:\/\/shop.diolosa.com\/wp-content\/uploads\/2019\/08\/diolosa-drop-logo-new.png","contentUrl":"https:\/\/shop.diolosa.com\/wp-content\/uploads\/2019\/08\/diolosa-drop-logo-new.png","width":134,"height":176,"caption":"Claude Diolosa"},"image":{"@id":"https:\/\/shop.diolosa.com\/pl\/#\/schema\/logo\/image\/"},"sameAs":["https:\/\/facebook.com\/claudediolosa","https:\/\/www.instagram.com\/diolosaclaude108\/"]}]}},"_links":{"self":[{"href":"https:\/\/shop.diolosa.com\/pl\/wp-json\/wp\/v2\/product\/3841382","targetHints":{"allow":["GET"]}}],"collection":[{"href":"https:\/\/shop.diolosa.com\/pl\/wp-json\/wp\/v2\/product"}],"about":[{"href":"https:\/\/shop.diolosa.com\/pl\/wp-json\/wp\/v2\/types\/product"}],"wp:featuredmedia":[{"embeddable":true,"href":"https:\/\/shop.diolosa.com\/pl\/wp-json\/wp\/v2\/media\/3835943"}],"wp:attachment":[{"href":"https:\/\/shop.diolosa.com\/pl\/wp-json\/wp\/v2\/media?parent=3841382"}],"wp:term":[{"taxonomy":"product_brand","embeddable":true,"href":"https:\/\/shop.diolosa.com\/pl\/wp-json\/wp\/v2\/product_brand?post=3841382"},{"taxonomy":"product_cat","embeddable":true,"href":"https:\/\/shop.diolosa.com\/pl\/wp-json\/wp\/v2\/product_cat?post=3841382"},{"taxonomy":"product_tag","embeddable":true,"href":"https:\/\/shop.diolosa.com\/pl\/wp-json\/wp\/v2\/product_tag?post=3841382"}],"curies":[{"name":"wp","href":"https:\/\/api.w.org\/{rel}","templated":true}]}}