{"id":3841384,"date":"2019-09-04T12:10:38","date_gmt":"2025-03-10T05:58:53","guid":{"rendered":"https:\/\/shop.diolosa.com\/product\/dobra-ziemia\/"},"modified":"2025-05-06T15:18:13","modified_gmt":"2025-05-06T14:18:13","slug":"dobra-ziemia","status":"publish","type":"product","link":"https:\/\/shop.diolosa.com\/pl\/product\/dobra-ziemia\/","title":{"rendered":"Dobra Ziemia"},"content":{"rendered":"<p>GOOD EARTH jest stosowany w przypadku p\u00f3\u017anych skutk\u00f3w antybiotykoterapii lub alergii, biegunki i niedoboru odporno\u015bci. Preparat ten tonizuje Qi \u015bledziony, przekszta\u0142ca Wewn\u0119trzn\u0105 Mokro\u015b\u0107, stymuluje wch\u0142anianie pokarmu, regeneruje flor\u0119 jelitow\u0105, tonizuje uk\u0142ad odporno\u015bciowy, \u0142agodzi biegunk\u0119 i stymuluje poporodowe \u017ar\u00f3d\u0142o JING. <\/p>\n<p>Program oczyszczania jelit TCM koncentruje si\u0119 przede wszystkim na wilgotnym cieple, toksynach ognia, stagnacji \u017cywno\u015bci, z\u0142ogach opalenizny i zastoju krwi. Po leczeniu antybiotykami jelita zosta\u0142y ju\u017c wystarczaj\u0105co zreorganizowane i nie ma najmniejszej potrzeby stosowania dodatkowych procedur oczyszczaj\u0105cych. Zamiast tego nale\u017cy odbudowa\u0107 flor\u0119 jelitow\u0105, promowa\u0107 wch\u0142anianie pokarmu i tonizowa\u0107 Qi o\u015brodka, aby zapobiec biegunce lub stagnacji pokarmu z wt\u00f3rnym nagromadzeniem wilgoci, ciep\u0142a i toksyn.  <\/p>\n<p>Jest to rzeczywista funkcja GOOD EARTH, kt\u00f3ra bardzo r\u00f3\u017cni si\u0119 od QUICK i SLOW BELLY MOVEMENT, poniewa\u017c preparaty te maj\u0105 dzia\u0142anie rozpuszczaj\u0105ce, a nie regeneruj\u0105ce czy tonizuj\u0105ce.<\/p>\n<p>Nie powinni\u015bmy zapomina\u0107, \u017ce antybiotyki uszkadzaj\u0105 Qi Centrum i cz\u0119sto Yang Nerek, poniewa\u017c ich energia jest bardzo zimna, a tym samym promuj\u0105 wt\u00f3rne ciep\u0142o wilgoci w Dolnym Ogrzewaczu. DOBRA ZIEMIA jest bardzo wa\u017cna w tym kontek\u015bcie, aby zachowa\u0107 poporodowe \u017ar\u00f3d\u0142o Qi i Jing. (zawiera niewielkie ilo\u015bci glutenu!!!!)<\/p>\n","protected":false},"excerpt":{"rendered":"<p>GOOD EARTH jest stosowany w przypadku p\u00f3\u017anych skutk\u00f3w antybiotykoterapii lub  [&#8230;]<\/p>\n","protected":false},"featured_media":3835943,"template":"","meta":{"_acf_changed":false},"product_brand":[],"product_cat":[11867],"product_tag":[12452],"class_list":{"0":"post-3841384","1":"product","2":"type-product","3":"status-publish","4":"has-post-thumbnail","6":"product_cat-gastroenterologia","7":"product_tag-flora-jelitowa","9":"first","10":"instock","11":"taxable","12":"shipping-taxable","13":"purchasable","14":"product-type-simple"},"acf":{"yn_product_audio":"https:\/\/shop.diolosa.com\/wp-content\/uploads\/2018\/12\/DL_0968.mp3","yn_product_video":"https:\/\/shop.diolosa.com\/wp-content\/uploads\/2024\/04\/Good-Earthh-.mp4","yn_product_akupunktur":"<p>Tonizuje qi \u015bledziony i poporodowe \u017ar\u00f3d\u0142o yin<br \/>\np\u0119cherz moczowy 20 &#8211; pi shu &#8211; bu fa<br \/>\nw\u0105troba 13 &#8211; zhang men (mo \u015bledziona, ba hui xue, w\u0105troba i woreczek \u017c\u00f3\u0142ciowy) &#8211; bu fa<br \/>\n\u017co\u0142\u0105dek 36 &#8211; zu san li (shu, xia he xue &#8211; \u017co\u0142\u0105dek, si hai xue, si zhong xue) &#8211; bu fa<br \/>\n\u015bledziona 6 &#8211; san yin jiao (le,ni,mb) &#8211; bu fa<br \/>\n\u015bledziona 10 &#8211; xue hai (jezioro krwi) &#8211; bu fa<br \/>\np\u0119cherz 17 &#8211; ge shu (krew) &#8211; bu fa<br \/>\nnerka 3 &#8211; tai xi (shu,yuan) &#8211; bu fa<\/p>\n<p>biegunka<br \/>\n\u017co\u0142\u0105dek 25 &#8211; tian shu (mo &#8211; jelito grube) &#8211; bu fa<br \/>\n\u017co\u0142\u0105dek 37 &#8211; shang ju xu (xia he xue &#8211; jelito grube, jezioro krwi, chong mai) &#8211; bu fa<br \/>\n\u017co\u0142\u0105dek 36 &#8211; zu san li (shu, xia he xue &#8211; \u017co\u0142\u0105dek, si hai xue, si zhong xue) &#8211; bu fa<br \/>\nren mai 4 &#8211; guan yuan (mo>.jelito cienkie, w\u0105troba, nerki, \u015bledziona) &#8211; bu fa<br \/>\nren mai 6 &#8211; qi hai (yuan qi) &#8211; bu fa<br \/>\np\u0119cherz 28 &#8211; pang guang shu &#8211; bu fa  <\/p>\n<p>Niedob\u00f3r odporno\u015bci<br \/>\nren mai 4 &#8211; guan yuan (mo>)jelito cienkie, w\u0105troba, nerki, \u015bledziona) &#8211; bu fa<br \/>\nren mai 6 &#8211; qi hai (yuan qi) &#8211; bu fa<br \/>\ndu mai 14 &#8211; da zhui (jezioro qi) &#8211; bu fa<br \/>\np\u0119cherz 23 &#8211; shen shu &#8211; bu fa<br \/>\np\u0119cherz 13 &#8211; fei shu &#8211; bu fa<br \/>\np\u0119cherz 20 &#8211; pi shu &#8211; bu fa<br \/>\np\u0119cherz 43 &#8211; gao huang shu (qi,xue, jinye, yin, yang) &#8211; bu fa<\/p>\n","yn_product_verabreichungsart":"Pelety 140szt.","yn_product_dosierung":"<p>3 x 6 do 10 granulek dziennie przez okres co najmniej 15 do 30 dni<\/p>\n<p>(zawiera niewielkie ilo\u015bci glutenu!!!!)<\/p>\n","yn_product_combinations":"<p>ENERGIA \u017bYCIA na niedob\u00f3r Qi i krwi w \u015bledzionie, WITALNO\u015a\u0106 na niedob\u00f3r Qi i krwi, KORZE\u0143 YANG, ROZGRZEWAJ\u0104CY KORZE\u0143, HERBATA RINCHEN na niedob\u00f3r Yang i Qi w nerkach.<\/p>\n","yn_product_avoidable":"<p>Pacjent powinien unika\u0107 zimnych pokarm\u00f3w i napoj\u00f3w, cukru, produkt\u00f3w mlecznych, jogurtu, owoc\u00f3w cytrusowych, kawy i sok\u00f3w przez 30 do 120 dni.<\/p>\n","yn_product_tcm_mindmapping":"<p>Antybiotyki uszkadzaj\u0105 Qi \u015bledziony > wilgo\u0107 Yang Ming > zast\u00f3j Qi i krwi<\/p>\n","yn_product_tongue_body":"<p>Szeroki ze \u015bladami z\u0119b\u00f3w, blady i wilgotny<\/p>\n","yn_product_tongue_coating":"<p>Cienki, bia\u0142y i wilgotny<\/p>\n","yn_product_pulse_diagnostics":"<p>xi mai &#8211; cienki, duan mai &#8211; kr\u00f3tki, xu mai &#8211; pusty<\/p>\n","yn_product_indications":"<p>Alergie, zaburzenia flory jelitowej (biegunka zwi\u0105zana z antybiotykami) i wyst\u0119powanie zaka\u017ce\u0144 grzybiczych, zm\u0119czenie, podatno\u015b\u0107 na infekcje.<\/p>\n","yn_product_contra_indications":"<p>brak<\/p>\n","yn_product_pregnancy":"<p>Dozwolone<\/p>\n","yn_product_herbs":"<p>coicis semen &#8211; yi yi ren, atractylodes macrocephalae rhizoma &#8211; bai zhu, astragali radix &#8211; huang qi, citri reticulatae pericarpium &#8211; chen pi, oryzae fructus germinatus praep &#8211; chao gu ya, hordei fructus germinatus &#8211; mai ya, massa medicata fermentata &#8211; shen qu, corium galli endothelium &#8211; ji nei jin, zizyphi jujubae fructus &#8211; da zao, dioscorea rhizoma &#8211; shan yao<\/p>\n","yn_product_magisterrecipes":"<p>Bao He Wan, Shen Ling Bai Zhu San, Er Chen Tang, Liu Jun Zi Tang, Xiang Sha Liu Jun Zi Tang<\/p>\n"},"yoast_head":"<!-- This site is optimized with the Yoast SEO plugin v24.9 - https:\/\/yoast.com\/wordpress\/plugins\/seo\/ -->\n<title>Dobra Ziemia - Claude Diolosa<\/title>\n<meta name=\"robots\" content=\"index, follow, max-snippet:-1, max-image-preview:large, max-video-preview:-1\" \/>\n<link rel=\"canonical\" href=\"https:\/\/shop.diolosa.com\/pl\/product\/dobra-ziemia\/\" \/>\n<meta property=\"og:locale\" content=\"pl_PL\" \/>\n<meta property=\"og:type\" content=\"article\" \/>\n<meta property=\"og:title\" content=\"Dobra Ziemia - Claude Diolosa\" \/>\n<meta property=\"og:description\" content=\"GOOD EARTH jest stosowany w przypadku p\u00f3\u017anych skutk\u00f3w antybiotykoterapii lub [...]\" \/>\n<meta property=\"og:url\" content=\"https:\/\/shop.diolosa.com\/pl\/product\/dobra-ziemia\/\" \/>\n<meta property=\"og:site_name\" content=\"Claude Diolosa\" \/>\n<meta property=\"article:publisher\" content=\"https:\/\/facebook.com\/claudediolosa\" \/>\n<meta property=\"article:modified_time\" content=\"2025-05-06T14:18:13+00:00\" \/>\n<meta property=\"og:image\" content=\"https:\/\/shop.diolosa.com\/wp-content\/uploads\/2019\/09\/Presslinge-140.jpg\" \/>\n\t<meta property=\"og:image:width\" content=\"800\" \/>\n\t<meta property=\"og:image:height\" content=\"533\" \/>\n\t<meta property=\"og:image:type\" content=\"image\/jpeg\" \/>\n<meta name=\"twitter:card\" content=\"summary_large_image\" \/>\n<meta name=\"twitter:label1\" content=\"Szacowany czas czytania\" \/>\n\t<meta name=\"twitter:data1\" content=\"1 minuta\" \/>\n<script type=\"application\/ld+json\" class=\"yoast-schema-graph\">{\"@context\":\"https:\/\/schema.org\",\"@graph\":[{\"@type\":\"WebPage\",\"@id\":\"https:\/\/shop.diolosa.com\/pl\/product\/dobra-ziemia\/\",\"url\":\"https:\/\/shop.diolosa.com\/pl\/product\/dobra-ziemia\/\",\"name\":\"Dobra Ziemia - Claude Diolosa\",\"isPartOf\":{\"@id\":\"https:\/\/shop.diolosa.com\/pl\/#website\"},\"primaryImageOfPage\":{\"@id\":\"https:\/\/shop.diolosa.com\/pl\/product\/dobra-ziemia\/#primaryimage\"},\"image\":{\"@id\":\"https:\/\/shop.diolosa.com\/pl\/product\/dobra-ziemia\/#primaryimage\"},\"thumbnailUrl\":\"https:\/\/shop.diolosa.com\/wp-content\/uploads\/2019\/09\/Presslinge-140.jpg\",\"datePublished\":\"2025-03-10T05:58:53+00:00\",\"dateModified\":\"2025-05-06T14:18:13+00:00\",\"breadcrumb\":{\"@id\":\"https:\/\/shop.diolosa.com\/pl\/product\/dobra-ziemia\/#breadcrumb\"},\"inLanguage\":\"pl-PL\",\"potentialAction\":[{\"@type\":\"ReadAction\",\"target\":[\"https:\/\/shop.diolosa.com\/pl\/product\/dobra-ziemia\/\"]}]},{\"@type\":\"ImageObject\",\"inLanguage\":\"pl-PL\",\"@id\":\"https:\/\/shop.diolosa.com\/pl\/product\/dobra-ziemia\/#primaryimage\",\"url\":\"https:\/\/shop.diolosa.com\/wp-content\/uploads\/2019\/09\/Presslinge-140.jpg\",\"contentUrl\":\"https:\/\/shop.diolosa.com\/wp-content\/uploads\/2019\/09\/Presslinge-140.jpg\",\"width\":800,\"height\":533},{\"@type\":\"BreadcrumbList\",\"@id\":\"https:\/\/shop.diolosa.com\/pl\/product\/dobra-ziemia\/#breadcrumb\",\"itemListElement\":[{\"@type\":\"ListItem\",\"position\":1,\"name\":\"Startseite\",\"item\":\"https:\/\/shop.diolosa.com\/pl\/?page_id=3835710\"},{\"@type\":\"ListItem\",\"position\":2,\"name\":\"Sklep\",\"item\":\"https:\/\/shop.diolosa.com\/pl\/?page_id=3835710\"},{\"@type\":\"ListItem\",\"position\":3,\"name\":\"Dobra Ziemia\"}]},{\"@type\":\"WebSite\",\"@id\":\"https:\/\/shop.diolosa.com\/pl\/#website\",\"url\":\"https:\/\/shop.diolosa.com\/pl\/\",\"name\":\"Claude Diolosa\",\"description\":\"\",\"publisher\":{\"@id\":\"https:\/\/shop.diolosa.com\/pl\/#organization\"},\"potentialAction\":[{\"@type\":\"SearchAction\",\"target\":{\"@type\":\"EntryPoint\",\"urlTemplate\":\"https:\/\/shop.diolosa.com\/pl\/?s={search_term_string}\"},\"query-input\":{\"@type\":\"PropertyValueSpecification\",\"valueRequired\":true,\"valueName\":\"search_term_string\"}}],\"inLanguage\":\"pl-PL\"},{\"@type\":\"Organization\",\"@id\":\"https:\/\/shop.diolosa.com\/pl\/#organization\",\"name\":\"Claude Diolosa\",\"url\":\"https:\/\/shop.diolosa.com\/pl\/\",\"logo\":{\"@type\":\"ImageObject\",\"inLanguage\":\"pl-PL\",\"@id\":\"https:\/\/shop.diolosa.com\/pl\/#\/schema\/logo\/image\/\",\"url\":\"https:\/\/shop.diolosa.com\/wp-content\/uploads\/2019\/08\/diolosa-drop-logo-new.png\",\"contentUrl\":\"https:\/\/shop.diolosa.com\/wp-content\/uploads\/2019\/08\/diolosa-drop-logo-new.png\",\"width\":134,\"height\":176,\"caption\":\"Claude Diolosa\"},\"image\":{\"@id\":\"https:\/\/shop.diolosa.com\/pl\/#\/schema\/logo\/image\/\"},\"sameAs\":[\"https:\/\/facebook.com\/claudediolosa\",\"https:\/\/www.instagram.com\/diolosaclaude108\/\"]}]}<\/script>\n<!-- \/ Yoast SEO plugin. -->","yoast_head_json":{"title":"Dobra Ziemia - Claude Diolosa","robots":{"index":"index","follow":"follow","max-snippet":"max-snippet:-1","max-image-preview":"max-image-preview:large","max-video-preview":"max-video-preview:-1"},"canonical":"https:\/\/shop.diolosa.com\/pl\/product\/dobra-ziemia\/","og_locale":"pl_PL","og_type":"article","og_title":"Dobra Ziemia - Claude Diolosa","og_description":"GOOD EARTH jest stosowany w przypadku p\u00f3\u017anych skutk\u00f3w antybiotykoterapii lub [...]","og_url":"https:\/\/shop.diolosa.com\/pl\/product\/dobra-ziemia\/","og_site_name":"Claude Diolosa","article_publisher":"https:\/\/facebook.com\/claudediolosa","article_modified_time":"2025-05-06T14:18:13+00:00","og_image":[{"width":800,"height":533,"url":"https:\/\/shop.diolosa.com\/wp-content\/uploads\/2019\/09\/Presslinge-140.jpg","type":"image\/jpeg"}],"twitter_card":"summary_large_image","twitter_misc":{"Szacowany czas czytania":"1 minuta"},"schema":{"@context":"https:\/\/schema.org","@graph":[{"@type":"WebPage","@id":"https:\/\/shop.diolosa.com\/pl\/product\/dobra-ziemia\/","url":"https:\/\/shop.diolosa.com\/pl\/product\/dobra-ziemia\/","name":"Dobra Ziemia - Claude Diolosa","isPartOf":{"@id":"https:\/\/shop.diolosa.com\/pl\/#website"},"primaryImageOfPage":{"@id":"https:\/\/shop.diolosa.com\/pl\/product\/dobra-ziemia\/#primaryimage"},"image":{"@id":"https:\/\/shop.diolosa.com\/pl\/product\/dobra-ziemia\/#primaryimage"},"thumbnailUrl":"https:\/\/shop.diolosa.com\/wp-content\/uploads\/2019\/09\/Presslinge-140.jpg","datePublished":"2025-03-10T05:58:53+00:00","dateModified":"2025-05-06T14:18:13+00:00","breadcrumb":{"@id":"https:\/\/shop.diolosa.com\/pl\/product\/dobra-ziemia\/#breadcrumb"},"inLanguage":"pl-PL","potentialAction":[{"@type":"ReadAction","target":["https:\/\/shop.diolosa.com\/pl\/product\/dobra-ziemia\/"]}]},{"@type":"ImageObject","inLanguage":"pl-PL","@id":"https:\/\/shop.diolosa.com\/pl\/product\/dobra-ziemia\/#primaryimage","url":"https:\/\/shop.diolosa.com\/wp-content\/uploads\/2019\/09\/Presslinge-140.jpg","contentUrl":"https:\/\/shop.diolosa.com\/wp-content\/uploads\/2019\/09\/Presslinge-140.jpg","width":800,"height":533},{"@type":"BreadcrumbList","@id":"https:\/\/shop.diolosa.com\/pl\/product\/dobra-ziemia\/#breadcrumb","itemListElement":[{"@type":"ListItem","position":1,"name":"Startseite","item":"https:\/\/shop.diolosa.com\/pl\/?page_id=3835710"},{"@type":"ListItem","position":2,"name":"Sklep","item":"https:\/\/shop.diolosa.com\/pl\/?page_id=3835710"},{"@type":"ListItem","position":3,"name":"Dobra Ziemia"}]},{"@type":"WebSite","@id":"https:\/\/shop.diolosa.com\/pl\/#website","url":"https:\/\/shop.diolosa.com\/pl\/","name":"Claude Diolosa","description":"","publisher":{"@id":"https:\/\/shop.diolosa.com\/pl\/#organization"},"potentialAction":[{"@type":"SearchAction","target":{"@type":"EntryPoint","urlTemplate":"https:\/\/shop.diolosa.com\/pl\/?s={search_term_string}"},"query-input":{"@type":"PropertyValueSpecification","valueRequired":true,"valueName":"search_term_string"}}],"inLanguage":"pl-PL"},{"@type":"Organization","@id":"https:\/\/shop.diolosa.com\/pl\/#organization","name":"Claude Diolosa","url":"https:\/\/shop.diolosa.com\/pl\/","logo":{"@type":"ImageObject","inLanguage":"pl-PL","@id":"https:\/\/shop.diolosa.com\/pl\/#\/schema\/logo\/image\/","url":"https:\/\/shop.diolosa.com\/wp-content\/uploads\/2019\/08\/diolosa-drop-logo-new.png","contentUrl":"https:\/\/shop.diolosa.com\/wp-content\/uploads\/2019\/08\/diolosa-drop-logo-new.png","width":134,"height":176,"caption":"Claude Diolosa"},"image":{"@id":"https:\/\/shop.diolosa.com\/pl\/#\/schema\/logo\/image\/"},"sameAs":["https:\/\/facebook.com\/claudediolosa","https:\/\/www.instagram.com\/diolosaclaude108\/"]}]}},"_links":{"self":[{"href":"https:\/\/shop.diolosa.com\/pl\/wp-json\/wp\/v2\/product\/3841384","targetHints":{"allow":["GET"]}}],"collection":[{"href":"https:\/\/shop.diolosa.com\/pl\/wp-json\/wp\/v2\/product"}],"about":[{"href":"https:\/\/shop.diolosa.com\/pl\/wp-json\/wp\/v2\/types\/product"}],"wp:featuredmedia":[{"embeddable":true,"href":"https:\/\/shop.diolosa.com\/pl\/wp-json\/wp\/v2\/media\/3835943"}],"wp:attachment":[{"href":"https:\/\/shop.diolosa.com\/pl\/wp-json\/wp\/v2\/media?parent=3841384"}],"wp:term":[{"taxonomy":"product_brand","embeddable":true,"href":"https:\/\/shop.diolosa.com\/pl\/wp-json\/wp\/v2\/product_brand?post=3841384"},{"taxonomy":"product_cat","embeddable":true,"href":"https:\/\/shop.diolosa.com\/pl\/wp-json\/wp\/v2\/product_cat?post=3841384"},{"taxonomy":"product_tag","embeddable":true,"href":"https:\/\/shop.diolosa.com\/pl\/wp-json\/wp\/v2\/product_tag?post=3841384"}],"curies":[{"name":"wp","href":"https:\/\/api.w.org\/{rel}","templated":true}]}}