{"id":3841385,"date":"2019-09-04T12:10:38","date_gmt":"2025-03-10T05:58:54","guid":{"rendered":"https:\/\/shop.diolosa.com\/product\/gniewny-general\/"},"modified":"2025-05-06T14:55:50","modified_gmt":"2025-05-06T13:55:50","slug":"gniewny-general","status":"publish","type":"product","link":"https:\/\/shop.diolosa.com\/pl\/product\/gniewny-general\/","title":{"rendered":"Gniewny Genera\u0142"},"content":{"rendered":"<p>WRATHFUL GENERAL jest stosowany w ostrym leczeniu kolki \u017c\u00f3\u0142ciowej. Preparat ten rozlu\u017ania i obni\u017ca Shao Yang Qi, usuwa Ciep\u0142o i Wilgotne Ciep\u0142o, porusza Qi i Krew oraz \u0142agodzi b\u00f3l. Kolka mo\u017ce by\u0107 wywo\u0142ana przez kamienie \u017c\u00f3\u0142ciowe lub przez napi\u0119cie emocjonalne i ogromny stres. Dlatego zaleca si\u0119, aby zawsze przyjmowa\u0107 ten preparat razem z innymi preparatami (patrz kombinacje).<\/p>\n","protected":false},"excerpt":{"rendered":"<p>WRATHFUL GENERAL jest stosowany w ostrym leczeniu kolki \u017c\u00f3\u0142ciowej. Preparat  [&#8230;]<\/p>\n","protected":false},"featured_media":3835943,"template":"","meta":{"_acf_changed":false},"product_brand":[],"product_cat":[11867],"product_tag":[12453],"class_list":{"0":"post-3841385","1":"product","2":"type-product","3":"status-publish","4":"has-post-thumbnail","6":"product_cat-gastroenterologia","7":"product_tag-zapalenie-pecherzyka-zolciowego","9":"first","10":"instock","11":"taxable","12":"shipping-taxable","13":"purchasable","14":"product-type-simple"},"acf":{"yn_product_audio":"https:\/\/shop.diolosa.com\/wp-content\/uploads\/2019\/09\/DL_1108.mp3","yn_product_akupunktur":"<p>Ostry = uspokajaj\u0105cy<br \/>\ndan nang xue &#8211; M-LE-23 (kamienie \u017c\u00f3\u0142ciowe) &#8211; xie fa<br \/>\np\u0119cherzyk \u017c\u00f3\u0142ciowy 24 &#8211; ri yue (mo) &#8211; xie fa<br \/>\nworeczek \u017c\u00f3\u0142ciowy 41 &#8211; to lin qi (dai mai, shu) &#8211; xie fa<br \/>\nworeczek \u017c\u00f3\u0142ciowy 43 &#8211; xia xi (ying) &#8211; xie fa<br \/>\np\u0119cherzyk \u017c\u00f3\u0142ciowy 34 &#8211; yang ling quan (he, xia he xue, gui) &#8211; xie fa<br \/>\nworeczek \u017c\u00f3\u0142ciowy 40 &#8211; qiu xu (yuan) &#8211; xie fa<br \/>\nsan chiao 6 &#8211; zhi gou (jing) &#8211; xie fa<br \/>\n\u017co\u0142\u0105dek 25 &#8211; tian shu (mo &#8211; jelito grube) &#8211; xie fa<br \/>\n\u017co\u0142\u0105dek 37 &#8211; shang ju xu (xia he xue &#8211; jelito grube, jezioro krwi, chong mai) &#8211; xie fa  <\/p>\n<p>Wy\u0142adowanie wilgotnego ciep\u0142a<br \/>\njelito grube 11 &#8211; qu chi &#8211; gui tui (he &#8211; gui) &#8211; xie fa<br \/>\n\u015bledziona 9 &#8211; yin ling quan (he) &#8211; xie fa<br \/>\n\u017co\u0142\u0105dek 44 &#8211; nei ting (ying) &#8211; xie fa  <\/p>\n<p>Shen uspok\u00f3j si\u0119<br \/>\nsi shen cong &#8211; M-HN-1 (m\u00f3zg, cns) &#8211; xie fa<br \/>\ndu mai 20 &#8211; bai hui &#8211; bai lao (jezioro szpiku kostnego, p\u0119cherz) &#8211; xie fa<br \/>\ntaiyang &#8211; M-HN-9 &#8211; xie fa<br \/>\ncirculation 5 &#8211; jian shi &#8211; gui lu (jing, gui) &#8211; xie fa<br \/>\nyin tang &#8211; M-HN-3 &#8211; xie fa  <\/p>\n<p>Nerka Yin od\u017cywia<br \/>\nnerka 3 &#8211; tai xi (shu,yuan) &#8211; bu fa<br \/>\nnerka 7 &#8211; fu liu (jing) &#8211; bu fa<br \/>\nnerka 6 &#8211; zhao hai (yin qiao mai) &#8211; bu fa<\/p>\n","yn_product_verabreichungsart":"Pelety 140szt.","yn_product_dosierung":"<p>Ostre, natychmiastowe przyjmowanie od 6 do 10 tabletek 3 do 6 razy dziennie<\/p>\n","yn_product_combinations":"<p>SZYBKIE RUCHY BRZUCHA w celu promowania wch\u0142aniania, ZIELONY KAMIE\u0143 na kamienie \u017c\u00f3\u0142ciowe, SZCZ\u0118\u015aLIWE DNI w celu zrelaksowania si\u0119, BEZ STRACHU, SZE\u015a\u0106 KWIAT\u00d3W, RADOSNE DNI s\u0105 r\u00f3wnie\u017c bardzo dobre dla relaksu, POKOJOWE NOCE w celu odci\u0105\u017cenia p\u0119cherzyka \u017c\u00f3\u0142ciowego poprzez serce lub G\u0141\u0118BOKI SEN FORTE na niedob\u00f3r Yin, BURN OUT RELIEF w przypadku zespo\u0142u wypalenia i wyczerpania Yin, SHL TAMING THE DRAGON specjalnie w przypadku dolegliwo\u015bci Shao Yang, NIRIPSA w leczeniu b\u00f3lu i FLEMING, je\u015bli pacjent ma zapalenie bakteryjne.<\/p>\n","yn_product_avoidable":"<p>Alkohol, czosnek, cebula, por, szczypiorek, koperek, ostre przyprawy, czekolada, t\u0142uste i sma\u017cone potrawy.<\/p>\n","yn_product_tcm_mindmapping":"<p>Stres i niepok\u00f3j > Stagnacja Qi p\u0119cherzyka \u017c\u00f3\u0142ciowego > Wilgo\u0107 \/ flegma Stagnacja ciep\u0142a > Stagnacja Qi i krwi > Stagnacja Qi i krwi p\u0119cherzyka \u017c\u00f3\u0142ciowego > B\u00f3l > Kolka > Wiatr p\u0119cherzyka \u017c\u00f3\u0142ciowego > mo\u017ce r\u00f3wnie\u017c prowadzi\u0107 do stanu zapalnego i gor\u0105czki.<\/p>\n","yn_product_tongue_body":"<p>Spuchni\u0119te z jednej strony, czerwone i poplamione, czasami r\u00f3wnie\u017c bardzo pop\u0119kane w \u015brodku.<\/p>\n","yn_product_tongue_coating":"<p>Smugi, t\u0142uste, lepkie i \u017c\u00f3\u0142te z jednej strony<\/p>\n","yn_product_pulse_diagnostics":"<p>Pozycja p\u0119cherzyka \u017c\u00f3\u0142ciowego: hua mai &#8211; szybuj\u0105ca, xian mai &#8211; napi\u0119ta, shi mai &#8211; pe\u0142na, shuo mai &#8211; szybka, se mai &#8211; szorstka.<\/p>\n","yn_product_indications":"<p>Zapalenie p\u0119cherzyka \u017c\u00f3\u0142ciowego, silny b\u00f3l w prawej g\u00f3rnej cz\u0119\u015bci brzucha, cz\u0119sto promieniuj\u0105cy do ramienia, kt\u00f3remu towarzysz\u0105 nudno\u015bci, md\u0142o\u015bci, blado\u015b\u0107 sk\u00f3ry, pocenie si\u0119 i ataki migreny, wyst\u0119powanie dreszczy i gor\u0105czki wskazuje na infekcj\u0119 bakteryjn\u0105<\/p>\n","yn_product_contra_indications":"<p>Niedob\u00f3r Yang\/Qi \u015bledziony i nerek > wilgotno\u015b\u0107 p\u0119cherzyka \u017c\u00f3\u0142ciowego \/ flegma > zast\u00f3j Qi i krwi > kamienie<\/p>\n","yn_product_pregnancy":"<p>Dozwolone<\/p>\n","yn_product_herbs":"<p>bupleurum radix &#8211; chai hu, pinellia ternata rhizoma &#8211; qing ban xia, caulis bambusae in taeniam &#8211; zhu ru, auckandiae radix &#8211; mu xiang, gardeniae jasminoidis fructus &#8211; zhi zi, scutellariae baicalensis radix &#8211; huang qin<\/p>\n","yn_product_magisterrecipes":"<p>Da Chai Hu Tang, Dan Dao Pai Shi Tang, Xiao Chai Hu Tang, Long Dan Xie Gan Tang, Huang Lian Wen Dan Tang, Hao Qin Qing Dan Tang, Yin Chen Hao Tang<\/p>\n","yn_product_video":"https:\/\/shop.diolosa.com\/wp-content\/uploads\/2025\/06\/Wrathful-Warrori.mp4"},"yoast_head":"<!-- This site is optimized with the Yoast SEO plugin v24.9 - https:\/\/yoast.com\/wordpress\/plugins\/seo\/ -->\n<title>Gniewny Genera\u0142 - Claude Diolosa<\/title>\n<meta name=\"robots\" content=\"index, follow, max-snippet:-1, max-image-preview:large, max-video-preview:-1\" \/>\n<link rel=\"canonical\" href=\"https:\/\/shop.diolosa.com\/pl\/product\/gniewny-general\/\" \/>\n<meta property=\"og:locale\" content=\"pl_PL\" \/>\n<meta property=\"og:type\" content=\"article\" \/>\n<meta property=\"og:title\" content=\"Gniewny Genera\u0142 - Claude Diolosa\" \/>\n<meta property=\"og:description\" content=\"WRATHFUL GENERAL jest stosowany w ostrym leczeniu kolki \u017c\u00f3\u0142ciowej. Preparat [...]\" \/>\n<meta property=\"og:url\" content=\"https:\/\/shop.diolosa.com\/pl\/product\/gniewny-general\/\" \/>\n<meta property=\"og:site_name\" content=\"Claude Diolosa\" \/>\n<meta property=\"article:publisher\" content=\"https:\/\/facebook.com\/claudediolosa\" \/>\n<meta property=\"article:modified_time\" content=\"2025-05-06T13:55:50+00:00\" \/>\n<meta property=\"og:image\" content=\"https:\/\/shop.diolosa.com\/wp-content\/uploads\/2019\/09\/Presslinge-140.jpg\" \/>\n\t<meta property=\"og:image:width\" content=\"800\" \/>\n\t<meta property=\"og:image:height\" content=\"533\" \/>\n\t<meta property=\"og:image:type\" content=\"image\/jpeg\" \/>\n<meta name=\"twitter:card\" content=\"summary_large_image\" \/>\n<script type=\"application\/ld+json\" class=\"yoast-schema-graph\">{\"@context\":\"https:\/\/schema.org\",\"@graph\":[{\"@type\":\"WebPage\",\"@id\":\"https:\/\/shop.diolosa.com\/pl\/product\/gniewny-general\/\",\"url\":\"https:\/\/shop.diolosa.com\/pl\/product\/gniewny-general\/\",\"name\":\"Gniewny Genera\u0142 - Claude Diolosa\",\"isPartOf\":{\"@id\":\"https:\/\/shop.diolosa.com\/pl\/#website\"},\"primaryImageOfPage\":{\"@id\":\"https:\/\/shop.diolosa.com\/pl\/product\/gniewny-general\/#primaryimage\"},\"image\":{\"@id\":\"https:\/\/shop.diolosa.com\/pl\/product\/gniewny-general\/#primaryimage\"},\"thumbnailUrl\":\"https:\/\/shop.diolosa.com\/wp-content\/uploads\/2019\/09\/Presslinge-140.jpg\",\"datePublished\":\"2025-03-10T05:58:54+00:00\",\"dateModified\":\"2025-05-06T13:55:50+00:00\",\"breadcrumb\":{\"@id\":\"https:\/\/shop.diolosa.com\/pl\/product\/gniewny-general\/#breadcrumb\"},\"inLanguage\":\"pl-PL\",\"potentialAction\":[{\"@type\":\"ReadAction\",\"target\":[\"https:\/\/shop.diolosa.com\/pl\/product\/gniewny-general\/\"]}]},{\"@type\":\"ImageObject\",\"inLanguage\":\"pl-PL\",\"@id\":\"https:\/\/shop.diolosa.com\/pl\/product\/gniewny-general\/#primaryimage\",\"url\":\"https:\/\/shop.diolosa.com\/wp-content\/uploads\/2019\/09\/Presslinge-140.jpg\",\"contentUrl\":\"https:\/\/shop.diolosa.com\/wp-content\/uploads\/2019\/09\/Presslinge-140.jpg\",\"width\":800,\"height\":533},{\"@type\":\"BreadcrumbList\",\"@id\":\"https:\/\/shop.diolosa.com\/pl\/product\/gniewny-general\/#breadcrumb\",\"itemListElement\":[{\"@type\":\"ListItem\",\"position\":1,\"name\":\"Startseite\",\"item\":\"https:\/\/shop.diolosa.com\/pl\/?page_id=3835710\"},{\"@type\":\"ListItem\",\"position\":2,\"name\":\"Sklep\",\"item\":\"https:\/\/shop.diolosa.com\/pl\/?page_id=3835710\"},{\"@type\":\"ListItem\",\"position\":3,\"name\":\"Gniewny Genera\u0142\"}]},{\"@type\":\"WebSite\",\"@id\":\"https:\/\/shop.diolosa.com\/pl\/#website\",\"url\":\"https:\/\/shop.diolosa.com\/pl\/\",\"name\":\"Claude Diolosa\",\"description\":\"\",\"publisher\":{\"@id\":\"https:\/\/shop.diolosa.com\/pl\/#organization\"},\"potentialAction\":[{\"@type\":\"SearchAction\",\"target\":{\"@type\":\"EntryPoint\",\"urlTemplate\":\"https:\/\/shop.diolosa.com\/pl\/?s={search_term_string}\"},\"query-input\":{\"@type\":\"PropertyValueSpecification\",\"valueRequired\":true,\"valueName\":\"search_term_string\"}}],\"inLanguage\":\"pl-PL\"},{\"@type\":\"Organization\",\"@id\":\"https:\/\/shop.diolosa.com\/pl\/#organization\",\"name\":\"Claude Diolosa\",\"url\":\"https:\/\/shop.diolosa.com\/pl\/\",\"logo\":{\"@type\":\"ImageObject\",\"inLanguage\":\"pl-PL\",\"@id\":\"https:\/\/shop.diolosa.com\/pl\/#\/schema\/logo\/image\/\",\"url\":\"https:\/\/shop.diolosa.com\/wp-content\/uploads\/2019\/08\/diolosa-drop-logo-new.png\",\"contentUrl\":\"https:\/\/shop.diolosa.com\/wp-content\/uploads\/2019\/08\/diolosa-drop-logo-new.png\",\"width\":134,\"height\":176,\"caption\":\"Claude Diolosa\"},\"image\":{\"@id\":\"https:\/\/shop.diolosa.com\/pl\/#\/schema\/logo\/image\/\"},\"sameAs\":[\"https:\/\/facebook.com\/claudediolosa\",\"https:\/\/www.instagram.com\/diolosaclaude108\/\"]}]}<\/script>\n<!-- \/ Yoast SEO plugin. -->","yoast_head_json":{"title":"Gniewny Genera\u0142 - Claude Diolosa","robots":{"index":"index","follow":"follow","max-snippet":"max-snippet:-1","max-image-preview":"max-image-preview:large","max-video-preview":"max-video-preview:-1"},"canonical":"https:\/\/shop.diolosa.com\/pl\/product\/gniewny-general\/","og_locale":"pl_PL","og_type":"article","og_title":"Gniewny Genera\u0142 - Claude Diolosa","og_description":"WRATHFUL GENERAL jest stosowany w ostrym leczeniu kolki \u017c\u00f3\u0142ciowej. Preparat [...]","og_url":"https:\/\/shop.diolosa.com\/pl\/product\/gniewny-general\/","og_site_name":"Claude Diolosa","article_publisher":"https:\/\/facebook.com\/claudediolosa","article_modified_time":"2025-05-06T13:55:50+00:00","og_image":[{"width":800,"height":533,"url":"https:\/\/shop.diolosa.com\/wp-content\/uploads\/2019\/09\/Presslinge-140.jpg","type":"image\/jpeg"}],"twitter_card":"summary_large_image","schema":{"@context":"https:\/\/schema.org","@graph":[{"@type":"WebPage","@id":"https:\/\/shop.diolosa.com\/pl\/product\/gniewny-general\/","url":"https:\/\/shop.diolosa.com\/pl\/product\/gniewny-general\/","name":"Gniewny Genera\u0142 - Claude Diolosa","isPartOf":{"@id":"https:\/\/shop.diolosa.com\/pl\/#website"},"primaryImageOfPage":{"@id":"https:\/\/shop.diolosa.com\/pl\/product\/gniewny-general\/#primaryimage"},"image":{"@id":"https:\/\/shop.diolosa.com\/pl\/product\/gniewny-general\/#primaryimage"},"thumbnailUrl":"https:\/\/shop.diolosa.com\/wp-content\/uploads\/2019\/09\/Presslinge-140.jpg","datePublished":"2025-03-10T05:58:54+00:00","dateModified":"2025-05-06T13:55:50+00:00","breadcrumb":{"@id":"https:\/\/shop.diolosa.com\/pl\/product\/gniewny-general\/#breadcrumb"},"inLanguage":"pl-PL","potentialAction":[{"@type":"ReadAction","target":["https:\/\/shop.diolosa.com\/pl\/product\/gniewny-general\/"]}]},{"@type":"ImageObject","inLanguage":"pl-PL","@id":"https:\/\/shop.diolosa.com\/pl\/product\/gniewny-general\/#primaryimage","url":"https:\/\/shop.diolosa.com\/wp-content\/uploads\/2019\/09\/Presslinge-140.jpg","contentUrl":"https:\/\/shop.diolosa.com\/wp-content\/uploads\/2019\/09\/Presslinge-140.jpg","width":800,"height":533},{"@type":"BreadcrumbList","@id":"https:\/\/shop.diolosa.com\/pl\/product\/gniewny-general\/#breadcrumb","itemListElement":[{"@type":"ListItem","position":1,"name":"Startseite","item":"https:\/\/shop.diolosa.com\/pl\/?page_id=3835710"},{"@type":"ListItem","position":2,"name":"Sklep","item":"https:\/\/shop.diolosa.com\/pl\/?page_id=3835710"},{"@type":"ListItem","position":3,"name":"Gniewny Genera\u0142"}]},{"@type":"WebSite","@id":"https:\/\/shop.diolosa.com\/pl\/#website","url":"https:\/\/shop.diolosa.com\/pl\/","name":"Claude Diolosa","description":"","publisher":{"@id":"https:\/\/shop.diolosa.com\/pl\/#organization"},"potentialAction":[{"@type":"SearchAction","target":{"@type":"EntryPoint","urlTemplate":"https:\/\/shop.diolosa.com\/pl\/?s={search_term_string}"},"query-input":{"@type":"PropertyValueSpecification","valueRequired":true,"valueName":"search_term_string"}}],"inLanguage":"pl-PL"},{"@type":"Organization","@id":"https:\/\/shop.diolosa.com\/pl\/#organization","name":"Claude Diolosa","url":"https:\/\/shop.diolosa.com\/pl\/","logo":{"@type":"ImageObject","inLanguage":"pl-PL","@id":"https:\/\/shop.diolosa.com\/pl\/#\/schema\/logo\/image\/","url":"https:\/\/shop.diolosa.com\/wp-content\/uploads\/2019\/08\/diolosa-drop-logo-new.png","contentUrl":"https:\/\/shop.diolosa.com\/wp-content\/uploads\/2019\/08\/diolosa-drop-logo-new.png","width":134,"height":176,"caption":"Claude Diolosa"},"image":{"@id":"https:\/\/shop.diolosa.com\/pl\/#\/schema\/logo\/image\/"},"sameAs":["https:\/\/facebook.com\/claudediolosa","https:\/\/www.instagram.com\/diolosaclaude108\/"]}]}},"_links":{"self":[{"href":"https:\/\/shop.diolosa.com\/pl\/wp-json\/wp\/v2\/product\/3841385","targetHints":{"allow":["GET"]}}],"collection":[{"href":"https:\/\/shop.diolosa.com\/pl\/wp-json\/wp\/v2\/product"}],"about":[{"href":"https:\/\/shop.diolosa.com\/pl\/wp-json\/wp\/v2\/types\/product"}],"wp:featuredmedia":[{"embeddable":true,"href":"https:\/\/shop.diolosa.com\/pl\/wp-json\/wp\/v2\/media\/3835943"}],"wp:attachment":[{"href":"https:\/\/shop.diolosa.com\/pl\/wp-json\/wp\/v2\/media?parent=3841385"}],"wp:term":[{"taxonomy":"product_brand","embeddable":true,"href":"https:\/\/shop.diolosa.com\/pl\/wp-json\/wp\/v2\/product_brand?post=3841385"},{"taxonomy":"product_cat","embeddable":true,"href":"https:\/\/shop.diolosa.com\/pl\/wp-json\/wp\/v2\/product_cat?post=3841385"},{"taxonomy":"product_tag","embeddable":true,"href":"https:\/\/shop.diolosa.com\/pl\/wp-json\/wp\/v2\/product_tag?post=3841385"}],"curies":[{"name":"wp","href":"https:\/\/api.w.org\/{rel}","templated":true}]}}