{"id":3841394,"date":"2019-09-04T12:10:38","date_gmt":"2025-03-10T05:58:57","guid":{"rendered":"https:\/\/shop.diolosa.com\/product\/bram-stocker\/"},"modified":"2025-05-31T17:24:24","modified_gmt":"2025-05-31T16:24:24","slug":"bram-stocker","status":"publish","type":"product","link":"https:\/\/shop.diolosa.com\/pl\/product\/bram-stocker\/","title":{"rendered":"Bram Stocker"},"content":{"rendered":"<p>BRAM STOCKER jest stosowany w ostrym leczeniu krwotok\u00f3w spowodowanych r\u00f3\u017cnymi przyczynami. Ta cenna formu\u0142a ratunkowa zosta\u0142a specjalnie zaprojektowana do leczenia krwotok\u00f3w spowodowanych ciep\u0142em krwi, toksynami i zastojem krwi. Jednak niezwykle wa\u017cne jest, aby podkre\u015bli\u0107, \u017ce formu\u0142a ta nigdy nie powinna by\u0107 stosowana w stanach takich jak zapa\u015b\u0107 Qi lub niedob\u00f3r Yang, poniewa\u017c mo\u017ce to prowadzi\u0107 do niepo\u017c\u0105danych skutk\u00f3w ubocznych.  <\/p>\n<p>Sk\u0142ad tej formu\u0142y sk\u0142ada si\u0119 z zimnych zi\u00f3\u0142, co oznacza, \u017ce powinna by\u0107 stosowana tylko przez kr\u00f3tki okres czasu. D\u0142ugotrwa\u0142a terapia mo\u017ce zaburzy\u0107 r\u00f3wnowag\u0119 w organizmie i mie\u0107 negatywne skutki. Aby zminimalizowa\u0107 ryzyko zator\u00f3w krwi spowodowanych przezi\u0119bieniem, stosowanie formu\u0142y nale\u017cy przerwa\u0107 natychmiast po ust\u0105pieniu objaw\u00f3w lub w przypadku zastosowania innej odpowiedniej formu\u0142y wspomagaj\u0105cej.  <\/p>\n<p>Ponadto warto zauwa\u017cy\u0107, \u017ce ta konkretna formu\u0142a jest r\u00f3wnie\u017c odpowiednia dla kobiet w ci\u0105\u017cy i dzieci. Pokazuje to jego wszechstronno\u015b\u0107 i bezpiecze\u0144stwo w r\u00f3\u017cnych grupach wiekowych i sytuacjach \u017cyciowych. Ostro\u017cne stosowanie tej formu\u0142y ratunkowej mo\u017ce mie\u0107 kluczowe znaczenie dla szybkiego powrotu do zdrowia w ostrych stanach krwawienia.<\/p>\n","protected":false},"excerpt":{"rendered":"<p>BRAM STOCKER jest stosowany w ostrym leczeniu krwotok\u00f3w spowodowanych r\u00f3\u017cnymi  [&#8230;]<\/p>\n","protected":false},"featured_media":3835943,"template":"","meta":{"_acf_changed":false},"product_brand":[],"product_cat":[12049],"product_tag":[12460],"class_list":{"0":"post-3841394","1":"product","2":"type-product","3":"status-publish","4":"has-post-thumbnail","6":"product_cat-hematologia","7":"product_tag-krwawienie-ogolnie","9":"first","10":"instock","11":"taxable","12":"shipping-taxable","13":"purchasable","14":"product-type-simple"},"acf":{"yn_product_audio":"","yn_product_video":"https:\/\/shop.diolosa.com\/wp-content\/uploads\/2024\/12\/Bram-Stocker.mp4","yn_product_akupunktur":"<p>Oczy\u015b\u0107 ciep\u0142o krwi &#8211; Xie Fa<br \/>\nw\u0105troba 2 &#8211; xing jian (ying) &#8211; xie fa<br \/>\n\u017co\u0142\u0105dek 44 &#8211; nei ting (ying) &#8211; xie fa<br \/>\n\u015bledziona 10 &#8211; xue hai (jezioro krwi) &#8211; xie fa<br \/>\nkr\u0105\u017cenie 8 &#8211; lao gong &#8211; gui cu (ying, gui) &#8211; xie fa<br \/>\nserce 8 &#8211; shao fu (ying) &#8211; xie fa  <\/p>\n<p>Tonizuje nerki yin<br \/>\nnerka 3 &#8211; tai xi (shu, yuan) &#8211; bu fa<br \/>\nnerka 7 &#8211; fu liu (jing) &#8211; bu fa<\/p>\n<p>Usu\u0144 puste ciep\u0142o<br \/>\nnerka 2 &#8211; rang gu (ying) &#8211; xie fa<br \/>\nnerka 6 &#8211; zhao hai (yin qiao mai) &#8211; bu fa<br \/>\np\u0119cherz 43 &#8211; gao huang shu (qi, xue, jinye, yin, yang) &#8211; bu fa  <\/p>\n<p>Od\u017cywianie krwi w\u0105troby<br \/>\nw\u0105troba 3 &#8211; tai chong (shu, yuan) &#8211; bu fa<br \/>\nw\u0105troba 8 &#8211; qu quan (he) &#8211; bu fa<br \/>\np\u0119cherz 17 &#8211; ge shu (krew) &#8211; bu fa  <\/p>\n<p>Do\u0142\u0105cz qi \u015bledziony<br \/>\np\u0119cherz 20 &#8211; pi shu &#8211; bu fa<br \/>\n\u015bledziona 2 &#8211; da du (ying) &#8211; bu fa<br \/>\n\u017co\u0142\u0105dek 36 &#8211; to san li (shu, xia he xue &#8211; \u017co\u0142\u0105dek, si hai xue, si zhong xue) &#8211; bu fa<br \/>\n\u015bledziona 6 &#8211; san yin jiao (le, ni, mb) &#8211; bu fa<\/p>\n","yn_product_verabreichungsart":"Pelety 140szt.","yn_product_dosierung":"<p>3 x 6 do 10 tabletek dziennie, przerwa\u0107 jak tylko krwawienie ustanie.<\/p>\n","yn_product_combinations":"<p>HOT STREAM (zapalenie p\u0119cherza moczowego i krwiomocz), BRIGHT SUMMERTIME (grypa jelitowa z krwi\u0105 w stolcu), OPEN SPACE (zapalenie b\u0142ony \u015bluzowej \u017co\u0142\u0105dka), CONFIDENCE (wrz\u00f3d \u017co\u0142\u0105dka), TEMPLE OF PEACE (wrz\u00f3d dwunastnicy)<\/p>\n","yn_product_avoidable":"<p>Pokarmy, kt\u00f3re prowadz\u0105 do gor\u0105ca krwi: Wino, ocet, ostre i gor\u0105ce przyprawy, owoce morza, jagni\u0119cina, mi\u0119so drobiowe<\/p>\n","yn_product_tcm_mindmapping":"<p>Ciep\u0142o krwi > Zast\u00f3j krwi > Ciep\u0142o krwi i toksyny > Krwawienie lub choroba zaka\u017ana > Ciep\u0142o i toksyny w warstwie krwi > Krwawienie<\/p>\n","yn_product_tongue_body":"<p>Po krwotoku: blady<br \/>\nPrzed krwotokiem: czerwony do ciemnoczerwonego<\/p>\n","yn_product_tongue_coating":"<p>\u017b\u00f3\u0142tawy, suchy, pop\u0119kany<\/p>\n","yn_product_pulse_diagnostics":"<p>kong mai &#8211; \u0142odyga cebuli, pusta, fu mai &#8211; powierzchowna, shuo mai &#8211; szybka, xu mai &#8211; pusta<\/p>\n","yn_product_indications":"<p>Krwawienie spowodowane ciep\u0142em krwi, zastojem krwi i toksynami, idiopatyczna plamica ma\u0142op\u0142ytkowa, krwiomocz, krwawienie z przewodu pokarmowego, krwawienie z hemoroid\u00f3w, krwawienie z dzi\u0105se\u0142, p\u00f3\u017ane nast\u0119pstwa Zhong Liu, p\u00f3\u017ane nast\u0119pstwa chor\u00f3b zaka\u017anych, posocznica (zatrucie krwi).<\/p>\n","yn_product_contra_indications":"<p>Krwawienie z niedoboru Yang i Qi<\/p>\n","yn_product_pregnancy":"<p>Dozwolone<\/p>\n","yn_product_herbs":"<p>cirsii japonici herba et radix &#8211; da ji, cephalanopli herba &#8211; xiao ji, rubiae radix &#8211; nelumbinis nodus rhizoma &#8211; ou jie, rubiae radix &#8211; qian cao gen, imperatae rhizoma &#8211; bai mao gen, paeoniae rubrae radix &#8211; chi shao yao, moutan cortex &#8211; mu dan pi, pollen typhae &#8211; pu huang, zizyphi jujubae fructus &#8211; da zao<\/p>\n","yn_product_magisterrecipes":"<p>Xiao Jing Ying Zi, Xi Jiao Di Huang Tang, Gu Jing Wan, Shi Hui San<\/p>\n"},"yoast_head":"<!-- This site is optimized with the Yoast SEO plugin v24.9 - https:\/\/yoast.com\/wordpress\/plugins\/seo\/ -->\n<title>Bram Stocker - Claude Diolosa<\/title>\n<meta name=\"robots\" content=\"index, follow, max-snippet:-1, max-image-preview:large, max-video-preview:-1\" \/>\n<link rel=\"canonical\" href=\"https:\/\/shop.diolosa.com\/pl\/product\/bram-stocker\/\" \/>\n<meta property=\"og:locale\" content=\"pl_PL\" \/>\n<meta property=\"og:type\" content=\"article\" \/>\n<meta property=\"og:title\" content=\"Bram Stocker - Claude Diolosa\" \/>\n<meta property=\"og:description\" content=\"BRAM STOCKER jest stosowany w ostrym leczeniu krwotok\u00f3w spowodowanych r\u00f3\u017cnymi [...]\" \/>\n<meta property=\"og:url\" content=\"https:\/\/shop.diolosa.com\/pl\/product\/bram-stocker\/\" \/>\n<meta property=\"og:site_name\" content=\"Claude Diolosa\" \/>\n<meta property=\"article:publisher\" content=\"https:\/\/facebook.com\/claudediolosa\" \/>\n<meta property=\"article:modified_time\" content=\"2025-05-31T16:24:24+00:00\" \/>\n<meta property=\"og:image\" content=\"https:\/\/shop.diolosa.com\/wp-content\/uploads\/2019\/09\/Presslinge-140.jpg\" \/>\n\t<meta property=\"og:image:width\" content=\"800\" \/>\n\t<meta property=\"og:image:height\" content=\"533\" \/>\n\t<meta property=\"og:image:type\" content=\"image\/jpeg\" \/>\n<meta name=\"twitter:card\" content=\"summary_large_image\" \/>\n<meta name=\"twitter:label1\" content=\"Szacowany czas czytania\" \/>\n\t<meta name=\"twitter:data1\" content=\"1 minuta\" \/>\n<script type=\"application\/ld+json\" class=\"yoast-schema-graph\">{\"@context\":\"https:\/\/schema.org\",\"@graph\":[{\"@type\":\"WebPage\",\"@id\":\"https:\/\/shop.diolosa.com\/pl\/product\/bram-stocker\/\",\"url\":\"https:\/\/shop.diolosa.com\/pl\/product\/bram-stocker\/\",\"name\":\"Bram Stocker - Claude Diolosa\",\"isPartOf\":{\"@id\":\"https:\/\/shop.diolosa.com\/pl\/#website\"},\"primaryImageOfPage\":{\"@id\":\"https:\/\/shop.diolosa.com\/pl\/product\/bram-stocker\/#primaryimage\"},\"image\":{\"@id\":\"https:\/\/shop.diolosa.com\/pl\/product\/bram-stocker\/#primaryimage\"},\"thumbnailUrl\":\"https:\/\/shop.diolosa.com\/wp-content\/uploads\/2019\/09\/Presslinge-140.jpg\",\"datePublished\":\"2025-03-10T05:58:57+00:00\",\"dateModified\":\"2025-05-31T16:24:24+00:00\",\"breadcrumb\":{\"@id\":\"https:\/\/shop.diolosa.com\/pl\/product\/bram-stocker\/#breadcrumb\"},\"inLanguage\":\"pl-PL\",\"potentialAction\":[{\"@type\":\"ReadAction\",\"target\":[\"https:\/\/shop.diolosa.com\/pl\/product\/bram-stocker\/\"]}]},{\"@type\":\"ImageObject\",\"inLanguage\":\"pl-PL\",\"@id\":\"https:\/\/shop.diolosa.com\/pl\/product\/bram-stocker\/#primaryimage\",\"url\":\"https:\/\/shop.diolosa.com\/wp-content\/uploads\/2019\/09\/Presslinge-140.jpg\",\"contentUrl\":\"https:\/\/shop.diolosa.com\/wp-content\/uploads\/2019\/09\/Presslinge-140.jpg\",\"width\":800,\"height\":533},{\"@type\":\"BreadcrumbList\",\"@id\":\"https:\/\/shop.diolosa.com\/pl\/product\/bram-stocker\/#breadcrumb\",\"itemListElement\":[{\"@type\":\"ListItem\",\"position\":1,\"name\":\"Startseite\",\"item\":\"https:\/\/shop.diolosa.com\/pl\/?page_id=3835710\"},{\"@type\":\"ListItem\",\"position\":2,\"name\":\"Sklep\",\"item\":\"https:\/\/shop.diolosa.com\/pl\/?page_id=3835710\"},{\"@type\":\"ListItem\",\"position\":3,\"name\":\"Bram Stocker\"}]},{\"@type\":\"WebSite\",\"@id\":\"https:\/\/shop.diolosa.com\/pl\/#website\",\"url\":\"https:\/\/shop.diolosa.com\/pl\/\",\"name\":\"Claude Diolosa\",\"description\":\"\",\"publisher\":{\"@id\":\"https:\/\/shop.diolosa.com\/pl\/#organization\"},\"potentialAction\":[{\"@type\":\"SearchAction\",\"target\":{\"@type\":\"EntryPoint\",\"urlTemplate\":\"https:\/\/shop.diolosa.com\/pl\/?s={search_term_string}\"},\"query-input\":{\"@type\":\"PropertyValueSpecification\",\"valueRequired\":true,\"valueName\":\"search_term_string\"}}],\"inLanguage\":\"pl-PL\"},{\"@type\":\"Organization\",\"@id\":\"https:\/\/shop.diolosa.com\/pl\/#organization\",\"name\":\"Claude Diolosa\",\"url\":\"https:\/\/shop.diolosa.com\/pl\/\",\"logo\":{\"@type\":\"ImageObject\",\"inLanguage\":\"pl-PL\",\"@id\":\"https:\/\/shop.diolosa.com\/pl\/#\/schema\/logo\/image\/\",\"url\":\"https:\/\/shop.diolosa.com\/wp-content\/uploads\/2019\/08\/diolosa-drop-logo-new.png\",\"contentUrl\":\"https:\/\/shop.diolosa.com\/wp-content\/uploads\/2019\/08\/diolosa-drop-logo-new.png\",\"width\":134,\"height\":176,\"caption\":\"Claude Diolosa\"},\"image\":{\"@id\":\"https:\/\/shop.diolosa.com\/pl\/#\/schema\/logo\/image\/\"},\"sameAs\":[\"https:\/\/facebook.com\/claudediolosa\",\"https:\/\/www.instagram.com\/diolosaclaude108\/\"]}]}<\/script>\n<!-- \/ Yoast SEO plugin. -->","yoast_head_json":{"title":"Bram Stocker - Claude Diolosa","robots":{"index":"index","follow":"follow","max-snippet":"max-snippet:-1","max-image-preview":"max-image-preview:large","max-video-preview":"max-video-preview:-1"},"canonical":"https:\/\/shop.diolosa.com\/pl\/product\/bram-stocker\/","og_locale":"pl_PL","og_type":"article","og_title":"Bram Stocker - Claude Diolosa","og_description":"BRAM STOCKER jest stosowany w ostrym leczeniu krwotok\u00f3w spowodowanych r\u00f3\u017cnymi [...]","og_url":"https:\/\/shop.diolosa.com\/pl\/product\/bram-stocker\/","og_site_name":"Claude Diolosa","article_publisher":"https:\/\/facebook.com\/claudediolosa","article_modified_time":"2025-05-31T16:24:24+00:00","og_image":[{"width":800,"height":533,"url":"https:\/\/shop.diolosa.com\/wp-content\/uploads\/2019\/09\/Presslinge-140.jpg","type":"image\/jpeg"}],"twitter_card":"summary_large_image","twitter_misc":{"Szacowany czas czytania":"1 minuta"},"schema":{"@context":"https:\/\/schema.org","@graph":[{"@type":"WebPage","@id":"https:\/\/shop.diolosa.com\/pl\/product\/bram-stocker\/","url":"https:\/\/shop.diolosa.com\/pl\/product\/bram-stocker\/","name":"Bram Stocker - Claude Diolosa","isPartOf":{"@id":"https:\/\/shop.diolosa.com\/pl\/#website"},"primaryImageOfPage":{"@id":"https:\/\/shop.diolosa.com\/pl\/product\/bram-stocker\/#primaryimage"},"image":{"@id":"https:\/\/shop.diolosa.com\/pl\/product\/bram-stocker\/#primaryimage"},"thumbnailUrl":"https:\/\/shop.diolosa.com\/wp-content\/uploads\/2019\/09\/Presslinge-140.jpg","datePublished":"2025-03-10T05:58:57+00:00","dateModified":"2025-05-31T16:24:24+00:00","breadcrumb":{"@id":"https:\/\/shop.diolosa.com\/pl\/product\/bram-stocker\/#breadcrumb"},"inLanguage":"pl-PL","potentialAction":[{"@type":"ReadAction","target":["https:\/\/shop.diolosa.com\/pl\/product\/bram-stocker\/"]}]},{"@type":"ImageObject","inLanguage":"pl-PL","@id":"https:\/\/shop.diolosa.com\/pl\/product\/bram-stocker\/#primaryimage","url":"https:\/\/shop.diolosa.com\/wp-content\/uploads\/2019\/09\/Presslinge-140.jpg","contentUrl":"https:\/\/shop.diolosa.com\/wp-content\/uploads\/2019\/09\/Presslinge-140.jpg","width":800,"height":533},{"@type":"BreadcrumbList","@id":"https:\/\/shop.diolosa.com\/pl\/product\/bram-stocker\/#breadcrumb","itemListElement":[{"@type":"ListItem","position":1,"name":"Startseite","item":"https:\/\/shop.diolosa.com\/pl\/?page_id=3835710"},{"@type":"ListItem","position":2,"name":"Sklep","item":"https:\/\/shop.diolosa.com\/pl\/?page_id=3835710"},{"@type":"ListItem","position":3,"name":"Bram Stocker"}]},{"@type":"WebSite","@id":"https:\/\/shop.diolosa.com\/pl\/#website","url":"https:\/\/shop.diolosa.com\/pl\/","name":"Claude Diolosa","description":"","publisher":{"@id":"https:\/\/shop.diolosa.com\/pl\/#organization"},"potentialAction":[{"@type":"SearchAction","target":{"@type":"EntryPoint","urlTemplate":"https:\/\/shop.diolosa.com\/pl\/?s={search_term_string}"},"query-input":{"@type":"PropertyValueSpecification","valueRequired":true,"valueName":"search_term_string"}}],"inLanguage":"pl-PL"},{"@type":"Organization","@id":"https:\/\/shop.diolosa.com\/pl\/#organization","name":"Claude Diolosa","url":"https:\/\/shop.diolosa.com\/pl\/","logo":{"@type":"ImageObject","inLanguage":"pl-PL","@id":"https:\/\/shop.diolosa.com\/pl\/#\/schema\/logo\/image\/","url":"https:\/\/shop.diolosa.com\/wp-content\/uploads\/2019\/08\/diolosa-drop-logo-new.png","contentUrl":"https:\/\/shop.diolosa.com\/wp-content\/uploads\/2019\/08\/diolosa-drop-logo-new.png","width":134,"height":176,"caption":"Claude Diolosa"},"image":{"@id":"https:\/\/shop.diolosa.com\/pl\/#\/schema\/logo\/image\/"},"sameAs":["https:\/\/facebook.com\/claudediolosa","https:\/\/www.instagram.com\/diolosaclaude108\/"]}]}},"_links":{"self":[{"href":"https:\/\/shop.diolosa.com\/pl\/wp-json\/wp\/v2\/product\/3841394","targetHints":{"allow":["GET"]}}],"collection":[{"href":"https:\/\/shop.diolosa.com\/pl\/wp-json\/wp\/v2\/product"}],"about":[{"href":"https:\/\/shop.diolosa.com\/pl\/wp-json\/wp\/v2\/types\/product"}],"wp:featuredmedia":[{"embeddable":true,"href":"https:\/\/shop.diolosa.com\/pl\/wp-json\/wp\/v2\/media\/3835943"}],"wp:attachment":[{"href":"https:\/\/shop.diolosa.com\/pl\/wp-json\/wp\/v2\/media?parent=3841394"}],"wp:term":[{"taxonomy":"product_brand","embeddable":true,"href":"https:\/\/shop.diolosa.com\/pl\/wp-json\/wp\/v2\/product_brand?post=3841394"},{"taxonomy":"product_cat","embeddable":true,"href":"https:\/\/shop.diolosa.com\/pl\/wp-json\/wp\/v2\/product_cat?post=3841394"},{"taxonomy":"product_tag","embeddable":true,"href":"https:\/\/shop.diolosa.com\/pl\/wp-json\/wp\/v2\/product_tag?post=3841394"}],"curies":[{"name":"wp","href":"https:\/\/api.w.org\/{rel}","templated":true}]}}