{"id":3841402,"date":"2024-10-22T15:15:57","date_gmt":"2025-03-10T05:59:04","guid":{"rendered":"https:\/\/shop.diolosa.com\/product\/poranna-rosa\/"},"modified":"2025-04-24T20:22:37","modified_gmt":"2025-04-24T19:22:37","slug":"poranna-rosa","status":"publish","type":"product","link":"https:\/\/shop.diolosa.com\/pl\/product\/poranna-rosa\/","title":{"rendered":"Poranna rosa"},"content":{"rendered":"<p>MORNING DEW sk\u0142ada si\u0119 g\u0142\u00f3wnie z aromatycznych zi\u00f3\u0142, kt\u00f3re otwieraj\u0105 subtelne kana\u0142y serca i przywracaj\u0105 jasno\u015b\u0107 umys\u0142u, pomagaj\u0105c skutecznie wyeliminowa\u0107 efekty post-covid. Formu\u0142a ta jest stosowana w leczeniu BRAIN-FOG, ale wykazano r\u00f3wnie\u017c, \u017ce pomaga w \u0142agodzeniu skutk\u00f3w ubocznych marihuany, haszyszu i lek\u00f3w psychotropowych. <\/p>\n<p>&nbsp;<\/p>\n<p>&nbsp;<\/p>\n","protected":false},"excerpt":{"rendered":"<p>&nbsp;<\/p>\n<p>&nbsp;<\/p>\n<p>&nbsp;<\/p>\n","protected":false},"featured_media":3835943,"template":"","meta":{"_acf_changed":false},"product_brand":[],"product_cat":[11771],"product_tag":[12466,12177,12467,12465],"class_list":{"0":"post-3841402","1":"product","2":"type-product","3":"status-publish","4":"has-post-thumbnail","6":"product_cat-wen-bing-lun-pl","7":"product_tag-cfs-pl","8":"product_tag-covid-pl","9":"product_tag-mgla-mozgowa","10":"product_tag-post-covid-pl","12":"first","13":"instock","14":"taxable","15":"shipping-taxable","16":"purchasable","17":"product-type-simple"},"acf":{"yn_product_audio":"https:\/\/shop.diolosa.com\/wp-content\/uploads\/2024\/10\/Morning-Dew.m4a","yn_product_video":"https:\/\/shop.diolosa.com\/wp-content\/uploads\/2019\/09\/Morning-Dew.mp4","yn_product_akupunktur":"<p>Ostre &#8211; rozproszenie ciep\u0142a i toksyn<br \/>\njelito grube 4 &#8211; he gu (yuan) &#8211; xie fa<br \/>\njelito grube 11 &#8211; qu chi &#8211; gui tui (he &#8211; gui) &#8211; xie fa<br \/>\nsan chiao 5 &#8211; wai guan (yang wei mai, luo) &#8211; xie fa<br \/>\nsan chiao 3 &#8211; zhong zhu (shu) &#8211; xie fa  <\/p>\n<p>oczyszczanie krwi z ciep\u0142a<br \/>\nw\u0105troba 2 &#8211; xing jian (ying) &#8211; xie fa<br \/>\n\u015bledziona 10 &#8211; xue hai (jezioro krwi) &#8211; xie fa<br \/>\np\u0119cherz 40 &#8211; wei zhong (he, xia he xue &#8211; p\u0119cherz, xi krwi, jing bie ni\/bl) &#8211; xie fa<br \/>\np\u0119cherz 17 &#8211; ge shu (krew) &#8211; xie fa<br \/>\nkr\u0105\u017cenie 8 &#8211; lao gong &#8211; gui cu (ying, gui) &#8211; xie fa<\/p>\n<p>Wilgotne ciep\u0142o odprowadza toksyny przez Yang Ming<br \/>\n\u017co\u0142\u0105dek 25 &#8211; tian shu (mo &#8211; jelito grube) &#8211; xie fa<br \/>\n\u017co\u0142\u0105dek 37 &#8211; shang ju xu (xia he xue &#8211; jelito grube, jezioro krwi, chong mai) &#8211; xie fa<br \/>\n\u017co\u0142\u0105dek 39 &#8211; xia ju xu (xia he xue &#8211; jelito cienkie, jezioro krwi, chong mai) &#8211; xie fa<br \/>\n\u017co\u0142\u0105dek 40 &#8211; feng long (luo) &#8211; xie fa<br \/>\nsan chiao 6 &#8211; zhi gou (jing) &#8211; xie fa  <\/p>\n<p>Uspokojenie OUN<br \/>\nsi shen cong &#8211; M-HN-1 (m\u00f3zg, OUN) i ig\u0142owanie ba gua &#8211; xie fa<br \/>\ndu mai 20 &#8211; bai hui &#8211; bai lao (jezioro szpiku kostnego, p\u0119cherz moczowy) &#8211; xie fa<br \/>\nyin tang &#8211; M-HN-3 &#8211; xie fa<br \/>\nworeczek \u017c\u00f3\u0142ciowy 20 &#8211; feng chi (san chiao, yang wei mai) &#8211; xie fa<\/p>\n","yn_product_verabreichungsart":"Pelety 140szt.","yn_product_dosierung":"<p>3 x 4 do 6 tabletek dziennie, zawsze przed posi\u0142kiem lub raz wieczorem.<\/p>\n","yn_product_combinations":"<p>HAPPY DAY (depresja)<\/p>\n<p>BRIGHT FUTURE (depresja)<\/p>\n<p>QUICK BELLY MOVEMENT (stagnacja pokarmowa)<\/p>\n","yn_product_avoidable":"<p>Wszystkie pokarmy, kt\u00f3re wytwarzaj\u0105 zimn\u0105 wilgo\u0107 wewn\u0119trzn\u0105. Konieczne jest picie ciep\u0142ych napoj\u00f3w i spo\u017cywanie \u017cywno\u015bci, kt\u00f3ra zosta\u0142a ugotowana lub przygotowana z aromatycznymi przyprawami. Nie nale\u017cy pi\u0107 podczas jedzenia, ale przed lub po posi\u0142kach i zawsze ciep\u0142e napoje!  <\/p>\n","yn_product_tcm_mindmapping":"<p>Wen Bing Xue (Zaburzenia cieplne) > m\u0119tna, wilgotna flegma zamyka kana\u0142y serca &#8211; stan DIAN<\/p>\n","yn_product_tongue_body":"<p>szerokie, \u015blady z\u0119b\u00f3w, wilgotne, mi\u0119kkie, a kraw\u0119dzie s\u0105 poplamione<\/p>\n","yn_product_tongue_coating":"<p>cienki, bia\u0142y, lepki i wilgotny<\/p>\n","yn_product_pulse_diagnostics":"<p>Pozycja serca:<\/p>\n<p>XI MAI &#8211; puls nitkowaty<\/p>\n<p>lub<\/p>\n<p>WEI MAI &#8211; puls nitkowaty i SE MAI &#8211; puls chwiejny<\/p>\n","yn_product_indications":"<p>Mg\u0142a m\u00f3zgowa, s\u0142aba koncentracja, dezorientacja, depresja, wolniejsze my\u015blenie ni\u017c zwykle, zamazane my\u015bli, zapominanie, gubienie s\u0142\u00f3w, zm\u0119czenie psychiczne, brak koncentracji, wahania nastroju, b\u00f3le g\u0142owy, brak nap\u0119du, dezorientacja, zmiana PO.<\/p>\n","yn_product_contra_indications":"<p>Niedob\u00f3r Ying i puste ciep\u0142o z ciep\u0142em krwi<\/p>\n","yn_product_pregnancy":"<p>Dozwolone<\/p>\n","yn_product_magisterrecipes":"<p>An Shen Ding Zhi Wan, Su He Xiang Wan, Wan Dan Tang, Ban Xia Bai Zhu Tian Ma Tang<\/p>\n"},"yoast_head":"<!-- This site is optimized with the Yoast SEO plugin v24.9 - https:\/\/yoast.com\/wordpress\/plugins\/seo\/ -->\n<title>Poranna rosa - Claude Diolosa<\/title>\n<meta name=\"robots\" content=\"index, follow, max-snippet:-1, max-image-preview:large, max-video-preview:-1\" \/>\n<link rel=\"canonical\" href=\"https:\/\/shop.diolosa.com\/pl\/product\/poranna-rosa\/\" \/>\n<meta property=\"og:locale\" content=\"pl_PL\" \/>\n<meta property=\"og:type\" content=\"article\" \/>\n<meta property=\"og:title\" content=\"Poranna rosa - Claude Diolosa\" \/>\n<meta property=\"og:description\" content=\"&nbsp; &nbsp; &nbsp;\" \/>\n<meta property=\"og:url\" content=\"https:\/\/shop.diolosa.com\/pl\/product\/poranna-rosa\/\" \/>\n<meta property=\"og:site_name\" content=\"Claude Diolosa\" \/>\n<meta property=\"article:publisher\" content=\"https:\/\/facebook.com\/claudediolosa\" \/>\n<meta property=\"article:modified_time\" content=\"2025-04-24T19:22:37+00:00\" \/>\n<meta property=\"og:image\" content=\"https:\/\/shop.diolosa.com\/wp-content\/uploads\/2019\/09\/Presslinge-140.jpg\" \/>\n\t<meta property=\"og:image:width\" content=\"800\" \/>\n\t<meta property=\"og:image:height\" content=\"533\" \/>\n\t<meta property=\"og:image:type\" content=\"image\/jpeg\" \/>\n<meta name=\"twitter:card\" content=\"summary_large_image\" \/>\n<script type=\"application\/ld+json\" class=\"yoast-schema-graph\">{\"@context\":\"https:\/\/schema.org\",\"@graph\":[{\"@type\":\"WebPage\",\"@id\":\"https:\/\/shop.diolosa.com\/pl\/product\/poranna-rosa\/\",\"url\":\"https:\/\/shop.diolosa.com\/pl\/product\/poranna-rosa\/\",\"name\":\"Poranna rosa - Claude Diolosa\",\"isPartOf\":{\"@id\":\"https:\/\/shop.diolosa.com\/pl\/#website\"},\"primaryImageOfPage\":{\"@id\":\"https:\/\/shop.diolosa.com\/pl\/product\/poranna-rosa\/#primaryimage\"},\"image\":{\"@id\":\"https:\/\/shop.diolosa.com\/pl\/product\/poranna-rosa\/#primaryimage\"},\"thumbnailUrl\":\"https:\/\/shop.diolosa.com\/wp-content\/uploads\/2019\/09\/Presslinge-140.jpg\",\"datePublished\":\"2025-03-10T05:59:04+00:00\",\"dateModified\":\"2025-04-24T19:22:37+00:00\",\"breadcrumb\":{\"@id\":\"https:\/\/shop.diolosa.com\/pl\/product\/poranna-rosa\/#breadcrumb\"},\"inLanguage\":\"pl-PL\",\"potentialAction\":[{\"@type\":\"ReadAction\",\"target\":[\"https:\/\/shop.diolosa.com\/pl\/product\/poranna-rosa\/\"]}]},{\"@type\":\"ImageObject\",\"inLanguage\":\"pl-PL\",\"@id\":\"https:\/\/shop.diolosa.com\/pl\/product\/poranna-rosa\/#primaryimage\",\"url\":\"https:\/\/shop.diolosa.com\/wp-content\/uploads\/2019\/09\/Presslinge-140.jpg\",\"contentUrl\":\"https:\/\/shop.diolosa.com\/wp-content\/uploads\/2019\/09\/Presslinge-140.jpg\",\"width\":800,\"height\":533},{\"@type\":\"BreadcrumbList\",\"@id\":\"https:\/\/shop.diolosa.com\/pl\/product\/poranna-rosa\/#breadcrumb\",\"itemListElement\":[{\"@type\":\"ListItem\",\"position\":1,\"name\":\"Startseite\",\"item\":\"https:\/\/shop.diolosa.com\/pl\/?page_id=3835710\"},{\"@type\":\"ListItem\",\"position\":2,\"name\":\"Sklep\",\"item\":\"https:\/\/shop.diolosa.com\/pl\/?page_id=3835710\"},{\"@type\":\"ListItem\",\"position\":3,\"name\":\"Poranna rosa\"}]},{\"@type\":\"WebSite\",\"@id\":\"https:\/\/shop.diolosa.com\/pl\/#website\",\"url\":\"https:\/\/shop.diolosa.com\/pl\/\",\"name\":\"Claude Diolosa\",\"description\":\"\",\"publisher\":{\"@id\":\"https:\/\/shop.diolosa.com\/pl\/#organization\"},\"potentialAction\":[{\"@type\":\"SearchAction\",\"target\":{\"@type\":\"EntryPoint\",\"urlTemplate\":\"https:\/\/shop.diolosa.com\/pl\/?s={search_term_string}\"},\"query-input\":{\"@type\":\"PropertyValueSpecification\",\"valueRequired\":true,\"valueName\":\"search_term_string\"}}],\"inLanguage\":\"pl-PL\"},{\"@type\":\"Organization\",\"@id\":\"https:\/\/shop.diolosa.com\/pl\/#organization\",\"name\":\"Claude Diolosa\",\"url\":\"https:\/\/shop.diolosa.com\/pl\/\",\"logo\":{\"@type\":\"ImageObject\",\"inLanguage\":\"pl-PL\",\"@id\":\"https:\/\/shop.diolosa.com\/pl\/#\/schema\/logo\/image\/\",\"url\":\"https:\/\/shop.diolosa.com\/wp-content\/uploads\/2019\/08\/diolosa-drop-logo-new.png\",\"contentUrl\":\"https:\/\/shop.diolosa.com\/wp-content\/uploads\/2019\/08\/diolosa-drop-logo-new.png\",\"width\":134,\"height\":176,\"caption\":\"Claude Diolosa\"},\"image\":{\"@id\":\"https:\/\/shop.diolosa.com\/pl\/#\/schema\/logo\/image\/\"},\"sameAs\":[\"https:\/\/facebook.com\/claudediolosa\",\"https:\/\/www.instagram.com\/diolosaclaude108\/\"]}]}<\/script>\n<!-- \/ Yoast SEO plugin. -->","yoast_head_json":{"title":"Poranna rosa - Claude Diolosa","robots":{"index":"index","follow":"follow","max-snippet":"max-snippet:-1","max-image-preview":"max-image-preview:large","max-video-preview":"max-video-preview:-1"},"canonical":"https:\/\/shop.diolosa.com\/pl\/product\/poranna-rosa\/","og_locale":"pl_PL","og_type":"article","og_title":"Poranna rosa - Claude Diolosa","og_description":"&nbsp; &nbsp; &nbsp;","og_url":"https:\/\/shop.diolosa.com\/pl\/product\/poranna-rosa\/","og_site_name":"Claude Diolosa","article_publisher":"https:\/\/facebook.com\/claudediolosa","article_modified_time":"2025-04-24T19:22:37+00:00","og_image":[{"width":800,"height":533,"url":"https:\/\/shop.diolosa.com\/wp-content\/uploads\/2019\/09\/Presslinge-140.jpg","type":"image\/jpeg"}],"twitter_card":"summary_large_image","schema":{"@context":"https:\/\/schema.org","@graph":[{"@type":"WebPage","@id":"https:\/\/shop.diolosa.com\/pl\/product\/poranna-rosa\/","url":"https:\/\/shop.diolosa.com\/pl\/product\/poranna-rosa\/","name":"Poranna rosa - Claude Diolosa","isPartOf":{"@id":"https:\/\/shop.diolosa.com\/pl\/#website"},"primaryImageOfPage":{"@id":"https:\/\/shop.diolosa.com\/pl\/product\/poranna-rosa\/#primaryimage"},"image":{"@id":"https:\/\/shop.diolosa.com\/pl\/product\/poranna-rosa\/#primaryimage"},"thumbnailUrl":"https:\/\/shop.diolosa.com\/wp-content\/uploads\/2019\/09\/Presslinge-140.jpg","datePublished":"2025-03-10T05:59:04+00:00","dateModified":"2025-04-24T19:22:37+00:00","breadcrumb":{"@id":"https:\/\/shop.diolosa.com\/pl\/product\/poranna-rosa\/#breadcrumb"},"inLanguage":"pl-PL","potentialAction":[{"@type":"ReadAction","target":["https:\/\/shop.diolosa.com\/pl\/product\/poranna-rosa\/"]}]},{"@type":"ImageObject","inLanguage":"pl-PL","@id":"https:\/\/shop.diolosa.com\/pl\/product\/poranna-rosa\/#primaryimage","url":"https:\/\/shop.diolosa.com\/wp-content\/uploads\/2019\/09\/Presslinge-140.jpg","contentUrl":"https:\/\/shop.diolosa.com\/wp-content\/uploads\/2019\/09\/Presslinge-140.jpg","width":800,"height":533},{"@type":"BreadcrumbList","@id":"https:\/\/shop.diolosa.com\/pl\/product\/poranna-rosa\/#breadcrumb","itemListElement":[{"@type":"ListItem","position":1,"name":"Startseite","item":"https:\/\/shop.diolosa.com\/pl\/?page_id=3835710"},{"@type":"ListItem","position":2,"name":"Sklep","item":"https:\/\/shop.diolosa.com\/pl\/?page_id=3835710"},{"@type":"ListItem","position":3,"name":"Poranna rosa"}]},{"@type":"WebSite","@id":"https:\/\/shop.diolosa.com\/pl\/#website","url":"https:\/\/shop.diolosa.com\/pl\/","name":"Claude Diolosa","description":"","publisher":{"@id":"https:\/\/shop.diolosa.com\/pl\/#organization"},"potentialAction":[{"@type":"SearchAction","target":{"@type":"EntryPoint","urlTemplate":"https:\/\/shop.diolosa.com\/pl\/?s={search_term_string}"},"query-input":{"@type":"PropertyValueSpecification","valueRequired":true,"valueName":"search_term_string"}}],"inLanguage":"pl-PL"},{"@type":"Organization","@id":"https:\/\/shop.diolosa.com\/pl\/#organization","name":"Claude Diolosa","url":"https:\/\/shop.diolosa.com\/pl\/","logo":{"@type":"ImageObject","inLanguage":"pl-PL","@id":"https:\/\/shop.diolosa.com\/pl\/#\/schema\/logo\/image\/","url":"https:\/\/shop.diolosa.com\/wp-content\/uploads\/2019\/08\/diolosa-drop-logo-new.png","contentUrl":"https:\/\/shop.diolosa.com\/wp-content\/uploads\/2019\/08\/diolosa-drop-logo-new.png","width":134,"height":176,"caption":"Claude Diolosa"},"image":{"@id":"https:\/\/shop.diolosa.com\/pl\/#\/schema\/logo\/image\/"},"sameAs":["https:\/\/facebook.com\/claudediolosa","https:\/\/www.instagram.com\/diolosaclaude108\/"]}]}},"_links":{"self":[{"href":"https:\/\/shop.diolosa.com\/pl\/wp-json\/wp\/v2\/product\/3841402","targetHints":{"allow":["GET"]}}],"collection":[{"href":"https:\/\/shop.diolosa.com\/pl\/wp-json\/wp\/v2\/product"}],"about":[{"href":"https:\/\/shop.diolosa.com\/pl\/wp-json\/wp\/v2\/types\/product"}],"wp:featuredmedia":[{"embeddable":true,"href":"https:\/\/shop.diolosa.com\/pl\/wp-json\/wp\/v2\/media\/3835943"}],"wp:attachment":[{"href":"https:\/\/shop.diolosa.com\/pl\/wp-json\/wp\/v2\/media?parent=3841402"}],"wp:term":[{"taxonomy":"product_brand","embeddable":true,"href":"https:\/\/shop.diolosa.com\/pl\/wp-json\/wp\/v2\/product_brand?post=3841402"},{"taxonomy":"product_cat","embeddable":true,"href":"https:\/\/shop.diolosa.com\/pl\/wp-json\/wp\/v2\/product_cat?post=3841402"},{"taxonomy":"product_tag","embeddable":true,"href":"https:\/\/shop.diolosa.com\/pl\/wp-json\/wp\/v2\/product_tag?post=3841402"}],"curies":[{"name":"wp","href":"https:\/\/api.w.org\/{rel}","templated":true}]}}