{"id":3841405,"date":"2025-02-05T10:28:59","date_gmt":"2025-03-10T05:59:04","guid":{"rendered":"https:\/\/shop.diolosa.com\/product\/piesn-wolnosci\/"},"modified":"2025-04-24T20:09:09","modified_gmt":"2025-04-24T19:09:09","slug":"piesn-wolnosci","status":"publish","type":"product","link":"https:\/\/shop.diolosa.com\/pl\/product\/piesn-wolnosci\/","title":{"rendered":"Pie\u015b\u0144 wolno\u015bci"},"content":{"rendered":"<p>SONG OF FREEDOM jest przeznaczony do leczenia szum\u00f3w usznych spowodowanych skutkami ubocznymi szczepienia Covid i samym Covid.<\/p>\n<p>Ta formu\u0142a eliminuje wilgo\u0107 i flegm\u0119, otwiera LUO MAI, usuwa zastoje krwi, oczyszcza umys\u0142 i uspokaja wewn\u0119trzne wiatry, co jest wa\u017cn\u0105 formu\u0142\u0105 otwieraj\u0105c\u0105 shao-yang i uwalniaj\u0105c\u0105 mo-yuan.<\/p>\n<p>&nbsp;<\/p>\n<p>&nbsp;<\/p>\n<p>&nbsp;<\/p>\n","protected":false},"excerpt":{"rendered":"<p>&nbsp;<\/p>\n<p>&nbsp;<\/p>\n<p>&nbsp;<\/p>\n<p>&nbsp;<\/p>\n","protected":false},"featured_media":3835943,"template":"","meta":{"_acf_changed":false},"product_brand":[],"product_cat":[11869],"product_tag":[12177,12476,12474,12475,12477,12472],"class_list":{"0":"post-3841405","1":"product","2":"type-product","3":"status-publish","4":"has-post-thumbnail","6":"product_cat-ent-pl","7":"product_tag-covid-pl","8":"product_tag-dzwonienie-w-uszach","9":"product_tag-fale-mozgowe","10":"product_tag-nao-ming-pl","11":"product_tag-szczepienia","12":"product_tag-szumy-uszne","14":"first","15":"instock","16":"taxable","17":"shipping-taxable","18":"purchasable","19":"product-type-simple"},"acf":{"yn_product_audio":"https:\/\/shop.diolosa.com\/wp-content\/uploads\/2025\/02\/Song-of-FReedom.m4a","yn_product_video":"https:\/\/shop.diolosa.com\/wp-content\/uploads\/2025\/01\/Song-of-FReedom-.mp4","yn_product_akupunktur":"<p><span style=\"color: #000000; font-family: Georgia; font-size: large;\"><strong>Open Shao Yang: uspokajaj\u0105cy &#8211; xie fa <\/strong><\/p>\n<p>San Jiao\/San Chiao 3 <\/span><span style=\"color: #000000; font-family: Songti SC; font-size: large;\">\u4e2d\u6e1a<\/span><span style=\"color: #000000; font-family: Georgia; font-size: large;\">  uspokajaj\u0105cy &#8211; xie fa<br \/>\nSan Jiao\/San Chiao 2 \u6db2\u9580 YeMen . uspokajaj\u0105cy &#8211; xie fa<br \/>\nSan Jiao\/San Chiao-5 \u5916\u95dc w\u00e0i gu\u0101n (yang wei mai, luo) uspokajaj\u0105cy &#8211; xie fa<br \/>\nGallbladder\/Gallbladder-41 \u8db3\u81e8\u6ce3 z\u00fa l\u00edn q\u00ec (dai mai, shu)    <\/span><span style=\"color: #000000; font-family: Georgia; font-size: large;\">. sedate &#8211; xie fa<br \/>\nGallbladder\/p\u0119cherzyk \u017c\u00f3\u0142ciowy-37 \u5149\u660e gu\u0101ng m\u00edng. sedate &#8211; xie fa<br \/>\nGallbladder\/p\u0119cherzyk \u017c\u00f3\u0142ciowy-34 \u967d\u9675\u6cc9 y\u00e1ng l\u00edng qu\u00e1n. sedate &#8211; xie fa<br \/>\nGallbladder\/p\u0119cherzyk \u017c\u00f3\u0142ciowy-40\u4e18\u589f qi\u016b x\u016b. sedate &#8211; xie fa<br \/>\nStomach\/Magen-25 \u5929\u6a1e ti\u0101n sh\u016b- sedate &#8211; xie fa<br \/>\nStomach\/Magen-40 \u8c50\u9686 f\u0113ng l\u00f3ng. sedate &#8211; xie fa<br \/>\nSmall Intestine\/\/D\u00fcntestine-3 \u5f8c\u8c3fh\u00f2u xi. sedate &#8211; xie fa<br \/>\nBladder\/Bladder-62 \u7533\u8108 sh\u0113n m\u00e0i &#8211; Gui Lu \u9b3c\u8def &#8211; Ghost Road &#8211; sedate &#8211; xie fa    <\/p>\n<p><strong>Akupunktura g\u0142owy<\/strong><\/p>\n<p>EX-HN-1 &#8211; \u56db\u795e\u806a &#8211; si shen cong .sedate &#8211; xie fa<br \/>\nEX-HN3 &#8211; \u5370\u5802 Yin Tang sedate &#8211; xie fa<br \/>\nJelito cienkie\/small intestine\/small intestine-19\u807d\u5bae t\u012bng g\u014dng. sedate &#8211; xie fa<br \/>\nSan Jiao\/San Chiao-17 \u7ff3\u98a8 y\u00ec f\u0113ng. sedate &#8211; xie fa<br \/>\nDu Mai -23 \u4e0a\u661f sh\u00e0ng x\u012bng &#8211; Gui Tang \u9b3c\u5802 &#8211; Ghost Hall &#8211; Du 23. sedate &#8211; xie fa<br \/>\nDu Mai -24 \u795e\u5ead sh\u00e9n t\u00edng. sedate &#8211; xie fa<br \/>\nGallbladder\/Gallenbladder-19 \u8166\u7a7a n\u01ceo k\u014dng. sedate &#8211; xie fa<br \/>\nDu-17 \u8166\u6236 n\u01ceo h\u00f9. sedate &#8211; xie fa     <\/p>\n<p>Nerki-7 \u5fa9\u6e9c f\u00f9 li\u016b. tonizuje &#8211; bu fa<br \/>\nNerki-3 \u592a\u8c3f ta\u00ec x\u012b. tonizuje &#8211; bu fa    <\/span><\/p>\n","yn_product_verabreichungsart":"Pelety 140szt.","yn_product_dosierung":"<p>10 tabletek 3 razy dziennie przed posi\u0142kami<\/p>\n","yn_product_combinations":"<p>FREEDOM (Covid)<\/p>\n<p>REMOVING THE CLOUDS (Shi Wen)<\/p>\n<p>BREAKING THROUGH (zakrzepica)<\/p>\n<p>DIAMONS SHIELD (zakrzepica &#8211; zwi\u0105zana ze szczepieniami)<\/p>\n<p>NIRIPSA (zaburzenia kr\u0105\u017cenia, b\u00f3l)<\/p>\n","yn_product_avoidable":"<p>wszystkie pokarmy, kt\u00f3re s\u0105 trudne do strawienia, zw\u0142aszcza czosnek, cebula, cukier, produkty mleczne, pszenica, chleb, makaron, pizza, s\u0142odkie napoje<\/p>\n","yn_product_tcm_mindmapping":"<p>Wen Bing Xue (choroba gor\u0105ca) > Mo Yuan > wilgo\u0107\/\u015bluz > zast\u00f3j Qi i krwi > NO MING i ER MING<\/p>\n","yn_product_tongue_body":"<p>gruby i szeroki j\u0119zyk, czasami ze \u015bladami z\u0119b\u00f3w, plamisty<\/p>\n","yn_product_tongue_coating":"<p>MO YUAN: Pow\u0142oka j\u0119zyka: pudrowa lub g\u0119sta, t\u0142usta i bia\u0142a.<\/p>\n","yn_product_pulse_diagnostics":"<p>HUA MAI &#8211; szybuj\u0105cy, tocz\u0105cy si\u0119 puls<\/p>\n<p>DA MAI &#8211; szeroki impuls<\/p>\n<p>SHI MAI &#8211; Puls Pe\u0142ni<\/p>\n<p>SHUO MAI &#8211; szybki puls<\/p>\n<p>SE MAI &#8211; niezdecydowany, szorstki puls<\/p>\n<p>XIAN MAI &#8211; impuls przypominaj\u0105cy strun\u0119<\/p>\n<p>FU MAI &#8211; impuls powierzchniowy<\/p>\n<p>WEI MAI &#8211; nitkowaty puls<\/p>\n<p>XI MAI &#8211; cienki impuls<\/p>\n<p>SE MAI &#8211; niezdecydowany, szorstki puls<\/p>\n","yn_product_indications":"<p>P\u00f3\u017ane skutki Weng Bin Xue (choroby cieplne), takie jak szczepienia Covid i Covid, szum w uszach, b\u00f3le g\u0142owy (NAO MING), b\u00f3le g\u0142owy przypominaj\u0105ce kask, zawroty g\u0142owy, nudno\u015bci, s\u0142aby apetyt, ospa\u0142o\u015b\u0107, wyczerpanie, zaburzenia poznawcze, sk\u0105pomocz, papkowate stolce, guz m\u00f3zgu (ZHONG LIU).<\/p>\n","yn_product_contra_indications":"<p>Yin Mangl, puste ciep\u0142o, zimny wiatr PE<\/p>\n","yn_product_pregnancy":"<p>Dozwolone<\/p>\n","yn_product_magisterrecipes":"<p>Da Yuan Yin, Huo Xiang Zheng Qi San, San Ren Tang, xue Kai Da Mo Yuan Yin, Chai Hu Da Yuan Yin, Lei Shi Fang Xiang Hua Zhuo Fa, Lei Shi Qing Liang Di Shu Fa, Lei Shi Xuan Tou Mo Yuan Fa, Tou Shi Zhuan Qi Tang, Hao Qin Qing Dan Tang.<\/p>\n"},"yoast_head":"<!-- This site is optimized with the Yoast SEO plugin v24.9 - https:\/\/yoast.com\/wordpress\/plugins\/seo\/ -->\n<title>Pie\u015b\u0144 wolno\u015bci - Claude Diolosa<\/title>\n<meta name=\"robots\" content=\"index, follow, max-snippet:-1, max-image-preview:large, max-video-preview:-1\" \/>\n<link rel=\"canonical\" href=\"https:\/\/shop.diolosa.com\/pl\/product\/piesn-wolnosci\/\" \/>\n<meta property=\"og:locale\" content=\"pl_PL\" \/>\n<meta property=\"og:type\" content=\"article\" \/>\n<meta property=\"og:title\" content=\"Pie\u015b\u0144 wolno\u015bci - Claude Diolosa\" \/>\n<meta property=\"og:description\" content=\"&nbsp; &nbsp; &nbsp; &nbsp;\" \/>\n<meta property=\"og:url\" content=\"https:\/\/shop.diolosa.com\/pl\/product\/piesn-wolnosci\/\" \/>\n<meta property=\"og:site_name\" content=\"Claude Diolosa\" \/>\n<meta property=\"article:publisher\" content=\"https:\/\/facebook.com\/claudediolosa\" \/>\n<meta property=\"article:modified_time\" content=\"2025-04-24T19:09:09+00:00\" \/>\n<meta property=\"og:image\" content=\"https:\/\/shop.diolosa.com\/wp-content\/uploads\/2019\/09\/Presslinge-140.jpg\" \/>\n\t<meta property=\"og:image:width\" content=\"800\" \/>\n\t<meta property=\"og:image:height\" content=\"533\" \/>\n\t<meta property=\"og:image:type\" content=\"image\/jpeg\" \/>\n<meta name=\"twitter:card\" content=\"summary_large_image\" \/>\n<script type=\"application\/ld+json\" class=\"yoast-schema-graph\">{\"@context\":\"https:\/\/schema.org\",\"@graph\":[{\"@type\":\"WebPage\",\"@id\":\"https:\/\/shop.diolosa.com\/pl\/product\/piesn-wolnosci\/\",\"url\":\"https:\/\/shop.diolosa.com\/pl\/product\/piesn-wolnosci\/\",\"name\":\"Pie\u015b\u0144 wolno\u015bci - Claude Diolosa\",\"isPartOf\":{\"@id\":\"https:\/\/shop.diolosa.com\/pl\/#website\"},\"primaryImageOfPage\":{\"@id\":\"https:\/\/shop.diolosa.com\/pl\/product\/piesn-wolnosci\/#primaryimage\"},\"image\":{\"@id\":\"https:\/\/shop.diolosa.com\/pl\/product\/piesn-wolnosci\/#primaryimage\"},\"thumbnailUrl\":\"https:\/\/shop.diolosa.com\/wp-content\/uploads\/2019\/09\/Presslinge-140.jpg\",\"datePublished\":\"2025-03-10T05:59:04+00:00\",\"dateModified\":\"2025-04-24T19:09:09+00:00\",\"breadcrumb\":{\"@id\":\"https:\/\/shop.diolosa.com\/pl\/product\/piesn-wolnosci\/#breadcrumb\"},\"inLanguage\":\"pl-PL\",\"potentialAction\":[{\"@type\":\"ReadAction\",\"target\":[\"https:\/\/shop.diolosa.com\/pl\/product\/piesn-wolnosci\/\"]}]},{\"@type\":\"ImageObject\",\"inLanguage\":\"pl-PL\",\"@id\":\"https:\/\/shop.diolosa.com\/pl\/product\/piesn-wolnosci\/#primaryimage\",\"url\":\"https:\/\/shop.diolosa.com\/wp-content\/uploads\/2019\/09\/Presslinge-140.jpg\",\"contentUrl\":\"https:\/\/shop.diolosa.com\/wp-content\/uploads\/2019\/09\/Presslinge-140.jpg\",\"width\":800,\"height\":533},{\"@type\":\"BreadcrumbList\",\"@id\":\"https:\/\/shop.diolosa.com\/pl\/product\/piesn-wolnosci\/#breadcrumb\",\"itemListElement\":[{\"@type\":\"ListItem\",\"position\":1,\"name\":\"Startseite\",\"item\":\"https:\/\/shop.diolosa.com\/pl\/?page_id=3835710\"},{\"@type\":\"ListItem\",\"position\":2,\"name\":\"Sklep\",\"item\":\"https:\/\/shop.diolosa.com\/pl\/?page_id=3835710\"},{\"@type\":\"ListItem\",\"position\":3,\"name\":\"Pie\u015b\u0144 wolno\u015bci\"}]},{\"@type\":\"WebSite\",\"@id\":\"https:\/\/shop.diolosa.com\/pl\/#website\",\"url\":\"https:\/\/shop.diolosa.com\/pl\/\",\"name\":\"Claude Diolosa\",\"description\":\"\",\"publisher\":{\"@id\":\"https:\/\/shop.diolosa.com\/pl\/#organization\"},\"potentialAction\":[{\"@type\":\"SearchAction\",\"target\":{\"@type\":\"EntryPoint\",\"urlTemplate\":\"https:\/\/shop.diolosa.com\/pl\/?s={search_term_string}\"},\"query-input\":{\"@type\":\"PropertyValueSpecification\",\"valueRequired\":true,\"valueName\":\"search_term_string\"}}],\"inLanguage\":\"pl-PL\"},{\"@type\":\"Organization\",\"@id\":\"https:\/\/shop.diolosa.com\/pl\/#organization\",\"name\":\"Claude Diolosa\",\"url\":\"https:\/\/shop.diolosa.com\/pl\/\",\"logo\":{\"@type\":\"ImageObject\",\"inLanguage\":\"pl-PL\",\"@id\":\"https:\/\/shop.diolosa.com\/pl\/#\/schema\/logo\/image\/\",\"url\":\"https:\/\/shop.diolosa.com\/wp-content\/uploads\/2019\/08\/diolosa-drop-logo-new.png\",\"contentUrl\":\"https:\/\/shop.diolosa.com\/wp-content\/uploads\/2019\/08\/diolosa-drop-logo-new.png\",\"width\":134,\"height\":176,\"caption\":\"Claude Diolosa\"},\"image\":{\"@id\":\"https:\/\/shop.diolosa.com\/pl\/#\/schema\/logo\/image\/\"},\"sameAs\":[\"https:\/\/facebook.com\/claudediolosa\",\"https:\/\/www.instagram.com\/diolosaclaude108\/\"]}]}<\/script>\n<!-- \/ Yoast SEO plugin. -->","yoast_head_json":{"title":"Pie\u015b\u0144 wolno\u015bci - Claude Diolosa","robots":{"index":"index","follow":"follow","max-snippet":"max-snippet:-1","max-image-preview":"max-image-preview:large","max-video-preview":"max-video-preview:-1"},"canonical":"https:\/\/shop.diolosa.com\/pl\/product\/piesn-wolnosci\/","og_locale":"pl_PL","og_type":"article","og_title":"Pie\u015b\u0144 wolno\u015bci - Claude Diolosa","og_description":"&nbsp; &nbsp; &nbsp; &nbsp;","og_url":"https:\/\/shop.diolosa.com\/pl\/product\/piesn-wolnosci\/","og_site_name":"Claude Diolosa","article_publisher":"https:\/\/facebook.com\/claudediolosa","article_modified_time":"2025-04-24T19:09:09+00:00","og_image":[{"width":800,"height":533,"url":"https:\/\/shop.diolosa.com\/wp-content\/uploads\/2019\/09\/Presslinge-140.jpg","type":"image\/jpeg"}],"twitter_card":"summary_large_image","schema":{"@context":"https:\/\/schema.org","@graph":[{"@type":"WebPage","@id":"https:\/\/shop.diolosa.com\/pl\/product\/piesn-wolnosci\/","url":"https:\/\/shop.diolosa.com\/pl\/product\/piesn-wolnosci\/","name":"Pie\u015b\u0144 wolno\u015bci - Claude Diolosa","isPartOf":{"@id":"https:\/\/shop.diolosa.com\/pl\/#website"},"primaryImageOfPage":{"@id":"https:\/\/shop.diolosa.com\/pl\/product\/piesn-wolnosci\/#primaryimage"},"image":{"@id":"https:\/\/shop.diolosa.com\/pl\/product\/piesn-wolnosci\/#primaryimage"},"thumbnailUrl":"https:\/\/shop.diolosa.com\/wp-content\/uploads\/2019\/09\/Presslinge-140.jpg","datePublished":"2025-03-10T05:59:04+00:00","dateModified":"2025-04-24T19:09:09+00:00","breadcrumb":{"@id":"https:\/\/shop.diolosa.com\/pl\/product\/piesn-wolnosci\/#breadcrumb"},"inLanguage":"pl-PL","potentialAction":[{"@type":"ReadAction","target":["https:\/\/shop.diolosa.com\/pl\/product\/piesn-wolnosci\/"]}]},{"@type":"ImageObject","inLanguage":"pl-PL","@id":"https:\/\/shop.diolosa.com\/pl\/product\/piesn-wolnosci\/#primaryimage","url":"https:\/\/shop.diolosa.com\/wp-content\/uploads\/2019\/09\/Presslinge-140.jpg","contentUrl":"https:\/\/shop.diolosa.com\/wp-content\/uploads\/2019\/09\/Presslinge-140.jpg","width":800,"height":533},{"@type":"BreadcrumbList","@id":"https:\/\/shop.diolosa.com\/pl\/product\/piesn-wolnosci\/#breadcrumb","itemListElement":[{"@type":"ListItem","position":1,"name":"Startseite","item":"https:\/\/shop.diolosa.com\/pl\/?page_id=3835710"},{"@type":"ListItem","position":2,"name":"Sklep","item":"https:\/\/shop.diolosa.com\/pl\/?page_id=3835710"},{"@type":"ListItem","position":3,"name":"Pie\u015b\u0144 wolno\u015bci"}]},{"@type":"WebSite","@id":"https:\/\/shop.diolosa.com\/pl\/#website","url":"https:\/\/shop.diolosa.com\/pl\/","name":"Claude Diolosa","description":"","publisher":{"@id":"https:\/\/shop.diolosa.com\/pl\/#organization"},"potentialAction":[{"@type":"SearchAction","target":{"@type":"EntryPoint","urlTemplate":"https:\/\/shop.diolosa.com\/pl\/?s={search_term_string}"},"query-input":{"@type":"PropertyValueSpecification","valueRequired":true,"valueName":"search_term_string"}}],"inLanguage":"pl-PL"},{"@type":"Organization","@id":"https:\/\/shop.diolosa.com\/pl\/#organization","name":"Claude Diolosa","url":"https:\/\/shop.diolosa.com\/pl\/","logo":{"@type":"ImageObject","inLanguage":"pl-PL","@id":"https:\/\/shop.diolosa.com\/pl\/#\/schema\/logo\/image\/","url":"https:\/\/shop.diolosa.com\/wp-content\/uploads\/2019\/08\/diolosa-drop-logo-new.png","contentUrl":"https:\/\/shop.diolosa.com\/wp-content\/uploads\/2019\/08\/diolosa-drop-logo-new.png","width":134,"height":176,"caption":"Claude Diolosa"},"image":{"@id":"https:\/\/shop.diolosa.com\/pl\/#\/schema\/logo\/image\/"},"sameAs":["https:\/\/facebook.com\/claudediolosa","https:\/\/www.instagram.com\/diolosaclaude108\/"]}]}},"_links":{"self":[{"href":"https:\/\/shop.diolosa.com\/pl\/wp-json\/wp\/v2\/product\/3841405","targetHints":{"allow":["GET"]}}],"collection":[{"href":"https:\/\/shop.diolosa.com\/pl\/wp-json\/wp\/v2\/product"}],"about":[{"href":"https:\/\/shop.diolosa.com\/pl\/wp-json\/wp\/v2\/types\/product"}],"wp:featuredmedia":[{"embeddable":true,"href":"https:\/\/shop.diolosa.com\/pl\/wp-json\/wp\/v2\/media\/3835943"}],"wp:attachment":[{"href":"https:\/\/shop.diolosa.com\/pl\/wp-json\/wp\/v2\/media?parent=3841405"}],"wp:term":[{"taxonomy":"product_brand","embeddable":true,"href":"https:\/\/shop.diolosa.com\/pl\/wp-json\/wp\/v2\/product_brand?post=3841405"},{"taxonomy":"product_cat","embeddable":true,"href":"https:\/\/shop.diolosa.com\/pl\/wp-json\/wp\/v2\/product_cat?post=3841405"},{"taxonomy":"product_tag","embeddable":true,"href":"https:\/\/shop.diolosa.com\/pl\/wp-json\/wp\/v2\/product_tag?post=3841405"}],"curies":[{"name":"wp","href":"https:\/\/api.w.org\/{rel}","templated":true}]}}