{"id":3841409,"date":"2025-02-05T10:14:10","date_gmt":"2025-03-10T05:59:06","guid":{"rendered":"https:\/\/shop.diolosa.com\/product\/burza-mozgow\/"},"modified":"2025-06-02T08:37:35","modified_gmt":"2025-06-02T07:37:35","slug":"burza-mozgow","status":"publish","type":"product","link":"https:\/\/shop.diolosa.com\/pl\/product\/burza-mozgow\/","title":{"rendered":"Burza m\u00f3zg\u00f3w"},"content":{"rendered":"<p><strong>Szum (Nao Ming) w g\u0142owie, kt\u00f3rego do\u015bwiadcza wiele os\u00f3b, bardzo r\u00f3\u017cni si\u0119 od klasycznego szumu w uszach, kt\u00f3ry wiele os\u00f3b rozpoznaje jako irytuj\u0105ce dzwonienie w uszach. Ten specyficzny szum jest cz\u0119sto wynikiem konstytucyjnego os\u0142abienia organizmu. Mo\u017ce by\u0107 r\u00f3wnie\u017c wynikiem wyczerpania energii \u017cyciowej, kt\u00f3re wyst\u0119puje po ci\u0119\u017ckiej pracy lub intensywnym wysi\u0142ku umys\u0142owym i fizycznym. Ponadto, du\u017ce zm\u0119czenie lub obecno\u015b\u0107 przewlek\u0142ej choroby odgrywa decyduj\u0105c\u0105 rol\u0119 w rozwoju tego objawu.   <\/strong><\/p>\n<p><strong>Formu\u0142a BRAIN STORM zosta\u0142a opracowana, aby od\u017cywia\u0107 esencj\u0119 \u017cyciow\u0105 i jednocze\u015bnie harmonizowa\u0107 wa\u017cne meridiany, takie jak REN MAI, DU MAI i CHONG MAI. Meridiany te s\u0105 centralnymi kana\u0142ami energetycznymi w ciele, kt\u00f3re maj\u0105 ogromne znaczenie dla dobrego samopoczucia. BRAIN STORM wspomaga r\u00f3wnie\u017c wch\u0142anianie p\u0142yn\u00f3w wewn\u0119trznych, krwi i samej kwintesencji. Innym wa\u017cnym aspektem tej formu\u0142y jest jej zdolno\u015b\u0107 do usuwania subtelnej flegmy &#8211; stanu, kt\u00f3ry cz\u0119sto powoduje zablokowanie kana\u0142\u00f3w serca i m\u00f3zgu.   <\/strong><\/p>\n<p><strong>To zatkanie mo\u017ce prowadzi\u0107 do braku r\u00f3wnowagi, co z kolei uspokaja wewn\u0119trzny wiatr &#8211; poj\u0119cie z tradycyjnej medycyny chi\u0144skiej (TCM), kt\u00f3re odnosi si\u0119 do wewn\u0119trznego niepokoju lub nerwowo\u015bci. Stosowanie tej specjalnej formu\u0142y nie tylko regeneruje cia\u0142o jako ca\u0142o\u015b\u0107; wymaga jednak cierpliwo\u015bci i powinno by\u0107 przyjmowane przez d\u0142u\u017cszy czas, aby rozwin\u0105\u0107 jego pe\u0142ny efekt. <\/strong><\/p>\n","protected":false},"excerpt":{"rendered":"<p>Szum (Nao Ming) w g\u0142owie, kt\u00f3rego do\u015bwiadcza wiele os\u00f3b, bardzo  [&#8230;]<\/p>\n","protected":false},"featured_media":3835943,"template":"","meta":{"_acf_changed":false},"product_brand":[],"product_cat":[11869],"product_tag":[12476,12474,12475,12472],"class_list":{"0":"post-3841409","1":"product","2":"type-product","3":"status-publish","4":"has-post-thumbnail","6":"product_cat-ent-pl","7":"product_tag-dzwonienie-w-uszach","8":"product_tag-fale-mozgowe","9":"product_tag-nao-ming-pl","10":"product_tag-szumy-uszne","12":"first","13":"instock","14":"taxable","15":"shipping-taxable","16":"purchasable","17":"product-type-simple"},"acf":{"yn_product_audio":"https:\/\/shop.diolosa.com\/wp-content\/uploads\/2025\/02\/Brain-Storm-.m4a","yn_product_video":"https:\/\/shop.diolosa.com\/wp-content\/uploads\/2025\/02\/Brain-Storm-.mp4","yn_product_akupunktur":"<p>Ren Mai i Chong Mai wype\u0142niaj\u0105<br \/>\n\u015bledziona 4 &#8211; gong sun (luo, chong mai) &#8211; bu fa<br \/>\nkr\u0105\u017cenie 6 &#8211; nei guan (luo, yin wei mai) &#8211; bu fa<br \/>\np\u0142uca 7 &#8211; lie que (luo, ren mai, gao wu, ma da yang) &#8211; bu fa<br \/>\nnerki 6 &#8211; zhao hai (yin qiao mai) &#8211; bu fa<\/p>\n<p>Nerki i w\u0105troba tonizuj\u0105 yin<br \/>\np\u0119cherz 23 &#8211; shen shu &#8211; bu fa<br \/>\nnerka 3 &#8211; tai xi (shu,yuan) &#8211; bu fa<br \/>\nnerka 7 &#8211; fu liu (jing) &#8211; bu fa<br \/>\nnerka 12 &#8211; da he (chong mai) &#8211; bu fa<br \/>\nren mai 7 &#8211; yin jiao (chong mai- UE) &#8211; bu fa<br \/>\nma 30 &#8211; qi qong &#8211; bu fa<br \/>\nw\u0105troba 8 &#8211; qu quan (he) &#8211; bu fa<br \/>\nw\u0105troba 3 &#8211; tai chong (shu, yuan) &#8211; bu fa<\/p>\n<p>Od\u017cywiaj p\u0142uca Yin<br \/>\np\u0142uca 5 &#8211; chi ze (he) &#8211; bu fa<br \/>\np\u0142uca 9 &#8211; tai yuan &#8211; gui xin (shu, yuan, ba hui xue, gui) &#8211; bu fa<br \/>\np\u0119cherz 13 &#8211; fei shu &#8211; bu fa<br \/>\np\u0119cherz 42 &#8211; po hu (po) &#8211; bu fa<br \/>\np\u0119cherz 43 &#8211; gao huang shu (qi,xue,jinye,yin,yang) &#8211; bu fa<\/p>\n","yn_product_verabreichungsart":"Pelety 140szt.","yn_product_dosierung":"<p>10 tabletek 3 razy dziennie przed posi\u0142kami<\/p>\n<p>(zawiera niewielkie ilo\u015bci glutenu!!!!)<\/p>\n","yn_product_combinations":"<p>YIN ROOT i SAN BAO TEE (niedob\u00f3r yin w nerkach)<\/p>\n<p>IRON DROPS (anemia)<\/p>\n<p>REGENERATION (stan wyczerpania)<\/p>\n<p>CALM RELIEF (nadci\u015bnienie)<\/p>\n<p>DEEP SLEEP FORTE (bezsenno\u015b\u0107)<\/p>\n<p>CLEARING THE HEAT (puste ciep\u0142o)<\/p>\n","yn_product_avoidable":"<p>Produkty mleczne, cukier, pszenica, makaron, owoce tropikalne, sa\u0142atki, zimna \u017cywno\u015b\u0107 i napoje<\/p>\n","yn_product_tcm_mindmapping":"<p>Wyczerpanie z jeziora szpiku kostnego  >  Niedob\u00f3r Yin w nerkach  >  Puste ciep\u0142o  >  Pustka CHON MAI  >  Shao Yin &#8211; niedob\u00f3r Yin  >  Puste ciep\u0142o  >  Wiatr  >  NO MING  >  Fale m\u00f3zgowe<\/p>\n","yn_product_tongue_body":"<p>niski, s\u0142aby, pacjent ma trudno\u015bci z pokazaniem j\u0119zyka, blady<\/p>\n","yn_product_tongue_coating":"<p>cienki, bia\u0142y, rzadki<\/p>\n","yn_product_pulse_diagnostics":"<p>Fu Mai &#8211; powierzchowny puls<\/p>\n<p>Xi Mai &#8211; cienki puls<\/p>\n<p>Xu Mai &#8211; pusty puls<\/p>\n<p>Shuo Mai &#8211; szybki puls<\/p>\n<p>Xian Mai &#8211; puls przypominaj\u0105cy strun\u0119<\/p>\n<p>Se Mai &#8211; niezdecydowany, szorstki puls<\/p>\n","yn_product_indications":"<p>Dzwonienie w uszach (NAO MING), b\u00f3l i os\u0142abienie w dolnej cz\u0119\u015bci plec\u00f3w i kolan, biegunka, zawroty g\u0142owy, zaburzenia funkcji poznawczych, siwe w\u0142osy, os\u0142abienie ko\u015bci, os\u0142abienie konstytucjonalne, wyczerpanie.<\/p>\n","yn_product_contra_indications":"<p>Niedob\u00f3r Yang nerek > Shao Yang i Yang Ming wilgo\u0107\/zimna flegma<\/p>\n","yn_product_pregnancy":"<p>Dozwolone<\/p>\n","yn_product_magisterrecipes":"<p>Gui Lu Er Xian Jiao, Zuo Gui Yin, You Gui Wan, Liu Wei Di Huang Wan<\/p>\n"},"yoast_head":"<!-- This site is optimized with the Yoast SEO plugin v24.9 - https:\/\/yoast.com\/wordpress\/plugins\/seo\/ -->\n<title>Burza m\u00f3zg\u00f3w - Claude Diolosa<\/title>\n<meta name=\"robots\" content=\"index, follow, max-snippet:-1, max-image-preview:large, max-video-preview:-1\" \/>\n<link rel=\"canonical\" href=\"https:\/\/shop.diolosa.com\/pl\/product\/burza-mozgow\/\" \/>\n<meta property=\"og:locale\" content=\"pl_PL\" \/>\n<meta property=\"og:type\" content=\"article\" \/>\n<meta property=\"og:title\" content=\"Burza m\u00f3zg\u00f3w - Claude Diolosa\" \/>\n<meta property=\"og:description\" content=\"Szum (Nao Ming) w g\u0142owie, kt\u00f3rego do\u015bwiadcza wiele os\u00f3b, bardzo [...]\" \/>\n<meta property=\"og:url\" content=\"https:\/\/shop.diolosa.com\/pl\/product\/burza-mozgow\/\" \/>\n<meta property=\"og:site_name\" content=\"Claude Diolosa\" \/>\n<meta property=\"article:publisher\" content=\"https:\/\/facebook.com\/claudediolosa\" \/>\n<meta property=\"article:modified_time\" content=\"2025-06-02T07:37:35+00:00\" \/>\n<meta property=\"og:image\" content=\"https:\/\/shop.diolosa.com\/wp-content\/uploads\/2019\/09\/Presslinge-140.jpg\" \/>\n\t<meta property=\"og:image:width\" content=\"800\" \/>\n\t<meta property=\"og:image:height\" content=\"533\" \/>\n\t<meta property=\"og:image:type\" content=\"image\/jpeg\" \/>\n<meta name=\"twitter:card\" content=\"summary_large_image\" \/>\n<meta name=\"twitter:label1\" content=\"Szacowany czas czytania\" \/>\n\t<meta name=\"twitter:data1\" content=\"1 minuta\" \/>\n<script type=\"application\/ld+json\" class=\"yoast-schema-graph\">{\"@context\":\"https:\/\/schema.org\",\"@graph\":[{\"@type\":\"WebPage\",\"@id\":\"https:\/\/shop.diolosa.com\/pl\/product\/burza-mozgow\/\",\"url\":\"https:\/\/shop.diolosa.com\/pl\/product\/burza-mozgow\/\",\"name\":\"Burza m\u00f3zg\u00f3w - Claude Diolosa\",\"isPartOf\":{\"@id\":\"https:\/\/shop.diolosa.com\/pl\/#website\"},\"primaryImageOfPage\":{\"@id\":\"https:\/\/shop.diolosa.com\/pl\/product\/burza-mozgow\/#primaryimage\"},\"image\":{\"@id\":\"https:\/\/shop.diolosa.com\/pl\/product\/burza-mozgow\/#primaryimage\"},\"thumbnailUrl\":\"https:\/\/shop.diolosa.com\/wp-content\/uploads\/2019\/09\/Presslinge-140.jpg\",\"datePublished\":\"2025-03-10T05:59:06+00:00\",\"dateModified\":\"2025-06-02T07:37:35+00:00\",\"breadcrumb\":{\"@id\":\"https:\/\/shop.diolosa.com\/pl\/product\/burza-mozgow\/#breadcrumb\"},\"inLanguage\":\"pl-PL\",\"potentialAction\":[{\"@type\":\"ReadAction\",\"target\":[\"https:\/\/shop.diolosa.com\/pl\/product\/burza-mozgow\/\"]}]},{\"@type\":\"ImageObject\",\"inLanguage\":\"pl-PL\",\"@id\":\"https:\/\/shop.diolosa.com\/pl\/product\/burza-mozgow\/#primaryimage\",\"url\":\"https:\/\/shop.diolosa.com\/wp-content\/uploads\/2019\/09\/Presslinge-140.jpg\",\"contentUrl\":\"https:\/\/shop.diolosa.com\/wp-content\/uploads\/2019\/09\/Presslinge-140.jpg\",\"width\":800,\"height\":533},{\"@type\":\"BreadcrumbList\",\"@id\":\"https:\/\/shop.diolosa.com\/pl\/product\/burza-mozgow\/#breadcrumb\",\"itemListElement\":[{\"@type\":\"ListItem\",\"position\":1,\"name\":\"Startseite\",\"item\":\"https:\/\/shop.diolosa.com\/pl\/?page_id=3835710\"},{\"@type\":\"ListItem\",\"position\":2,\"name\":\"Sklep\",\"item\":\"https:\/\/shop.diolosa.com\/pl\/?page_id=3835710\"},{\"@type\":\"ListItem\",\"position\":3,\"name\":\"Burza m\u00f3zg\u00f3w\"}]},{\"@type\":\"WebSite\",\"@id\":\"https:\/\/shop.diolosa.com\/pl\/#website\",\"url\":\"https:\/\/shop.diolosa.com\/pl\/\",\"name\":\"Claude Diolosa\",\"description\":\"\",\"publisher\":{\"@id\":\"https:\/\/shop.diolosa.com\/pl\/#organization\"},\"potentialAction\":[{\"@type\":\"SearchAction\",\"target\":{\"@type\":\"EntryPoint\",\"urlTemplate\":\"https:\/\/shop.diolosa.com\/pl\/?s={search_term_string}\"},\"query-input\":{\"@type\":\"PropertyValueSpecification\",\"valueRequired\":true,\"valueName\":\"search_term_string\"}}],\"inLanguage\":\"pl-PL\"},{\"@type\":\"Organization\",\"@id\":\"https:\/\/shop.diolosa.com\/pl\/#organization\",\"name\":\"Claude Diolosa\",\"url\":\"https:\/\/shop.diolosa.com\/pl\/\",\"logo\":{\"@type\":\"ImageObject\",\"inLanguage\":\"pl-PL\",\"@id\":\"https:\/\/shop.diolosa.com\/pl\/#\/schema\/logo\/image\/\",\"url\":\"https:\/\/shop.diolosa.com\/wp-content\/uploads\/2019\/08\/diolosa-drop-logo-new.png\",\"contentUrl\":\"https:\/\/shop.diolosa.com\/wp-content\/uploads\/2019\/08\/diolosa-drop-logo-new.png\",\"width\":134,\"height\":176,\"caption\":\"Claude Diolosa\"},\"image\":{\"@id\":\"https:\/\/shop.diolosa.com\/pl\/#\/schema\/logo\/image\/\"},\"sameAs\":[\"https:\/\/facebook.com\/claudediolosa\",\"https:\/\/www.instagram.com\/diolosaclaude108\/\"]}]}<\/script>\n<!-- \/ Yoast SEO plugin. -->","yoast_head_json":{"title":"Burza m\u00f3zg\u00f3w - Claude Diolosa","robots":{"index":"index","follow":"follow","max-snippet":"max-snippet:-1","max-image-preview":"max-image-preview:large","max-video-preview":"max-video-preview:-1"},"canonical":"https:\/\/shop.diolosa.com\/pl\/product\/burza-mozgow\/","og_locale":"pl_PL","og_type":"article","og_title":"Burza m\u00f3zg\u00f3w - Claude Diolosa","og_description":"Szum (Nao Ming) w g\u0142owie, kt\u00f3rego do\u015bwiadcza wiele os\u00f3b, bardzo [...]","og_url":"https:\/\/shop.diolosa.com\/pl\/product\/burza-mozgow\/","og_site_name":"Claude Diolosa","article_publisher":"https:\/\/facebook.com\/claudediolosa","article_modified_time":"2025-06-02T07:37:35+00:00","og_image":[{"width":800,"height":533,"url":"https:\/\/shop.diolosa.com\/wp-content\/uploads\/2019\/09\/Presslinge-140.jpg","type":"image\/jpeg"}],"twitter_card":"summary_large_image","twitter_misc":{"Szacowany czas czytania":"1 minuta"},"schema":{"@context":"https:\/\/schema.org","@graph":[{"@type":"WebPage","@id":"https:\/\/shop.diolosa.com\/pl\/product\/burza-mozgow\/","url":"https:\/\/shop.diolosa.com\/pl\/product\/burza-mozgow\/","name":"Burza m\u00f3zg\u00f3w - Claude Diolosa","isPartOf":{"@id":"https:\/\/shop.diolosa.com\/pl\/#website"},"primaryImageOfPage":{"@id":"https:\/\/shop.diolosa.com\/pl\/product\/burza-mozgow\/#primaryimage"},"image":{"@id":"https:\/\/shop.diolosa.com\/pl\/product\/burza-mozgow\/#primaryimage"},"thumbnailUrl":"https:\/\/shop.diolosa.com\/wp-content\/uploads\/2019\/09\/Presslinge-140.jpg","datePublished":"2025-03-10T05:59:06+00:00","dateModified":"2025-06-02T07:37:35+00:00","breadcrumb":{"@id":"https:\/\/shop.diolosa.com\/pl\/product\/burza-mozgow\/#breadcrumb"},"inLanguage":"pl-PL","potentialAction":[{"@type":"ReadAction","target":["https:\/\/shop.diolosa.com\/pl\/product\/burza-mozgow\/"]}]},{"@type":"ImageObject","inLanguage":"pl-PL","@id":"https:\/\/shop.diolosa.com\/pl\/product\/burza-mozgow\/#primaryimage","url":"https:\/\/shop.diolosa.com\/wp-content\/uploads\/2019\/09\/Presslinge-140.jpg","contentUrl":"https:\/\/shop.diolosa.com\/wp-content\/uploads\/2019\/09\/Presslinge-140.jpg","width":800,"height":533},{"@type":"BreadcrumbList","@id":"https:\/\/shop.diolosa.com\/pl\/product\/burza-mozgow\/#breadcrumb","itemListElement":[{"@type":"ListItem","position":1,"name":"Startseite","item":"https:\/\/shop.diolosa.com\/pl\/?page_id=3835710"},{"@type":"ListItem","position":2,"name":"Sklep","item":"https:\/\/shop.diolosa.com\/pl\/?page_id=3835710"},{"@type":"ListItem","position":3,"name":"Burza m\u00f3zg\u00f3w"}]},{"@type":"WebSite","@id":"https:\/\/shop.diolosa.com\/pl\/#website","url":"https:\/\/shop.diolosa.com\/pl\/","name":"Claude Diolosa","description":"","publisher":{"@id":"https:\/\/shop.diolosa.com\/pl\/#organization"},"potentialAction":[{"@type":"SearchAction","target":{"@type":"EntryPoint","urlTemplate":"https:\/\/shop.diolosa.com\/pl\/?s={search_term_string}"},"query-input":{"@type":"PropertyValueSpecification","valueRequired":true,"valueName":"search_term_string"}}],"inLanguage":"pl-PL"},{"@type":"Organization","@id":"https:\/\/shop.diolosa.com\/pl\/#organization","name":"Claude Diolosa","url":"https:\/\/shop.diolosa.com\/pl\/","logo":{"@type":"ImageObject","inLanguage":"pl-PL","@id":"https:\/\/shop.diolosa.com\/pl\/#\/schema\/logo\/image\/","url":"https:\/\/shop.diolosa.com\/wp-content\/uploads\/2019\/08\/diolosa-drop-logo-new.png","contentUrl":"https:\/\/shop.diolosa.com\/wp-content\/uploads\/2019\/08\/diolosa-drop-logo-new.png","width":134,"height":176,"caption":"Claude Diolosa"},"image":{"@id":"https:\/\/shop.diolosa.com\/pl\/#\/schema\/logo\/image\/"},"sameAs":["https:\/\/facebook.com\/claudediolosa","https:\/\/www.instagram.com\/diolosaclaude108\/"]}]}},"_links":{"self":[{"href":"https:\/\/shop.diolosa.com\/pl\/wp-json\/wp\/v2\/product\/3841409","targetHints":{"allow":["GET"]}}],"collection":[{"href":"https:\/\/shop.diolosa.com\/pl\/wp-json\/wp\/v2\/product"}],"about":[{"href":"https:\/\/shop.diolosa.com\/pl\/wp-json\/wp\/v2\/types\/product"}],"wp:featuredmedia":[{"embeddable":true,"href":"https:\/\/shop.diolosa.com\/pl\/wp-json\/wp\/v2\/media\/3835943"}],"wp:attachment":[{"href":"https:\/\/shop.diolosa.com\/pl\/wp-json\/wp\/v2\/media?parent=3841409"}],"wp:term":[{"taxonomy":"product_brand","embeddable":true,"href":"https:\/\/shop.diolosa.com\/pl\/wp-json\/wp\/v2\/product_brand?post=3841409"},{"taxonomy":"product_cat","embeddable":true,"href":"https:\/\/shop.diolosa.com\/pl\/wp-json\/wp\/v2\/product_cat?post=3841409"},{"taxonomy":"product_tag","embeddable":true,"href":"https:\/\/shop.diolosa.com\/pl\/wp-json\/wp\/v2\/product_tag?post=3841409"}],"curies":[{"name":"wp","href":"https:\/\/api.w.org\/{rel}","templated":true}]}}