{"id":3841410,"date":"2024-03-13T14:40:19","date_gmt":"2025-03-10T05:59:06","guid":{"rendered":"https:\/\/shop.diolosa.com\/product\/deep-blue-etap-3\/"},"modified":"2025-04-24T20:22:38","modified_gmt":"2025-04-24T19:22:38","slug":"deep-blue-etap-3","status":"publish","type":"product","link":"https:\/\/shop.diolosa.com\/pl\/product\/deep-blue-etap-3\/","title":{"rendered":"Deep Blue (etap 3)"},"content":{"rendered":"<p>DEEP BLUE (stadium 3 boreliozy): kilka miesi\u0119cy po uk\u0105szeniu przez kleszcza u os\u00f3b zaka\u017conych, kt\u00f3re nie otrzyma\u0142y odpowiedniego leczenia, mog\u0105 wyst\u0105pi\u0107 ci\u0119\u017ckie i przewlek\u0142e objawy. Mo\u017cliwe s\u0105 bezobjawowe okresy utajenia trwaj\u0105ce miesi\u0105ce lub nawet lata z p\u00f3\u017aniejszymi zaostrzeniami choroby. Na przyk\u0142ad, acrodermatisi chroncia atrophicans Herxheimer (ACA) cz\u0119sto pojawia si\u0119 dopiero po latach. Mo\u017ce r\u00f3wnie\u017c prowadzi\u0107 do przewlek\u0142ego nawracaj\u0105cego boreliozowego zapalenia staw\u00f3w o r\u00f3\u017cnych obrazach klinicznych lub do zaka\u017cenia o\u015brodkowego i obwodowego uk\u0142adu nerwowego (neuroborelioza) z polineuropati\u0105, boreliozowym zapaleniem opon m\u00f3zgowo-rdzeniowych, boreliozowym zapaleniem m\u00f3zgu i rdzenia lub zapaleniem m\u00f3zgu. Mo\u017cliwe s\u0105 r\u00f3wnie\u017c przewlek\u0142e choroby narz\u0105d\u00f3w zmys\u0142\u00f3w, staw\u00f3w i mi\u0119\u015bni. Przewlek\u0142e choroby staw\u00f3w nazywane s\u0105 boreliozowym zapaleniem staw\u00f3w. Mo\u017ce jednak r\u00f3wnie\u017c wyst\u0105pi\u0107 zapalenie kaletki maziowej.     <\/p>\n<p>Leczenie choroby LYME wymaga szczeg\u00f3lnej uwagi i powinno by\u0107 traktowane w taki sam spos\u00f3b jak choroba Wen Bing Xue (choroba cieplna). Patogen wstrzykni\u0119ty przez kleszcza z jego uk\u0142adu pokarmowego (YANG MING) mo\u017ce w ci\u0119\u017ckich przypadkach przenikn\u0105\u0107 do XUE FEN przez cztery warstwy (SI FEN) i zaatakowa\u0107 uk\u0142ad nerwowy.<\/p>\n","protected":false},"excerpt":{"rendered":"<p>DEEP BLUE (stadium 3 boreliozy): kilka miesi\u0119cy po uk\u0105szeniu przez  [&#8230;]<\/p>\n","protected":false},"featured_media":3835943,"template":"","meta":{"_acf_changed":false},"product_brand":[],"product_cat":[11771],"product_tag":[12485],"class_list":{"0":"post-3841410","1":"product","2":"type-product","3":"status-publish","4":"has-post-thumbnail","6":"product_cat-wen-bing-lun-pl","7":"product_tag-borelioza","9":"first","10":"instock","11":"taxable","12":"shipping-taxable","13":"purchasable","14":"product-type-simple"},"acf":{"yn_product_audio":"https:\/\/shop.diolosa.com\/wp-content\/uploads\/2018\/12\/DL_0924.mp3","yn_product_video":"https:\/\/shop.diolosa.com\/wp-content\/uploads\/2024\/10\/Deep-Blue-Stadium-3.mp4","yn_product_akupunktur":"<p>Ostre &#8211; rozproszenie ciep\u0142a i toksyn<br \/>\njelito grube 4 &#8211; he gu (yuan) &#8211; xie fa<br \/>\njelito grube 11 &#8211; qu chi &#8211; gui tui (he &#8211; gui) &#8211; xie fa<br \/>\nsan chiao 5 &#8211; wai guan (yang wei mai, luo) &#8211; xie fa<br \/>\nsan chiao 3 &#8211; zhong zhu (shu) &#8211; xie fa  <\/p>\n<p>oczyszczanie krwi z ciep\u0142a<br \/>\nw\u0105troba 2 &#8211; xing jian (ying) &#8211; xie fa<br \/>\n\u015bledziona 10 &#8211; xue hai (jezioro krwi) &#8211; xie fa<br \/>\np\u0119cherz 40 &#8211; wei zhong (he, xia he xue &#8211; p\u0119cherz, xi krwi, jing bie ni\/bl) &#8211; xie fa<br \/>\np\u0119cherz 17 &#8211; ge shu (krew) &#8211; xie fa<br \/>\nkr\u0105\u017cenie 8 &#8211; lao gong &#8211; gui cu (ying, gui) &#8211; xie fa<\/p>\n<p>Wilgotne ciep\u0142o odprowadza toksyny przez Yang Ming<br \/>\n\u017co\u0142\u0105dek 25 &#8211; tian shu (mo &#8211; jelito grube) &#8211; xie fa<br \/>\n\u017co\u0142\u0105dek 37 &#8211; shang ju xu (xia he xue &#8211; jelito grube, jezioro krwi, chong mai) &#8211; xie fa<br \/>\n\u017co\u0142\u0105dek 39 &#8211; xia ju xu (xia he xue &#8211; jelito cienkie, jezioro krwi, chong mai) &#8211; xie fa<br \/>\n\u017co\u0142\u0105dek 40 &#8211; feng long (luo) &#8211; xie fa<br \/>\nsan chiao 6 &#8211; zhi gou (jing) &#8211; xie fa  <\/p>\n<p>Uspokojenie OUN<br \/>\nsi shen cong &#8211; M-HN-1 (m\u00f3zg, OUN) i ig\u0142owanie ba gua &#8211; xie fa<br \/>\ndu mai 20 &#8211; bai hui &#8211; bai lao (jezioro szpiku kostnego, p\u0119cherz moczowy) &#8211; xie fa<br \/>\nyin tang &#8211; M-HN-3 &#8211; xie fa<br \/>\nworeczek \u017c\u00f3\u0142ciowy 20 &#8211; feng chi (san chiao, yang wei mai) &#8211; xie fa<\/p>\n","yn_product_verabreichungsart":"Pelety 140szt.","yn_product_dosierung":"<p>3 x 6 do 10 tabletek dziennie, zawsze przed posi\u0142kami<\/p>\n","yn_product_combinations":"<p>SCREEN OCHRONNY (etap 1 &#8211; ostre uk\u0105szenie kleszcza)<\/p>\n<p>DEEP BLUE (etap 2)<\/p>\n<p>CZYSZCZENIE OGRZEWANIA (puste ogrzewanie)<\/p>\n<p>WBL GREEN PROTECTION SCREEN (objawy grypopodobne z b\u00f3lem g\u0142owy i ko\u0144czyn, gor\u0105czka)<\/p>\n<p>USUWANIE CHMUR (choroby Shi Wen z uczuciem bezw\u0142adno\u015bci)<\/p>\n<p>BRIGHT SUMMERTIME (zapalenie \u017co\u0142\u0105dka i jelit, infekcja jelitowa)<\/p>\n<p>GRASPING THE WIND 1 (reumatoidalne zapalenie staw\u00f3w)<\/p>\n<p>HOT EASY MOVMENT (Re Bi Syndrome)<\/p>\n<p>NIRIPSA (b\u00f3l)<\/p>\n<p>FLEMING (gor\u0105czka)<\/p>\n","yn_product_avoidable":"<p>Owoce morza, wieprzowina, kie\u0142basa, ostre przyprawy, czosnek nied\u017awiedzi, dymka, czosnek, szalotka, cebula, por, szczypiorek, alkohol, tyto\u0144, pieprz, kawa<\/p>\n","yn_product_tcm_mindmapping":"<p>Wen Bing Lun > Przenikanie wilgoci Toksyny cieplne > Ying Fen > Xue Fen > Dolegliwo\u015bci neurologiczne<\/p>\n","yn_product_tongue_body":"<p>W\u0105skie, cienkie, czerwone, pop\u0119kane<\/p>\n","yn_product_tongue_coating":"<p>Cienki, \u017c\u00f3\u0142tawy, suchy<\/p>\n","yn_product_pulse_diagnostics":"<p>FU MAI &#8211; powierzchowny, XI MAI &#8211; cienki, SHUO MAI &#8211; szybki, SE MAI &#8211; szorstki<\/p>\n","yn_product_indications":"<p>Etap 3: Rozprzestrzenianie si\u0119 patogenu:<\/p>\n<p>Zesp\u00f3\u0142 YING FEN: deficyty neurologiczne, parali\u017c, pora\u017cenie nerwu twarzowego, b\u00f3l nerw\u00f3w, przewlek\u0142e zm\u0119czenie<\/p>\n<p>Zesp\u00f3\u0142 XUE FEN: Acrodermatitis chronica atrophican Herxheimer, Borrelia meningitis, Lyme encephalomyelitis, encephalitis<\/p>\n","yn_product_contra_indications":"<p>Niedob\u00f3r Yang nerek i \u015bledziony z mokr\u0105 flegm\u0105 i zimnem, przewlek\u0142a biegunka, nietrzymanie moczu i zm\u0119czenie, dolegliwo\u015bci reumatyczne spowodowane wilgotnym zimnem (Shi Han Bi)<\/p>\n","yn_product_pregnancy":"<p>Dozwolone<\/p>\n","yn_product_magisterrecipes":"<p>Wu Wei Xiao Du Yin, Liang Xue Bai Du Tang, Er Miao San, Xin Jia Xiang Ru Yin, Zheng Gan Xi Feng Tang, An Gong Niu Huang Wan<\/p>\n"},"yoast_head":"<!-- This site is optimized with the Yoast SEO plugin v24.9 - https:\/\/yoast.com\/wordpress\/plugins\/seo\/ -->\n<title>Deep Blue (etap 3) - Claude Diolosa<\/title>\n<meta name=\"robots\" content=\"index, follow, max-snippet:-1, max-image-preview:large, max-video-preview:-1\" \/>\n<link rel=\"canonical\" href=\"https:\/\/shop.diolosa.com\/pl\/product\/deep-blue-etap-3\/\" \/>\n<meta property=\"og:locale\" content=\"pl_PL\" \/>\n<meta property=\"og:type\" content=\"article\" \/>\n<meta property=\"og:title\" content=\"Deep Blue (etap 3) - Claude Diolosa\" \/>\n<meta property=\"og:description\" content=\"DEEP BLUE (stadium 3 boreliozy): kilka miesi\u0119cy po uk\u0105szeniu przez [...]\" \/>\n<meta property=\"og:url\" content=\"https:\/\/shop.diolosa.com\/pl\/product\/deep-blue-etap-3\/\" \/>\n<meta property=\"og:site_name\" content=\"Claude Diolosa\" \/>\n<meta property=\"article:publisher\" content=\"https:\/\/facebook.com\/claudediolosa\" \/>\n<meta property=\"article:modified_time\" content=\"2025-04-24T19:22:38+00:00\" \/>\n<meta property=\"og:image\" content=\"https:\/\/shop.diolosa.com\/wp-content\/uploads\/2019\/09\/Presslinge-140.jpg\" \/>\n\t<meta property=\"og:image:width\" content=\"800\" \/>\n\t<meta property=\"og:image:height\" content=\"533\" \/>\n\t<meta property=\"og:image:type\" content=\"image\/jpeg\" \/>\n<meta name=\"twitter:card\" content=\"summary_large_image\" \/>\n<meta name=\"twitter:label1\" content=\"Szacowany czas czytania\" \/>\n\t<meta name=\"twitter:data1\" content=\"1 minuta\" \/>\n<script type=\"application\/ld+json\" class=\"yoast-schema-graph\">{\"@context\":\"https:\/\/schema.org\",\"@graph\":[{\"@type\":\"WebPage\",\"@id\":\"https:\/\/shop.diolosa.com\/pl\/product\/deep-blue-etap-3\/\",\"url\":\"https:\/\/shop.diolosa.com\/pl\/product\/deep-blue-etap-3\/\",\"name\":\"Deep Blue (etap 3) - Claude Diolosa\",\"isPartOf\":{\"@id\":\"https:\/\/shop.diolosa.com\/pl\/#website\"},\"primaryImageOfPage\":{\"@id\":\"https:\/\/shop.diolosa.com\/pl\/product\/deep-blue-etap-3\/#primaryimage\"},\"image\":{\"@id\":\"https:\/\/shop.diolosa.com\/pl\/product\/deep-blue-etap-3\/#primaryimage\"},\"thumbnailUrl\":\"https:\/\/shop.diolosa.com\/wp-content\/uploads\/2019\/09\/Presslinge-140.jpg\",\"datePublished\":\"2025-03-10T05:59:06+00:00\",\"dateModified\":\"2025-04-24T19:22:38+00:00\",\"breadcrumb\":{\"@id\":\"https:\/\/shop.diolosa.com\/pl\/product\/deep-blue-etap-3\/#breadcrumb\"},\"inLanguage\":\"pl-PL\",\"potentialAction\":[{\"@type\":\"ReadAction\",\"target\":[\"https:\/\/shop.diolosa.com\/pl\/product\/deep-blue-etap-3\/\"]}]},{\"@type\":\"ImageObject\",\"inLanguage\":\"pl-PL\",\"@id\":\"https:\/\/shop.diolosa.com\/pl\/product\/deep-blue-etap-3\/#primaryimage\",\"url\":\"https:\/\/shop.diolosa.com\/wp-content\/uploads\/2019\/09\/Presslinge-140.jpg\",\"contentUrl\":\"https:\/\/shop.diolosa.com\/wp-content\/uploads\/2019\/09\/Presslinge-140.jpg\",\"width\":800,\"height\":533},{\"@type\":\"BreadcrumbList\",\"@id\":\"https:\/\/shop.diolosa.com\/pl\/product\/deep-blue-etap-3\/#breadcrumb\",\"itemListElement\":[{\"@type\":\"ListItem\",\"position\":1,\"name\":\"Startseite\",\"item\":\"https:\/\/shop.diolosa.com\/pl\/?page_id=3835710\"},{\"@type\":\"ListItem\",\"position\":2,\"name\":\"Sklep\",\"item\":\"https:\/\/shop.diolosa.com\/pl\/?page_id=3835710\"},{\"@type\":\"ListItem\",\"position\":3,\"name\":\"Deep Blue (etap 3)\"}]},{\"@type\":\"WebSite\",\"@id\":\"https:\/\/shop.diolosa.com\/pl\/#website\",\"url\":\"https:\/\/shop.diolosa.com\/pl\/\",\"name\":\"Claude Diolosa\",\"description\":\"\",\"publisher\":{\"@id\":\"https:\/\/shop.diolosa.com\/pl\/#organization\"},\"potentialAction\":[{\"@type\":\"SearchAction\",\"target\":{\"@type\":\"EntryPoint\",\"urlTemplate\":\"https:\/\/shop.diolosa.com\/pl\/?s={search_term_string}\"},\"query-input\":{\"@type\":\"PropertyValueSpecification\",\"valueRequired\":true,\"valueName\":\"search_term_string\"}}],\"inLanguage\":\"pl-PL\"},{\"@type\":\"Organization\",\"@id\":\"https:\/\/shop.diolosa.com\/pl\/#organization\",\"name\":\"Claude Diolosa\",\"url\":\"https:\/\/shop.diolosa.com\/pl\/\",\"logo\":{\"@type\":\"ImageObject\",\"inLanguage\":\"pl-PL\",\"@id\":\"https:\/\/shop.diolosa.com\/pl\/#\/schema\/logo\/image\/\",\"url\":\"https:\/\/shop.diolosa.com\/wp-content\/uploads\/2019\/08\/diolosa-drop-logo-new.png\",\"contentUrl\":\"https:\/\/shop.diolosa.com\/wp-content\/uploads\/2019\/08\/diolosa-drop-logo-new.png\",\"width\":134,\"height\":176,\"caption\":\"Claude Diolosa\"},\"image\":{\"@id\":\"https:\/\/shop.diolosa.com\/pl\/#\/schema\/logo\/image\/\"},\"sameAs\":[\"https:\/\/facebook.com\/claudediolosa\",\"https:\/\/www.instagram.com\/diolosaclaude108\/\"]}]}<\/script>\n<!-- \/ Yoast SEO plugin. -->","yoast_head_json":{"title":"Deep Blue (etap 3) - Claude Diolosa","robots":{"index":"index","follow":"follow","max-snippet":"max-snippet:-1","max-image-preview":"max-image-preview:large","max-video-preview":"max-video-preview:-1"},"canonical":"https:\/\/shop.diolosa.com\/pl\/product\/deep-blue-etap-3\/","og_locale":"pl_PL","og_type":"article","og_title":"Deep Blue (etap 3) - Claude Diolosa","og_description":"DEEP BLUE (stadium 3 boreliozy): kilka miesi\u0119cy po uk\u0105szeniu przez [...]","og_url":"https:\/\/shop.diolosa.com\/pl\/product\/deep-blue-etap-3\/","og_site_name":"Claude Diolosa","article_publisher":"https:\/\/facebook.com\/claudediolosa","article_modified_time":"2025-04-24T19:22:38+00:00","og_image":[{"width":800,"height":533,"url":"https:\/\/shop.diolosa.com\/wp-content\/uploads\/2019\/09\/Presslinge-140.jpg","type":"image\/jpeg"}],"twitter_card":"summary_large_image","twitter_misc":{"Szacowany czas czytania":"1 minuta"},"schema":{"@context":"https:\/\/schema.org","@graph":[{"@type":"WebPage","@id":"https:\/\/shop.diolosa.com\/pl\/product\/deep-blue-etap-3\/","url":"https:\/\/shop.diolosa.com\/pl\/product\/deep-blue-etap-3\/","name":"Deep Blue (etap 3) - Claude Diolosa","isPartOf":{"@id":"https:\/\/shop.diolosa.com\/pl\/#website"},"primaryImageOfPage":{"@id":"https:\/\/shop.diolosa.com\/pl\/product\/deep-blue-etap-3\/#primaryimage"},"image":{"@id":"https:\/\/shop.diolosa.com\/pl\/product\/deep-blue-etap-3\/#primaryimage"},"thumbnailUrl":"https:\/\/shop.diolosa.com\/wp-content\/uploads\/2019\/09\/Presslinge-140.jpg","datePublished":"2025-03-10T05:59:06+00:00","dateModified":"2025-04-24T19:22:38+00:00","breadcrumb":{"@id":"https:\/\/shop.diolosa.com\/pl\/product\/deep-blue-etap-3\/#breadcrumb"},"inLanguage":"pl-PL","potentialAction":[{"@type":"ReadAction","target":["https:\/\/shop.diolosa.com\/pl\/product\/deep-blue-etap-3\/"]}]},{"@type":"ImageObject","inLanguage":"pl-PL","@id":"https:\/\/shop.diolosa.com\/pl\/product\/deep-blue-etap-3\/#primaryimage","url":"https:\/\/shop.diolosa.com\/wp-content\/uploads\/2019\/09\/Presslinge-140.jpg","contentUrl":"https:\/\/shop.diolosa.com\/wp-content\/uploads\/2019\/09\/Presslinge-140.jpg","width":800,"height":533},{"@type":"BreadcrumbList","@id":"https:\/\/shop.diolosa.com\/pl\/product\/deep-blue-etap-3\/#breadcrumb","itemListElement":[{"@type":"ListItem","position":1,"name":"Startseite","item":"https:\/\/shop.diolosa.com\/pl\/?page_id=3835710"},{"@type":"ListItem","position":2,"name":"Sklep","item":"https:\/\/shop.diolosa.com\/pl\/?page_id=3835710"},{"@type":"ListItem","position":3,"name":"Deep Blue (etap 3)"}]},{"@type":"WebSite","@id":"https:\/\/shop.diolosa.com\/pl\/#website","url":"https:\/\/shop.diolosa.com\/pl\/","name":"Claude Diolosa","description":"","publisher":{"@id":"https:\/\/shop.diolosa.com\/pl\/#organization"},"potentialAction":[{"@type":"SearchAction","target":{"@type":"EntryPoint","urlTemplate":"https:\/\/shop.diolosa.com\/pl\/?s={search_term_string}"},"query-input":{"@type":"PropertyValueSpecification","valueRequired":true,"valueName":"search_term_string"}}],"inLanguage":"pl-PL"},{"@type":"Organization","@id":"https:\/\/shop.diolosa.com\/pl\/#organization","name":"Claude Diolosa","url":"https:\/\/shop.diolosa.com\/pl\/","logo":{"@type":"ImageObject","inLanguage":"pl-PL","@id":"https:\/\/shop.diolosa.com\/pl\/#\/schema\/logo\/image\/","url":"https:\/\/shop.diolosa.com\/wp-content\/uploads\/2019\/08\/diolosa-drop-logo-new.png","contentUrl":"https:\/\/shop.diolosa.com\/wp-content\/uploads\/2019\/08\/diolosa-drop-logo-new.png","width":134,"height":176,"caption":"Claude Diolosa"},"image":{"@id":"https:\/\/shop.diolosa.com\/pl\/#\/schema\/logo\/image\/"},"sameAs":["https:\/\/facebook.com\/claudediolosa","https:\/\/www.instagram.com\/diolosaclaude108\/"]}]}},"_links":{"self":[{"href":"https:\/\/shop.diolosa.com\/pl\/wp-json\/wp\/v2\/product\/3841410","targetHints":{"allow":["GET"]}}],"collection":[{"href":"https:\/\/shop.diolosa.com\/pl\/wp-json\/wp\/v2\/product"}],"about":[{"href":"https:\/\/shop.diolosa.com\/pl\/wp-json\/wp\/v2\/types\/product"}],"wp:featuredmedia":[{"embeddable":true,"href":"https:\/\/shop.diolosa.com\/pl\/wp-json\/wp\/v2\/media\/3835943"}],"wp:attachment":[{"href":"https:\/\/shop.diolosa.com\/pl\/wp-json\/wp\/v2\/media?parent=3841410"}],"wp:term":[{"taxonomy":"product_brand","embeddable":true,"href":"https:\/\/shop.diolosa.com\/pl\/wp-json\/wp\/v2\/product_brand?post=3841410"},{"taxonomy":"product_cat","embeddable":true,"href":"https:\/\/shop.diolosa.com\/pl\/wp-json\/wp\/v2\/product_cat?post=3841410"},{"taxonomy":"product_tag","embeddable":true,"href":"https:\/\/shop.diolosa.com\/pl\/wp-json\/wp\/v2\/product_tag?post=3841410"}],"curies":[{"name":"wp","href":"https:\/\/api.w.org\/{rel}","templated":true}]}}