{"id":3841456,"date":"2023-11-15T08:08:00","date_gmt":"2025-03-10T05:59:11","guid":{"rendered":"https:\/\/shop.diolosa.com\/product\/jade-pearl\/"},"modified":"2025-04-24T20:22:30","modified_gmt":"2025-04-24T19:22:30","slug":"jade-pearl","status":"publish","type":"product","link":"https:\/\/shop.diolosa.com\/pl\/product\/jade-pearl\/","title":{"rendered":"Jade Pearl"},"content":{"rendered":"<p><strong>JADE PEARL<\/strong> jest niezb\u0119dny dla m\u0119\u017cczyzn. Formu\u0142a ta chroni prostat\u0119 i zapobiega wilgoci, gor\u0105cu, zastojowi qi i krwi oraz toksynom w prostacie, a tym samym ma dzia\u0142anie zapobiegawcze przeciwko Zhong Liu. JADE PEARL mo\u017cna \u0142\u0105czy\u0107 z HEAVEN&#8217;S PROTECTION.  <\/p>\n<p><strong> <\/strong><\/p>\n<p>&nbsp;<\/p>\n","protected":false},"excerpt":{"rendered":"<p>&nbsp;<\/p>\n<p>&nbsp;<\/p>\n","protected":false},"featured_media":3835943,"template":"","meta":{"_acf_changed":false},"product_brand":[],"product_cat":[12241],"product_tag":[12491],"class_list":{"0":"post-3841456","1":"product","2":"type-product","3":"status-publish","4":"has-post-thumbnail","6":"product_cat-profilaktyka","7":"product_tag-profilaktyka-prostaty-zhong-liu","9":"first","10":"instock","11":"taxable","12":"shipping-taxable","13":"purchasable","14":"product-type-simple"},"acf":{"yn_product_akupunktur":"<p>Obni\u017cenie gor\u0105czki<br \/>\nDu Mai &#8211; 14 \u2f24\u690ed\u00e0 zhu\u012b<br \/>\n\u017bo\u0142\u0105dek &#8211; 44\u5185\u5eadn\u00e8i t\u00edng<br \/>\nP\u0119cherz &#8211; 13 \u80ba\u4fde f\u00e8i sh\u016b<br \/>\nP\u0119cherz &#8211; 12 \u2fb5\u2fa8 f\u0113ng m\u00e9n<br \/>\nSan Jiao-5 \u5916\u95dcw\u00e0i gu\u0101n (yang wei mai, luo)<\/p>\n<p>Wiatr Wydala ciep\u0142o i toksyny<br \/>\nJelito grube-4\u5408\u2f95h\u00e9 g\u01d4<br \/>\nJelito grube-11 \u66f2\u6c60 q\u016b ch\u00ed<br \/>\nJelito grube 20 \u8fce\u2fb9 y\u00edng xi\u0101ng<\/p>\n<p>Obni\u017cenie Qi p\u0142uc &#8211; odkrztuszanie i przemieszczanie krwi<br \/>\nLung-6 \u5b54\u6700k\u01d2ng zu\u00ec<br \/>\nCirculation-6 \u5167\u95dcn\u00e8i gu\u0101n<br \/>\nCirculation-5 \u9593\u4f7fji\u0101n sh\u01d0<br \/>\nStomach-40 \u8c50\u9686f\u0113ng l\u00f3ng<br \/>\nLung-5 \u5c3a\u6fa4 ch\u01d0 z\u00e9<br \/>\nLung-9 \u592a\u6df5 t\u00e0i yu\u0101n<br \/>\nRen Mai-17 \u81bb\u4e2d sh\u0101n zh\u014dng<br \/>\nMagen-36 \u2f9c\u4e09\u2fa5 z\u00fa s\u0101n l\u01d0<br \/>\nShen spokojny i czysty<br \/>\nEX-HN-1 -\u56db\u795e\u806a Si Shen Cong<br \/>\nM-HN-3 \u5370\u5802 y\u00ecn t\u00e1ng<\/p>\n<p>Stymuluje tranzyt jelitowy i obni\u017ca gor\u0105czk\u0119<br \/>\nSan Chiao-6 \u2f40\u6e9d zh\u012b g\u014du<br \/>\nStomach-25 \u5929\u6a1eti\u0101n sh\u016b<br \/>\nStomach-37 \u4e0a\u5de8\u865b sh\u00e0ng j\u00f9 x\u016b<\/p>\n<p>B\u00f3l g\u0142owy<br \/>\nP\u0119cherz moczowy-40 \u59d4\u4e2d w\u011bi zh\u014dng &#8211; xie fa &#8211; krwawienie &#8211; Jing Bie<br \/>\nP\u0119cherz moczowy-65 \u675f\u2ee3 sh\u00f9 g\u01d4 &#8211; xie fa<br \/>\nP\u0119cherz moczowy-10 \u5929\u67f1 ti\u0101n zh\u00f9 &#8211; xie fa<br \/>\nP\u0119cherzyk \u017c\u00f3\u0142ciowy-20 \u2fb5\u6c60 f\u0113ng ch\u00ed &#8211; xie fa<br \/>\nGallbladder -19 \u8166\u7a7a n\u01ceo k\u014dng &#8211; xie fa<br \/>\nDu Mai -17 \u8166\u2f3en\u01ceo h\u00f9 &#8211; xie fa<br \/>\nKidneys -3 \u592a\u8c3f ta\u00ec x\u012b &#8211; bu fa<br \/>\nKidneys-10 \u9670\u2f95 y\u012bn g\u01d4 &#8211; bu fa<\/p>\n","yn_product_verabreichungsart":"Pelety 140szt.","yn_product_dosierung":"<p>Raz w roku na wiosn\u0119: 3 x 4 tabletki przed posi\u0142kami &#8211; przez 12 dni &#8211; razem z <strong>HEAVEN&#8217;S PROTECTION <\/strong> <\/p>\n","yn_product_combinations":"<p><strong>HEAVEN&#8217;S PROTECTION<\/strong> (leczenie profilaktyczne Zhong Liu), <strong>BIG <\/strong> <strong>PEARL<\/strong> (przerost gruczo\u0142u krokowego), <strong>RED PEARL<\/strong> (ostre zapalenie gruczo\u0142u krokowego), <strong>HOT <\/strong><strong> STREAM<\/strong> (zapalenie p\u0119cherza moczowego z powodu wilgotnego ciep\u0142a toksyn),<strong> COLD STREAM<\/strong> (zapalenie p\u0119cherza moczowego z powodu niedoboru Qi i Yang)<\/p>\n","yn_product_avoidable":"<p>Alkohol, tyto\u0144, og\u00f3lnie produkty mleczne, wieprzowina<\/p>\n","yn_product_tcm_mindmapping":"<p><strong>TCM Mindmapping &#8211; Bian Zheng<\/strong>: Zast\u00f3j Qi w\u0105troby i Dai Mai > Wilgo\u0107 i nagromadzenie flegmy w UE > Wilgo\u0107, ciep\u0142o i toksyny > Zast\u00f3j Qi i krwi > Zhong Liu<\/p>\n","yn_product_tongue_body":"<p>Ze wzgl\u0119du na profilaktyczne w\u0142a\u015bciwo\u015bci preparatu, j\u0119zyk i jego pow\u0142oka nie s\u0105 istotne.<\/p>\n","yn_product_tongue_coating":"<p>Ze wzgl\u0119du na profilaktyczne w\u0142a\u015bciwo\u015bci preparatu, j\u0119zyk i jego pow\u0142oka nie s\u0105 istotne<\/p>\n","yn_product_pulse_diagnostics":"<p>Ze wzgl\u0119du na profilaktyczne w\u0142a\u015bciwo\u015bci preparatu puls nie jest istotny.<\/p>\n","yn_product_indications":"<p>Profilaktyczne leczenie prostaty od 40 roku \u017cycia<\/p>\n","yn_product_contra_indications":"<p>Brak<\/p>\n","yn_product_pregnancy":"<p>Niedozwolone<\/p>\n","yn_product_magisterrecipes":"<p>Cheng Shi Bei Xie Fen Qing Yin, Bei Xie Fen Qing Yin<\/p>\n","yn_product_audio":"https:\/\/shop.diolosa.com\/wp-content\/uploads\/2025\/07\/Jade-Pearl-.m4a","yn_product_video":"https:\/\/shop.diolosa.com\/wp-content\/uploads\/2025\/07\/Jade-Pearl-.mp4"},"yoast_head":"<!-- This site is optimized with the Yoast SEO plugin v24.9 - https:\/\/yoast.com\/wordpress\/plugins\/seo\/ -->\n<title>Jade Pearl - Claude Diolosa<\/title>\n<meta name=\"robots\" content=\"index, follow, max-snippet:-1, max-image-preview:large, max-video-preview:-1\" \/>\n<link rel=\"canonical\" href=\"https:\/\/shop.diolosa.com\/pl\/product\/jade-pearl\/\" \/>\n<meta property=\"og:locale\" content=\"pl_PL\" \/>\n<meta property=\"og:type\" content=\"article\" \/>\n<meta property=\"og:title\" content=\"Jade Pearl - Claude Diolosa\" \/>\n<meta property=\"og:description\" content=\"&nbsp; &nbsp;\" \/>\n<meta property=\"og:url\" content=\"https:\/\/shop.diolosa.com\/pl\/product\/jade-pearl\/\" \/>\n<meta property=\"og:site_name\" content=\"Claude Diolosa\" \/>\n<meta property=\"article:publisher\" content=\"https:\/\/facebook.com\/claudediolosa\" \/>\n<meta property=\"article:modified_time\" content=\"2025-04-24T19:22:30+00:00\" \/>\n<meta property=\"og:image\" content=\"https:\/\/shop.diolosa.com\/wp-content\/uploads\/2019\/09\/Presslinge-140.jpg\" \/>\n\t<meta property=\"og:image:width\" content=\"800\" \/>\n\t<meta property=\"og:image:height\" content=\"533\" \/>\n\t<meta property=\"og:image:type\" content=\"image\/jpeg\" \/>\n<meta name=\"twitter:card\" content=\"summary_large_image\" \/>\n<script type=\"application\/ld+json\" class=\"yoast-schema-graph\">{\"@context\":\"https:\/\/schema.org\",\"@graph\":[{\"@type\":\"WebPage\",\"@id\":\"https:\/\/shop.diolosa.com\/pl\/product\/jade-pearl\/\",\"url\":\"https:\/\/shop.diolosa.com\/pl\/product\/jade-pearl\/\",\"name\":\"Jade Pearl - Claude Diolosa\",\"isPartOf\":{\"@id\":\"https:\/\/shop.diolosa.com\/pl\/#website\"},\"primaryImageOfPage\":{\"@id\":\"https:\/\/shop.diolosa.com\/pl\/product\/jade-pearl\/#primaryimage\"},\"image\":{\"@id\":\"https:\/\/shop.diolosa.com\/pl\/product\/jade-pearl\/#primaryimage\"},\"thumbnailUrl\":\"https:\/\/shop.diolosa.com\/wp-content\/uploads\/2019\/09\/Presslinge-140.jpg\",\"datePublished\":\"2025-03-10T05:59:11+00:00\",\"dateModified\":\"2025-04-24T19:22:30+00:00\",\"breadcrumb\":{\"@id\":\"https:\/\/shop.diolosa.com\/pl\/product\/jade-pearl\/#breadcrumb\"},\"inLanguage\":\"pl-PL\",\"potentialAction\":[{\"@type\":\"ReadAction\",\"target\":[\"https:\/\/shop.diolosa.com\/pl\/product\/jade-pearl\/\"]}]},{\"@type\":\"ImageObject\",\"inLanguage\":\"pl-PL\",\"@id\":\"https:\/\/shop.diolosa.com\/pl\/product\/jade-pearl\/#primaryimage\",\"url\":\"https:\/\/shop.diolosa.com\/wp-content\/uploads\/2019\/09\/Presslinge-140.jpg\",\"contentUrl\":\"https:\/\/shop.diolosa.com\/wp-content\/uploads\/2019\/09\/Presslinge-140.jpg\",\"width\":800,\"height\":533},{\"@type\":\"BreadcrumbList\",\"@id\":\"https:\/\/shop.diolosa.com\/pl\/product\/jade-pearl\/#breadcrumb\",\"itemListElement\":[{\"@type\":\"ListItem\",\"position\":1,\"name\":\"Startseite\",\"item\":\"https:\/\/shop.diolosa.com\/pl\/?page_id=3835710\"},{\"@type\":\"ListItem\",\"position\":2,\"name\":\"Sklep\",\"item\":\"https:\/\/shop.diolosa.com\/pl\/?page_id=3835710\"},{\"@type\":\"ListItem\",\"position\":3,\"name\":\"Jade Pearl\"}]},{\"@type\":\"WebSite\",\"@id\":\"https:\/\/shop.diolosa.com\/pl\/#website\",\"url\":\"https:\/\/shop.diolosa.com\/pl\/\",\"name\":\"Claude Diolosa\",\"description\":\"\",\"publisher\":{\"@id\":\"https:\/\/shop.diolosa.com\/pl\/#organization\"},\"potentialAction\":[{\"@type\":\"SearchAction\",\"target\":{\"@type\":\"EntryPoint\",\"urlTemplate\":\"https:\/\/shop.diolosa.com\/pl\/?s={search_term_string}\"},\"query-input\":{\"@type\":\"PropertyValueSpecification\",\"valueRequired\":true,\"valueName\":\"search_term_string\"}}],\"inLanguage\":\"pl-PL\"},{\"@type\":\"Organization\",\"@id\":\"https:\/\/shop.diolosa.com\/pl\/#organization\",\"name\":\"Claude Diolosa\",\"url\":\"https:\/\/shop.diolosa.com\/pl\/\",\"logo\":{\"@type\":\"ImageObject\",\"inLanguage\":\"pl-PL\",\"@id\":\"https:\/\/shop.diolosa.com\/pl\/#\/schema\/logo\/image\/\",\"url\":\"https:\/\/shop.diolosa.com\/wp-content\/uploads\/2019\/08\/diolosa-drop-logo-new.png\",\"contentUrl\":\"https:\/\/shop.diolosa.com\/wp-content\/uploads\/2019\/08\/diolosa-drop-logo-new.png\",\"width\":134,\"height\":176,\"caption\":\"Claude Diolosa\"},\"image\":{\"@id\":\"https:\/\/shop.diolosa.com\/pl\/#\/schema\/logo\/image\/\"},\"sameAs\":[\"https:\/\/facebook.com\/claudediolosa\",\"https:\/\/www.instagram.com\/diolosaclaude108\/\"]}]}<\/script>\n<!-- \/ Yoast SEO plugin. -->","yoast_head_json":{"title":"Jade Pearl - Claude Diolosa","robots":{"index":"index","follow":"follow","max-snippet":"max-snippet:-1","max-image-preview":"max-image-preview:large","max-video-preview":"max-video-preview:-1"},"canonical":"https:\/\/shop.diolosa.com\/pl\/product\/jade-pearl\/","og_locale":"pl_PL","og_type":"article","og_title":"Jade Pearl - Claude Diolosa","og_description":"&nbsp; &nbsp;","og_url":"https:\/\/shop.diolosa.com\/pl\/product\/jade-pearl\/","og_site_name":"Claude Diolosa","article_publisher":"https:\/\/facebook.com\/claudediolosa","article_modified_time":"2025-04-24T19:22:30+00:00","og_image":[{"width":800,"height":533,"url":"https:\/\/shop.diolosa.com\/wp-content\/uploads\/2019\/09\/Presslinge-140.jpg","type":"image\/jpeg"}],"twitter_card":"summary_large_image","schema":{"@context":"https:\/\/schema.org","@graph":[{"@type":"WebPage","@id":"https:\/\/shop.diolosa.com\/pl\/product\/jade-pearl\/","url":"https:\/\/shop.diolosa.com\/pl\/product\/jade-pearl\/","name":"Jade Pearl - Claude Diolosa","isPartOf":{"@id":"https:\/\/shop.diolosa.com\/pl\/#website"},"primaryImageOfPage":{"@id":"https:\/\/shop.diolosa.com\/pl\/product\/jade-pearl\/#primaryimage"},"image":{"@id":"https:\/\/shop.diolosa.com\/pl\/product\/jade-pearl\/#primaryimage"},"thumbnailUrl":"https:\/\/shop.diolosa.com\/wp-content\/uploads\/2019\/09\/Presslinge-140.jpg","datePublished":"2025-03-10T05:59:11+00:00","dateModified":"2025-04-24T19:22:30+00:00","breadcrumb":{"@id":"https:\/\/shop.diolosa.com\/pl\/product\/jade-pearl\/#breadcrumb"},"inLanguage":"pl-PL","potentialAction":[{"@type":"ReadAction","target":["https:\/\/shop.diolosa.com\/pl\/product\/jade-pearl\/"]}]},{"@type":"ImageObject","inLanguage":"pl-PL","@id":"https:\/\/shop.diolosa.com\/pl\/product\/jade-pearl\/#primaryimage","url":"https:\/\/shop.diolosa.com\/wp-content\/uploads\/2019\/09\/Presslinge-140.jpg","contentUrl":"https:\/\/shop.diolosa.com\/wp-content\/uploads\/2019\/09\/Presslinge-140.jpg","width":800,"height":533},{"@type":"BreadcrumbList","@id":"https:\/\/shop.diolosa.com\/pl\/product\/jade-pearl\/#breadcrumb","itemListElement":[{"@type":"ListItem","position":1,"name":"Startseite","item":"https:\/\/shop.diolosa.com\/pl\/?page_id=3835710"},{"@type":"ListItem","position":2,"name":"Sklep","item":"https:\/\/shop.diolosa.com\/pl\/?page_id=3835710"},{"@type":"ListItem","position":3,"name":"Jade Pearl"}]},{"@type":"WebSite","@id":"https:\/\/shop.diolosa.com\/pl\/#website","url":"https:\/\/shop.diolosa.com\/pl\/","name":"Claude Diolosa","description":"","publisher":{"@id":"https:\/\/shop.diolosa.com\/pl\/#organization"},"potentialAction":[{"@type":"SearchAction","target":{"@type":"EntryPoint","urlTemplate":"https:\/\/shop.diolosa.com\/pl\/?s={search_term_string}"},"query-input":{"@type":"PropertyValueSpecification","valueRequired":true,"valueName":"search_term_string"}}],"inLanguage":"pl-PL"},{"@type":"Organization","@id":"https:\/\/shop.diolosa.com\/pl\/#organization","name":"Claude Diolosa","url":"https:\/\/shop.diolosa.com\/pl\/","logo":{"@type":"ImageObject","inLanguage":"pl-PL","@id":"https:\/\/shop.diolosa.com\/pl\/#\/schema\/logo\/image\/","url":"https:\/\/shop.diolosa.com\/wp-content\/uploads\/2019\/08\/diolosa-drop-logo-new.png","contentUrl":"https:\/\/shop.diolosa.com\/wp-content\/uploads\/2019\/08\/diolosa-drop-logo-new.png","width":134,"height":176,"caption":"Claude Diolosa"},"image":{"@id":"https:\/\/shop.diolosa.com\/pl\/#\/schema\/logo\/image\/"},"sameAs":["https:\/\/facebook.com\/claudediolosa","https:\/\/www.instagram.com\/diolosaclaude108\/"]}]}},"_links":{"self":[{"href":"https:\/\/shop.diolosa.com\/pl\/wp-json\/wp\/v2\/product\/3841456","targetHints":{"allow":["GET"]}}],"collection":[{"href":"https:\/\/shop.diolosa.com\/pl\/wp-json\/wp\/v2\/product"}],"about":[{"href":"https:\/\/shop.diolosa.com\/pl\/wp-json\/wp\/v2\/types\/product"}],"wp:featuredmedia":[{"embeddable":true,"href":"https:\/\/shop.diolosa.com\/pl\/wp-json\/wp\/v2\/media\/3835943"}],"wp:attachment":[{"href":"https:\/\/shop.diolosa.com\/pl\/wp-json\/wp\/v2\/media?parent=3841456"}],"wp:term":[{"taxonomy":"product_brand","embeddable":true,"href":"https:\/\/shop.diolosa.com\/pl\/wp-json\/wp\/v2\/product_brand?post=3841456"},{"taxonomy":"product_cat","embeddable":true,"href":"https:\/\/shop.diolosa.com\/pl\/wp-json\/wp\/v2\/product_cat?post=3841456"},{"taxonomy":"product_tag","embeddable":true,"href":"https:\/\/shop.diolosa.com\/pl\/wp-json\/wp\/v2\/product_tag?post=3841456"}],"curies":[{"name":"wp","href":"https:\/\/api.w.org\/{rel}","templated":true}]}}