{"id":3841457,"date":"2024-02-05T11:08:24","date_gmt":"2025-03-10T05:59:11","guid":{"rendered":"https:\/\/shop.diolosa.com\/product\/czerwony-feniks\/"},"modified":"2025-04-24T20:22:36","modified_gmt":"2025-04-24T19:22:36","slug":"czerwony-feniks","status":"publish","type":"product","link":"https:\/\/shop.diolosa.com\/pl\/product\/czerwony-feniks\/","title":{"rendered":"Czerwony Feniks"},"content":{"rendered":"<p>RED PHOENIX jest stosowany w leczeniu ostrego zapalenia mi\u0119\u015bnia sercowego spowodowanego chorob\u0105 zaka\u017an\u0105 lub po szczepieniu. Formu\u0142a ta oczyszcza i usuwa toksyczne ciep\u0142o, kt\u00f3re dosta\u0142o si\u0119 do serca, rozpuszcza zast\u00f3j krwi, wzmacnia Qi serca i uspokaja SHEN. <\/p>\n<p>&nbsp;<\/p>\n<p>&nbsp;<\/p>\n<p>&nbsp;<\/p>\n","protected":false},"excerpt":{"rendered":"<p>&nbsp;<\/p>\n<p>&nbsp;<\/p>\n<p>&nbsp;<\/p>\n<p>&nbsp;<\/p>\n<p>&nbsp;<\/p>\n","protected":false},"featured_media":3835943,"template":"","meta":{"_acf_changed":false},"product_brand":[],"product_cat":[11810],"product_tag":[12492,12495,12493,12494],"class_list":{"0":"post-3841457","1":"product","2":"type-product","3":"status-publish","4":"has-post-thumbnail","6":"product_cat-kardiologia","7":"product_tag-kardiologia","8":"product_tag-zapalenie-miesnia-sercowego-pl","9":"product_tag-zapalenie-miesnia-sercowego","10":"product_tag-zapalenie-wsierdzia","12":"first","13":"instock","14":"taxable","15":"shipping-taxable","16":"purchasable","17":"product-type-simple"},"acf":{"yn_product_audio":"https:\/\/shop.diolosa.com\/wp-content\/uploads\/2024\/02\/Red-Phoenix.m4a","yn_product_video":"https:\/\/shop.diolosa.com\/wp-content\/uploads\/2024\/10\/Red-Phoenix.mp4","yn_product_akupunktur":"<p><strong>Wen Bing Xue (choroby cieplne) -sedate &#8211; xie fa <\/strong><\/p>\n<p>\u017co\u0142\u0105dek-44\u5185\u5ead n\u00e8i t\u00edng<br \/>\n\u017co\u0142\u0105dek-40 \u8c50\u9686 f\u0113ng l\u00f3ng<br \/>\nokr\u0119\u017cnica-11 \u66f2\u6c60 q\u016b ch\u00ed<br \/>\nokr\u0119\u017cnica-4 \u5408\u8c37 h\u00e9 g\u01d4<br \/>\nkr\u0105\u017cenie-6 \u5167\u95dc n\u00e8i gu\u0101n<br \/>\nsan chiao-5 \u5916\u95dc w\u00e0i gu\u0101n (yang wei mai, luo)<br \/>\nHeart-7 \u795e\u9580 sh\u00e9n men<br \/>\nHeart-8 \u5c11\u5e9c sh\u00e0o f\u01d4<br \/>\nHeart-5 \u901a\u91cc t\u014dng l\u01d0<br \/>\nRen-14 \u5de8\u95d5 j\u00f9 qu\u00e8<\/p>\n<p>\u00a0<\/p>\n<p>\u00a0<\/p>\n<p>\u00a0<\/p>\n","yn_product_verabreichungsart":"Pelety 140szt.","yn_product_dosierung":"<p>3 x 6 do 10 tabletek zawsze przed posi\u0142kami<\/p>\n<p>\u00a0<\/p>\n","yn_product_combinations":"<p>FLEMING (zapalenie), WBL GREEN PROTECTION SCREEN (Wen Bing Xue (zaburzenia cieplne), PEACEMAKER (arytmia)<\/p>\n","yn_product_avoidable":"<p>Alkohol, kawa i tyto\u0144<\/p>\n","yn_product_tcm_mindmapping":"<p>Wen Bing Xue (choroby gor\u0105ca) > Toksyny ognia serca > Gor\u0105co krwi > Przekrwienie krwi > Niedob\u00f3r Yin i Qi serca<\/p>\n<p>\u00a0<\/p>\n","yn_product_tongue_body":"<p>Zaczerwieniony j\u0119zyk, zw\u0142aszcza jego ko\u0144c\u00f3wka &#8211; Pop\u0119kany j\u0119zyk<\/p>\n","yn_product_tongue_coating":"<p>Cienki i \u017c\u00f3\u0142ty<\/p>\n","yn_product_pulse_diagnostics":"<p>Pozycja serca: Fu Mai &#8211; t\u0119tno powierzchowne, Jie Mai &#8211; t\u0119tno szybkie, Xi Mai &#8211; t\u0119tno cienkie, Se Mai &#8211; t\u0119tno chwiejne, Xu Mai &#8211; t\u0119tno puste.<\/p>\n<p>\u00a0<\/p>\n","yn_product_indications":"<p>Zapalenie mi\u0119\u015bnia sercowego, zapalenie wsierdzia<\/p>\n<p>\u00a0<\/p>\n","yn_product_contra_indications":"<p>Niedob\u00f3r Yang serca, niewydolno\u015b\u0107 serca po lewej stronie<\/p>\n","yn_product_pregnancy":"<p>Dozwolone<\/p>\n","yn_product_magisterrecipes":"<p>Huang Lian E Jiao Tang &#8211; Yin Qiao San, Zhi Zi Chi Tang , Dan Shen Yin , Qing Wen Bai Du Yin, Qing Ying Tang<\/p>\n"},"yoast_head":"<!-- This site is optimized with the Yoast SEO plugin v24.9 - https:\/\/yoast.com\/wordpress\/plugins\/seo\/ -->\n<title>Czerwony Feniks - Claude Diolosa<\/title>\n<meta name=\"robots\" content=\"index, follow, max-snippet:-1, max-image-preview:large, max-video-preview:-1\" \/>\n<link rel=\"canonical\" href=\"https:\/\/shop.diolosa.com\/pl\/product\/czerwony-feniks\/\" \/>\n<meta property=\"og:locale\" content=\"pl_PL\" \/>\n<meta property=\"og:type\" content=\"article\" \/>\n<meta property=\"og:title\" content=\"Czerwony Feniks - Claude Diolosa\" \/>\n<meta property=\"og:description\" content=\"&nbsp; &nbsp; &nbsp; &nbsp; &nbsp;\" \/>\n<meta property=\"og:url\" content=\"https:\/\/shop.diolosa.com\/pl\/product\/czerwony-feniks\/\" \/>\n<meta property=\"og:site_name\" content=\"Claude Diolosa\" \/>\n<meta property=\"article:publisher\" content=\"https:\/\/facebook.com\/claudediolosa\" \/>\n<meta property=\"article:modified_time\" content=\"2025-04-24T19:22:36+00:00\" \/>\n<meta property=\"og:image\" content=\"https:\/\/shop.diolosa.com\/wp-content\/uploads\/2019\/09\/Presslinge-140.jpg\" \/>\n\t<meta property=\"og:image:width\" content=\"800\" \/>\n\t<meta property=\"og:image:height\" content=\"533\" \/>\n\t<meta property=\"og:image:type\" content=\"image\/jpeg\" \/>\n<meta name=\"twitter:card\" content=\"summary_large_image\" \/>\n<script type=\"application\/ld+json\" class=\"yoast-schema-graph\">{\"@context\":\"https:\/\/schema.org\",\"@graph\":[{\"@type\":\"WebPage\",\"@id\":\"https:\/\/shop.diolosa.com\/pl\/product\/czerwony-feniks\/\",\"url\":\"https:\/\/shop.diolosa.com\/pl\/product\/czerwony-feniks\/\",\"name\":\"Czerwony Feniks - Claude Diolosa\",\"isPartOf\":{\"@id\":\"https:\/\/shop.diolosa.com\/pl\/#website\"},\"primaryImageOfPage\":{\"@id\":\"https:\/\/shop.diolosa.com\/pl\/product\/czerwony-feniks\/#primaryimage\"},\"image\":{\"@id\":\"https:\/\/shop.diolosa.com\/pl\/product\/czerwony-feniks\/#primaryimage\"},\"thumbnailUrl\":\"https:\/\/shop.diolosa.com\/wp-content\/uploads\/2019\/09\/Presslinge-140.jpg\",\"datePublished\":\"2025-03-10T05:59:11+00:00\",\"dateModified\":\"2025-04-24T19:22:36+00:00\",\"breadcrumb\":{\"@id\":\"https:\/\/shop.diolosa.com\/pl\/product\/czerwony-feniks\/#breadcrumb\"},\"inLanguage\":\"pl-PL\",\"potentialAction\":[{\"@type\":\"ReadAction\",\"target\":[\"https:\/\/shop.diolosa.com\/pl\/product\/czerwony-feniks\/\"]}]},{\"@type\":\"ImageObject\",\"inLanguage\":\"pl-PL\",\"@id\":\"https:\/\/shop.diolosa.com\/pl\/product\/czerwony-feniks\/#primaryimage\",\"url\":\"https:\/\/shop.diolosa.com\/wp-content\/uploads\/2019\/09\/Presslinge-140.jpg\",\"contentUrl\":\"https:\/\/shop.diolosa.com\/wp-content\/uploads\/2019\/09\/Presslinge-140.jpg\",\"width\":800,\"height\":533},{\"@type\":\"BreadcrumbList\",\"@id\":\"https:\/\/shop.diolosa.com\/pl\/product\/czerwony-feniks\/#breadcrumb\",\"itemListElement\":[{\"@type\":\"ListItem\",\"position\":1,\"name\":\"Startseite\",\"item\":\"https:\/\/shop.diolosa.com\/pl\/?page_id=3835710\"},{\"@type\":\"ListItem\",\"position\":2,\"name\":\"Sklep\",\"item\":\"https:\/\/shop.diolosa.com\/pl\/?page_id=3835710\"},{\"@type\":\"ListItem\",\"position\":3,\"name\":\"Czerwony Feniks\"}]},{\"@type\":\"WebSite\",\"@id\":\"https:\/\/shop.diolosa.com\/pl\/#website\",\"url\":\"https:\/\/shop.diolosa.com\/pl\/\",\"name\":\"Claude Diolosa\",\"description\":\"\",\"publisher\":{\"@id\":\"https:\/\/shop.diolosa.com\/pl\/#organization\"},\"potentialAction\":[{\"@type\":\"SearchAction\",\"target\":{\"@type\":\"EntryPoint\",\"urlTemplate\":\"https:\/\/shop.diolosa.com\/pl\/?s={search_term_string}\"},\"query-input\":{\"@type\":\"PropertyValueSpecification\",\"valueRequired\":true,\"valueName\":\"search_term_string\"}}],\"inLanguage\":\"pl-PL\"},{\"@type\":\"Organization\",\"@id\":\"https:\/\/shop.diolosa.com\/pl\/#organization\",\"name\":\"Claude Diolosa\",\"url\":\"https:\/\/shop.diolosa.com\/pl\/\",\"logo\":{\"@type\":\"ImageObject\",\"inLanguage\":\"pl-PL\",\"@id\":\"https:\/\/shop.diolosa.com\/pl\/#\/schema\/logo\/image\/\",\"url\":\"https:\/\/shop.diolosa.com\/wp-content\/uploads\/2019\/08\/diolosa-drop-logo-new.png\",\"contentUrl\":\"https:\/\/shop.diolosa.com\/wp-content\/uploads\/2019\/08\/diolosa-drop-logo-new.png\",\"width\":134,\"height\":176,\"caption\":\"Claude Diolosa\"},\"image\":{\"@id\":\"https:\/\/shop.diolosa.com\/pl\/#\/schema\/logo\/image\/\"},\"sameAs\":[\"https:\/\/facebook.com\/claudediolosa\",\"https:\/\/www.instagram.com\/diolosaclaude108\/\"]}]}<\/script>\n<!-- \/ Yoast SEO plugin. -->","yoast_head_json":{"title":"Czerwony Feniks - Claude Diolosa","robots":{"index":"index","follow":"follow","max-snippet":"max-snippet:-1","max-image-preview":"max-image-preview:large","max-video-preview":"max-video-preview:-1"},"canonical":"https:\/\/shop.diolosa.com\/pl\/product\/czerwony-feniks\/","og_locale":"pl_PL","og_type":"article","og_title":"Czerwony Feniks - Claude Diolosa","og_description":"&nbsp; &nbsp; &nbsp; &nbsp; &nbsp;","og_url":"https:\/\/shop.diolosa.com\/pl\/product\/czerwony-feniks\/","og_site_name":"Claude Diolosa","article_publisher":"https:\/\/facebook.com\/claudediolosa","article_modified_time":"2025-04-24T19:22:36+00:00","og_image":[{"width":800,"height":533,"url":"https:\/\/shop.diolosa.com\/wp-content\/uploads\/2019\/09\/Presslinge-140.jpg","type":"image\/jpeg"}],"twitter_card":"summary_large_image","schema":{"@context":"https:\/\/schema.org","@graph":[{"@type":"WebPage","@id":"https:\/\/shop.diolosa.com\/pl\/product\/czerwony-feniks\/","url":"https:\/\/shop.diolosa.com\/pl\/product\/czerwony-feniks\/","name":"Czerwony Feniks - Claude Diolosa","isPartOf":{"@id":"https:\/\/shop.diolosa.com\/pl\/#website"},"primaryImageOfPage":{"@id":"https:\/\/shop.diolosa.com\/pl\/product\/czerwony-feniks\/#primaryimage"},"image":{"@id":"https:\/\/shop.diolosa.com\/pl\/product\/czerwony-feniks\/#primaryimage"},"thumbnailUrl":"https:\/\/shop.diolosa.com\/wp-content\/uploads\/2019\/09\/Presslinge-140.jpg","datePublished":"2025-03-10T05:59:11+00:00","dateModified":"2025-04-24T19:22:36+00:00","breadcrumb":{"@id":"https:\/\/shop.diolosa.com\/pl\/product\/czerwony-feniks\/#breadcrumb"},"inLanguage":"pl-PL","potentialAction":[{"@type":"ReadAction","target":["https:\/\/shop.diolosa.com\/pl\/product\/czerwony-feniks\/"]}]},{"@type":"ImageObject","inLanguage":"pl-PL","@id":"https:\/\/shop.diolosa.com\/pl\/product\/czerwony-feniks\/#primaryimage","url":"https:\/\/shop.diolosa.com\/wp-content\/uploads\/2019\/09\/Presslinge-140.jpg","contentUrl":"https:\/\/shop.diolosa.com\/wp-content\/uploads\/2019\/09\/Presslinge-140.jpg","width":800,"height":533},{"@type":"BreadcrumbList","@id":"https:\/\/shop.diolosa.com\/pl\/product\/czerwony-feniks\/#breadcrumb","itemListElement":[{"@type":"ListItem","position":1,"name":"Startseite","item":"https:\/\/shop.diolosa.com\/pl\/?page_id=3835710"},{"@type":"ListItem","position":2,"name":"Sklep","item":"https:\/\/shop.diolosa.com\/pl\/?page_id=3835710"},{"@type":"ListItem","position":3,"name":"Czerwony Feniks"}]},{"@type":"WebSite","@id":"https:\/\/shop.diolosa.com\/pl\/#website","url":"https:\/\/shop.diolosa.com\/pl\/","name":"Claude Diolosa","description":"","publisher":{"@id":"https:\/\/shop.diolosa.com\/pl\/#organization"},"potentialAction":[{"@type":"SearchAction","target":{"@type":"EntryPoint","urlTemplate":"https:\/\/shop.diolosa.com\/pl\/?s={search_term_string}"},"query-input":{"@type":"PropertyValueSpecification","valueRequired":true,"valueName":"search_term_string"}}],"inLanguage":"pl-PL"},{"@type":"Organization","@id":"https:\/\/shop.diolosa.com\/pl\/#organization","name":"Claude Diolosa","url":"https:\/\/shop.diolosa.com\/pl\/","logo":{"@type":"ImageObject","inLanguage":"pl-PL","@id":"https:\/\/shop.diolosa.com\/pl\/#\/schema\/logo\/image\/","url":"https:\/\/shop.diolosa.com\/wp-content\/uploads\/2019\/08\/diolosa-drop-logo-new.png","contentUrl":"https:\/\/shop.diolosa.com\/wp-content\/uploads\/2019\/08\/diolosa-drop-logo-new.png","width":134,"height":176,"caption":"Claude Diolosa"},"image":{"@id":"https:\/\/shop.diolosa.com\/pl\/#\/schema\/logo\/image\/"},"sameAs":["https:\/\/facebook.com\/claudediolosa","https:\/\/www.instagram.com\/diolosaclaude108\/"]}]}},"_links":{"self":[{"href":"https:\/\/shop.diolosa.com\/pl\/wp-json\/wp\/v2\/product\/3841457","targetHints":{"allow":["GET"]}}],"collection":[{"href":"https:\/\/shop.diolosa.com\/pl\/wp-json\/wp\/v2\/product"}],"about":[{"href":"https:\/\/shop.diolosa.com\/pl\/wp-json\/wp\/v2\/types\/product"}],"wp:featuredmedia":[{"embeddable":true,"href":"https:\/\/shop.diolosa.com\/pl\/wp-json\/wp\/v2\/media\/3835943"}],"wp:attachment":[{"href":"https:\/\/shop.diolosa.com\/pl\/wp-json\/wp\/v2\/media?parent=3841457"}],"wp:term":[{"taxonomy":"product_brand","embeddable":true,"href":"https:\/\/shop.diolosa.com\/pl\/wp-json\/wp\/v2\/product_brand?post=3841457"},{"taxonomy":"product_cat","embeddable":true,"href":"https:\/\/shop.diolosa.com\/pl\/wp-json\/wp\/v2\/product_cat?post=3841457"},{"taxonomy":"product_tag","embeddable":true,"href":"https:\/\/shop.diolosa.com\/pl\/wp-json\/wp\/v2\/product_tag?post=3841457"}],"curies":[{"name":"wp","href":"https:\/\/api.w.org\/{rel}","templated":true}]}}