{"id":3841463,"date":"2022-12-13T16:23:26","date_gmt":"2025-03-10T05:59:14","guid":{"rendered":"https:\/\/shop.diolosa.com\/product\/si-jun-zi-tang\/"},"modified":"2025-04-24T20:22:25","modified_gmt":"2025-04-24T19:22:25","slug":"si-jun-zi-tang","status":"publish","type":"product","link":"https:\/\/shop.diolosa.com\/pl\/product\/si-jun-zi-tang\/","title":{"rendered":"Si Jun Zi Tang"},"content":{"rendered":"<p>Zio\u0142owe granulki wed\u0142ug tradycyjnej medycyny chi\u0144skiej<br \/>\nSuplement diety<br \/>\nProducent: Apotheke Boznerplatz<br \/>\n100% sprawdzonych sk\u0142adnik\u00f3w wysokiej jako\u015bci<\/p>\n<p>&nbsp;<\/p>\n<p>&nbsp;<\/p>\n<p>&nbsp;<\/p>\n<p>&nbsp;<\/p>\n<p>&nbsp;<\/p>\n","protected":false},"excerpt":{"rendered":"<p>&nbsp;<\/p>\n<p>&nbsp;<\/p>\n<p>&nbsp;<\/p>\n<p>&nbsp;<\/p>\n<p>&nbsp;<\/p>\n<p>&nbsp;<\/p>\n","protected":false},"featured_media":3841022,"template":"","meta":{"_acf_changed":false},"product_brand":[],"product_cat":[12155],"product_tag":[12503,12502,12278],"class_list":{"0":"post-3841463","1":"product","2":"type-product","3":"status-publish","4":"has-post-thumbnail","6":"product_cat-wzory-wzorcowe","7":"product_tag-lungmucus","8":"product_tag-wilgoc-osad-zimno","9":"product_tag-zimny-szlam","11":"first","12":"instock","13":"taxable","14":"shipping-taxable","15":"purchasable","16":"product-type-simple"},"acf":{"yn_product_audio":"https:\/\/shop.diolosa.com\/wp-content\/uploads\/2022\/10\/DL_Liujunzitang.m4a","yn_product_video":"https:\/\/shop.diolosa.com\/wp-content\/uploads\/2025\/03\/Si-Jun-Zi-Tang-.mp4","yn_product_akupunktur":"<p>Bladder\/Blase-20 \u813e\u4fde p\u00ed sh\u016b &#8211; &#8211; P\u0119cherz moczowy.<\/p>\n<p>Wzmocnienie\/tonowanie<b> &#8211; Bu Fa<span class=\"Apple-converted-space\"> <\/span><\/b> <\/p>\n<p>\u015aledziona\/spleen-3 \u592a\u767d ta\u00ec b\u00e1i.<\/p>\n<p>Wzmocnienie\/tonowanie<b> &#8211; Bu Fa<span class=\"Apple-converted-space\"> <\/span><\/b> <\/p>\n<p>\u017bo\u0142\u0105dek\/\u017co\u0142\u0105dek-40 \u8c50\u9686 f\u0113ng l\u00f3ng.<\/p>\n<p>Reduce\/Sedate <b>&#8211; Xie Fa<\/b><\/p>\n<p>P\u0142uca\/lung-6 \u5b54\u6700 k\u01d2ng to\u00ec .<\/p>\n<p>Reduce\/Sedate <b>&#8211; Xie Fa<\/b><\/p>\n<p>Ren-17 \u81bb\u4e2d sh\u0101n zh\u014dng.<\/p>\n<p>Reduce\/Sedate <b>&#8211; Xie Fa<\/b><\/p>\n<p>Ren-4 \u95dc\u5143 gu\u0101n yu\u00e1n.<\/p>\n<p>Wzmocnienie\/tonowanie<b> &#8211; Bu Fa<span class=\"Apple-converted-space\"> &#8211; Moxa<\/span><\/b><\/p>\n<p>\u00a0<\/p>\n<p>\u00a0<\/p>\n","yn_product_verabreichungsart":"Peletki 200 szt.","yn_product_dosierung":"<p>Przyjmowa\u0107 3 x 3 do 6 tabletek dziennie, popijaj\u0105c wod\u0105.<\/p>\n<p>\u00a0<\/p>\n","yn_product_combinations":"<p><strong>SEA OF QI <\/strong> (obni\u017cenie Qi) <strong>, YANG ROOT, WARMING THE ROOT, SECRET POWER, RINCHEN TEA <\/strong>(niedob\u00f3r Qi nerek, Yang i Jing), <strong>IRON DROPS <\/strong>(anemia), <strong>LIFE ENERGY <\/strong>(niedob\u00f3r Qi), <strong>VITALITY <\/strong>(niedob\u00f3r Qi i krwi), <strong>REGENERATION <\/strong>(pustka przed i poporodowa), <strong>GREAT HARMONY <\/strong> (niedob\u00f3r Qi \u015bledziony i mokro\u015b\u0107 Yang Ming).<\/p>\n<p>\u00a0<\/p>\n","yn_product_avoidable":"<p>Zimne napoje i \u017cywno\u015b\u0107, surowa \u017cywno\u015b\u0107, mro\u017conki, kawa, czarna herbata, sa\u0142ata, og\u00f3rek, pomidor, bak\u0142a\u017can, owoce cytrusowe, owoce tropikalne, banan, gruszka, jab\u0142ko, jogurt, cukier<\/p>\n","yn_product_tcm_mindmapping":"<p>Niedob\u00f3r Qi nerek > Niedob\u00f3r Qi \u015bledziony lub niedob\u00f3r Qi \u015bledziony > Niedob\u00f3r Qi nerek lub niedob\u00f3r Shao Yin Qi > Niedob\u00f3r Tai Yin Qi<\/p>\n","yn_product_tongue_body":"<p>Niski, blady, bezsilny, mi\u0119kki, \u015blady z\u0119b\u00f3w<\/p>\n<p>\u00a0<\/p>\n","yn_product_tongue_coating":"<p>Cienki, bia\u0142y, wilgo\u0107<\/p>\n<p>\u00a0<\/p>\n","yn_product_pulse_diagnostics":"<p>Duan Mai &#8211; kr\u00f3tki puls , Xi Mai &#8211; puls nitkowaty , Xu Mai &#8211; pusty puls<\/p>\n<p>\u00a0<\/p>\n","yn_product_indications":"<p>Niedoci\u015bnienie, zawroty g\u0142owy, przewlek\u0142e b\u00f3le g\u0142owy, zaburzenia widzenia, niedob\u00f3r odporno\u015bci, blada twarz i usta, cienkie, rzadkie i \u0142amliwe w\u0142osy (niedob\u00f3r krwi).<\/p>\n","yn_product_contra_indications":"<p>Niedob\u00f3r Yin i puste ciep\u0142o z od\u0142\u0105czeniem Yang<\/p>\n<p>\u00a0<\/p>\n","yn_product_pregnancy":"<p>Dozwolone<\/p>\n<p>\u00a0<\/p>\n","yn_product_herbs":"<p>\u00a0<\/p>\n<p>\u00a0<\/p>\n","yn_product_magisterrecipes":"<p>Ren Shen \u4eba\u53c2 (Radix Ginseng) (27,3%)<\/p>\n<p>Bai Zhu \u767d\u672f (Rhizoma Atractylodis Macrocephalae) (27,3%)<\/p>\n<p>Bai Fu Ling \u832f\u82d3 (Poria Alba) (27,3%)<\/p>\n<p>Zhi Gan Cao \u7518\u8349 (Radix Glycyrrhizae cum Liquido Fricta) (18,1%)<\/p>\n"},"yoast_head":"<!-- This site is optimized with the Yoast SEO plugin v24.9 - https:\/\/yoast.com\/wordpress\/plugins\/seo\/ -->\n<title>Si Jun Zi Tang - Claude Diolosa<\/title>\n<meta name=\"robots\" content=\"index, follow, max-snippet:-1, max-image-preview:large, max-video-preview:-1\" \/>\n<link rel=\"canonical\" href=\"https:\/\/shop.diolosa.com\/pl\/product\/si-jun-zi-tang\/\" \/>\n<meta property=\"og:locale\" content=\"pl_PL\" \/>\n<meta property=\"og:type\" content=\"article\" \/>\n<meta property=\"og:title\" content=\"Si Jun Zi Tang - Claude Diolosa\" \/>\n<meta property=\"og:description\" content=\"&nbsp; &nbsp; &nbsp; &nbsp; &nbsp; &nbsp;\" \/>\n<meta property=\"og:url\" content=\"https:\/\/shop.diolosa.com\/pl\/product\/si-jun-zi-tang\/\" \/>\n<meta property=\"og:site_name\" content=\"Claude Diolosa\" \/>\n<meta property=\"article:publisher\" content=\"https:\/\/facebook.com\/claudediolosa\" \/>\n<meta property=\"article:modified_time\" content=\"2025-04-24T19:22:25+00:00\" \/>\n<meta property=\"og:image\" content=\"https:\/\/shop.diolosa.com\/wp-content\/uploads\/2022\/08\/magisterformel.jpg\" \/>\n\t<meta property=\"og:image:width\" content=\"800\" \/>\n\t<meta property=\"og:image:height\" content=\"533\" \/>\n\t<meta property=\"og:image:type\" content=\"image\/jpeg\" \/>\n<meta name=\"twitter:card\" content=\"summary_large_image\" \/>\n<script type=\"application\/ld+json\" class=\"yoast-schema-graph\">{\"@context\":\"https:\/\/schema.org\",\"@graph\":[{\"@type\":\"WebPage\",\"@id\":\"https:\/\/shop.diolosa.com\/pl\/product\/si-jun-zi-tang\/\",\"url\":\"https:\/\/shop.diolosa.com\/pl\/product\/si-jun-zi-tang\/\",\"name\":\"Si Jun Zi Tang - Claude Diolosa\",\"isPartOf\":{\"@id\":\"https:\/\/shop.diolosa.com\/pl\/#website\"},\"primaryImageOfPage\":{\"@id\":\"https:\/\/shop.diolosa.com\/pl\/product\/si-jun-zi-tang\/#primaryimage\"},\"image\":{\"@id\":\"https:\/\/shop.diolosa.com\/pl\/product\/si-jun-zi-tang\/#primaryimage\"},\"thumbnailUrl\":\"https:\/\/shop.diolosa.com\/wp-content\/uploads\/2022\/08\/magisterformel.jpg\",\"datePublished\":\"2025-03-10T05:59:14+00:00\",\"dateModified\":\"2025-04-24T19:22:25+00:00\",\"breadcrumb\":{\"@id\":\"https:\/\/shop.diolosa.com\/pl\/product\/si-jun-zi-tang\/#breadcrumb\"},\"inLanguage\":\"pl-PL\",\"potentialAction\":[{\"@type\":\"ReadAction\",\"target\":[\"https:\/\/shop.diolosa.com\/pl\/product\/si-jun-zi-tang\/\"]}]},{\"@type\":\"ImageObject\",\"inLanguage\":\"pl-PL\",\"@id\":\"https:\/\/shop.diolosa.com\/pl\/product\/si-jun-zi-tang\/#primaryimage\",\"url\":\"https:\/\/shop.diolosa.com\/wp-content\/uploads\/2022\/08\/magisterformel.jpg\",\"contentUrl\":\"https:\/\/shop.diolosa.com\/wp-content\/uploads\/2022\/08\/magisterformel.jpg\",\"width\":800,\"height\":533},{\"@type\":\"BreadcrumbList\",\"@id\":\"https:\/\/shop.diolosa.com\/pl\/product\/si-jun-zi-tang\/#breadcrumb\",\"itemListElement\":[{\"@type\":\"ListItem\",\"position\":1,\"name\":\"Startseite\",\"item\":\"https:\/\/shop.diolosa.com\/pl\/?page_id=3835710\"},{\"@type\":\"ListItem\",\"position\":2,\"name\":\"Sklep\",\"item\":\"https:\/\/shop.diolosa.com\/pl\/?page_id=3835710\"},{\"@type\":\"ListItem\",\"position\":3,\"name\":\"Si Jun Zi Tang\"}]},{\"@type\":\"WebSite\",\"@id\":\"https:\/\/shop.diolosa.com\/pl\/#website\",\"url\":\"https:\/\/shop.diolosa.com\/pl\/\",\"name\":\"Claude Diolosa\",\"description\":\"\",\"publisher\":{\"@id\":\"https:\/\/shop.diolosa.com\/pl\/#organization\"},\"potentialAction\":[{\"@type\":\"SearchAction\",\"target\":{\"@type\":\"EntryPoint\",\"urlTemplate\":\"https:\/\/shop.diolosa.com\/pl\/?s={search_term_string}\"},\"query-input\":{\"@type\":\"PropertyValueSpecification\",\"valueRequired\":true,\"valueName\":\"search_term_string\"}}],\"inLanguage\":\"pl-PL\"},{\"@type\":\"Organization\",\"@id\":\"https:\/\/shop.diolosa.com\/pl\/#organization\",\"name\":\"Claude Diolosa\",\"url\":\"https:\/\/shop.diolosa.com\/pl\/\",\"logo\":{\"@type\":\"ImageObject\",\"inLanguage\":\"pl-PL\",\"@id\":\"https:\/\/shop.diolosa.com\/pl\/#\/schema\/logo\/image\/\",\"url\":\"https:\/\/shop.diolosa.com\/wp-content\/uploads\/2019\/08\/diolosa-drop-logo-new.png\",\"contentUrl\":\"https:\/\/shop.diolosa.com\/wp-content\/uploads\/2019\/08\/diolosa-drop-logo-new.png\",\"width\":134,\"height\":176,\"caption\":\"Claude Diolosa\"},\"image\":{\"@id\":\"https:\/\/shop.diolosa.com\/pl\/#\/schema\/logo\/image\/\"},\"sameAs\":[\"https:\/\/facebook.com\/claudediolosa\",\"https:\/\/www.instagram.com\/diolosaclaude108\/\"]}]}<\/script>\n<!-- \/ Yoast SEO plugin. -->","yoast_head_json":{"title":"Si Jun Zi Tang - Claude Diolosa","robots":{"index":"index","follow":"follow","max-snippet":"max-snippet:-1","max-image-preview":"max-image-preview:large","max-video-preview":"max-video-preview:-1"},"canonical":"https:\/\/shop.diolosa.com\/pl\/product\/si-jun-zi-tang\/","og_locale":"pl_PL","og_type":"article","og_title":"Si Jun Zi Tang - Claude Diolosa","og_description":"&nbsp; &nbsp; &nbsp; &nbsp; &nbsp; &nbsp;","og_url":"https:\/\/shop.diolosa.com\/pl\/product\/si-jun-zi-tang\/","og_site_name":"Claude Diolosa","article_publisher":"https:\/\/facebook.com\/claudediolosa","article_modified_time":"2025-04-24T19:22:25+00:00","og_image":[{"width":800,"height":533,"url":"https:\/\/shop.diolosa.com\/wp-content\/uploads\/2022\/08\/magisterformel.jpg","type":"image\/jpeg"}],"twitter_card":"summary_large_image","schema":{"@context":"https:\/\/schema.org","@graph":[{"@type":"WebPage","@id":"https:\/\/shop.diolosa.com\/pl\/product\/si-jun-zi-tang\/","url":"https:\/\/shop.diolosa.com\/pl\/product\/si-jun-zi-tang\/","name":"Si Jun Zi Tang - Claude Diolosa","isPartOf":{"@id":"https:\/\/shop.diolosa.com\/pl\/#website"},"primaryImageOfPage":{"@id":"https:\/\/shop.diolosa.com\/pl\/product\/si-jun-zi-tang\/#primaryimage"},"image":{"@id":"https:\/\/shop.diolosa.com\/pl\/product\/si-jun-zi-tang\/#primaryimage"},"thumbnailUrl":"https:\/\/shop.diolosa.com\/wp-content\/uploads\/2022\/08\/magisterformel.jpg","datePublished":"2025-03-10T05:59:14+00:00","dateModified":"2025-04-24T19:22:25+00:00","breadcrumb":{"@id":"https:\/\/shop.diolosa.com\/pl\/product\/si-jun-zi-tang\/#breadcrumb"},"inLanguage":"pl-PL","potentialAction":[{"@type":"ReadAction","target":["https:\/\/shop.diolosa.com\/pl\/product\/si-jun-zi-tang\/"]}]},{"@type":"ImageObject","inLanguage":"pl-PL","@id":"https:\/\/shop.diolosa.com\/pl\/product\/si-jun-zi-tang\/#primaryimage","url":"https:\/\/shop.diolosa.com\/wp-content\/uploads\/2022\/08\/magisterformel.jpg","contentUrl":"https:\/\/shop.diolosa.com\/wp-content\/uploads\/2022\/08\/magisterformel.jpg","width":800,"height":533},{"@type":"BreadcrumbList","@id":"https:\/\/shop.diolosa.com\/pl\/product\/si-jun-zi-tang\/#breadcrumb","itemListElement":[{"@type":"ListItem","position":1,"name":"Startseite","item":"https:\/\/shop.diolosa.com\/pl\/?page_id=3835710"},{"@type":"ListItem","position":2,"name":"Sklep","item":"https:\/\/shop.diolosa.com\/pl\/?page_id=3835710"},{"@type":"ListItem","position":3,"name":"Si Jun Zi Tang"}]},{"@type":"WebSite","@id":"https:\/\/shop.diolosa.com\/pl\/#website","url":"https:\/\/shop.diolosa.com\/pl\/","name":"Claude Diolosa","description":"","publisher":{"@id":"https:\/\/shop.diolosa.com\/pl\/#organization"},"potentialAction":[{"@type":"SearchAction","target":{"@type":"EntryPoint","urlTemplate":"https:\/\/shop.diolosa.com\/pl\/?s={search_term_string}"},"query-input":{"@type":"PropertyValueSpecification","valueRequired":true,"valueName":"search_term_string"}}],"inLanguage":"pl-PL"},{"@type":"Organization","@id":"https:\/\/shop.diolosa.com\/pl\/#organization","name":"Claude Diolosa","url":"https:\/\/shop.diolosa.com\/pl\/","logo":{"@type":"ImageObject","inLanguage":"pl-PL","@id":"https:\/\/shop.diolosa.com\/pl\/#\/schema\/logo\/image\/","url":"https:\/\/shop.diolosa.com\/wp-content\/uploads\/2019\/08\/diolosa-drop-logo-new.png","contentUrl":"https:\/\/shop.diolosa.com\/wp-content\/uploads\/2019\/08\/diolosa-drop-logo-new.png","width":134,"height":176,"caption":"Claude Diolosa"},"image":{"@id":"https:\/\/shop.diolosa.com\/pl\/#\/schema\/logo\/image\/"},"sameAs":["https:\/\/facebook.com\/claudediolosa","https:\/\/www.instagram.com\/diolosaclaude108\/"]}]}},"_links":{"self":[{"href":"https:\/\/shop.diolosa.com\/pl\/wp-json\/wp\/v2\/product\/3841463","targetHints":{"allow":["GET"]}}],"collection":[{"href":"https:\/\/shop.diolosa.com\/pl\/wp-json\/wp\/v2\/product"}],"about":[{"href":"https:\/\/shop.diolosa.com\/pl\/wp-json\/wp\/v2\/types\/product"}],"wp:featuredmedia":[{"embeddable":true,"href":"https:\/\/shop.diolosa.com\/pl\/wp-json\/wp\/v2\/media\/3841022"}],"wp:attachment":[{"href":"https:\/\/shop.diolosa.com\/pl\/wp-json\/wp\/v2\/media?parent=3841463"}],"wp:term":[{"taxonomy":"product_brand","embeddable":true,"href":"https:\/\/shop.diolosa.com\/pl\/wp-json\/wp\/v2\/product_brand?post=3841463"},{"taxonomy":"product_cat","embeddable":true,"href":"https:\/\/shop.diolosa.com\/pl\/wp-json\/wp\/v2\/product_cat?post=3841463"},{"taxonomy":"product_tag","embeddable":true,"href":"https:\/\/shop.diolosa.com\/pl\/wp-json\/wp\/v2\/product_tag?post=3841463"}],"curies":[{"name":"wp","href":"https:\/\/api.w.org\/{rel}","templated":true}]}}