{"id":3841466,"date":"2023-11-15T07:51:23","date_gmt":"2025-03-10T05:59:15","guid":{"rendered":"https:\/\/shop.diolosa.com\/product\/indra\/"},"modified":"2025-04-24T20:22:31","modified_gmt":"2025-04-24T19:22:31","slug":"indra","status":"publish","type":"product","link":"https:\/\/shop.diolosa.com\/pl\/product\/indra\/","title":{"rendered":"Indra"},"content":{"rendered":"<p><strong>INDRA<\/strong> otwiera<strong> LUO MAI m\u00f3zgu \/ serca<\/strong> i promuje kr\u0105\u017cenie Qi i krwi. Utrata w\u0119chu i smaku jest zaburzeniem neurologicznym. Patogen Covid19 wp\u0142ywa na nasz\u0105 percepcj\u0119 poznawcz\u0105, smak i zapach poprzez penetracj\u0119 warstwy krwi i uk\u0142adu nerwowego. Preparat ten eliminuje patogen i jednocze\u015bnie przywraca prawid\u0142owe kr\u0105\u017cenie Qi i KRWI w m\u00f3zgu.<\/p>\n","protected":false},"excerpt":{"rendered":"<p>&nbsp;<\/p>\n<p>&nbsp;<\/p>\n","protected":false},"featured_media":3835943,"template":"","meta":{"_acf_changed":false},"product_brand":[],"product_cat":[11771],"product_tag":[12177,12176,12507,12508,12175],"class_list":{"0":"post-3841466","1":"product","2":"type-product","3":"status-publish","4":"has-post-thumbnail","6":"product_cat-wen-bing-lun-pl","7":"product_tag-covid-pl","8":"product_tag-korona","9":"product_tag-utrata-smaku","10":"product_tag-utrata-zapachu","11":"product_tag-wirus","13":"first","14":"instock","15":"taxable","16":"shipping-taxable","17":"purchasable","18":"product-type-simple"},"acf":{"yn_product_audio":"https:\/\/shop.diolosa.com\/wp-content\/uploads\/2022\/10\/DL_Metamorphosis.m4a","yn_product_video":"https:\/\/shop.diolosa.com\/wp-content\/uploads\/2019\/09\/Indra.mp4","yn_product_akupunktur":"<p>Obni\u017cenie gor\u0105czki<br \/>\nDu Mai &#8211; 14 \u2f24\u690ed\u00e0 zhu\u012b<br \/>\n\u017bo\u0142\u0105dek &#8211; 44\u5185\u5eadn\u00e8i t\u00edng<br \/>\nP\u0119cherz &#8211; 13 \u80ba\u4fde f\u00e8i sh\u016b<br \/>\nP\u0119cherz &#8211; 12 \u2fb5\u2fa8 f\u0113ng m\u00e9n<br \/>\nSan Jiao-5 \u5916\u95dcw\u00e0i gu\u0101n (yang wei mai, luo)<\/p>\n<p>Wiatr Wydala ciep\u0142o i toksyny<br \/>\nJelito grube-4\u5408\u2f95h\u00e9 g\u01d4<br \/>\nJelito grube-11 \u66f2\u6c60 q\u016b ch\u00ed<br \/>\nJelito grube 20 \u8fce\u2fb9 y\u00edng xi\u0101ng<\/p>\n<p>Obni\u017cenie Qi p\u0142uc &#8211; odkrztuszanie i przemieszczanie krwi<br \/>\nLung-6 \u5b54\u6700k\u01d2ng zu\u00ec<br \/>\nCirculation-6 \u5167\u95dcn\u00e8i gu\u0101n<br \/>\nCirculation-5 \u9593\u4f7fji\u0101n sh\u01d0<br \/>\nStomach-40 \u8c50\u9686f\u0113ng l\u00f3ng<br \/>\nLung-5 \u5c3a\u6fa4 ch\u01d0 z\u00e9<br \/>\nLung-9 \u592a\u6df5 t\u00e0i yu\u0101n<br \/>\nRen Mai-17 \u81bb\u4e2d sh\u0101n zh\u014dng<br \/>\nMagen-36 \u2f9c\u4e09\u2fa5 z\u00fa s\u0101n l\u01d0<br \/>\nShen spokojny i czysty<br \/>\nEX-HN-1 -\u56db\u795e\u806a Si Shen Cong<br \/>\nM-HN-3 \u5370\u5802 y\u00ecn t\u00e1ng<\/p>\n<p>Stymuluje tranzyt jelitowy i obni\u017ca gor\u0105czk\u0119<br \/>\nSan Chiao-6 \u2f40\u6e9d zh\u012b g\u014du<br \/>\nStomach-25 \u5929\u6a1eti\u0101n sh\u016b<br \/>\nStomach-37 \u4e0a\u5de8\u865b sh\u00e0ng j\u00f9 x\u016b<\/p>\n<p>B\u00f3l g\u0142owy<br \/>\nP\u0119cherz moczowy-40 \u59d4\u4e2d w\u011bi zh\u014dng &#8211; xie fa &#8211; krwawienie &#8211; Jing Bie<br \/>\nP\u0119cherz moczowy-65 \u675f\u2ee3 sh\u00f9 g\u01d4 &#8211; xie fa<br \/>\nP\u0119cherz moczowy-10 \u5929\u67f1 ti\u0101n zh\u00f9 &#8211; xie fa<br \/>\nP\u0119cherzyk \u017c\u00f3\u0142ciowy-20 \u2fb5\u6c60 f\u0113ng ch\u00ed &#8211; xie fa<br \/>\nGallbladder -19 \u8166\u7a7a n\u01ceo k\u014dng &#8211; xie fa<br \/>\nDu Mai -17 \u8166\u2f3en\u01ceo h\u00f9 &#8211; xie fa<br \/>\nKidneys -3 \u592a\u8c3f ta\u00ec x\u012b &#8211; bu fa<br \/>\nKidneys-10 \u9670\u2f95 y\u012bn g\u01d4 &#8211; bu fa<\/p>\n","yn_product_verabreichungsart":"Pelety 140szt.","yn_product_dosierung":"<p>3 x 3 do 6 tabletek dziennie &#8211; najlepiej po posi\u0142kach &#8211; przez 12 dni<\/p>\n","yn_product_combinations":"<p>FREEDOM (wirus), DIAMOND SHIELD TABLETS and BALM (p\u00f3\u017ane skutki szczepie\u0144), REMOVING THE CLOUDS (choroba p\u00f3\u017anego lata), BRIGHT SUMMERTIME (infekcja jelitowa), COOLING FRAGRANCE (zapalenie zatok)<\/p>\n","yn_product_avoidable":"<p>Wszystkie pokarmy, kt\u00f3re powoduj\u0105 wewn\u0119trzne zimno i wilgo\u0107, s\u0105 zabronione podczas terapii. Konieczne jest picie ciep\u0142ych napoj\u00f3w i spo\u017cywanie \u017cywno\u015bci, kt\u00f3ra zosta\u0142a ugotowana lub przygotowana z aromatycznymi przyprawami. Nie nale\u017cy r\u00f3wnie\u017c pi\u0107 podczas jedzenia, ale przed lub po posi\u0142kach i zawsze tylko ciep\u0142e napoje.  <\/p>\n<p>Sa\u0142ata li\u015bciasta, endywia, cykoria, karczochy, kie\u0142ki fasoli, tofu, mleko sojowe, mleko ry\u017cowe, zielona herbata, czarna herbata, kawa, cappuccino, latte, cukier, produkty mleczne, mleko krowie, serek \u015bmietankowy, jogurt, owoce egzotyczne, banan, mango, gruszka, jab\u0142ko, kompot owocowy, ciasto, herbatniki, czekolada, napoje z cukrem, Fanta, Coca Cola, \u017cywno\u015b\u0107 ch\u0142odzona energi\u0105, napoje zimne i mro\u017cone, lody, \u017cywno\u015b\u0107 mro\u017cona, mikrofal\u00f3wka<\/p>\n","yn_product_tcm_mindmapping":"<p>Wen Bing Xue (zaburzenia cieplne)> M\u0119tna wilgo\u0107\/\u015bluz > atakuje OUN > M\u00f3zg > blokuje LUO MAI serca i m\u00f3zgu<\/p>\n","yn_product_tongue_body":"<p>Szerokie, opuchni\u0119te, grube, blade, \u015blady z\u0119b\u00f3w, plamiste, zw\u0142aszcza \u017cy\u0142y pod j\u0119zykiem.<\/p>\n","yn_product_tongue_coating":"<p>Cienki, bia\u0142y, wilgotny, lepki<\/p>\n","yn_product_pulse_diagnostics":"<p><strong>Pozycja serca<\/strong>: Fu Mai &#8211; puls powierzchowny, Xi Mai <strong>lub<\/strong> puls nitkowaty, Se Mai &#8211; puls chwiejny <strong>lub<\/strong> Huan Mai &#8211; puls spokojny, Da Mai &#8211; puls szeroki i Se Mai &#8211; puls chwiejny.<\/p>\n","yn_product_indications":"<p>Utrata zapachu i smaku<\/p>\n","yn_product_contra_indications":"<p>Niedob\u00f3r Yin &#8211; Puste ciep\u0142o<\/p>\n","yn_product_pregnancy":"<p>Dozwolone<\/p>\n","yn_product_magisterrecipes":"<p>Cang Er Zi San, Xin Yi San, Ban Xia Bai Zhu Tian Ma Tang<\/p>\n"},"yoast_head":"<!-- This site is optimized with the Yoast SEO plugin v24.9 - https:\/\/yoast.com\/wordpress\/plugins\/seo\/ -->\n<title>Indra - Claude Diolosa<\/title>\n<meta name=\"robots\" content=\"index, follow, max-snippet:-1, max-image-preview:large, max-video-preview:-1\" \/>\n<link rel=\"canonical\" href=\"https:\/\/shop.diolosa.com\/pl\/product\/indra\/\" \/>\n<meta property=\"og:locale\" content=\"pl_PL\" \/>\n<meta property=\"og:type\" content=\"article\" \/>\n<meta property=\"og:title\" content=\"Indra - Claude Diolosa\" \/>\n<meta property=\"og:description\" content=\"&nbsp; &nbsp;\" \/>\n<meta property=\"og:url\" content=\"https:\/\/shop.diolosa.com\/pl\/product\/indra\/\" \/>\n<meta property=\"og:site_name\" content=\"Claude Diolosa\" \/>\n<meta property=\"article:publisher\" content=\"https:\/\/facebook.com\/claudediolosa\" \/>\n<meta property=\"article:modified_time\" content=\"2025-04-24T19:22:31+00:00\" \/>\n<meta property=\"og:image\" content=\"https:\/\/shop.diolosa.com\/wp-content\/uploads\/2019\/09\/Presslinge-140.jpg\" \/>\n\t<meta property=\"og:image:width\" content=\"800\" \/>\n\t<meta property=\"og:image:height\" content=\"533\" \/>\n\t<meta property=\"og:image:type\" content=\"image\/jpeg\" \/>\n<meta name=\"twitter:card\" content=\"summary_large_image\" \/>\n<script type=\"application\/ld+json\" class=\"yoast-schema-graph\">{\"@context\":\"https:\/\/schema.org\",\"@graph\":[{\"@type\":\"WebPage\",\"@id\":\"https:\/\/shop.diolosa.com\/pl\/product\/indra\/\",\"url\":\"https:\/\/shop.diolosa.com\/pl\/product\/indra\/\",\"name\":\"Indra - Claude Diolosa\",\"isPartOf\":{\"@id\":\"https:\/\/shop.diolosa.com\/pl\/#website\"},\"primaryImageOfPage\":{\"@id\":\"https:\/\/shop.diolosa.com\/pl\/product\/indra\/#primaryimage\"},\"image\":{\"@id\":\"https:\/\/shop.diolosa.com\/pl\/product\/indra\/#primaryimage\"},\"thumbnailUrl\":\"https:\/\/shop.diolosa.com\/wp-content\/uploads\/2019\/09\/Presslinge-140.jpg\",\"datePublished\":\"2025-03-10T05:59:15+00:00\",\"dateModified\":\"2025-04-24T19:22:31+00:00\",\"breadcrumb\":{\"@id\":\"https:\/\/shop.diolosa.com\/pl\/product\/indra\/#breadcrumb\"},\"inLanguage\":\"pl-PL\",\"potentialAction\":[{\"@type\":\"ReadAction\",\"target\":[\"https:\/\/shop.diolosa.com\/pl\/product\/indra\/\"]}]},{\"@type\":\"ImageObject\",\"inLanguage\":\"pl-PL\",\"@id\":\"https:\/\/shop.diolosa.com\/pl\/product\/indra\/#primaryimage\",\"url\":\"https:\/\/shop.diolosa.com\/wp-content\/uploads\/2019\/09\/Presslinge-140.jpg\",\"contentUrl\":\"https:\/\/shop.diolosa.com\/wp-content\/uploads\/2019\/09\/Presslinge-140.jpg\",\"width\":800,\"height\":533},{\"@type\":\"BreadcrumbList\",\"@id\":\"https:\/\/shop.diolosa.com\/pl\/product\/indra\/#breadcrumb\",\"itemListElement\":[{\"@type\":\"ListItem\",\"position\":1,\"name\":\"Startseite\",\"item\":\"https:\/\/shop.diolosa.com\/pl\/?page_id=3835710\"},{\"@type\":\"ListItem\",\"position\":2,\"name\":\"Sklep\",\"item\":\"https:\/\/shop.diolosa.com\/pl\/?page_id=3835710\"},{\"@type\":\"ListItem\",\"position\":3,\"name\":\"Indra\"}]},{\"@type\":\"WebSite\",\"@id\":\"https:\/\/shop.diolosa.com\/pl\/#website\",\"url\":\"https:\/\/shop.diolosa.com\/pl\/\",\"name\":\"Claude Diolosa\",\"description\":\"\",\"publisher\":{\"@id\":\"https:\/\/shop.diolosa.com\/pl\/#organization\"},\"potentialAction\":[{\"@type\":\"SearchAction\",\"target\":{\"@type\":\"EntryPoint\",\"urlTemplate\":\"https:\/\/shop.diolosa.com\/pl\/?s={search_term_string}\"},\"query-input\":{\"@type\":\"PropertyValueSpecification\",\"valueRequired\":true,\"valueName\":\"search_term_string\"}}],\"inLanguage\":\"pl-PL\"},{\"@type\":\"Organization\",\"@id\":\"https:\/\/shop.diolosa.com\/pl\/#organization\",\"name\":\"Claude Diolosa\",\"url\":\"https:\/\/shop.diolosa.com\/pl\/\",\"logo\":{\"@type\":\"ImageObject\",\"inLanguage\":\"pl-PL\",\"@id\":\"https:\/\/shop.diolosa.com\/pl\/#\/schema\/logo\/image\/\",\"url\":\"https:\/\/shop.diolosa.com\/wp-content\/uploads\/2019\/08\/diolosa-drop-logo-new.png\",\"contentUrl\":\"https:\/\/shop.diolosa.com\/wp-content\/uploads\/2019\/08\/diolosa-drop-logo-new.png\",\"width\":134,\"height\":176,\"caption\":\"Claude Diolosa\"},\"image\":{\"@id\":\"https:\/\/shop.diolosa.com\/pl\/#\/schema\/logo\/image\/\"},\"sameAs\":[\"https:\/\/facebook.com\/claudediolosa\",\"https:\/\/www.instagram.com\/diolosaclaude108\/\"]}]}<\/script>\n<!-- \/ Yoast SEO plugin. -->","yoast_head_json":{"title":"Indra - Claude Diolosa","robots":{"index":"index","follow":"follow","max-snippet":"max-snippet:-1","max-image-preview":"max-image-preview:large","max-video-preview":"max-video-preview:-1"},"canonical":"https:\/\/shop.diolosa.com\/pl\/product\/indra\/","og_locale":"pl_PL","og_type":"article","og_title":"Indra - Claude Diolosa","og_description":"&nbsp; &nbsp;","og_url":"https:\/\/shop.diolosa.com\/pl\/product\/indra\/","og_site_name":"Claude Diolosa","article_publisher":"https:\/\/facebook.com\/claudediolosa","article_modified_time":"2025-04-24T19:22:31+00:00","og_image":[{"width":800,"height":533,"url":"https:\/\/shop.diolosa.com\/wp-content\/uploads\/2019\/09\/Presslinge-140.jpg","type":"image\/jpeg"}],"twitter_card":"summary_large_image","schema":{"@context":"https:\/\/schema.org","@graph":[{"@type":"WebPage","@id":"https:\/\/shop.diolosa.com\/pl\/product\/indra\/","url":"https:\/\/shop.diolosa.com\/pl\/product\/indra\/","name":"Indra - Claude Diolosa","isPartOf":{"@id":"https:\/\/shop.diolosa.com\/pl\/#website"},"primaryImageOfPage":{"@id":"https:\/\/shop.diolosa.com\/pl\/product\/indra\/#primaryimage"},"image":{"@id":"https:\/\/shop.diolosa.com\/pl\/product\/indra\/#primaryimage"},"thumbnailUrl":"https:\/\/shop.diolosa.com\/wp-content\/uploads\/2019\/09\/Presslinge-140.jpg","datePublished":"2025-03-10T05:59:15+00:00","dateModified":"2025-04-24T19:22:31+00:00","breadcrumb":{"@id":"https:\/\/shop.diolosa.com\/pl\/product\/indra\/#breadcrumb"},"inLanguage":"pl-PL","potentialAction":[{"@type":"ReadAction","target":["https:\/\/shop.diolosa.com\/pl\/product\/indra\/"]}]},{"@type":"ImageObject","inLanguage":"pl-PL","@id":"https:\/\/shop.diolosa.com\/pl\/product\/indra\/#primaryimage","url":"https:\/\/shop.diolosa.com\/wp-content\/uploads\/2019\/09\/Presslinge-140.jpg","contentUrl":"https:\/\/shop.diolosa.com\/wp-content\/uploads\/2019\/09\/Presslinge-140.jpg","width":800,"height":533},{"@type":"BreadcrumbList","@id":"https:\/\/shop.diolosa.com\/pl\/product\/indra\/#breadcrumb","itemListElement":[{"@type":"ListItem","position":1,"name":"Startseite","item":"https:\/\/shop.diolosa.com\/pl\/?page_id=3835710"},{"@type":"ListItem","position":2,"name":"Sklep","item":"https:\/\/shop.diolosa.com\/pl\/?page_id=3835710"},{"@type":"ListItem","position":3,"name":"Indra"}]},{"@type":"WebSite","@id":"https:\/\/shop.diolosa.com\/pl\/#website","url":"https:\/\/shop.diolosa.com\/pl\/","name":"Claude Diolosa","description":"","publisher":{"@id":"https:\/\/shop.diolosa.com\/pl\/#organization"},"potentialAction":[{"@type":"SearchAction","target":{"@type":"EntryPoint","urlTemplate":"https:\/\/shop.diolosa.com\/pl\/?s={search_term_string}"},"query-input":{"@type":"PropertyValueSpecification","valueRequired":true,"valueName":"search_term_string"}}],"inLanguage":"pl-PL"},{"@type":"Organization","@id":"https:\/\/shop.diolosa.com\/pl\/#organization","name":"Claude Diolosa","url":"https:\/\/shop.diolosa.com\/pl\/","logo":{"@type":"ImageObject","inLanguage":"pl-PL","@id":"https:\/\/shop.diolosa.com\/pl\/#\/schema\/logo\/image\/","url":"https:\/\/shop.diolosa.com\/wp-content\/uploads\/2019\/08\/diolosa-drop-logo-new.png","contentUrl":"https:\/\/shop.diolosa.com\/wp-content\/uploads\/2019\/08\/diolosa-drop-logo-new.png","width":134,"height":176,"caption":"Claude Diolosa"},"image":{"@id":"https:\/\/shop.diolosa.com\/pl\/#\/schema\/logo\/image\/"},"sameAs":["https:\/\/facebook.com\/claudediolosa","https:\/\/www.instagram.com\/diolosaclaude108\/"]}]}},"_links":{"self":[{"href":"https:\/\/shop.diolosa.com\/pl\/wp-json\/wp\/v2\/product\/3841466","targetHints":{"allow":["GET"]}}],"collection":[{"href":"https:\/\/shop.diolosa.com\/pl\/wp-json\/wp\/v2\/product"}],"about":[{"href":"https:\/\/shop.diolosa.com\/pl\/wp-json\/wp\/v2\/types\/product"}],"wp:featuredmedia":[{"embeddable":true,"href":"https:\/\/shop.diolosa.com\/pl\/wp-json\/wp\/v2\/media\/3835943"}],"wp:attachment":[{"href":"https:\/\/shop.diolosa.com\/pl\/wp-json\/wp\/v2\/media?parent=3841466"}],"wp:term":[{"taxonomy":"product_brand","embeddable":true,"href":"https:\/\/shop.diolosa.com\/pl\/wp-json\/wp\/v2\/product_brand?post=3841466"},{"taxonomy":"product_cat","embeddable":true,"href":"https:\/\/shop.diolosa.com\/pl\/wp-json\/wp\/v2\/product_cat?post=3841466"},{"taxonomy":"product_tag","embeddable":true,"href":"https:\/\/shop.diolosa.com\/pl\/wp-json\/wp\/v2\/product_tag?post=3841466"}],"curies":[{"name":"wp","href":"https:\/\/api.w.org\/{rel}","templated":true}]}}