{"id":3841472,"date":"2022-08-31T08:25:38","date_gmt":"2025-03-10T05:59:17","guid":{"rendered":"https:\/\/shop.diolosa.com\/product\/you-gui-wan\/"},"modified":"2025-04-24T20:23:49","modified_gmt":"2025-04-24T19:23:49","slug":"you-gui-wan","status":"publish","type":"product","link":"https:\/\/shop.diolosa.com\/pl\/product\/you-gui-wan\/","title":{"rendered":"You Gui Wan"},"content":{"rendered":"<p><strong>YOU GUI WAN &#8222;Restore Right (Kidney) Pill<\/strong><strong>&#8222;<\/strong><\/p>\n<p><strong>Rozgrzewa i tonizuje nerki yang<\/strong><\/p>\n<p> Zio\u0142owe granulki wed\u0142ug tradycyjnej medycyny chi\u0144skiej<\/p>\n<p>Suplement diety<\/p>\n<p>Producent: Apotheke Boznerplatz<\/p>\n<p>W 100% sprawdzone sk\u0142adniki wysokiej jako\u015bci<\/p>\n<p>&nbsp;<\/p>\n<p>&nbsp;<\/p>\n<p>&nbsp;<\/p>\n<p>&nbsp;<\/p>\n<p>&nbsp;<\/p>\n<p>&nbsp;<\/p>\n<p>&nbsp;<\/p>\n<p>&nbsp;<\/p>\n<p>&nbsp;<\/p>\n<p>&nbsp;<\/p>\n<p>&nbsp;<\/p>\n","protected":false},"excerpt":{"rendered":"<p>&nbsp;<\/p>\n<p>&nbsp;<\/p>\n<p>&nbsp;<\/p>\n<p>&nbsp;<\/p>\n<p>&nbsp;<\/p>\n<p>&nbsp;<\/p>\n<p>&nbsp;<\/p>\n<p>&nbsp;<\/p>\n<p>&nbsp;<\/p>\n<p>&nbsp;<\/p>\n<p>&nbsp;<\/p>\n<p>&nbsp;<\/p>\n","protected":false},"featured_media":3841022,"template":"","meta":{"_acf_changed":false},"product_brand":[],"product_cat":[12155],"product_tag":[12515],"class_list":{"0":"post-3841472","1":"product","2":"type-product","3":"status-publish","4":"has-post-thumbnail","6":"product_cat-wzory-wzorcowe","7":"product_tag-wyczerpanie-impotencja","9":"first","10":"instock","11":"taxable","12":"shipping-taxable","13":"purchasable","14":"product-type-simple"},"acf":{"yn_product_audio":"https:\/\/shop.diolosa.com\/wp-content\/uploads\/2022\/10\/DL_YOUGUIWAN.m4a","yn_product_video":"https:\/\/shop.diolosa.com\/wp-content\/uploads\/2022\/10\/DL_YOUGUIWAN.m4a","yn_product_akupunktur":"<p><strong>Niedob\u00f3r Qi nerek<\/strong> > P\u0119cherz-23 \u814e\u4fde sh\u00e8n sh\u016b  > <strong> Kidney Yang<\/strong> > Du-4 \u547d\u9580 m\u00ecng m\u00e9n > <strong>Kidney Jing deficiency<\/strong> > Kidneys\/Kidneys-3 \u592a\u8c3f ta\u00ec x\u012b, Gallbladder39 \u61f8\u9418 xu\u00e1n zh\u014dng, Spleen\/Spleen-6 \ud8c3\ude09\u9670\u4ea4 s\u0101n y\u012bn ji\u0101o > Reinforce\/Tonify<b> &#8211; Bu Fa<span class=\"Apple-converted-space\"> <\/span><\/b> <\/p>\n<p>\u00a0<\/p>\n","yn_product_verabreichungsart":"Peletki 200 szt.","yn_product_dosierung":"<p>3 x 6 do 10 tabletek dziennie, zawsze przed posi\u0142kami<span class=\"Apple-converted-space\"> <\/span><\/p>\n<p>\u00a0<\/p>\n<p>\u00a0<\/p>\n","yn_product_combinations":"<p><b>EARTH<span class=\"Apple-converted-space\">  <\/span><\/b> PILLAR <b><span class=\"Apple-converted-space\"> <\/span> (przewlek\u0142y b\u00f3l plec\u00f3w),<\/b> <b>SECRET POWER <\/b>(impotencja), <b>WATER BALANCE <\/b>nietrzymanie moczu), <b>WATER WAY<span class=\"Apple-converted-space\">  <\/span><\/b>(obrz\u0119k),<span class=\"Apple-converted-space\"> <\/span><b> RINCHEN TEE , YANG ROOT, WARMING THE ROOT <\/b>(niedob\u00f3r jang nerek i jing).<\/p>\n<p>\u00a0<\/p>\n<p>\u00a0<\/p>\n","yn_product_avoidable":"<p>Zimna \u017cywno\u015b\u0107, surowe warzywa, czarna herbata, kawa, zielona herbata, bak\u0142a\u017can, og\u00f3rek, sa\u0142ata, cukier, jogurt, mleko, ser.<\/p>\n<p>\u00a0<\/p>\n<p>\u00a0<\/p>\n","yn_product_tcm_mindmapping":"<p>Niedob\u00f3r Qi i Yang w nerkach > Niedob\u00f3r Qi w \u015bledzionie > Niedob\u00f3r Yin\/Jing w nerkach > Niedob\u00f3r krwi w w\u0105trobie<span class=\"Apple-converted-space\"> <\/span><\/p>\n<p>\u00a0<\/p>\n","yn_product_tongue_body":"<p>Kr\u00f3tka, s\u0142aba, poziomo pop\u0119kana, blada, fioletowa<\/p>\n<p>\u00a0<\/p>\n","yn_product_tongue_coating":"<p>Rzadkie, wilgotne, bia\u0142e<span class=\"Apple-converted-space\"> <\/span><\/p>\n<p>\u00a0<\/p>\n<p>\u00a0<\/p>\n","yn_product_pulse_diagnostics":"<p>Chen Mai &#8211; g\u0142\u0119boki puls, Xi Mai &#8211; puls przypominaj\u0105cy nitk\u0119, Duan Mai &#8211; kr\u00f3tki puls, Xu Mai &#8211; pusty puls, Chi Mai &#8211; powolny puls, ale tak\u017ce Ruo Mai &#8211; s\u0142aby puls.<\/p>\n<p>\u00a0<\/p>\n","yn_product_indications":"<p>Hipotermia, Zimno ko\u0144czyn, Niep\u0142odno\u015b\u0107, Brak apetytu, Bolesne miesi\u0105czkowanie, Przewlek\u0142y b\u00f3l plec\u00f3w z uczuciem zimna, Zaburzenia resorpcji, Niedoci\u015bnienie, Feng Shi Han Bi ko\u0144czyn dolnych, Trudno\u015bci w chodzeniu<span class=\"Apple-converted-space\"> <\/span><\/p>\n<p>\u00a0<\/p>\n<p>\u00a0<\/p>\n","yn_product_contra_indications":"<p>Niedob\u00f3r Yin w nerkach z pustym ciep\u0142em i ciep\u0142em krwi, nadci\u015bnienie t\u0119tnicze<\/p>\n<p>\u00a0<\/p>\n<p>\u00a0<\/p>\n","yn_product_pregnancy":"<p>Dozwolone<\/p>\n<p>\u00a0<\/p>\n<p>\u00a0<\/p>\n","yn_product_herbs":"<p>\u00a0<\/p>\n<p>\u00a0<\/p>\n<p>\u00a0<\/p>\n","yn_product_magisterrecipes":"<p>Fu Zi \u9644\u5b50 (Radix Aconiti Lateralis Praeparata) (13,6%)<\/p>\n<p>Rou Gui \u8089\u6842 (Cortex Cinnamomi) (9,1%)<\/p>\n<p>Lu Jiao \u9e7f\u89d2 (Deerhorn) (9,1%)<\/p>\n<p>Shu Di Huang \u719f\u5730\u9ec4 \u719f\u5730 (Radix Rehmanniae Preparata) (18,2%)<\/p>\n<p>Shan Zhu Yu \u5c71\u8331\u8438 (Fructus Corni) (6,8%)<\/p>\n<p>Shan Yao \u5c71\u836f (Rhizoma Dioscoreae) (9,1%)<\/p>\n<p>Gou Qi Zi \u67b8\u675e\u5b50 (Fructus Lycii) (9,1%)<\/p>\n<p>Tu Si Zi \u83df\u4e1d\u5b50 (Semen Cuscutae) (9,1%)<\/p>\n<p>Du Zhong \u675c\u4ef2 (Cortex Eucommiae) (9,1%)<\/p>\n<p>Dang Gui \u5f53\u5f52 (Radix Angelicae Sinensis) (6,8%)<\/p>\n<p>\u00a0<\/p>\n<p>\u00a0<\/p>\n"},"yoast_head":"<!-- This site is optimized with the Yoast SEO plugin v24.9 - https:\/\/yoast.com\/wordpress\/plugins\/seo\/ -->\n<title>You Gui Wan - Claude Diolosa<\/title>\n<meta name=\"robots\" content=\"index, follow, max-snippet:-1, max-image-preview:large, max-video-preview:-1\" \/>\n<link rel=\"canonical\" href=\"https:\/\/shop.diolosa.com\/pl\/product\/you-gui-wan\/\" \/>\n<meta property=\"og:locale\" content=\"pl_PL\" \/>\n<meta property=\"og:type\" content=\"article\" \/>\n<meta property=\"og:title\" content=\"You Gui Wan - Claude Diolosa\" \/>\n<meta property=\"og:description\" content=\"&nbsp; &nbsp; &nbsp; &nbsp; &nbsp; &nbsp; &nbsp; &nbsp; &nbsp; &nbsp; &nbsp; &nbsp;\" \/>\n<meta property=\"og:url\" content=\"https:\/\/shop.diolosa.com\/pl\/product\/you-gui-wan\/\" \/>\n<meta property=\"og:site_name\" content=\"Claude Diolosa\" \/>\n<meta property=\"article:publisher\" content=\"https:\/\/facebook.com\/claudediolosa\" \/>\n<meta property=\"article:modified_time\" content=\"2025-04-24T19:23:49+00:00\" \/>\n<meta property=\"og:image\" content=\"https:\/\/shop.diolosa.com\/wp-content\/uploads\/2022\/08\/magisterformel.jpg\" \/>\n\t<meta property=\"og:image:width\" content=\"800\" \/>\n\t<meta property=\"og:image:height\" content=\"533\" \/>\n\t<meta property=\"og:image:type\" content=\"image\/jpeg\" \/>\n<meta name=\"twitter:card\" content=\"summary_large_image\" \/>\n<script type=\"application\/ld+json\" class=\"yoast-schema-graph\">{\"@context\":\"https:\/\/schema.org\",\"@graph\":[{\"@type\":\"WebPage\",\"@id\":\"https:\/\/shop.diolosa.com\/pl\/product\/you-gui-wan\/\",\"url\":\"https:\/\/shop.diolosa.com\/pl\/product\/you-gui-wan\/\",\"name\":\"You Gui Wan - Claude Diolosa\",\"isPartOf\":{\"@id\":\"https:\/\/shop.diolosa.com\/pl\/#website\"},\"primaryImageOfPage\":{\"@id\":\"https:\/\/shop.diolosa.com\/pl\/product\/you-gui-wan\/#primaryimage\"},\"image\":{\"@id\":\"https:\/\/shop.diolosa.com\/pl\/product\/you-gui-wan\/#primaryimage\"},\"thumbnailUrl\":\"https:\/\/shop.diolosa.com\/wp-content\/uploads\/2022\/08\/magisterformel.jpg\",\"datePublished\":\"2025-03-10T05:59:17+00:00\",\"dateModified\":\"2025-04-24T19:23:49+00:00\",\"breadcrumb\":{\"@id\":\"https:\/\/shop.diolosa.com\/pl\/product\/you-gui-wan\/#breadcrumb\"},\"inLanguage\":\"pl-PL\",\"potentialAction\":[{\"@type\":\"ReadAction\",\"target\":[\"https:\/\/shop.diolosa.com\/pl\/product\/you-gui-wan\/\"]}]},{\"@type\":\"ImageObject\",\"inLanguage\":\"pl-PL\",\"@id\":\"https:\/\/shop.diolosa.com\/pl\/product\/you-gui-wan\/#primaryimage\",\"url\":\"https:\/\/shop.diolosa.com\/wp-content\/uploads\/2022\/08\/magisterformel.jpg\",\"contentUrl\":\"https:\/\/shop.diolosa.com\/wp-content\/uploads\/2022\/08\/magisterformel.jpg\",\"width\":800,\"height\":533},{\"@type\":\"BreadcrumbList\",\"@id\":\"https:\/\/shop.diolosa.com\/pl\/product\/you-gui-wan\/#breadcrumb\",\"itemListElement\":[{\"@type\":\"ListItem\",\"position\":1,\"name\":\"Startseite\",\"item\":\"https:\/\/shop.diolosa.com\/pl\/?page_id=3835710\"},{\"@type\":\"ListItem\",\"position\":2,\"name\":\"Sklep\",\"item\":\"https:\/\/shop.diolosa.com\/pl\/?page_id=3835710\"},{\"@type\":\"ListItem\",\"position\":3,\"name\":\"You Gui Wan\"}]},{\"@type\":\"WebSite\",\"@id\":\"https:\/\/shop.diolosa.com\/pl\/#website\",\"url\":\"https:\/\/shop.diolosa.com\/pl\/\",\"name\":\"Claude Diolosa\",\"description\":\"\",\"publisher\":{\"@id\":\"https:\/\/shop.diolosa.com\/pl\/#organization\"},\"potentialAction\":[{\"@type\":\"SearchAction\",\"target\":{\"@type\":\"EntryPoint\",\"urlTemplate\":\"https:\/\/shop.diolosa.com\/pl\/?s={search_term_string}\"},\"query-input\":{\"@type\":\"PropertyValueSpecification\",\"valueRequired\":true,\"valueName\":\"search_term_string\"}}],\"inLanguage\":\"pl-PL\"},{\"@type\":\"Organization\",\"@id\":\"https:\/\/shop.diolosa.com\/pl\/#organization\",\"name\":\"Claude Diolosa\",\"url\":\"https:\/\/shop.diolosa.com\/pl\/\",\"logo\":{\"@type\":\"ImageObject\",\"inLanguage\":\"pl-PL\",\"@id\":\"https:\/\/shop.diolosa.com\/pl\/#\/schema\/logo\/image\/\",\"url\":\"https:\/\/shop.diolosa.com\/wp-content\/uploads\/2019\/08\/diolosa-drop-logo-new.png\",\"contentUrl\":\"https:\/\/shop.diolosa.com\/wp-content\/uploads\/2019\/08\/diolosa-drop-logo-new.png\",\"width\":134,\"height\":176,\"caption\":\"Claude Diolosa\"},\"image\":{\"@id\":\"https:\/\/shop.diolosa.com\/pl\/#\/schema\/logo\/image\/\"},\"sameAs\":[\"https:\/\/facebook.com\/claudediolosa\",\"https:\/\/www.instagram.com\/diolosaclaude108\/\"]}]}<\/script>\n<!-- \/ Yoast SEO plugin. -->","yoast_head_json":{"title":"You Gui Wan - Claude Diolosa","robots":{"index":"index","follow":"follow","max-snippet":"max-snippet:-1","max-image-preview":"max-image-preview:large","max-video-preview":"max-video-preview:-1"},"canonical":"https:\/\/shop.diolosa.com\/pl\/product\/you-gui-wan\/","og_locale":"pl_PL","og_type":"article","og_title":"You Gui Wan - Claude Diolosa","og_description":"&nbsp; &nbsp; &nbsp; &nbsp; &nbsp; &nbsp; &nbsp; &nbsp; &nbsp; &nbsp; &nbsp; &nbsp;","og_url":"https:\/\/shop.diolosa.com\/pl\/product\/you-gui-wan\/","og_site_name":"Claude Diolosa","article_publisher":"https:\/\/facebook.com\/claudediolosa","article_modified_time":"2025-04-24T19:23:49+00:00","og_image":[{"width":800,"height":533,"url":"https:\/\/shop.diolosa.com\/wp-content\/uploads\/2022\/08\/magisterformel.jpg","type":"image\/jpeg"}],"twitter_card":"summary_large_image","schema":{"@context":"https:\/\/schema.org","@graph":[{"@type":"WebPage","@id":"https:\/\/shop.diolosa.com\/pl\/product\/you-gui-wan\/","url":"https:\/\/shop.diolosa.com\/pl\/product\/you-gui-wan\/","name":"You Gui Wan - Claude Diolosa","isPartOf":{"@id":"https:\/\/shop.diolosa.com\/pl\/#website"},"primaryImageOfPage":{"@id":"https:\/\/shop.diolosa.com\/pl\/product\/you-gui-wan\/#primaryimage"},"image":{"@id":"https:\/\/shop.diolosa.com\/pl\/product\/you-gui-wan\/#primaryimage"},"thumbnailUrl":"https:\/\/shop.diolosa.com\/wp-content\/uploads\/2022\/08\/magisterformel.jpg","datePublished":"2025-03-10T05:59:17+00:00","dateModified":"2025-04-24T19:23:49+00:00","breadcrumb":{"@id":"https:\/\/shop.diolosa.com\/pl\/product\/you-gui-wan\/#breadcrumb"},"inLanguage":"pl-PL","potentialAction":[{"@type":"ReadAction","target":["https:\/\/shop.diolosa.com\/pl\/product\/you-gui-wan\/"]}]},{"@type":"ImageObject","inLanguage":"pl-PL","@id":"https:\/\/shop.diolosa.com\/pl\/product\/you-gui-wan\/#primaryimage","url":"https:\/\/shop.diolosa.com\/wp-content\/uploads\/2022\/08\/magisterformel.jpg","contentUrl":"https:\/\/shop.diolosa.com\/wp-content\/uploads\/2022\/08\/magisterformel.jpg","width":800,"height":533},{"@type":"BreadcrumbList","@id":"https:\/\/shop.diolosa.com\/pl\/product\/you-gui-wan\/#breadcrumb","itemListElement":[{"@type":"ListItem","position":1,"name":"Startseite","item":"https:\/\/shop.diolosa.com\/pl\/?page_id=3835710"},{"@type":"ListItem","position":2,"name":"Sklep","item":"https:\/\/shop.diolosa.com\/pl\/?page_id=3835710"},{"@type":"ListItem","position":3,"name":"You Gui Wan"}]},{"@type":"WebSite","@id":"https:\/\/shop.diolosa.com\/pl\/#website","url":"https:\/\/shop.diolosa.com\/pl\/","name":"Claude Diolosa","description":"","publisher":{"@id":"https:\/\/shop.diolosa.com\/pl\/#organization"},"potentialAction":[{"@type":"SearchAction","target":{"@type":"EntryPoint","urlTemplate":"https:\/\/shop.diolosa.com\/pl\/?s={search_term_string}"},"query-input":{"@type":"PropertyValueSpecification","valueRequired":true,"valueName":"search_term_string"}}],"inLanguage":"pl-PL"},{"@type":"Organization","@id":"https:\/\/shop.diolosa.com\/pl\/#organization","name":"Claude Diolosa","url":"https:\/\/shop.diolosa.com\/pl\/","logo":{"@type":"ImageObject","inLanguage":"pl-PL","@id":"https:\/\/shop.diolosa.com\/pl\/#\/schema\/logo\/image\/","url":"https:\/\/shop.diolosa.com\/wp-content\/uploads\/2019\/08\/diolosa-drop-logo-new.png","contentUrl":"https:\/\/shop.diolosa.com\/wp-content\/uploads\/2019\/08\/diolosa-drop-logo-new.png","width":134,"height":176,"caption":"Claude Diolosa"},"image":{"@id":"https:\/\/shop.diolosa.com\/pl\/#\/schema\/logo\/image\/"},"sameAs":["https:\/\/facebook.com\/claudediolosa","https:\/\/www.instagram.com\/diolosaclaude108\/"]}]}},"_links":{"self":[{"href":"https:\/\/shop.diolosa.com\/pl\/wp-json\/wp\/v2\/product\/3841472","targetHints":{"allow":["GET"]}}],"collection":[{"href":"https:\/\/shop.diolosa.com\/pl\/wp-json\/wp\/v2\/product"}],"about":[{"href":"https:\/\/shop.diolosa.com\/pl\/wp-json\/wp\/v2\/types\/product"}],"wp:featuredmedia":[{"embeddable":true,"href":"https:\/\/shop.diolosa.com\/pl\/wp-json\/wp\/v2\/media\/3841022"}],"wp:attachment":[{"href":"https:\/\/shop.diolosa.com\/pl\/wp-json\/wp\/v2\/media?parent=3841472"}],"wp:term":[{"taxonomy":"product_brand","embeddable":true,"href":"https:\/\/shop.diolosa.com\/pl\/wp-json\/wp\/v2\/product_brand?post=3841472"},{"taxonomy":"product_cat","embeddable":true,"href":"https:\/\/shop.diolosa.com\/pl\/wp-json\/wp\/v2\/product_cat?post=3841472"},{"taxonomy":"product_tag","embeddable":true,"href":"https:\/\/shop.diolosa.com\/pl\/wp-json\/wp\/v2\/product_tag?post=3841472"}],"curies":[{"name":"wp","href":"https:\/\/api.w.org\/{rel}","templated":true}]}}