{"id":3841481,"date":"2022-08-31T08:19:16","date_gmt":"2025-03-10T05:59:21","guid":{"rendered":"https:\/\/shop.diolosa.com\/product\/wen-dan-tang\/"},"modified":"2025-04-24T20:23:46","modified_gmt":"2025-04-24T19:23:46","slug":"wen-dan-tang","status":"publish","type":"product","link":"https:\/\/shop.diolosa.com\/pl\/product\/wen-dan-tang\/","title":{"rendered":"Wen Dan Tang"},"content":{"rendered":"<p><strong>WEN DAN TANG &#8222;Odwar, kt\u00f3ry rozgrzewa p\u0119cherzyk \u017c\u00f3\u0142ciowy<\/strong><strong>&#8222;<\/strong><\/p>\n<p><strong>Reguluje Qi, usuwa flegm\u0119, oczyszcza p\u0119cherzyk \u017c\u00f3\u0142ciowy i harmonizuje \u017co\u0142\u0105dek<\/strong><\/p>\n<p> Zio\u0142owe granulki wed\u0142ug tradycyjnej medycyny chi\u0144skiej<\/p>\n<p>Suplement diety<\/p>\n<p>Producent: Apotheke Boznerplatz<\/p>\n<p>100% sprawdzonych sk\u0142adnik\u00f3w wysokiej jako\u015bci<\/p>\n<p>&nbsp;<\/p>\n<p>&nbsp;<\/p>\n<p>&nbsp;<\/p>\n<p>&nbsp;<\/p>\n<p>&nbsp;<\/p>\n<p>&nbsp;<\/p>\n<p>&nbsp;<\/p>\n<p>&nbsp;<\/p>\n<p>&nbsp;<\/p>\n","protected":false},"excerpt":{"rendered":"<p>&nbsp;<\/p>\n<p>&nbsp;<\/p>\n<p>&nbsp;<\/p>\n<p>&nbsp;<\/p>\n<p>&nbsp;<\/p>\n<p>&nbsp;<\/p>\n<p>&nbsp;<\/p>\n<p>&nbsp;<\/p>\n<p>&nbsp;<\/p>\n<p>&nbsp;<\/p>\n","protected":false},"featured_media":3841022,"template":"","meta":{"_acf_changed":false},"product_brand":[],"product_cat":[12155],"product_tag":[12523],"class_list":{"0":"post-3841481","1":"product","2":"type-product","3":"status-publish","4":"has-post-thumbnail","6":"product_cat-wzory-wzorcowe","7":"product_tag-maniakalny-zdezorientowany","9":"first","10":"instock","11":"taxable","12":"shipping-taxable","13":"purchasable","14":"product-type-simple"},"acf":{"yn_product_audio":"https:\/\/shop.diolosa.com\/wp-content\/uploads\/2022\/10\/DL_WenDanTang.m4a","yn_product_video":"https:\/\/shop.diolosa.com\/wp-content\/uploads\/2025\/04\/Wen-Dan-Tang-.mp4","yn_product_akupunktur":"<p><strong>Niedob\u00f3r Qi \u015bledziony<\/strong> > \u015aledziona\/Spleen-3 \u592a\u767d ta\u00ec b\u00e1i, P\u0119cherz\/P\u0119cherz-20 \u813e\u4fde p\u00ed sh\u016b > <strong>Wilgotno\u015b\u0107 <\/strong> San <strong>Jiao<\/strong> >San Jiao\/San Chiao 3 \u4e2d\u6e1a zh\u014dng zh\u01d4 > <strong>Wilgotno\u015b\u0107\/\u015bluz Yang Ming <\/strong>> \u017bo\u0142\u0105dek\/\u017co\u0142\u0105dek-40 \u8c50\u9686 f\u0113ng l\u00f3ng, \u015bledziona\/\u015bledziona-9 \u9670\u9675\u6cc9 y\u012bn l\u00edng q\u00faan  ><strong>  Ciep\u0142o wilgoci Yang Ming<\/strong> >  \u017bo\u0142\u0105dek\/\u017co\u0142\u0105dek-44\u5185\u5eadv n\u00e8i t\u00edng, \u017bo\u0142\u0105dek\/\u017co\u0142\u0105dek -37 \u4e0a\u5de8\u865b sh\u00e0ng j\u00f9 x\u016b.> <strong>D\u017cem z krwi Yang Ming<\/strong> >  \u017bo\u0142\u0105dek-34\u6881\u4e18 li\u00e1ng q\u012bu, <strong>Yang Ming Qi Stau<\/strong> >  Pericard\/\/circulation-6 \u5167\u95dc n\u00e8i gu\u0101n, Ren-12 \u4e2d\u8118 zh\u014dng w\u01cen [lub zh\u014dng gu\u01cen].  > <strong>Cyrkulacja Wilgotno\u015b\u0107 Ciep\u0142o<\/strong> >  Osierdzie\/kr\u0105\u017cenie-5 \u9593\u4f7f ji\u0101n sh\u01d0 Reduce\/Sedate  <b>&#8211; Xie Fa.<\/b><\/p>\n<p>\u00a0<\/p>\n","yn_product_verabreichungsart":"Peletki 200 szt.","yn_product_dosierung":"<p>Przyjmowa\u0107 3 x 3 do 6 tabletek dziennie, popijaj\u0105c wod\u0105 &#8211; przed jedzeniem.<\/p>\n<p>\u00a0<\/p>\n","yn_product_combinations":"<p><b>EAR DROPS <\/b>(krople do uszu),<b> WBL GREEN PROTECTION <\/b> <b>SCREEN <\/b>(grypa),<span class=\"Apple-converted-space\"> <\/span><b> THROAT COOLING DEW <\/b>(zapalenie migda\u0142k\u00f3w), <b>WIND SCREEN <\/b>(\u015bwinka), <strong>WRATHFUL GENERAL<\/strong> (zapalenie p\u0119cherzyka \u017c\u00f3\u0142ciowego)<\/p>\n<p>\u00a0<\/p>\n","yn_product_avoidable":"<p>Herbata imbirowa, herbata z przyprawami, alkohol, t\u0142uste, sma\u017cone i pikantne potrawy, sok z cytryny, mi\u00f3d, czekolada, czosnek, cebula, ser, mas\u0142o.<\/p>\n<p>\u00a0<\/p>\n","yn_product_tcm_mindmapping":"<p>Niedob\u00f3r Qi \u015bledziony > Wilgo\u0107\/gor\u0105co flegmy w p\u0119cherzyku \u017c\u00f3\u0142ciowym (Shao Yang) > Wilgo\u0107\/gor\u0105co flegmy w \u017co\u0142\u0105dku<\/p>\n<p>\u00a0<\/p>\n","yn_product_tongue_body":"<p>Szeroki, gruby, czerwony<\/p>\n<p>\u00a0<\/p>\n","yn_product_tongue_coating":"<p>\u017b\u00f3\u0142tawy i t\u0142usty<\/p>\n<p>\u00a0<\/p>\n","yn_product_pulse_diagnostics":"<p>Da Mai &#8211; puls szeroki , Hua Mai &#8211; puls \u015blizgowy &#8211; tocz\u0105cy si\u0119 , Shi Mai &#8211; puls pe\u0142ny<\/p>\n<p>\u00a0<\/p>\n","yn_product_indications":"<p>Zawroty g\u0142owy, nudno\u015bci, wymioty, bezsenno\u015b\u0107, ko\u0142atanie serca, niepok\u00f3j, niepewno\u015b\u0107, zaburzenia r\u00f3wnowagi, uczucie niepokoju, gorzki smak w ustach.<\/p>\n<p>\u00a0<\/p>\n","yn_product_contra_indications":"<p>\u00a0<\/p>\n<p>\u00a0<\/p>\n","yn_product_pregnancy":"<p>Dozwolone<\/p>\n<p>\u00a0<\/p>\n","yn_product_herbs":"<p>\u00a0<\/p>\n<p>\u00a0<\/p>\n","yn_product_magisterrecipes":"<p>Zhu Ru \u7af9\u8339 (Caulis Bambusae in Taeniis) (14.8%)<\/p>\n<p>Zhi Shi \u67b3\u5b9e (Fructus Aurantii Immaturus)i (14.8%)<\/p>\n<p>Fa Ban Xia \u6cd5\u534a\u590f (Rhizoma Pinelliae Praep) (14.8%)<\/p>\n<p>Chen Pi \u9648\u76ae (Pericarpium Citri Reticulatae) (22,3%)<\/p>\n<p>Bai Fu Ling \u832f\u82d3 (Poria Alba) (11,1%)<\/p>\n<p>Sheng Gan Cao \u7518\u8349 (Radix Glycyrrhizae) (7,4%)<\/p>\n<p>Sheng Jiang \u751f\u59dc (Rhizoma Officinalis Zingiberis Recens) (14,8%)<\/p>\n<p>\u00a0<\/p>\n"},"yoast_head":"<!-- This site is optimized with the Yoast SEO plugin v24.9 - https:\/\/yoast.com\/wordpress\/plugins\/seo\/ -->\n<title>Wen Dan Tang - Claude Diolosa<\/title>\n<meta name=\"robots\" content=\"index, follow, max-snippet:-1, max-image-preview:large, max-video-preview:-1\" \/>\n<link rel=\"canonical\" href=\"https:\/\/shop.diolosa.com\/pl\/product\/wen-dan-tang\/\" \/>\n<meta property=\"og:locale\" content=\"pl_PL\" \/>\n<meta property=\"og:type\" content=\"article\" \/>\n<meta property=\"og:title\" content=\"Wen Dan Tang - Claude Diolosa\" \/>\n<meta property=\"og:description\" content=\"&nbsp; &nbsp; &nbsp; &nbsp; &nbsp; &nbsp; &nbsp; &nbsp; &nbsp; &nbsp;\" \/>\n<meta property=\"og:url\" content=\"https:\/\/shop.diolosa.com\/pl\/product\/wen-dan-tang\/\" \/>\n<meta property=\"og:site_name\" content=\"Claude Diolosa\" \/>\n<meta property=\"article:publisher\" content=\"https:\/\/facebook.com\/claudediolosa\" \/>\n<meta property=\"article:modified_time\" content=\"2025-04-24T19:23:46+00:00\" \/>\n<meta property=\"og:image\" content=\"https:\/\/shop.diolosa.com\/wp-content\/uploads\/2022\/08\/magisterformel.jpg\" \/>\n\t<meta property=\"og:image:width\" content=\"800\" \/>\n\t<meta property=\"og:image:height\" content=\"533\" \/>\n\t<meta property=\"og:image:type\" content=\"image\/jpeg\" \/>\n<meta name=\"twitter:card\" content=\"summary_large_image\" \/>\n<script type=\"application\/ld+json\" class=\"yoast-schema-graph\">{\"@context\":\"https:\/\/schema.org\",\"@graph\":[{\"@type\":\"WebPage\",\"@id\":\"https:\/\/shop.diolosa.com\/pl\/product\/wen-dan-tang\/\",\"url\":\"https:\/\/shop.diolosa.com\/pl\/product\/wen-dan-tang\/\",\"name\":\"Wen Dan Tang - Claude Diolosa\",\"isPartOf\":{\"@id\":\"https:\/\/shop.diolosa.com\/pl\/#website\"},\"primaryImageOfPage\":{\"@id\":\"https:\/\/shop.diolosa.com\/pl\/product\/wen-dan-tang\/#primaryimage\"},\"image\":{\"@id\":\"https:\/\/shop.diolosa.com\/pl\/product\/wen-dan-tang\/#primaryimage\"},\"thumbnailUrl\":\"https:\/\/shop.diolosa.com\/wp-content\/uploads\/2022\/08\/magisterformel.jpg\",\"datePublished\":\"2025-03-10T05:59:21+00:00\",\"dateModified\":\"2025-04-24T19:23:46+00:00\",\"breadcrumb\":{\"@id\":\"https:\/\/shop.diolosa.com\/pl\/product\/wen-dan-tang\/#breadcrumb\"},\"inLanguage\":\"pl-PL\",\"potentialAction\":[{\"@type\":\"ReadAction\",\"target\":[\"https:\/\/shop.diolosa.com\/pl\/product\/wen-dan-tang\/\"]}]},{\"@type\":\"ImageObject\",\"inLanguage\":\"pl-PL\",\"@id\":\"https:\/\/shop.diolosa.com\/pl\/product\/wen-dan-tang\/#primaryimage\",\"url\":\"https:\/\/shop.diolosa.com\/wp-content\/uploads\/2022\/08\/magisterformel.jpg\",\"contentUrl\":\"https:\/\/shop.diolosa.com\/wp-content\/uploads\/2022\/08\/magisterformel.jpg\",\"width\":800,\"height\":533},{\"@type\":\"BreadcrumbList\",\"@id\":\"https:\/\/shop.diolosa.com\/pl\/product\/wen-dan-tang\/#breadcrumb\",\"itemListElement\":[{\"@type\":\"ListItem\",\"position\":1,\"name\":\"Startseite\",\"item\":\"https:\/\/shop.diolosa.com\/pl\/?page_id=3835710\"},{\"@type\":\"ListItem\",\"position\":2,\"name\":\"Sklep\",\"item\":\"https:\/\/shop.diolosa.com\/pl\/?page_id=3835710\"},{\"@type\":\"ListItem\",\"position\":3,\"name\":\"Wen Dan Tang\"}]},{\"@type\":\"WebSite\",\"@id\":\"https:\/\/shop.diolosa.com\/pl\/#website\",\"url\":\"https:\/\/shop.diolosa.com\/pl\/\",\"name\":\"Claude Diolosa\",\"description\":\"\",\"publisher\":{\"@id\":\"https:\/\/shop.diolosa.com\/pl\/#organization\"},\"potentialAction\":[{\"@type\":\"SearchAction\",\"target\":{\"@type\":\"EntryPoint\",\"urlTemplate\":\"https:\/\/shop.diolosa.com\/pl\/?s={search_term_string}\"},\"query-input\":{\"@type\":\"PropertyValueSpecification\",\"valueRequired\":true,\"valueName\":\"search_term_string\"}}],\"inLanguage\":\"pl-PL\"},{\"@type\":\"Organization\",\"@id\":\"https:\/\/shop.diolosa.com\/pl\/#organization\",\"name\":\"Claude Diolosa\",\"url\":\"https:\/\/shop.diolosa.com\/pl\/\",\"logo\":{\"@type\":\"ImageObject\",\"inLanguage\":\"pl-PL\",\"@id\":\"https:\/\/shop.diolosa.com\/pl\/#\/schema\/logo\/image\/\",\"url\":\"https:\/\/shop.diolosa.com\/wp-content\/uploads\/2019\/08\/diolosa-drop-logo-new.png\",\"contentUrl\":\"https:\/\/shop.diolosa.com\/wp-content\/uploads\/2019\/08\/diolosa-drop-logo-new.png\",\"width\":134,\"height\":176,\"caption\":\"Claude Diolosa\"},\"image\":{\"@id\":\"https:\/\/shop.diolosa.com\/pl\/#\/schema\/logo\/image\/\"},\"sameAs\":[\"https:\/\/facebook.com\/claudediolosa\",\"https:\/\/www.instagram.com\/diolosaclaude108\/\"]}]}<\/script>\n<!-- \/ Yoast SEO plugin. -->","yoast_head_json":{"title":"Wen Dan Tang - Claude Diolosa","robots":{"index":"index","follow":"follow","max-snippet":"max-snippet:-1","max-image-preview":"max-image-preview:large","max-video-preview":"max-video-preview:-1"},"canonical":"https:\/\/shop.diolosa.com\/pl\/product\/wen-dan-tang\/","og_locale":"pl_PL","og_type":"article","og_title":"Wen Dan Tang - Claude Diolosa","og_description":"&nbsp; &nbsp; &nbsp; &nbsp; &nbsp; &nbsp; &nbsp; &nbsp; &nbsp; &nbsp;","og_url":"https:\/\/shop.diolosa.com\/pl\/product\/wen-dan-tang\/","og_site_name":"Claude Diolosa","article_publisher":"https:\/\/facebook.com\/claudediolosa","article_modified_time":"2025-04-24T19:23:46+00:00","og_image":[{"width":800,"height":533,"url":"https:\/\/shop.diolosa.com\/wp-content\/uploads\/2022\/08\/magisterformel.jpg","type":"image\/jpeg"}],"twitter_card":"summary_large_image","schema":{"@context":"https:\/\/schema.org","@graph":[{"@type":"WebPage","@id":"https:\/\/shop.diolosa.com\/pl\/product\/wen-dan-tang\/","url":"https:\/\/shop.diolosa.com\/pl\/product\/wen-dan-tang\/","name":"Wen Dan Tang - Claude Diolosa","isPartOf":{"@id":"https:\/\/shop.diolosa.com\/pl\/#website"},"primaryImageOfPage":{"@id":"https:\/\/shop.diolosa.com\/pl\/product\/wen-dan-tang\/#primaryimage"},"image":{"@id":"https:\/\/shop.diolosa.com\/pl\/product\/wen-dan-tang\/#primaryimage"},"thumbnailUrl":"https:\/\/shop.diolosa.com\/wp-content\/uploads\/2022\/08\/magisterformel.jpg","datePublished":"2025-03-10T05:59:21+00:00","dateModified":"2025-04-24T19:23:46+00:00","breadcrumb":{"@id":"https:\/\/shop.diolosa.com\/pl\/product\/wen-dan-tang\/#breadcrumb"},"inLanguage":"pl-PL","potentialAction":[{"@type":"ReadAction","target":["https:\/\/shop.diolosa.com\/pl\/product\/wen-dan-tang\/"]}]},{"@type":"ImageObject","inLanguage":"pl-PL","@id":"https:\/\/shop.diolosa.com\/pl\/product\/wen-dan-tang\/#primaryimage","url":"https:\/\/shop.diolosa.com\/wp-content\/uploads\/2022\/08\/magisterformel.jpg","contentUrl":"https:\/\/shop.diolosa.com\/wp-content\/uploads\/2022\/08\/magisterformel.jpg","width":800,"height":533},{"@type":"BreadcrumbList","@id":"https:\/\/shop.diolosa.com\/pl\/product\/wen-dan-tang\/#breadcrumb","itemListElement":[{"@type":"ListItem","position":1,"name":"Startseite","item":"https:\/\/shop.diolosa.com\/pl\/?page_id=3835710"},{"@type":"ListItem","position":2,"name":"Sklep","item":"https:\/\/shop.diolosa.com\/pl\/?page_id=3835710"},{"@type":"ListItem","position":3,"name":"Wen Dan Tang"}]},{"@type":"WebSite","@id":"https:\/\/shop.diolosa.com\/pl\/#website","url":"https:\/\/shop.diolosa.com\/pl\/","name":"Claude Diolosa","description":"","publisher":{"@id":"https:\/\/shop.diolosa.com\/pl\/#organization"},"potentialAction":[{"@type":"SearchAction","target":{"@type":"EntryPoint","urlTemplate":"https:\/\/shop.diolosa.com\/pl\/?s={search_term_string}"},"query-input":{"@type":"PropertyValueSpecification","valueRequired":true,"valueName":"search_term_string"}}],"inLanguage":"pl-PL"},{"@type":"Organization","@id":"https:\/\/shop.diolosa.com\/pl\/#organization","name":"Claude Diolosa","url":"https:\/\/shop.diolosa.com\/pl\/","logo":{"@type":"ImageObject","inLanguage":"pl-PL","@id":"https:\/\/shop.diolosa.com\/pl\/#\/schema\/logo\/image\/","url":"https:\/\/shop.diolosa.com\/wp-content\/uploads\/2019\/08\/diolosa-drop-logo-new.png","contentUrl":"https:\/\/shop.diolosa.com\/wp-content\/uploads\/2019\/08\/diolosa-drop-logo-new.png","width":134,"height":176,"caption":"Claude Diolosa"},"image":{"@id":"https:\/\/shop.diolosa.com\/pl\/#\/schema\/logo\/image\/"},"sameAs":["https:\/\/facebook.com\/claudediolosa","https:\/\/www.instagram.com\/diolosaclaude108\/"]}]}},"_links":{"self":[{"href":"https:\/\/shop.diolosa.com\/pl\/wp-json\/wp\/v2\/product\/3841481","targetHints":{"allow":["GET"]}}],"collection":[{"href":"https:\/\/shop.diolosa.com\/pl\/wp-json\/wp\/v2\/product"}],"about":[{"href":"https:\/\/shop.diolosa.com\/pl\/wp-json\/wp\/v2\/types\/product"}],"wp:featuredmedia":[{"embeddable":true,"href":"https:\/\/shop.diolosa.com\/pl\/wp-json\/wp\/v2\/media\/3841022"}],"wp:attachment":[{"href":"https:\/\/shop.diolosa.com\/pl\/wp-json\/wp\/v2\/media?parent=3841481"}],"wp:term":[{"taxonomy":"product_brand","embeddable":true,"href":"https:\/\/shop.diolosa.com\/pl\/wp-json\/wp\/v2\/product_brand?post=3841481"},{"taxonomy":"product_cat","embeddable":true,"href":"https:\/\/shop.diolosa.com\/pl\/wp-json\/wp\/v2\/product_cat?post=3841481"},{"taxonomy":"product_tag","embeddable":true,"href":"https:\/\/shop.diolosa.com\/pl\/wp-json\/wp\/v2\/product_tag?post=3841481"}],"curies":[{"name":"wp","href":"https:\/\/api.w.org\/{rel}","templated":true}]}}