{"id":3841489,"date":"2022-08-31T08:12:54","date_gmt":"2025-03-10T05:59:25","guid":{"rendered":"https:\/\/shop.diolosa.com\/product\/si-ni-san\/"},"modified":"2025-04-24T20:23:42","modified_gmt":"2025-04-24T19:23:42","slug":"si-ni-san","status":"publish","type":"product","link":"https:\/\/shop.diolosa.com\/pl\/product\/si-ni-san\/","title":{"rendered":"Si Ni San"},"content":{"rendered":"<p><strong>SI NI SAN &#8222;Zimne ko\u0144czyny&#8221;<\/strong><\/p>\n<p><strong>Reguluje i harmonizuje prac\u0119 p\u0119cherzyka \u017c\u00f3\u0142ciowego, w\u0105troby, \u017co\u0142\u0105dka i \u015bledziony.<\/strong><\/p>\n<p>&nbsp;<\/p>\n<p>Granulki zio\u0142owe wed\u0142ug tradycyjnej medycyny chi\u0144skiej<\/p>\n<p>Suplementy diety<\/p>\n<p>Reguluje i harmonizuje w\u0105trob\u0119 i \u015bledzion\u0119<\/p>\n<p>Producent: Apteka Boznerplatz<\/p>\n<p>W 100% sprawdzone sk\u0142adniki wysokiej jako\u015bci<\/p>\n<p>&nbsp;<\/p>\n<p>&nbsp;<\/p>\n<p>&nbsp;<\/p>\n<p>&nbsp;<\/p>\n<p>&nbsp;<\/p>\n","protected":false},"excerpt":{"rendered":"<p>&nbsp;<\/p>\n<p>&nbsp;<\/p>\n<p>&nbsp;<\/p>\n<p>&nbsp;<\/p>\n<p>&nbsp;<\/p>\n<p>&nbsp;<\/p>\n","protected":false},"featured_media":3841022,"template":"","meta":{"_acf_changed":false},"product_brand":[],"product_cat":[12155],"product_tag":[12529],"class_list":{"0":"post-3841489","1":"product","2":"type-product","3":"status-publish","4":"has-post-thumbnail","6":"product_cat-wzory-wzorcowe","7":"product_tag-stres-napiecie","9":"first","10":"instock","11":"taxable","12":"shipping-taxable","13":"purchasable","14":"product-type-simple"},"acf":{"yn_product_audio":"https:\/\/shop.diolosa.com\/wp-content\/uploads\/2022\/10\/DL_SiNiTang.m4a","yn_product_video":"https:\/\/shop.diolosa.com\/wp-content\/uploads\/2025\/04\/Si-Ni-San-.mp4","yn_product_akupunktur":"<p>EX-HN-1 &#8211; \u56db\u795e\u806a &#8211; si shen cong<\/p>\n<p>Reduce\/Sedate <b>&#8211; Xie Fa<\/b><\/p>\n<p>EX-HN3 &#8211; \u5370\u5802 Yin Tang<\/p>\n<p>Reduce\/Sedate <b>&#8211; Xie Fa<\/b><\/p>\n<p>Du-23 \u4e0a\u661f sh\u00e0ng x\u012bng &#8211; Gui Tang \u9b3c\u5802 &#8211; Sala Duch\u00f3w<\/p>\n<p>Reduce\/Sedate <b>&#8211; Xie Fa<\/b><\/p>\n<p>You-24 \u795e\u5ead sh\u00e9n t\u00edng<\/p>\n<p>Reduce\/Sedate <b>&#8211; Xie Fa<\/b><\/p>\n<p>\u017bo\u0142\u0105dek\/Magen-6 \u9830\u8eca ji\u00e1 ch\u0113 &#8211; gui chuang \u9b3c\u5e8a &#8211; \u0142\u00f3\u017cko duch\u00f3w &#8211; GUI<\/p>\n<p>Reduce\/Sedate <b>&#8211; Xie Fa<\/b><\/p>\n<p>P\u0119cherzyk \u017c\u00f3\u0142ciowy-34 \u967d\u9675\u6cc9 y\u00e1ng l\u00edng qu\u00e1n<\/p>\n<p>Reduce\/Sedate <b>&#8211; Xie Fa<\/b><\/p>\n<p>\u017bo\u0142\u0105dek\/\u017co\u0142\u0105dek-36 \u8db3\u4e09\u91cc z\u00fa s\u0101n l\u01d0.<\/p>\n<p>Reduce\/Sedate <b>&#8211; Xie Fa<\/b><\/p>\n<p>\u017bo\u0142\u0105dek\/\u017co\u0142\u0105dek -37 \u4e0a\u5de8\u865b sh\u00e0ng j\u00f9 x\u016b.<\/p>\n<p>Reduce\/Sedate <b>&#8211; Xie Fa<\/b><\/p>\n<p>Pericard\/\/Circulation-6 \u5167\u95dc n\u00e8i gu\u0101n.<\/p>\n<p>Reduce\/Sedate <b>&#8211; Xie Fa<\/b><\/p>\n<p>\u00a0<\/p>\n","yn_product_verabreichungsart":"Peletki 200 szt.","yn_product_dosierung":"<p>Przyjmowa\u0107 3 x 3 do 6 tabletek dziennie, popijaj\u0105c wod\u0105.<\/p>\n<p>\u00a0<\/p>\n","yn_product_combinations":"<p><b>SIX FLOWERS <\/b>(zast\u00f3j Qi i krwi), <b>PEACEFUL NIGHTS <\/b>(bezsenno\u015b\u0107), <b>HAPPY DAYS <\/b>(depresja), <b>INTELLIGENT LODGE <\/b>(Yi Plus &#8211; obsesyjne my\u015blenie)<strong>, NO WORRY<\/strong> (stres)<\/p>\n<p>\u00a0<\/p>\n","yn_product_avoidable":"<p>czosnek, cebula, pieprz, chili, tabasco, alkohol, palenie tytoniu, kawa, ostre przyprawy<\/p>\n<p>\u00a0<\/p>\n","yn_product_tcm_mindmapping":"<p>Przekrwienie Qi p\u0119cherzyka \u017c\u00f3\u0142ciowego > Przekrwienie Qi \u017co\u0142\u0105dka i jelita grubego<\/p>\n<p>\u00a0<\/p>\n","yn_product_tongue_body":"<p>Opuchni\u0119te brzegi j\u0119zyka lub opuchlizna po jednej stronie, zaczerwieniona ko\u0144c\u00f3wka j\u0119zyka<\/p>\n<p>\u00a0<\/p>\n","yn_product_tongue_coating":"<p>Cienki i lekko \u017c\u00f3\u0142tawy<span class=\"Apple-converted-space\"> <\/span><\/p>\n<p>\u00a0<\/p>\n","yn_product_pulse_diagnostics":"<p><strong>Pozycja<\/strong> <strong>p\u0119cherzyka \u017c\u00f3\u0142ciowego<\/strong>: Xian Mai &#8211; puls strunowy, Shi Mai &#8211; puls pe\u0142ny, Shuo Mai &#8211; puls szybki > <strong>Pozycja \u017co\u0142\u0105dka<\/strong> > Xian Mai &#8211; puls strunowy, Shi Mai &#8211; puls pe\u0142ny, Shuo Mai &#8211; puls szybki<\/p>\n<p>\u00a0<\/p>\n<p><iframe class=\"ginger-extension-definitionpopup\" style=\"display: none;\"><\/iframe><\/p>\n","yn_product_indications":"<p>Stres, trudno\u015bci z zasypianiem, skurcze, skurcze \u0142ydek, wzd\u0119cia, b\u00f3l w g\u00f3rnej cz\u0119\u015bci brzucha, zesp\u00f3\u0142 niespokojnych n\u00f3g, mastopatia, bolesne miesi\u0105czkowanie, zimne ko\u0144czyny, bolesne miesi\u0105czkowanie, zaparcia<\/p>\n<p>\u00a0<\/p>\n<p><iframe class=\"ginger-extension-definitionpopup\" style=\"display: none;\"><\/iframe><\/p>\n","yn_product_contra_indications":"<p>Niedob\u00f3r Yang, wilgo\u0107 i przezi\u0119bienie flegmy<\/p>\n<p>\u00a0<\/p>\n","yn_product_pregnancy":"<p>Dozwolone<\/p>\n<p>\u00a0<\/p>\n","yn_product_herbs":"<p>\u00a0<\/p>\n<p>\u00a0<\/p>\n","yn_product_magisterrecipes":"<p>Chai Hu \u67f4\u80e1 (Radix Bupleurum) (21,1%)<\/p>\n<p>Zhi Shi \u67b3\u5b9e (Fructus Aurantii Immaturus) (21,1%)<\/p>\n<p>Bai Shao Yao \u767d\u828d (Radix Paeoniae Alba) (42,1%)<\/p>\n<p>Sheng Gan Cao \u7518\u8349 (Radix Glycyrrhizae) (15,8%)<\/p>\n<p>\u00a0<\/p>\n"},"yoast_head":"<!-- This site is optimized with the Yoast SEO plugin v24.9 - https:\/\/yoast.com\/wordpress\/plugins\/seo\/ -->\n<title>Si Ni San - Claude Diolosa<\/title>\n<meta name=\"robots\" content=\"index, follow, max-snippet:-1, max-image-preview:large, max-video-preview:-1\" \/>\n<link rel=\"canonical\" href=\"https:\/\/shop.diolosa.com\/pl\/product\/si-ni-san\/\" \/>\n<meta property=\"og:locale\" content=\"pl_PL\" \/>\n<meta property=\"og:type\" content=\"article\" \/>\n<meta property=\"og:title\" content=\"Si Ni San - Claude Diolosa\" \/>\n<meta property=\"og:description\" content=\"&nbsp; &nbsp; &nbsp; &nbsp; &nbsp; &nbsp;\" \/>\n<meta property=\"og:url\" content=\"https:\/\/shop.diolosa.com\/pl\/product\/si-ni-san\/\" \/>\n<meta property=\"og:site_name\" content=\"Claude Diolosa\" \/>\n<meta property=\"article:publisher\" content=\"https:\/\/facebook.com\/claudediolosa\" \/>\n<meta property=\"article:modified_time\" content=\"2025-04-24T19:23:42+00:00\" \/>\n<meta property=\"og:image\" content=\"https:\/\/shop.diolosa.com\/wp-content\/uploads\/2022\/08\/magisterformel.jpg\" \/>\n\t<meta property=\"og:image:width\" content=\"800\" \/>\n\t<meta property=\"og:image:height\" content=\"533\" \/>\n\t<meta property=\"og:image:type\" content=\"image\/jpeg\" \/>\n<meta name=\"twitter:card\" content=\"summary_large_image\" \/>\n<script type=\"application\/ld+json\" class=\"yoast-schema-graph\">{\"@context\":\"https:\/\/schema.org\",\"@graph\":[{\"@type\":\"WebPage\",\"@id\":\"https:\/\/shop.diolosa.com\/pl\/product\/si-ni-san\/\",\"url\":\"https:\/\/shop.diolosa.com\/pl\/product\/si-ni-san\/\",\"name\":\"Si Ni San - Claude Diolosa\",\"isPartOf\":{\"@id\":\"https:\/\/shop.diolosa.com\/pl\/#website\"},\"primaryImageOfPage\":{\"@id\":\"https:\/\/shop.diolosa.com\/pl\/product\/si-ni-san\/#primaryimage\"},\"image\":{\"@id\":\"https:\/\/shop.diolosa.com\/pl\/product\/si-ni-san\/#primaryimage\"},\"thumbnailUrl\":\"https:\/\/shop.diolosa.com\/wp-content\/uploads\/2022\/08\/magisterformel.jpg\",\"datePublished\":\"2025-03-10T05:59:25+00:00\",\"dateModified\":\"2025-04-24T19:23:42+00:00\",\"breadcrumb\":{\"@id\":\"https:\/\/shop.diolosa.com\/pl\/product\/si-ni-san\/#breadcrumb\"},\"inLanguage\":\"pl-PL\",\"potentialAction\":[{\"@type\":\"ReadAction\",\"target\":[\"https:\/\/shop.diolosa.com\/pl\/product\/si-ni-san\/\"]}]},{\"@type\":\"ImageObject\",\"inLanguage\":\"pl-PL\",\"@id\":\"https:\/\/shop.diolosa.com\/pl\/product\/si-ni-san\/#primaryimage\",\"url\":\"https:\/\/shop.diolosa.com\/wp-content\/uploads\/2022\/08\/magisterformel.jpg\",\"contentUrl\":\"https:\/\/shop.diolosa.com\/wp-content\/uploads\/2022\/08\/magisterformel.jpg\",\"width\":800,\"height\":533},{\"@type\":\"BreadcrumbList\",\"@id\":\"https:\/\/shop.diolosa.com\/pl\/product\/si-ni-san\/#breadcrumb\",\"itemListElement\":[{\"@type\":\"ListItem\",\"position\":1,\"name\":\"Startseite\",\"item\":\"https:\/\/shop.diolosa.com\/pl\/?page_id=3835710\"},{\"@type\":\"ListItem\",\"position\":2,\"name\":\"Sklep\",\"item\":\"https:\/\/shop.diolosa.com\/pl\/?page_id=3835710\"},{\"@type\":\"ListItem\",\"position\":3,\"name\":\"Si Ni San\"}]},{\"@type\":\"WebSite\",\"@id\":\"https:\/\/shop.diolosa.com\/pl\/#website\",\"url\":\"https:\/\/shop.diolosa.com\/pl\/\",\"name\":\"Claude Diolosa\",\"description\":\"\",\"publisher\":{\"@id\":\"https:\/\/shop.diolosa.com\/pl\/#organization\"},\"potentialAction\":[{\"@type\":\"SearchAction\",\"target\":{\"@type\":\"EntryPoint\",\"urlTemplate\":\"https:\/\/shop.diolosa.com\/pl\/?s={search_term_string}\"},\"query-input\":{\"@type\":\"PropertyValueSpecification\",\"valueRequired\":true,\"valueName\":\"search_term_string\"}}],\"inLanguage\":\"pl-PL\"},{\"@type\":\"Organization\",\"@id\":\"https:\/\/shop.diolosa.com\/pl\/#organization\",\"name\":\"Claude Diolosa\",\"url\":\"https:\/\/shop.diolosa.com\/pl\/\",\"logo\":{\"@type\":\"ImageObject\",\"inLanguage\":\"pl-PL\",\"@id\":\"https:\/\/shop.diolosa.com\/pl\/#\/schema\/logo\/image\/\",\"url\":\"https:\/\/shop.diolosa.com\/wp-content\/uploads\/2019\/08\/diolosa-drop-logo-new.png\",\"contentUrl\":\"https:\/\/shop.diolosa.com\/wp-content\/uploads\/2019\/08\/diolosa-drop-logo-new.png\",\"width\":134,\"height\":176,\"caption\":\"Claude Diolosa\"},\"image\":{\"@id\":\"https:\/\/shop.diolosa.com\/pl\/#\/schema\/logo\/image\/\"},\"sameAs\":[\"https:\/\/facebook.com\/claudediolosa\",\"https:\/\/www.instagram.com\/diolosaclaude108\/\"]}]}<\/script>\n<!-- \/ Yoast SEO plugin. -->","yoast_head_json":{"title":"Si Ni San - Claude Diolosa","robots":{"index":"index","follow":"follow","max-snippet":"max-snippet:-1","max-image-preview":"max-image-preview:large","max-video-preview":"max-video-preview:-1"},"canonical":"https:\/\/shop.diolosa.com\/pl\/product\/si-ni-san\/","og_locale":"pl_PL","og_type":"article","og_title":"Si Ni San - Claude Diolosa","og_description":"&nbsp; &nbsp; &nbsp; &nbsp; &nbsp; &nbsp;","og_url":"https:\/\/shop.diolosa.com\/pl\/product\/si-ni-san\/","og_site_name":"Claude Diolosa","article_publisher":"https:\/\/facebook.com\/claudediolosa","article_modified_time":"2025-04-24T19:23:42+00:00","og_image":[{"width":800,"height":533,"url":"https:\/\/shop.diolosa.com\/wp-content\/uploads\/2022\/08\/magisterformel.jpg","type":"image\/jpeg"}],"twitter_card":"summary_large_image","schema":{"@context":"https:\/\/schema.org","@graph":[{"@type":"WebPage","@id":"https:\/\/shop.diolosa.com\/pl\/product\/si-ni-san\/","url":"https:\/\/shop.diolosa.com\/pl\/product\/si-ni-san\/","name":"Si Ni San - Claude Diolosa","isPartOf":{"@id":"https:\/\/shop.diolosa.com\/pl\/#website"},"primaryImageOfPage":{"@id":"https:\/\/shop.diolosa.com\/pl\/product\/si-ni-san\/#primaryimage"},"image":{"@id":"https:\/\/shop.diolosa.com\/pl\/product\/si-ni-san\/#primaryimage"},"thumbnailUrl":"https:\/\/shop.diolosa.com\/wp-content\/uploads\/2022\/08\/magisterformel.jpg","datePublished":"2025-03-10T05:59:25+00:00","dateModified":"2025-04-24T19:23:42+00:00","breadcrumb":{"@id":"https:\/\/shop.diolosa.com\/pl\/product\/si-ni-san\/#breadcrumb"},"inLanguage":"pl-PL","potentialAction":[{"@type":"ReadAction","target":["https:\/\/shop.diolosa.com\/pl\/product\/si-ni-san\/"]}]},{"@type":"ImageObject","inLanguage":"pl-PL","@id":"https:\/\/shop.diolosa.com\/pl\/product\/si-ni-san\/#primaryimage","url":"https:\/\/shop.diolosa.com\/wp-content\/uploads\/2022\/08\/magisterformel.jpg","contentUrl":"https:\/\/shop.diolosa.com\/wp-content\/uploads\/2022\/08\/magisterformel.jpg","width":800,"height":533},{"@type":"BreadcrumbList","@id":"https:\/\/shop.diolosa.com\/pl\/product\/si-ni-san\/#breadcrumb","itemListElement":[{"@type":"ListItem","position":1,"name":"Startseite","item":"https:\/\/shop.diolosa.com\/pl\/?page_id=3835710"},{"@type":"ListItem","position":2,"name":"Sklep","item":"https:\/\/shop.diolosa.com\/pl\/?page_id=3835710"},{"@type":"ListItem","position":3,"name":"Si Ni San"}]},{"@type":"WebSite","@id":"https:\/\/shop.diolosa.com\/pl\/#website","url":"https:\/\/shop.diolosa.com\/pl\/","name":"Claude Diolosa","description":"","publisher":{"@id":"https:\/\/shop.diolosa.com\/pl\/#organization"},"potentialAction":[{"@type":"SearchAction","target":{"@type":"EntryPoint","urlTemplate":"https:\/\/shop.diolosa.com\/pl\/?s={search_term_string}"},"query-input":{"@type":"PropertyValueSpecification","valueRequired":true,"valueName":"search_term_string"}}],"inLanguage":"pl-PL"},{"@type":"Organization","@id":"https:\/\/shop.diolosa.com\/pl\/#organization","name":"Claude Diolosa","url":"https:\/\/shop.diolosa.com\/pl\/","logo":{"@type":"ImageObject","inLanguage":"pl-PL","@id":"https:\/\/shop.diolosa.com\/pl\/#\/schema\/logo\/image\/","url":"https:\/\/shop.diolosa.com\/wp-content\/uploads\/2019\/08\/diolosa-drop-logo-new.png","contentUrl":"https:\/\/shop.diolosa.com\/wp-content\/uploads\/2019\/08\/diolosa-drop-logo-new.png","width":134,"height":176,"caption":"Claude Diolosa"},"image":{"@id":"https:\/\/shop.diolosa.com\/pl\/#\/schema\/logo\/image\/"},"sameAs":["https:\/\/facebook.com\/claudediolosa","https:\/\/www.instagram.com\/diolosaclaude108\/"]}]}},"_links":{"self":[{"href":"https:\/\/shop.diolosa.com\/pl\/wp-json\/wp\/v2\/product\/3841489","targetHints":{"allow":["GET"]}}],"collection":[{"href":"https:\/\/shop.diolosa.com\/pl\/wp-json\/wp\/v2\/product"}],"about":[{"href":"https:\/\/shop.diolosa.com\/pl\/wp-json\/wp\/v2\/types\/product"}],"wp:featuredmedia":[{"embeddable":true,"href":"https:\/\/shop.diolosa.com\/pl\/wp-json\/wp\/v2\/media\/3841022"}],"wp:attachment":[{"href":"https:\/\/shop.diolosa.com\/pl\/wp-json\/wp\/v2\/media?parent=3841489"}],"wp:term":[{"taxonomy":"product_brand","embeddable":true,"href":"https:\/\/shop.diolosa.com\/pl\/wp-json\/wp\/v2\/product_brand?post=3841489"},{"taxonomy":"product_cat","embeddable":true,"href":"https:\/\/shop.diolosa.com\/pl\/wp-json\/wp\/v2\/product_cat?post=3841489"},{"taxonomy":"product_tag","embeddable":true,"href":"https:\/\/shop.diolosa.com\/pl\/wp-json\/wp\/v2\/product_tag?post=3841489"}],"curies":[{"name":"wp","href":"https:\/\/api.w.org\/{rel}","templated":true}]}}