{"id":3841492,"date":"2022-08-31T07:52:12","date_gmt":"2025-03-10T05:59:26","guid":{"rendered":"https:\/\/shop.diolosa.com\/product\/si-miao-san\/"},"modified":"2025-04-24T20:23:41","modified_gmt":"2025-04-24T19:23:41","slug":"si-miao-san","status":"publish","type":"product","link":"https:\/\/shop.diolosa.com\/pl\/product\/si-miao-san\/","title":{"rendered":"Si Miao San"},"content":{"rendered":"<p>Si Miao San, znany r\u00f3wnie\u017c jako &#8222;Cztery cuda&#8221;, to tradycyjna formu\u0142a medycyny chi\u0144skiej znana z eliminowania ciep\u0142a i wilgoci z organizmu, kt\u00f3re s\u0105 uwa\u017cane za czynniki chorobotw\u00f3rcze przyczyniaj\u0105ce si\u0119 do r\u00f3\u017cnych zaburze\u0144 r\u00f3wnowagi. Jest cz\u0119sto stosowany w leczeniu dolegliwo\u015bci zwi\u0105zanych z nagromadzeniem wilgotnego ciep\u0142a, takich jak b\u00f3le staw\u00f3w, problemy sk\u00f3rne i problemy z uk\u0142adem moczowym. <\/p>\n<p>&nbsp;<\/p>\n<p>&nbsp;<\/p>\n<p>&nbsp;<\/p>\n<p>&nbsp;<\/p>\n<p>&nbsp;<\/p>\n<p>&nbsp;<\/p>\n<p>&nbsp;<\/p>\n","protected":false},"excerpt":{"rendered":"<p>&nbsp;<\/p>\n<p>&nbsp;<\/p>\n<p>&nbsp;<\/p>\n<p>&nbsp;<\/p>\n<p>&nbsp;<\/p>\n<p>&nbsp;<\/p>\n<p>&nbsp;<\/p>\n<p>&nbsp;<\/p>\n<p>&nbsp;<\/p>\n","protected":false},"featured_media":3841022,"template":"","meta":{"_acf_changed":false},"product_brand":[],"product_cat":[12155],"product_tag":[12532],"class_list":{"0":"post-3841492","1":"product","2":"type-product","3":"status-publish","4":"has-post-thumbnail","6":"product_cat-wzory-wzorcowe","7":"product_tag-stwardnienie-rozsiane-wyladowanie","9":"first","10":"instock","11":"taxable","12":"shipping-taxable","13":"purchasable","14":"product-type-simple"},"acf":{"yn_product_audio":"https:\/\/shop.diolosa.com\/wp-content\/uploads\/2022\/10\/DL_SiMiaoSan.m4a","yn_product_video":"https:\/\/shop.diolosa.com\/wp-content\/uploads\/2025\/03\/Si-Miao-San.mp4","yn_product_akupunktur":"<p><strong>Niedob\u00f3r Qi \u015bledziony<\/strong> >  P\u0119cherz \/ Blase-20 \u813e\u4fde p\u00ed sh\u016b., \u015aledziona \/ Ple\u015b\u0144-3 \u592a\u767d ta\u00ec b\u00e1i Wzmocnienie \/ Tonizacja<b> &#8211; Bu Fa<span class=\"Apple-converted-space\"> <\/span><\/b> <strong>> Grzejnik dolny Wilgotne ciep\u0142o<\/strong> >  Spleen\/spleen-9 \u9670\u9675\u6cc9 y\u012bn l\u00edng q\u00faan, Spleen\/spleen-6 \u4e09\u9670\u4ea4 s\u0101n y\u012bn ji\u0101o, Liver\/liver-3 \u592a\u6c96 ta\u00ec ch\u014dng, Liver\/liver-2 \u884c\u9593 x\u00edng ji\u0101n, Ren-9 \u6c34\u5206 shu\u01d0 f\u0113n, Stomach\/stomach-28\u6c34\u9053 shu\u01d0 d\u00e0o.  >  Reduce\/Sedate  <b>&#8211; Xie Fa > D\u017cem z krwi  > <\/b>Spleen\/spleen-8 \u5730\u6a5f d\u00ec j\u012b, Spleen\/spleen-10 \u8840\u6d77 xu\u00e8 h\u01cei<\/p>\n<p>\u00a0<\/p>\n<p>\u00a0<\/p>\n","yn_product_verabreichungsart":"Peletki 200 szt.","yn_product_dosierung":"<p>Przyjmowa\u0107 3 x 3 do 6 tabletek dziennie, popijaj\u0105c wod\u0105.<\/p>\n<p>\u00a0<\/p>\n","yn_product_combinations":"<p><b>EASY FLOW HEAT <\/b>(bolesne miesi\u0105czkowanie), <b>HOT STREAM<\/b> (ostre zapalenie p\u0119cherza moczowego), <b>CLEANSING <\/b> <b>DAYS <\/b> <b>TABLETKI <\/b>i <b>CLEANSING DAYS TEA <\/b>(kuracja wiosenna), <b>PEACEFUL VALLEY SUPP. <\/b>(grzybica), <b>PHOENIX MOUTH TABLETS <\/b>and<b> SUPP. <\/b>(zesp\u00f3\u0142 PAP)<\/p>\n<p>\u00a0<\/p>\n","yn_product_avoidable":"<p>Alkohol, koktajle, czekolada, cukier, sery, sery g\u00f3rskie, sery kozie, mleko, \u015bmietana, czosnek, cebula, por, pieprz, ocet, ostre i pikantne przyprawy.<\/p>\n<p>\u00a0<\/p>\n","yn_product_tcm_mindmapping":"<p><strong>Niedob\u00f3r Qi \u015bledziony<\/strong> > Ni\u017csze grzejniki Wilgotne ciep\u0142o > W\u0105troba, nerki, krew, p\u0119cherz i jelito grube Wilgotne ciep\u0142o > Przekrwienie krwi<\/p>\n<p>\u00a0<\/p>\n","yn_product_tongue_body":"<p>Szeroki, blady z Zanhabdr\u00fccken<\/p>\n<p>\u00a0<\/p>\n","yn_product_tongue_coating":"<p>Korze\u0144 j\u0119zyka > \u017b\u00f3\u0142ta i wilgotna pow\u0142oka<\/p>\n<p>\u00a0<\/p>\n","yn_product_pulse_diagnostics":"<p><strong>Pozycja \u015bledziony<\/strong><strong>:<\/strong> Duan Mai &#8211; kr\u00f3tki puls, Xi Mai &#8211; puls przypominaj\u0105cy nitk\u0119 i Xu Mai &#8211; pusty puls<\/p>\n<p><strong>Dolna cieplejsza pozycja:<\/strong> Da Mai &#8211; szeroki puls, Hua Mai &#8211; szybuj\u0105cy &#8211; tocz\u0105cy si\u0119 puls, Shuo Mai &#8211; szybki puls i Se Mai &#8211; niezdecydowany puls<\/p>\n<p>\u00a0<\/p>\n","yn_product_indications":"<p>Wt\u00f3rna wilgotno\u015b\u0107 Ciep\u0142o w dolnej cz\u0119\u015bci cia\u0142a, up\u0142awy (Huang Dai), wrzodziej\u0105ce zapalenie jelita grubego, bolesne miesi\u0105czkowanie, zesp\u00f3\u0142 PAP, stwardnienie rozsiane (zesp\u00f3\u0142 WEI), zapalenie p\u0119cherza moczowego<br \/>\nOpryszczka narz\u0105d\u00f3w p\u0142ciowych, infekcje grzybicze, p\u00f3\u0142pasiec, EBV, krwawi\u0105ce i bolesne hemoroidy, cuchn\u0105cy stolec, przetoki odbytu, szczeliny odbytu, \u015bwi\u0105d odbytu<\/p>\n<p>\u00a0<\/p>\n","yn_product_contra_indications":"<p>Niedob\u00f3r Yang i wilgo\u0107\/zimno \u015bluzu<\/p>\n<p>\u00a0<\/p>\n","yn_product_pregnancy":"<p>Dozwolone<\/p>\n<p>\u00a0<\/p>\n","yn_product_magisterrecipes":"<p>Huang Bo \u9ec4\u67cf (Cortex Phellodendri) (13.6%)<\/p>\n<p>Sheng Yi Yi Ren \u858f\u82e1\u4ec1 (Semen Coicis Lachryma-jobi) (31,8%)<\/p>\n<p>Cang Zhu \u82cd\u672f (Rhizoma Atractylodis Lanceata ) (27,3%)<\/p>\n<p>Huai Niu Xi \u725b\u819d (Radix Achyranthis Bidentatae) (27,3%)<\/p>\n<p>\u00a0<\/p>\n"},"yoast_head":"<!-- This site is optimized with the Yoast SEO plugin v24.9 - https:\/\/yoast.com\/wordpress\/plugins\/seo\/ -->\n<title>Si Miao San - Claude Diolosa<\/title>\n<meta name=\"robots\" content=\"index, follow, max-snippet:-1, max-image-preview:large, max-video-preview:-1\" \/>\n<link rel=\"canonical\" href=\"https:\/\/shop.diolosa.com\/pl\/product\/si-miao-san\/\" \/>\n<meta property=\"og:locale\" content=\"pl_PL\" \/>\n<meta property=\"og:type\" content=\"article\" \/>\n<meta property=\"og:title\" content=\"Si Miao San - Claude Diolosa\" \/>\n<meta property=\"og:description\" content=\"&nbsp; &nbsp; &nbsp; &nbsp; &nbsp; &nbsp; &nbsp; &nbsp; &nbsp;\" \/>\n<meta property=\"og:url\" content=\"https:\/\/shop.diolosa.com\/pl\/product\/si-miao-san\/\" \/>\n<meta property=\"og:site_name\" content=\"Claude Diolosa\" \/>\n<meta property=\"article:publisher\" content=\"https:\/\/facebook.com\/claudediolosa\" \/>\n<meta property=\"article:modified_time\" content=\"2025-04-24T19:23:41+00:00\" \/>\n<meta property=\"og:image\" content=\"https:\/\/shop.diolosa.com\/wp-content\/uploads\/2022\/08\/magisterformel.jpg\" \/>\n\t<meta property=\"og:image:width\" content=\"800\" \/>\n\t<meta property=\"og:image:height\" content=\"533\" \/>\n\t<meta property=\"og:image:type\" content=\"image\/jpeg\" \/>\n<meta name=\"twitter:card\" content=\"summary_large_image\" \/>\n<script type=\"application\/ld+json\" class=\"yoast-schema-graph\">{\"@context\":\"https:\/\/schema.org\",\"@graph\":[{\"@type\":\"WebPage\",\"@id\":\"https:\/\/shop.diolosa.com\/pl\/product\/si-miao-san\/\",\"url\":\"https:\/\/shop.diolosa.com\/pl\/product\/si-miao-san\/\",\"name\":\"Si Miao San - Claude Diolosa\",\"isPartOf\":{\"@id\":\"https:\/\/shop.diolosa.com\/pl\/#website\"},\"primaryImageOfPage\":{\"@id\":\"https:\/\/shop.diolosa.com\/pl\/product\/si-miao-san\/#primaryimage\"},\"image\":{\"@id\":\"https:\/\/shop.diolosa.com\/pl\/product\/si-miao-san\/#primaryimage\"},\"thumbnailUrl\":\"https:\/\/shop.diolosa.com\/wp-content\/uploads\/2022\/08\/magisterformel.jpg\",\"datePublished\":\"2025-03-10T05:59:26+00:00\",\"dateModified\":\"2025-04-24T19:23:41+00:00\",\"breadcrumb\":{\"@id\":\"https:\/\/shop.diolosa.com\/pl\/product\/si-miao-san\/#breadcrumb\"},\"inLanguage\":\"pl-PL\",\"potentialAction\":[{\"@type\":\"ReadAction\",\"target\":[\"https:\/\/shop.diolosa.com\/pl\/product\/si-miao-san\/\"]}]},{\"@type\":\"ImageObject\",\"inLanguage\":\"pl-PL\",\"@id\":\"https:\/\/shop.diolosa.com\/pl\/product\/si-miao-san\/#primaryimage\",\"url\":\"https:\/\/shop.diolosa.com\/wp-content\/uploads\/2022\/08\/magisterformel.jpg\",\"contentUrl\":\"https:\/\/shop.diolosa.com\/wp-content\/uploads\/2022\/08\/magisterformel.jpg\",\"width\":800,\"height\":533},{\"@type\":\"BreadcrumbList\",\"@id\":\"https:\/\/shop.diolosa.com\/pl\/product\/si-miao-san\/#breadcrumb\",\"itemListElement\":[{\"@type\":\"ListItem\",\"position\":1,\"name\":\"Startseite\",\"item\":\"https:\/\/shop.diolosa.com\/pl\/?page_id=3835710\"},{\"@type\":\"ListItem\",\"position\":2,\"name\":\"Sklep\",\"item\":\"https:\/\/shop.diolosa.com\/pl\/?page_id=3835710\"},{\"@type\":\"ListItem\",\"position\":3,\"name\":\"Si Miao San\"}]},{\"@type\":\"WebSite\",\"@id\":\"https:\/\/shop.diolosa.com\/pl\/#website\",\"url\":\"https:\/\/shop.diolosa.com\/pl\/\",\"name\":\"Claude Diolosa\",\"description\":\"\",\"publisher\":{\"@id\":\"https:\/\/shop.diolosa.com\/pl\/#organization\"},\"potentialAction\":[{\"@type\":\"SearchAction\",\"target\":{\"@type\":\"EntryPoint\",\"urlTemplate\":\"https:\/\/shop.diolosa.com\/pl\/?s={search_term_string}\"},\"query-input\":{\"@type\":\"PropertyValueSpecification\",\"valueRequired\":true,\"valueName\":\"search_term_string\"}}],\"inLanguage\":\"pl-PL\"},{\"@type\":\"Organization\",\"@id\":\"https:\/\/shop.diolosa.com\/pl\/#organization\",\"name\":\"Claude Diolosa\",\"url\":\"https:\/\/shop.diolosa.com\/pl\/\",\"logo\":{\"@type\":\"ImageObject\",\"inLanguage\":\"pl-PL\",\"@id\":\"https:\/\/shop.diolosa.com\/pl\/#\/schema\/logo\/image\/\",\"url\":\"https:\/\/shop.diolosa.com\/wp-content\/uploads\/2019\/08\/diolosa-drop-logo-new.png\",\"contentUrl\":\"https:\/\/shop.diolosa.com\/wp-content\/uploads\/2019\/08\/diolosa-drop-logo-new.png\",\"width\":134,\"height\":176,\"caption\":\"Claude Diolosa\"},\"image\":{\"@id\":\"https:\/\/shop.diolosa.com\/pl\/#\/schema\/logo\/image\/\"},\"sameAs\":[\"https:\/\/facebook.com\/claudediolosa\",\"https:\/\/www.instagram.com\/diolosaclaude108\/\"]}]}<\/script>\n<!-- \/ Yoast SEO plugin. -->","yoast_head_json":{"title":"Si Miao San - Claude Diolosa","robots":{"index":"index","follow":"follow","max-snippet":"max-snippet:-1","max-image-preview":"max-image-preview:large","max-video-preview":"max-video-preview:-1"},"canonical":"https:\/\/shop.diolosa.com\/pl\/product\/si-miao-san\/","og_locale":"pl_PL","og_type":"article","og_title":"Si Miao San - Claude Diolosa","og_description":"&nbsp; &nbsp; &nbsp; &nbsp; &nbsp; &nbsp; &nbsp; &nbsp; &nbsp;","og_url":"https:\/\/shop.diolosa.com\/pl\/product\/si-miao-san\/","og_site_name":"Claude Diolosa","article_publisher":"https:\/\/facebook.com\/claudediolosa","article_modified_time":"2025-04-24T19:23:41+00:00","og_image":[{"width":800,"height":533,"url":"https:\/\/shop.diolosa.com\/wp-content\/uploads\/2022\/08\/magisterformel.jpg","type":"image\/jpeg"}],"twitter_card":"summary_large_image","schema":{"@context":"https:\/\/schema.org","@graph":[{"@type":"WebPage","@id":"https:\/\/shop.diolosa.com\/pl\/product\/si-miao-san\/","url":"https:\/\/shop.diolosa.com\/pl\/product\/si-miao-san\/","name":"Si Miao San - Claude Diolosa","isPartOf":{"@id":"https:\/\/shop.diolosa.com\/pl\/#website"},"primaryImageOfPage":{"@id":"https:\/\/shop.diolosa.com\/pl\/product\/si-miao-san\/#primaryimage"},"image":{"@id":"https:\/\/shop.diolosa.com\/pl\/product\/si-miao-san\/#primaryimage"},"thumbnailUrl":"https:\/\/shop.diolosa.com\/wp-content\/uploads\/2022\/08\/magisterformel.jpg","datePublished":"2025-03-10T05:59:26+00:00","dateModified":"2025-04-24T19:23:41+00:00","breadcrumb":{"@id":"https:\/\/shop.diolosa.com\/pl\/product\/si-miao-san\/#breadcrumb"},"inLanguage":"pl-PL","potentialAction":[{"@type":"ReadAction","target":["https:\/\/shop.diolosa.com\/pl\/product\/si-miao-san\/"]}]},{"@type":"ImageObject","inLanguage":"pl-PL","@id":"https:\/\/shop.diolosa.com\/pl\/product\/si-miao-san\/#primaryimage","url":"https:\/\/shop.diolosa.com\/wp-content\/uploads\/2022\/08\/magisterformel.jpg","contentUrl":"https:\/\/shop.diolosa.com\/wp-content\/uploads\/2022\/08\/magisterformel.jpg","width":800,"height":533},{"@type":"BreadcrumbList","@id":"https:\/\/shop.diolosa.com\/pl\/product\/si-miao-san\/#breadcrumb","itemListElement":[{"@type":"ListItem","position":1,"name":"Startseite","item":"https:\/\/shop.diolosa.com\/pl\/?page_id=3835710"},{"@type":"ListItem","position":2,"name":"Sklep","item":"https:\/\/shop.diolosa.com\/pl\/?page_id=3835710"},{"@type":"ListItem","position":3,"name":"Si Miao San"}]},{"@type":"WebSite","@id":"https:\/\/shop.diolosa.com\/pl\/#website","url":"https:\/\/shop.diolosa.com\/pl\/","name":"Claude Diolosa","description":"","publisher":{"@id":"https:\/\/shop.diolosa.com\/pl\/#organization"},"potentialAction":[{"@type":"SearchAction","target":{"@type":"EntryPoint","urlTemplate":"https:\/\/shop.diolosa.com\/pl\/?s={search_term_string}"},"query-input":{"@type":"PropertyValueSpecification","valueRequired":true,"valueName":"search_term_string"}}],"inLanguage":"pl-PL"},{"@type":"Organization","@id":"https:\/\/shop.diolosa.com\/pl\/#organization","name":"Claude Diolosa","url":"https:\/\/shop.diolosa.com\/pl\/","logo":{"@type":"ImageObject","inLanguage":"pl-PL","@id":"https:\/\/shop.diolosa.com\/pl\/#\/schema\/logo\/image\/","url":"https:\/\/shop.diolosa.com\/wp-content\/uploads\/2019\/08\/diolosa-drop-logo-new.png","contentUrl":"https:\/\/shop.diolosa.com\/wp-content\/uploads\/2019\/08\/diolosa-drop-logo-new.png","width":134,"height":176,"caption":"Claude Diolosa"},"image":{"@id":"https:\/\/shop.diolosa.com\/pl\/#\/schema\/logo\/image\/"},"sameAs":["https:\/\/facebook.com\/claudediolosa","https:\/\/www.instagram.com\/diolosaclaude108\/"]}]}},"_links":{"self":[{"href":"https:\/\/shop.diolosa.com\/pl\/wp-json\/wp\/v2\/product\/3841492","targetHints":{"allow":["GET"]}}],"collection":[{"href":"https:\/\/shop.diolosa.com\/pl\/wp-json\/wp\/v2\/product"}],"about":[{"href":"https:\/\/shop.diolosa.com\/pl\/wp-json\/wp\/v2\/types\/product"}],"wp:featuredmedia":[{"embeddable":true,"href":"https:\/\/shop.diolosa.com\/pl\/wp-json\/wp\/v2\/media\/3841022"}],"wp:attachment":[{"href":"https:\/\/shop.diolosa.com\/pl\/wp-json\/wp\/v2\/media?parent=3841492"}],"wp:term":[{"taxonomy":"product_brand","embeddable":true,"href":"https:\/\/shop.diolosa.com\/pl\/wp-json\/wp\/v2\/product_brand?post=3841492"},{"taxonomy":"product_cat","embeddable":true,"href":"https:\/\/shop.diolosa.com\/pl\/wp-json\/wp\/v2\/product_cat?post=3841492"},{"taxonomy":"product_tag","embeddable":true,"href":"https:\/\/shop.diolosa.com\/pl\/wp-json\/wp\/v2\/product_tag?post=3841492"}],"curies":[{"name":"wp","href":"https:\/\/api.w.org\/{rel}","templated":true}]}}