{"id":3841501,"date":"2022-08-31T07:29:07","date_gmt":"2025-03-10T05:59:30","guid":{"rendered":"https:\/\/shop.diolosa.com\/product\/sang-ju-yin\/"},"modified":"2025-04-24T20:23:34","modified_gmt":"2025-04-24T19:23:34","slug":"sang-ju-yin","status":"publish","type":"product","link":"https:\/\/shop.diolosa.com\/pl\/product\/sang-ju-yin\/","title":{"rendered":"Sang Ju Yin"},"content":{"rendered":"<p><strong>SANG JU YIN &#8222;Folium Mori Albae and Flos Chrysanthemi Morifolii Decoction<\/strong><strong>&#8222;<\/strong><\/p>\n<p><strong>Uwalnia od zewn\u0119trznego ciep\u0142a wiatru<\/strong><\/p>\n<p> Zio\u0142owe granulki wed\u0142ug tradycyjnej medycyny chi\u0144skiej<\/p>\n<p>Suplement diety<\/p>\n<p>Producent: Apotheke Boznerplatz<\/p>\n<p>100% sprawdzone sk\u0142adniki wysokiej jako\u015bci<\/p>\n<p>&nbsp;<\/p>\n<p>&nbsp;<\/p>\n<p>&nbsp;<\/p>\n<p>&nbsp;<\/p>\n<p>&nbsp;<\/p>\n<p>&nbsp;<\/p>\n","protected":false},"excerpt":{"rendered":"<p>&nbsp;<\/p>\n<p>&nbsp;<\/p>\n<p>&nbsp;<\/p>\n<p>&nbsp;<\/p>\n<p>&nbsp;<\/p>\n<p>&nbsp;<\/p>\n<p>&nbsp;<\/p>\n","protected":false},"featured_media":3841022,"template":"","meta":{"_acf_changed":false},"product_brand":[],"product_cat":[12155],"product_tag":[12539],"class_list":{"0":"post-3841501","1":"product","2":"type-product","3":"status-publish","4":"has-post-thumbnail","6":"product_cat-wzory-wzorcowe","7":"product_tag-ostre-zapalenie-oskrzeli","9":"first","10":"instock","11":"taxable","12":"shipping-taxable","13":"purchasable","14":"product-type-simple"},"acf":{"yn_product_audio":"https:\/\/shop.diolosa.com\/wp-content\/uploads\/2022\/10\/DL_Sangjuyin.m4a","yn_product_video":"https:\/\/shop.diolosa.com\/wp-content\/uploads\/2025\/04\/Sang-Ju-Yin.mp4","yn_product_akupunktur":"<p>Bladder\/Blase-13\u80ba\u4fde f\u00e8i sh\u016b.<\/p>\n<p>Reduce\/Sedate <b>&#8211; Xie Fa<\/b><\/p>\n<p>P\u0119cherz \/ Blase-12 \u98a8\u9580 f\u0113ng m\u00e9n.<\/p>\n<p>Reduce\/Sedate <b>&#8211; Xie Fa<\/b><\/p>\n<p>You-14 \u5927\u690e d\u00e0 zhu\u012b.<\/p>\n<p>Reduce\/Sedate <b>&#8211; Xie Fa<\/b><\/p>\n<p>P\u0142uca\/Lunge-7 v\u5217\u7f3a li\u00e8 qu\u0113 .<\/p>\n<p>Reduce\/Sedate <b>&#8211; Xie Fa<\/b><\/p>\n<p>Jelito grube\/\/colon-11 \u66f2\u6c60 q\u016b ch\u00ed .<\/p>\n<p>Reduce\/Sedate <b>&#8211; Xie Fa<\/b><\/p>\n<p>Pericard\/\/Circulation-6 \u5167\u95dc n\u00e8i gu\u0101n.<\/p>\n<p>Reduce\/Sedate <b>&#8211; Xie Fa<\/b><\/p>\n<p>P\u0142uca\/lung-6 \u5b54\u6700 k\u01d2ng to\u00ec .<\/p>\n<p>Reduce\/Sedate <b>&#8211; Xie Fa<\/b><\/p>\n<p>P\u0142uca\/Lung-10 \u9b5a\u969b y\u00fa j\u00ec.<\/p>\n<p>Reduce\/Sedate <b>&#8211; Xie Fa<\/b><\/p>\n<p>\u00a0<\/p>\n<p>\u00a0<\/p>\n","yn_product_verabreichungsart":"Peletki 200 szt.","yn_product_dosierung":"<p>3 x dziennie 4 do 10 tabletek, popijaj\u0105c wod\u0105<\/p>\n<p>\u00a0<\/p>\n","yn_product_avoidable":"<p>T\u0142uste potrawy, mi\u00f3d, imbir, herbata z przyprawami, mi\u0119so, ryby, owoce morza, ser, czekolada.<\/p>\n<p>\u00a0<\/p>\n","yn_product_tcm_mindmapping":"<p>Wen Bing Lun > Wiatr Ciep\u0142o (Feng Re) i sucho\u015b\u0107 Toksyny (Re Zao Du) ><span class=\"Apple-converted-space\">  <\/span> > atakuj\u0105 p\u0142uca i gard\u0142o > Zesp\u00f3\u0142 Wei Fen i Qi Fen<span class=\"Apple-converted-space\"> <\/span><\/p>\n<p>\u00a0<\/p>\n","yn_product_tongue_body":"<p>Zaczerwienione brodawki w g\u00f3rnej ciemieniusze<\/p>\n","yn_product_tongue_coating":"<p>Bia\u0142y i lekko \u017c\u00f3\u0142tawy<span class=\"Apple-converted-space\"> <\/span><\/p>\n<p>\u00a0<\/p>\n","yn_product_pulse_diagnostics":"<p>Fu Mai &#8211; puls powierzchowny, Xian Mai &#8211; puls strunowy, Shi Mai &#8211; puls pe\u0142ny, Shuo Mai &#8211; puls szybki.<\/p>\n<p>\u00a0<\/p>\n","yn_product_indications":"<p>Grypa, suchy kaszel z lepk\u0105 i \u017c\u00f3\u0142taw\u0105 plwocin\u0105, b\u00f3l gard\u0142a do ropnej anginy, wysoka gor\u0105czka, niepok\u00f3j, zapalenie p\u0142uc<\/p>\n<p>\u00a0<\/p>\n","yn_product_contra_indications":"<p>Wiatr, zimno i wilgo\u0107 PE<\/p>\n<p>\u00a0<\/p>\n","yn_product_pregnancy":"<p>Dozwolone<\/p>\n<p>\u00a0<\/p>\n","yn_product_herbs":"<p>\u00a0<\/p>\n<p>\u00a0<\/p>\n","yn_product_magisterrecipes":"<p>Sang Ye \u6851\u53f6 (Folium Mori). (19,8%)<\/p>\n<p>Ju Hua \u83ca\u82b1 (Flos Chrysanthemi)a (7,8%)<\/p>\n<p>Bo He \u8584\u8377 (Herba Menthae) (6,4%)<\/p>\n<p>Jie Geng \u6854\u6897 (Radix Platycodi) (15,9%)<\/p>\n<p>Ku Xing Ren \u82e6\u674f\u4ec1 (Semen Armeniacae Amarae) (15,9%)<\/p>\n<p>Lu Gene \u82a6\u6839 (Rhizoma Phragmitis) (15,9%)<\/p>\n<p>Sheng Gan Cao \u7518\u8349 (Radix Glycyrrhizae) (6,4%)<\/p>\n<p>Lian Qiao \u8fde\u7fd8 \u9023\u7ff9 (Fructus Forsythiae) (11,9%)<\/p>\n<p>\u00a0<\/p>\n"},"yoast_head":"<!-- This site is optimized with the Yoast SEO plugin v24.9 - https:\/\/yoast.com\/wordpress\/plugins\/seo\/ -->\n<title>Sang Ju Yin - Claude Diolosa<\/title>\n<meta name=\"robots\" content=\"index, follow, max-snippet:-1, max-image-preview:large, max-video-preview:-1\" \/>\n<link rel=\"canonical\" href=\"https:\/\/shop.diolosa.com\/pl\/product\/sang-ju-yin\/\" \/>\n<meta property=\"og:locale\" content=\"pl_PL\" \/>\n<meta property=\"og:type\" content=\"article\" \/>\n<meta property=\"og:title\" content=\"Sang Ju Yin - Claude Diolosa\" \/>\n<meta property=\"og:description\" content=\"&nbsp; &nbsp; &nbsp; &nbsp; &nbsp; &nbsp; &nbsp;\" \/>\n<meta property=\"og:url\" content=\"https:\/\/shop.diolosa.com\/pl\/product\/sang-ju-yin\/\" \/>\n<meta property=\"og:site_name\" content=\"Claude Diolosa\" \/>\n<meta property=\"article:publisher\" content=\"https:\/\/facebook.com\/claudediolosa\" \/>\n<meta property=\"article:modified_time\" content=\"2025-04-24T19:23:34+00:00\" \/>\n<meta property=\"og:image\" content=\"https:\/\/shop.diolosa.com\/wp-content\/uploads\/2022\/08\/magisterformel.jpg\" \/>\n\t<meta property=\"og:image:width\" content=\"800\" \/>\n\t<meta property=\"og:image:height\" content=\"533\" \/>\n\t<meta property=\"og:image:type\" content=\"image\/jpeg\" \/>\n<meta name=\"twitter:card\" content=\"summary_large_image\" \/>\n<script type=\"application\/ld+json\" class=\"yoast-schema-graph\">{\"@context\":\"https:\/\/schema.org\",\"@graph\":[{\"@type\":\"WebPage\",\"@id\":\"https:\/\/shop.diolosa.com\/pl\/product\/sang-ju-yin\/\",\"url\":\"https:\/\/shop.diolosa.com\/pl\/product\/sang-ju-yin\/\",\"name\":\"Sang Ju Yin - Claude Diolosa\",\"isPartOf\":{\"@id\":\"https:\/\/shop.diolosa.com\/pl\/#website\"},\"primaryImageOfPage\":{\"@id\":\"https:\/\/shop.diolosa.com\/pl\/product\/sang-ju-yin\/#primaryimage\"},\"image\":{\"@id\":\"https:\/\/shop.diolosa.com\/pl\/product\/sang-ju-yin\/#primaryimage\"},\"thumbnailUrl\":\"https:\/\/shop.diolosa.com\/wp-content\/uploads\/2022\/08\/magisterformel.jpg\",\"datePublished\":\"2025-03-10T05:59:30+00:00\",\"dateModified\":\"2025-04-24T19:23:34+00:00\",\"breadcrumb\":{\"@id\":\"https:\/\/shop.diolosa.com\/pl\/product\/sang-ju-yin\/#breadcrumb\"},\"inLanguage\":\"pl-PL\",\"potentialAction\":[{\"@type\":\"ReadAction\",\"target\":[\"https:\/\/shop.diolosa.com\/pl\/product\/sang-ju-yin\/\"]}]},{\"@type\":\"ImageObject\",\"inLanguage\":\"pl-PL\",\"@id\":\"https:\/\/shop.diolosa.com\/pl\/product\/sang-ju-yin\/#primaryimage\",\"url\":\"https:\/\/shop.diolosa.com\/wp-content\/uploads\/2022\/08\/magisterformel.jpg\",\"contentUrl\":\"https:\/\/shop.diolosa.com\/wp-content\/uploads\/2022\/08\/magisterformel.jpg\",\"width\":800,\"height\":533},{\"@type\":\"BreadcrumbList\",\"@id\":\"https:\/\/shop.diolosa.com\/pl\/product\/sang-ju-yin\/#breadcrumb\",\"itemListElement\":[{\"@type\":\"ListItem\",\"position\":1,\"name\":\"Startseite\",\"item\":\"https:\/\/shop.diolosa.com\/pl\/?page_id=3835710\"},{\"@type\":\"ListItem\",\"position\":2,\"name\":\"Sklep\",\"item\":\"https:\/\/shop.diolosa.com\/pl\/?page_id=3835710\"},{\"@type\":\"ListItem\",\"position\":3,\"name\":\"Sang Ju Yin\"}]},{\"@type\":\"WebSite\",\"@id\":\"https:\/\/shop.diolosa.com\/pl\/#website\",\"url\":\"https:\/\/shop.diolosa.com\/pl\/\",\"name\":\"Claude Diolosa\",\"description\":\"\",\"publisher\":{\"@id\":\"https:\/\/shop.diolosa.com\/pl\/#organization\"},\"potentialAction\":[{\"@type\":\"SearchAction\",\"target\":{\"@type\":\"EntryPoint\",\"urlTemplate\":\"https:\/\/shop.diolosa.com\/pl\/?s={search_term_string}\"},\"query-input\":{\"@type\":\"PropertyValueSpecification\",\"valueRequired\":true,\"valueName\":\"search_term_string\"}}],\"inLanguage\":\"pl-PL\"},{\"@type\":\"Organization\",\"@id\":\"https:\/\/shop.diolosa.com\/pl\/#organization\",\"name\":\"Claude Diolosa\",\"url\":\"https:\/\/shop.diolosa.com\/pl\/\",\"logo\":{\"@type\":\"ImageObject\",\"inLanguage\":\"pl-PL\",\"@id\":\"https:\/\/shop.diolosa.com\/pl\/#\/schema\/logo\/image\/\",\"url\":\"https:\/\/shop.diolosa.com\/wp-content\/uploads\/2019\/08\/diolosa-drop-logo-new.png\",\"contentUrl\":\"https:\/\/shop.diolosa.com\/wp-content\/uploads\/2019\/08\/diolosa-drop-logo-new.png\",\"width\":134,\"height\":176,\"caption\":\"Claude Diolosa\"},\"image\":{\"@id\":\"https:\/\/shop.diolosa.com\/pl\/#\/schema\/logo\/image\/\"},\"sameAs\":[\"https:\/\/facebook.com\/claudediolosa\",\"https:\/\/www.instagram.com\/diolosaclaude108\/\"]}]}<\/script>\n<!-- \/ Yoast SEO plugin. -->","yoast_head_json":{"title":"Sang Ju Yin - Claude Diolosa","robots":{"index":"index","follow":"follow","max-snippet":"max-snippet:-1","max-image-preview":"max-image-preview:large","max-video-preview":"max-video-preview:-1"},"canonical":"https:\/\/shop.diolosa.com\/pl\/product\/sang-ju-yin\/","og_locale":"pl_PL","og_type":"article","og_title":"Sang Ju Yin - Claude Diolosa","og_description":"&nbsp; &nbsp; &nbsp; &nbsp; &nbsp; &nbsp; &nbsp;","og_url":"https:\/\/shop.diolosa.com\/pl\/product\/sang-ju-yin\/","og_site_name":"Claude Diolosa","article_publisher":"https:\/\/facebook.com\/claudediolosa","article_modified_time":"2025-04-24T19:23:34+00:00","og_image":[{"width":800,"height":533,"url":"https:\/\/shop.diolosa.com\/wp-content\/uploads\/2022\/08\/magisterformel.jpg","type":"image\/jpeg"}],"twitter_card":"summary_large_image","schema":{"@context":"https:\/\/schema.org","@graph":[{"@type":"WebPage","@id":"https:\/\/shop.diolosa.com\/pl\/product\/sang-ju-yin\/","url":"https:\/\/shop.diolosa.com\/pl\/product\/sang-ju-yin\/","name":"Sang Ju Yin - Claude Diolosa","isPartOf":{"@id":"https:\/\/shop.diolosa.com\/pl\/#website"},"primaryImageOfPage":{"@id":"https:\/\/shop.diolosa.com\/pl\/product\/sang-ju-yin\/#primaryimage"},"image":{"@id":"https:\/\/shop.diolosa.com\/pl\/product\/sang-ju-yin\/#primaryimage"},"thumbnailUrl":"https:\/\/shop.diolosa.com\/wp-content\/uploads\/2022\/08\/magisterformel.jpg","datePublished":"2025-03-10T05:59:30+00:00","dateModified":"2025-04-24T19:23:34+00:00","breadcrumb":{"@id":"https:\/\/shop.diolosa.com\/pl\/product\/sang-ju-yin\/#breadcrumb"},"inLanguage":"pl-PL","potentialAction":[{"@type":"ReadAction","target":["https:\/\/shop.diolosa.com\/pl\/product\/sang-ju-yin\/"]}]},{"@type":"ImageObject","inLanguage":"pl-PL","@id":"https:\/\/shop.diolosa.com\/pl\/product\/sang-ju-yin\/#primaryimage","url":"https:\/\/shop.diolosa.com\/wp-content\/uploads\/2022\/08\/magisterformel.jpg","contentUrl":"https:\/\/shop.diolosa.com\/wp-content\/uploads\/2022\/08\/magisterformel.jpg","width":800,"height":533},{"@type":"BreadcrumbList","@id":"https:\/\/shop.diolosa.com\/pl\/product\/sang-ju-yin\/#breadcrumb","itemListElement":[{"@type":"ListItem","position":1,"name":"Startseite","item":"https:\/\/shop.diolosa.com\/pl\/?page_id=3835710"},{"@type":"ListItem","position":2,"name":"Sklep","item":"https:\/\/shop.diolosa.com\/pl\/?page_id=3835710"},{"@type":"ListItem","position":3,"name":"Sang Ju Yin"}]},{"@type":"WebSite","@id":"https:\/\/shop.diolosa.com\/pl\/#website","url":"https:\/\/shop.diolosa.com\/pl\/","name":"Claude Diolosa","description":"","publisher":{"@id":"https:\/\/shop.diolosa.com\/pl\/#organization"},"potentialAction":[{"@type":"SearchAction","target":{"@type":"EntryPoint","urlTemplate":"https:\/\/shop.diolosa.com\/pl\/?s={search_term_string}"},"query-input":{"@type":"PropertyValueSpecification","valueRequired":true,"valueName":"search_term_string"}}],"inLanguage":"pl-PL"},{"@type":"Organization","@id":"https:\/\/shop.diolosa.com\/pl\/#organization","name":"Claude Diolosa","url":"https:\/\/shop.diolosa.com\/pl\/","logo":{"@type":"ImageObject","inLanguage":"pl-PL","@id":"https:\/\/shop.diolosa.com\/pl\/#\/schema\/logo\/image\/","url":"https:\/\/shop.diolosa.com\/wp-content\/uploads\/2019\/08\/diolosa-drop-logo-new.png","contentUrl":"https:\/\/shop.diolosa.com\/wp-content\/uploads\/2019\/08\/diolosa-drop-logo-new.png","width":134,"height":176,"caption":"Claude Diolosa"},"image":{"@id":"https:\/\/shop.diolosa.com\/pl\/#\/schema\/logo\/image\/"},"sameAs":["https:\/\/facebook.com\/claudediolosa","https:\/\/www.instagram.com\/diolosaclaude108\/"]}]}},"_links":{"self":[{"href":"https:\/\/shop.diolosa.com\/pl\/wp-json\/wp\/v2\/product\/3841501","targetHints":{"allow":["GET"]}}],"collection":[{"href":"https:\/\/shop.diolosa.com\/pl\/wp-json\/wp\/v2\/product"}],"about":[{"href":"https:\/\/shop.diolosa.com\/pl\/wp-json\/wp\/v2\/types\/product"}],"wp:featuredmedia":[{"embeddable":true,"href":"https:\/\/shop.diolosa.com\/pl\/wp-json\/wp\/v2\/media\/3841022"}],"wp:attachment":[{"href":"https:\/\/shop.diolosa.com\/pl\/wp-json\/wp\/v2\/media?parent=3841501"}],"wp:term":[{"taxonomy":"product_brand","embeddable":true,"href":"https:\/\/shop.diolosa.com\/pl\/wp-json\/wp\/v2\/product_brand?post=3841501"},{"taxonomy":"product_cat","embeddable":true,"href":"https:\/\/shop.diolosa.com\/pl\/wp-json\/wp\/v2\/product_cat?post=3841501"},{"taxonomy":"product_tag","embeddable":true,"href":"https:\/\/shop.diolosa.com\/pl\/wp-json\/wp\/v2\/product_tag?post=3841501"}],"curies":[{"name":"wp","href":"https:\/\/api.w.org\/{rel}","templated":true}]}}