{"id":3841502,"date":"2022-08-31T07:42:30","date_gmt":"2025-03-10T05:59:30","guid":{"rendered":"https:\/\/shop.diolosa.com\/product\/sheng-mai-san\/"},"modified":"2025-04-24T20:23:34","modified_gmt":"2025-04-24T19:23:34","slug":"sheng-mai-san","status":"publish","type":"product","link":"https:\/\/shop.diolosa.com\/pl\/product\/sheng-mai-san\/","title":{"rendered":"Sheng Mai San"},"content":{"rendered":"<p><strong>SHENG MAI SAN &#8222;Proszek, kt\u00f3ry generuje puls<\/strong><strong>&#8221; <\/strong><\/p>\n<p><strong>Tonizuje p\u0142uca Yin i Qi <\/strong><\/p>\n<p> Zio\u0142owe granulki wed\u0142ug tradycyjnej medycyny chi\u0144skiej<\/p>\n<p>Suplement diety<\/p>\n<p>Producent: Apotheke Boznerplatz<\/p>\n<p>100% sprawdzone sk\u0142adniki wysokiej jako\u015bci<\/p>\n<p>&nbsp;<\/p>\n<p>&nbsp;<\/p>\n<p>&nbsp;<\/p>\n<p>&nbsp;<\/p>\n<p>&nbsp;<\/p>\n<p>&nbsp;<\/p>\n<p>&nbsp;<\/p>\n<p>&nbsp;<\/p>\n<p>&nbsp;<\/p>\n","protected":false},"excerpt":{"rendered":"<p>&nbsp;<\/p>\n<p>&nbsp;<\/p>\n<p>&nbsp;<\/p>\n<p>&nbsp;<\/p>\n<p>&nbsp;<\/p>\n<p>&nbsp;<\/p>\n<p>&nbsp;<\/p>\n<p>&nbsp;<\/p>\n<p>&nbsp;<\/p>\n<p>&nbsp;<\/p>\n","protected":false},"featured_media":3841022,"template":"","meta":{"_acf_changed":false},"product_brand":[],"product_cat":[11784,12155],"product_tag":[],"class_list":{"0":"post-3841502","1":"product","2":"type-product","3":"status-publish","4":"has-post-thumbnail","6":"product_cat-medycyna-sportowa","7":"product_cat-wzory-wzorcowe","9":"first","10":"instock","11":"taxable","12":"shipping-taxable","13":"purchasable","14":"product-type-simple"},"acf":{"yn_product_audio":"https:\/\/shop.diolosa.com\/wp-content\/uploads\/2022\/10\/DL_ShengMaiSan.m4a","yn_product_video":"https:\/\/shop.diolosa.com\/wp-content\/uploads\/2025\/03\/Sheng-Mai-San-.mp4","yn_product_akupunktur":"<p><strong>Niedob\u00f3r Qi \u015bledziony<\/strong> > P\u0119cherz moczowy-20 \u813e\u4fde p\u00ed sh\u016b, \u015aledziona\/Spleen-3 \u592a\u767d ta\u00ec b\u00e1i, \u017bo\u0142\u0105dek\/Gastric-36 \u8db3\u4e09\u91cc z\u00fa s\u0101n l\u01d0.36> <strong>Niedob\u00f3r Qi<\/strong> p\u0142uc > P\u0119cherz\/P\u0119cherz-13 \u80ba\u4fde f\u00e8i sh\u016b, P\u0142uca\/P\u0119cherz-9 \u592a\u6df5 t\u00e0i yu\u0101n > <strong>Wei Qi Xu<\/strong> > P\u0119cherz\/P\u0119cherz-23 \u814e\u4fde sh\u00e8n sh\u016b, P\u0119cherz\/P\u0119cherz-12 \u98a8\u9580 f\u0113ng m\u00e9n Wzmocnienie\/Tonizacja<b> &#8211; Bu Fa<span class=\"Apple-converted-space\"> <\/span><\/b> <\/p>\n","yn_product_verabreichungsart":"Peletki 200 szt.","yn_product_dosierung":"<p>Przyjmowa\u0107 3 x 3 do 10 tabletek dziennie, popijaj\u0105c wod\u0105.<\/p>\n<p>\u00a0<\/p>\n<p>\u00a0<\/p>\n","yn_product_combinations":"<p><b>IRON MAN <\/b>(sporty wyczynowe)<b> YANG<\/b> <b>ROOT <\/b><b>, WARMING THE ROOT, RINCHEN<\/b> <b>TEE <\/b>(niedob\u00f3r Yang w nerkach) s\u0105 lepsze przed treningiem, <b>YIN ROOT, SAN BAO TEE <\/b>(niedob\u00f3r Yin w nerkach) s\u0105 lepsze po treningu,<b> IRON DROPS<\/b> (niedob\u00f3r krwi) chroni\u0105 \u015bci\u0119gna, <b>POWER SOUPS <\/b>dla Qi, Blood, Yin i Yang s\u0105 r\u00f3wnie\u017c bardzo wa\u017cne.<span class=\"Apple-converted-space\"> <\/span><\/p>\n<p>\u00a0<\/p>\n","yn_product_avoidable":"<p>W tym czasie sportowcy powinni unika\u0107 kwa\u015bnych i gorzko-zimnych pokarm\u00f3w, zw\u0142aszcza owoc\u00f3w cytrusowych, owoc\u00f3w tropikalnych, kiszonej kapusty, surowych warzyw i produkt\u00f3w mlecznych.<span class=\"Apple-converted-space\"> <\/span><\/p>\n<p>\u00a0<\/p>\n","yn_product_tcm_mindmapping":"<p>P\u0142uca i nerki nie mog\u0105 si\u0119 ze sob\u0105 komunikowa\u0107 &#8211; niedob\u00f3r Yin i Qi w p\u0142ucach > Niedob\u00f3r Yin i Qi w nerkach<\/p>\n<p>\u00a0<\/p>\n<p>\u00a0<\/p>\n","yn_product_tongue_body":"<p>Blada, w\u0105ska, sucha, pop\u0119kana w g\u00f3rnej cieplejszej cz\u0119\u015bci<\/p>\n<p>\u00a0<\/p>\n","yn_product_tongue_coating":"<p>Bia\u0142y, suchy<\/p>\n<p>\u00a0<\/p>\n","yn_product_pulse_diagnostics":"<p>Fu Mai &#8211; puls powierzchowny , Xi Mai &#8211; puls nitkowaty , Xu Mai &#8211; puls pusty , Duan Mai &#8211; puls kr\u00f3tki , Shuo Mai &#8211; puls szybki<\/p>\n<p>\u00a0<\/p>\n","yn_product_indications":"<p>Wzrost Choroba, utrata wydajno\u015bci, duszno\u015b\u0107, brak tlenu, ko\u0142atanie serca, arytmia serca, wyczerpanie, nocne poty,<\/p>\n<p>Sporty wyczynowe wymagaj\u0105ce du\u017cej wytrzyma\u0142o\u015bci, wspinacze g\u00f3rscy, marato\u0144czycy, triathloni\u015bci. Iron Man zapobiega urazom \u015bci\u0119gien i wi\u0119zade\u0142 oraz skraca faz\u0119 regeneracji. <span class=\"Apple-converted-space\"> <\/span><\/p>\n<p>\u00a0<\/p>\n","yn_product_contra_indications":"<p>Niedob\u00f3r Qi i Yang \u015bledziony<span class=\"Apple-converted-space\">  <\/span>> Wilgo\u0107 i flegma Zimno<span class=\"Apple-converted-space\"> w p\u0142ucach <\/span> <\/p>\n<p>\u00a0<\/p>\n","yn_product_pregnancy":"<p>Dozwolone<\/p>\n<p>\u00a0<\/p>\n","yn_product_magisterrecipes":"<p>Ren Shen \u4eba\u53c2 (Radix Ginseng) (45,5%)<\/p>\n<p>Mai Men Dong \u9ea6\u51ac (Radix Ophiopogonis) (36,4%)<\/p>\n<p>Wu Wei Zi \u4e94\u5473\u5b50 (Fructus Schisandrae) (18,1%)<\/p>\n<p>\u00a0<\/p>\n"},"yoast_head":"<!-- This site is optimized with the Yoast SEO plugin v24.9 - https:\/\/yoast.com\/wordpress\/plugins\/seo\/ -->\n<title>Sheng Mai San - Claude Diolosa<\/title>\n<meta name=\"robots\" content=\"index, follow, max-snippet:-1, max-image-preview:large, max-video-preview:-1\" \/>\n<link rel=\"canonical\" href=\"https:\/\/shop.diolosa.com\/pl\/product\/sheng-mai-san\/\" \/>\n<meta property=\"og:locale\" content=\"pl_PL\" \/>\n<meta property=\"og:type\" content=\"article\" \/>\n<meta property=\"og:title\" content=\"Sheng Mai San - Claude Diolosa\" \/>\n<meta property=\"og:description\" content=\"&nbsp; &nbsp; &nbsp; &nbsp; &nbsp; &nbsp; &nbsp; &nbsp; &nbsp; &nbsp;\" \/>\n<meta property=\"og:url\" content=\"https:\/\/shop.diolosa.com\/pl\/product\/sheng-mai-san\/\" \/>\n<meta property=\"og:site_name\" content=\"Claude Diolosa\" \/>\n<meta property=\"article:publisher\" content=\"https:\/\/facebook.com\/claudediolosa\" \/>\n<meta property=\"article:modified_time\" content=\"2025-04-24T19:23:34+00:00\" \/>\n<meta property=\"og:image\" content=\"https:\/\/shop.diolosa.com\/wp-content\/uploads\/2022\/08\/magisterformel.jpg\" \/>\n\t<meta property=\"og:image:width\" content=\"800\" \/>\n\t<meta property=\"og:image:height\" content=\"533\" \/>\n\t<meta property=\"og:image:type\" content=\"image\/jpeg\" \/>\n<meta name=\"twitter:card\" content=\"summary_large_image\" \/>\n<script type=\"application\/ld+json\" class=\"yoast-schema-graph\">{\"@context\":\"https:\/\/schema.org\",\"@graph\":[{\"@type\":\"WebPage\",\"@id\":\"https:\/\/shop.diolosa.com\/pl\/product\/sheng-mai-san\/\",\"url\":\"https:\/\/shop.diolosa.com\/pl\/product\/sheng-mai-san\/\",\"name\":\"Sheng Mai San - Claude Diolosa\",\"isPartOf\":{\"@id\":\"https:\/\/shop.diolosa.com\/pl\/#website\"},\"primaryImageOfPage\":{\"@id\":\"https:\/\/shop.diolosa.com\/pl\/product\/sheng-mai-san\/#primaryimage\"},\"image\":{\"@id\":\"https:\/\/shop.diolosa.com\/pl\/product\/sheng-mai-san\/#primaryimage\"},\"thumbnailUrl\":\"https:\/\/shop.diolosa.com\/wp-content\/uploads\/2022\/08\/magisterformel.jpg\",\"datePublished\":\"2025-03-10T05:59:30+00:00\",\"dateModified\":\"2025-04-24T19:23:34+00:00\",\"breadcrumb\":{\"@id\":\"https:\/\/shop.diolosa.com\/pl\/product\/sheng-mai-san\/#breadcrumb\"},\"inLanguage\":\"pl-PL\",\"potentialAction\":[{\"@type\":\"ReadAction\",\"target\":[\"https:\/\/shop.diolosa.com\/pl\/product\/sheng-mai-san\/\"]}]},{\"@type\":\"ImageObject\",\"inLanguage\":\"pl-PL\",\"@id\":\"https:\/\/shop.diolosa.com\/pl\/product\/sheng-mai-san\/#primaryimage\",\"url\":\"https:\/\/shop.diolosa.com\/wp-content\/uploads\/2022\/08\/magisterformel.jpg\",\"contentUrl\":\"https:\/\/shop.diolosa.com\/wp-content\/uploads\/2022\/08\/magisterformel.jpg\",\"width\":800,\"height\":533},{\"@type\":\"BreadcrumbList\",\"@id\":\"https:\/\/shop.diolosa.com\/pl\/product\/sheng-mai-san\/#breadcrumb\",\"itemListElement\":[{\"@type\":\"ListItem\",\"position\":1,\"name\":\"Startseite\",\"item\":\"https:\/\/shop.diolosa.com\/pl\/?page_id=3835710\"},{\"@type\":\"ListItem\",\"position\":2,\"name\":\"Sklep\",\"item\":\"https:\/\/shop.diolosa.com\/pl\/?page_id=3835710\"},{\"@type\":\"ListItem\",\"position\":3,\"name\":\"Sheng Mai San\"}]},{\"@type\":\"WebSite\",\"@id\":\"https:\/\/shop.diolosa.com\/pl\/#website\",\"url\":\"https:\/\/shop.diolosa.com\/pl\/\",\"name\":\"Claude Diolosa\",\"description\":\"\",\"publisher\":{\"@id\":\"https:\/\/shop.diolosa.com\/pl\/#organization\"},\"potentialAction\":[{\"@type\":\"SearchAction\",\"target\":{\"@type\":\"EntryPoint\",\"urlTemplate\":\"https:\/\/shop.diolosa.com\/pl\/?s={search_term_string}\"},\"query-input\":{\"@type\":\"PropertyValueSpecification\",\"valueRequired\":true,\"valueName\":\"search_term_string\"}}],\"inLanguage\":\"pl-PL\"},{\"@type\":\"Organization\",\"@id\":\"https:\/\/shop.diolosa.com\/pl\/#organization\",\"name\":\"Claude Diolosa\",\"url\":\"https:\/\/shop.diolosa.com\/pl\/\",\"logo\":{\"@type\":\"ImageObject\",\"inLanguage\":\"pl-PL\",\"@id\":\"https:\/\/shop.diolosa.com\/pl\/#\/schema\/logo\/image\/\",\"url\":\"https:\/\/shop.diolosa.com\/wp-content\/uploads\/2019\/08\/diolosa-drop-logo-new.png\",\"contentUrl\":\"https:\/\/shop.diolosa.com\/wp-content\/uploads\/2019\/08\/diolosa-drop-logo-new.png\",\"width\":134,\"height\":176,\"caption\":\"Claude Diolosa\"},\"image\":{\"@id\":\"https:\/\/shop.diolosa.com\/pl\/#\/schema\/logo\/image\/\"},\"sameAs\":[\"https:\/\/facebook.com\/claudediolosa\",\"https:\/\/www.instagram.com\/diolosaclaude108\/\"]}]}<\/script>\n<!-- \/ Yoast SEO plugin. -->","yoast_head_json":{"title":"Sheng Mai San - Claude Diolosa","robots":{"index":"index","follow":"follow","max-snippet":"max-snippet:-1","max-image-preview":"max-image-preview:large","max-video-preview":"max-video-preview:-1"},"canonical":"https:\/\/shop.diolosa.com\/pl\/product\/sheng-mai-san\/","og_locale":"pl_PL","og_type":"article","og_title":"Sheng Mai San - Claude Diolosa","og_description":"&nbsp; &nbsp; &nbsp; &nbsp; &nbsp; &nbsp; &nbsp; &nbsp; &nbsp; &nbsp;","og_url":"https:\/\/shop.diolosa.com\/pl\/product\/sheng-mai-san\/","og_site_name":"Claude Diolosa","article_publisher":"https:\/\/facebook.com\/claudediolosa","article_modified_time":"2025-04-24T19:23:34+00:00","og_image":[{"width":800,"height":533,"url":"https:\/\/shop.diolosa.com\/wp-content\/uploads\/2022\/08\/magisterformel.jpg","type":"image\/jpeg"}],"twitter_card":"summary_large_image","schema":{"@context":"https:\/\/schema.org","@graph":[{"@type":"WebPage","@id":"https:\/\/shop.diolosa.com\/pl\/product\/sheng-mai-san\/","url":"https:\/\/shop.diolosa.com\/pl\/product\/sheng-mai-san\/","name":"Sheng Mai San - Claude Diolosa","isPartOf":{"@id":"https:\/\/shop.diolosa.com\/pl\/#website"},"primaryImageOfPage":{"@id":"https:\/\/shop.diolosa.com\/pl\/product\/sheng-mai-san\/#primaryimage"},"image":{"@id":"https:\/\/shop.diolosa.com\/pl\/product\/sheng-mai-san\/#primaryimage"},"thumbnailUrl":"https:\/\/shop.diolosa.com\/wp-content\/uploads\/2022\/08\/magisterformel.jpg","datePublished":"2025-03-10T05:59:30+00:00","dateModified":"2025-04-24T19:23:34+00:00","breadcrumb":{"@id":"https:\/\/shop.diolosa.com\/pl\/product\/sheng-mai-san\/#breadcrumb"},"inLanguage":"pl-PL","potentialAction":[{"@type":"ReadAction","target":["https:\/\/shop.diolosa.com\/pl\/product\/sheng-mai-san\/"]}]},{"@type":"ImageObject","inLanguage":"pl-PL","@id":"https:\/\/shop.diolosa.com\/pl\/product\/sheng-mai-san\/#primaryimage","url":"https:\/\/shop.diolosa.com\/wp-content\/uploads\/2022\/08\/magisterformel.jpg","contentUrl":"https:\/\/shop.diolosa.com\/wp-content\/uploads\/2022\/08\/magisterformel.jpg","width":800,"height":533},{"@type":"BreadcrumbList","@id":"https:\/\/shop.diolosa.com\/pl\/product\/sheng-mai-san\/#breadcrumb","itemListElement":[{"@type":"ListItem","position":1,"name":"Startseite","item":"https:\/\/shop.diolosa.com\/pl\/?page_id=3835710"},{"@type":"ListItem","position":2,"name":"Sklep","item":"https:\/\/shop.diolosa.com\/pl\/?page_id=3835710"},{"@type":"ListItem","position":3,"name":"Sheng Mai San"}]},{"@type":"WebSite","@id":"https:\/\/shop.diolosa.com\/pl\/#website","url":"https:\/\/shop.diolosa.com\/pl\/","name":"Claude Diolosa","description":"","publisher":{"@id":"https:\/\/shop.diolosa.com\/pl\/#organization"},"potentialAction":[{"@type":"SearchAction","target":{"@type":"EntryPoint","urlTemplate":"https:\/\/shop.diolosa.com\/pl\/?s={search_term_string}"},"query-input":{"@type":"PropertyValueSpecification","valueRequired":true,"valueName":"search_term_string"}}],"inLanguage":"pl-PL"},{"@type":"Organization","@id":"https:\/\/shop.diolosa.com\/pl\/#organization","name":"Claude Diolosa","url":"https:\/\/shop.diolosa.com\/pl\/","logo":{"@type":"ImageObject","inLanguage":"pl-PL","@id":"https:\/\/shop.diolosa.com\/pl\/#\/schema\/logo\/image\/","url":"https:\/\/shop.diolosa.com\/wp-content\/uploads\/2019\/08\/diolosa-drop-logo-new.png","contentUrl":"https:\/\/shop.diolosa.com\/wp-content\/uploads\/2019\/08\/diolosa-drop-logo-new.png","width":134,"height":176,"caption":"Claude Diolosa"},"image":{"@id":"https:\/\/shop.diolosa.com\/pl\/#\/schema\/logo\/image\/"},"sameAs":["https:\/\/facebook.com\/claudediolosa","https:\/\/www.instagram.com\/diolosaclaude108\/"]}]}},"_links":{"self":[{"href":"https:\/\/shop.diolosa.com\/pl\/wp-json\/wp\/v2\/product\/3841502","targetHints":{"allow":["GET"]}}],"collection":[{"href":"https:\/\/shop.diolosa.com\/pl\/wp-json\/wp\/v2\/product"}],"about":[{"href":"https:\/\/shop.diolosa.com\/pl\/wp-json\/wp\/v2\/types\/product"}],"wp:featuredmedia":[{"embeddable":true,"href":"https:\/\/shop.diolosa.com\/pl\/wp-json\/wp\/v2\/media\/3841022"}],"wp:attachment":[{"href":"https:\/\/shop.diolosa.com\/pl\/wp-json\/wp\/v2\/media?parent=3841502"}],"wp:term":[{"taxonomy":"product_brand","embeddable":true,"href":"https:\/\/shop.diolosa.com\/pl\/wp-json\/wp\/v2\/product_brand?post=3841502"},{"taxonomy":"product_cat","embeddable":true,"href":"https:\/\/shop.diolosa.com\/pl\/wp-json\/wp\/v2\/product_cat?post=3841502"},{"taxonomy":"product_tag","embeddable":true,"href":"https:\/\/shop.diolosa.com\/pl\/wp-json\/wp\/v2\/product_tag?post=3841502"}],"curies":[{"name":"wp","href":"https:\/\/api.w.org\/{rel}","templated":true}]}}