{"id":3841505,"date":"2022-08-31T07:25:22","date_gmt":"2025-03-10T05:59:31","guid":{"rendered":"https:\/\/shop.diolosa.com\/product\/ma-zi-ren-wan\/"},"modified":"2025-04-24T20:23:33","modified_gmt":"2025-04-24T19:23:33","slug":"ma-zi-ren-wan","status":"publish","type":"product","link":"https:\/\/shop.diolosa.com\/pl\/product\/ma-zi-ren-wan\/","title":{"rendered":"Ma Zi Ren Wan"},"content":{"rendered":"<p><strong>Ma Zi Ren Wan<\/strong> to formu\u0142a tradycyjnej medycyny chi\u0144skiej stosowana g\u0142\u00f3wnie w leczeniu zapar\u0107 i wspieraniu dobrego samopoczucia uk\u0142adu trawiennego. Znana jest r\u00f3wnie\u017c jako &#8222;pigu\u0142ka z nasion konopi&#8221; lub &#8222;formu\u0142a z nasion konopi&#8221;, poniewa\u017c jeden z jej g\u0142\u00f3wnych sk\u0142adnik\u00f3w, Semen Cannabis Sativae (nasiona konopi), nawil\u017ca b\u0142on\u0119 \u015bluzow\u0105 jelit i wspomaga regularne wypr\u00f3\u017cnienia. <\/p>\n<p>&nbsp;<\/p>\n<p>&nbsp;<\/p>\n<p>&nbsp;<\/p>\n<p>&nbsp;<\/p>\n","protected":false},"excerpt":{"rendered":"<p>&nbsp;<\/p>\n<p>&nbsp;<\/p>\n<p>&nbsp;<\/p>\n<p>&nbsp;<\/p>\n","protected":false},"featured_media":3841022,"template":"","meta":{"_acf_changed":false},"product_brand":[],"product_cat":[12155],"product_tag":[12002],"class_list":{"0":"post-3841505","1":"product","2":"type-product","3":"status-publish","4":"has-post-thumbnail","6":"product_cat-wzory-wzorcowe","7":"product_tag-przewlekle-zaparcia","9":"first","10":"instock","11":"taxable","12":"shipping-taxable","13":"purchasable","14":"product-type-simple"},"acf":{"yn_product_audio":"https:\/\/shop.diolosa.com\/wp-content\/uploads\/2022\/10\/DL_MaZiRenWan.m4a","yn_product_video":"https:\/\/shop.diolosa.com\/wp-content\/uploads\/2025\/03\/Ma-Zi-Ren-Wan.mp4","yn_product_akupunktur":"<p>Sucho\u015b\u0107 jelita grubego> Jelito grube-11 \u66f2\u6c60 q\u016b ch\u00ed tonizuje &#8211; bu fa, P\u0142uco-9 \u592a\u6df5 t\u00e0i yu\u0101n tonizuje &#8211; bu fa , P\u0142uco-5 \u5c3a\u6fa4 ch\u01d0 z\u00e9<span class=\"Apple-converted-space\">  <\/span>bu fa <span class=\"Apple-converted-space\">  <\/span>> Przekrwienie Qi jelita grubego > \u017bo\u0142\u0105dek-25 \u5929\u6a1e ti\u0101n sh\u016b uspokaja &#8211; xie fa , \u017bo\u0142\u0105dek-37 \u4e0a\u5de8\u865b sh\u00e0ng j\u00f9 x\u016b sedate &#8211; xie fa, Jelito grube\/okr\u0119\u017cnica-4 \u5408\u8c37 h\u00e9 g\u01d4 sedate &#8211; xie fa <span class=\"Apple-converted-space\">  <\/span>> Jelito grube\/okr\u0119\u017cnica przekrwienie > Jelito grube\/okr\u0119\u017cnica-7 \u6eab\u6e9c w\u0113n li\u016b sedate &#8211; xie fa<span class=\"Apple-converted-space\"> <\/span><\/p>\n","yn_product_verabreichungsart":"Peletki 200 szt.","yn_product_dosierung":"<p>3 x dziennie 3 do 6 tabletek przed jedzeniem, popijaj\u0105c wod\u0105<\/p>\n","yn_product_avoidable":"<p>Przyprawy i aromatyczne zio\u0142a<\/p>\n","yn_product_tcm_mindmapping":"<p>Niedob\u00f3r sok\u00f3w jelita grubego > Pustka jelita grubego4 Ciep\u0142o > Przekrwienie Qi jelita grubego > Przekrwienie krwi jelita grubego > Zaparcia<\/p>\n","yn_product_tongue_body":"<p>Pop\u0119kane i suche<\/p>\n","yn_product_tongue_coating":"<p>\u017b\u00f3\u0142tawy i suchy<\/p>\n","yn_product_pulse_diagnostics":"<p>Xi Mai &#8211; cienki puls , Xian Mai &#8211; puls przypominaj\u0105cy strun\u0119 , Shuo Mai &#8211; szybki puls<\/p>\n","yn_product_indications":"<p>Ma Zi Ren Wan jest cz\u0119sto zalecany osobom cierpi\u0105cym na zaparcia zwi\u0105zane z sucho\u015bci\u0105 i zastojem Qi w jelitach.<\/p>\n<p><strong>Efekty i korzy\u015bci<\/strong><br \/>\n&#8211; Nawil\u017ca jelita: Pomaga w sucho\u015bci jelit.<br \/>\n&#8211; Rozprasza ciep\u0142o: \u0141agodzi wewn\u0119trzn\u0105 stagnacj\u0119 ciep\u0142a.<br \/>\n&#8211; Wspomaga ruch Qi: Poprawia przep\u0142yw energii w ciele.<br \/>\n&#8211; Smaruje jelita: U\u0142atwia p\u0142ynniejsze wypr\u00f3\u017cnienia.<br \/>\n&#8211; \u0141agodzi zaparcia: Skuteczny w leczeniu trudnych lub rzadkich wypr\u00f3\u017cnie\u0144.<\/p>\n","yn_product_contra_indications":"<p>Biegunka<\/p>\n","yn_product_pregnancy":"<p>Dozwolone<\/p>\n","yn_product_magisterrecipes":"<p>Huo Ma Ren \u706b\u9ebb\u4ec1 (Semen Cannabis)(28.6%)<\/p>\n<p>Ku Xing Ren \u82e6\u674f\u4ec1 (Semen Armeniacae Amarae)(11.9%)<\/p>\n<p>Bai Shao Yao \u767d\u828d (Radix Paeoniae Alba)(11,9%)<\/p>\n<p>Zhi Shi \u67b3\u5b9e (Fructus Aurantii Immaturus)(11,9%)<\/p>\n<p>Hou Po \u539a\u6734 (Cortex Magnoliae Officinalis)(11,9%)<\/p>\n<p>Shu Da Huang \u5927\u9ec4 (Radix et Rhizoma Rhei Pr\u00e4p) (23,8%)<\/p>\n"},"yoast_head":"<!-- This site is optimized with the Yoast SEO plugin v24.9 - https:\/\/yoast.com\/wordpress\/plugins\/seo\/ -->\n<title>Ma Zi Ren Wan - Claude Diolosa<\/title>\n<meta name=\"robots\" content=\"index, follow, max-snippet:-1, max-image-preview:large, max-video-preview:-1\" \/>\n<link rel=\"canonical\" href=\"https:\/\/shop.diolosa.com\/pl\/product\/ma-zi-ren-wan\/\" \/>\n<meta property=\"og:locale\" content=\"pl_PL\" \/>\n<meta property=\"og:type\" content=\"article\" \/>\n<meta property=\"og:title\" content=\"Ma Zi Ren Wan - Claude Diolosa\" \/>\n<meta property=\"og:description\" content=\"&nbsp; &nbsp; &nbsp; &nbsp;\" \/>\n<meta property=\"og:url\" content=\"https:\/\/shop.diolosa.com\/pl\/product\/ma-zi-ren-wan\/\" \/>\n<meta property=\"og:site_name\" content=\"Claude Diolosa\" \/>\n<meta property=\"article:publisher\" content=\"https:\/\/facebook.com\/claudediolosa\" \/>\n<meta property=\"article:modified_time\" content=\"2025-04-24T19:23:33+00:00\" \/>\n<meta property=\"og:image\" content=\"https:\/\/shop.diolosa.com\/wp-content\/uploads\/2022\/08\/magisterformel.jpg\" \/>\n\t<meta property=\"og:image:width\" content=\"800\" \/>\n\t<meta property=\"og:image:height\" content=\"533\" \/>\n\t<meta property=\"og:image:type\" content=\"image\/jpeg\" \/>\n<meta name=\"twitter:card\" content=\"summary_large_image\" \/>\n<script type=\"application\/ld+json\" class=\"yoast-schema-graph\">{\"@context\":\"https:\/\/schema.org\",\"@graph\":[{\"@type\":\"WebPage\",\"@id\":\"https:\/\/shop.diolosa.com\/pl\/product\/ma-zi-ren-wan\/\",\"url\":\"https:\/\/shop.diolosa.com\/pl\/product\/ma-zi-ren-wan\/\",\"name\":\"Ma Zi Ren Wan - Claude Diolosa\",\"isPartOf\":{\"@id\":\"https:\/\/shop.diolosa.com\/pl\/#website\"},\"primaryImageOfPage\":{\"@id\":\"https:\/\/shop.diolosa.com\/pl\/product\/ma-zi-ren-wan\/#primaryimage\"},\"image\":{\"@id\":\"https:\/\/shop.diolosa.com\/pl\/product\/ma-zi-ren-wan\/#primaryimage\"},\"thumbnailUrl\":\"https:\/\/shop.diolosa.com\/wp-content\/uploads\/2022\/08\/magisterformel.jpg\",\"datePublished\":\"2025-03-10T05:59:31+00:00\",\"dateModified\":\"2025-04-24T19:23:33+00:00\",\"breadcrumb\":{\"@id\":\"https:\/\/shop.diolosa.com\/pl\/product\/ma-zi-ren-wan\/#breadcrumb\"},\"inLanguage\":\"pl-PL\",\"potentialAction\":[{\"@type\":\"ReadAction\",\"target\":[\"https:\/\/shop.diolosa.com\/pl\/product\/ma-zi-ren-wan\/\"]}]},{\"@type\":\"ImageObject\",\"inLanguage\":\"pl-PL\",\"@id\":\"https:\/\/shop.diolosa.com\/pl\/product\/ma-zi-ren-wan\/#primaryimage\",\"url\":\"https:\/\/shop.diolosa.com\/wp-content\/uploads\/2022\/08\/magisterformel.jpg\",\"contentUrl\":\"https:\/\/shop.diolosa.com\/wp-content\/uploads\/2022\/08\/magisterformel.jpg\",\"width\":800,\"height\":533},{\"@type\":\"BreadcrumbList\",\"@id\":\"https:\/\/shop.diolosa.com\/pl\/product\/ma-zi-ren-wan\/#breadcrumb\",\"itemListElement\":[{\"@type\":\"ListItem\",\"position\":1,\"name\":\"Startseite\",\"item\":\"https:\/\/shop.diolosa.com\/pl\/?page_id=3835710\"},{\"@type\":\"ListItem\",\"position\":2,\"name\":\"Sklep\",\"item\":\"https:\/\/shop.diolosa.com\/pl\/?page_id=3835710\"},{\"@type\":\"ListItem\",\"position\":3,\"name\":\"Ma Zi Ren Wan\"}]},{\"@type\":\"WebSite\",\"@id\":\"https:\/\/shop.diolosa.com\/pl\/#website\",\"url\":\"https:\/\/shop.diolosa.com\/pl\/\",\"name\":\"Claude Diolosa\",\"description\":\"\",\"publisher\":{\"@id\":\"https:\/\/shop.diolosa.com\/pl\/#organization\"},\"potentialAction\":[{\"@type\":\"SearchAction\",\"target\":{\"@type\":\"EntryPoint\",\"urlTemplate\":\"https:\/\/shop.diolosa.com\/pl\/?s={search_term_string}\"},\"query-input\":{\"@type\":\"PropertyValueSpecification\",\"valueRequired\":true,\"valueName\":\"search_term_string\"}}],\"inLanguage\":\"pl-PL\"},{\"@type\":\"Organization\",\"@id\":\"https:\/\/shop.diolosa.com\/pl\/#organization\",\"name\":\"Claude Diolosa\",\"url\":\"https:\/\/shop.diolosa.com\/pl\/\",\"logo\":{\"@type\":\"ImageObject\",\"inLanguage\":\"pl-PL\",\"@id\":\"https:\/\/shop.diolosa.com\/pl\/#\/schema\/logo\/image\/\",\"url\":\"https:\/\/shop.diolosa.com\/wp-content\/uploads\/2019\/08\/diolosa-drop-logo-new.png\",\"contentUrl\":\"https:\/\/shop.diolosa.com\/wp-content\/uploads\/2019\/08\/diolosa-drop-logo-new.png\",\"width\":134,\"height\":176,\"caption\":\"Claude Diolosa\"},\"image\":{\"@id\":\"https:\/\/shop.diolosa.com\/pl\/#\/schema\/logo\/image\/\"},\"sameAs\":[\"https:\/\/facebook.com\/claudediolosa\",\"https:\/\/www.instagram.com\/diolosaclaude108\/\"]}]}<\/script>\n<!-- \/ Yoast SEO plugin. -->","yoast_head_json":{"title":"Ma Zi Ren Wan - Claude Diolosa","robots":{"index":"index","follow":"follow","max-snippet":"max-snippet:-1","max-image-preview":"max-image-preview:large","max-video-preview":"max-video-preview:-1"},"canonical":"https:\/\/shop.diolosa.com\/pl\/product\/ma-zi-ren-wan\/","og_locale":"pl_PL","og_type":"article","og_title":"Ma Zi Ren Wan - Claude Diolosa","og_description":"&nbsp; &nbsp; &nbsp; &nbsp;","og_url":"https:\/\/shop.diolosa.com\/pl\/product\/ma-zi-ren-wan\/","og_site_name":"Claude Diolosa","article_publisher":"https:\/\/facebook.com\/claudediolosa","article_modified_time":"2025-04-24T19:23:33+00:00","og_image":[{"width":800,"height":533,"url":"https:\/\/shop.diolosa.com\/wp-content\/uploads\/2022\/08\/magisterformel.jpg","type":"image\/jpeg"}],"twitter_card":"summary_large_image","schema":{"@context":"https:\/\/schema.org","@graph":[{"@type":"WebPage","@id":"https:\/\/shop.diolosa.com\/pl\/product\/ma-zi-ren-wan\/","url":"https:\/\/shop.diolosa.com\/pl\/product\/ma-zi-ren-wan\/","name":"Ma Zi Ren Wan - Claude Diolosa","isPartOf":{"@id":"https:\/\/shop.diolosa.com\/pl\/#website"},"primaryImageOfPage":{"@id":"https:\/\/shop.diolosa.com\/pl\/product\/ma-zi-ren-wan\/#primaryimage"},"image":{"@id":"https:\/\/shop.diolosa.com\/pl\/product\/ma-zi-ren-wan\/#primaryimage"},"thumbnailUrl":"https:\/\/shop.diolosa.com\/wp-content\/uploads\/2022\/08\/magisterformel.jpg","datePublished":"2025-03-10T05:59:31+00:00","dateModified":"2025-04-24T19:23:33+00:00","breadcrumb":{"@id":"https:\/\/shop.diolosa.com\/pl\/product\/ma-zi-ren-wan\/#breadcrumb"},"inLanguage":"pl-PL","potentialAction":[{"@type":"ReadAction","target":["https:\/\/shop.diolosa.com\/pl\/product\/ma-zi-ren-wan\/"]}]},{"@type":"ImageObject","inLanguage":"pl-PL","@id":"https:\/\/shop.diolosa.com\/pl\/product\/ma-zi-ren-wan\/#primaryimage","url":"https:\/\/shop.diolosa.com\/wp-content\/uploads\/2022\/08\/magisterformel.jpg","contentUrl":"https:\/\/shop.diolosa.com\/wp-content\/uploads\/2022\/08\/magisterformel.jpg","width":800,"height":533},{"@type":"BreadcrumbList","@id":"https:\/\/shop.diolosa.com\/pl\/product\/ma-zi-ren-wan\/#breadcrumb","itemListElement":[{"@type":"ListItem","position":1,"name":"Startseite","item":"https:\/\/shop.diolosa.com\/pl\/?page_id=3835710"},{"@type":"ListItem","position":2,"name":"Sklep","item":"https:\/\/shop.diolosa.com\/pl\/?page_id=3835710"},{"@type":"ListItem","position":3,"name":"Ma Zi Ren Wan"}]},{"@type":"WebSite","@id":"https:\/\/shop.diolosa.com\/pl\/#website","url":"https:\/\/shop.diolosa.com\/pl\/","name":"Claude Diolosa","description":"","publisher":{"@id":"https:\/\/shop.diolosa.com\/pl\/#organization"},"potentialAction":[{"@type":"SearchAction","target":{"@type":"EntryPoint","urlTemplate":"https:\/\/shop.diolosa.com\/pl\/?s={search_term_string}"},"query-input":{"@type":"PropertyValueSpecification","valueRequired":true,"valueName":"search_term_string"}}],"inLanguage":"pl-PL"},{"@type":"Organization","@id":"https:\/\/shop.diolosa.com\/pl\/#organization","name":"Claude Diolosa","url":"https:\/\/shop.diolosa.com\/pl\/","logo":{"@type":"ImageObject","inLanguage":"pl-PL","@id":"https:\/\/shop.diolosa.com\/pl\/#\/schema\/logo\/image\/","url":"https:\/\/shop.diolosa.com\/wp-content\/uploads\/2019\/08\/diolosa-drop-logo-new.png","contentUrl":"https:\/\/shop.diolosa.com\/wp-content\/uploads\/2019\/08\/diolosa-drop-logo-new.png","width":134,"height":176,"caption":"Claude Diolosa"},"image":{"@id":"https:\/\/shop.diolosa.com\/pl\/#\/schema\/logo\/image\/"},"sameAs":["https:\/\/facebook.com\/claudediolosa","https:\/\/www.instagram.com\/diolosaclaude108\/"]}]}},"_links":{"self":[{"href":"https:\/\/shop.diolosa.com\/pl\/wp-json\/wp\/v2\/product\/3841505","targetHints":{"allow":["GET"]}}],"collection":[{"href":"https:\/\/shop.diolosa.com\/pl\/wp-json\/wp\/v2\/product"}],"about":[{"href":"https:\/\/shop.diolosa.com\/pl\/wp-json\/wp\/v2\/types\/product"}],"wp:featuredmedia":[{"embeddable":true,"href":"https:\/\/shop.diolosa.com\/pl\/wp-json\/wp\/v2\/media\/3841022"}],"wp:attachment":[{"href":"https:\/\/shop.diolosa.com\/pl\/wp-json\/wp\/v2\/media?parent=3841505"}],"wp:term":[{"taxonomy":"product_brand","embeddable":true,"href":"https:\/\/shop.diolosa.com\/pl\/wp-json\/wp\/v2\/product_brand?post=3841505"},{"taxonomy":"product_cat","embeddable":true,"href":"https:\/\/shop.diolosa.com\/pl\/wp-json\/wp\/v2\/product_cat?post=3841505"},{"taxonomy":"product_tag","embeddable":true,"href":"https:\/\/shop.diolosa.com\/pl\/wp-json\/wp\/v2\/product_tag?post=3841505"}],"curies":[{"name":"wp","href":"https:\/\/api.w.org\/{rel}","templated":true}]}}