{"id":3841509,"date":"2022-08-31T07:23:28","date_gmt":"2025-03-10T05:59:32","guid":{"rendered":"https:\/\/shop.diolosa.com\/product\/long-dan-xie-gan-tang\/"},"modified":"2025-04-24T20:23:27","modified_gmt":"2025-04-24T19:23:27","slug":"long-dan-xie-gan-tang","status":"publish","type":"product","link":"https:\/\/shop.diolosa.com\/pl\/product\/long-dan-xie-gan-tang\/","title":{"rendered":"Long Dan Xie Gan Tang"},"content":{"rendered":"<p><strong>LONG DAN XIE GAN TANG &#8222;Wywar Radix Gentianae Longdancao, kt\u00f3ry odci\u0105\u017ca w\u0105trob\u0119&#8221;<\/strong><\/p>\n<p><strong>Eliminuje ciep\u0142o z narz\u0105d\u00f3w<\/strong><\/p>\n<p>&nbsp;<\/p>\n<p>&nbsp;<\/p>\n<p>Granulki zio\u0142owe wed\u0142ug tradycyjnej medycyny chi\u0144skiej<\/p>\n<p>Suplementy diety<\/p>\n<p>Producent: Apteka Boznerplatz<\/p>\n<p>W 100% sprawdzone sk\u0142adniki wysokiej jako\u015bci<\/p>\n<p>&nbsp;<\/p>\n<p>&nbsp;<\/p>\n<p>&nbsp;<\/p>\n<p>&nbsp;<\/p>\n<p>&nbsp;<\/p>\n<p>&nbsp;<\/p>\n<p>&nbsp;<\/p>\n<p>&nbsp;<\/p>\n<p>&nbsp;<\/p>\n<p>&nbsp;<\/p>\n<p>&nbsp;<\/p>\n","protected":false},"excerpt":{"rendered":"<p>&nbsp;<\/p>\n<p>&nbsp;<\/p>\n<p>&nbsp;<\/p>\n<p>&nbsp;<\/p>\n<p>&nbsp;<\/p>\n<p>&nbsp;<\/p>\n<p>&nbsp;<\/p>\n<p>&nbsp;<\/p>\n<p>&nbsp;<\/p>\n<p>&nbsp;<\/p>\n<p>&nbsp;<\/p>\n<p>&nbsp;<\/p>\n","protected":false},"featured_media":3841022,"template":"","meta":{"_acf_changed":false},"product_brand":[],"product_cat":[12155],"product_tag":[12453],"class_list":{"0":"post-3841509","1":"product","2":"type-product","3":"status-publish","4":"has-post-thumbnail","6":"product_cat-wzory-wzorcowe","7":"product_tag-zapalenie-pecherzyka-zolciowego","9":"first","10":"instock","11":"taxable","12":"shipping-taxable","13":"purchasable","14":"product-type-simple"},"acf":{"yn_product_audio":"https:\/\/shop.diolosa.com\/wp-content\/uploads\/2022\/10\/DL_Longanxiegantang.m4a","yn_product_video":"https:\/\/shop.diolosa.com\/wp-content\/uploads\/2025\/03\/Long-Dan-Xie-Gan-Tang-.mp4","yn_product_akupunktur":"<p>Woreczek \u017c\u00f3\u0142ciowy\/p\u0119cherzyk \u017c\u00f3\u0142ciowy-34 \u967d\u9675\u6cc9 y\u00e1ng l\u00edng qu\u00e1n.<\/p>\n<p>Reduce\/Sedate <b>&#8211; Xie Fa<\/b><\/p>\n<p>Woreczek \u017c\u00f3\u0142ciowy\/p\u0119cherzyk \u017c\u00f3\u0142ciowy-40\u4e18\u589f qi\u016b x\u016b.<\/p>\n<p>Reduce\/Sedate <b>&#8211; Xie Fa<\/b><\/p>\n<p>Woreczek \u017c\u00f3\u0142ciowy\/\/Gallbladder-24 \u65e5\u6708 r\u00ec yu\u00e8.<\/p>\n<p>Reduce\/Sedate <b>&#8211; Xie Fa<\/b><\/p>\n<p>P\u0119cherzyk \u017c\u00f3\u0142ciowy-41 \u8db3\u81e8\u6ce3 z\u00fa l\u00edn q\u00ec (dai mai, shu)<\/p>\n<p>Reduce\/Sedate <b>&#8211; Xie Fa<\/b><\/p>\n<p>Pericard\/\/Circulation-6 \u5167\u95dc n\u00e8i gu\u0101n<\/p>\n<p>Reduce\/Sedate <b>&#8211; Xie Fa<\/b><\/p>\n<p>EX-HN3 &#8211; \u5370\u5802 Yin Tang<\/p>\n<p>Reduce\/Sedate <b>&#8211; Xie Fa<\/b><\/p>\n<p>\u00a0<\/p>\n<p>\u00a0<\/p>\n<p>\u00a0<\/p>\n","yn_product_verabreichungsart":"Peletki 200 szt.","yn_product_dosierung":"<p>Przyjmowa\u0107 3 x 3 do 6 tabletek dziennie, popijaj\u0105c wod\u0105.<\/p>\n<p>\u00a0<\/p>\n","yn_product_combinations":"<p><b>WRATHFUL GENERAL <\/b>(zapalenie p\u0119cherzyka \u017c\u00f3\u0142ciowego)<b>, QUICK BELLY MOVEMENT<\/b> w celu promowania wch\u0142aniania, <b>GREEN STONE <\/b>na kamienie \u017c\u00f3\u0142ciowe, <b>HAPPY DAYS<span class=\"Apple-converted-space\"> <\/span><\/b> dla relaksu, <b>NO WORRY, SIX FLOWERS, JOYFUL DAYS <\/b>s\u0105 r\u00f3wnie\u017c bardzo dobre dla relaksu, <b>PEACEFUL NIGHTS<\/b> w celu odci\u0105\u017cenia p\u0119cherzyka \u017c\u00f3\u0142ciowego poprzez serce lub <b>DEEP SLEEP FORTE<\/b> na niedob\u00f3r Yin, <b>BURN OUT RELIEF <\/b>w przypadku zespo\u0142u wypalenia i wyczerpania Yin, <b>SHL TAMING THE DRAGON <\/b>specjalnie w przypadku dolegliwo\u015bci Shao Yang, <b>NIRIPSA<\/b> w leczeniu b\u00f3lu i <b>FLEMING <\/b>, je\u015bli pacjent ma zapalenie bakteryjne.<span class=\"Apple-converted-space\"> <\/span><\/p>\n<p>\u00a0<\/p>\n<p>\u00a0<\/p>\n","yn_product_avoidable":"<p>Alkohol, czosnek, cebula, por, szczypiorek, koperek, ostre przyprawy, czekolada, t\u0142uste i sma\u017cone potrawy, koktajle.<\/p>\n<p>\u00a0<\/p>\n<p>\u00a0<\/p>\n<p>\u00a0<\/p>\n","yn_product_tcm_mindmapping":"<p>Przekrwienie Qi p\u0119cherzyka \u017c\u00f3\u0142ciowego > Ciep\u0142o flegmy p\u0119cherzyka \u017c\u00f3\u0142ciowego > Kamienie \u017c\u00f3\u0142ciowe lub styl \u017cycia > Wilgotno\u015b\u0107 p\u0119cherzyka \u017c\u00f3\u0142ciowego\/ciep\u0142o flegmy > Ogie\u0144<\/p>\n<p>\u00a0<\/p>\n<p>\u00a0<\/p>\n","yn_product_tongue_body":"<p style=\"text-align: left;\">D\u0142ugi, mocny, w kszta\u0142cie w\u0142\u00f3czni, czerwony<\/p>\n<p>\u00a0<\/p>\n<p>\u00a0<\/p>\n","yn_product_tongue_coating":"<p>\u017b\u00f3\u0142ty, t\u0142usty, lepki<\/p>\n<p>\u00a0<\/p>\n","yn_product_pulse_diagnostics":"<p><strong>Pozycja p\u0119cherzyka \u017c\u00f3\u0142ciowego:<\/strong> Xian Mai &#8211; puls strunowy, Hua Mai &#8211; puls \u015blizgowy, Shi Mai &#8211; puls pe\u0142no\u015bci, Shuo Mai &#8211; puls szybki.<\/p>\n<p>\u00a0<\/p>\n<p>\u00a0<\/p>\n","yn_product_indications":"<p>Zapalenie p\u0119cherzyka \u017c\u00f3\u0142ciowego, Migrena, Gorzki smak w ustach, Nadci\u015bnienie t\u0119tnicze, Zawroty g\u0142owy, P\u00f3\u0142pasiec, Zapalenie spoj\u00f3wek, Dra\u017cliwo\u015b\u0107, Agresywny, B\u00f3l w boku<\/p>\n<p>\u00a0<\/p>\n<p>\u00a0<\/p>\n<p>\u00a0<\/p>\n","yn_product_contra_indications":"<p>Niedob\u00f3r Yang &#8211; wilgo\u0107 i zimno flegmy<\/p>\n<p>\u00a0<\/p>\n","yn_product_pregnancy":"<p>Dozwolone<\/p>\n<p>\u00a0<\/p>\n","yn_product_magisterrecipes":"<p>Long Dan Cao \u9f99\u80c6 (Radix Gentianae) (8,3%)<\/p>\n<p>Huang Qin \u9ec4\u82a9 (Radix Scutellariae) (11,1%)<\/p>\n<p>Zhi Zi \u6800\u5b50 (Fructus Gardeniae) (11,1%)<\/p>\n<p>Chuan Mu Tong \u5ddd\u6728\u901a (Caulis Clematidis Armandii) (5,6%)<\/p>\n<p>Che Qian Zi \u8f66\u524d\u5b50 (Semen Plantaginis) (13,9%)<\/p>\n<p>Sheng Ze Xie \u6cfd\u6cfb (Rhizoma Alismatis) (11.1%)<\/p>\n<p>Chai Hu \u67f4\u80e1 (Radix Bupleurum) (8,3%)<\/p>\n<p>Sheng Di Huang \u5730\u9ec4 (Radix Rehmanniae) (13,9%)<\/p>\n<p>dang gui (11,1%)<\/p>\n<p>gan cao (5,6%)<\/p>\n<p>\u00a0<\/p>\n"},"yoast_head":"<!-- This site is optimized with the Yoast SEO plugin v24.9 - https:\/\/yoast.com\/wordpress\/plugins\/seo\/ -->\n<title>Long Dan Xie Gan Tang - Claude Diolosa<\/title>\n<meta name=\"robots\" content=\"index, follow, max-snippet:-1, max-image-preview:large, max-video-preview:-1\" \/>\n<link rel=\"canonical\" href=\"https:\/\/shop.diolosa.com\/pl\/product\/long-dan-xie-gan-tang\/\" \/>\n<meta property=\"og:locale\" content=\"pl_PL\" \/>\n<meta property=\"og:type\" content=\"article\" \/>\n<meta property=\"og:title\" content=\"Long Dan Xie Gan Tang - Claude Diolosa\" \/>\n<meta property=\"og:description\" content=\"&nbsp; &nbsp; &nbsp; &nbsp; &nbsp; &nbsp; &nbsp; &nbsp; &nbsp; &nbsp; &nbsp; &nbsp;\" \/>\n<meta property=\"og:url\" content=\"https:\/\/shop.diolosa.com\/pl\/product\/long-dan-xie-gan-tang\/\" \/>\n<meta property=\"og:site_name\" content=\"Claude Diolosa\" \/>\n<meta property=\"article:publisher\" content=\"https:\/\/facebook.com\/claudediolosa\" \/>\n<meta property=\"article:modified_time\" content=\"2025-04-24T19:23:27+00:00\" \/>\n<meta property=\"og:image\" content=\"https:\/\/shop.diolosa.com\/wp-content\/uploads\/2022\/08\/magisterformel.jpg\" \/>\n\t<meta property=\"og:image:width\" content=\"800\" \/>\n\t<meta property=\"og:image:height\" content=\"533\" \/>\n\t<meta property=\"og:image:type\" content=\"image\/jpeg\" \/>\n<meta name=\"twitter:card\" content=\"summary_large_image\" \/>\n<script type=\"application\/ld+json\" class=\"yoast-schema-graph\">{\"@context\":\"https:\/\/schema.org\",\"@graph\":[{\"@type\":\"WebPage\",\"@id\":\"https:\/\/shop.diolosa.com\/pl\/product\/long-dan-xie-gan-tang\/\",\"url\":\"https:\/\/shop.diolosa.com\/pl\/product\/long-dan-xie-gan-tang\/\",\"name\":\"Long Dan Xie Gan Tang - Claude Diolosa\",\"isPartOf\":{\"@id\":\"https:\/\/shop.diolosa.com\/pl\/#website\"},\"primaryImageOfPage\":{\"@id\":\"https:\/\/shop.diolosa.com\/pl\/product\/long-dan-xie-gan-tang\/#primaryimage\"},\"image\":{\"@id\":\"https:\/\/shop.diolosa.com\/pl\/product\/long-dan-xie-gan-tang\/#primaryimage\"},\"thumbnailUrl\":\"https:\/\/shop.diolosa.com\/wp-content\/uploads\/2022\/08\/magisterformel.jpg\",\"datePublished\":\"2025-03-10T05:59:32+00:00\",\"dateModified\":\"2025-04-24T19:23:27+00:00\",\"breadcrumb\":{\"@id\":\"https:\/\/shop.diolosa.com\/pl\/product\/long-dan-xie-gan-tang\/#breadcrumb\"},\"inLanguage\":\"pl-PL\",\"potentialAction\":[{\"@type\":\"ReadAction\",\"target\":[\"https:\/\/shop.diolosa.com\/pl\/product\/long-dan-xie-gan-tang\/\"]}]},{\"@type\":\"ImageObject\",\"inLanguage\":\"pl-PL\",\"@id\":\"https:\/\/shop.diolosa.com\/pl\/product\/long-dan-xie-gan-tang\/#primaryimage\",\"url\":\"https:\/\/shop.diolosa.com\/wp-content\/uploads\/2022\/08\/magisterformel.jpg\",\"contentUrl\":\"https:\/\/shop.diolosa.com\/wp-content\/uploads\/2022\/08\/magisterformel.jpg\",\"width\":800,\"height\":533},{\"@type\":\"BreadcrumbList\",\"@id\":\"https:\/\/shop.diolosa.com\/pl\/product\/long-dan-xie-gan-tang\/#breadcrumb\",\"itemListElement\":[{\"@type\":\"ListItem\",\"position\":1,\"name\":\"Startseite\",\"item\":\"https:\/\/shop.diolosa.com\/pl\/?page_id=3835710\"},{\"@type\":\"ListItem\",\"position\":2,\"name\":\"Sklep\",\"item\":\"https:\/\/shop.diolosa.com\/pl\/?page_id=3835710\"},{\"@type\":\"ListItem\",\"position\":3,\"name\":\"Long Dan Xie Gan Tang\"}]},{\"@type\":\"WebSite\",\"@id\":\"https:\/\/shop.diolosa.com\/pl\/#website\",\"url\":\"https:\/\/shop.diolosa.com\/pl\/\",\"name\":\"Claude Diolosa\",\"description\":\"\",\"publisher\":{\"@id\":\"https:\/\/shop.diolosa.com\/pl\/#organization\"},\"potentialAction\":[{\"@type\":\"SearchAction\",\"target\":{\"@type\":\"EntryPoint\",\"urlTemplate\":\"https:\/\/shop.diolosa.com\/pl\/?s={search_term_string}\"},\"query-input\":{\"@type\":\"PropertyValueSpecification\",\"valueRequired\":true,\"valueName\":\"search_term_string\"}}],\"inLanguage\":\"pl-PL\"},{\"@type\":\"Organization\",\"@id\":\"https:\/\/shop.diolosa.com\/pl\/#organization\",\"name\":\"Claude Diolosa\",\"url\":\"https:\/\/shop.diolosa.com\/pl\/\",\"logo\":{\"@type\":\"ImageObject\",\"inLanguage\":\"pl-PL\",\"@id\":\"https:\/\/shop.diolosa.com\/pl\/#\/schema\/logo\/image\/\",\"url\":\"https:\/\/shop.diolosa.com\/wp-content\/uploads\/2019\/08\/diolosa-drop-logo-new.png\",\"contentUrl\":\"https:\/\/shop.diolosa.com\/wp-content\/uploads\/2019\/08\/diolosa-drop-logo-new.png\",\"width\":134,\"height\":176,\"caption\":\"Claude Diolosa\"},\"image\":{\"@id\":\"https:\/\/shop.diolosa.com\/pl\/#\/schema\/logo\/image\/\"},\"sameAs\":[\"https:\/\/facebook.com\/claudediolosa\",\"https:\/\/www.instagram.com\/diolosaclaude108\/\"]}]}<\/script>\n<!-- \/ Yoast SEO plugin. -->","yoast_head_json":{"title":"Long Dan Xie Gan Tang - Claude Diolosa","robots":{"index":"index","follow":"follow","max-snippet":"max-snippet:-1","max-image-preview":"max-image-preview:large","max-video-preview":"max-video-preview:-1"},"canonical":"https:\/\/shop.diolosa.com\/pl\/product\/long-dan-xie-gan-tang\/","og_locale":"pl_PL","og_type":"article","og_title":"Long Dan Xie Gan Tang - Claude Diolosa","og_description":"&nbsp; &nbsp; &nbsp; &nbsp; &nbsp; &nbsp; &nbsp; &nbsp; &nbsp; &nbsp; &nbsp; &nbsp;","og_url":"https:\/\/shop.diolosa.com\/pl\/product\/long-dan-xie-gan-tang\/","og_site_name":"Claude Diolosa","article_publisher":"https:\/\/facebook.com\/claudediolosa","article_modified_time":"2025-04-24T19:23:27+00:00","og_image":[{"width":800,"height":533,"url":"https:\/\/shop.diolosa.com\/wp-content\/uploads\/2022\/08\/magisterformel.jpg","type":"image\/jpeg"}],"twitter_card":"summary_large_image","schema":{"@context":"https:\/\/schema.org","@graph":[{"@type":"WebPage","@id":"https:\/\/shop.diolosa.com\/pl\/product\/long-dan-xie-gan-tang\/","url":"https:\/\/shop.diolosa.com\/pl\/product\/long-dan-xie-gan-tang\/","name":"Long Dan Xie Gan Tang - Claude Diolosa","isPartOf":{"@id":"https:\/\/shop.diolosa.com\/pl\/#website"},"primaryImageOfPage":{"@id":"https:\/\/shop.diolosa.com\/pl\/product\/long-dan-xie-gan-tang\/#primaryimage"},"image":{"@id":"https:\/\/shop.diolosa.com\/pl\/product\/long-dan-xie-gan-tang\/#primaryimage"},"thumbnailUrl":"https:\/\/shop.diolosa.com\/wp-content\/uploads\/2022\/08\/magisterformel.jpg","datePublished":"2025-03-10T05:59:32+00:00","dateModified":"2025-04-24T19:23:27+00:00","breadcrumb":{"@id":"https:\/\/shop.diolosa.com\/pl\/product\/long-dan-xie-gan-tang\/#breadcrumb"},"inLanguage":"pl-PL","potentialAction":[{"@type":"ReadAction","target":["https:\/\/shop.diolosa.com\/pl\/product\/long-dan-xie-gan-tang\/"]}]},{"@type":"ImageObject","inLanguage":"pl-PL","@id":"https:\/\/shop.diolosa.com\/pl\/product\/long-dan-xie-gan-tang\/#primaryimage","url":"https:\/\/shop.diolosa.com\/wp-content\/uploads\/2022\/08\/magisterformel.jpg","contentUrl":"https:\/\/shop.diolosa.com\/wp-content\/uploads\/2022\/08\/magisterformel.jpg","width":800,"height":533},{"@type":"BreadcrumbList","@id":"https:\/\/shop.diolosa.com\/pl\/product\/long-dan-xie-gan-tang\/#breadcrumb","itemListElement":[{"@type":"ListItem","position":1,"name":"Startseite","item":"https:\/\/shop.diolosa.com\/pl\/?page_id=3835710"},{"@type":"ListItem","position":2,"name":"Sklep","item":"https:\/\/shop.diolosa.com\/pl\/?page_id=3835710"},{"@type":"ListItem","position":3,"name":"Long Dan Xie Gan Tang"}]},{"@type":"WebSite","@id":"https:\/\/shop.diolosa.com\/pl\/#website","url":"https:\/\/shop.diolosa.com\/pl\/","name":"Claude Diolosa","description":"","publisher":{"@id":"https:\/\/shop.diolosa.com\/pl\/#organization"},"potentialAction":[{"@type":"SearchAction","target":{"@type":"EntryPoint","urlTemplate":"https:\/\/shop.diolosa.com\/pl\/?s={search_term_string}"},"query-input":{"@type":"PropertyValueSpecification","valueRequired":true,"valueName":"search_term_string"}}],"inLanguage":"pl-PL"},{"@type":"Organization","@id":"https:\/\/shop.diolosa.com\/pl\/#organization","name":"Claude Diolosa","url":"https:\/\/shop.diolosa.com\/pl\/","logo":{"@type":"ImageObject","inLanguage":"pl-PL","@id":"https:\/\/shop.diolosa.com\/pl\/#\/schema\/logo\/image\/","url":"https:\/\/shop.diolosa.com\/wp-content\/uploads\/2019\/08\/diolosa-drop-logo-new.png","contentUrl":"https:\/\/shop.diolosa.com\/wp-content\/uploads\/2019\/08\/diolosa-drop-logo-new.png","width":134,"height":176,"caption":"Claude Diolosa"},"image":{"@id":"https:\/\/shop.diolosa.com\/pl\/#\/schema\/logo\/image\/"},"sameAs":["https:\/\/facebook.com\/claudediolosa","https:\/\/www.instagram.com\/diolosaclaude108\/"]}]}},"_links":{"self":[{"href":"https:\/\/shop.diolosa.com\/pl\/wp-json\/wp\/v2\/product\/3841509","targetHints":{"allow":["GET"]}}],"collection":[{"href":"https:\/\/shop.diolosa.com\/pl\/wp-json\/wp\/v2\/product"}],"about":[{"href":"https:\/\/shop.diolosa.com\/pl\/wp-json\/wp\/v2\/types\/product"}],"wp:featuredmedia":[{"embeddable":true,"href":"https:\/\/shop.diolosa.com\/pl\/wp-json\/wp\/v2\/media\/3841022"}],"wp:attachment":[{"href":"https:\/\/shop.diolosa.com\/pl\/wp-json\/wp\/v2\/media?parent=3841509"}],"wp:term":[{"taxonomy":"product_brand","embeddable":true,"href":"https:\/\/shop.diolosa.com\/pl\/wp-json\/wp\/v2\/product_brand?post=3841509"},{"taxonomy":"product_cat","embeddable":true,"href":"https:\/\/shop.diolosa.com\/pl\/wp-json\/wp\/v2\/product_cat?post=3841509"},{"taxonomy":"product_tag","embeddable":true,"href":"https:\/\/shop.diolosa.com\/pl\/wp-json\/wp\/v2\/product_tag?post=3841509"}],"curies":[{"name":"wp","href":"https:\/\/api.w.org\/{rel}","templated":true}]}}