{"id":3841513,"date":"2022-08-31T07:14:18","date_gmt":"2025-03-10T05:59:34","guid":{"rendered":"https:\/\/shop.diolosa.com\/product\/jin-gui-shen-qi-wan\/"},"modified":"2025-04-24T20:23:27","modified_gmt":"2025-04-24T19:23:27","slug":"jin-gui-shen-qi-wan","status":"publish","type":"product","link":"https:\/\/shop.diolosa.com\/pl\/product\/jin-gui-shen-qi-wan\/","title":{"rendered":"Jin Gui Shen Qi Wan"},"content":{"rendered":"<p><strong>JIN GUI SHEN QI WAN &#8222;Kidney Qi Pill from Golden Caninet<\/strong><strong>&#8222;<\/strong><\/p>\n<p><strong>Rozgrzewa i tonizuje Yang<\/strong><\/p>\n<p> Zio\u0142owe granulki wed\u0142ug tradycyjnej medycyny chi\u0144skiej<\/p>\n<p>Suplement diety<\/p>\n<p>Producent: Apotheke Boznerplatz<\/p>\n<p>100% sprawdzonych sk\u0142adnik\u00f3w wysokiej jako\u015bci<\/p>\n<p>&nbsp;<\/p>\n<p>&nbsp;<\/p>\n<p>&nbsp;<\/p>\n<p>&nbsp;<\/p>\n","protected":false},"excerpt":{"rendered":"<p>&nbsp;<\/p>\n<p>&nbsp;<\/p>\n<p>&nbsp;<\/p>\n<p>&nbsp;<\/p>\n<p>&nbsp;<\/p>\n","protected":false},"featured_media":3841022,"template":"","meta":{"_acf_changed":false},"product_brand":[],"product_cat":[12155],"product_tag":[12547],"class_list":{"0":"post-3841513","1":"product","2":"type-product","3":"status-publish","4":"has-post-thumbnail","6":"product_cat-wzory-wzorcowe","7":"product_tag-niedobor-yang-qi-nerek","9":"first","10":"instock","11":"taxable","12":"shipping-taxable","13":"purchasable","14":"product-type-simple"},"acf":{"yn_product_audio":"https:\/\/shop.diolosa.com\/wp-content\/uploads\/2022\/10\/DL_jinkuishenqiwan.m4a","yn_product_video":"https:\/\/shop.diolosa.com\/wp-content\/uploads\/2025\/04\/Jin-Kui-Shen-Qi-Wan.mp4","yn_product_akupunktur":"<p>Bladder\/Blase-23 \u814e\u4fde sh\u00e8n sh\u016b.<\/p>\n<p>Wzmocnienie\/tonowanie<b> &#8211; Bu Fa<span class=\"Apple-converted-space\"> &#8211; Moxa<\/span><\/b><\/p>\n<p>You-4 \u547d\u9580 m\u00ecng m\u00e9n.<\/p>\n<p>Wzmocnienie\/tonowanie<b> &#8211; Bu Fa<span class=\"Apple-converted-space\"> <\/span><\/b> <\/p>\n<p>Ren-4 \u95dc\u5143 gu\u0101n yu\u00e1n.<\/p>\n<p>Wzmocnienie\/tonowanie<b> &#8211; Bu Fa<span class=\"Apple-converted-space\"> &#8211; Moxa<\/span><\/b><\/p>\n<p>Ren-6 \u6c23\u6d77 q\u00ec h\u01cei.<\/p>\n<p>Wzmocnienie\/tonowanie<b> &#8211; Bu Fa<span class=\"Apple-converted-space\"> &#8211; Moxa<\/span><\/b><\/p>\n<p>Bladder\/Blase-52 \u5fd7\u5ba4 zh\u00ec sh\u00ec.<\/p>\n<p>Wzmocnienie\/tonowanie<b> &#8211; Bu Fa<span class=\"Apple-converted-space\"> <\/span><\/b> <\/p>\n<p>Woreczek \u017c\u00f3\u0142ciowy\/p\u0119cherzyk \u017c\u00f3\u0142ciowy-25 \u4eac\u9580 j\u012bng m\u00e9n.<\/p>\n<p>Wzmocnienie\/tonowanie<b> &#8211; Bu Fa<span class=\"Apple-converted-space\"> <\/span><\/b> <\/p>\n<p>\u015aledziona\/spleen-6 \u4e09\u9670\u4ea4 s\u0101n y\u012bn ji\u0101o.<\/p>\n<p>Wzmocnienie\/tonowanie<b> &#8211; Bu Fa<span class=\"Apple-converted-space\"> <\/span><\/b> <\/p>\n<p>Nerki\/nerki-3 \u592a\u8c3f ta\u00ec x\u012b.<\/p>\n<p>Wzmocnienie\/tonowanie<b> &#8211; Bu Fa<span class=\"Apple-converted-space\"> <\/span><\/b> <\/p>\n<p>\u00a0<\/p>\n","yn_product_verabreichungsart":"Peletki 200 szt.","yn_product_dosierung":"<p>Przyjmowa\u0107 3 x 3 do 6 tabletek dziennie, popijaj\u0105c wod\u0105.<\/p>\n<p>\u00a0<\/p>\n","yn_product_combinations":"<p>KORZE\u0143 YANG (niedob\u00f3r jang nerki),<\/p>\n<p><b>FILAR <\/b> ZIEMI (przewlek\u0142y b\u00f3l plec\u00f3w), <b>SEKRETNA MOC <\/b>(impotencja), <b>R\u00d3WNOWAGA WODY <\/b>(nietrzymanie moczu), <b>DROGA WODY<span class=\"Apple-converted-space\">  <\/span><\/b>(obrz\u0119k), <b>RINCHEN TEE, OGRZEWANIE KORZENIA <\/b>(niedob\u00f3r jang nerki i jing).<\/p>\n<p>\u00a0<\/p>\n","yn_product_avoidable":"<p>\u017bywno\u015b\u0107 na zimno, taka jak sa\u0142atki, produkty mleczne, takie jak jogurty i mi\u0119kkie sery, zimne napoje, owoce tropikalne, surowa \u017cywno\u015b\u0107.<\/p>\n<p>\u00a0<\/p>\n","yn_product_tcm_mindmapping":"<p>Niedob\u00f3r Qi i Yang nerek > Niedob\u00f3r Jing i krwi<\/p>\n<p>\u00a0<\/p>\n","yn_product_tongue_body":"<p>Kr\u00f3tka, s\u0142aba, poziomo pop\u0119kana, blada, fioletowa<\/p>\n<p>\u00a0<\/p>\n","yn_product_tongue_coating":"<p>Rzadkie, wilgotne, bia\u0142e<\/p>\n<p>\u00a0<\/p>\n","yn_product_pulse_diagnostics":"<p>Chen Mai &#8211; puls g\u0142\u0119boki , Xi Mai &#8211; puls nitkowaty , Duan Mai &#8211; puls kr\u00f3tki , Xu Mai &#8211; puls pusty , Chi Mai &#8211; puls powolny , Ruo Mai &#8211; puls s\u0142aby , Se Mai &#8211; puls niezdecydowany lub Dai Mai &#8211; puls regularny przerywany.<\/p>\n<p>\u00a0<\/p>\n","yn_product_indications":"<p>Hipotermia, zimne ko\u0144czyny, niep\u0142odno\u015b\u0107, apatia, impotencja, bolesne miesi\u0105czkowanie, przewlek\u0142y b\u00f3l plec\u00f3w z uczuciem zimna, zaburzenia wch\u0142aniania, niedoci\u015bnienie, Feng Shi Han Bi ko\u0144czyn dolnych, trudno\u015bci w chodzeniu, wielomocz, nykturia.<\/p>\n<p>\u00a0<\/p>\n","yn_product_contra_indications":"<p>Niedob\u00f3r Yin nerek z pustym ciep\u0142em i ciep\u0142em krwi<\/p>\n<p>\u00a0<\/p>\n","yn_product_pregnancy":"<p>Dozwolone<\/p>\n<p>\u00a0<\/p>\n","yn_product_herbs":"<p>\u00a0<\/p>\n<p>\u00a0<\/p>\n","yn_product_magisterrecipes":"<p>Shu Di Huang \u719f\u5730\u9ec4 \u719f\u5730 (Radix Rehmanniae Preparata) (29.7%)<\/p>\n<p>Shan Zhu Yu \u5c71\u8331\u8438 (Fructus Corni) (14.8%)<\/p>\n<p>Shan Yao \u5c71\u836f (Rhizoma Dioscoreae)(14.8%)<\/p>\n<p>Fu Zi \u9644\u5b50 (Radix Aconiti Lateralis Praeparata)(3,7%)<\/p>\n<p>Rou Gui \u8089\u6842 (Cortex Cinnamomi)(3,7%)<\/p>\n<p>Sheng Ze Xie \u6cfd\u6cfb (Rhizoma Alismatis) (11,1%)<\/p>\n<p>Bai Fu Ling \u832f\u82d3 (Poria Alba) (11,1%)<\/p>\n<p>Mu Dan Pi \u7261\u4e39\u76ae (Cortex Moutan) (11,1%)<\/p>\n<p>\u00a0<\/p>\n"},"yoast_head":"<!-- This site is optimized with the Yoast SEO plugin v24.9 - https:\/\/yoast.com\/wordpress\/plugins\/seo\/ -->\n<title>Jin Gui Shen Qi Wan - Claude Diolosa<\/title>\n<meta name=\"robots\" content=\"index, follow, max-snippet:-1, max-image-preview:large, max-video-preview:-1\" \/>\n<link rel=\"canonical\" href=\"https:\/\/shop.diolosa.com\/pl\/product\/jin-gui-shen-qi-wan\/\" \/>\n<meta property=\"og:locale\" content=\"pl_PL\" \/>\n<meta property=\"og:type\" content=\"article\" \/>\n<meta property=\"og:title\" content=\"Jin Gui Shen Qi Wan - Claude Diolosa\" \/>\n<meta property=\"og:description\" content=\"&nbsp; &nbsp; &nbsp; &nbsp; &nbsp;\" \/>\n<meta property=\"og:url\" content=\"https:\/\/shop.diolosa.com\/pl\/product\/jin-gui-shen-qi-wan\/\" \/>\n<meta property=\"og:site_name\" content=\"Claude Diolosa\" \/>\n<meta property=\"article:publisher\" content=\"https:\/\/facebook.com\/claudediolosa\" \/>\n<meta property=\"article:modified_time\" content=\"2025-04-24T19:23:27+00:00\" \/>\n<meta property=\"og:image\" content=\"https:\/\/shop.diolosa.com\/wp-content\/uploads\/2022\/08\/magisterformel.jpg\" \/>\n\t<meta property=\"og:image:width\" content=\"800\" \/>\n\t<meta property=\"og:image:height\" content=\"533\" \/>\n\t<meta property=\"og:image:type\" content=\"image\/jpeg\" \/>\n<meta name=\"twitter:card\" content=\"summary_large_image\" \/>\n<script type=\"application\/ld+json\" class=\"yoast-schema-graph\">{\"@context\":\"https:\/\/schema.org\",\"@graph\":[{\"@type\":\"WebPage\",\"@id\":\"https:\/\/shop.diolosa.com\/pl\/product\/jin-gui-shen-qi-wan\/\",\"url\":\"https:\/\/shop.diolosa.com\/pl\/product\/jin-gui-shen-qi-wan\/\",\"name\":\"Jin Gui Shen Qi Wan - Claude Diolosa\",\"isPartOf\":{\"@id\":\"https:\/\/shop.diolosa.com\/pl\/#website\"},\"primaryImageOfPage\":{\"@id\":\"https:\/\/shop.diolosa.com\/pl\/product\/jin-gui-shen-qi-wan\/#primaryimage\"},\"image\":{\"@id\":\"https:\/\/shop.diolosa.com\/pl\/product\/jin-gui-shen-qi-wan\/#primaryimage\"},\"thumbnailUrl\":\"https:\/\/shop.diolosa.com\/wp-content\/uploads\/2022\/08\/magisterformel.jpg\",\"datePublished\":\"2025-03-10T05:59:34+00:00\",\"dateModified\":\"2025-04-24T19:23:27+00:00\",\"breadcrumb\":{\"@id\":\"https:\/\/shop.diolosa.com\/pl\/product\/jin-gui-shen-qi-wan\/#breadcrumb\"},\"inLanguage\":\"pl-PL\",\"potentialAction\":[{\"@type\":\"ReadAction\",\"target\":[\"https:\/\/shop.diolosa.com\/pl\/product\/jin-gui-shen-qi-wan\/\"]}]},{\"@type\":\"ImageObject\",\"inLanguage\":\"pl-PL\",\"@id\":\"https:\/\/shop.diolosa.com\/pl\/product\/jin-gui-shen-qi-wan\/#primaryimage\",\"url\":\"https:\/\/shop.diolosa.com\/wp-content\/uploads\/2022\/08\/magisterformel.jpg\",\"contentUrl\":\"https:\/\/shop.diolosa.com\/wp-content\/uploads\/2022\/08\/magisterformel.jpg\",\"width\":800,\"height\":533},{\"@type\":\"BreadcrumbList\",\"@id\":\"https:\/\/shop.diolosa.com\/pl\/product\/jin-gui-shen-qi-wan\/#breadcrumb\",\"itemListElement\":[{\"@type\":\"ListItem\",\"position\":1,\"name\":\"Startseite\",\"item\":\"https:\/\/shop.diolosa.com\/pl\/?page_id=3835710\"},{\"@type\":\"ListItem\",\"position\":2,\"name\":\"Sklep\",\"item\":\"https:\/\/shop.diolosa.com\/pl\/?page_id=3835710\"},{\"@type\":\"ListItem\",\"position\":3,\"name\":\"Jin Gui Shen Qi Wan\"}]},{\"@type\":\"WebSite\",\"@id\":\"https:\/\/shop.diolosa.com\/pl\/#website\",\"url\":\"https:\/\/shop.diolosa.com\/pl\/\",\"name\":\"Claude Diolosa\",\"description\":\"\",\"publisher\":{\"@id\":\"https:\/\/shop.diolosa.com\/pl\/#organization\"},\"potentialAction\":[{\"@type\":\"SearchAction\",\"target\":{\"@type\":\"EntryPoint\",\"urlTemplate\":\"https:\/\/shop.diolosa.com\/pl\/?s={search_term_string}\"},\"query-input\":{\"@type\":\"PropertyValueSpecification\",\"valueRequired\":true,\"valueName\":\"search_term_string\"}}],\"inLanguage\":\"pl-PL\"},{\"@type\":\"Organization\",\"@id\":\"https:\/\/shop.diolosa.com\/pl\/#organization\",\"name\":\"Claude Diolosa\",\"url\":\"https:\/\/shop.diolosa.com\/pl\/\",\"logo\":{\"@type\":\"ImageObject\",\"inLanguage\":\"pl-PL\",\"@id\":\"https:\/\/shop.diolosa.com\/pl\/#\/schema\/logo\/image\/\",\"url\":\"https:\/\/shop.diolosa.com\/wp-content\/uploads\/2019\/08\/diolosa-drop-logo-new.png\",\"contentUrl\":\"https:\/\/shop.diolosa.com\/wp-content\/uploads\/2019\/08\/diolosa-drop-logo-new.png\",\"width\":134,\"height\":176,\"caption\":\"Claude Diolosa\"},\"image\":{\"@id\":\"https:\/\/shop.diolosa.com\/pl\/#\/schema\/logo\/image\/\"},\"sameAs\":[\"https:\/\/facebook.com\/claudediolosa\",\"https:\/\/www.instagram.com\/diolosaclaude108\/\"]}]}<\/script>\n<!-- \/ Yoast SEO plugin. -->","yoast_head_json":{"title":"Jin Gui Shen Qi Wan - Claude Diolosa","robots":{"index":"index","follow":"follow","max-snippet":"max-snippet:-1","max-image-preview":"max-image-preview:large","max-video-preview":"max-video-preview:-1"},"canonical":"https:\/\/shop.diolosa.com\/pl\/product\/jin-gui-shen-qi-wan\/","og_locale":"pl_PL","og_type":"article","og_title":"Jin Gui Shen Qi Wan - Claude Diolosa","og_description":"&nbsp; &nbsp; &nbsp; &nbsp; &nbsp;","og_url":"https:\/\/shop.diolosa.com\/pl\/product\/jin-gui-shen-qi-wan\/","og_site_name":"Claude Diolosa","article_publisher":"https:\/\/facebook.com\/claudediolosa","article_modified_time":"2025-04-24T19:23:27+00:00","og_image":[{"width":800,"height":533,"url":"https:\/\/shop.diolosa.com\/wp-content\/uploads\/2022\/08\/magisterformel.jpg","type":"image\/jpeg"}],"twitter_card":"summary_large_image","schema":{"@context":"https:\/\/schema.org","@graph":[{"@type":"WebPage","@id":"https:\/\/shop.diolosa.com\/pl\/product\/jin-gui-shen-qi-wan\/","url":"https:\/\/shop.diolosa.com\/pl\/product\/jin-gui-shen-qi-wan\/","name":"Jin Gui Shen Qi Wan - Claude Diolosa","isPartOf":{"@id":"https:\/\/shop.diolosa.com\/pl\/#website"},"primaryImageOfPage":{"@id":"https:\/\/shop.diolosa.com\/pl\/product\/jin-gui-shen-qi-wan\/#primaryimage"},"image":{"@id":"https:\/\/shop.diolosa.com\/pl\/product\/jin-gui-shen-qi-wan\/#primaryimage"},"thumbnailUrl":"https:\/\/shop.diolosa.com\/wp-content\/uploads\/2022\/08\/magisterformel.jpg","datePublished":"2025-03-10T05:59:34+00:00","dateModified":"2025-04-24T19:23:27+00:00","breadcrumb":{"@id":"https:\/\/shop.diolosa.com\/pl\/product\/jin-gui-shen-qi-wan\/#breadcrumb"},"inLanguage":"pl-PL","potentialAction":[{"@type":"ReadAction","target":["https:\/\/shop.diolosa.com\/pl\/product\/jin-gui-shen-qi-wan\/"]}]},{"@type":"ImageObject","inLanguage":"pl-PL","@id":"https:\/\/shop.diolosa.com\/pl\/product\/jin-gui-shen-qi-wan\/#primaryimage","url":"https:\/\/shop.diolosa.com\/wp-content\/uploads\/2022\/08\/magisterformel.jpg","contentUrl":"https:\/\/shop.diolosa.com\/wp-content\/uploads\/2022\/08\/magisterformel.jpg","width":800,"height":533},{"@type":"BreadcrumbList","@id":"https:\/\/shop.diolosa.com\/pl\/product\/jin-gui-shen-qi-wan\/#breadcrumb","itemListElement":[{"@type":"ListItem","position":1,"name":"Startseite","item":"https:\/\/shop.diolosa.com\/pl\/?page_id=3835710"},{"@type":"ListItem","position":2,"name":"Sklep","item":"https:\/\/shop.diolosa.com\/pl\/?page_id=3835710"},{"@type":"ListItem","position":3,"name":"Jin Gui Shen Qi Wan"}]},{"@type":"WebSite","@id":"https:\/\/shop.diolosa.com\/pl\/#website","url":"https:\/\/shop.diolosa.com\/pl\/","name":"Claude Diolosa","description":"","publisher":{"@id":"https:\/\/shop.diolosa.com\/pl\/#organization"},"potentialAction":[{"@type":"SearchAction","target":{"@type":"EntryPoint","urlTemplate":"https:\/\/shop.diolosa.com\/pl\/?s={search_term_string}"},"query-input":{"@type":"PropertyValueSpecification","valueRequired":true,"valueName":"search_term_string"}}],"inLanguage":"pl-PL"},{"@type":"Organization","@id":"https:\/\/shop.diolosa.com\/pl\/#organization","name":"Claude Diolosa","url":"https:\/\/shop.diolosa.com\/pl\/","logo":{"@type":"ImageObject","inLanguage":"pl-PL","@id":"https:\/\/shop.diolosa.com\/pl\/#\/schema\/logo\/image\/","url":"https:\/\/shop.diolosa.com\/wp-content\/uploads\/2019\/08\/diolosa-drop-logo-new.png","contentUrl":"https:\/\/shop.diolosa.com\/wp-content\/uploads\/2019\/08\/diolosa-drop-logo-new.png","width":134,"height":176,"caption":"Claude Diolosa"},"image":{"@id":"https:\/\/shop.diolosa.com\/pl\/#\/schema\/logo\/image\/"},"sameAs":["https:\/\/facebook.com\/claudediolosa","https:\/\/www.instagram.com\/diolosaclaude108\/"]}]}},"_links":{"self":[{"href":"https:\/\/shop.diolosa.com\/pl\/wp-json\/wp\/v2\/product\/3841513","targetHints":{"allow":["GET"]}}],"collection":[{"href":"https:\/\/shop.diolosa.com\/pl\/wp-json\/wp\/v2\/product"}],"about":[{"href":"https:\/\/shop.diolosa.com\/pl\/wp-json\/wp\/v2\/types\/product"}],"wp:featuredmedia":[{"embeddable":true,"href":"https:\/\/shop.diolosa.com\/pl\/wp-json\/wp\/v2\/media\/3841022"}],"wp:attachment":[{"href":"https:\/\/shop.diolosa.com\/pl\/wp-json\/wp\/v2\/media?parent=3841513"}],"wp:term":[{"taxonomy":"product_brand","embeddable":true,"href":"https:\/\/shop.diolosa.com\/pl\/wp-json\/wp\/v2\/product_brand?post=3841513"},{"taxonomy":"product_cat","embeddable":true,"href":"https:\/\/shop.diolosa.com\/pl\/wp-json\/wp\/v2\/product_cat?post=3841513"},{"taxonomy":"product_tag","embeddable":true,"href":"https:\/\/shop.diolosa.com\/pl\/wp-json\/wp\/v2\/product_tag?post=3841513"}],"curies":[{"name":"wp","href":"https:\/\/api.w.org\/{rel}","templated":true}]}}