{"id":3841514,"date":"2022-08-31T07:20:23","date_gmt":"2025-03-10T05:59:35","guid":{"rendered":"https:\/\/shop.diolosa.com\/product\/liu-wei-di-huang-wan\/"},"modified":"2025-04-24T20:23:26","modified_gmt":"2025-04-24T19:23:26","slug":"liu-wei-di-huang-wan","status":"publish","type":"product","link":"https:\/\/shop.diolosa.com\/pl\/product\/liu-wei-di-huang-wan\/","title":{"rendered":"Liu Wei Di Huang Wan"},"content":{"rendered":"<p>Liu Wei Di Huang Wan to formu\u0142a tradycyjnej medycyny chi\u0144skiej, znana r\u00f3wnie\u017c jako &#8222;Rehmannia Pill with Six Ingredients&#8221;. Stosowana jest g\u0142\u00f3wnie w celu wzmocnienia yin nerek i w\u0105troby, wzmocnienia qi i zr\u00f3wnowa\u017cenia energii yin-yang w organizmie. Preparat ten jest cz\u0119sto zalecany osobom cierpi\u0105cym na objawy zwi\u0105zane z niedoborem yin, takie jak b\u00f3l plec\u00f3w, szum w uszach, problemy seksualne i uderzenia gor\u0105ca w okresie menopauzy.  <\/p>\n<p>&nbsp;<\/p>\n<p>&nbsp;<\/p>\n<p>&nbsp;<\/p>\n<p>&nbsp;<\/p>\n","protected":false},"excerpt":{"rendered":"<p>&nbsp;<\/p>\n<p>&nbsp;<\/p>\n<p>&nbsp;<\/p>\n<p>&nbsp;<\/p>\n<p>&nbsp;<\/p>\n","protected":false},"featured_media":3841022,"template":"","meta":{"_acf_changed":false},"product_brand":[],"product_cat":[12155],"product_tag":[12548],"class_list":{"0":"post-3841514","1":"product","2":"type-product","3":"status-publish","4":"has-post-thumbnail","6":"product_cat-wzory-wzorcowe","7":"product_tag-wychudzenie-yin","9":"first","10":"instock","11":"taxable","12":"shipping-taxable","13":"purchasable","14":"product-type-simple"},"acf":{"yn_product_audio":"https:\/\/shop.diolosa.com\/wp-content\/uploads\/2022\/10\/DL_liuweidihuangwan.m4a","yn_product_video":"https:\/\/shop.diolosa.com\/wp-content\/uploads\/2025\/03\/Liu-Wei-Di-Huang-Wan-.mp4","yn_product_akupunktur":"<p>Bladder\/Blase-23 \u814e\u4fde sh\u00e8n sh\u016b.<\/p>\n<p>Wzmocnienie\/tonowanie<b> &#8211; Bu Fa<span class=\"Apple-converted-space\"> <\/span><\/b> <\/p>\n<p>Nerki\/nerki-3 \u592a\u8c3f ta\u00ec x\u012b.<\/p>\n<p>Wzmocnienie\/tonowanie<b> &#8211; Bu Fa<span class=\"Apple-converted-space\"> <\/span><\/b> <\/p>\n<p>Nerki\/nerki-6 \u7167\u6d77 zh\u00e0o h\u01cei (yin qiao mai).<\/p>\n<p>Wzmocnienie\/tonowanie<b> &#8211; Bu Fa<span class=\"Apple-converted-space\"> <\/span><\/b> <\/p>\n<p>\u015aledziona\/spleen-6 \u4e09\u9670\u4ea4 s\u0101n y\u012bn ji\u0101o.<\/p>\n<p>Wzmocnienie\/tonowanie<b> &#8211; Bu Fa<span class=\"Apple-converted-space\"> <\/span><\/b> <\/p>\n<p>Bladder\/Blase-43 \u818f\u8093\u4fde &#8211; Guao Huang<\/p>\n<p>Wzmocnienie\/tonowanie<b> &#8211; Bu Fa<span class=\"Apple-converted-space\"> <\/span><\/b> <\/p>\n<p>\u017bo\u0142\u0105dek\/\u017co\u0142\u0105dek-36 \u8db3\u4e09\u91cc z\u00fa s\u0101n l\u01d0.<\/p>\n<p>Wzmocnienie\/tonowanie<b> &#8211; Bu Fa<span class=\"Apple-converted-space\"> <\/span><\/b> <\/p>\n<p>\u00a0<\/p>\n<p>\u00a0<\/p>\n","yn_product_verabreichungsart":"Peletki 200 szt.","yn_product_dosierung":"<p>Przyjmowa\u0107 3 x 3 do 6 tabletek dziennie, popijaj\u0105c wod\u0105.<\/p>\n<p>\u00a0<\/p>\n","yn_product_combinations":"<p><b>SAN BAO TEE <\/b>(niedob\u00f3r Yin w nerkach), <b>DEEP SLEEP FORTE <\/b>(bezsenno\u015b\u0107), <b>COOL MOON <\/b>(menopauza), <b>CLEARING THE HEAT <\/b>(niedob\u00f3r Yin z pustym ciep\u0142em), <b>NOURISHING THE ESSENCE <\/b>(niedob\u00f3r Yin i Jin Ye),<span class=\"Apple-converted-space\"> <\/span><b> REGENERATION <\/b>(niedob\u00f3r Qi i Yang prowadzi do niedoboru Yin).<\/p>\n<p>\u00a0<\/p>\n","yn_product_avoidable":"<p>Zimne pokarmy, surowe warzywa, kawa, czarna herbata, zielona herbata, pomidor, og\u00f3rek, bak\u0142a\u017can, kapusta peki\u0144ska, korze\u0144 selera, cukier, bardzo ostre pokarmy, takie jak jagni\u0119cina, owoce morza, alkohol, ostre przyprawy, ga\u0142ka muszkato\u0142owa, pieprz, chili.<\/p>\n<p>\u00a0<\/p>\n","yn_product_tcm_mindmapping":"<p>Niedob\u00f3r Qi \u015bledziony > Niedob\u00f3r Yin nerek lub wyczerpanie Yin<\/p>\n<p>\u00a0<\/p>\n","yn_product_tongue_body":"<p>Cienka, czerwona, w\u0105ska, sucha, pop\u0119kana w \u015brodku<\/p>\n<p>\u00a0<\/p>\n","yn_product_tongue_coating":"<p>Rzadkie, \u017c\u00f3\u0142tawe, suche<\/p>\n<p>\u00a0<\/p>\n","yn_product_pulse_diagnostics":"<p>Fu Mai &#8211; puls powierzchowny , Xi Mai &#8211; puls nitkowaty , Xian Mai &#8211; puls strunowy , Xu Mai &#8211; puls pusty , Shuo Mai &#8211; puls szybki<\/p>\n<p>\u00a0<\/p>\n","yn_product_indications":"<p>Wyczerpanie, p\u00f3\u017ane skutki chemioterapii i radioterapii, utrata masy cia\u0142a, niep\u0142odno\u015b\u0107, poronienie, apatia, depresja i wyczerpanie po stosunku, przewlek\u0142y b\u00f3l plec\u00f3w, dzwonienie w uszach, wyczerpanie po porodzie, utrata w\u0142os\u00f3w, brwi i rz\u0119s.<\/p>\n<p>\u00a0<\/p>\n","yn_product_contra_indications":"<p>Wilgo\u0107\/osad Zimno<\/p>\n<p>\u00a0<\/p>\n","yn_product_pregnancy":"<p>Dozwolone<\/p>\n<p>\u00a0<\/p>\n","yn_product_magisterrecipes":"<p>Sheng Di Huang \u5730\u9ec4 (Radix Rehmanniae) (32%)<\/p>\n<p>Shan Zhu Yu \u5c71\u8331\u8438 (Fructus Corni) (16%)<\/p>\n<p>Shan Yao \u5c71\u836f (Rhizoma Dioscoreae) (16%)<\/p>\n<p>Bai Fu Ling \u832f\u82d3 (Poria Alba) (12%)<\/p>\n<p>Mu Dan Pi \u7261\u4e39\u76ae (Cortex Moutan) (12%)<\/p>\n<p>Sheng Ze Xie \u6cfd\u6cfb (Rhizoma Alismatis) (12%)<\/p>\n<p>\u00a0<\/p>\n"},"yoast_head":"<!-- This site is optimized with the Yoast SEO plugin v24.9 - https:\/\/yoast.com\/wordpress\/plugins\/seo\/ -->\n<title>Liu Wei Di Huang Wan - Claude Diolosa<\/title>\n<meta name=\"robots\" content=\"index, follow, max-snippet:-1, max-image-preview:large, max-video-preview:-1\" \/>\n<link rel=\"canonical\" href=\"https:\/\/shop.diolosa.com\/pl\/product\/liu-wei-di-huang-wan\/\" \/>\n<meta property=\"og:locale\" content=\"pl_PL\" \/>\n<meta property=\"og:type\" content=\"article\" \/>\n<meta property=\"og:title\" content=\"Liu Wei Di Huang Wan - Claude Diolosa\" \/>\n<meta property=\"og:description\" content=\"&nbsp; &nbsp; &nbsp; &nbsp; &nbsp;\" \/>\n<meta property=\"og:url\" content=\"https:\/\/shop.diolosa.com\/pl\/product\/liu-wei-di-huang-wan\/\" \/>\n<meta property=\"og:site_name\" content=\"Claude Diolosa\" \/>\n<meta property=\"article:publisher\" content=\"https:\/\/facebook.com\/claudediolosa\" \/>\n<meta property=\"article:modified_time\" content=\"2025-04-24T19:23:26+00:00\" \/>\n<meta property=\"og:image\" content=\"https:\/\/shop.diolosa.com\/wp-content\/uploads\/2022\/08\/magisterformel.jpg\" \/>\n\t<meta property=\"og:image:width\" content=\"800\" \/>\n\t<meta property=\"og:image:height\" content=\"533\" \/>\n\t<meta property=\"og:image:type\" content=\"image\/jpeg\" \/>\n<meta name=\"twitter:card\" content=\"summary_large_image\" \/>\n<script type=\"application\/ld+json\" class=\"yoast-schema-graph\">{\"@context\":\"https:\/\/schema.org\",\"@graph\":[{\"@type\":\"WebPage\",\"@id\":\"https:\/\/shop.diolosa.com\/pl\/product\/liu-wei-di-huang-wan\/\",\"url\":\"https:\/\/shop.diolosa.com\/pl\/product\/liu-wei-di-huang-wan\/\",\"name\":\"Liu Wei Di Huang Wan - Claude Diolosa\",\"isPartOf\":{\"@id\":\"https:\/\/shop.diolosa.com\/pl\/#website\"},\"primaryImageOfPage\":{\"@id\":\"https:\/\/shop.diolosa.com\/pl\/product\/liu-wei-di-huang-wan\/#primaryimage\"},\"image\":{\"@id\":\"https:\/\/shop.diolosa.com\/pl\/product\/liu-wei-di-huang-wan\/#primaryimage\"},\"thumbnailUrl\":\"https:\/\/shop.diolosa.com\/wp-content\/uploads\/2022\/08\/magisterformel.jpg\",\"datePublished\":\"2025-03-10T05:59:35+00:00\",\"dateModified\":\"2025-04-24T19:23:26+00:00\",\"breadcrumb\":{\"@id\":\"https:\/\/shop.diolosa.com\/pl\/product\/liu-wei-di-huang-wan\/#breadcrumb\"},\"inLanguage\":\"pl-PL\",\"potentialAction\":[{\"@type\":\"ReadAction\",\"target\":[\"https:\/\/shop.diolosa.com\/pl\/product\/liu-wei-di-huang-wan\/\"]}]},{\"@type\":\"ImageObject\",\"inLanguage\":\"pl-PL\",\"@id\":\"https:\/\/shop.diolosa.com\/pl\/product\/liu-wei-di-huang-wan\/#primaryimage\",\"url\":\"https:\/\/shop.diolosa.com\/wp-content\/uploads\/2022\/08\/magisterformel.jpg\",\"contentUrl\":\"https:\/\/shop.diolosa.com\/wp-content\/uploads\/2022\/08\/magisterformel.jpg\",\"width\":800,\"height\":533},{\"@type\":\"BreadcrumbList\",\"@id\":\"https:\/\/shop.diolosa.com\/pl\/product\/liu-wei-di-huang-wan\/#breadcrumb\",\"itemListElement\":[{\"@type\":\"ListItem\",\"position\":1,\"name\":\"Startseite\",\"item\":\"https:\/\/shop.diolosa.com\/pl\/?page_id=3835710\"},{\"@type\":\"ListItem\",\"position\":2,\"name\":\"Sklep\",\"item\":\"https:\/\/shop.diolosa.com\/pl\/?page_id=3835710\"},{\"@type\":\"ListItem\",\"position\":3,\"name\":\"Liu Wei Di Huang Wan\"}]},{\"@type\":\"WebSite\",\"@id\":\"https:\/\/shop.diolosa.com\/pl\/#website\",\"url\":\"https:\/\/shop.diolosa.com\/pl\/\",\"name\":\"Claude Diolosa\",\"description\":\"\",\"publisher\":{\"@id\":\"https:\/\/shop.diolosa.com\/pl\/#organization\"},\"potentialAction\":[{\"@type\":\"SearchAction\",\"target\":{\"@type\":\"EntryPoint\",\"urlTemplate\":\"https:\/\/shop.diolosa.com\/pl\/?s={search_term_string}\"},\"query-input\":{\"@type\":\"PropertyValueSpecification\",\"valueRequired\":true,\"valueName\":\"search_term_string\"}}],\"inLanguage\":\"pl-PL\"},{\"@type\":\"Organization\",\"@id\":\"https:\/\/shop.diolosa.com\/pl\/#organization\",\"name\":\"Claude Diolosa\",\"url\":\"https:\/\/shop.diolosa.com\/pl\/\",\"logo\":{\"@type\":\"ImageObject\",\"inLanguage\":\"pl-PL\",\"@id\":\"https:\/\/shop.diolosa.com\/pl\/#\/schema\/logo\/image\/\",\"url\":\"https:\/\/shop.diolosa.com\/wp-content\/uploads\/2019\/08\/diolosa-drop-logo-new.png\",\"contentUrl\":\"https:\/\/shop.diolosa.com\/wp-content\/uploads\/2019\/08\/diolosa-drop-logo-new.png\",\"width\":134,\"height\":176,\"caption\":\"Claude Diolosa\"},\"image\":{\"@id\":\"https:\/\/shop.diolosa.com\/pl\/#\/schema\/logo\/image\/\"},\"sameAs\":[\"https:\/\/facebook.com\/claudediolosa\",\"https:\/\/www.instagram.com\/diolosaclaude108\/\"]}]}<\/script>\n<!-- \/ Yoast SEO plugin. -->","yoast_head_json":{"title":"Liu Wei Di Huang Wan - Claude Diolosa","robots":{"index":"index","follow":"follow","max-snippet":"max-snippet:-1","max-image-preview":"max-image-preview:large","max-video-preview":"max-video-preview:-1"},"canonical":"https:\/\/shop.diolosa.com\/pl\/product\/liu-wei-di-huang-wan\/","og_locale":"pl_PL","og_type":"article","og_title":"Liu Wei Di Huang Wan - Claude Diolosa","og_description":"&nbsp; &nbsp; &nbsp; &nbsp; &nbsp;","og_url":"https:\/\/shop.diolosa.com\/pl\/product\/liu-wei-di-huang-wan\/","og_site_name":"Claude Diolosa","article_publisher":"https:\/\/facebook.com\/claudediolosa","article_modified_time":"2025-04-24T19:23:26+00:00","og_image":[{"width":800,"height":533,"url":"https:\/\/shop.diolosa.com\/wp-content\/uploads\/2022\/08\/magisterformel.jpg","type":"image\/jpeg"}],"twitter_card":"summary_large_image","schema":{"@context":"https:\/\/schema.org","@graph":[{"@type":"WebPage","@id":"https:\/\/shop.diolosa.com\/pl\/product\/liu-wei-di-huang-wan\/","url":"https:\/\/shop.diolosa.com\/pl\/product\/liu-wei-di-huang-wan\/","name":"Liu Wei Di Huang Wan - Claude Diolosa","isPartOf":{"@id":"https:\/\/shop.diolosa.com\/pl\/#website"},"primaryImageOfPage":{"@id":"https:\/\/shop.diolosa.com\/pl\/product\/liu-wei-di-huang-wan\/#primaryimage"},"image":{"@id":"https:\/\/shop.diolosa.com\/pl\/product\/liu-wei-di-huang-wan\/#primaryimage"},"thumbnailUrl":"https:\/\/shop.diolosa.com\/wp-content\/uploads\/2022\/08\/magisterformel.jpg","datePublished":"2025-03-10T05:59:35+00:00","dateModified":"2025-04-24T19:23:26+00:00","breadcrumb":{"@id":"https:\/\/shop.diolosa.com\/pl\/product\/liu-wei-di-huang-wan\/#breadcrumb"},"inLanguage":"pl-PL","potentialAction":[{"@type":"ReadAction","target":["https:\/\/shop.diolosa.com\/pl\/product\/liu-wei-di-huang-wan\/"]}]},{"@type":"ImageObject","inLanguage":"pl-PL","@id":"https:\/\/shop.diolosa.com\/pl\/product\/liu-wei-di-huang-wan\/#primaryimage","url":"https:\/\/shop.diolosa.com\/wp-content\/uploads\/2022\/08\/magisterformel.jpg","contentUrl":"https:\/\/shop.diolosa.com\/wp-content\/uploads\/2022\/08\/magisterformel.jpg","width":800,"height":533},{"@type":"BreadcrumbList","@id":"https:\/\/shop.diolosa.com\/pl\/product\/liu-wei-di-huang-wan\/#breadcrumb","itemListElement":[{"@type":"ListItem","position":1,"name":"Startseite","item":"https:\/\/shop.diolosa.com\/pl\/?page_id=3835710"},{"@type":"ListItem","position":2,"name":"Sklep","item":"https:\/\/shop.diolosa.com\/pl\/?page_id=3835710"},{"@type":"ListItem","position":3,"name":"Liu Wei Di Huang Wan"}]},{"@type":"WebSite","@id":"https:\/\/shop.diolosa.com\/pl\/#website","url":"https:\/\/shop.diolosa.com\/pl\/","name":"Claude Diolosa","description":"","publisher":{"@id":"https:\/\/shop.diolosa.com\/pl\/#organization"},"potentialAction":[{"@type":"SearchAction","target":{"@type":"EntryPoint","urlTemplate":"https:\/\/shop.diolosa.com\/pl\/?s={search_term_string}"},"query-input":{"@type":"PropertyValueSpecification","valueRequired":true,"valueName":"search_term_string"}}],"inLanguage":"pl-PL"},{"@type":"Organization","@id":"https:\/\/shop.diolosa.com\/pl\/#organization","name":"Claude Diolosa","url":"https:\/\/shop.diolosa.com\/pl\/","logo":{"@type":"ImageObject","inLanguage":"pl-PL","@id":"https:\/\/shop.diolosa.com\/pl\/#\/schema\/logo\/image\/","url":"https:\/\/shop.diolosa.com\/wp-content\/uploads\/2019\/08\/diolosa-drop-logo-new.png","contentUrl":"https:\/\/shop.diolosa.com\/wp-content\/uploads\/2019\/08\/diolosa-drop-logo-new.png","width":134,"height":176,"caption":"Claude Diolosa"},"image":{"@id":"https:\/\/shop.diolosa.com\/pl\/#\/schema\/logo\/image\/"},"sameAs":["https:\/\/facebook.com\/claudediolosa","https:\/\/www.instagram.com\/diolosaclaude108\/"]}]}},"_links":{"self":[{"href":"https:\/\/shop.diolosa.com\/pl\/wp-json\/wp\/v2\/product\/3841514","targetHints":{"allow":["GET"]}}],"collection":[{"href":"https:\/\/shop.diolosa.com\/pl\/wp-json\/wp\/v2\/product"}],"about":[{"href":"https:\/\/shop.diolosa.com\/pl\/wp-json\/wp\/v2\/types\/product"}],"wp:featuredmedia":[{"embeddable":true,"href":"https:\/\/shop.diolosa.com\/pl\/wp-json\/wp\/v2\/media\/3841022"}],"wp:attachment":[{"href":"https:\/\/shop.diolosa.com\/pl\/wp-json\/wp\/v2\/media?parent=3841514"}],"wp:term":[{"taxonomy":"product_brand","embeddable":true,"href":"https:\/\/shop.diolosa.com\/pl\/wp-json\/wp\/v2\/product_brand?post=3841514"},{"taxonomy":"product_cat","embeddable":true,"href":"https:\/\/shop.diolosa.com\/pl\/wp-json\/wp\/v2\/product_cat?post=3841514"},{"taxonomy":"product_tag","embeddable":true,"href":"https:\/\/shop.diolosa.com\/pl\/wp-json\/wp\/v2\/product_tag?post=3841514"}],"curies":[{"name":"wp","href":"https:\/\/api.w.org\/{rel}","templated":true}]}}