{"id":3841525,"date":"2022-08-31T07:03:30","date_gmt":"2025-03-10T05:59:39","guid":{"rendered":"https:\/\/shop.diolosa.com\/product\/he-chen-tang\/"},"modified":"2025-04-24T20:23:21","modified_gmt":"2025-04-24T19:23:21","slug":"he-chen-tang","status":"publish","type":"product","link":"https:\/\/shop.diolosa.com\/pl\/product\/he-chen-tang\/","title":{"rendered":"He Chen Tang"},"content":{"rendered":"<p><strong>ER CHEN TANG &#8222;wywar poddany podw\u00f3jnej obr\u00f3bce&#8221;<\/strong><\/p>\n<p><strong>Usuwa wilgo\u0107 i rozpuszcza flegm\u0119, reguluje Qi i harmonizuje centralny ogrzewacz.<\/strong><\/p>\n<p>&nbsp;<\/p>\n<p>&nbsp;<\/p>\n<p>Granulki zio\u0142owe wed\u0142ug tradycyjnej medycyny chi\u0144skiej<\/p>\n<p>Suplementy diety<\/p>\n<p>Producent: Apteka Boznerplatz<\/p>\n<p>W 100% sprawdzone sk\u0142adniki wysokiej jako\u015bci<\/p>\n<p>&nbsp;<\/p>\n<p><iframe class=\"ginger-extension-definitionpopup\" style=\"display: none;\"><\/iframe><\/p>\n<p>&nbsp;<\/p>\n<p>&nbsp;<\/p>\n<p>&nbsp;<\/p>\n<p>&nbsp;<\/p>\n<p>&nbsp;<\/p>\n<p>&nbsp;<\/p>\n<p>&nbsp;<\/p>\n","protected":false},"excerpt":{"rendered":"<p>&nbsp;<\/p>\n<p>&nbsp;<\/p>\n<p>&nbsp;<\/p>\n<p>&nbsp;<\/p>\n<p>&nbsp;<\/p>\n<p>&nbsp;<\/p>\n<p>&nbsp;<\/p>\n<p>&nbsp;<\/p>\n<p>&nbsp;<\/p>\n<p>&nbsp;<\/p>\n","protected":false},"featured_media":3841022,"template":"","meta":{"_acf_changed":false},"product_brand":[],"product_cat":[12155],"product_tag":[12502,12173,12561,12278],"class_list":{"0":"post-3841525","1":"product","2":"type-product","3":"status-publish","4":"has-post-thumbnail","6":"product_cat-wzory-wzorcowe","7":"product_tag-wilgoc-osad-zimno","8":"product_tag-wymioty","9":"product_tag-wyrzut","10":"product_tag-zimny-szlam","12":"first","13":"instock","14":"taxable","15":"shipping-taxable","16":"purchasable","17":"product-type-simple"},"acf":{"yn_product_audio":"https:\/\/shop.diolosa.com\/wp-content\/uploads\/2022\/10\/DL_ErChenTang.m4a","yn_product_video":"https:\/\/shop.diolosa.com\/wp-content\/uploads\/2025\/04\/Er-Chen-Tang.mp4","yn_product_verabreichungsart":"Peletki 200 szt.","yn_product_dosierung":"<p>Przyjmowa\u0107 3 x 3 do 6 tabletek dziennie, popijaj\u0105c wod\u0105 lub herbat\u0105 imbirow\u0105.<\/p>\n<p>\u00a0<\/p>\n<p>\u00a0<\/p>\n","yn_product_combinations":"<p><strong>SNOW LION TABLETS<\/strong> (przezi\u0119bienie flegmy w p\u0142ucach), <strong>GREAT GATEWAY<\/strong> (przezi\u0119bienie wilgoci Yang Ming).<strong>SZYBKI RUCH BRZUCHA<\/strong> (zast\u00f3j pokarmu) &#8211; <strong>SIRUP<\/strong> ZIMNEGO TYGRYSA (zast\u00f3j pokarmu), Syrop Zimnego Tygrysa <\/p>\n<p>\u00a0<\/p>\n","yn_product_avoidable":"<p>Wszystkie pokarmy, kt\u00f3re wytwarzaj\u0105 wewn\u0119trzn\u0105 zimn\u0105 wilgo\u0107, s\u0105 zabronione podczas terapii. Konieczne jest spo\u017cywanie ciep\u0142ych napoj\u00f3w i jedzenia, kt\u00f3re zosta\u0142o ugotowane lub przygotowane z aromatycznymi przyprawami. Nie nale\u017cy r\u00f3wnie\u017c pi\u0107 podczas jedzenia, ale przed lub po posi\u0142kach i zawsze ciep\u0142e napoje.  <\/p>\n<p>Sa\u0142ata li\u015bciasta, endywia, cykoria, karczochy, kie\u0142ki fasoli, tofu, mleko sojowe, mleko ry\u017cowe, zielona herbata, czarna herbata, kawa, cappuccino, latte, cukier, produkty mleczne, mleko krowie, serek \u015bmietankowy, jogurt, owoce egzotyczne, Banan, mango, gruszka, jab\u0142ko, kompot owocowy, ciasto, herbatniki, czekolada, napoje z cukrem, Fanta, Coca Cola, \u017cywno\u015b\u0107 energetyzuj\u0105ca, napoje zimne i mro\u017cone, lody, \u017cywno\u015b\u0107 mro\u017cona, kuchenka mikrofalowa.<\/p>\n<p>\u00a0<\/p>\n","yn_product_tcm_mindmapping":"<p>Niedob\u00f3r Qi \u015bledziony > Niedob\u00f3r Qi p\u0142uc > Ch\u0142\u00f3d flegmy w p\u0142ucach > Yang Ming &#8211; Wilgotno\u015b\u0107\/ch\u0142\u00f3d flegmy w \u017co\u0142\u0105dku i jelicie grubym<\/p>\n<p>\u00a0<\/p>\n","yn_product_tongue_body":"<p>Okr\u0105g\u0142y, Blady, Mi\u0119kki, Wilgotny<\/p>\n<p>\u00a0<\/p>\n<p>\u00a0<\/p>\n","yn_product_tongue_coating":"<p>Bia\u0142y, lepki, wilgotny<\/p>\n<p>\u00a0<\/p>\n","yn_product_pulse_diagnostics":"<p>Huan Mai &#8211; puls spokojny, Ru Mai &#8211; puls mi\u0119kki, Da Mai &#8211; puls szeroki, Shi Mai &#8211; puls pe\u0142ny > Ciep\u0142o wilgotne > Hua Mai &#8211; puls \u015blizgowo-roluj\u0105cy<\/p>\n<p>\u00a0<\/p>\n","yn_product_indications":"<p><strong>Kaszel z obfit\u0105, rozcie\u0144czon\u0105, bia\u0142\u0105, pienist\u0105 lub grudkowat\u0105 plwocin\u0105<\/strong><br \/>\nUczucie pe\u0142no\u015bci w klatce piersiowej i nadbrzuszu<br \/>\nKo\u0142atanie serca, b\u00f3l g\u0142owy<br \/>\nB\u00f3l i uczucie pe\u0142no\u015bci w klatce piersiowej<br \/>\nDuszno\u015b\u0107 &#8211; gorsza w pozycji le\u017c\u0105cej<br \/>\nAstma, Grzechotanie w gardle<br \/>\nBy\u0107 mo\u017ce utrata apetytu, zm\u0119czenie<br \/>\nNudno\u015bci\/wymioty, zawroty g\u0142owy<br \/>\nDuszno\u015b\u0107, \u015bwiszcz\u0105cy oddech<br \/>\nOstry atak dyszenia z wysokimi d\u017awi\u0119kami i szybkim wydechem, obrz\u0119k twarzy<br \/>\nS\u0142abe ko\u0144czyny<\/p>\n<p>\u00a0<\/p>\n<p>\u00a0<\/p>\n","yn_product_contra_indications":"<p>Niedob\u00f3r Lung Yin, puste ciep\u0142o, sucho\u015b\u0107, suche zaparcia.<\/p>\n<p>\u00a0<\/p>\n","yn_product_pregnancy":"<p>Niedozwolone<\/p>\n<p>\u00a0<\/p>\n","yn_product_magisterrecipes":"<p>Fa Ban Xia \u6cd5\u534a\u590f (Rhizoma Pinelliae Praep) (35%)<\/p>\n<p>Ju Hong \u6a58\u7ea2 (Citri Reticulatae Exocarpium Rubrum) (35%)<\/p>\n<p>Bai Fu Ling \u832f\u82d3 (Poria Alba) (20%)<\/p>\n<p>Zhi Gan Cao \u7518\u8349 (Radix Glycyrrhizae cum Liquido Fricta) (10%)<\/p>\n<p>\u00a0<\/p>\n"},"yoast_head":"<!-- This site is optimized with the Yoast SEO plugin v24.9 - https:\/\/yoast.com\/wordpress\/plugins\/seo\/ -->\n<title>He Chen Tang - Claude Diolosa<\/title>\n<meta name=\"robots\" content=\"index, follow, max-snippet:-1, max-image-preview:large, max-video-preview:-1\" \/>\n<link rel=\"canonical\" href=\"https:\/\/shop.diolosa.com\/pl\/product\/he-chen-tang\/\" \/>\n<meta property=\"og:locale\" content=\"pl_PL\" \/>\n<meta property=\"og:type\" content=\"article\" \/>\n<meta property=\"og:title\" content=\"He Chen Tang - Claude Diolosa\" \/>\n<meta property=\"og:description\" content=\"&nbsp; &nbsp; &nbsp; &nbsp; &nbsp; &nbsp; &nbsp; &nbsp; &nbsp; &nbsp;\" \/>\n<meta property=\"og:url\" content=\"https:\/\/shop.diolosa.com\/pl\/product\/he-chen-tang\/\" \/>\n<meta property=\"og:site_name\" content=\"Claude Diolosa\" \/>\n<meta property=\"article:publisher\" content=\"https:\/\/facebook.com\/claudediolosa\" \/>\n<meta property=\"article:modified_time\" content=\"2025-04-24T19:23:21+00:00\" \/>\n<meta property=\"og:image\" content=\"https:\/\/shop.diolosa.com\/wp-content\/uploads\/2022\/08\/magisterformel.jpg\" \/>\n\t<meta property=\"og:image:width\" content=\"800\" \/>\n\t<meta property=\"og:image:height\" content=\"533\" \/>\n\t<meta property=\"og:image:type\" content=\"image\/jpeg\" \/>\n<meta name=\"twitter:card\" content=\"summary_large_image\" \/>\n<script type=\"application\/ld+json\" class=\"yoast-schema-graph\">{\"@context\":\"https:\/\/schema.org\",\"@graph\":[{\"@type\":\"WebPage\",\"@id\":\"https:\/\/shop.diolosa.com\/pl\/product\/he-chen-tang\/\",\"url\":\"https:\/\/shop.diolosa.com\/pl\/product\/he-chen-tang\/\",\"name\":\"He Chen Tang - Claude Diolosa\",\"isPartOf\":{\"@id\":\"https:\/\/shop.diolosa.com\/pl\/#website\"},\"primaryImageOfPage\":{\"@id\":\"https:\/\/shop.diolosa.com\/pl\/product\/he-chen-tang\/#primaryimage\"},\"image\":{\"@id\":\"https:\/\/shop.diolosa.com\/pl\/product\/he-chen-tang\/#primaryimage\"},\"thumbnailUrl\":\"https:\/\/shop.diolosa.com\/wp-content\/uploads\/2022\/08\/magisterformel.jpg\",\"datePublished\":\"2025-03-10T05:59:39+00:00\",\"dateModified\":\"2025-04-24T19:23:21+00:00\",\"breadcrumb\":{\"@id\":\"https:\/\/shop.diolosa.com\/pl\/product\/he-chen-tang\/#breadcrumb\"},\"inLanguage\":\"pl-PL\",\"potentialAction\":[{\"@type\":\"ReadAction\",\"target\":[\"https:\/\/shop.diolosa.com\/pl\/product\/he-chen-tang\/\"]}]},{\"@type\":\"ImageObject\",\"inLanguage\":\"pl-PL\",\"@id\":\"https:\/\/shop.diolosa.com\/pl\/product\/he-chen-tang\/#primaryimage\",\"url\":\"https:\/\/shop.diolosa.com\/wp-content\/uploads\/2022\/08\/magisterformel.jpg\",\"contentUrl\":\"https:\/\/shop.diolosa.com\/wp-content\/uploads\/2022\/08\/magisterformel.jpg\",\"width\":800,\"height\":533},{\"@type\":\"BreadcrumbList\",\"@id\":\"https:\/\/shop.diolosa.com\/pl\/product\/he-chen-tang\/#breadcrumb\",\"itemListElement\":[{\"@type\":\"ListItem\",\"position\":1,\"name\":\"Startseite\",\"item\":\"https:\/\/shop.diolosa.com\/pl\/?page_id=3835710\"},{\"@type\":\"ListItem\",\"position\":2,\"name\":\"Sklep\",\"item\":\"https:\/\/shop.diolosa.com\/pl\/?page_id=3835710\"},{\"@type\":\"ListItem\",\"position\":3,\"name\":\"He Chen Tang\"}]},{\"@type\":\"WebSite\",\"@id\":\"https:\/\/shop.diolosa.com\/pl\/#website\",\"url\":\"https:\/\/shop.diolosa.com\/pl\/\",\"name\":\"Claude Diolosa\",\"description\":\"\",\"publisher\":{\"@id\":\"https:\/\/shop.diolosa.com\/pl\/#organization\"},\"potentialAction\":[{\"@type\":\"SearchAction\",\"target\":{\"@type\":\"EntryPoint\",\"urlTemplate\":\"https:\/\/shop.diolosa.com\/pl\/?s={search_term_string}\"},\"query-input\":{\"@type\":\"PropertyValueSpecification\",\"valueRequired\":true,\"valueName\":\"search_term_string\"}}],\"inLanguage\":\"pl-PL\"},{\"@type\":\"Organization\",\"@id\":\"https:\/\/shop.diolosa.com\/pl\/#organization\",\"name\":\"Claude Diolosa\",\"url\":\"https:\/\/shop.diolosa.com\/pl\/\",\"logo\":{\"@type\":\"ImageObject\",\"inLanguage\":\"pl-PL\",\"@id\":\"https:\/\/shop.diolosa.com\/pl\/#\/schema\/logo\/image\/\",\"url\":\"https:\/\/shop.diolosa.com\/wp-content\/uploads\/2019\/08\/diolosa-drop-logo-new.png\",\"contentUrl\":\"https:\/\/shop.diolosa.com\/wp-content\/uploads\/2019\/08\/diolosa-drop-logo-new.png\",\"width\":134,\"height\":176,\"caption\":\"Claude Diolosa\"},\"image\":{\"@id\":\"https:\/\/shop.diolosa.com\/pl\/#\/schema\/logo\/image\/\"},\"sameAs\":[\"https:\/\/facebook.com\/claudediolosa\",\"https:\/\/www.instagram.com\/diolosaclaude108\/\"]}]}<\/script>\n<!-- \/ Yoast SEO plugin. -->","yoast_head_json":{"title":"He Chen Tang - Claude Diolosa","robots":{"index":"index","follow":"follow","max-snippet":"max-snippet:-1","max-image-preview":"max-image-preview:large","max-video-preview":"max-video-preview:-1"},"canonical":"https:\/\/shop.diolosa.com\/pl\/product\/he-chen-tang\/","og_locale":"pl_PL","og_type":"article","og_title":"He Chen Tang - Claude Diolosa","og_description":"&nbsp; &nbsp; &nbsp; &nbsp; &nbsp; &nbsp; &nbsp; &nbsp; &nbsp; &nbsp;","og_url":"https:\/\/shop.diolosa.com\/pl\/product\/he-chen-tang\/","og_site_name":"Claude Diolosa","article_publisher":"https:\/\/facebook.com\/claudediolosa","article_modified_time":"2025-04-24T19:23:21+00:00","og_image":[{"width":800,"height":533,"url":"https:\/\/shop.diolosa.com\/wp-content\/uploads\/2022\/08\/magisterformel.jpg","type":"image\/jpeg"}],"twitter_card":"summary_large_image","schema":{"@context":"https:\/\/schema.org","@graph":[{"@type":"WebPage","@id":"https:\/\/shop.diolosa.com\/pl\/product\/he-chen-tang\/","url":"https:\/\/shop.diolosa.com\/pl\/product\/he-chen-tang\/","name":"He Chen Tang - Claude Diolosa","isPartOf":{"@id":"https:\/\/shop.diolosa.com\/pl\/#website"},"primaryImageOfPage":{"@id":"https:\/\/shop.diolosa.com\/pl\/product\/he-chen-tang\/#primaryimage"},"image":{"@id":"https:\/\/shop.diolosa.com\/pl\/product\/he-chen-tang\/#primaryimage"},"thumbnailUrl":"https:\/\/shop.diolosa.com\/wp-content\/uploads\/2022\/08\/magisterformel.jpg","datePublished":"2025-03-10T05:59:39+00:00","dateModified":"2025-04-24T19:23:21+00:00","breadcrumb":{"@id":"https:\/\/shop.diolosa.com\/pl\/product\/he-chen-tang\/#breadcrumb"},"inLanguage":"pl-PL","potentialAction":[{"@type":"ReadAction","target":["https:\/\/shop.diolosa.com\/pl\/product\/he-chen-tang\/"]}]},{"@type":"ImageObject","inLanguage":"pl-PL","@id":"https:\/\/shop.diolosa.com\/pl\/product\/he-chen-tang\/#primaryimage","url":"https:\/\/shop.diolosa.com\/wp-content\/uploads\/2022\/08\/magisterformel.jpg","contentUrl":"https:\/\/shop.diolosa.com\/wp-content\/uploads\/2022\/08\/magisterformel.jpg","width":800,"height":533},{"@type":"BreadcrumbList","@id":"https:\/\/shop.diolosa.com\/pl\/product\/he-chen-tang\/#breadcrumb","itemListElement":[{"@type":"ListItem","position":1,"name":"Startseite","item":"https:\/\/shop.diolosa.com\/pl\/?page_id=3835710"},{"@type":"ListItem","position":2,"name":"Sklep","item":"https:\/\/shop.diolosa.com\/pl\/?page_id=3835710"},{"@type":"ListItem","position":3,"name":"He Chen Tang"}]},{"@type":"WebSite","@id":"https:\/\/shop.diolosa.com\/pl\/#website","url":"https:\/\/shop.diolosa.com\/pl\/","name":"Claude Diolosa","description":"","publisher":{"@id":"https:\/\/shop.diolosa.com\/pl\/#organization"},"potentialAction":[{"@type":"SearchAction","target":{"@type":"EntryPoint","urlTemplate":"https:\/\/shop.diolosa.com\/pl\/?s={search_term_string}"},"query-input":{"@type":"PropertyValueSpecification","valueRequired":true,"valueName":"search_term_string"}}],"inLanguage":"pl-PL"},{"@type":"Organization","@id":"https:\/\/shop.diolosa.com\/pl\/#organization","name":"Claude Diolosa","url":"https:\/\/shop.diolosa.com\/pl\/","logo":{"@type":"ImageObject","inLanguage":"pl-PL","@id":"https:\/\/shop.diolosa.com\/pl\/#\/schema\/logo\/image\/","url":"https:\/\/shop.diolosa.com\/wp-content\/uploads\/2019\/08\/diolosa-drop-logo-new.png","contentUrl":"https:\/\/shop.diolosa.com\/wp-content\/uploads\/2019\/08\/diolosa-drop-logo-new.png","width":134,"height":176,"caption":"Claude Diolosa"},"image":{"@id":"https:\/\/shop.diolosa.com\/pl\/#\/schema\/logo\/image\/"},"sameAs":["https:\/\/facebook.com\/claudediolosa","https:\/\/www.instagram.com\/diolosaclaude108\/"]}]}},"_links":{"self":[{"href":"https:\/\/shop.diolosa.com\/pl\/wp-json\/wp\/v2\/product\/3841525","targetHints":{"allow":["GET"]}}],"collection":[{"href":"https:\/\/shop.diolosa.com\/pl\/wp-json\/wp\/v2\/product"}],"about":[{"href":"https:\/\/shop.diolosa.com\/pl\/wp-json\/wp\/v2\/types\/product"}],"wp:featuredmedia":[{"embeddable":true,"href":"https:\/\/shop.diolosa.com\/pl\/wp-json\/wp\/v2\/media\/3841022"}],"wp:attachment":[{"href":"https:\/\/shop.diolosa.com\/pl\/wp-json\/wp\/v2\/media?parent=3841525"}],"wp:term":[{"taxonomy":"product_brand","embeddable":true,"href":"https:\/\/shop.diolosa.com\/pl\/wp-json\/wp\/v2\/product_brand?post=3841525"},{"taxonomy":"product_cat","embeddable":true,"href":"https:\/\/shop.diolosa.com\/pl\/wp-json\/wp\/v2\/product_cat?post=3841525"},{"taxonomy":"product_tag","embeddable":true,"href":"https:\/\/shop.diolosa.com\/pl\/wp-json\/wp\/v2\/product_tag?post=3841525"}],"curies":[{"name":"wp","href":"https:\/\/api.w.org\/{rel}","templated":true}]}}