{"id":3841526,"date":"2022-08-31T07:07:12","date_gmt":"2025-03-10T05:59:39","guid":{"rendered":"https:\/\/shop.diolosa.com\/product\/gui-pi-tang\/"},"modified":"2025-05-22T14:59:36","modified_gmt":"2025-05-22T13:59:36","slug":"gui-pi-tang","status":"publish","type":"product","link":"https:\/\/shop.diolosa.com\/pl\/product\/gui-pi-tang\/","title":{"rendered":"Gui Pi Tang"},"content":{"rendered":"<p><strong>GUI PI TANG &#8222;Wywar przywracaj\u0105cy \u015bledzion\u0119&#8221;<\/strong><\/p>\n<p><strong>Tonizuje qi \u015bledziony i krew serca  <\/strong><\/p>\n<p>&nbsp;<\/p>\n<p>&nbsp;<\/p>\n<p>Granulki zio\u0142owe wed\u0142ug tradycyjnej medycyny chi\u0144skiej<\/p>\n<p>Suplementy diety<\/p>\n<p>Producent: Apteka Boznerplatz<\/p>\n<p>W 100% sprawdzone sk\u0142adniki wysokiej jako\u015bci<\/p>\n<p>&nbsp;<\/p>\n<p>&nbsp;<\/p>\n<p>&nbsp;<\/p>\n<p>&nbsp;<\/p>\n<p>&nbsp;<\/p>\n","protected":false},"excerpt":{"rendered":"<p>&nbsp;<\/p>\n<p>&nbsp;<\/p>\n<p>&nbsp;<\/p>\n<p>&nbsp;<\/p>\n<p>&nbsp;<\/p>\n<p>&nbsp;<\/p>\n","protected":false},"featured_media":3841022,"template":"","meta":{"_acf_changed":false},"product_brand":[],"product_cat":[12155],"product_tag":[12563,12527,12562],"class_list":{"0":"post-3841526","1":"product","2":"type-product","3":"status-publish","4":"has-post-thumbnail","6":"product_cat-wzory-wzorcowe","7":"product_tag-niedokrwistosc","8":"product_tag-trudnosci-z-przespaniem-calej-nocy","9":"product_tag-zapomnienie","11":"first","12":"instock","13":"taxable","14":"shipping-taxable","15":"purchasable","16":"product-type-simple"},"acf":{"yn_product_audio":"https:\/\/shop.diolosa.com\/wp-content\/uploads\/2022\/10\/DL_guiPitang.m4a","yn_product_video":"https:\/\/shop.diolosa.com\/wp-content\/uploads\/2025\/04\/Gui-Pi-Tang-.mp4","yn_product_akupunktur":"<p>Bladder\/Blase-20 \u813e\u4fde p\u00ed sh\u016b. Bu Fa <\/p>\n<p>\u015aledziona\/spleen-3 \u592a\u767d ta\u00ec b\u00e1i. Bu Fa <\/p>\n<p>Spleen\/spleen-2 \u5927\u90fd d\u00e0 d\u016b. Bu Fa <\/p>\n<p>\u017bo\u0142\u0105dek\/\u017co\u0142\u0105dek-40 \u8c50\u9686 f\u0113ng l\u00f3ng.Bu Fa<\/p>\n<p>Serce\/Heart-7 \u795e\u9580 sh\u00e9n m\u00e9n.Bu Fen<\/p>\n<p>P\u0142uca\/Lunge-9 \u592a\u6df5 t\u00e0i yu\u0101n. Bu Fa <\/p>\n<p>EX-HN3 &#8211; \u5370\u5802 Yin Tang &#8211; Bu Fa<\/p>\n<p>\u00a0<\/p>\n","yn_product_verabreichungsart":"Peletki 200 szt.","yn_product_dosierung":"<p>Przyjmowa\u0107 3 x 3 do 6 tabletek dziennie, popijaj\u0105c wod\u0105.<\/p>\n<p>\u00a0<\/p>\n","yn_product_combinations":"<p><strong>IRON DROP<\/strong> (niedob\u00f3r krwi), <strong>LIFE ENERGY<\/strong>(niedob\u00f3r Qi \u015bledziony),<strong> SEA OF QI<\/strong> (obni\u017cenie Qi), <strong>DEEP SLEEP FORTE<\/strong> (bezsenno\u015b\u0107), <strong>REGENERATION<\/strong> (stan wyczerpania)<\/p>\n<p>\u00a0<\/p>\n<p>\u00a0<\/p>\n","yn_product_avoidable":"<p>Kawa, czarna herbata, cukier, produkt mleczny<\/p>\n<p>\u00a0<\/p>\n","yn_product_tcm_mindmapping":"<p>Niedob\u00f3r Qi \u015bledziony  >  Niedob\u00f3r Qi serca  >  Wilgotno\u015b\u0107 \u017co\u0142\u0105dka\/\u015bluz  >  LUO MAI  >  atakuje serce  >  Niedob\u00f3r krwi w sercu  >  Wiatr w serce<\/p>\n<p>\u00a0<\/p>\n","yn_product_tongue_body":"<p>Blada, kr\u00f3tka, mi\u0119kka i okr\u0105g\u0142a<\/p>\n<p>\u00a0<\/p>\n","yn_product_tongue_coating":"<p>Biel i wilgo\u0107<\/p>\n<p>\u00a0<\/p>\n","yn_product_pulse_diagnostics":"<p>Pozycja serca: Xi Mai &#8211; puls nitkowaty, Xu Mai &#8211; puls pusty, Shuo Mai &#8211; puls szybki<\/p>\n<p>Pozycja \u015bledziony: Chen Mai &#8211; puls g\u0142\u0119boki, Duan Mai &#8211; puls kr\u00f3tki, Xu Mai &#8211; puls pusty<\/p>\n<p>\u00a0<\/p>\n","yn_product_indications":"<p>Trudno\u015bci ze snem w nocy, zm\u0119czenie po jedzeniu, zapominanie, anemia<\/p>\n<p>\u00a0<\/p>\n","yn_product_contra_indications":"<p>Wilgo\u0107\/osad Zimno<\/p>\n<p>\u00a0<\/p>\n","yn_product_pregnancy":"<p>Dozwolone<\/p>\n<p>\u00a0<\/p>\n","yn_product_herbs":"<p>\u00a0<\/p>\n<p>\u00a0<\/p>\n<p>\u00a0<\/p>\n","yn_product_magisterrecipes":"<p>Huang Qi \u9ec4\u82aa (Radix Astragali) (13,3%)<\/p>\n<p>Ren Shen \u4eba\u53c2 (Radix Ginseng) (6,7%)<\/p>\n<p>Bai Zhu \u767d\u672f (Rhizoma Atractylodis Macrocephalae) (13.3%)<\/p>\n<p>Bai Fu Ling \u832f\u82d3 (Poria Alba) (13,3%)<\/p>\n<p>Chao Suan Zao Ren \u9178\u67a3\u4ec1 (Semen Ziziphi Spinosae Praep) (13,3%)<\/p>\n<p>Long Yan Rou \u9f99\u773c\u8089 (Arillus Longan) (10%)<\/p>\n<p>Mu Xiang \u6728\u9999 (Radix Aucklandiae) (6,7%)<\/p>\n<p>Zhi Gan Cao \u7518\u8349 (Radix Glycyrrhizae cum Liquido Fricta) (6,7%)<\/p>\n<p>Yuan Zhi \u8fdc\u5fd7 (Radix Polygalae) (6,7%)<\/p>\n<p>Dang Gui \u5f53\u5f52 (Radix Angelicae Sinensis) (10%);<\/p>\n<p>\u00a0<\/p>\n"},"yoast_head":"<!-- This site is optimized with the Yoast SEO plugin v24.9 - https:\/\/yoast.com\/wordpress\/plugins\/seo\/ -->\n<title>Gui Pi Tang - Claude Diolosa<\/title>\n<meta name=\"robots\" content=\"index, follow, max-snippet:-1, max-image-preview:large, max-video-preview:-1\" \/>\n<link rel=\"canonical\" href=\"https:\/\/shop.diolosa.com\/pl\/product\/gui-pi-tang\/\" \/>\n<meta property=\"og:locale\" content=\"pl_PL\" \/>\n<meta property=\"og:type\" content=\"article\" \/>\n<meta property=\"og:title\" content=\"Gui Pi Tang - Claude Diolosa\" \/>\n<meta property=\"og:description\" content=\"&nbsp; &nbsp; &nbsp; &nbsp; &nbsp; &nbsp;\" \/>\n<meta property=\"og:url\" content=\"https:\/\/shop.diolosa.com\/pl\/product\/gui-pi-tang\/\" \/>\n<meta property=\"og:site_name\" content=\"Claude Diolosa\" \/>\n<meta property=\"article:publisher\" content=\"https:\/\/facebook.com\/claudediolosa\" \/>\n<meta property=\"article:modified_time\" content=\"2025-05-22T13:59:36+00:00\" \/>\n<meta property=\"og:image\" content=\"https:\/\/shop.diolosa.com\/wp-content\/uploads\/2022\/08\/magisterformel.jpg\" \/>\n\t<meta property=\"og:image:width\" content=\"800\" \/>\n\t<meta property=\"og:image:height\" content=\"533\" \/>\n\t<meta property=\"og:image:type\" content=\"image\/jpeg\" \/>\n<meta name=\"twitter:card\" content=\"summary_large_image\" \/>\n<script type=\"application\/ld+json\" class=\"yoast-schema-graph\">{\"@context\":\"https:\/\/schema.org\",\"@graph\":[{\"@type\":\"WebPage\",\"@id\":\"https:\/\/shop.diolosa.com\/pl\/product\/gui-pi-tang\/\",\"url\":\"https:\/\/shop.diolosa.com\/pl\/product\/gui-pi-tang\/\",\"name\":\"Gui Pi Tang - Claude Diolosa\",\"isPartOf\":{\"@id\":\"https:\/\/shop.diolosa.com\/pl\/#website\"},\"primaryImageOfPage\":{\"@id\":\"https:\/\/shop.diolosa.com\/pl\/product\/gui-pi-tang\/#primaryimage\"},\"image\":{\"@id\":\"https:\/\/shop.diolosa.com\/pl\/product\/gui-pi-tang\/#primaryimage\"},\"thumbnailUrl\":\"https:\/\/shop.diolosa.com\/wp-content\/uploads\/2022\/08\/magisterformel.jpg\",\"datePublished\":\"2025-03-10T05:59:39+00:00\",\"dateModified\":\"2025-05-22T13:59:36+00:00\",\"breadcrumb\":{\"@id\":\"https:\/\/shop.diolosa.com\/pl\/product\/gui-pi-tang\/#breadcrumb\"},\"inLanguage\":\"pl-PL\",\"potentialAction\":[{\"@type\":\"ReadAction\",\"target\":[\"https:\/\/shop.diolosa.com\/pl\/product\/gui-pi-tang\/\"]}]},{\"@type\":\"ImageObject\",\"inLanguage\":\"pl-PL\",\"@id\":\"https:\/\/shop.diolosa.com\/pl\/product\/gui-pi-tang\/#primaryimage\",\"url\":\"https:\/\/shop.diolosa.com\/wp-content\/uploads\/2022\/08\/magisterformel.jpg\",\"contentUrl\":\"https:\/\/shop.diolosa.com\/wp-content\/uploads\/2022\/08\/magisterformel.jpg\",\"width\":800,\"height\":533},{\"@type\":\"BreadcrumbList\",\"@id\":\"https:\/\/shop.diolosa.com\/pl\/product\/gui-pi-tang\/#breadcrumb\",\"itemListElement\":[{\"@type\":\"ListItem\",\"position\":1,\"name\":\"Startseite\",\"item\":\"https:\/\/shop.diolosa.com\/pl\/?page_id=3835710\"},{\"@type\":\"ListItem\",\"position\":2,\"name\":\"Sklep\",\"item\":\"https:\/\/shop.diolosa.com\/pl\/?page_id=3835710\"},{\"@type\":\"ListItem\",\"position\":3,\"name\":\"Gui Pi Tang\"}]},{\"@type\":\"WebSite\",\"@id\":\"https:\/\/shop.diolosa.com\/pl\/#website\",\"url\":\"https:\/\/shop.diolosa.com\/pl\/\",\"name\":\"Claude Diolosa\",\"description\":\"\",\"publisher\":{\"@id\":\"https:\/\/shop.diolosa.com\/pl\/#organization\"},\"potentialAction\":[{\"@type\":\"SearchAction\",\"target\":{\"@type\":\"EntryPoint\",\"urlTemplate\":\"https:\/\/shop.diolosa.com\/pl\/?s={search_term_string}\"},\"query-input\":{\"@type\":\"PropertyValueSpecification\",\"valueRequired\":true,\"valueName\":\"search_term_string\"}}],\"inLanguage\":\"pl-PL\"},{\"@type\":\"Organization\",\"@id\":\"https:\/\/shop.diolosa.com\/pl\/#organization\",\"name\":\"Claude Diolosa\",\"url\":\"https:\/\/shop.diolosa.com\/pl\/\",\"logo\":{\"@type\":\"ImageObject\",\"inLanguage\":\"pl-PL\",\"@id\":\"https:\/\/shop.diolosa.com\/pl\/#\/schema\/logo\/image\/\",\"url\":\"https:\/\/shop.diolosa.com\/wp-content\/uploads\/2019\/08\/diolosa-drop-logo-new.png\",\"contentUrl\":\"https:\/\/shop.diolosa.com\/wp-content\/uploads\/2019\/08\/diolosa-drop-logo-new.png\",\"width\":134,\"height\":176,\"caption\":\"Claude Diolosa\"},\"image\":{\"@id\":\"https:\/\/shop.diolosa.com\/pl\/#\/schema\/logo\/image\/\"},\"sameAs\":[\"https:\/\/facebook.com\/claudediolosa\",\"https:\/\/www.instagram.com\/diolosaclaude108\/\"]}]}<\/script>\n<!-- \/ Yoast SEO plugin. -->","yoast_head_json":{"title":"Gui Pi Tang - Claude Diolosa","robots":{"index":"index","follow":"follow","max-snippet":"max-snippet:-1","max-image-preview":"max-image-preview:large","max-video-preview":"max-video-preview:-1"},"canonical":"https:\/\/shop.diolosa.com\/pl\/product\/gui-pi-tang\/","og_locale":"pl_PL","og_type":"article","og_title":"Gui Pi Tang - Claude Diolosa","og_description":"&nbsp; &nbsp; &nbsp; &nbsp; &nbsp; &nbsp;","og_url":"https:\/\/shop.diolosa.com\/pl\/product\/gui-pi-tang\/","og_site_name":"Claude Diolosa","article_publisher":"https:\/\/facebook.com\/claudediolosa","article_modified_time":"2025-05-22T13:59:36+00:00","og_image":[{"width":800,"height":533,"url":"https:\/\/shop.diolosa.com\/wp-content\/uploads\/2022\/08\/magisterformel.jpg","type":"image\/jpeg"}],"twitter_card":"summary_large_image","schema":{"@context":"https:\/\/schema.org","@graph":[{"@type":"WebPage","@id":"https:\/\/shop.diolosa.com\/pl\/product\/gui-pi-tang\/","url":"https:\/\/shop.diolosa.com\/pl\/product\/gui-pi-tang\/","name":"Gui Pi Tang - Claude Diolosa","isPartOf":{"@id":"https:\/\/shop.diolosa.com\/pl\/#website"},"primaryImageOfPage":{"@id":"https:\/\/shop.diolosa.com\/pl\/product\/gui-pi-tang\/#primaryimage"},"image":{"@id":"https:\/\/shop.diolosa.com\/pl\/product\/gui-pi-tang\/#primaryimage"},"thumbnailUrl":"https:\/\/shop.diolosa.com\/wp-content\/uploads\/2022\/08\/magisterformel.jpg","datePublished":"2025-03-10T05:59:39+00:00","dateModified":"2025-05-22T13:59:36+00:00","breadcrumb":{"@id":"https:\/\/shop.diolosa.com\/pl\/product\/gui-pi-tang\/#breadcrumb"},"inLanguage":"pl-PL","potentialAction":[{"@type":"ReadAction","target":["https:\/\/shop.diolosa.com\/pl\/product\/gui-pi-tang\/"]}]},{"@type":"ImageObject","inLanguage":"pl-PL","@id":"https:\/\/shop.diolosa.com\/pl\/product\/gui-pi-tang\/#primaryimage","url":"https:\/\/shop.diolosa.com\/wp-content\/uploads\/2022\/08\/magisterformel.jpg","contentUrl":"https:\/\/shop.diolosa.com\/wp-content\/uploads\/2022\/08\/magisterformel.jpg","width":800,"height":533},{"@type":"BreadcrumbList","@id":"https:\/\/shop.diolosa.com\/pl\/product\/gui-pi-tang\/#breadcrumb","itemListElement":[{"@type":"ListItem","position":1,"name":"Startseite","item":"https:\/\/shop.diolosa.com\/pl\/?page_id=3835710"},{"@type":"ListItem","position":2,"name":"Sklep","item":"https:\/\/shop.diolosa.com\/pl\/?page_id=3835710"},{"@type":"ListItem","position":3,"name":"Gui Pi Tang"}]},{"@type":"WebSite","@id":"https:\/\/shop.diolosa.com\/pl\/#website","url":"https:\/\/shop.diolosa.com\/pl\/","name":"Claude Diolosa","description":"","publisher":{"@id":"https:\/\/shop.diolosa.com\/pl\/#organization"},"potentialAction":[{"@type":"SearchAction","target":{"@type":"EntryPoint","urlTemplate":"https:\/\/shop.diolosa.com\/pl\/?s={search_term_string}"},"query-input":{"@type":"PropertyValueSpecification","valueRequired":true,"valueName":"search_term_string"}}],"inLanguage":"pl-PL"},{"@type":"Organization","@id":"https:\/\/shop.diolosa.com\/pl\/#organization","name":"Claude Diolosa","url":"https:\/\/shop.diolosa.com\/pl\/","logo":{"@type":"ImageObject","inLanguage":"pl-PL","@id":"https:\/\/shop.diolosa.com\/pl\/#\/schema\/logo\/image\/","url":"https:\/\/shop.diolosa.com\/wp-content\/uploads\/2019\/08\/diolosa-drop-logo-new.png","contentUrl":"https:\/\/shop.diolosa.com\/wp-content\/uploads\/2019\/08\/diolosa-drop-logo-new.png","width":134,"height":176,"caption":"Claude Diolosa"},"image":{"@id":"https:\/\/shop.diolosa.com\/pl\/#\/schema\/logo\/image\/"},"sameAs":["https:\/\/facebook.com\/claudediolosa","https:\/\/www.instagram.com\/diolosaclaude108\/"]}]}},"_links":{"self":[{"href":"https:\/\/shop.diolosa.com\/pl\/wp-json\/wp\/v2\/product\/3841526","targetHints":{"allow":["GET"]}}],"collection":[{"href":"https:\/\/shop.diolosa.com\/pl\/wp-json\/wp\/v2\/product"}],"about":[{"href":"https:\/\/shop.diolosa.com\/pl\/wp-json\/wp\/v2\/types\/product"}],"wp:featuredmedia":[{"embeddable":true,"href":"https:\/\/shop.diolosa.com\/pl\/wp-json\/wp\/v2\/media\/3841022"}],"wp:attachment":[{"href":"https:\/\/shop.diolosa.com\/pl\/wp-json\/wp\/v2\/media?parent=3841526"}],"wp:term":[{"taxonomy":"product_brand","embeddable":true,"href":"https:\/\/shop.diolosa.com\/pl\/wp-json\/wp\/v2\/product_brand?post=3841526"},{"taxonomy":"product_cat","embeddable":true,"href":"https:\/\/shop.diolosa.com\/pl\/wp-json\/wp\/v2\/product_cat?post=3841526"},{"taxonomy":"product_tag","embeddable":true,"href":"https:\/\/shop.diolosa.com\/pl\/wp-json\/wp\/v2\/product_tag?post=3841526"}],"curies":[{"name":"wp","href":"https:\/\/api.w.org\/{rel}","templated":true}]}}