{"id":3841529,"date":"2022-08-31T07:01:39","date_gmt":"2025-03-10T05:59:40","guid":{"rendered":"https:\/\/shop.diolosa.com\/product\/du-huo-ji-sheng-tang\/"},"modified":"2025-04-24T20:23:20","modified_gmt":"2025-04-24T19:23:20","slug":"du-huo-ji-sheng-tang","status":"publish","type":"product","link":"https:\/\/shop.diolosa.com\/pl\/product\/du-huo-ji-sheng-tang\/","title":{"rendered":"Du Huo Ji Sheng Tang"},"content":{"rendered":"<p><strong>DU HUO JI SHENG TANG &#8222;Radix Angelicae Pubescentis and Ramulus Sangjisheng Decoction<\/strong>&#8221;<\/p>\n<p>Zio\u0142owe granulki wed\u0142ug tradycyjnej medycyny chi\u0144skiej<\/p>\n<p>Suplement diety<\/p>\n<p>Eliminuje wilgo\u0107<\/p>\n<p>Producent: Apotheke Boznerplatz<\/p>\n<p>100% sprawdzonych sk\u0142adnik\u00f3w wysokiej jako\u015bci<\/p>\n<p>&nbsp;<\/p>\n<p>&nbsp;<\/p>\n<p>&nbsp;<\/p>\n<p>&nbsp;<\/p>\n<p>&nbsp;<\/p>\n<p>&nbsp;<\/p>\n","protected":false},"excerpt":{"rendered":"<p>&nbsp;<\/p>\n<p>&nbsp;<\/p>\n<p>&nbsp;<\/p>\n<p>&nbsp;<\/p>\n<p>&nbsp;<\/p>\n<p>&nbsp;<\/p>\n<p>&nbsp;<\/p>\n","protected":false},"featured_media":3841022,"template":"","meta":{"_acf_changed":false},"product_brand":[],"product_cat":[12155],"product_tag":[12567,12305,12568],"class_list":{"0":"post-3841529","1":"product","2":"type-product","3":"status-publish","4":"has-post-thumbnail","6":"product_cat-wzory-wzorcowe","7":"product_tag-feng-shi-han-pl","8":"product_tag-reumatyzm","9":"product_tag-zespol-bi","11":"first","12":"instock","13":"taxable","14":"shipping-taxable","15":"purchasable","16":"product-type-simple"},"acf":{"yn_product_audio":"https:\/\/shop.diolosa.com\/wp-content\/uploads\/2022\/10\/DL-DuHuojishengtang.m4a","yn_product_video":"https:\/\/shop.diolosa.com\/wp-content\/uploads\/2025\/04\/Du-Huo-Ji-Sheng-Tang.mp4","yn_product_akupunktur":"<p><b>Do leczenia reumatyzmu wiatrowego &#8211; Feng Bi<span class=\"Apple-converted-space\"> <\/span><\/b><\/p>\n<p>&#8211; P\u0119cherz moczowy\/Bladder-12 \u98a8\u9580 f\u0113ng m\u00e9n, P\u0142uca\/Lung-7 v\u5217\u7f3a li\u00e8 qu\u0113, San Jiao\/San Chiao-5 \u5916\u95dc w\u00e0i gu\u0101n (yang wei mai, luo). Woreczek \u017c\u00f3\u0142ciowy\/p\u0119cherzyk \u017c\u00f3\u0142ciowy-20 \u98a8\u6c60 f\u0113ng ch\u00ed. xie fa &#8211; p\u0119cherz\/p\u0119cherz-17 \u8188\u4fde g\u00e9 sh\u016b bu fa  <\/p>\n<p><b>Do leczenia mokrego reumatyzmu &#8211; Shi Bi<span class=\"Apple-converted-space\"> <\/span><\/b><\/p>\n<p>\u015aledziona\/\u015bledziona-9 \u9670\u9675\u6cc9 y\u012bn l\u00edng q\u00faan., \u015aledziona\/\u015bledziona-6 \u4e09\u9670\u4ea4 s\u0101n y\u012bn ji\u0101o., Ren-9 \u6c34\u5206 shu\u01d0 f\u0113n, W\u0105troba\/ w\u0105troba-4 \u4e2d\u5c01 zh\u014dng f\u0113ng, \u017bo\u0142\u0105dek\/\u017co\u0142\u0105dek-40 \u8c50\u9686 f\u0113ng l\u00f3ng, P\u0119cherzyk \u017c\u00f3\u0142ciowy\/p\u0119cherzyk \u017c\u00f3\u0142ciowy-34 \u967d\u9675\u6cc9 y\u00e1ng l\u00edng qu\u00e1n&#8230;, Bladder\/Bladder-22 \u4e09\u7126\u4fdes\u0101n ji\u0101o sh\u016b xie fa Bladder\/Bladder-20 \u813e\u4fde p\u00ed sh\u016b. bu fa<\/p>\n<p><b>Do leczenia zimnego reumatyzmu &#8211; Han Bi &#8211; z moks\u0105  <\/b><\/p>\n<p>Ren-4 \u95dc\u5143 gu\u0101n yu\u00e1n, Ren-6 \u6c23\u6d77 q\u00ec h\u01cei, Bladder\/Blase-23 \u814e\u4fde sh\u00e8n sh\u016bblase 23 &#8211; shen shu &#8211; bu fa<span class=\"Apple-converted-space\">, Du-4 \u547d\u9580 m\u00ecng m\u00e9n.bu fa &#8211; moxa<\/span><\/p>\n<p>\u00a0<\/p>\n","yn_product_verabreichungsart":"Peletki 200 szt.","yn_product_dosierung":"<p>Przyjmowa\u0107 3 x 3 do 6 tabletek dziennie, popijaj\u0105c wod\u0105.<\/p>\n<p>\u00a0<\/p>\n","yn_product_combinations":"<p>ZIMNY \u0141ATWY RUCH (Feng Han Shi Bi), HERBATA \u0141ATWY RUCH (reumatyzm &#8211; Feng Han Shi Bi), FILAR ZIEMI (przewlek\u0142y reumatyzm)<\/p>\n<p>\u00a0<\/p>\n","yn_product_avoidable":"<p>Wszystkie pokarmy, kt\u00f3re wytwarzaj\u0105 wewn\u0119trzn\u0105 zimn\u0105 wilgo\u0107, s\u0105 zabronione podczas terapii. Konieczne jest spo\u017cywanie ciep\u0142ych napoj\u00f3w i jedzenia, kt\u00f3re zosta\u0142o ugotowane lub przygotowane z aromatycznymi przyprawami. Nie nale\u017cy r\u00f3wnie\u017c pi\u0107 podczas jedzenia, ale przed lub po posi\u0142kach i zawsze ciep\u0142e napoje.  <\/p>\n<p>Sa\u0142ata li\u015bciasta, endywia, cykoria, karczochy, kie\u0142ki fasoli, tofu, mleko sojowe, mleko ry\u017cowe, herbata zielona, herbata czarna, herbata zielona, kawa, cappuccino, latte, cukier, produkty mleczne, mleko krowie, ser \u015bmietankowy, jogurt, owoce egzotyczne, banan, mango, gruszka, jab\u0142ko, kompot owocowy, ciasta, herbatniki, czekolada, napoje s\u0142odzone, Fanta, Coca Cola, \u017cywno\u015b\u0107 ch\u0142odzona energi\u0105, napoje zimne i mro\u017cone, lody, \u017cywno\u015b\u0107 mro\u017cona, kuchenka mikrofalowa.<\/p>\n<p>\u00a0<\/p>\n","yn_product_tcm_mindmapping":"<p><strong>Feng Han Shi<\/strong> > Zesp\u00f3\u0142 Bi > Zast\u00f3j krwi i Qi > B\u00f3l &#8211; Tong > Niedob\u00f3r krwi i Qi > Niedob\u00f3r Yin<\/p>\n<p>\u00a0<\/p>\n","yn_product_tongue_body":"<p>Niski, s\u0142aby, blady, wilgotny<\/p>\n<p>\u00a0<\/p>\n","yn_product_tongue_coating":"<p>Cienki, bia\u0142y, wilgo\u0107<\/p>\n<p>\u00a0<\/p>\n","yn_product_pulse_diagnostics":"<p>Chen Mai &#8211; G\u0142\u0119boki puls, Jin Mai &#8211; Mocny puls, Chi Mai &#8211; Powolny puls, Xu Mai &#8211; Pusty puls lub Ruo Mai &#8211; S\u0142aby puls lub Chen Mai &#8211; G\u0142\u0119boki puls, Xi Mai &#8211; Nitkowaty puls, Duan Mai &#8211; Kr\u00f3tki puls, Xu Mai &#8211; Pusty puls, Chi Mai &#8211; Powolny puls.<\/p>\n","yn_product_indications":"<p>Reumatyzm w podesz\u0142ym wieku, b\u00f3l staw\u00f3w, b\u00f3l podczas chodzenia Niemo\u017cno\u015b\u0107 poruszania si\u0119, parestezje, niech\u0119\u0107 do zimna Ko\u0142atanie serca<br \/>\nNasilenie w nocy<br \/>\nBlada cera, duszno\u015b\u0107, szum w uszach, skurcze mi\u0119\u015bni, zawroty g\u0142owy<\/p>\n<p>\u00a0<\/p>\n","yn_product_contra_indications":"<p>Re Syndrom Bi<\/p>\n<p>\u00a0<\/p>\n","yn_product_pregnancy":"<p>Dozwolone<\/p>\n<p>\u00a0<\/p>\n","yn_product_herbs":"<p>\u00a0<\/p>\n<p>\u00a0<\/p>\n","yn_product_magisterrecipes":"<p>Du Huo \u72ec\u6d3b (Radix Angelicae Pubescentis) (9%)<\/p>\n<p>Yan Hu Suo \u5ef6\u80e1\u7d22 (Rhizoma Corydalis) (6,5%)<\/p>\n<p>Fang Feng \u9632\u98a8, Radix Saposhnikoviae, Divaricate Saposhnikovia Root.(6,5%)<\/p>\n<p>Qin Jiao \u79e6\u827d (Radix Gentianae Macrophyllae) (6,5%)<\/p>\n<p>Sang Ji Sheng \u6851\u5bc4\u751f (Herba Taxilli) (6,5%)<\/p>\n<p>Du Zhong \u675c\u4ef2 (Cortex Eucommiae) (6,5%)<\/p>\n<p>Huai Niu Xi \u725b\u819d (Radix Achyranthis Bidentatae) (6,5%)<\/p>\n<p>Rou Gui \u8089\u6842 (Cortex Cinnamomi) (6,5%)<\/p>\n<p>Dang Gui Wei \u5f53\u5f52 (Radix Angelicae Sinensis par caudensis radix) (6,5%)<\/p>\n<p>Chuan Xiong \u5ddd\u828e (Rhizoma Chuanxiong)<br \/>\n(6,5%)<\/p>\n<p>Shu Di Huang \u719f\u5730\u9ec4 \u719f\u5730 (Radix Rehmanniae Preparata) (6,5%)<\/p>\n<p>Bai Shao Yao \u767d\u828d (Radix Paeoniae Alba) (6,5%)<\/p>\n<p>Ren Shen \u4eba\u53c2 (Radix Ginseng) (6,5%)<\/p>\n<p>Bai Fu Ling \u832f\u82d3 (Poria Alba) (6,5%)<\/p>\n<p>Zhi Gan Cao \u7518\u8349 (Radix Glycyrrhizae cum Liquido Fricta) (6,5%)<\/p>\n<p>\u00a0<\/p>\n"},"yoast_head":"<!-- This site is optimized with the Yoast SEO plugin v24.9 - https:\/\/yoast.com\/wordpress\/plugins\/seo\/ -->\n<title>Du Huo Ji Sheng Tang - Claude Diolosa<\/title>\n<meta name=\"robots\" content=\"index, follow, max-snippet:-1, max-image-preview:large, max-video-preview:-1\" \/>\n<link rel=\"canonical\" href=\"https:\/\/shop.diolosa.com\/pl\/product\/du-huo-ji-sheng-tang\/\" \/>\n<meta property=\"og:locale\" content=\"pl_PL\" \/>\n<meta property=\"og:type\" content=\"article\" \/>\n<meta property=\"og:title\" content=\"Du Huo Ji Sheng Tang - Claude Diolosa\" \/>\n<meta property=\"og:description\" content=\"&nbsp; &nbsp; &nbsp; &nbsp; &nbsp; &nbsp; &nbsp;\" \/>\n<meta property=\"og:url\" content=\"https:\/\/shop.diolosa.com\/pl\/product\/du-huo-ji-sheng-tang\/\" \/>\n<meta property=\"og:site_name\" content=\"Claude Diolosa\" \/>\n<meta property=\"article:publisher\" content=\"https:\/\/facebook.com\/claudediolosa\" \/>\n<meta property=\"article:modified_time\" content=\"2025-04-24T19:23:20+00:00\" \/>\n<meta property=\"og:image\" content=\"https:\/\/shop.diolosa.com\/wp-content\/uploads\/2022\/08\/magisterformel.jpg\" \/>\n\t<meta property=\"og:image:width\" content=\"800\" \/>\n\t<meta property=\"og:image:height\" content=\"533\" \/>\n\t<meta property=\"og:image:type\" content=\"image\/jpeg\" \/>\n<meta name=\"twitter:card\" content=\"summary_large_image\" \/>\n<script type=\"application\/ld+json\" class=\"yoast-schema-graph\">{\"@context\":\"https:\/\/schema.org\",\"@graph\":[{\"@type\":\"WebPage\",\"@id\":\"https:\/\/shop.diolosa.com\/pl\/product\/du-huo-ji-sheng-tang\/\",\"url\":\"https:\/\/shop.diolosa.com\/pl\/product\/du-huo-ji-sheng-tang\/\",\"name\":\"Du Huo Ji Sheng Tang - Claude Diolosa\",\"isPartOf\":{\"@id\":\"https:\/\/shop.diolosa.com\/pl\/#website\"},\"primaryImageOfPage\":{\"@id\":\"https:\/\/shop.diolosa.com\/pl\/product\/du-huo-ji-sheng-tang\/#primaryimage\"},\"image\":{\"@id\":\"https:\/\/shop.diolosa.com\/pl\/product\/du-huo-ji-sheng-tang\/#primaryimage\"},\"thumbnailUrl\":\"https:\/\/shop.diolosa.com\/wp-content\/uploads\/2022\/08\/magisterformel.jpg\",\"datePublished\":\"2025-03-10T05:59:40+00:00\",\"dateModified\":\"2025-04-24T19:23:20+00:00\",\"breadcrumb\":{\"@id\":\"https:\/\/shop.diolosa.com\/pl\/product\/du-huo-ji-sheng-tang\/#breadcrumb\"},\"inLanguage\":\"pl-PL\",\"potentialAction\":[{\"@type\":\"ReadAction\",\"target\":[\"https:\/\/shop.diolosa.com\/pl\/product\/du-huo-ji-sheng-tang\/\"]}]},{\"@type\":\"ImageObject\",\"inLanguage\":\"pl-PL\",\"@id\":\"https:\/\/shop.diolosa.com\/pl\/product\/du-huo-ji-sheng-tang\/#primaryimage\",\"url\":\"https:\/\/shop.diolosa.com\/wp-content\/uploads\/2022\/08\/magisterformel.jpg\",\"contentUrl\":\"https:\/\/shop.diolosa.com\/wp-content\/uploads\/2022\/08\/magisterformel.jpg\",\"width\":800,\"height\":533},{\"@type\":\"BreadcrumbList\",\"@id\":\"https:\/\/shop.diolosa.com\/pl\/product\/du-huo-ji-sheng-tang\/#breadcrumb\",\"itemListElement\":[{\"@type\":\"ListItem\",\"position\":1,\"name\":\"Startseite\",\"item\":\"https:\/\/shop.diolosa.com\/pl\/?page_id=3835710\"},{\"@type\":\"ListItem\",\"position\":2,\"name\":\"Sklep\",\"item\":\"https:\/\/shop.diolosa.com\/pl\/?page_id=3835710\"},{\"@type\":\"ListItem\",\"position\":3,\"name\":\"Du Huo Ji Sheng Tang\"}]},{\"@type\":\"WebSite\",\"@id\":\"https:\/\/shop.diolosa.com\/pl\/#website\",\"url\":\"https:\/\/shop.diolosa.com\/pl\/\",\"name\":\"Claude Diolosa\",\"description\":\"\",\"publisher\":{\"@id\":\"https:\/\/shop.diolosa.com\/pl\/#organization\"},\"potentialAction\":[{\"@type\":\"SearchAction\",\"target\":{\"@type\":\"EntryPoint\",\"urlTemplate\":\"https:\/\/shop.diolosa.com\/pl\/?s={search_term_string}\"},\"query-input\":{\"@type\":\"PropertyValueSpecification\",\"valueRequired\":true,\"valueName\":\"search_term_string\"}}],\"inLanguage\":\"pl-PL\"},{\"@type\":\"Organization\",\"@id\":\"https:\/\/shop.diolosa.com\/pl\/#organization\",\"name\":\"Claude Diolosa\",\"url\":\"https:\/\/shop.diolosa.com\/pl\/\",\"logo\":{\"@type\":\"ImageObject\",\"inLanguage\":\"pl-PL\",\"@id\":\"https:\/\/shop.diolosa.com\/pl\/#\/schema\/logo\/image\/\",\"url\":\"https:\/\/shop.diolosa.com\/wp-content\/uploads\/2019\/08\/diolosa-drop-logo-new.png\",\"contentUrl\":\"https:\/\/shop.diolosa.com\/wp-content\/uploads\/2019\/08\/diolosa-drop-logo-new.png\",\"width\":134,\"height\":176,\"caption\":\"Claude Diolosa\"},\"image\":{\"@id\":\"https:\/\/shop.diolosa.com\/pl\/#\/schema\/logo\/image\/\"},\"sameAs\":[\"https:\/\/facebook.com\/claudediolosa\",\"https:\/\/www.instagram.com\/diolosaclaude108\/\"]}]}<\/script>\n<!-- \/ Yoast SEO plugin. -->","yoast_head_json":{"title":"Du Huo Ji Sheng Tang - Claude Diolosa","robots":{"index":"index","follow":"follow","max-snippet":"max-snippet:-1","max-image-preview":"max-image-preview:large","max-video-preview":"max-video-preview:-1"},"canonical":"https:\/\/shop.diolosa.com\/pl\/product\/du-huo-ji-sheng-tang\/","og_locale":"pl_PL","og_type":"article","og_title":"Du Huo Ji Sheng Tang - Claude Diolosa","og_description":"&nbsp; &nbsp; &nbsp; &nbsp; &nbsp; &nbsp; &nbsp;","og_url":"https:\/\/shop.diolosa.com\/pl\/product\/du-huo-ji-sheng-tang\/","og_site_name":"Claude Diolosa","article_publisher":"https:\/\/facebook.com\/claudediolosa","article_modified_time":"2025-04-24T19:23:20+00:00","og_image":[{"width":800,"height":533,"url":"https:\/\/shop.diolosa.com\/wp-content\/uploads\/2022\/08\/magisterformel.jpg","type":"image\/jpeg"}],"twitter_card":"summary_large_image","schema":{"@context":"https:\/\/schema.org","@graph":[{"@type":"WebPage","@id":"https:\/\/shop.diolosa.com\/pl\/product\/du-huo-ji-sheng-tang\/","url":"https:\/\/shop.diolosa.com\/pl\/product\/du-huo-ji-sheng-tang\/","name":"Du Huo Ji Sheng Tang - Claude Diolosa","isPartOf":{"@id":"https:\/\/shop.diolosa.com\/pl\/#website"},"primaryImageOfPage":{"@id":"https:\/\/shop.diolosa.com\/pl\/product\/du-huo-ji-sheng-tang\/#primaryimage"},"image":{"@id":"https:\/\/shop.diolosa.com\/pl\/product\/du-huo-ji-sheng-tang\/#primaryimage"},"thumbnailUrl":"https:\/\/shop.diolosa.com\/wp-content\/uploads\/2022\/08\/magisterformel.jpg","datePublished":"2025-03-10T05:59:40+00:00","dateModified":"2025-04-24T19:23:20+00:00","breadcrumb":{"@id":"https:\/\/shop.diolosa.com\/pl\/product\/du-huo-ji-sheng-tang\/#breadcrumb"},"inLanguage":"pl-PL","potentialAction":[{"@type":"ReadAction","target":["https:\/\/shop.diolosa.com\/pl\/product\/du-huo-ji-sheng-tang\/"]}]},{"@type":"ImageObject","inLanguage":"pl-PL","@id":"https:\/\/shop.diolosa.com\/pl\/product\/du-huo-ji-sheng-tang\/#primaryimage","url":"https:\/\/shop.diolosa.com\/wp-content\/uploads\/2022\/08\/magisterformel.jpg","contentUrl":"https:\/\/shop.diolosa.com\/wp-content\/uploads\/2022\/08\/magisterformel.jpg","width":800,"height":533},{"@type":"BreadcrumbList","@id":"https:\/\/shop.diolosa.com\/pl\/product\/du-huo-ji-sheng-tang\/#breadcrumb","itemListElement":[{"@type":"ListItem","position":1,"name":"Startseite","item":"https:\/\/shop.diolosa.com\/pl\/?page_id=3835710"},{"@type":"ListItem","position":2,"name":"Sklep","item":"https:\/\/shop.diolosa.com\/pl\/?page_id=3835710"},{"@type":"ListItem","position":3,"name":"Du Huo Ji Sheng Tang"}]},{"@type":"WebSite","@id":"https:\/\/shop.diolosa.com\/pl\/#website","url":"https:\/\/shop.diolosa.com\/pl\/","name":"Claude Diolosa","description":"","publisher":{"@id":"https:\/\/shop.diolosa.com\/pl\/#organization"},"potentialAction":[{"@type":"SearchAction","target":{"@type":"EntryPoint","urlTemplate":"https:\/\/shop.diolosa.com\/pl\/?s={search_term_string}"},"query-input":{"@type":"PropertyValueSpecification","valueRequired":true,"valueName":"search_term_string"}}],"inLanguage":"pl-PL"},{"@type":"Organization","@id":"https:\/\/shop.diolosa.com\/pl\/#organization","name":"Claude Diolosa","url":"https:\/\/shop.diolosa.com\/pl\/","logo":{"@type":"ImageObject","inLanguage":"pl-PL","@id":"https:\/\/shop.diolosa.com\/pl\/#\/schema\/logo\/image\/","url":"https:\/\/shop.diolosa.com\/wp-content\/uploads\/2019\/08\/diolosa-drop-logo-new.png","contentUrl":"https:\/\/shop.diolosa.com\/wp-content\/uploads\/2019\/08\/diolosa-drop-logo-new.png","width":134,"height":176,"caption":"Claude Diolosa"},"image":{"@id":"https:\/\/shop.diolosa.com\/pl\/#\/schema\/logo\/image\/"},"sameAs":["https:\/\/facebook.com\/claudediolosa","https:\/\/www.instagram.com\/diolosaclaude108\/"]}]}},"_links":{"self":[{"href":"https:\/\/shop.diolosa.com\/pl\/wp-json\/wp\/v2\/product\/3841529","targetHints":{"allow":["GET"]}}],"collection":[{"href":"https:\/\/shop.diolosa.com\/pl\/wp-json\/wp\/v2\/product"}],"about":[{"href":"https:\/\/shop.diolosa.com\/pl\/wp-json\/wp\/v2\/types\/product"}],"wp:featuredmedia":[{"embeddable":true,"href":"https:\/\/shop.diolosa.com\/pl\/wp-json\/wp\/v2\/media\/3841022"}],"wp:attachment":[{"href":"https:\/\/shop.diolosa.com\/pl\/wp-json\/wp\/v2\/media?parent=3841529"}],"wp:term":[{"taxonomy":"product_brand","embeddable":true,"href":"https:\/\/shop.diolosa.com\/pl\/wp-json\/wp\/v2\/product_brand?post=3841529"},{"taxonomy":"product_cat","embeddable":true,"href":"https:\/\/shop.diolosa.com\/pl\/wp-json\/wp\/v2\/product_cat?post=3841529"},{"taxonomy":"product_tag","embeddable":true,"href":"https:\/\/shop.diolosa.com\/pl\/wp-json\/wp\/v2\/product_tag?post=3841529"}],"curies":[{"name":"wp","href":"https:\/\/api.w.org\/{rel}","templated":true}]}}